

{"id":3,"date":"2025-10-13T08:13:32","date_gmt":"2025-10-13T08:13:32","guid":{"rendered":"https:\/\/vapemaison.com\/?page_id=3"},"modified":"2026-01-19T05:58:38","modified_gmt":"2026-01-19T05:58:38","slug":"zasady-ochrany-osobnich-udaju","status":"publish","type":"page","link":"https:\/\/vapemaison.com\/cs\/privacy-policy\/","title":{"rendered":"Z\u00e1sady ochrany osobn\u00edch \u00fadaj\u016f"},"content":{"rendered":"<div data-elementor-type=\"wp-page\" data-elementor-id=\"3\" class=\"elementor elementor-3\">\n\t\t\t\t<div class=\"elementor-element elementor-element-65908c49 e-flex e-con-boxed e-con e-parent\" data-id=\"65908c49\" data-element_type=\"container\" data-e-type=\"container\">\n\t\t\t\t\t<div class=\"e-con-inner\">\n\t\t\t\t<div class=\"elementor-element elementor-element-2055602b elementor-widget elementor-widget-text-editor\" data-id=\"2055602b\" data-element_type=\"widget\" data-e-type=\"widget\" data-widget_type=\"text-editor.default\">\n\t\t\t\t\t\t\t\t\t<p data-start=\"316\" data-end=\"358\"><strong data-start=\"316\" data-end=\"358\">Posledn\u00ed aktualizace: 2026-01-19<\/strong><\/p><p data-start=\"360\" data-end=\"704\">Spole\u010dnost VapeMaison (d\u00e1le jen \u201cmy\u201d, \u201cna\u0161e\u201d nebo \u201cVapeMaison\u201d) se zavazuje chr\u00e1nit va\u0161e osobn\u00ed \u00fadaje a respektovat va\u0161e soukrom\u00ed. Tyto Z\u00e1sady ochrany osobn\u00edch \u00fadaj\u016f (d\u00e1le jen \u201cZ\u00e1sady\u201d) vysv\u011btluj\u00ed, jak shroma\u017e\u010fujeme, pou\u017e\u00edv\u00e1me, uchov\u00e1v\u00e1me a chr\u00e1n\u00edme va\u0161e osobn\u00ed \u00fadaje p\u0159i p\u0159\u00edstupu na na\u0161e webov\u00e9 str\u00e1nky nebo p\u0159i jejich pou\u017e\u00edv\u00e1n\u00ed. <strong data-start=\"644\" data-end=\"666\"><a class=\"decorated-link\" href=\"http:\/\/www.vapemaison.com\" target=\"_new\" rel=\"noopener\" data-start=\"646\" data-end=\"664\">www.vapemaison.com<\/a><\/strong> (d\u00e1le jen \u201cwebov\u00e9 str\u00e1nky\u201d) a souvisej\u00edc\u00ed slu\u017eby.<\/p><p data-start=\"706\" data-end=\"850\">Tyto z\u00e1sady se vztahuj\u00ed na v\u0161echny osobn\u00ed \u00fadaje shrom\u00e1\u017ed\u011bn\u00e9 prost\u0159ednictv\u00edm webov\u00fdch str\u00e1nek, komunikaci s n\u00e1mi a transakce proveden\u00e9 na VapeMaison.<\/p><h2 data-start=\"857\" data-end=\"885\">1. Informace, kter\u00e9 shroma\u017e\u010fujeme<\/h2><p data-start=\"887\" data-end=\"963\">M\u016f\u017eeme shroma\u017e\u010fovat a zpracov\u00e1vat n\u00e1sleduj\u00edc\u00ed kategorie osobn\u00edch \u00fadaj\u016f:<\/p><h3 data-start=\"965\" data-end=\"1005\">1.1 V\u00e1mi poskytnut\u00e9 osobn\u00ed \u00fadaje<\/h3><ul data-start=\"1006\" data-end=\"1115\"><li data-start=\"1006\" data-end=\"1014\"><p data-start=\"1008\" data-end=\"1014\">N\u00e1zev<\/p><\/li><li data-start=\"1015\" data-end=\"1032\"><p data-start=\"1017\" data-end=\"1032\">E-mailov\u00e1 adresa<\/p><\/li><li data-start=\"1033\" data-end=\"1049\"><p data-start=\"1035\" data-end=\"1049\">Telefonn\u00ed \u010d\u00edslo<\/p><\/li><li data-start=\"1050\" data-end=\"1082\"><p data-start=\"1052\" data-end=\"1082\">Faktura\u010dn\u00ed a dodac\u00ed adresa<\/p><\/li><li data-start=\"1083\" data-end=\"1115\"><p data-start=\"1085\" data-end=\"1115\">Registra\u010dn\u00ed \u00fadaje \u00fa\u010dtu<\/p><\/li><\/ul><h3 data-start=\"1117\" data-end=\"1158\">1.2 Informace o objedn\u00e1vk\u00e1ch a transakc\u00edch<\/h3><ul data-start=\"1159\" data-end=\"1287\"><li data-start=\"1159\" data-end=\"1181\"><p data-start=\"1161\" data-end=\"1181\">Zakoupen\u00e9 produkty<\/p><\/li><li data-start=\"1182\" data-end=\"1199\"><p data-start=\"1184\" data-end=\"1199\">Historie objedn\u00e1vek<\/p><\/li><li data-start=\"1200\" data-end=\"1241\"><p data-start=\"1202\" data-end=\"1241\">P\u0159epravn\u00ed \u00fadaje a dodac\u00ed adresa<\/p><\/li><li data-start=\"1242\" data-end=\"1287\"><p data-start=\"1244\" data-end=\"1287\">Stav platby a odkazy na transakce<\/p><\/li><\/ul><blockquote data-start=\"1289\" data-end=\"1451\"><p data-start=\"1291\" data-end=\"1451\"><strong data-start=\"1291\" data-end=\"1305\">D\u016fle\u017eit\u00e9:<\/strong> D\u011bl\u00e1me <strong data-start=\"1312\" data-end=\"1319\">ne<\/strong> ukl\u00e1dat cel\u00e1 \u010d\u00edsla platebn\u00edch karet nebo citliv\u00e9 platebn\u00ed \u00fadaje. Platby jsou bezpe\u010dn\u011b zpracov\u00e1v\u00e1ny poskytovateli plateb t\u0159et\u00edch stran.<\/p><\/blockquote><h3 data-start=\"1453\" data-end=\"1501\">1.3 Ov\u011b\u0159ov\u00e1n\u00ed a technick\u00e9 informace<\/h3><ul data-start=\"1502\" data-end=\"1598\"><li data-start=\"1502\" data-end=\"1516\"><p data-start=\"1504\" data-end=\"1516\">IP adresa<\/p><\/li><li data-start=\"1517\" data-end=\"1558\"><p data-start=\"1519\" data-end=\"1558\">P\u0159ihla\u0161ovac\u00ed \u00fadaje k \u00fa\u010dtu (\u0161ifrovan\u00e9)<\/p><\/li><li data-start=\"1559\" data-end=\"1598\"><p data-start=\"1561\" data-end=\"1598\">Typ za\u0159\u00edzen\u00ed a informace o prohl\u00ed\u017ee\u010di<\/p><\/li><\/ul><h3 data-start=\"1600\" data-end=\"1643\">1.4 Automaticky shroma\u017e\u010fovan\u00e9 informace<\/h3><ul data-start=\"1644\" data-end=\"1761\"><li data-start=\"1644\" data-end=\"1683\"><p data-start=\"1646\" data-end=\"1683\">Nav\u0161t\u00edven\u00e9 str\u00e1nky a chov\u00e1n\u00ed p\u0159i prohl\u00ed\u017een\u00ed<\/p><\/li><li data-start=\"1684\" data-end=\"1719\"><p data-start=\"1686\" data-end=\"1719\">\u010casy p\u0159\u00edstupu a odkazuj\u00edc\u00ed adresy URL<\/p><\/li><li data-start=\"1720\" data-end=\"1761\"><p data-start=\"1722\" data-end=\"1761\">Opera\u010dn\u00ed syst\u00e9m a jazyk prohl\u00ed\u017ee\u010de<\/p><\/li><\/ul><h2 data-start=\"1768\" data-end=\"1800\">2. Jak shroma\u017e\u010fujeme informace<\/h2><p data-start=\"1802\" data-end=\"1864\">Osobn\u00ed \u00fadaje shroma\u017e\u010fujeme n\u00e1sleduj\u00edc\u00edmi zp\u016fsoby:<\/p><ul data-start=\"1866\" data-end=\"2267\"><li data-start=\"1866\" data-end=\"2010\"><p data-start=\"1868\" data-end=\"2010\"><strong data-start=\"1868\" data-end=\"1892\">P\u0159\u00edm\u00e9 interakce:<\/strong> Kdy\u017e si vytvo\u0159\u00edte \u00fa\u010det, zad\u00e1te objedn\u00e1vku, kontaktujete z\u00e1kaznickou podporu, p\u0159ihl\u00e1s\u00edte se k odb\u011bru sd\u011blen\u00ed nebo vypln\u00edte formul\u00e1\u0159e.<\/p><\/li><li data-start=\"2011\" data-end=\"2132\"><p data-start=\"2013\" data-end=\"2132\"><strong data-start=\"2013\" data-end=\"2040\">Automatizovan\u00e9 technologie:<\/strong> Prost\u0159ednictv\u00edm soubor\u016f cookie, protokol\u016f serveru, pixel\u016f a podobn\u00fdch technologi\u00ed p\u0159i proch\u00e1zen\u00ed webov\u00fdch str\u00e1nek.<\/p><\/li><li data-start=\"2133\" data-end=\"2267\"><p data-start=\"2135\" data-end=\"2267\"><strong data-start=\"2135\" data-end=\"2153\">T\u0159et\u00ed strany:<\/strong> od zpracovatel\u016f plateb, logistick\u00fdch partner\u016f nebo platforem soci\u00e1ln\u00edch m\u00e9di\u00ed, kdy\u017e interagujete s na\u0161\u00edm obsahem nebo reklamami.<\/p><\/li><\/ul><h2 data-start=\"2274\" data-end=\"2307\">3. Jak pou\u017e\u00edv\u00e1me va\u0161e informace<\/h2><p data-start=\"2309\" data-end=\"2386\">Va\u0161e osobn\u00ed \u00fadaje pou\u017e\u00edv\u00e1me pro legitimn\u00ed obchodn\u00ed \u00fa\u010dely, v\u010detn\u011b:<\/p><ul data-start=\"2388\" data-end=\"2853\"><li data-start=\"2388\" data-end=\"2489\"><p data-start=\"2390\" data-end=\"2489\">Zpracov\u00e1n\u00ed a vy\u0159izov\u00e1n\u00ed va\u0161ich objedn\u00e1vek (v\u010detn\u011b kontroly dodac\u00edch adres a \u00fadaj\u016f o doru\u010den\u00ed).<\/p><\/li><li data-start=\"2490\" data-end=\"2546\"><p data-start=\"2492\" data-end=\"2546\">Poskytov\u00e1n\u00ed slu\u017eeb z\u00e1kazn\u00edk\u016fm a odpov\u00edd\u00e1n\u00ed na dotazy.<\/p><\/li><li data-start=\"2547\" data-end=\"2589\"><p data-start=\"2549\" data-end=\"2589\">Spr\u00e1va \u00fa\u010dt\u016f a ov\u011b\u0159ov\u00e1n\u00ed toto\u017enosti<\/p><\/li><li data-start=\"2590\" data-end=\"2661\"><p data-start=\"2592\" data-end=\"2661\">Zlep\u0161ov\u00e1n\u00ed v\u00fdkonu webov\u00fdch str\u00e1nek, u\u017eivatelsk\u00fdch zku\u0161enost\u00ed a nab\u00eddky produkt\u016f<\/p><\/li><li data-start=\"2662\" data-end=\"2758\"><p data-start=\"2664\" data-end=\"2758\">zas\u00edl\u00e1n\u00ed ozn\u00e1men\u00ed, aktualizac\u00ed a propaga\u010dn\u00edch sd\u011blen\u00ed souvisej\u00edc\u00edch s objedn\u00e1vkou (pokud je to povoleno).<\/p><\/li><li data-start=\"2759\" data-end=\"2803\"><p data-start=\"2761\" data-end=\"2803\">Odhalov\u00e1n\u00ed podvod\u016f, zneu\u017eit\u00ed nebo bezpe\u010dnostn\u00edch probl\u00e9m\u016f.<\/p><\/li><li data-start=\"2804\" data-end=\"2853\"><p data-start=\"2806\" data-end=\"2853\">Dodr\u017eov\u00e1n\u00ed z\u00e1konn\u00fdch a regula\u010dn\u00edch povinnost\u00ed<\/p><\/li><\/ul><h2 data-start=\"2860\" data-end=\"2899\">4. Soubory cookie a sledovac\u00ed technologie<\/h2><p data-start=\"2901\" data-end=\"3016\">Pou\u017e\u00edv\u00e1me soubory cookie a podobn\u00e9 technologie, abychom zlep\u0161ili v\u00e1\u0161 z\u00e1\u017eitek z prohl\u00ed\u017een\u00ed a pochopili, jak jsou na\u0161e webov\u00e9 str\u00e1nky pou\u017e\u00edv\u00e1ny.<\/p><h3 data-start=\"3018\" data-end=\"3049\">4.1 Typy soubor\u016f cookie, kter\u00e9 pou\u017e\u00edv\u00e1me<\/h3><ul data-start=\"3050\" data-end=\"3436\"><li data-start=\"3050\" data-end=\"3151\"><p data-start=\"3052\" data-end=\"3151\"><strong data-start=\"3052\" data-end=\"3074\">Z\u00e1kladn\u00ed soubory cookie:<\/strong> Vy\u017eadov\u00e1no pro z\u00e1kladn\u00ed funkce webov\u00fdch str\u00e1nek, jako je p\u0159ihl\u00e1\u0161en\u00ed k \u00fa\u010dtu a pokladna.<\/p><\/li><li data-start=\"3152\" data-end=\"3259\"><p data-start=\"3154\" data-end=\"3259\"><strong data-start=\"3154\" data-end=\"3190\">V\u00fdkonnostn\u00ed a analytick\u00e9 soubory cookie:<\/strong> Pomozte n\u00e1m pochopit vzorce provozu a zlep\u0161it v\u00fdkon webov\u00fdch str\u00e1nek.<\/p><\/li><li data-start=\"3260\" data-end=\"3334\"><p data-start=\"3262\" data-end=\"3334\"><strong data-start=\"3262\" data-end=\"3285\">Funk\u010dn\u00ed soubory cookie:<\/strong> Pamatujte si preference, jako je jazyk nebo region.<\/p><\/li><li data-start=\"3335\" data-end=\"3436\"><p data-start=\"3337\" data-end=\"3436\"><strong data-start=\"3337\" data-end=\"3359\">Marketingov\u00e9 soubory cookie:<\/strong> Slou\u017e\u00ed k zobrazov\u00e1n\u00ed relevantn\u00edch reklam a m\u011b\u0159en\u00ed \u00fa\u010dinnosti marketingu.<\/p><\/li><\/ul><h3 data-start=\"3438\" data-end=\"3462\">4.2 Spr\u00e1va soubor\u016f cookie<\/h3><p data-start=\"3463\" data-end=\"3615\">Soubory cookie m\u016f\u017eete spravovat nebo zak\u00e1zat v nastaven\u00ed prohl\u00ed\u017ee\u010de. Vezm\u011bte pros\u00edm na v\u011bdom\u00ed, \u017ee zak\u00e1z\u00e1n\u00ed n\u011bkter\u00fdch soubor\u016f cookie m\u016f\u017ee ovlivnit funk\u010dnost webov\u00fdch str\u00e1nek.<\/p><h2 data-start=\"3622\" data-end=\"3665\">5. Zve\u0159ej\u0148ov\u00e1n\u00ed a sd\u00edlen\u00ed informac\u00ed<\/h2><p data-start=\"3667\" data-end=\"3774\">D\u011bl\u00e1me <strong data-start=\"3673\" data-end=\"3680\">ne<\/strong> prod\u00e1vat va\u0161e osobn\u00ed \u00fadaje. Informace m\u016f\u017eeme sd\u00edlet pouze v n\u00e1sleduj\u00edc\u00edch p\u0159\u00edpadech:<\/p><ul data-start=\"3776\" data-end=\"4223\"><li data-start=\"3776\" data-end=\"3945\"><p data-start=\"3778\" data-end=\"3945\"><strong data-start=\"3778\" data-end=\"3800\">Poskytovatel\u00e9 slu\u017eeb:<\/strong> zpracovatel\u00e9 plateb, p\u0159epravn\u00ed spole\u010dnosti, poskytovatel\u00e9 IT slu\u017eeb, e-mailov\u00e9 platformy a analytick\u00e9 slu\u017eby, a to v\u00fdhradn\u011b za \u00fa\u010delem poskytov\u00e1n\u00ed slu\u017eeb na\u0161\u00edm jm\u00e9nem.<\/p><\/li><li data-start=\"3946\" data-end=\"4056\"><p data-start=\"3948\" data-end=\"4056\"><strong data-start=\"3948\" data-end=\"3971\">Pr\u00e1vn\u00ed po\u017eadavky:<\/strong> Pokud je to nutn\u00e9 k dodr\u017een\u00ed z\u00e1kon\u016f, p\u0159edpis\u016f, pr\u00e1vn\u00edch postup\u016f nebo z\u00e1konn\u00fdch po\u017eadavk\u016f.<\/p><\/li><li data-start=\"4057\" data-end=\"4223\"><p data-start=\"4059\" data-end=\"4223\"><strong data-start=\"4059\" data-end=\"4085\">Obchodn\u00ed transakce:<\/strong> V p\u0159\u00edpad\u011b f\u00faze, akvizice, restrukturalizace nebo prodeje majetku mohou b\u00fdt osobn\u00ed \u00fadaje p\u0159evedeny jako sou\u010d\u00e1st podniku.<\/p><\/li><\/ul><p data-start=\"4225\" data-end=\"4346\">V\u0161echny t\u0159et\u00ed strany jsou povinny nakl\u00e1dat s va\u0161imi \u00fadaji v souladu s platn\u00fdmi povinnostmi v oblasti ochrany osobn\u00edch \u00fadaj\u016f a bezpe\u010dnosti.<\/p><h2 data-start=\"4353\" data-end=\"4372\">6. Zabezpe\u010den\u00ed dat<\/h2><p data-start=\"4374\" data-end=\"4547\">Pro ochranu va\u0161ich osobn\u00edch \u00fadaj\u016f zav\u00e1d\u00edme komer\u010dn\u011b p\u0159im\u011b\u0159en\u00e1 technick\u00e1 a organiza\u010dn\u00ed opat\u0159en\u00ed, v\u010detn\u011b \u0161ifrov\u00e1n\u00ed, kontroly p\u0159\u00edstupu a zabezpe\u010den\u00fdch server\u016f.<\/p><p data-start=\"4549\" data-end=\"4716\">\u017d\u00e1dn\u00fd zp\u016fsob p\u0159enosu nebo ukl\u00e1d\u00e1n\u00ed dat v\u0161ak nen\u00ed 100% bezpe\u010dn\u00fd. I kdy\u017e se sna\u017e\u00edme va\u0161e \u00fadaje chr\u00e1nit, berete na v\u011bdom\u00ed, \u017ee informace poskytujete na vlastn\u00ed riziko.<\/p><h2 data-start=\"4723\" data-end=\"4778\">7. Pou\u017e\u00edv\u00e1n\u00ed telefonn\u00edch \u010d\u00edsel a marketingov\u00e1 komunikace<\/h2><p data-start=\"4780\" data-end=\"4929\">Pokud se p\u0159ihl\u00e1s\u00edte k odb\u011bru sd\u011blen\u00ed od spole\u010dnosti VapeMaison, m\u016f\u017eeme v\u00e1m zas\u00edlat transak\u010dn\u00ed, propaga\u010dn\u00ed nebo marketingov\u00e9 zpr\u00e1vy prost\u0159ednictv\u00edm e-mailu nebo textov\u00e9 zpr\u00e1vy.<\/p><p data-start=\"4931\" data-end=\"5051\">Odb\u011br m\u016f\u017eete kdykoli zru\u0161it podle pokyn\u016f uveden\u00fdch ve zpr\u00e1v\u011b nebo n\u00e1s m\u016f\u017eete kontaktovat p\u0159\u00edmo.<\/p><h2 data-start=\"5058\" data-end=\"5078\">8. Uchov\u00e1v\u00e1n\u00ed \u00fadaj\u016f<\/h2><p data-start=\"5080\" data-end=\"5144\">Osobn\u00ed \u00fadaje uchov\u00e1v\u00e1me pouze po dobu nezbytn\u011b nutnou k:<\/p><ul data-start=\"5146\" data-end=\"5278\"><li data-start=\"5146\" data-end=\"5185\"><p data-start=\"5148\" data-end=\"5185\">Pln\u011bn\u00ed objedn\u00e1vek a poskytov\u00e1n\u00ed slu\u017eeb<\/p><\/li><li data-start=\"5186\" data-end=\"5234\"><p data-start=\"5188\" data-end=\"5234\">spln\u011bn\u00ed pr\u00e1vn\u00edch, da\u0148ov\u00fdch a \u00fa\u010detn\u00edch po\u017eadavk\u016f<\/p><\/li><li data-start=\"5235\" data-end=\"5278\"><p data-start=\"5237\" data-end=\"5278\">\u0158e\u0161en\u00ed spor\u016f a vym\u00e1h\u00e1n\u00ed dohod.<\/p><\/li><\/ul><p data-start=\"5280\" data-end=\"5371\">Pokud ji\u017e osobn\u00ed \u00fadaje nejsou pot\u0159eba, budou bezpe\u010dn\u011b vymaz\u00e1ny nebo anonymizov\u00e1ny.<\/p><h2 data-start=\"5378\" data-end=\"5403\">9. Va\u0161e pr\u00e1va na ochranu osobn\u00edch \u00fadaj\u016f<\/h2><p data-start=\"5405\" data-end=\"5463\">V z\u00e1vislosti na va\u0161\u00ed jurisdikci m\u016f\u017eete m\u00edt pr\u00e1vo na:<\/p><ul data-start=\"5465\" data-end=\"5797\"><li data-start=\"5465\" data-end=\"5501\"><p data-start=\"5467\" data-end=\"5501\">P\u0159\u00edstup k va\u0161im osobn\u00edm \u00fadaj\u016fm<\/p><\/li><li data-start=\"5502\" data-end=\"5557\"><p data-start=\"5504\" data-end=\"5557\">\u017d\u00e1dost o opravu nep\u0159esn\u00fdch nebo ne\u00fapln\u00fdch \u00fadaj\u016f.<\/p><\/li><li data-start=\"5558\" data-end=\"5638\"><p data-start=\"5560\" data-end=\"5638\">po\u017e\u00e1dat o vymaz\u00e1n\u00ed sv\u00fdch osobn\u00edch \u00fadaj\u016f (s v\u00fdhradou z\u00e1konn\u00fdch omezen\u00ed).<\/p><\/li><li data-start=\"5639\" data-end=\"5694\"><p data-start=\"5641\" data-end=\"5694\">vzn\u00e9st n\u00e1mitku nebo omezit ur\u010dit\u00e9 \u010dinnosti zpracov\u00e1n\u00ed<\/p><\/li><li data-start=\"5695\" data-end=\"5744\"><p data-start=\"5697\" data-end=\"5744\">Odvol\u00e1n\u00ed souhlasu s marketingovou komunikac\u00ed<\/p><\/li><li data-start=\"5745\" data-end=\"5797\"><p data-start=\"5747\" data-end=\"5797\">\u017d\u00e1dost o kopii dat v p\u0159enosn\u00e9m form\u00e1tu<\/p><\/li><\/ul><p data-start=\"5799\" data-end=\"5866\">Chcete-li uplatnit sv\u00e1 pr\u00e1va, kontaktujte n\u00e1s pomoc\u00ed n\u00ed\u017ee uveden\u00fdch \u00fadaj\u016f.<\/p><h2 data-start=\"5873\" data-end=\"5898\">10. Ochrana soukrom\u00ed d\u011bt\u00ed<\/h2><p data-start=\"5900\" data-end=\"6098\">Na\u0161e webov\u00e9 str\u00e1nky a slu\u017eby nejsou ur\u010deny osob\u00e1m mlad\u0161\u00edm 16 let. Osobn\u00ed \u00fadaje od d\u011bt\u00ed v\u011bdom\u011b neshroma\u017e\u010fujeme. Pokud takov\u00e9 \u00fadaje zjist\u00edme, neprodlen\u011b je odstran\u00edme.<\/p><h2 data-start=\"6105\" data-end=\"6140\">11. Mezin\u00e1rodn\u00ed p\u0159enosy dat<\/h2><p data-start=\"6142\" data-end=\"6381\">Va\u0161e osobn\u00ed \u00fadaje mohou b\u00fdt p\u0159en\u00e1\u0161eny a zpracov\u00e1v\u00e1ny v jin\u00fdch zem\u00edch, ne\u017e je va\u0161e zem\u011b. P\u0159ij\u00edm\u00e1me p\u0159im\u011b\u0159en\u00e1 opat\u0159en\u00ed, abychom zajistili, \u017ee takov\u00e9 p\u0159enosy jsou v souladu s platn\u00fdmi z\u00e1kony o ochran\u011b osobn\u00edch \u00fadaj\u016f a \u017ee va\u0161e \u00fadaje z\u016fstanou chr\u00e1n\u011bny.<\/p><h2 data-start=\"6388\" data-end=\"6425\">12. Aktualizace t\u011bchto z\u00e1sad ochrany osobn\u00edch \u00fadaj\u016f<\/h2><p data-start=\"6427\" data-end=\"6634\">Tyto z\u00e1sady ochrany osobn\u00edch \u00fadaj\u016f m\u016f\u017eeme pravideln\u011b aktualizovat. Zm\u011bny budou zve\u0159ejn\u011bny na t\u00e9to str\u00e1nce s aktualizovan\u00fdm datem \u201cPosledn\u00ed aktualizace\u201d. Pokra\u010dov\u00e1n\u00ed v pou\u017e\u00edv\u00e1n\u00ed webov\u00fdch str\u00e1nek po zm\u011bn\u00e1ch znamen\u00e1 souhlas s revidovan\u00fdmi z\u00e1sadami.<\/p><h2 data-start=\"6641\" data-end=\"6658\">13. Kontaktujte n\u00e1s<\/h2><p data-start=\"6660\" data-end=\"6774\">M\u00e1te-li jak\u00e9koli dotazy t\u00fdkaj\u00edc\u00ed se t\u011bchto z\u00e1sad ochrany osobn\u00edch \u00fadaj\u016f nebo toho, jak s va\u0161imi osobn\u00edmi \u00fadaji nakl\u00e1d\u00e1me, kontaktujte n\u00e1s:<\/p><p data-start=\"6776\" data-end=\"6858\"><strong data-start=\"6776\" data-end=\"6790\">VapeMaison<\/strong><br data-start=\"6790\" data-end=\"6793\" \/>E-mail: <strong data-start=\"6800\" data-end=\"6826\"><a class=\"decorated-link cursor-pointer\" rel=\"noopener\" data-start=\"6802\" data-end=\"6824\">support@vapemaison.com<\/a><\/strong><br data-start=\"6826\" data-end=\"6829\" \/>WhatsApp: <strong data-start=\"6839\" data-end=\"6858\">+86 17602190264<\/strong><\/p>\t\t\t\t\t\t\t\t<\/div>\n\t\t\t\t\t<\/div>\n\t\t\t\t<\/div>\n\t\t\t\t<\/div>","protected":false},"excerpt":{"rendered":"<p>Last Updated: 2026-01-19 VapeMaison (referred to as \u201cwe\u201d, \u201cour\u201d, or \u201cVapeMaison\u201d) is committed to protecting your personal information and respecting your privacy. This Privacy Policy (the \u201cPolicy\u201d) explains how we collect, use, store, and protect your personal information when you access or use our website www.vapemaison.com (the \u201cWebsite\u201d) and related services. This Policy applies to [&hellip;]<\/p>\n","protected":false},"author":1,"featured_media":0,"parent":0,"menu_order":0,"comment_status":"closed","ping_status":"closed","template":"","meta":{"footnotes":""},"class_list":["post-3","page","type-page","status-publish","hentry"],"yoast_head":"<!-- This site is optimized with the Yoast SEO plugin v27.4 - https:\/\/yoast.com\/product\/yoast-seo-wordpress\/ -->\n<title>Privacy Policy - VapeMaison<\/title>\n<meta name=\"description\" content=\"Read Vapemaison&#039;s Privacy Policy to understand how we collect, use, and protect your personal information. Your privacy is important to us, and we are committed to safeguarding your data.\" \/>\n<meta name=\"robots\" content=\"index, follow, max-snippet:-1, max-image-preview:large, max-video-preview:-1\" \/>\n<link rel=\"canonical\" href=\"https:\/\/vapemaison.com\/cs\/zasady-ochrany-osobnich-udaju\/\" \/>\n<meta property=\"og:locale\" content=\"cs_CZ\" \/>\n<meta property=\"og:type\" content=\"article\" \/>\n<meta property=\"og:title\" content=\"Privacy Policy - VapeMaison\" \/>\n<meta property=\"og:description\" content=\"Read Vapemaison&#039;s Privacy Policy to understand how we collect, use, and protect your personal information. Your privacy is important to us, and we are committed to safeguarding your data.\" \/>\n<meta property=\"og:url\" content=\"https:\/\/vapemaison.com\/cs\/zasady-ochrany-osobnich-udaju\/\" \/>\n<meta property=\"og:site_name\" content=\"VapeMaison\" \/>\n<meta property=\"article:modified_time\" content=\"2026-01-19T05:58:38+00:00\" \/>\n<meta name=\"twitter:card\" content=\"summary_large_image\" \/>\n<meta name=\"twitter:label1\" content=\"Odhadovan\u00e1 doba \u010dten\u00ed\" \/>\n\t<meta name=\"twitter:data1\" content=\"4 minuty\" \/>\n<!-- \/ Yoast SEO plugin. -->","yoast_head_json":{"title":"Z\u00e1sady ochrany osobn\u00edch \u00fadaj\u016f - VapeMaison","description":"P\u0159e\u010dt\u011bte si z\u00e1sady ochrany osobn\u00edch \u00fadaj\u016f spole\u010dnosti Vapemaison, abyste pochopili, jak shroma\u017e\u010fujeme, pou\u017e\u00edv\u00e1me a chr\u00e1n\u00edme va\u0161e osobn\u00ed \u00fadaje. Va\u0161e soukrom\u00ed je pro n\u00e1s d\u016fle\u017eit\u00e9 a zavazujeme se chr\u00e1nit va\u0161e \u00fadaje.","robots":{"index":"index","follow":"follow","max-snippet":"max-snippet:-1","max-image-preview":"max-image-preview:large","max-video-preview":"max-video-preview:-1"},"canonical":"https:\/\/vapemaison.com\/cs\/zasady-ochrany-osobnich-udaju\/","og_locale":"cs_CZ","og_type":"article","og_title":"Privacy Policy - VapeMaison","og_description":"Read Vapemaison's Privacy Policy to understand how we collect, use, and protect your personal information. Your privacy is important to us, and we are committed to safeguarding your data.","og_url":"https:\/\/vapemaison.com\/cs\/zasady-ochrany-osobnich-udaju\/","og_site_name":"VapeMaison","article_modified_time":"2026-01-19T05:58:38+00:00","twitter_card":"summary_large_image","twitter_misc":{"Odhadovan\u00e1 doba \u010dten\u00ed":"4 minuty"},"schema":{"@context":"https:\/\/schema.org","@graph":[{"@type":"WebPage","@id":"https:\/\/vapemaison.com\/privacy-policy\/","url":"https:\/\/vapemaison.com\/privacy-policy\/","name":"Z\u00e1sady ochrany osobn\u00edch \u00fadaj\u016f - VapeMaison","isPartOf":{"@id":"https:\/\/vapemaison.com\/#website"},"datePublished":"2025-10-13T08:13:32+00:00","dateModified":"2026-01-19T05:58:38+00:00","description":"P\u0159e\u010dt\u011bte si z\u00e1sady ochrany osobn\u00edch \u00fadaj\u016f spole\u010dnosti Vapemaison, abyste pochopili, jak shroma\u017e\u010fujeme, pou\u017e\u00edv\u00e1me a chr\u00e1n\u00edme va\u0161e osobn\u00ed \u00fadaje. Va\u0161e soukrom\u00ed je pro n\u00e1s d\u016fle\u017eit\u00e9 a zavazujeme se chr\u00e1nit va\u0161e \u00fadaje.","breadcrumb":{"@id":"https:\/\/vapemaison.com\/privacy-policy\/#breadcrumb"},"inLanguage":"cs","potentialAction":[{"@type":"ReadAction","target":["https:\/\/vapemaison.com\/privacy-policy\/"]}]},{"@type":"BreadcrumbList","@id":"https:\/\/vapemaison.com\/privacy-policy\/#breadcrumb","itemListElement":[{"@type":"ListItem","position":1,"name":"\u9996\u9875","item":"https:\/\/vapemaison.com\/"},{"@type":"ListItem","position":2,"name":"Privacy Policy"}]},{"@type":"WebSite","@id":"https:\/\/vapemaison.com\/#website","url":"https:\/\/vapemaison.com\/","name":"VapeMaison","description":"Pr\u00e9miov\u00e1 vapingov\u00e1 za\u0159\u00edzen\u00ed a p\u0159\u00edslu\u0161enstv\u00ed","publisher":{"@id":"https:\/\/vapemaison.com\/#organization"},"potentialAction":[{"@type":"SearchAction","target":{"@type":"EntryPoint","urlTemplate":"https:\/\/vapemaison.com\/?s={search_term_string}"},"query-input":{"@type":"PropertyValueSpecification","valueRequired":true,"valueName":"search_term_string"}}],"inLanguage":"cs"},{"@type":"Organization","@id":"https:\/\/vapemaison.com\/#organization","name":"VapeMaison","url":"https:\/\/vapemaison.com\/","logo":{"@type":"ImageObject","inLanguage":"cs","@id":"https:\/\/vapemaison.com\/#\/schema\/logo\/image\/","url":"https:\/\/vapemaison.com\/wp-content\/uploads\/2026\/01\/cropped-vapemaison-logo-g-2026.webp","contentUrl":"https:\/\/vapemaison.com\/wp-content\/uploads\/2026\/01\/cropped-vapemaison-logo-g-2026.webp","width":350,"height":280,"caption":"VapeMaison"},"image":{"@id":"https:\/\/vapemaison.com\/#\/schema\/logo\/image\/"},"sameAs":["https:\/\/www.youtube.com\/@VapeMaison"]}]}},"_links":{"self":[{"href":"https:\/\/vapemaison.com\/cs\/wp-json\/wp\/v2\/pages\/3","targetHints":{"allow":["GET"]}}],"collection":[{"href":"https:\/\/vapemaison.com\/cs\/wp-json\/wp\/v2\/pages"}],"about":[{"href":"https:\/\/vapemaison.com\/cs\/wp-json\/wp\/v2\/types\/page"}],"author":[{"embeddable":true,"href":"https:\/\/vapemaison.com\/cs\/wp-json\/wp\/v2\/users\/1"}],"replies":[{"embeddable":true,"href":"https:\/\/vapemaison.com\/cs\/wp-json\/wp\/v2\/comments?post=3"}],"version-history":[{"count":3,"href":"https:\/\/vapemaison.com\/cs\/wp-json\/wp\/v2\/pages\/3\/revisions"}],"predecessor-version":[{"id":26103,"href":"https:\/\/vapemaison.com\/cs\/wp-json\/wp\/v2\/pages\/3\/revisions\/26103"}],"wp:attachment":[{"href":"https:\/\/vapemaison.com\/cs\/wp-json\/wp\/v2\/media?parent=3"}],"curies":[{"name":"wp","href":"https:\/\/api.w.org\/{rel}","templated":true}]}}