

{"id":7263,"date":"2025-10-16T02:18:27","date_gmt":"2025-10-16T02:18:27","guid":{"rendered":"https:\/\/vapemaison.com\/?page_id=7263"},"modified":"2025-10-20T10:17:19","modified_gmt":"2025-10-20T10:17:19","slug":"faq","status":"publish","type":"page","link":"https:\/\/vapemaison.com\/cs\/faq\/","title":{"rendered":"\u010cASTO KLADEN\u00c9 DOTAZY"},"content":{"rendered":"<div data-elementor-type=\"wp-page\" data-elementor-id=\"7263\" class=\"elementor elementor-7263\">\n\t\t\t\t<div class=\"elementor-element elementor-element-430815d e-flex e-con-boxed e-con e-parent\" data-id=\"430815d\" data-element_type=\"container\" data-e-type=\"container\">\n\t\t\t\t\t<div class=\"e-con-inner\">\n\t\t\t\t<div class=\"elementor-element elementor-element-c9ff6f9 elementor-widget elementor-widget-spacer\" data-id=\"c9ff6f9\" data-element_type=\"widget\" data-e-type=\"widget\" data-widget_type=\"spacer.default\">\n\t\t\t\t\t\t\t<div class=\"elementor-spacer\">\n\t\t\t<div class=\"elementor-spacer-inner\"><\/div>\n\t\t<\/div>\n\t\t\t\t\t\t<\/div>\n\t\t\t\t<div class=\"elementor-element elementor-element-446aab8 elementor-widget elementor-widget-heading\" data-id=\"446aab8\" data-element_type=\"widget\" data-e-type=\"widget\" data-widget_type=\"heading.default\">\n\t\t\t\t\t<h2 class=\"elementor-heading-title elementor-size-default\">\ud83e\udde0 Obecn\u00e9 ot\u00e1zky<\/h2>\t\t\t\t<\/div>\n\t\t\t\t<div class=\"elementor-element elementor-element-3dcd08c elementor-widget elementor-widget-text-editor\" data-id=\"3dcd08c\" data-element_type=\"widget\" data-e-type=\"widget\" data-widget_type=\"text-editor.default\">\n\t\t\t\t\t\t\t\t\t<p data-start=\"149\" data-end=\"400\"><strong data-start=\"149\" data-end=\"180\">Ot\u00e1zka 1: Co je to e-cigareta?<\/strong><br data-start=\"180\" data-end=\"183\" \/>E-cigareta je elektronick\u00e9 za\u0159\u00edzen\u00ed, kter\u00e9 zah\u0159\u00edv\u00e1 e-liquid a vytv\u00e1\u0159\u00ed p\u00e1ru. Poskytuje z\u00e1\u017eitek podobn\u00fd kou\u0159en\u00ed bez spalov\u00e1n\u00ed tab\u00e1ku a sni\u017euje produkci \u0161kodliv\u00fdch l\u00e1tek, jako je dehet a oxid uhelnat\u00fd.<\/p><p data-start=\"402\" data-end=\"607\"><strong data-start=\"402\" data-end=\"443\">Ot\u00e1zka 2: Obsahuj\u00ed e-cigarety nikotin?<\/strong><br data-start=\"443\" data-end=\"446\" \/>To z\u00e1vis\u00ed na e-liquidu. N\u011bkter\u00e9 e-liquidy obsahuj\u00ed nikotin, zat\u00edmco jin\u00e9 jsou zcela bez nikotinu. M\u016f\u017eete si vybrat podle sv\u00fdch osobn\u00edch preferenc\u00ed.<\/p><p data-start=\"609\" data-end=\"852\"><strong data-start=\"609\" data-end=\"668\">Ot\u00e1zka 3: Jsou e-cigarety bezpe\u010dn\u011bj\u0161\u00ed ne\u017e klasick\u00e9 cigarety?<\/strong><br data-start=\"668\" data-end=\"671\" \/>E-cigarety jsou pova\u017eov\u00e1ny za m\u00e9n\u011b \u0161kodlivou alternativu, proto\u017ee u nich nedoch\u00e1z\u00ed ke spalov\u00e1n\u00ed. Nejsou v\u0161ak zcela bez rizika a dosp\u011bl\u00ed by je m\u011bli pou\u017e\u00edvat zodpov\u011bdn\u011b.<\/p>\t\t\t\t\t\t\t\t<\/div>\n\t\t\t\t<div class=\"elementor-element elementor-element-a59c032 elementor-widget elementor-widget-spacer\" data-id=\"a59c032\" data-element_type=\"widget\" data-e-type=\"widget\" data-widget_type=\"spacer.default\">\n\t\t\t\t\t\t\t<div class=\"elementor-spacer\">\n\t\t\t<div class=\"elementor-spacer-inner\"><\/div>\n\t\t<\/div>\n\t\t\t\t\t\t<\/div>\n\t\t\t\t\t<\/div>\n\t\t\t\t<\/div>\n\t\t<div class=\"elementor-element elementor-element-beacd78 e-flex e-con-boxed e-con e-parent\" data-id=\"beacd78\" data-element_type=\"container\" data-e-type=\"container\">\n\t\t\t\t\t<div class=\"e-con-inner\">\n\t\t\t\t<div class=\"elementor-element elementor-element-d31b965 elementor-widget elementor-widget-heading\" data-id=\"d31b965\" data-element_type=\"widget\" data-e-type=\"widget\" data-widget_type=\"heading.default\">\n\t\t\t\t\t<h2 class=\"elementor-heading-title elementor-size-default\">\ud83d\udca8 Produkt a pou\u017eit\u00ed<\/h2>\t\t\t\t<\/div>\n\t\t\t\t<div class=\"elementor-element elementor-element-7db7eb8 elementor-widget elementor-widget-text-editor\" data-id=\"7db7eb8\" data-element_type=\"widget\" data-e-type=\"widget\" data-widget_type=\"text-editor.default\">\n\t\t\t\t\t\t\t\t\t<p data-start=\"882\" data-end=\"1128\"><strong data-start=\"882\" data-end=\"924\">Ot\u00e1zka 4: Jak dlouho vydr\u017e\u00ed elektronick\u00e1 cigareta?<\/strong><br data-start=\"924\" data-end=\"927\" \/>Z\u00e1le\u017e\u00ed na typu za\u0159\u00edzen\u00ed a va\u0161ich vapovac\u00edch n\u00e1vyc\u00edch. Jednor\u00e1zov\u00e9 vapery obvykle vydr\u017e\u00ed n\u011bkolik set a\u017e n\u011bkolik tis\u00edc potah\u016f, zat\u00edmco plniteln\u00e1 za\u0159\u00edzen\u00ed lze p\u0159i spr\u00e1vn\u00e9 \u00fadr\u017eb\u011b pou\u017e\u00edvat m\u011bs\u00edce.<\/p><p data-start=\"1130\" data-end=\"1317\"><strong data-start=\"1130\" data-end=\"1188\">Ot\u00e1zka 5: Jak pozn\u00e1m, kdy m\u00e1m vym\u011bnit e-liquid nebo spir\u00e1lku?<\/strong><br data-start=\"1188\" data-end=\"1191\" \/>Pokud zaznamen\u00e1te sp\u00e1lenou chu\u0165, sn\u00ed\u017eenou produkci p\u00e1ry nebo ztr\u00e1tu chuti, je \u010das vym\u011bnit spir\u00e1lku nebo doplnit e-liquid.<\/p><p data-start=\"1319\" data-end=\"1523\"><strong data-start=\"1319\" data-end=\"1353\">Ot\u00e1zka 6: Mohu se sv\u00fdm vapem cestovat?<\/strong><br data-start=\"1353\" data-end=\"1356\" \/>Ano, ale v\u011bt\u0161ina leteck\u00fdch spole\u010dnost\u00ed vy\u017eaduje, abyste m\u011bli e-cigarety v p\u0159\u00edru\u010dn\u00edm, nikoli odbaven\u00e9m zavazadle. P\u0159ed cestov\u00e1n\u00edm s vapingov\u00fdmi produkty si v\u017edy ov\u011b\u0159te m\u00edstn\u00ed z\u00e1kony.<\/p><p data-start=\"1525\" data-end=\"1706\"><strong data-start=\"1525\" data-end=\"1567\">Ot\u00e1zka 7: Jak m\u00e1m e-cigaretu skladovat?<\/strong><br data-start=\"1567\" data-end=\"1570\" \/>Za\u0159\u00edzen\u00ed uchov\u00e1vejte na chladn\u00e9m a such\u00e9m m\u00edst\u011b mimo dosah p\u0159\u00edm\u00e9ho slune\u010dn\u00edho sv\u011btla a vysok\u00fdch teplot. Nenech\u00e1vejte jej v aut\u011b nebo v bl\u00edzkosti zdroj\u016f tepla.<\/p>\t\t\t\t\t\t\t\t<\/div>\n\t\t\t\t<div class=\"elementor-element elementor-element-5171f67 elementor-widget elementor-widget-spacer\" data-id=\"5171f67\" data-element_type=\"widget\" data-e-type=\"widget\" data-widget_type=\"spacer.default\">\n\t\t\t\t\t\t\t<div class=\"elementor-spacer\">\n\t\t\t<div class=\"elementor-spacer-inner\"><\/div>\n\t\t<\/div>\n\t\t\t\t\t\t<\/div>\n\t\t\t\t\t<\/div>\n\t\t\t\t<\/div>\n\t\t<div class=\"elementor-element elementor-element-2c6899d e-flex e-con-boxed e-con e-parent\" data-id=\"2c6899d\" data-element_type=\"container\" data-e-type=\"container\">\n\t\t\t\t\t<div class=\"e-con-inner\">\n\t\t\t\t<div class=\"elementor-element elementor-element-d2fa517 elementor-widget elementor-widget-heading\" data-id=\"d2fa517\" data-element_type=\"widget\" data-e-type=\"widget\" data-widget_type=\"heading.default\">\n\t\t\t\t\t<h2 class=\"elementor-heading-title elementor-size-default\">\ud83d\ude9a Doprava a doru\u010den\u00ed<\/h2>\t\t\t\t<\/div>\n\t\t\t\t<div class=\"elementor-element elementor-element-d955f44 elementor-widget elementor-widget-text-editor\" data-id=\"d955f44\" data-element_type=\"widget\" data-e-type=\"widget\" data-widget_type=\"text-editor.default\">\n\t\t\t\t\t\t\t\t\t<p data-start=\"1740\" data-end=\"1888\"><strong data-start=\"1740\" data-end=\"1771\">Ot\u00e1zka 8: Odkud odes\u00edl\u00e1te z\u00e1silky?<\/strong><br data-start=\"1771\" data-end=\"1774\" \/>Objedn\u00e1vky odes\u00edl\u00e1me z na\u0161ich sklad\u016f v. <strong data-start=\"1812\" data-end=\"1832\">Evropa a \u010c\u00edna<\/strong>, v z\u00e1vislosti na dostupnosti produktu a va\u0161\u00ed poloze.<\/p><p data-start=\"1890\" data-end=\"2118\"><strong data-start=\"1890\" data-end=\"1926\">Ot\u00e1zka 9: Jak dlouho bude trvat doru\u010den\u00ed?<\/strong><br data-start=\"1926\" data-end=\"1929\" \/>Dodac\u00ed lh\u016fty se li\u0161\u00ed podle m\u00edsta ur\u010den\u00ed. Objedn\u00e1vky z na\u0161\u00ed <strong data-start=\"1981\" data-end=\"1997\">Sklad EU<\/strong> obvykle p\u0159ich\u00e1zej\u00ed v <strong data-start=\"2018\" data-end=\"2039\">3-7 pracovn\u00edch dn\u016f<\/strong>, zat\u00edmco objedn\u00e1vky z na\u0161\u00ed <strong data-start=\"2063\" data-end=\"2082\">\u010c\u00ednsk\u00fd sklad<\/strong> m\u016f\u017ee trvat <strong data-start=\"2092\" data-end=\"2115\">10-20 pracovn\u00edch dn\u016f<\/strong>.<\/p><p data-start=\"2120\" data-end=\"2286\"><strong data-start=\"2120\" data-end=\"2154\">Ot\u00e1zka 10: Jak mohu sledovat svou objedn\u00e1vku?<\/strong><br data-start=\"2154\" data-end=\"2157\" \/>Jakmile bude va\u0161e objedn\u00e1vka odesl\u00e1na, za\u0161leme v\u00e1m e-mail s odkazem pro sledov\u00e1n\u00ed. Pomoc\u00ed n\u011bj m\u016f\u017eete kdykoli zkontrolovat stav doru\u010den\u00ed.<\/p>\t\t\t\t\t\t\t\t<\/div>\n\t\t\t\t<div class=\"elementor-element elementor-element-4f10566 elementor-widget elementor-widget-spacer\" data-id=\"4f10566\" data-element_type=\"widget\" data-e-type=\"widget\" data-widget_type=\"spacer.default\">\n\t\t\t\t\t\t\t<div class=\"elementor-spacer\">\n\t\t\t<div class=\"elementor-spacer-inner\"><\/div>\n\t\t<\/div>\n\t\t\t\t\t\t<\/div>\n\t\t\t\t\t<\/div>\n\t\t\t\t<\/div>\n\t\t<div class=\"elementor-element elementor-element-0b8c973 e-flex e-con-boxed e-con e-parent\" data-id=\"0b8c973\" data-element_type=\"container\" data-e-type=\"container\">\n\t\t\t\t\t<div class=\"e-con-inner\">\n\t\t\t\t<div class=\"elementor-element elementor-element-c41f431 elementor-widget elementor-widget-heading\" data-id=\"c41f431\" data-element_type=\"widget\" data-e-type=\"widget\" data-widget_type=\"heading.default\">\n\t\t\t\t\t<h2 class=\"elementor-heading-title elementor-size-default\">\ud83d\udd12 Bezpe\u010dnost a z\u00e1sady<\/h2>\t\t\t\t<\/div>\n\t\t\t\t<div class=\"elementor-element elementor-element-c02cd61 elementor-widget elementor-widget-text-editor\" data-id=\"c02cd61\" data-element_type=\"widget\" data-e-type=\"widget\" data-widget_type=\"text-editor.default\">\n\t\t\t\t\t\t\t\t\t<p data-start=\"2318\" data-end=\"2454\"><strong data-start=\"2318\" data-end=\"2355\">Ot\u00e1zka 11: Mohou si e-cigarety koupit nezletil\u00ed?<\/strong><br data-start=\"2355\" data-end=\"2358\" \/>Ne. Na\u0161e v\u00fdrobky jsou ur\u010deny <strong data-start=\"2388\" data-end=\"2413\">pouze pro dosp\u011bl\u00e9 (18+)<\/strong>. P\u0159\u00edsn\u011b zakazujeme prodej nezletil\u00fdm.<\/p><p data-start=\"2456\" data-end=\"2665\"><strong data-start=\"2456\" data-end=\"2507\">Ot\u00e1zka 12: Co m\u00e1m d\u011blat, kdy\u017e mi nefunguje vape?<\/strong><br data-start=\"2507\" data-end=\"2510\" \/>Zkontrolujte, zda je baterie nabit\u00e1 a spr\u00e1vn\u011b p\u0159ipojen\u00e1. Pokud probl\u00e9m p\u0159etrv\u00e1v\u00e1, kontaktujte na\u0161i z\u00e1kaznickou podporu a po\u017e\u00e1dejte o pomoc nebo o mo\u017enost v\u00fdm\u011bny.<\/p><p data-start=\"2667\" data-end=\"2860\"><strong data-start=\"2667\" data-end=\"2714\">Q13: Jak\u00e9 jsou va\u0161e z\u00e1sady vracen\u00ed a n\u00e1hrady?<\/strong><br data-start=\"2714\" data-end=\"2717\" \/>Vr\u00e1cen\u00ed zbo\u017e\u00ed p\u0159ij\u00edm\u00e1me v r\u00e1mci <strong data-start=\"2742\" data-end=\"2753\">14 dn\u00ed<\/strong> doru\u010den\u00ed nepou\u017eit\u00e9ho a neotev\u0159en\u00e9ho zbo\u017e\u00ed. P\u0159ed vr\u00e1cen\u00edm jak\u00e9hokoli v\u00fdrobku kontaktujte n\u00e1\u0161 t\u00fdm podpory. <a href=\"https:\/\/vapemaison.com\/refund_returns\/\">Z\u00e1sady vracen\u00ed pen\u011bz a vr\u00e1cen\u00ed zbo\u017e\u00ed<\/a> podrobnosti.<\/p><p data-start=\"2862\" data-end=\"3040\"><strong data-start=\"2862\" data-end=\"2897\">Ot\u00e1zka 14: Jsou va\u0161e v\u00fdrobky origin\u00e1ln\u00ed?<\/strong><br data-start=\"2897\" data-end=\"2900\" \/>Ano. V\u0161echny na\u0161e e-cigarety a e-liquidy poch\u00e1zej\u00ed z... <strong data-start=\"2950\" data-end=\"2988\">ov\u011b\u0159en\u00e9, autorizovan\u00e9 v\u00fdrobce<\/strong>. Neprod\u00e1v\u00e1me pad\u011blky ani netestovan\u00e9 v\u00fdrobky.<\/p>\t\t\t\t\t\t\t\t<\/div>\n\t\t\t\t<div class=\"elementor-element elementor-element-7b5a055 elementor-widget elementor-widget-spacer\" data-id=\"7b5a055\" data-element_type=\"widget\" data-e-type=\"widget\" data-widget_type=\"spacer.default\">\n\t\t\t\t\t\t\t<div class=\"elementor-spacer\">\n\t\t\t<div class=\"elementor-spacer-inner\"><\/div>\n\t\t<\/div>\n\t\t\t\t\t\t<\/div>\n\t\t\t\t\t<\/div>\n\t\t\t\t<\/div>\n\t\t<div class=\"elementor-element elementor-element-b712fe9 e-flex e-con-boxed e-con e-parent\" data-id=\"b712fe9\" data-element_type=\"container\" data-e-type=\"container\">\n\t\t\t\t\t<div class=\"e-con-inner\">\n\t\t\t\t<div class=\"elementor-element elementor-element-f6dbeab elementor-widget elementor-widget-heading\" data-id=\"f6dbeab\" data-element_type=\"widget\" data-e-type=\"widget\" data-widget_type=\"heading.default\">\n\t\t\t\t\t<h2 class=\"elementor-heading-title elementor-size-default\">\u2764\ufe0f Zdrav\u00ed a odpov\u011bdnost<\/h2>\t\t\t\t<\/div>\n\t\t\t\t<div class=\"elementor-element elementor-element-f2572f6 elementor-widget elementor-widget-text-editor\" data-id=\"f2572f6\" data-element_type=\"widget\" data-e-type=\"widget\" data-widget_type=\"text-editor.default\">\n\t\t\t\t\t\t\t\t\t<p data-start=\"3078\" data-end=\"3325\"><strong data-start=\"3078\" data-end=\"3125\">Ot\u00e1zka 15: Mohou mi e-cigarety pomoci p\u0159estat kou\u0159it?<\/strong><br data-start=\"3125\" data-end=\"3128\" \/>Mnoho u\u017eivatel\u016f p\u0159ech\u00e1z\u00ed na e-cigarety jako na zp\u016fsob, jak omezit kou\u0159en\u00ed nebo s n\u00edm p\u0159estat, ale v\u00fdsledky se u jednotliv\u00fdch osob li\u0161\u00ed. Pro l\u00e9ka\u0159sk\u00e9 poradenstv\u00ed nebo individu\u00e1ln\u00ed pl\u00e1n odvyk\u00e1n\u00ed kou\u0159en\u00ed doporu\u010dujeme konzultaci se zdravotnick\u00fdm pracovn\u00edkem.<\/p><p data-start=\"3327\" data-end=\"3489\"><strong data-start=\"3327\" data-end=\"3375\">Ot\u00e1zka 16: Jsou va\u0161e v\u00fdrobky bezpe\u010dn\u00e9 pro neku\u0159\u00e1ky?<\/strong><br data-start=\"3375\" data-end=\"3378\" \/>E-cigarety jsou ur\u010deny pro dosp\u011bl\u00e9 ku\u0159\u00e1ky nebo u\u017eivatele nikotinu - nikoli pro neku\u0159\u00e1ky, t\u011bhotn\u00e9 \u017eeny nebo nezletil\u00e9.<\/p>\t\t\t\t\t\t\t\t<\/div>\n\t\t\t\t<div class=\"elementor-element elementor-element-3ad2735 elementor-widget elementor-widget-spacer\" data-id=\"3ad2735\" data-element_type=\"widget\" data-e-type=\"widget\" data-widget_type=\"spacer.default\">\n\t\t\t\t\t\t\t<div class=\"elementor-spacer\">\n\t\t\t<div class=\"elementor-spacer-inner\"><\/div>\n\t\t<\/div>\n\t\t\t\t\t\t<\/div>\n\t\t\t\t\t<\/div>\n\t\t\t\t<\/div>\n\t\t<div class=\"elementor-element elementor-element-d5cf795 e-flex e-con-boxed e-con e-parent\" data-id=\"d5cf795\" data-element_type=\"container\" data-e-type=\"container\">\n\t\t\t\t\t<div class=\"e-con-inner\">\n\t\t\t\t<div class=\"elementor-element elementor-element-36f85ab elementor-widget elementor-widget-text-editor\" data-id=\"36f85ab\" data-element_type=\"widget\" data-e-type=\"widget\" data-widget_type=\"text-editor.default\">\n\t\t\t\t\t\t\t\t\t<p data-start=\"407\" data-end=\"520\"><strong>M\u00e1te dal\u0161\u00ed ot\u00e1zky? Nebojte se - n\u00e1\u0161 p\u0159\u00e1telsk\u00fd t\u00fdm podpory je v\u00e1m k dispozici nep\u0159etr\u017eit\u011b.<\/strong><\/p>\t\t\t\t\t\t\t\t<\/div>\n\t\t\t\t\t<\/div>\n\t\t\t\t<\/div>\n\t\t\t\t<\/div>","protected":false},"excerpt":{"rendered":"<p>\ud83e\udde0 General Questions Q1: What is an e-cigarette?An e-cigarette is an electronic device that heats e-liquid to produce vapor. It provides a smoking-like experience without burning tobacco, reducing the production of harmful substances like tar and carbon monoxide. Q2: Do e-cigarettes contain nicotine?That depends on the e-liquid. Some e-liquids contain nicotine, while others are completely [&hellip;]<\/p>\n","protected":false},"author":1,"featured_media":0,"parent":0,"menu_order":0,"comment_status":"closed","ping_status":"closed","template":"","meta":{"footnotes":""},"class_list":["post-7263","page","type-page","status-publish","hentry"],"yoast_head":"<!-- This site is optimized with the Yoast SEO plugin v27.4 - https:\/\/yoast.com\/product\/yoast-seo-wordpress\/ -->\n<title>FAQ - VapeMaison<\/title>\n<meta name=\"robots\" content=\"index, follow, max-snippet:-1, max-image-preview:large, max-video-preview:-1\" \/>\n<link rel=\"canonical\" href=\"https:\/\/vapemaison.com\/cs\/faq\/\" \/>\n<meta property=\"og:locale\" content=\"cs_CZ\" \/>\n<meta property=\"og:type\" content=\"article\" \/>\n<meta property=\"og:title\" content=\"FAQ - VapeMaison\" \/>\n<meta property=\"og:description\" content=\"\ud83e\udde0 General Questions Q1: What is an e-cigarette?An e-cigarette is an electronic device that heats e-liquid to produce vapor. It provides a smoking-like experience without burning tobacco, reducing the production of harmful substances like tar and carbon monoxide. Q2: Do e-cigarettes contain nicotine?That depends on the e-liquid. Some e-liquids contain nicotine, while others are completely [&hellip;]\" \/>\n<meta property=\"og:url\" content=\"https:\/\/vapemaison.com\/cs\/faq\/\" \/>\n<meta property=\"og:site_name\" content=\"VapeMaison\" \/>\n<meta property=\"article:modified_time\" content=\"2025-10-20T10:17:19+00:00\" \/>\n<meta name=\"twitter:card\" content=\"summary_large_image\" \/>\n<meta name=\"twitter:label1\" content=\"Odhadovan\u00e1 doba \u010dten\u00ed\" \/>\n\t<meta name=\"twitter:data1\" content=\"1 minuta\" \/>\n<!-- \/ Yoast SEO plugin. -->","yoast_head_json":{"title":"Nej\u010dast\u011bj\u0161\u00ed dotazy - VapeMaison","robots":{"index":"index","follow":"follow","max-snippet":"max-snippet:-1","max-image-preview":"max-image-preview:large","max-video-preview":"max-video-preview:-1"},"canonical":"https:\/\/vapemaison.com\/cs\/faq\/","og_locale":"cs_CZ","og_type":"article","og_title":"FAQ - VapeMaison","og_description":"\ud83e\udde0 General Questions Q1: What is an e-cigarette?An e-cigarette is an electronic device that heats e-liquid to produce vapor. It provides a smoking-like experience without burning tobacco, reducing the production of harmful substances like tar and carbon monoxide. Q2: Do e-cigarettes contain nicotine?That depends on the e-liquid. Some e-liquids contain nicotine, while others are completely [&hellip;]","og_url":"https:\/\/vapemaison.com\/cs\/faq\/","og_site_name":"VapeMaison","article_modified_time":"2025-10-20T10:17:19+00:00","twitter_card":"summary_large_image","twitter_misc":{"Odhadovan\u00e1 doba \u010dten\u00ed":"1 minuta"},"schema":{"@context":"https:\/\/schema.org","@graph":[{"@type":"WebPage","@id":"https:\/\/vapemaison.com\/faq\/","url":"https:\/\/vapemaison.com\/faq\/","name":"Nej\u010dast\u011bj\u0161\u00ed dotazy - VapeMaison","isPartOf":{"@id":"https:\/\/vapemaison.com\/#website"},"datePublished":"2025-10-16T02:18:27+00:00","dateModified":"2025-10-20T10:17:19+00:00","breadcrumb":{"@id":"https:\/\/vapemaison.com\/faq\/#breadcrumb"},"inLanguage":"cs","potentialAction":[{"@type":"ReadAction","target":["https:\/\/vapemaison.com\/faq\/"]}]},{"@type":"BreadcrumbList","@id":"https:\/\/vapemaison.com\/faq\/#breadcrumb","itemListElement":[{"@type":"ListItem","position":1,"name":"\u9996\u9875","item":"https:\/\/vapemaison.com\/"},{"@type":"ListItem","position":2,"name":"FAQ"}]},{"@type":"WebSite","@id":"https:\/\/vapemaison.com\/#website","url":"https:\/\/vapemaison.com\/","name":"VapeMaison","description":"Pr\u00e9miov\u00e1 vapingov\u00e1 za\u0159\u00edzen\u00ed a p\u0159\u00edslu\u0161enstv\u00ed","publisher":{"@id":"https:\/\/vapemaison.com\/#organization"},"potentialAction":[{"@type":"SearchAction","target":{"@type":"EntryPoint","urlTemplate":"https:\/\/vapemaison.com\/?s={search_term_string}"},"query-input":{"@type":"PropertyValueSpecification","valueRequired":true,"valueName":"search_term_string"}}],"inLanguage":"cs"},{"@type":"Organization","@id":"https:\/\/vapemaison.com\/#organization","name":"VapeMaison","url":"https:\/\/vapemaison.com\/","logo":{"@type":"ImageObject","inLanguage":"cs","@id":"https:\/\/vapemaison.com\/#\/schema\/logo\/image\/","url":"https:\/\/vapemaison.com\/wp-content\/uploads\/2026\/01\/cropped-vapemaison-logo-g-2026.webp","contentUrl":"https:\/\/vapemaison.com\/wp-content\/uploads\/2026\/01\/cropped-vapemaison-logo-g-2026.webp","width":350,"height":280,"caption":"VapeMaison"},"image":{"@id":"https:\/\/vapemaison.com\/#\/schema\/logo\/image\/"},"sameAs":["https:\/\/www.youtube.com\/@VapeMaison"]}]}},"_links":{"self":[{"href":"https:\/\/vapemaison.com\/cs\/wp-json\/wp\/v2\/pages\/7263","targetHints":{"allow":["GET"]}}],"collection":[{"href":"https:\/\/vapemaison.com\/cs\/wp-json\/wp\/v2\/pages"}],"about":[{"href":"https:\/\/vapemaison.com\/cs\/wp-json\/wp\/v2\/types\/page"}],"author":[{"embeddable":true,"href":"https:\/\/vapemaison.com\/cs\/wp-json\/wp\/v2\/users\/1"}],"replies":[{"embeddable":true,"href":"https:\/\/vapemaison.com\/cs\/wp-json\/wp\/v2\/comments?post=7263"}],"version-history":[{"count":0,"href":"https:\/\/vapemaison.com\/cs\/wp-json\/wp\/v2\/pages\/7263\/revisions"}],"wp:attachment":[{"href":"https:\/\/vapemaison.com\/cs\/wp-json\/wp\/v2\/media?parent=7263"}],"curies":[{"name":"wp","href":"https:\/\/api.w.org\/{rel}","templated":true}]}}