

{"id":11217,"date":"2025-11-11T06:33:43","date_gmt":"2025-11-11T06:33:43","guid":{"rendered":"https:\/\/vapemaison.com\/?post_type=product&#038;p=11217"},"modified":"2025-11-21T08:53:49","modified_gmt":"2025-11-21T08:53:49","slug":"vozol-star-20000-puffs-vape","status":"publish","type":"product","link":"https:\/\/vapemaison.com\/cs\/product\/vozol-star-20000-puffs-vape\/","title":{"rendered":"VOZOL STAR 20000 | Vozol star 20k PUFF 5%"},"content":{"rendered":"<h3 class=\"wp-block-heading\"><strong>Vozol Star 20000 Puffs Dual Power - dokonal\u00fd z\u00e1\u017eitek z vapingu<\/strong><\/h3>\n\n\n\n<p><strong>Vozol Star 20000 Puffs Dual Power<\/strong> nov\u011b definuje jednor\u00e1zov\u00e9 vapes s p\u0159evratnou technologi\u00ed, kter\u00e1 nab\u00edz\u00ed <strong>20k puff<\/strong> pro bezkonkuren\u010dn\u00ed dlouhotrvaj\u00edc\u00ed vapingov\u00fd z\u00e1\u017eitek. Obsahuje <strong>Technologie Dual Power<\/strong>, zaji\u0161\u0165uje konzistentn\u00ed chu\u0165 a hladk\u00e9 potahy od prvn\u00edho do posledn\u00edho \u0161luknut\u00ed, co\u017e z n\u011bj \u010din\u00ed ide\u00e1ln\u00ed volbu pro vapery, kte\u0159\u00ed hledaj\u00ed pohodl\u00ed, kvalitu a v\u00fdkon.<\/p>\n\n\n\n<h3 class=\"wp-block-heading\"><strong>Pro\u010d si vybrat Vozol Star 20000 Puffs Dual Power?<\/strong><\/h3>\n\n\n\n<ul class=\"wp-block-list\">\n<li><strong>Dlouhodob\u00fd v\u00fdkon<\/strong>: S neuv\u011b\u0159iteln\u00fdm <strong>20000 obl\u00e1\u010dk\u016f<\/strong>, Vape<strong> Du\u00e1ln\u00ed nap\u00e1jen\u00ed<\/strong> je navr\u017een tak, aby v\u00e1s udr\u017eel v provozu del\u0161\u00ed dobu, co\u017e z n\u011bj \u010din\u00ed cenov\u011b v\u00fdhodnou volbu pro v\u00e1\u017en\u00e9 z\u00e1jemce o vapov\u00e1n\u00ed.<\/li>\n\n\n\n<li><strong>Chutn\u00e9 a hladk\u00e9<\/strong>: Technologie Dual Power zaji\u0161\u0165uje, \u017ee ka\u017ed\u00fd \u0161luk je stejn\u011b sv\u011b\u017e\u00ed a uspokojiv\u00fd jako ten prvn\u00ed. <strong>jemn\u00e1, bohat\u00e1 chu\u0165<\/strong> po celou dobu \u017eivotnosti za\u0159\u00edzen\u00ed.<\/li>\n\n\n\n<li><strong>Ide\u00e1ln\u00ed na cesty<\/strong>: D\u00edky kompaktn\u00edmu a ergonomick\u00e9mu designu je <strong>Vozol Star<\/strong> snadno se p\u0159en\u00e1\u0161\u00ed a je ide\u00e1ln\u00ed pro <strong>vaping kdekoli<\/strong>.<\/li>\n\n\n\n<li><strong>Bezprobl\u00e9mov\u00e9 doru\u010den\u00ed<\/strong>: U\u017eijte si <strong>rychl\u00e9 dod\u00e1n\u00ed vape v Dubaji<\/strong> s Vape King DXB, kter\u00fd p\u0159in\u00e1\u0161\u00ed to nejlep\u0161\u00ed z vapingu a\u017e k v\u00e1m dom\u016f.<\/li>\n<\/ul>\n\n\n\n<h3 class=\"wp-block-heading\">Vozol star 20k <strong>Kl\u00ed\u010dov\u00e9 vlastnosti<\/strong><\/h3>\n\n\n\n<ul class=\"wp-block-list\">\n<li><strong>Nesrovnateln\u00fd po\u010det puf\u016f<\/strong>:<br>S <strong>20 000 vdech\u016f<\/strong>, ... <strong>Vozol Star 20000 Puffs Dual Power<\/strong> vynik\u00e1 na trhu jako jeden z nejd\u00e9le vydr\u017e\u00edc\u00edch jednor\u00e1zov\u00fdch vap\u016f, ide\u00e1ln\u00ed pro vapery, kte\u0159\u00ed cht\u011bj\u00ed prodlou\u017eit dobu pou\u017e\u00edv\u00e1n\u00ed bez ob\u011btov\u00e1n\u00ed chuti nebo v\u00fdkonu.<\/li>\n\n\n\n<li><strong>Technologie Dual Power<\/strong>:<br>Na str\u00e1nk\u00e1ch <strong>Du\u00e1ln\u00ed nap\u00e1jen\u00ed<\/strong> syst\u00e9m stabilizuje v\u00fdstup a poskytuje konzistentn\u00ed v\u00fdkon p\u0159i ka\u017ed\u00e9m pot\u00e1hnut\u00ed. Za\u017eijte plynul\u00fd, nep\u0159eru\u0161ovan\u00fd vaping s bohatou chut\u00ed, kter\u00e1 nikdy nevyprch\u00e1.<\/li>\n\n\n\n<li><strong>Kompaktn\u00ed a stylov\u00fd design<\/strong>:<br>Na str\u00e1nk\u00e1ch <strong>Vozol Star<\/strong> m\u00e1 elegantn\u00ed a p\u0159enosn\u00fd design, kter\u00fd se pohodln\u011b dr\u017e\u00ed v ruce a snadno se vejde do kapsy. Vezm\u011bte si ji s sebou, a\u0165 u\u017e jdete kamkoli, a zajist\u011bte si prvot\u0159\u00eddn\u00ed vapingov\u00fd z\u00e1\u017eitek na cest\u00e1ch.<\/li>\n\n\n\n<li><strong>Pr\u00e9miov\u00e1 kvalita proveden\u00ed<\/strong>:<br>Vyrobeno z vysoce kvalitn\u00edch materi\u00e1l\u016f. <strong>Vozol Star 20000 Puffs<\/strong> nab\u00edz\u00ed odolnost a spolehlivost, co\u017e zaru\u010duje dlouhotrvaj\u00edc\u00ed v\u00fdkon i p\u0159i \u010dast\u00e9m pou\u017e\u00edv\u00e1n\u00ed.<\/li>\n\n\n\n<li><strong>Pohodln\u00e9 dod\u00e1n\u00ed vape v Dubaji<\/strong>:<br>Z\u00edskejte <strong>Vozol Star 20000 Puffs Dual Power<\/strong> s rychl\u00fdm, bezpe\u010dn\u00fdm a bezprobl\u00e9mov\u00fdm doru\u010den\u00edm p\u0159\u00edmo k v\u00e1m dom\u016f v Dubaji. U\u017e nikdy v\u00e1m nedojde va\u0161e obl\u00edben\u00e9 za\u0159\u00edzen\u00ed - spole\u010dnost Vape King DXB v\u00e1m zajist\u00ed p\u0159\u00edstup ke \u0161pi\u010dkov\u00fdm vapingov\u00fdm produkt\u016fm, kter\u00e9 v\u00e1m budou vyhovovat.<\/li>\n<\/ul>\n\n\n\n<h3 class=\"wp-block-heading\"><strong>Dostupn\u00e9 p\u0159\u00edchut\u011b<\/strong><\/h3>\n\n\n\n<p>Dop\u0159ejte si \u0161irokou \u0161k\u00e1lu lahodn\u00fdch a osv\u011b\u017euj\u00edc\u00edch p\u0159\u00edchut\u00ed s produktem <strong>Vozol Star 20000 Puffs Dual Power<\/strong>. A\u0165 u\u017e d\u00e1v\u00e1te p\u0159ednost ovocn\u00fdm, ledov\u00fdm nebo klasick\u00fdm sm\u011bs\u00edm, ka\u017ed\u00fd si najde n\u011bco pro sv\u00e9 chu\u0165ov\u00e9 bu\u0148ky:<\/p>\n\n\n\n<ul class=\"wp-block-list\">\n<li><strong>Melounov\u00fd led<\/strong><\/li>\n\n\n\n<li><strong>Hroznov\u00fd led<\/strong><\/li>\n\n\n\n<li><strong>Mango Ice<\/strong><\/li>\n\n\n\n<li><strong>Dvojit\u00fd jable\u010dn\u00fd led<\/strong><\/li>\n\n\n\n<li><strong>Jahodov\u00e9 kiwi<\/strong><\/li>\n\n\n\n<li><strong>Malinov\u00fd meloun<\/strong><\/li>\n\n\n\n<li><strong>Blue Razz Ice<\/strong><\/li>\n\n\n\n<li><strong>Jahodov\u00e9 mango<\/strong><\/li>\n\n\n\n<li><strong>Mango broskev meloun<\/strong><\/li>\n\n\n\n<li><strong>Cherry Cola<\/strong><\/li>\n\n\n\n<li><strong>\u0160\u0165avnat\u00fd broskvov\u00fd led<\/strong><\/li>\n\n\n\n<li><strong>Dragon Strawnana<\/strong><\/li>\n\n\n\n<li><strong>Sm\u00ed\u0161en\u00e9 bobule<\/strong><\/li>\n\n\n\n<li><strong>Lemon Lime<\/strong><\/li>\n\n\n\n<li><strong>Tropick\u00fd v\u00fdbuch<\/strong><\/li>\n\n\n\n<li><strong>Bor\u016fvkov\u00e1 bou\u0159e<\/strong><\/li>\n\n\n\n<li><strong>Parf\u00e9m Lemon<\/strong><\/li>\n\n\n\n<li><strong>Oran\u017eov\u00fd ananas li\u010di<\/strong><\/li>\n\n\n\n<li><strong>L\u00e1ska 777<\/strong><\/li>\n\n\n\n<li><strong>Malina Jablko Meloun Ananas<\/strong><\/li>\n<\/ul>\n\n\n\n<h3 class=\"wp-block-heading\"><strong>Objednejte si nyn\u00ed a vyzkou\u0161ejte nejlep\u0161\u00ed technologii vapingu<\/strong><\/h3>\n\n\n\n<p>Na str\u00e1nk\u00e1ch <strong>Vozol Star 20000 Puffs Dual Power<\/strong> je nyn\u00ed k dispozici na adrese <strong>Vape King DXB<\/strong>. U\u017eijte si <strong>dlouhotrvaj\u00edc\u00ed obl\u00e1\u010dky<\/strong>, v\u00fdjime\u010dnou chu\u0165 a bezkonkuren\u010dn\u00ed pohodl\u00ed v jednom p\u0159\u00edstroji. Objednejte si ho je\u0161t\u011b dnes a zintenzivn\u011bte sv\u016fj vaping!<\/p>\n\n\n\n<p>M\u016f\u017eete nav\u0161t\u00edvit dal\u0161\u00ed produkty pod zna\u010dkou vozol, nebo se pod\u00edvat na stejn\u011b obl\u00edben\u00e9 M\u016f\u017eete nav\u0161t\u00edvit dal\u0161\u00ed produkty pod zna\u010dkou vozol. <strong><a href=\"https:\/\/vapemaison.com\/brand\/vozol\/\">Zna\u010dka VOZOL<\/a><\/strong>, nebo se pod\u00edvejte na stejn\u011b obl\u00edben\u00fd<strong> <a href=\"https:\/\/vapemaison.com\/product\/vozol-vista-20000-puff-vape\/\">VOZOL VISTA 20000<\/a><\/strong>.<\/p>\n\n\n\n<p><\/p>","protected":false},"excerpt":{"rendered":"<p data-start=\"3955\" data-end=\"4211\">Zku\u0161enosti <strong data-start=\"3966\" data-end=\"3982\">20 000 vdech\u016f<\/strong> s <strong data-start=\"3992\" data-end=\"4029\">Vozol Star 20000 Puffs Dual Power<\/strong>, kter\u00fd obsahuje <strong data-start=\"4041\" data-end=\"4066\">Technologie Dual Power<\/strong> pro konzistentn\u00ed v\u00fdkon a jemnou chu\u0165. Kompaktn\u00ed, odoln\u00e9 a dostupn\u00e9 v <strong data-start=\"4148\" data-end=\"4171\">24 vzru\u0161uj\u00edc\u00edch p\u0159\u00edchut\u00ed<\/strong>. Rychl\u00e9 a pohodln\u00e9 doru\u010den\u00ed ve VapeMaison.<\/p>","protected":false},"featured_media":11254,"comment_status":"open","ping_status":"closed","template":"","meta":[],"product_brand":[178],"product_cat":[133],"product_tag":[],"class_list":{"0":"post-11217","1":"product","2":"type-product","3":"status-publish","4":"has-post-thumbnail","6":"product_brand-vozol","7":"product_cat-20k-puffs","9":"first","10":"instock","11":"sale","12":"shipping-taxable","13":"purchasable","14":"product-type-variable"},"yoast_head":"<!-- This site is optimized with the Yoast SEO plugin v27.4 - https:\/\/yoast.com\/product\/yoast-seo-wordpress\/ -->\n<title>Vozol Star 20000 Puffs Dual Power Vape \u2013vozol star 20k Puffs<\/title>\n<meta name=\"description\" content=\"Discover the Vozol Star 20000 Puffs Dual Power, . Available in 24 flavors and ideal for on-the-go use, delivering a vaping experience anytime, anywhere.\" \/>\n<meta name=\"robots\" content=\"index, follow, max-snippet:-1, max-image-preview:large, max-video-preview:-1\" \/>\n<link rel=\"canonical\" href=\"https:\/\/vapemaison.com\/cs\/produkt\/vozol-star-20000-puffs-vape\/\" \/>\n<meta property=\"og:locale\" content=\"cs_CZ\" \/>\n<meta property=\"og:type\" content=\"article\" \/>\n<meta property=\"og:title\" content=\"Vozol Star 20000 Puffs Dual Power Vape \u2013vozol star 20k Puffs\" \/>\n<meta property=\"og:description\" content=\"Discover the Vozol Star 20000 Puffs Dual Power, . Available in 24 flavors and ideal for on-the-go use, delivering a vaping experience anytime, anywhere.\" \/>\n<meta property=\"og:url\" content=\"https:\/\/vapemaison.com\/cs\/produkt\/vozol-star-20000-puffs-vape\/\" \/>\n<meta property=\"og:site_name\" content=\"VapeMaison\" \/>\n<meta property=\"article:modified_time\" content=\"2025-11-21T08:53:49+00:00\" \/>\n<meta property=\"og:image\" content=\"https:\/\/vapemaison.com\/wp-content\/uploads\/2025\/11\/vozol-star-20000-perfume-lemon-r8t8017-1.jpg\" \/>\n\t<meta property=\"og:image:width\" content=\"2048\" \/>\n\t<meta property=\"og:image:height\" content=\"1969\" \/>\n\t<meta property=\"og:image:type\" content=\"image\/jpeg\" \/>\n<meta name=\"twitter:card\" content=\"summary_large_image\" \/>\n<meta name=\"twitter:label1\" content=\"Odhadovan\u00e1 doba \u010dten\u00ed\" \/>\n\t<meta name=\"twitter:data1\" content=\"3 minuty\" \/>\n<!-- \/ Yoast SEO plugin. -->","yoast_head_json":{"title":"Vozol Star 20000 Puffs Dual Power Vape -vozol star 20k Puffs","description":"Objevte Vozol Star 20000 Puffs Dual Power, . Je k dispozici ve 24 p\u0159\u00edchut\u00edch a je ide\u00e1ln\u00ed pro pou\u017eit\u00ed na cest\u00e1ch, kdykoli a kdekoli poskytuje vapingov\u00fd z\u00e1\u017eitek.","robots":{"index":"index","follow":"follow","max-snippet":"max-snippet:-1","max-image-preview":"max-image-preview:large","max-video-preview":"max-video-preview:-1"},"canonical":"https:\/\/vapemaison.com\/cs\/produkt\/vozol-star-20000-puffs-vape\/","og_locale":"cs_CZ","og_type":"article","og_title":"Vozol Star 20000 Puffs Dual Power Vape \u2013vozol star 20k Puffs","og_description":"Discover the Vozol Star 20000 Puffs Dual Power, . Available in 24 flavors and ideal for on-the-go use, delivering a vaping experience anytime, anywhere.","og_url":"https:\/\/vapemaison.com\/cs\/produkt\/vozol-star-20000-puffs-vape\/","og_site_name":"VapeMaison","article_modified_time":"2025-11-21T08:53:49+00:00","og_image":[{"width":2048,"height":1969,"url":"https:\/\/vapemaison.com\/wp-content\/uploads\/2025\/11\/vozol-star-20000-perfume-lemon-r8t8017-1.jpg","type":"image\/jpeg"}],"twitter_card":"summary_large_image","twitter_misc":{"Odhadovan\u00e1 doba \u010dten\u00ed":"3 minuty"},"schema":{"@context":"https:\/\/schema.org","@graph":[{"@type":"WebPage","@id":"https:\/\/vapemaison.com\/product\/vozol-star-20000-puffs-vape\/","url":"https:\/\/vapemaison.com\/product\/vozol-star-20000-puffs-vape\/","name":"Vozol Star 20000 Puffs Dual Power Vape -vozol star 20k Puffs","isPartOf":{"@id":"https:\/\/vapemaison.com\/#website"},"primaryImageOfPage":{"@id":"https:\/\/vapemaison.com\/product\/vozol-star-20000-puffs-vape\/#primaryimage"},"image":{"@id":"https:\/\/vapemaison.com\/product\/vozol-star-20000-puffs-vape\/#primaryimage"},"thumbnailUrl":"https:\/\/vapemaison.com\/wp-content\/uploads\/2025\/11\/vozol-star-20000-perfume-lemon-r8t8017-1.jpg","datePublished":"2025-11-11T06:33:43+00:00","dateModified":"2025-11-21T08:53:49+00:00","description":"Objevte Vozol Star 20000 Puffs Dual Power, . Je k dispozici ve 24 p\u0159\u00edchut\u00edch a je ide\u00e1ln\u00ed pro pou\u017eit\u00ed na cest\u00e1ch, kdykoli a kdekoli poskytuje vapingov\u00fd z\u00e1\u017eitek.","breadcrumb":{"@id":"https:\/\/vapemaison.com\/product\/vozol-star-20000-puffs-vape\/#breadcrumb"},"inLanguage":"cs","potentialAction":[{"@type":"ReadAction","target":["https:\/\/vapemaison.com\/product\/vozol-star-20000-puffs-vape\/"]}]},{"@type":"ImageObject","inLanguage":"cs","@id":"https:\/\/vapemaison.com\/product\/vozol-star-20000-puffs-vape\/#primaryimage","url":"https:\/\/vapemaison.com\/wp-content\/uploads\/2025\/11\/vozol-star-20000-perfume-lemon-r8t8017-1.jpg","contentUrl":"https:\/\/vapemaison.com\/wp-content\/uploads\/2025\/11\/vozol-star-20000-perfume-lemon-r8t8017-1.jpg","width":2048,"height":1969,"caption":"Vozol Star Perfume Lemon R8t Disposable Vape Device"},{"@type":"BreadcrumbList","@id":"https:\/\/vapemaison.com\/product\/vozol-star-20000-puffs-vape\/#breadcrumb","itemListElement":[{"@type":"ListItem","position":1,"name":"\u9996\u9875","item":"https:\/\/vapemaison.com\/"},{"@type":"ListItem","position":2,"name":"Shop","item":"https:\/\/vapemaison.com\/shop\/"},{"@type":"ListItem","position":3,"name":"Vozol","item":"https:\/\/vapemaison.com\/brand\/vozol\/"},{"@type":"ListItem","position":4,"name":"VOZOL STAR 20000 | Vozol star 20k PUFF 5%"}]},{"@type":"WebSite","@id":"https:\/\/vapemaison.com\/#website","url":"https:\/\/vapemaison.com\/","name":"VapeMaison","description":"Pr\u00e9miov\u00e1 vapingov\u00e1 za\u0159\u00edzen\u00ed a p\u0159\u00edslu\u0161enstv\u00ed","publisher":{"@id":"https:\/\/vapemaison.com\/#organization"},"potentialAction":[{"@type":"SearchAction","target":{"@type":"EntryPoint","urlTemplate":"https:\/\/vapemaison.com\/?s={search_term_string}"},"query-input":{"@type":"PropertyValueSpecification","valueRequired":true,"valueName":"search_term_string"}}],"inLanguage":"cs"},{"@type":"Organization","@id":"https:\/\/vapemaison.com\/#organization","name":"VapeMaison","url":"https:\/\/vapemaison.com\/","logo":{"@type":"ImageObject","inLanguage":"cs","@id":"https:\/\/vapemaison.com\/#\/schema\/logo\/image\/","url":"https:\/\/vapemaison.com\/wp-content\/uploads\/2026\/01\/cropped-vapemaison-logo-g-2026.webp","contentUrl":"https:\/\/vapemaison.com\/wp-content\/uploads\/2026\/01\/cropped-vapemaison-logo-g-2026.webp","width":350,"height":280,"caption":"VapeMaison"},"image":{"@id":"https:\/\/vapemaison.com\/#\/schema\/logo\/image\/"},"sameAs":["https:\/\/www.youtube.com\/@VapeMaison"]}]}},"tiered_pricing_type":"fixed","tiered_pricing_fixed_rules":{"30":"11.24","50":"10.36","100":"9.56","200":"8.47"},"tiered_pricing_product_settings":{"layout":"default","base_unit_name":{"singular":null,"plural":null},"default_variation":null},"tiered_pricing_minimum_quantity":10,"tiered_pricing_roles_data":[],"tiered_pricing_percentage_rules":[],"tiered_pricing_maximum_quantity":null,"tiered_pricing_quantity_step":"10","_links":{"self":[{"href":"https:\/\/vapemaison.com\/cs\/wp-json\/wp\/v2\/product\/11217","targetHints":{"allow":["GET"]}}],"collection":[{"href":"https:\/\/vapemaison.com\/cs\/wp-json\/wp\/v2\/product"}],"about":[{"href":"https:\/\/vapemaison.com\/cs\/wp-json\/wp\/v2\/types\/product"}],"replies":[{"embeddable":true,"href":"https:\/\/vapemaison.com\/cs\/wp-json\/wp\/v2\/comments?post=11217"}],"version-history":[{"count":0,"href":"https:\/\/vapemaison.com\/cs\/wp-json\/wp\/v2\/product\/11217\/revisions"}],"wp:featuredmedia":[{"embeddable":true,"href":"https:\/\/vapemaison.com\/cs\/wp-json\/wp\/v2\/media\/11254"}],"wp:attachment":[{"href":"https:\/\/vapemaison.com\/cs\/wp-json\/wp\/v2\/media?parent=11217"}],"wp:term":[{"taxonomy":"product_brand","embeddable":true,"href":"https:\/\/vapemaison.com\/cs\/wp-json\/wp\/v2\/product_brand?post=11217"},{"taxonomy":"product_cat","embeddable":true,"href":"https:\/\/vapemaison.com\/cs\/wp-json\/wp\/v2\/product_cat?post=11217"},{"taxonomy":"product_tag","embeddable":true,"href":"https:\/\/vapemaison.com\/cs\/wp-json\/wp\/v2\/product_tag?post=11217"}],"curies":[{"name":"wp","href":"https:\/\/api.w.org\/{rel}","templated":true}]}}