

{"id":11219,"date":"2025-11-11T06:33:44","date_gmt":"2025-11-11T06:33:44","guid":{"rendered":"https:\/\/vapemaison.com\/?post_type=product&#038;p=11219"},"modified":"2026-03-06T03:44:51","modified_gmt":"2026-03-06T03:44:51","slug":"jnr-falcon-16000-puff-jnr-16k","status":"publish","type":"product","link":"https:\/\/vapemaison.com\/cs\/product\/jnr-falcon-16000-puff-jnr-16k\/","title":{"rendered":"JNR Falcon 16000 Puff JNR 16k"},"content":{"rendered":"<h2 class=\"wp-block-heading\"><strong>JNR 16k Puffs Disposable Vape - v\u00fdkonn\u00fd a dlouhotrvaj\u00edc\u00ed z\u00e1\u017eitek z vapov\u00e1n\u00ed<\/strong><\/h2>\n\n\n\n<p>Na str\u00e1nk\u00e1ch <strong>JNR 16k Puffs<\/strong> je vysoce v\u00fdkonn\u00fd jednor\u00e1zov\u00fd vape navr\u017een\u00fd tak, aby nab\u00edzel dlouhotrvaj\u00edc\u00ed po\u017eitek z pou\u017e\u00edv\u00e1n\u00ed s p\u016fsobiv\u00fdm v\u00fddejem. <strong>16k obl\u00e1\u010dk\u016f<\/strong> na za\u0159\u00edzen\u00ed. Vybaveno pokro\u010dil\u00fdmi <strong>technologie dvojit\u00e9 s\u00ed\u0165ov\u00e9 c\u00edvky<\/strong>, velk\u00fd <strong>Baterie s kapacitou 850 mAh<\/strong>, a <strong>Kapacita 22 ml e-liquidu<\/strong>, toto za\u0159\u00edzen\u00ed zaru\u010duje konzistentn\u00ed chu\u0165, velk\u00e9 mraky a hladk\u00fd z\u00e1tah do krku. Ide\u00e1ln\u00ed pro vapery, kte\u0159\u00ed vy\u017eaduj\u00ed trvanlivost a v\u00fdkon. <strong>JNR 16k<\/strong> je ide\u00e1ln\u00ed volbou pro del\u0161\u00ed vapov\u00e1n\u00ed.<\/p>\n\n\n\n<h3 class=\"wp-block-heading\"><strong>Kl\u00ed\u010dov\u00e9 vlastnosti<\/strong><\/h3>\n\n\n\n<ul class=\"wp-block-list\">\n<li><strong>A\u017e 16 000 puf\u016f<\/strong>:<br>Vychutnejte si del\u0161\u00ed vapov\u00e1n\u00ed, ani\u017e byste museli za\u0159\u00edzen\u00ed \u010dasto vym\u011b\u0148ovat.<\/li>\n\n\n\n<li><strong>Baterie 850 mAh<\/strong>:<br>Siln\u00e1 kapacita baterie zaji\u0161\u0165uje st\u00e1l\u00fd v\u00fdkon po celou dobu jej\u00ed \u017eivotnosti.<\/li>\n\n\n\n<li><strong>Du\u00e1ln\u00ed s\u00ed\u0165ov\u00e9 c\u00edvky<\/strong>:<br>Poskytuje lep\u0161\u00ed chu\u0165 a produkci p\u00e1ry a vytv\u00e1\u0159\u00ed hladk\u00e9 a bohat\u00e9 potahy v krku.<\/li>\n\n\n\n<li><strong>Kapacita 22 ml e-liquidu<\/strong>:<br>Velkorys\u00fd z\u00e1sobn\u00edk e-liquidu pro dlouhotrvaj\u00edc\u00ed pou\u017e\u00edv\u00e1n\u00ed, kter\u00fd eliminuje \u010dast\u00e9 dopl\u0148ov\u00e1n\u00ed.<\/li>\n\n\n\n<li><strong>Du\u00e1ln\u00ed nab\u00edjec\u00ed porty<\/strong>:<br>Zahrnuje <strong>Typ C<\/strong> a <strong>Blesk<\/strong> pro rychl\u00e9 a pohodln\u00e9 dob\u00edjen\u00ed.<\/li>\n\n\n\n<li><strong>Siln\u00fd z\u00e1sah do hrdla a velk\u00e9 mraky<\/strong>:<br>Ur\u010deno pro vapery, kte\u0159\u00ed d\u00e1vaj\u00ed p\u0159ednost siln\u00e9mu z\u00e1tahu do hrdla a v\u011bt\u0161\u00edm oblak\u016fm p\u00e1ry.<\/li>\n\n\n\n<li><strong>Dlouhotrvaj\u00edc\u00ed v\u016fn\u011b<\/strong>:<br>Zachov\u00e1v\u00e1 si sv\u011b\u017e\u00ed chu\u0165 od prvn\u00edho do posledn\u00edho \u0161luku.<\/li>\n<\/ul>\n\n\n\n<h3 class=\"wp-block-heading\"><strong>Dostupn\u00e9 p\u0159\u00edchut\u011b<\/strong><\/h3>\n\n\n\n<p>Na str\u00e1nk\u00e1ch <strong>JNR Falcon 16000<\/strong> nab\u00edz\u00ed \u0161irokou \u0161k\u00e1lu p\u0159\u00edchut\u00ed, kter\u00e9 vyhov\u00ed ka\u017ed\u00e9mu:<\/p>\n\n\n\n<ul class=\"wp-block-list\">\n<li><strong>Blue Razz Ice<\/strong><\/li>\n\n\n\n<li><strong>Led z bor\u016fvek a gran\u00e1tov\u00e9ho jablka<\/strong><\/li>\n\n\n\n<li><strong>Mango mu\u010denka<\/strong><\/li>\n\n\n\n<li><strong>Ovocn\u00e1 mu\u010denka Kiwi<\/strong><\/li>\n\n\n\n<li><strong>Jahodov\u00e9 kiwi<\/strong><\/li>\n\n\n\n<li><strong>Jahodov\u00fd melounov\u00fd led<\/strong><\/li>\n\n\n\n<li><strong>Melounov\u00fd led<\/strong><\/li>\n\n\n\n<li><strong>Berry Burst<\/strong><\/li>\n\n\n\n<li><strong>Jahodov\u00fd ban\u00e1n<\/strong><\/li>\n\n\n\n<li><strong>Sm\u00ed\u0161en\u00e9 bobule<\/strong><\/li>\n\n\n\n<li><strong>Cola Ice<\/strong><\/li>\n\n\n\n<li><strong>Bor\u016fvkov\u00e9 kiwi<\/strong><\/li>\n<\/ul>\n\n\n\n<h3 class=\"wp-block-heading\"><strong>Pro\u010d si vybrat JNR 16k?<\/strong><\/h3>\n\n\n\n<ul class=\"wp-block-list\">\n<li><strong>Odolnost a vysok\u00fd v\u00fdkon<\/strong>:<br>Na str\u00e1nk\u00e1ch <strong>JNR Falcon 16000<\/strong> je ur\u010den pro vapery, kte\u0159\u00ed cht\u011bj\u00ed odolnost a dlouhou \u017eivotnost za\u0159\u00edzen\u00ed. <strong>16 000 obl\u00e1\u010dk\u016f<\/strong>.<\/li>\n\n\n\n<li><strong>Pokro\u010dil\u00e9 funkce<\/strong>:<br>S <strong>du\u00e1ln\u00ed s\u00ed\u0165ov\u00e9 c\u00edvky<\/strong> a velkou <strong>Kapacita 22 ml e-liquidu<\/strong>, toto za\u0159\u00edzen\u00ed nab\u00edz\u00ed vynikaj\u00edc\u00ed chu\u0165, p\u00e1ru a uspokojiv\u00fd z\u00e1tah do krku.<\/li>\n\n\n\n<li><strong>Du\u00e1ln\u00ed nab\u00edjec\u00ed porty<\/strong>:<br>Za\u0159\u00edzen\u00ed je vybaveno <strong>Typ C<\/strong> a <strong>Blesk<\/strong> nab\u00edjec\u00ed porty, kter\u00e9 zaji\u0161\u0165uj\u00ed snadn\u00e9 a rychl\u00e9 dob\u00edjen\u00ed.<\/li>\n\n\n\n<li><strong>R\u016fzn\u00e9 p\u0159\u00edchut\u011b<\/strong>:<br>Vyberte si z \u0159ady <strong>ovocn\u00e9, mentolov\u00e9<\/strong>, a <strong>osv\u011b\u017euj\u00edc\u00ed sm\u011bsi<\/strong> a najd\u011bte si dokonal\u00fd prot\u011bj\u0161ek.<\/li>\n<\/ul>\n\n\n\n<h3 class=\"wp-block-heading\">16K <strong>JNR Falcon Cena a nab\u00eddky<\/strong><\/h3>\n\n\n\n<p>Z\u00edskejte <strong>JNR Falcon 16000<\/strong> jen za <strong>\u20ac24.99<\/strong>, s <strong>7% sleva<\/strong> z p\u016fvodn\u00ed ceny <strong>\u20ac26.99<\/strong>. U\u017eijte si <strong>hromadn\u00e9 slevy<\/strong> pro je\u0161t\u011b v\u011bt\u0161\u00ed \u00fasporu:<\/p>\n\n\n\n<ul class=\"wp-block-list\">\n<li><strong>Koupit 3 za\u0159\u00edzen\u00ed za 65,99 \u20ac<\/strong> (u\u0161et\u0159\u00edte 8,98 \u20ac).<\/li>\n\n\n\n<li><strong>Koupit 5 za\u0159\u00edzen\u00ed za 102,99 \u20ac<\/strong> (u\u0161et\u0159\u00edte 21,96 \u20ac).<\/li>\n<\/ul>\n\n\n\n<p>Vyu\u017eijte t\u011bchto fantastick\u00fdch nab\u00eddek a z\u00e1sobte se sv\u00fdmi obl\u00edben\u00fdmi produkty. <strong>JNR Falcon 16000<\/strong> chut\u00ed za bezkonkuren\u010dn\u00ed cenu.<\/p>\n\n\n\n<h3 class=\"wp-block-heading\"><strong>Specifikace<\/strong><\/h3>\n\n\n\n<figure class=\"wp-block-table\"><table class=\"has-fixed-layout\"><thead><tr><th>Funkce<\/th><th>Podrobnosti na<\/th><\/tr><\/thead><tbody><tr><td><strong>Po\u010det puf\u016f<\/strong><\/td><td>A\u017e 16 000 vdech\u016f<\/td><\/tr><tr><td><strong>Kapacita baterie<\/strong><\/td><td>850 mAh<\/td><\/tr><tr><td><strong>Typ c\u00edvky<\/strong><\/td><td>Dvojit\u00e1 s\u00ed\u0165ovina<\/td><\/tr><tr><td><strong>Kapacita e-liquidu<\/strong><\/td><td>22 ml<\/td><\/tr><tr><td><strong>Nab\u00edjec\u00ed porty<\/strong><\/td><td>Type-C a Lightning<\/td><\/tr><tr><td><strong>Z\u00e1sah do krku<\/strong><\/td><td>Siln\u00fd a hladk\u00fd<\/td><\/tr><tr><td><strong>V\u00fdroba v cloudu<\/strong><\/td><td>Velk\u00e9 mraky<\/td><\/tr><\/tbody><\/table><\/figure>\n\n\n\n<h3 class=\"wp-block-heading\"><strong>Nej\u010dast\u011bj\u0161\u00ed dotazy<\/strong><\/h3>\n\n\n\n<p><strong>1. \u010c\u00edm vynik\u00e1 JNR Falcon 16000?<\/strong><br>Na str\u00e1nk\u00e1ch <strong>JNR Falcon 16000<\/strong> nab\u00edz\u00ed <strong>16 000 obl\u00e1\u010dk\u016f<\/strong>, <strong>du\u00e1ln\u00ed s\u00ed\u0165ov\u00e9 c\u00edvky<\/strong> pro lep\u0161\u00ed chu\u0165, <strong>22ml e-liquidu<\/strong>, a <strong>dva nab\u00edjec\u00ed porty<\/strong> pro pohodl\u00ed, tak\u017ee je ide\u00e1ln\u00ed pro dlouhotrvaj\u00edc\u00ed vaping.<\/p>\n\n\n\n<p><strong>2. Jak dlouho vydr\u017e\u00ed JNR Falcon 16000?<\/strong><br>S <strong>16 000 obl\u00e1\u010dk\u016f<\/strong> a <strong>Baterie s kapacitou 850 mAh<\/strong>, ... <strong>JNR Falcon 16000<\/strong> je navr\u017een pro dlouhodob\u00e9 pou\u017e\u00edv\u00e1n\u00ed bez nutnosti \u010dast\u00e9 v\u00fdm\u011bny nebo dob\u00edjen\u00ed.<\/p>\n\n\n\n<p><strong>3. Jak\u00e9 p\u0159\u00edchut\u011b jsou k dispozici pro JNR Falcon 16000?<\/strong><br>P\u0159\u00edstroj se dod\u00e1v\u00e1 v r\u016fzn\u00fdch lahodn\u00fdch p\u0159\u00edchut\u00edch, v\u010detn\u011b <strong>Blue Razz Ice<\/strong>, <strong>Mango mu\u010denka<\/strong>, <strong>Jahodov\u00e9 kiwi<\/strong>, a mnoho dal\u0161\u00edch.<\/p>","protected":false},"excerpt":{"rendered":"<p data-start=\"4724\" data-end=\"4918\">JNR Falcon 16000 nab\u00edz\u00ed 16 000 potah\u016f, velkou kapacitu 22 ml e-liquidu a dv\u011b s\u00ed\u0165ov\u00e9 spir\u00e1lky pro plynul\u00fd a aromatick\u00fd vaping. K dost\u00e1n\u00ed nyn\u00ed s mno\u017estevn\u00edmi slevami na VapeMaison.<\/p>","protected":false},"featured_media":11272,"comment_status":"open","ping_status":"closed","template":"","meta":[],"product_brand":[168],"product_cat":[291],"product_tag":[],"class_list":{"0":"post-11219","1":"product","2":"type-product","3":"status-publish","4":"has-post-thumbnail","6":"product_brand-jnr","7":"product_cat-16k-puffs","9":"first","10":"instock","11":"sale","12":"shipping-taxable","13":"purchasable","14":"product-type-variable","15":"has-default-attributes"},"yoast_head":"<!-- This site is optimized with the Yoast SEO plugin v27.4 - https:\/\/yoast.com\/product\/yoast-seo-wordpress\/ -->\n<title>JNR 16k Puffs Disposable Vape | JNR 16K Dual Mesh<\/title>\n<meta name=\"description\" content=\"Experience the JNR 16k Puffs Disposable Vape. Enjoy long-lasting flavor with up to 16,000 puffs. Buy now at VapesMaison with exclusive discounts.\" \/>\n<meta name=\"robots\" content=\"index, follow, max-snippet:-1, max-image-preview:large, max-video-preview:-1\" \/>\n<link rel=\"canonical\" href=\"https:\/\/vapemaison.com\/cs\/produkt\/jnr-falcon-16000-puff-jnr-16k\/\" \/>\n<meta property=\"og:locale\" content=\"cs_CZ\" \/>\n<meta property=\"og:type\" content=\"article\" \/>\n<meta property=\"og:title\" content=\"JNR 16k Puffs Disposable Vape | JNR 16K Dual Mesh\" \/>\n<meta property=\"og:description\" content=\"Experience the JNR 16k Puffs Disposable Vape. Enjoy long-lasting flavor with up to 16,000 puffs. Buy now at VapesMaison with exclusive discounts.\" \/>\n<meta property=\"og:url\" content=\"https:\/\/vapemaison.com\/cs\/produkt\/jnr-falcon-16000-puff-jnr-16k\/\" \/>\n<meta property=\"og:site_name\" content=\"VapeMaison\" \/>\n<meta property=\"article:modified_time\" content=\"2026-03-06T03:44:51+00:00\" \/>\n<meta property=\"og:image\" content=\"https:\/\/vapemaison.com\/wp-content\/uploads\/2025\/11\/peach-oolong-tea-falcon-16000-puffs-picture-1.jpg\" \/>\n\t<meta property=\"og:image:width\" content=\"2500\" \/>\n\t<meta property=\"og:image:height\" content=\"2500\" \/>\n\t<meta property=\"og:image:type\" content=\"image\/jpeg\" \/>\n<meta name=\"twitter:card\" content=\"summary_large_image\" \/>\n<meta name=\"twitter:label1\" content=\"Odhadovan\u00e1 doba \u010dten\u00ed\" \/>\n\t<meta name=\"twitter:data1\" content=\"3 minuty\" \/>\n<!-- \/ Yoast SEO plugin. -->","yoast_head_json":{"title":"JNR 16k Puffs Vape na jedno pou\u017eit\u00ed | JNR 16K Dual Mesh","description":"Vyzkou\u0161ejte si jednor\u00e1zov\u00e9 vape JNR 16k Puffs. Vychutnejte si dlouhotrvaj\u00edc\u00ed chu\u0165 s v\u00fddr\u017e\u00ed a\u017e 16 000 potah\u016f. Nakupujte nyn\u00ed na VapesMaison s exkluzivn\u00edmi slevami.","robots":{"index":"index","follow":"follow","max-snippet":"max-snippet:-1","max-image-preview":"max-image-preview:large","max-video-preview":"max-video-preview:-1"},"canonical":"https:\/\/vapemaison.com\/cs\/produkt\/jnr-falcon-16000-puff-jnr-16k\/","og_locale":"cs_CZ","og_type":"article","og_title":"JNR 16k Puffs Disposable Vape | JNR 16K Dual Mesh","og_description":"Experience the JNR 16k Puffs Disposable Vape. Enjoy long-lasting flavor with up to 16,000 puffs. Buy now at VapesMaison with exclusive discounts.","og_url":"https:\/\/vapemaison.com\/cs\/produkt\/jnr-falcon-16000-puff-jnr-16k\/","og_site_name":"VapeMaison","article_modified_time":"2026-03-06T03:44:51+00:00","og_image":[{"width":2500,"height":2500,"url":"https:\/\/vapemaison.com\/wp-content\/uploads\/2025\/11\/peach-oolong-tea-falcon-16000-puffs-picture-1.jpg","type":"image\/jpeg"}],"twitter_card":"summary_large_image","twitter_misc":{"Odhadovan\u00e1 doba \u010dten\u00ed":"3 minuty"},"schema":{"@context":"https:\/\/schema.org","@graph":[{"@type":"WebPage","@id":"https:\/\/vapemaison.com\/product\/jnr-falcon-16000-puff-jnr-16k\/","url":"https:\/\/vapemaison.com\/product\/jnr-falcon-16000-puff-jnr-16k\/","name":"JNR 16k Puffs Vape na jedno pou\u017eit\u00ed | JNR 16K Dual Mesh","isPartOf":{"@id":"https:\/\/vapemaison.com\/#website"},"primaryImageOfPage":{"@id":"https:\/\/vapemaison.com\/product\/jnr-falcon-16000-puff-jnr-16k\/#primaryimage"},"image":{"@id":"https:\/\/vapemaison.com\/product\/jnr-falcon-16000-puff-jnr-16k\/#primaryimage"},"thumbnailUrl":"https:\/\/vapemaison.com\/wp-content\/uploads\/2025\/11\/peach-oolong-tea-falcon-16000-puffs-picture-1.jpg","datePublished":"2025-11-11T06:33:44+00:00","dateModified":"2026-03-06T03:44:51+00:00","description":"Vyzkou\u0161ejte si jednor\u00e1zov\u00e9 vape JNR 16k Puffs. Vychutnejte si dlouhotrvaj\u00edc\u00ed chu\u0165 s v\u00fddr\u017e\u00ed a\u017e 16 000 potah\u016f. Nakupujte nyn\u00ed na VapesMaison s exkluzivn\u00edmi slevami.","breadcrumb":{"@id":"https:\/\/vapemaison.com\/product\/jnr-falcon-16000-puff-jnr-16k\/#breadcrumb"},"inLanguage":"cs","potentialAction":[{"@type":"ReadAction","target":["https:\/\/vapemaison.com\/product\/jnr-falcon-16000-puff-jnr-16k\/"]}]},{"@type":"ImageObject","inLanguage":"cs","@id":"https:\/\/vapemaison.com\/product\/jnr-falcon-16000-puff-jnr-16k\/#primaryimage","url":"https:\/\/vapemaison.com\/wp-content\/uploads\/2025\/11\/peach-oolong-tea-falcon-16000-puffs-picture-1.jpg","contentUrl":"https:\/\/vapemaison.com\/wp-content\/uploads\/2025\/11\/peach-oolong-tea-falcon-16000-puffs-picture-1.jpg","width":2500,"height":2500,"caption":"Peach Oolong Tea Falcon Puffs Picture Disposable Vape Device"},{"@type":"BreadcrumbList","@id":"https:\/\/vapemaison.com\/product\/jnr-falcon-16000-puff-jnr-16k\/#breadcrumb","itemListElement":[{"@type":"ListItem","position":1,"name":"\u9996\u9875","item":"https:\/\/vapemaison.com\/"},{"@type":"ListItem","position":2,"name":"Shop","item":"https:\/\/vapemaison.com\/shop\/"},{"@type":"ListItem","position":3,"name":"JNR","item":"https:\/\/vapemaison.com\/brand\/jnr\/"},{"@type":"ListItem","position":4,"name":"JNR Falcon 16000 Puff JNR 16k"}]},{"@type":"WebSite","@id":"https:\/\/vapemaison.com\/#website","url":"https:\/\/vapemaison.com\/","name":"VapeMaison","description":"Pr\u00e9miov\u00e1 vapingov\u00e1 za\u0159\u00edzen\u00ed a p\u0159\u00edslu\u0161enstv\u00ed","publisher":{"@id":"https:\/\/vapemaison.com\/#organization"},"potentialAction":[{"@type":"SearchAction","target":{"@type":"EntryPoint","urlTemplate":"https:\/\/vapemaison.com\/?s={search_term_string}"},"query-input":{"@type":"PropertyValueSpecification","valueRequired":true,"valueName":"search_term_string"}}],"inLanguage":"cs"},{"@type":"Organization","@id":"https:\/\/vapemaison.com\/#organization","name":"VapeMaison","url":"https:\/\/vapemaison.com\/","logo":{"@type":"ImageObject","inLanguage":"cs","@id":"https:\/\/vapemaison.com\/#\/schema\/logo\/image\/","url":"https:\/\/vapemaison.com\/wp-content\/uploads\/2026\/01\/cropped-vapemaison-logo-g-2026.webp","contentUrl":"https:\/\/vapemaison.com\/wp-content\/uploads\/2026\/01\/cropped-vapemaison-logo-g-2026.webp","width":350,"height":280,"caption":"VapeMaison"},"image":{"@id":"https:\/\/vapemaison.com\/#\/schema\/logo\/image\/"},"sameAs":["https:\/\/www.youtube.com\/@VapeMaison"]}]}},"tiered_pricing_type":"fixed","tiered_pricing_fixed_rules":{"30":"11.42","50":"10.99","100":"10.54","200":"9.98"},"tiered_pricing_product_settings":{"layout":"default","base_unit_name":{"singular":null,"plural":null},"default_variation":null},"tiered_pricing_minimum_quantity":10,"tiered_pricing_roles_data":[],"tiered_pricing_percentage_rules":[],"tiered_pricing_maximum_quantity":null,"tiered_pricing_quantity_step":"10","_links":{"self":[{"href":"https:\/\/vapemaison.com\/cs\/wp-json\/wp\/v2\/product\/11219","targetHints":{"allow":["GET"]}}],"collection":[{"href":"https:\/\/vapemaison.com\/cs\/wp-json\/wp\/v2\/product"}],"about":[{"href":"https:\/\/vapemaison.com\/cs\/wp-json\/wp\/v2\/types\/product"}],"replies":[{"embeddable":true,"href":"https:\/\/vapemaison.com\/cs\/wp-json\/wp\/v2\/comments?post=11219"}],"version-history":[{"count":1,"href":"https:\/\/vapemaison.com\/cs\/wp-json\/wp\/v2\/product\/11219\/revisions"}],"predecessor-version":[{"id":27795,"href":"https:\/\/vapemaison.com\/cs\/wp-json\/wp\/v2\/product\/11219\/revisions\/27795"}],"wp:featuredmedia":[{"embeddable":true,"href":"https:\/\/vapemaison.com\/cs\/wp-json\/wp\/v2\/media\/11272"}],"wp:attachment":[{"href":"https:\/\/vapemaison.com\/cs\/wp-json\/wp\/v2\/media?parent=11219"}],"wp:term":[{"taxonomy":"product_brand","embeddable":true,"href":"https:\/\/vapemaison.com\/cs\/wp-json\/wp\/v2\/product_brand?post=11219"},{"taxonomy":"product_cat","embeddable":true,"href":"https:\/\/vapemaison.com\/cs\/wp-json\/wp\/v2\/product_cat?post=11219"},{"taxonomy":"product_tag","embeddable":true,"href":"https:\/\/vapemaison.com\/cs\/wp-json\/wp\/v2\/product_tag?post=11219"}],"curies":[{"name":"wp","href":"https:\/\/api.w.org\/{rel}","templated":true}]}}