

{"id":11222,"date":"2025-11-11T06:33:44","date_gmt":"2025-11-11T06:33:44","guid":{"rendered":"https:\/\/vapemaison.com\/?post_type=product&#038;p=11222"},"modified":"2025-11-21T08:52:50","modified_gmt":"2025-11-21T08:52:50","slug":"vozol-20k-puffs-5","status":"publish","type":"product","link":"https:\/\/vapemaison.com\/cs\/product\/vozol-20k-puffs-5\/","title":{"rendered":"Vozol 20k Puffs 5%"},"content":{"rendered":"<h3 class=\"wp-block-heading\"><strong>Vozol 20K Puffs Dual Power - pokro\u010dil\u00e1 jednor\u00e1zov\u00e1 vape pro chu\u0165 a v\u00fdkon<\/strong><\/h3>\n\n\n\n<p>Na str\u00e1nk\u00e1ch <strong>Vozol 20K Puffs Dual Power<\/strong> nastavuje nov\u00fd standard v jednor\u00e1zov\u00e9m vapingu d\u00edky inteligentn\u00ed technologii du\u00e1ln\u00edho nap\u00e1jen\u00ed a obrovsk\u00e9 kapacit\u011b. Poskytuje a\u017e <strong>20 000 hladk\u00fdch a chutn\u00fdch obl\u00e1\u010dk\u016f<\/strong>, je vytvo\u0159en pro u\u017eivatele, kte\u0159\u00ed si cen\u00ed konzistence, stylu a pohodl\u00ed.<\/p>\n\n\n\n<h4 class=\"wp-block-heading\"><strong>Pro\u010d si vybrat Vozol 20K Dual Power<\/strong><\/h4>\n\n\n\n<ul class=\"wp-block-list\">\n<li><strong>Obrovsk\u00e1 kapacita:<\/strong> Vychutnejte si a\u017e 20 000 potah\u016f se stabiln\u00edm v\u00fdkonem a spolehliv\u00fdm fungov\u00e1n\u00edm.<\/li>\n\n\n\n<li><strong>Bohat\u00e1, konzistentn\u00ed chu\u0165:<\/strong> D\u00edky technologii Dual Power je ka\u017ed\u00e9 \u0161luknut\u00ed hladk\u00e9 a pln\u00e9 chuti.<\/li>\n\n\n\n<li><strong>Kompaktn\u00ed a stylov\u00fd:<\/strong> Elegantn\u00ed design, snadn\u00e9 p\u0159en\u00e1\u0161en\u00ed a pohodln\u00e9 dr\u017een\u00ed v ruce.<\/li>\n\n\n\n<li><strong>Spolehliv\u00e9 sestaven\u00ed:<\/strong> Vyrobeno z prvot\u0159\u00eddn\u00edch materi\u00e1l\u016f pro spolehlivou kvalitu a dlouhou \u017eivotnost.<\/li>\n<\/ul>\n\n\n\n<h4 class=\"wp-block-heading\"><strong>Za\u017eijte rozd\u00edl<\/strong><\/h4>\n\n\n\n<p>Na str\u00e1nk\u00e1ch <strong>Vozol 20K Dual Power<\/strong> kombinuje pokro\u010dilou technologii, plynul\u00fd v\u00fdkon a rozmanit\u00e9 p\u0159\u00edchut\u011b, aby poskytl prvot\u0159\u00eddn\u00ed vapingov\u00fd z\u00e1\u017eitek - kdykoli a kdekoli.<\/p>\n\n\n\n<h3 class=\"wp-block-heading\"><strong>Dostupn\u00e9 p\u0159\u00edchut\u011b<\/strong><\/h3>\n\n\n\n<p>Dop\u0159ejte si \u0161irokou \u0161k\u00e1lu lahodn\u00fdch a osv\u011b\u017euj\u00edc\u00edch p\u0159\u00edchut\u00ed s produktem <strong>Vozol Star 20000 Puffs Dual Power<\/strong>. A\u0165 u\u017e d\u00e1v\u00e1te p\u0159ednost ovocn\u00fdm, ledov\u00fdm nebo klasick\u00fdm sm\u011bs\u00edm, ka\u017ed\u00fd si najde n\u011bco pro sv\u00e9 chu\u0165ov\u00e9 bu\u0148ky:<\/p>\n\n\n\n<ul class=\"wp-block-list\">\n<li><strong>Melounov\u00fd led<\/strong><\/li>\n\n\n\n<li><strong>Hroznov\u00fd led<\/strong><\/li>\n\n\n\n<li><strong>Mango Ice<\/strong><\/li>\n\n\n\n<li><strong>Dvojit\u00fd jable\u010dn\u00fd led<\/strong><\/li>\n\n\n\n<li><strong>Jahodov\u00e9 kiwi<\/strong><\/li>\n\n\n\n<li><strong>Malinov\u00fd meloun<\/strong><\/li>\n\n\n\n<li><strong>Blue Razz Ice<\/strong><\/li>\n\n\n\n<li><strong>Jahodov\u00e9 mango<\/strong><\/li>\n\n\n\n<li><strong>Mango broskev meloun<\/strong><\/li>\n\n\n\n<li><strong>Cherry Cola<\/strong><\/li>\n\n\n\n<li><strong>\u0160\u0165avnat\u00fd broskvov\u00fd led<\/strong><\/li>\n\n\n\n<li><strong>Dragon Strawnana<\/strong><\/li>\n\n\n\n<li><strong>Sm\u00ed\u0161en\u00e9 bobule<\/strong><\/li>\n\n\n\n<li><strong>Lemon Lime<\/strong><\/li>\n\n\n\n<li><strong>Tropick\u00fd v\u00fdbuch<\/strong><\/li>\n\n\n\n<li><strong>Bor\u016fvkov\u00e1 bou\u0159e<\/strong><\/li>\n\n\n\n<li><strong>Parf\u00e9m Lemon<\/strong><\/li>\n\n\n\n<li><strong>Oran\u017eov\u00fd ananas li\u010di<\/strong><\/li>\n\n\n\n<li><strong>L\u00e1ska 777<\/strong><\/li>\n\n\n\n<li><strong>Malina Jablko Meloun Ananas<\/strong><\/li>\n<\/ul>\n\n\n\n<h3 class=\"wp-block-heading\"><strong>Objednejte si nyn\u00ed a vyzkou\u0161ejte nejlep\u0161\u00ed technologii vapingu<\/strong><\/h3>\n\n\n\n<p>Na str\u00e1nk\u00e1ch <strong>Vozol Star 20000 Puffs Dual Power<\/strong> je nyn\u00ed k dispozici na adrese <strong>Vape King DXB<\/strong>. U\u017eijte si <strong>dlouhotrvaj\u00edc\u00ed obl\u00e1\u010dky<\/strong>, v\u00fdjime\u010dnou chu\u0165 a bezkonkuren\u010dn\u00ed pohodl\u00ed v jednom p\u0159\u00edstroji. Objednejte si ho je\u0161t\u011b dnes a zintenzivn\u011bte sv\u016fj vaping!<\/p>\n\n\n\n<p>M\u016f\u017eete nav\u0161t\u00edvit dal\u0161\u00ed produkty pod zna\u010dkou vozol, nebo se pod\u00edvat na stejn\u011b obl\u00edben\u00e9 M\u016f\u017eete nav\u0161t\u00edvit dal\u0161\u00ed produkty pod zna\u010dkou vozol. <strong><a href=\"https:\/\/vapemaison.com\/brand\/vozol\/\">Zna\u010dka VOZOL<\/a><\/strong>, nebo se pod\u00edvejte na stejn\u011b obl\u00edben\u00fd<strong> <a href=\"https:\/\/vapemaison.com\/product\/vozol-vista-20000-puff-vape\/\">VOZOL VISTA 20000<\/a><\/strong>.<\/p>\n\n\n\n<p><\/p>","protected":false},"excerpt":{"rendered":"<p data-start=\"3955\" data-end=\"4211\">Vyzkou\u0161ejte 20000 vdech\u016f s <strong>Vozol 20k<\/strong>Puffs Dual Power s technologi\u00ed Dual Power pro konzistentn\u00ed v\u00fdkon a jemnou chu\u0165. Kompaktn\u00ed, odoln\u00fd a dostupn\u00fd ve 24 vzru\u0161uj\u00edc\u00edch p\u0159\u00edchut\u00edch. Rychl\u00e9 a pohodln\u00e9 dod\u00e1n\u00ed ve VapeMaison.<\/p>","protected":false},"featured_media":11258,"comment_status":"open","ping_status":"closed","template":"","meta":[],"product_brand":[178],"product_cat":[133],"product_tag":[],"class_list":{"0":"post-11222","1":"product","2":"type-product","3":"status-publish","4":"has-post-thumbnail","6":"product_brand-vozol","7":"product_cat-20k-puffs","9":"first","10":"instock","11":"sale","12":"shipping-taxable","13":"purchasable","14":"product-type-variable"},"yoast_head":"<!-- This site is optimized with the Yoast SEO plugin v27.4 - https:\/\/yoast.com\/product\/yoast-seo-wordpress\/ -->\n<title>Vozol 20k Puffs Dual Power Vape \u2013 20k Puffs<\/title>\n<meta name=\"description\" content=\"Discover the Vozol 20k Puffs Dual Power . Available in 24 flavors and ideal for on-the-go use, delivering a vaping experience anytime, anywhere.\" \/>\n<meta name=\"robots\" content=\"index, follow, max-snippet:-1, max-image-preview:large, max-video-preview:-1\" \/>\n<link rel=\"canonical\" href=\"https:\/\/vapemaison.com\/cs\/produkt\/vozol-20k-puffs-5\/\" \/>\n<meta property=\"og:locale\" content=\"cs_CZ\" \/>\n<meta property=\"og:type\" content=\"article\" \/>\n<meta property=\"og:title\" content=\"Vozol 20k Puffs Dual Power Vape \u2013 20k Puffs\" \/>\n<meta property=\"og:description\" content=\"Discover the Vozol 20k Puffs Dual Power . Available in 24 flavors and ideal for on-the-go use, delivering a vaping experience anytime, anywhere.\" \/>\n<meta property=\"og:url\" content=\"https:\/\/vapemaison.com\/cs\/produkt\/vozol-20k-puffs-5\/\" \/>\n<meta property=\"og:site_name\" content=\"VapeMaison\" \/>\n<meta property=\"article:modified_time\" content=\"2025-11-21T08:52:50+00:00\" \/>\n<meta property=\"og:image\" content=\"https:\/\/vapemaison.com\/wp-content\/uploads\/2025\/11\/vozol-star-20000-raspberry-apple-watermelon-pineapple-r8t8018-1.jpg\" \/>\n\t<meta property=\"og:image:width\" content=\"2048\" \/>\n\t<meta property=\"og:image:height\" content=\"1963\" \/>\n\t<meta property=\"og:image:type\" content=\"image\/jpeg\" \/>\n<meta name=\"twitter:card\" content=\"summary_large_image\" \/>\n<meta name=\"twitter:label1\" content=\"Odhadovan\u00e1 doba \u010dten\u00ed\" \/>\n\t<meta name=\"twitter:data1\" content=\"2 minuty\" \/>\n<!-- \/ Yoast SEO plugin. -->","yoast_head_json":{"title":"Vozol 20k Puffs Dual Power Vape - 20k Puffs","description":"Objevte Vozol 20k Puffs Dual Power . Je k dispozici ve 24 p\u0159\u00edchut\u00edch a je ide\u00e1ln\u00ed pro pou\u017eit\u00ed na cest\u00e1ch, kdykoli a kdekoli poskytuje vapingov\u00fd z\u00e1\u017eitek.","robots":{"index":"index","follow":"follow","max-snippet":"max-snippet:-1","max-image-preview":"max-image-preview:large","max-video-preview":"max-video-preview:-1"},"canonical":"https:\/\/vapemaison.com\/cs\/produkt\/vozol-20k-puffs-5\/","og_locale":"cs_CZ","og_type":"article","og_title":"Vozol 20k Puffs Dual Power Vape \u2013 20k Puffs","og_description":"Discover the Vozol 20k Puffs Dual Power . Available in 24 flavors and ideal for on-the-go use, delivering a vaping experience anytime, anywhere.","og_url":"https:\/\/vapemaison.com\/cs\/produkt\/vozol-20k-puffs-5\/","og_site_name":"VapeMaison","article_modified_time":"2025-11-21T08:52:50+00:00","og_image":[{"width":2048,"height":1963,"url":"https:\/\/vapemaison.com\/wp-content\/uploads\/2025\/11\/vozol-star-20000-raspberry-apple-watermelon-pineapple-r8t8018-1.jpg","type":"image\/jpeg"}],"twitter_card":"summary_large_image","twitter_misc":{"Odhadovan\u00e1 doba \u010dten\u00ed":"2 minuty"},"schema":{"@context":"https:\/\/schema.org","@graph":[{"@type":"WebPage","@id":"https:\/\/vapemaison.com\/product\/vozol-20k-puffs-5\/","url":"https:\/\/vapemaison.com\/product\/vozol-20k-puffs-5\/","name":"Vozol 20k Puffs Dual Power Vape - 20k Puffs","isPartOf":{"@id":"https:\/\/vapemaison.com\/#website"},"primaryImageOfPage":{"@id":"https:\/\/vapemaison.com\/product\/vozol-20k-puffs-5\/#primaryimage"},"image":{"@id":"https:\/\/vapemaison.com\/product\/vozol-20k-puffs-5\/#primaryimage"},"thumbnailUrl":"https:\/\/vapemaison.com\/wp-content\/uploads\/2025\/11\/vozol-star-20000-raspberry-apple-watermelon-pineapple-r8t8018-1.jpg","datePublished":"2025-11-11T06:33:44+00:00","dateModified":"2025-11-21T08:52:50+00:00","description":"Objevte Vozol 20k Puffs Dual Power . Je k dispozici ve 24 p\u0159\u00edchut\u00edch a je ide\u00e1ln\u00ed pro pou\u017eit\u00ed na cest\u00e1ch, kdykoli a kdekoli poskytuje vapingov\u00fd z\u00e1\u017eitek.","breadcrumb":{"@id":"https:\/\/vapemaison.com\/product\/vozol-20k-puffs-5\/#breadcrumb"},"inLanguage":"cs","potentialAction":[{"@type":"ReadAction","target":["https:\/\/vapemaison.com\/product\/vozol-20k-puffs-5\/"]}]},{"@type":"ImageObject","inLanguage":"cs","@id":"https:\/\/vapemaison.com\/product\/vozol-20k-puffs-5\/#primaryimage","url":"https:\/\/vapemaison.com\/wp-content\/uploads\/2025\/11\/vozol-star-20000-raspberry-apple-watermelon-pineapple-r8t8018-1.jpg","contentUrl":"https:\/\/vapemaison.com\/wp-content\/uploads\/2025\/11\/vozol-star-20000-raspberry-apple-watermelon-pineapple-r8t8018-1.jpg","width":2048,"height":1963,"caption":"Vozol Star Raspberry Apple Watermelon Pineapple R8t Disposable Vape Device"},{"@type":"BreadcrumbList","@id":"https:\/\/vapemaison.com\/product\/vozol-20k-puffs-5\/#breadcrumb","itemListElement":[{"@type":"ListItem","position":1,"name":"\u9996\u9875","item":"https:\/\/vapemaison.com\/"},{"@type":"ListItem","position":2,"name":"Shop","item":"https:\/\/vapemaison.com\/shop\/"},{"@type":"ListItem","position":3,"name":"Vozol","item":"https:\/\/vapemaison.com\/brand\/vozol\/"},{"@type":"ListItem","position":4,"name":"Vozol 20k Puffs 5%"}]},{"@type":"WebSite","@id":"https:\/\/vapemaison.com\/#website","url":"https:\/\/vapemaison.com\/","name":"VapeMaison","description":"Pr\u00e9miov\u00e1 vapingov\u00e1 za\u0159\u00edzen\u00ed a p\u0159\u00edslu\u0161enstv\u00ed","publisher":{"@id":"https:\/\/vapemaison.com\/#organization"},"potentialAction":[{"@type":"SearchAction","target":{"@type":"EntryPoint","urlTemplate":"https:\/\/vapemaison.com\/?s={search_term_string}"},"query-input":{"@type":"PropertyValueSpecification","valueRequired":true,"valueName":"search_term_string"}}],"inLanguage":"cs"},{"@type":"Organization","@id":"https:\/\/vapemaison.com\/#organization","name":"VapeMaison","url":"https:\/\/vapemaison.com\/","logo":{"@type":"ImageObject","inLanguage":"cs","@id":"https:\/\/vapemaison.com\/#\/schema\/logo\/image\/","url":"https:\/\/vapemaison.com\/wp-content\/uploads\/2026\/01\/cropped-vapemaison-logo-g-2026.webp","contentUrl":"https:\/\/vapemaison.com\/wp-content\/uploads\/2026\/01\/cropped-vapemaison-logo-g-2026.webp","width":350,"height":280,"caption":"VapeMaison"},"image":{"@id":"https:\/\/vapemaison.com\/#\/schema\/logo\/image\/"},"sameAs":["https:\/\/www.youtube.com\/@VapeMaison"]}]}},"tiered_pricing_type":"fixed","tiered_pricing_fixed_rules":{"30":"11.24","50":"10.36","100":"9.56","200":"8.47"},"tiered_pricing_product_settings":{"layout":"default","base_unit_name":{"singular":null,"plural":null},"default_variation":null},"tiered_pricing_minimum_quantity":10,"tiered_pricing_roles_data":[],"tiered_pricing_percentage_rules":[],"tiered_pricing_maximum_quantity":null,"tiered_pricing_quantity_step":"10","_links":{"self":[{"href":"https:\/\/vapemaison.com\/cs\/wp-json\/wp\/v2\/product\/11222","targetHints":{"allow":["GET"]}}],"collection":[{"href":"https:\/\/vapemaison.com\/cs\/wp-json\/wp\/v2\/product"}],"about":[{"href":"https:\/\/vapemaison.com\/cs\/wp-json\/wp\/v2\/types\/product"}],"replies":[{"embeddable":true,"href":"https:\/\/vapemaison.com\/cs\/wp-json\/wp\/v2\/comments?post=11222"}],"version-history":[{"count":0,"href":"https:\/\/vapemaison.com\/cs\/wp-json\/wp\/v2\/product\/11222\/revisions"}],"wp:featuredmedia":[{"embeddable":true,"href":"https:\/\/vapemaison.com\/cs\/wp-json\/wp\/v2\/media\/11258"}],"wp:attachment":[{"href":"https:\/\/vapemaison.com\/cs\/wp-json\/wp\/v2\/media?parent=11222"}],"wp:term":[{"taxonomy":"product_brand","embeddable":true,"href":"https:\/\/vapemaison.com\/cs\/wp-json\/wp\/v2\/product_brand?post=11222"},{"taxonomy":"product_cat","embeddable":true,"href":"https:\/\/vapemaison.com\/cs\/wp-json\/wp\/v2\/product_cat?post=11222"},{"taxonomy":"product_tag","embeddable":true,"href":"https:\/\/vapemaison.com\/cs\/wp-json\/wp\/v2\/product_tag?post=11222"}],"curies":[{"name":"wp","href":"https:\/\/api.w.org\/{rel}","templated":true}]}}