

{"id":12997,"date":"2025-11-12T05:44:55","date_gmt":"2025-11-12T05:44:55","guid":{"rendered":"https:\/\/vapemaison.com\/?post_type=product&#038;p=12997"},"modified":"2025-12-01T06:00:44","modified_gmt":"2025-12-01T06:00:44","slug":"fumot-25k-juicy-peach-randm-tornado-25000-vape","status":"publish","type":"product","link":"https:\/\/vapemaison.com\/cs\/product\/fumot-25k-juicy-peach-randm-tornado-25000-vape\/","title":{"rendered":"Fumot 25k Juicy Peach Ice Randm Tornado 25000 Vape Salt E Zigarette"},"content":{"rendered":"<h2 class=\"wp-block-heading\"><strong>Fumot 25000 \u0160\u0165avnat\u00fd broskvov\u00fd led<\/strong><\/h2>\n\n\n\n<p>Hled\u00e1te <strong>Vape na 25 000 \u0161luk\u016f<\/strong> kter\u00fd p\u0159in\u00e1\u0161\u00ed ovocnou sladkost i ledov\u00e9 osv\u011b\u017een\u00ed?<br>Na str\u00e1nk\u00e1ch <strong>Fumot 25000 \u0160\u0165avnat\u00fd broskvov\u00fd led<\/strong>, \u010d\u00e1st <strong>Fumot 25k<\/strong> kombinuje \u0161\u0165avnatou chu\u0165 zral\u00fdch broskv\u00ed s chladiv\u00fdm mentolov\u00fdm n\u00e1dechem - ide\u00e1ln\u00ed pro fanou\u0161ky broskv\u00ed. <strong>sladk\u00e9, ovocn\u00e9 a osv\u011b\u017euj\u00edc\u00ed<\/strong> vapes.<\/p>\n\n\n\n<h3 class=\"wp-block-heading\"><strong>Pro\u010d si vybrat \u0161\u0165avnat\u00fd broskvov\u00fd led?<\/strong><\/h3>\n\n\n\n<ul class=\"wp-block-list\">\n<li><strong>Ovocn\u00e9 a osv\u011b\u017euj\u00edc\u00ed:<\/strong> Sv\u011b\u017e\u00ed, zral\u00e1 broskvov\u00e1 chu\u0165 s ostr\u00fdm mentolov\u00fdm z\u00e1v\u011brem.<\/li>\n\n\n\n<li><strong>Jemn\u00fd nikotinov\u00fd z\u00e1sah:<\/strong> K dispozici v <strong>2% nebo 5% soln\u00fd nikotin<\/strong> pro hladk\u00fd a z\u00e1rove\u0148 uspokojiv\u00fd vape.<\/li>\n\n\n\n<li><strong>Dlouhodob\u00fd po\u017eitek:<\/strong> A\u017e do <strong>25 000 obl\u00e1\u010dk\u016f<\/strong> na jedno za\u0159\u00edzen\u00ed - nen\u00ed nutn\u00e1 \u010dast\u00e1 v\u00fdm\u011bna.<\/li>\n\n\n\n<li><strong>\u0160irok\u00e1 \u0161k\u00e1la:<\/strong> Prozkoumejte v\u00edce ne\u017e 20 p\u0159\u00edchut\u00ed z na\u0161\u00ed kolekce Fumot 25000, v\u010detn\u011b manga tango, bor\u016fvky m\u00e1ta a dal\u0161\u00edch.<\/li>\n<\/ul>\n\n\n\n<h3 class=\"wp-block-heading\"><strong>Nejd\u016fle\u017eit\u011bj\u0161\u00ed technick\u00e9 informace<\/strong><\/h3>\n\n\n\n<figure class=\"wp-block-table\"><table class=\"has-fixed-layout\"><thead><tr><th><strong>Funkce<\/strong><\/th><th><strong>Specifikace<\/strong><\/th><\/tr><\/thead><tbody><tr><td><strong>Baterie<\/strong><\/td><td>850mAh (<strong>Dob\u00edjen\u00ed p\u0159es USB-C<\/strong>)<\/td><\/tr><tr><td><strong>Puffy<\/strong><\/td><td>A\u017e do <strong>25,000<\/strong><\/td><\/tr><tr><td><strong>Kapacita e-liquidu<\/strong><\/td><td>20 ml Salt Nic Liquid<\/td><\/tr><tr><td><strong>S\u00edla nikotinu<\/strong><\/td><td>2% nebo 5%<\/td><\/tr><tr><td><strong>Dob\u00edjec\u00ed<\/strong><\/td><td>Ano (USB-C)<\/td><\/tr><tr><td><strong>P\u0159\u00edchu\u0165<\/strong><\/td><td>\u0160\u0165avnat\u00fd broskvov\u00fd led<\/td><\/tr><\/tbody><\/table><\/figure>\n\n\n\n<h3 class=\"wp-block-heading\"><strong>\u010c\u00edm je \u0161\u0165avnat\u00fd broskvov\u00fd led v\u00fdjime\u010dn\u00fd?<\/strong><\/h3>\n\n\n\n<p>Na str\u00e1nk\u00e1ch <strong>Fumot 25000 \u0160\u0165avnat\u00fd broskvov\u00fd led<\/strong> je v\u00edc ne\u017e jen za\u0159\u00edzen\u00ed s vysok\u00fdm po\u010dtem puf\u016f - jde o to. <strong>dokonale vyv\u00e1\u017een\u00e1 chu\u0165<\/strong>.<br>Kombinace <strong>sladk\u00e1, \u0161\u0165avnat\u00e1 broskev<\/strong> a <strong>osv\u011b\u017euj\u00edc\u00ed mentol<\/strong> p\u0159in\u00e1\u0161\u00ed <strong>chladiv\u00fd, jemn\u00fd a uspokojiv\u00fd<\/strong> chu\u0165, kter\u00e1 nikdy nep\u0159ekvap\u00ed.<\/p>\n\n\n\n<p>A\u0165 u\u017e jste <strong>v pr\u00e1ci, p\u0159i odpo\u010dinku doma nebo na cest\u00e1ch.<\/strong>, \u0160\u0165avnat\u00e1 broskvov\u00e1 zmrzlina poskytuje <strong>trvale osv\u011b\u017euj\u00edc\u00ed z\u00e1\u017eitek z vapingu<\/strong> poka\u017ed\u00e9.<\/p>\n\n\n\n<h3 class=\"wp-block-heading\"><strong>Objevte <strong>Fumot 25k<\/strong> S\u00e9rie<\/strong><\/h3>\n\n\n\n<p>Prozkoumejte cel\u00fd <strong>\u0158ada RandM Tornado 25000<\/strong> - kolekce zn\u00e1m\u00e1 pro <strong>intenzivn\u00ed chut\u011b, siln\u00e1 v\u00fddr\u017e baterie a modern\u00ed design.<\/strong>.<br>Z <strong>\u0160\u0165avnat\u00fd broskvov\u00fd led<\/strong> na <strong>Mango Tango<\/strong> a <strong>Bor\u016fvkov\u00e1 m\u00e1ta<\/strong>, ka\u017ed\u00e1 p\u0159\u00edchu\u0165 nab\u00edz\u00ed jedine\u010dn\u00fd a uspokojiv\u00fd vape z\u00e1\u017eitek.<\/p>\n\n\n\n<h3 class=\"wp-block-heading\"><strong>Vyzkou\u0161ejte \u0161\u0165avnatou broskvovou zmrzlinu hned te\u010f!<\/strong><\/h3>\n\n\n\n<p>Jste p\u0159ipraveni na sv\u016fj dal\u0161\u00ed obl\u00edben\u00fd vape?<br>Za\u017eijte <strong>dokonal\u00e1 kombinace ovocn\u00e9 sladkosti a ledov\u00e9ho osv\u011b\u017een\u00ed<\/strong> s <strong>Fumot 25000 \u0160\u0165avnat\u00fd broskvov\u00fd led<\/strong> - kde je c\u00edtit ka\u017ed\u00fd obl\u00e1\u010dek <strong>chladiv\u00e9, \u0161\u0165avnat\u00e9 a syt\u00e9<\/strong>.<\/p>\n\n\n\n<p>Nav\u0161tivte n\u00e1\u0161 obchod a zjist\u011bte, pro\u010d vape\u0159i po cel\u00e9m sv\u011bt\u011b miluj\u00ed <strong><a href=\"https:\/\/vapemaison.com\/product-category\/hot-series\/randm-tornado-25000\/\">RandM Tornado 25000<\/a> \u0159ada<\/strong>.<\/p>","protected":false},"excerpt":{"rendered":"<p>Fumot 25000 Juicy Peach Ice Looking for a 25,000-puff vape that delivers both fruity sweetness and icy refreshment?The Fumot 25000 Juicy Peach Ice, part of the Fumot 25k series, combines the juicy flavour of ripe peaches with a cool menthol kick \u2014 perfect for fans of sweet, fruity, and refreshing vapes. Why Choose Juicy Peach [&hellip;]<\/p>\n","protected":false},"featured_media":13348,"comment_status":"open","ping_status":"closed","template":"","meta":[],"product_brand":[58],"product_cat":[144,181],"product_tag":[],"class_list":{"0":"post-12997","1":"product","2":"type-product","3":"status-publish","4":"has-post-thumbnail","6":"product_brand-fumot","7":"product_cat-25k-puffs","8":"product_cat-randm-tornado-25000","10":"first","11":"instock","12":"sale","13":"shipping-taxable","14":"purchasable","15":"product-type-variable"},"yoast_head":"<!-- This site is optimized with the Yoast SEO plugin v27.4 - https:\/\/yoast.com\/product\/yoast-seo-wordpress\/ -->\n<title>Fumot 25k Juicy Peach Ice \u2013 RandM Tornado 25K Puffs<\/title>\n<meta name=\"description\" content=\"Discover the Fumot 25k Juicy Peach Ice Vape \u2013 up to 25,000 puffs, rechargeable 850mAh battery, and smooth salt nic flavour.\" \/>\n<meta name=\"robots\" content=\"index, follow, max-snippet:-1, max-image-preview:large, max-video-preview:-1\" \/>\n<link rel=\"canonical\" href=\"https:\/\/vapemaison.com\/cs\/produkt\/fumot-25k-juicy-peach-randm-tornado-25000-vape\/\" \/>\n<meta property=\"og:locale\" content=\"cs_CZ\" \/>\n<meta property=\"og:type\" content=\"article\" \/>\n<meta property=\"og:title\" content=\"Fumot 25k Juicy Peach Ice \u2013 RandM Tornado 25K Puffs\" \/>\n<meta property=\"og:description\" content=\"Discover the Fumot 25k Juicy Peach Ice Vape \u2013 up to 25,000 puffs, rechargeable 850mAh battery, and smooth salt nic flavour.\" \/>\n<meta property=\"og:url\" content=\"https:\/\/vapemaison.com\/cs\/produkt\/fumot-25k-juicy-peach-randm-tornado-25000-vape\/\" \/>\n<meta property=\"og:site_name\" content=\"VapeMaison\" \/>\n<meta property=\"article:modified_time\" content=\"2025-12-01T06:00:44+00:00\" \/>\n<meta property=\"og:image\" content=\"https:\/\/vapemaison.com\/wp-content\/uploads\/2025\/11\/Fumot-25000-Juicy-Peach-Ice.jpg\" \/>\n\t<meta property=\"og:image:width\" content=\"1200\" \/>\n\t<meta property=\"og:image:height\" content=\"1200\" \/>\n\t<meta property=\"og:image:type\" content=\"image\/jpeg\" \/>\n<meta name=\"twitter:card\" content=\"summary_large_image\" \/>\n<meta name=\"twitter:label1\" content=\"Odhadovan\u00e1 doba \u010dten\u00ed\" \/>\n\t<meta name=\"twitter:data1\" content=\"2 minuty\" \/>\n<!-- \/ Yoast SEO plugin. -->","yoast_head_json":{"title":"Fumot 25K Juicy Peach Ice - RandM Torn\u00e1do 25K Puffs","description":"Objevte Fumot 25k Juicy Peach Ice Vape - a\u017e 25 000 potah\u016f, dob\u00edjec\u00ed baterie 850 mAh a jemn\u00e1 p\u0159\u00edchu\u0165 slan\u00e9ho niklu.","robots":{"index":"index","follow":"follow","max-snippet":"max-snippet:-1","max-image-preview":"max-image-preview:large","max-video-preview":"max-video-preview:-1"},"canonical":"https:\/\/vapemaison.com\/cs\/produkt\/fumot-25k-juicy-peach-randm-tornado-25000-vape\/","og_locale":"cs_CZ","og_type":"article","og_title":"Fumot 25k Juicy Peach Ice \u2013 RandM Tornado 25K Puffs","og_description":"Discover the Fumot 25k Juicy Peach Ice Vape \u2013 up to 25,000 puffs, rechargeable 850mAh battery, and smooth salt nic flavour.","og_url":"https:\/\/vapemaison.com\/cs\/produkt\/fumot-25k-juicy-peach-randm-tornado-25000-vape\/","og_site_name":"VapeMaison","article_modified_time":"2025-12-01T06:00:44+00:00","og_image":[{"width":1200,"height":1200,"url":"https:\/\/vapemaison.com\/wp-content\/uploads\/2025\/11\/Fumot-25000-Juicy-Peach-Ice.jpg","type":"image\/jpeg"}],"twitter_card":"summary_large_image","twitter_misc":{"Odhadovan\u00e1 doba \u010dten\u00ed":"2 minuty"},"schema":{"@context":"https:\/\/schema.org","@graph":[{"@type":"WebPage","@id":"https:\/\/vapemaison.com\/product\/fumot-25k-juicy-peach-randm-tornado-25000-vape\/","url":"https:\/\/vapemaison.com\/product\/fumot-25k-juicy-peach-randm-tornado-25000-vape\/","name":"Fumot 25K Juicy Peach Ice - RandM Torn\u00e1do 25K Puffs","isPartOf":{"@id":"https:\/\/vapemaison.com\/#website"},"primaryImageOfPage":{"@id":"https:\/\/vapemaison.com\/product\/fumot-25k-juicy-peach-randm-tornado-25000-vape\/#primaryimage"},"image":{"@id":"https:\/\/vapemaison.com\/product\/fumot-25k-juicy-peach-randm-tornado-25000-vape\/#primaryimage"},"thumbnailUrl":"https:\/\/vapemaison.com\/wp-content\/uploads\/2025\/11\/Fumot-25000-Juicy-Peach-Ice.jpg","datePublished":"2025-11-12T05:44:55+00:00","dateModified":"2025-12-01T06:00:44+00:00","description":"Objevte Fumot 25k Juicy Peach Ice Vape - a\u017e 25 000 potah\u016f, dob\u00edjec\u00ed baterie 850 mAh a jemn\u00e1 p\u0159\u00edchu\u0165 slan\u00e9ho niklu.","breadcrumb":{"@id":"https:\/\/vapemaison.com\/product\/fumot-25k-juicy-peach-randm-tornado-25000-vape\/#breadcrumb"},"inLanguage":"cs","potentialAction":[{"@type":"ReadAction","target":["https:\/\/vapemaison.com\/product\/fumot-25k-juicy-peach-randm-tornado-25000-vape\/"]}]},{"@type":"ImageObject","inLanguage":"cs","@id":"https:\/\/vapemaison.com\/product\/fumot-25k-juicy-peach-randm-tornado-25000-vape\/#primaryimage","url":"https:\/\/vapemaison.com\/wp-content\/uploads\/2025\/11\/Fumot-25000-Juicy-Peach-Ice.jpg","contentUrl":"https:\/\/vapemaison.com\/wp-content\/uploads\/2025\/11\/Fumot-25000-Juicy-Peach-Ice.jpg","width":1200,"height":1200,"caption":"Fumot Juicy Peach Ice Disposable Vape Device"},{"@type":"BreadcrumbList","@id":"https:\/\/vapemaison.com\/product\/fumot-25k-juicy-peach-randm-tornado-25000-vape\/#breadcrumb","itemListElement":[{"@type":"ListItem","position":1,"name":"\u9996\u9875","item":"https:\/\/vapemaison.com\/"},{"@type":"ListItem","position":2,"name":"Shop","item":"https:\/\/vapemaison.com\/shop\/"},{"@type":"ListItem","position":3,"name":"Fumot","item":"https:\/\/vapemaison.com\/brand\/fumot\/"},{"@type":"ListItem","position":4,"name":"Fumot 25k Juicy Peach Ice Randm Tornado 25000 Vape Salt E Zigarette"}]},{"@type":"WebSite","@id":"https:\/\/vapemaison.com\/#website","url":"https:\/\/vapemaison.com\/","name":"VapeMaison","description":"Pr\u00e9miov\u00e1 vapingov\u00e1 za\u0159\u00edzen\u00ed a p\u0159\u00edslu\u0161enstv\u00ed","publisher":{"@id":"https:\/\/vapemaison.com\/#organization"},"potentialAction":[{"@type":"SearchAction","target":{"@type":"EntryPoint","urlTemplate":"https:\/\/vapemaison.com\/?s={search_term_string}"},"query-input":{"@type":"PropertyValueSpecification","valueRequired":true,"valueName":"search_term_string"}}],"inLanguage":"cs"},{"@type":"Organization","@id":"https:\/\/vapemaison.com\/#organization","name":"VapeMaison","url":"https:\/\/vapemaison.com\/","logo":{"@type":"ImageObject","inLanguage":"cs","@id":"https:\/\/vapemaison.com\/#\/schema\/logo\/image\/","url":"https:\/\/vapemaison.com\/wp-content\/uploads\/2026\/01\/cropped-vapemaison-logo-g-2026.webp","contentUrl":"https:\/\/vapemaison.com\/wp-content\/uploads\/2026\/01\/cropped-vapemaison-logo-g-2026.webp","width":350,"height":280,"caption":"VapeMaison"},"image":{"@id":"https:\/\/vapemaison.com\/#\/schema\/logo\/image\/"},"sameAs":["https:\/\/www.youtube.com\/@VapeMaison"]}]}},"tiered_pricing_type":"fixed","tiered_pricing_fixed_rules":{"30":"12.42","50":"11.23","100":"10.68","200":"9.98"},"tiered_pricing_product_settings":{"layout":"default","base_unit_name":{"singular":null,"plural":null},"default_variation":null},"tiered_pricing_minimum_quantity":10,"tiered_pricing_roles_data":[],"tiered_pricing_percentage_rules":[],"tiered_pricing_maximum_quantity":null,"tiered_pricing_quantity_step":"10","_links":{"self":[{"href":"https:\/\/vapemaison.com\/cs\/wp-json\/wp\/v2\/product\/12997","targetHints":{"allow":["GET"]}}],"collection":[{"href":"https:\/\/vapemaison.com\/cs\/wp-json\/wp\/v2\/product"}],"about":[{"href":"https:\/\/vapemaison.com\/cs\/wp-json\/wp\/v2\/types\/product"}],"replies":[{"embeddable":true,"href":"https:\/\/vapemaison.com\/cs\/wp-json\/wp\/v2\/comments?post=12997"}],"version-history":[{"count":0,"href":"https:\/\/vapemaison.com\/cs\/wp-json\/wp\/v2\/product\/12997\/revisions"}],"wp:featuredmedia":[{"embeddable":true,"href":"https:\/\/vapemaison.com\/cs\/wp-json\/wp\/v2\/media\/13348"}],"wp:attachment":[{"href":"https:\/\/vapemaison.com\/cs\/wp-json\/wp\/v2\/media?parent=12997"}],"wp:term":[{"taxonomy":"product_brand","embeddable":true,"href":"https:\/\/vapemaison.com\/cs\/wp-json\/wp\/v2\/product_brand?post=12997"},{"taxonomy":"product_cat","embeddable":true,"href":"https:\/\/vapemaison.com\/cs\/wp-json\/wp\/v2\/product_cat?post=12997"},{"taxonomy":"product_tag","embeddable":true,"href":"https:\/\/vapemaison.com\/cs\/wp-json\/wp\/v2\/product_tag?post=12997"}],"curies":[{"name":"wp","href":"https:\/\/api.w.org\/{rel}","templated":true}]}}