

{"id":13644,"date":"2025-11-13T07:10:31","date_gmt":"2025-11-13T07:10:31","guid":{"rendered":"https:\/\/vapemaison.com\/?post_type=product&#038;p=13644"},"modified":"2025-11-21T08:52:22","modified_gmt":"2025-11-21T08:52:22","slug":"vozol-vista-20000-grape-lce-puff-5","status":"publish","type":"product","link":"https:\/\/vapemaison.com\/cs\/product\/vozol-vista-20000-grape-lce-puff-5\/","title":{"rendered":"VOZOL VISTA 20000 Grape PUFF 5%"},"content":{"rendered":"<h3 class=\"wp-block-heading\"><strong>Kl\u00ed\u010dov\u00e9 vlastnosti<\/strong><\/h3>\n\n\n\n<ul class=\"wp-block-list\">\n<li><strong>Displej OLED<\/strong> - Jasn\u011b ukazuje <strong>\u00farove\u0148 nabit\u00ed baterie<\/strong> a <strong>hladina e-kapaliny<\/strong> v re\u00e1ln\u00e9m \u010dase.<\/li>\n\n\n\n<li><strong>\u0160estistup\u0148ov\u00e1 regulace v\u00fdkonu<\/strong> - Intenzitu vapov\u00e1n\u00ed si snadno p\u0159izp\u016fsob\u00edte ot\u00e1\u010den\u00edm za\u0159\u00edzen\u00ed.<\/li>\n\n\n\n<li><strong>Inteligentn\u00ed \u010dip MCU<\/strong> - Poskytuje stabiln\u00ed v\u00fdkon a p\u0159esnou regulaci v\u00fdkonu.<\/li>\n\n\n\n<li><strong>Ekologick\u00fd design<\/strong> - Vyrobeno z <strong>65% recyklovateln\u00fd plast PCR<\/strong> pro udr\u017eiteln\u00fd z\u00e1\u017eitek z vapingu.<\/li>\n\n\n\n<li><strong>C\u00edvka S.i.L.C Tech Dual Mesh Coil<\/strong> - Zaji\u0161\u0165uje bohat\u0161\u00ed chu\u0165 a hlad\u0161\u00ed mraky.<\/li>\n\n\n\n<li><strong>Obrovsk\u00fd po\u010det 20 000+ puff\u016f<\/strong> - Dlouhodob\u00fd v\u00fdkon pro dlouhodob\u00e9 pou\u017e\u00edv\u00e1n\u00ed.<\/li>\n\n\n\n<li><strong>Dob\u00edjec\u00ed baterie 650 mAh<\/strong> - Rychl\u00e9 nab\u00edjen\u00ed Type-C; pln\u00e9 nabit\u00ed za <strong>45-60 minut<\/strong>.<\/li>\n\n\n\n<li><strong>Zku\u0161enosti s vapingem MTL<\/strong> - Je ide\u00e1ln\u00ed pro hladk\u00e9 a uspokojiv\u00e9 potahov\u00e1n\u00ed z \u00fast do plic.<\/li>\n\n\n\n<li><strong>V souladu s TPD<\/strong> - Bezpe\u010dn\u00e9 a regulovan\u00e9 pro glob\u00e1ln\u00ed trh.<\/li>\n<\/ul>\n\n\n\n<h3 class=\"wp-block-heading\"><strong>Specifikace<\/strong><\/h3>\n\n\n\n<figure class=\"wp-block-table\"><table class=\"has-fixed-layout\"><thead><tr><th>Polo\u017eka<\/th><th>Podrobnosti na<\/th><\/tr><\/thead><tbody><tr><td><strong>Kapacita baterie<\/strong><\/td><td>650 mAh (dob\u00edjec\u00ed)<\/td><\/tr><tr><td><strong>Nab\u00edjec\u00ed port<\/strong><\/td><td>USB-C<\/td><\/tr><tr><td><strong>Doba nab\u00edjen\u00ed<\/strong><\/td><td>P\u0159ibli\u017en\u011b 1 hodina<\/td><\/tr><tr><td><strong>Zobrazit<\/strong><\/td><td>Obrazovka OLED<\/td><\/tr><tr><td><strong>Typ c\u00edvky<\/strong><\/td><td>C\u00edvka S.i.L.C Tech Dual Mesh Coil<\/td><\/tr><tr><td><strong>Materi\u00e1l<\/strong><\/td><td>65% PCR ekologick\u00fd plast<\/td><\/tr><tr><td><strong>Puffy<\/strong><\/td><td>20,000+<\/td><\/tr><tr><td><strong>S\u00edla nikotinu<\/strong><\/td><td>2% NS<\/td><\/tr><tr><td><strong>Nastaven\u00ed v\u00fdstupu<\/strong><\/td><td>\u0160estistup\u0148ov\u00e1 regulace v\u00fdkonu<\/td><\/tr><tr><td><strong>Styl vapov\u00e1n\u00ed<\/strong><\/td><td>MTL (Mouth-To-Lung)<\/td><\/tr><\/tbody><\/table><\/figure>\n\n\n\n<h3 class=\"wp-block-heading\"><strong>Dostupn\u00e9 p\u0159\u00edchut\u011b <\/strong><\/h3>\n\n\n\n<ul class=\"wp-block-list\">\n<li>1.Cherry Cola<\/li>\n\n\n\n<li>2.Peach lce<\/li>\n\n\n\n<li>3.Sour Apple lce<\/li>\n\n\n\n<li>4.Miami Mint<\/li>\n\n\n\n<li>5.Grape lce<\/li>\n\n\n\n<li>6.Watermelon lce<\/li>\n\n\n\n<li>7.Blue Razz lce<\/li>\n\n\n\n<li>8.Peach Mango Watermelon<\/li>\n\n\n\n<li>9.Strawberry Mango<\/li>\n\n\n\n<li>10.Malinov\u00fd meloun<\/li>\n\n\n\n<li>11.VZBul<\/li>\n\n\n\n<li>12.Watermelon Bubble Gum<\/li>\n\n\n\n<li>13.Vanicreme Tobacco<\/li>\n\n\n\n<li>14.Sm\u00ed\u0161en\u00e9 bobule<\/li>\n\n\n\n<li>15.Lemon Lime<\/li>\n\n\n\n<li>16.Strawberry Raspberry Cherry<\/li>\n\n\n\n<li>17.Mango lce<\/li>\n\n\n\n<li>18.Dragon Fruit Ban\u00e1nov\u00e1 t\u0159e\u0161e\u0148<\/li>\n\n\n\n<li>19.Elderflower Grapefruit<\/li>\n\n\n\n<li>20.LavaFire<\/li>\n<\/ul>\n\n\n\n<h3 class=\"wp-block-heading\"><strong>Nejd\u016fle\u017eit\u011bj\u0161\u00ed informace o produktu<\/strong><\/h3>\n\n\n\n<ul class=\"wp-block-list\">\n<li><strong>\u017div\u00e1 obrazovka OLED<\/strong> - Okam\u017eit\u011b si m\u016f\u017eete prohl\u00e9dnout v\u00fdkon, stav baterie a kapaliny.<\/li>\n\n\n\n<li><strong>Nastaviteln\u00fd p\u0159\u00edkon<\/strong> - \u0160est \u00farovn\u00ed v\u00fdkonu podle va\u0161\u00ed chuti a n\u00e1lady.<\/li>\n\n\n\n<li><strong>Rychl\u00e9 nab\u00edjen\u00ed<\/strong> - Pln\u00e9 nabit\u00ed za pouh\u00fdch 45-60 minut p\u0159es USB-C.<\/li>\n\n\n\n<li><strong>Ekologick\u00fd design<\/strong> - Vyrobeno z recyklovan\u00e9ho materi\u00e1lu 65%.<\/li>\n\n\n\n<li><strong>Konzistentn\u00ed v\u00fdstup chuti<\/strong> - Technologie dvou s\u00ed\u0165ov\u00fdch spir\u00e1lek zaji\u0161\u0165uje \u010dist\u00e9 a hladk\u00e9 potahov\u00e1n\u00ed.<\/li>\n<\/ul>\n\n\n\n<h3 class=\"wp-block-heading\"><strong>Balen\u00ed obsahuje<\/strong><\/h3>\n\n\n\n<ul class=\"wp-block-list\">\n<li>1 \u00d7 <strong>Dob\u00edjec\u00ed za\u0159\u00edzen\u00ed VOZOL VISTA 20000<\/strong><\/li>\n\n\n\n<li>1 \u00d7 <strong>VOZOL VISTA Pod<\/strong><\/li>\n<\/ul>\n\n\n\n<p>Dal\u0161\u00ed produkty m\u016f\u017eete nav\u0161t\u00edvit pod <strong><a href=\"https:\/\/vapemaison.com\/brand\/vozol\/\">Zna\u010dka VOZOL<\/a><\/strong>, nebo se pod\u00edvejte na stejn\u011b obl\u00edben\u00fd <strong><a href=\"https:\/\/vapemaison.com\/product\/vozol-star-20000-puffs-vape\/\">VOZOL STAR 20000<\/a><\/strong>.<\/p>\n\n\n\n<p><\/p>","protected":false},"excerpt":{"rendered":"<p>Na str\u00e1nk\u00e1ch <strong data-start=\"521\" data-end=\"547\">VOZOL VISTA 20000 Vape<\/strong> nab\u00edz\u00ed v\u00edce ne\u017e 20 000 puf\u016f s 24 vzru\u0161uj\u00edc\u00edmi p\u0159\u00edchut\u011bmi. D\u00edky dob\u00edjec\u00ed baterii 650 mAh, \u0161estistup\u0148ov\u00e9 regulaci v\u00fdkonu a ekologick\u00fdm materi\u00e1l\u016fm je navr\u017een pro udr\u017eiteln\u00fd a uspokojiv\u00fd vapingov\u00fd z\u00e1\u017eitek. Rychl\u00e9 nab\u00edjen\u00ed p\u0159es USB-C a OLED displej pro snadn\u00e9 sledov\u00e1n\u00ed.<\/p>","protected":false},"featured_media":13705,"comment_status":"open","ping_status":"closed","template":"","meta":[],"product_brand":[178],"product_cat":[133],"product_tag":[],"class_list":{"0":"post-13644","1":"product","2":"type-product","3":"status-publish","4":"has-post-thumbnail","6":"product_brand-vozol","7":"product_cat-20k-puffs","9":"first","10":"instock","11":"sale","12":"shipping-taxable","13":"purchasable","14":"product-type-variable"},"yoast_head":"<!-- This site is optimized with the Yoast SEO plugin v27.4 - https:\/\/yoast.com\/product\/yoast-seo-wordpress\/ -->\n<title>VOZOL VISTA 20000 Vape - Long-lasting Vaping Experience<\/title>\n<meta name=\"description\" content=\"Discover the VOZOL VISTA 20000 Vape. Enjoy eco-friendly vaping with 20,000+ puffs, OLED display, and fast USB-C charging. Perfect for smooth MTL hits!\" \/>\n<meta name=\"robots\" content=\"index, follow, max-snippet:-1, max-image-preview:large, max-video-preview:-1\" \/>\n<link rel=\"canonical\" href=\"https:\/\/vapemaison.com\/cs\/produkt\/vozol-vista-20000-grape-lce-puff-5\/\" \/>\n<meta property=\"og:locale\" content=\"cs_CZ\" \/>\n<meta property=\"og:type\" content=\"article\" \/>\n<meta property=\"og:title\" content=\"VOZOL VISTA 20000 Vape - Long-lasting Vaping Experience\" \/>\n<meta property=\"og:description\" content=\"Discover the VOZOL VISTA 20000 Vape. Enjoy eco-friendly vaping with 20,000+ puffs, OLED display, and fast USB-C charging. Perfect for smooth MTL hits!\" \/>\n<meta property=\"og:url\" content=\"https:\/\/vapemaison.com\/cs\/produkt\/vozol-vista-20000-grape-lce-puff-5\/\" \/>\n<meta property=\"og:site_name\" content=\"VapeMaison\" \/>\n<meta property=\"article:modified_time\" content=\"2025-11-21T08:52:22+00:00\" \/>\n<meta property=\"og:image\" content=\"https:\/\/vapemaison.com\/wp-content\/uploads\/2025\/11\/VOZOL-VISTA-20000-Disposable-Vape-grape-ice-1.jpg\" \/>\n\t<meta property=\"og:image:width\" content=\"600\" \/>\n\t<meta property=\"og:image:height\" content=\"600\" \/>\n\t<meta property=\"og:image:type\" content=\"image\/jpeg\" \/>\n<meta name=\"twitter:card\" content=\"summary_large_image\" \/>\n<meta name=\"twitter:label1\" content=\"Odhadovan\u00e1 doba \u010dten\u00ed\" \/>\n\t<meta name=\"twitter:data1\" content=\"2 minuty\" \/>\n<!-- \/ Yoast SEO plugin. -->","yoast_head_json":{"title":"VOZOL VISTA 20000 Vape - dlouhotrvaj\u00edc\u00ed z\u00e1\u017eitek z vapingu","description":"Objevte VOZOL VISTA 20000 Vape. U\u017eijte si ekologick\u00fd vaping s v\u00edce ne\u017e 20 000 potahy, OLED displejem a rychl\u00fdm nab\u00edjen\u00edm p\u0159es USB-C. Ide\u00e1ln\u00ed pro plynul\u00e9 MTL \u0161luky!","robots":{"index":"index","follow":"follow","max-snippet":"max-snippet:-1","max-image-preview":"max-image-preview:large","max-video-preview":"max-video-preview:-1"},"canonical":"https:\/\/vapemaison.com\/cs\/produkt\/vozol-vista-20000-grape-lce-puff-5\/","og_locale":"cs_CZ","og_type":"article","og_title":"VOZOL VISTA 20000 Vape - Long-lasting Vaping Experience","og_description":"Discover the VOZOL VISTA 20000 Vape. Enjoy eco-friendly vaping with 20,000+ puffs, OLED display, and fast USB-C charging. Perfect for smooth MTL hits!","og_url":"https:\/\/vapemaison.com\/cs\/produkt\/vozol-vista-20000-grape-lce-puff-5\/","og_site_name":"VapeMaison","article_modified_time":"2025-11-21T08:52:22+00:00","og_image":[{"width":600,"height":600,"url":"https:\/\/vapemaison.com\/wp-content\/uploads\/2025\/11\/VOZOL-VISTA-20000-Disposable-Vape-grape-ice-1.jpg","type":"image\/jpeg"}],"twitter_card":"summary_large_image","twitter_misc":{"Odhadovan\u00e1 doba \u010dten\u00ed":"2 minuty"},"schema":{"@context":"https:\/\/schema.org","@graph":[{"@type":"WebPage","@id":"https:\/\/vapemaison.com\/product\/vozol-vista-20000-grape-lce-puff-5\/","url":"https:\/\/vapemaison.com\/product\/vozol-vista-20000-grape-lce-puff-5\/","name":"VOZOL VISTA 20000 Vape - dlouhotrvaj\u00edc\u00ed z\u00e1\u017eitek z vapingu","isPartOf":{"@id":"https:\/\/vapemaison.com\/#website"},"primaryImageOfPage":{"@id":"https:\/\/vapemaison.com\/product\/vozol-vista-20000-grape-lce-puff-5\/#primaryimage"},"image":{"@id":"https:\/\/vapemaison.com\/product\/vozol-vista-20000-grape-lce-puff-5\/#primaryimage"},"thumbnailUrl":"https:\/\/vapemaison.com\/wp-content\/uploads\/2025\/11\/VOZOL-VISTA-20000-Disposable-Vape-grape-ice-1.jpg","datePublished":"2025-11-13T07:10:31+00:00","dateModified":"2025-11-21T08:52:22+00:00","description":"Objevte VOZOL VISTA 20000 Vape. U\u017eijte si ekologick\u00fd vaping s v\u00edce ne\u017e 20 000 potahy, OLED displejem a rychl\u00fdm nab\u00edjen\u00edm p\u0159es USB-C. Ide\u00e1ln\u00ed pro plynul\u00e9 MTL \u0161luky!","breadcrumb":{"@id":"https:\/\/vapemaison.com\/product\/vozol-vista-20000-grape-lce-puff-5\/#breadcrumb"},"inLanguage":"cs","potentialAction":[{"@type":"ReadAction","target":["https:\/\/vapemaison.com\/product\/vozol-vista-20000-grape-lce-puff-5\/"]}]},{"@type":"ImageObject","inLanguage":"cs","@id":"https:\/\/vapemaison.com\/product\/vozol-vista-20000-grape-lce-puff-5\/#primaryimage","url":"https:\/\/vapemaison.com\/wp-content\/uploads\/2025\/11\/VOZOL-VISTA-20000-Disposable-Vape-grape-ice-1.jpg","contentUrl":"https:\/\/vapemaison.com\/wp-content\/uploads\/2025\/11\/VOZOL-VISTA-20000-Disposable-Vape-grape-ice-1.jpg","width":600,"height":600,"caption":"Vozol Vista Disposable Vape Grape Ice"},{"@type":"BreadcrumbList","@id":"https:\/\/vapemaison.com\/product\/vozol-vista-20000-grape-lce-puff-5\/#breadcrumb","itemListElement":[{"@type":"ListItem","position":1,"name":"\u9996\u9875","item":"https:\/\/vapemaison.com\/"},{"@type":"ListItem","position":2,"name":"Shop","item":"https:\/\/vapemaison.com\/shop\/"},{"@type":"ListItem","position":3,"name":"Vozol","item":"https:\/\/vapemaison.com\/brand\/vozol\/"},{"@type":"ListItem","position":4,"name":"VOZOL VISTA 20000 Grape lce PUFF 5%"}]},{"@type":"WebSite","@id":"https:\/\/vapemaison.com\/#website","url":"https:\/\/vapemaison.com\/","name":"VapeMaison","description":"Pr\u00e9miov\u00e1 vapingov\u00e1 za\u0159\u00edzen\u00ed a p\u0159\u00edslu\u0161enstv\u00ed","publisher":{"@id":"https:\/\/vapemaison.com\/#organization"},"potentialAction":[{"@type":"SearchAction","target":{"@type":"EntryPoint","urlTemplate":"https:\/\/vapemaison.com\/?s={search_term_string}"},"query-input":{"@type":"PropertyValueSpecification","valueRequired":true,"valueName":"search_term_string"}}],"inLanguage":"cs"},{"@type":"Organization","@id":"https:\/\/vapemaison.com\/#organization","name":"VapeMaison","url":"https:\/\/vapemaison.com\/","logo":{"@type":"ImageObject","inLanguage":"cs","@id":"https:\/\/vapemaison.com\/#\/schema\/logo\/image\/","url":"https:\/\/vapemaison.com\/wp-content\/uploads\/2026\/01\/cropped-vapemaison-logo-g-2026.webp","contentUrl":"https:\/\/vapemaison.com\/wp-content\/uploads\/2026\/01\/cropped-vapemaison-logo-g-2026.webp","width":350,"height":280,"caption":"VapeMaison"},"image":{"@id":"https:\/\/vapemaison.com\/#\/schema\/logo\/image\/"},"sameAs":["https:\/\/www.youtube.com\/@VapeMaison"]}]}},"tiered_pricing_type":"fixed","tiered_pricing_fixed_rules":{"30":"11.24","50":"10.36","100":"9.56","200":"8.47"},"tiered_pricing_product_settings":{"layout":"default","base_unit_name":{"singular":null,"plural":null},"default_variation":null},"tiered_pricing_minimum_quantity":10,"tiered_pricing_roles_data":[],"tiered_pricing_percentage_rules":[],"tiered_pricing_maximum_quantity":null,"tiered_pricing_quantity_step":"10","_links":{"self":[{"href":"https:\/\/vapemaison.com\/cs\/wp-json\/wp\/v2\/product\/13644","targetHints":{"allow":["GET"]}}],"collection":[{"href":"https:\/\/vapemaison.com\/cs\/wp-json\/wp\/v2\/product"}],"about":[{"href":"https:\/\/vapemaison.com\/cs\/wp-json\/wp\/v2\/types\/product"}],"replies":[{"embeddable":true,"href":"https:\/\/vapemaison.com\/cs\/wp-json\/wp\/v2\/comments?post=13644"}],"version-history":[{"count":0,"href":"https:\/\/vapemaison.com\/cs\/wp-json\/wp\/v2\/product\/13644\/revisions"}],"wp:featuredmedia":[{"embeddable":true,"href":"https:\/\/vapemaison.com\/cs\/wp-json\/wp\/v2\/media\/13705"}],"wp:attachment":[{"href":"https:\/\/vapemaison.com\/cs\/wp-json\/wp\/v2\/media?parent=13644"}],"wp:term":[{"taxonomy":"product_brand","embeddable":true,"href":"https:\/\/vapemaison.com\/cs\/wp-json\/wp\/v2\/product_brand?post=13644"},{"taxonomy":"product_cat","embeddable":true,"href":"https:\/\/vapemaison.com\/cs\/wp-json\/wp\/v2\/product_cat?post=13644"},{"taxonomy":"product_tag","embeddable":true,"href":"https:\/\/vapemaison.com\/cs\/wp-json\/wp\/v2\/product_tag?post=13644"}],"curies":[{"name":"wp","href":"https:\/\/api.w.org\/{rel}","templated":true}]}}