

{"id":13713,"date":"2025-11-13T07:53:08","date_gmt":"2025-11-13T07:53:08","guid":{"rendered":"https:\/\/vapemaison.com\/?post_type=product&#038;p=13713"},"modified":"2026-02-10T06:58:02","modified_gmt":"2026-02-10T06:58:02","slug":"elfbar-blueberry-energize-bc-5000","status":"publish","type":"product","link":"https:\/\/vapemaison.com\/cs\/product\/elfbar-blueberry-energize-bc-5000\/","title":{"rendered":"Elfbar Blueberry Energize BC5000"},"content":{"rendered":"<p><strong>Elfbar Blueberry BC5000 Vape na jedno pou\u017eit\u00ed<\/strong><\/p>\n\n\n\n<p><strong>Design:<\/strong> Kompaktn\u00ed design ve stylu krabice s hladk\u00fdm a roztomil\u00fdm vzhledem. Na <strong>Elf Bar BC5000<\/strong> m\u00e1 stylovou dvoubarevnou gradientn\u00ed barvu, kter\u00e1 dokonale lad\u00ed s r\u016fzn\u00fdmi p\u0159\u00edchut\u011bmi.<\/p>\n\n\n\n<p><strong>Kapacita:<\/strong> 13 ml e-liquidu a\u017e pro <strong>5 000 vdech\u016f<\/strong>. Navzdory sv\u00e9 mal\u00e9 velikosti poskytuje dlouhotrvaj\u00edc\u00ed v\u00fdkon a konzistentn\u00ed chu\u0165.<\/p>\n\n\n\n<p><strong>Baterie:<\/strong> Postaveno s <strong>Nab\u00edjec\u00ed baterie s kapacitou 650 mAh<\/strong>, a poskytuje siln\u00fd a stabiln\u00ed v\u00fdkon. Kdy\u017e kontrolka blik\u00e1, znamen\u00e1 to, \u017ee baterie je vybit\u00e1 - sta\u010d\u00ed ji dob\u00edt.<\/p>\n\n\n\n<p><strong>Nab\u00edjen\u00ed:<\/strong> Vybaveno <strong>Port Type-C<\/strong> pro rychl\u00e9 a snadn\u00e9 nab\u00edjen\u00ed. Doporu\u010den\u00e1 doba nab\u00edjen\u00ed je <strong>30-90 minut<\/strong>. Aby nedo\u0161lo k po\u0161kozen\u00ed, pou\u017e\u00edvejte nap\u011bt\u00ed ni\u017e\u0161\u00ed ne\u017e 5 V.<\/p>\n\n\n\n<p><strong>C\u00edvka:<\/strong> Spir\u00e1lka s dvojitou m\u0159\u00ed\u017ekou pro hladkou p\u00e1ru, vyv\u00e1\u017een\u00e9 rozlo\u017een\u00ed tepla a bohatou chu\u0165.<\/p>\n\n\n\n<p><strong>S\u00edla nikotinu:<\/strong> K dispozici v <strong>0 %<\/strong>, <strong>3 %<\/strong>, a <strong>5 %<\/strong> (0 mg\/ml, 30 mg\/ml, 50 mg\/ml) v z\u00e1vislosti na region\u00e1ln\u00edch p\u0159edpisech. <em>(Nikotin je n\u00e1vykov\u00e1 l\u00e1tka. Nen\u00ed ur\u010den pro nezletil\u00e9.)<\/em><\/p>\n\n\n\n<p><strong>S\u00e9rie:<\/strong> <strong>Elf Bar BC5000<\/strong> - jeden z nejobl\u00edben\u011bj\u0161\u00edch jednor\u00e1zov\u00fdch pod\u016f, obl\u00edben\u00fd pro svou kapacitu, kvalitu chuti a \u0161irok\u00fd v\u00fdb\u011br.<\/p>\n\n\n\n<p><strong>Kategorie:<\/strong> Vape na jedno pou\u017eit\u00ed. Vychutnejte si vapov\u00e1n\u00ed bez n\u00e1mahy s <strong>Elf Bar BC5000<\/strong>, kter\u00e9 kombinuj\u00ed pohodl\u00ed, rozmanitost a prvot\u0159\u00eddn\u00ed chu\u0165 pro skute\u010dn\u011b uspokojiv\u00fd z\u00e1\u017eitek.<\/p>\n\n\n\n<p>Zobrazit dal\u0161\u00ed produkty z <strong><a href=\"https:\/\/vapemaison.com\/brand\/elfbar\/\">Zna\u010dka Elfbar<\/a><\/strong>.<\/p>\n\n\n\n<p><\/p>","protected":false},"excerpt":{"rendered":"<p>Elfbar Blueberry BC5000 Disposable Vape Design: Box-style compact design with a smooth and cute appearance. The Elf Bar BC5000 features a stylish two-tone gradient color that matches its variety of flavors perfectly. Capacity: 13 ml of e-liquid for up to 5,000 puffs. Despite its small size, it delivers long-lasting performance and consistent flavor. Battery: Built [&hellip;]<\/p>\n","protected":false},"featured_media":13716,"comment_status":"open","ping_status":"closed","template":"","meta":[],"product_brand":[177],"product_cat":[290],"product_tag":[],"class_list":{"0":"post-13713","1":"product","2":"type-product","3":"status-publish","4":"has-post-thumbnail","6":"product_brand-elfbar","7":"product_cat-5k-puffs","9":"first","10":"instock","11":"sale","12":"shipping-taxable","13":"purchasable","14":"product-type-simple"},"yoast_head":"<!-- This site is optimized with the Yoast SEO plugin v27.4 - https:\/\/yoast.com\/product\/yoast-seo-wordpress\/ -->\n<title>Elfbar Blueberry | Smooth &amp; Refreshing Vape Flavor<\/title>\n<meta name=\"description\" content=\"Discover Elfbar Blueberry \u2013 a smooth, fruity, and refreshing vape flavor. Enjoy rich taste, long-lasting performance, and easy vaping anytime.\" \/>\n<meta name=\"robots\" content=\"index, follow, max-snippet:-1, max-image-preview:large, max-video-preview:-1\" \/>\n<link rel=\"canonical\" href=\"https:\/\/vapemaison.com\/cs\/produkt\/elfbar-blueberry-energize-bc-5000\/\" \/>\n<meta property=\"og:locale\" content=\"cs_CZ\" \/>\n<meta property=\"og:type\" content=\"article\" \/>\n<meta property=\"og:title\" content=\"Elfbar Blueberry | Smooth &amp; Refreshing Vape Flavor\" \/>\n<meta property=\"og:description\" content=\"Discover Elfbar Blueberry \u2013 a smooth, fruity, and refreshing vape flavor. Enjoy rich taste, long-lasting performance, and easy vaping anytime.\" \/>\n<meta property=\"og:url\" content=\"https:\/\/vapemaison.com\/cs\/produkt\/elfbar-blueberry-energize-bc-5000\/\" \/>\n<meta property=\"og:site_name\" content=\"VapeMaison\" \/>\n<meta property=\"article:modified_time\" content=\"2026-02-10T06:58:02+00:00\" \/>\n<meta property=\"og:image\" content=\"https:\/\/vapemaison.com\/wp-content\/uploads\/2025\/11\/no-name-elfbar-blueberry-ebbull.webp\" \/>\n\t<meta property=\"og:image:width\" content=\"600\" \/>\n\t<meta property=\"og:image:height\" content=\"600\" \/>\n\t<meta property=\"og:image:type\" content=\"image\/webp\" \/>\n<meta name=\"twitter:card\" content=\"summary_large_image\" \/>\n<meta name=\"twitter:label1\" content=\"Odhadovan\u00e1 doba \u010dten\u00ed\" \/>\n\t<meta name=\"twitter:data1\" content=\"2 minuty\" \/>\n<!-- \/ Yoast SEO plugin. -->","yoast_head_json":{"title":"Elfbar Blueberry | Hladk\u00e1 a osv\u011b\u017euj\u00edc\u00ed p\u0159\u00edchu\u0165 pro vape","description":"Objevte Elfbar Blueberry - jemnou, ovocnou a osv\u011b\u017euj\u00edc\u00ed p\u0159\u00edchu\u0165. U\u017eijte si bohatou chu\u0165, dlouhotrvaj\u00edc\u00ed v\u00fdkon a snadn\u00e9 vapov\u00e1n\u00ed kdykoli.","robots":{"index":"index","follow":"follow","max-snippet":"max-snippet:-1","max-image-preview":"max-image-preview:large","max-video-preview":"max-video-preview:-1"},"canonical":"https:\/\/vapemaison.com\/cs\/produkt\/elfbar-blueberry-energize-bc-5000\/","og_locale":"cs_CZ","og_type":"article","og_title":"Elfbar Blueberry | Smooth & Refreshing Vape Flavor","og_description":"Discover Elfbar Blueberry \u2013 a smooth, fruity, and refreshing vape flavor. Enjoy rich taste, long-lasting performance, and easy vaping anytime.","og_url":"https:\/\/vapemaison.com\/cs\/produkt\/elfbar-blueberry-energize-bc-5000\/","og_site_name":"VapeMaison","article_modified_time":"2026-02-10T06:58:02+00:00","og_image":[{"width":600,"height":600,"url":"https:\/\/vapemaison.com\/wp-content\/uploads\/2025\/11\/no-name-elfbar-blueberry-ebbull.webp","type":"image\/webp"}],"twitter_card":"summary_large_image","twitter_misc":{"Odhadovan\u00e1 doba \u010dten\u00ed":"2 minuty"},"schema":{"@context":"https:\/\/schema.org","@graph":[{"@type":"WebPage","@id":"https:\/\/vapemaison.com\/product\/elfbar-blueberry-energize-bc-5000\/","url":"https:\/\/vapemaison.com\/product\/elfbar-blueberry-energize-bc-5000\/","name":"Elfbar Blueberry | Hladk\u00e1 a osv\u011b\u017euj\u00edc\u00ed p\u0159\u00edchu\u0165 pro vape","isPartOf":{"@id":"https:\/\/vapemaison.com\/#website"},"primaryImageOfPage":{"@id":"https:\/\/vapemaison.com\/product\/elfbar-blueberry-energize-bc-5000\/#primaryimage"},"image":{"@id":"https:\/\/vapemaison.com\/product\/elfbar-blueberry-energize-bc-5000\/#primaryimage"},"thumbnailUrl":"https:\/\/vapemaison.com\/wp-content\/uploads\/2025\/11\/no-name-elfbar-blueberry-ebbull.webp","datePublished":"2025-11-13T07:53:08+00:00","dateModified":"2026-02-10T06:58:02+00:00","description":"Objevte Elfbar Blueberry - jemnou, ovocnou a osv\u011b\u017euj\u00edc\u00ed p\u0159\u00edchu\u0165. U\u017eijte si bohatou chu\u0165, dlouhotrvaj\u00edc\u00ed v\u00fdkon a snadn\u00e9 vapov\u00e1n\u00ed kdykoli.","breadcrumb":{"@id":"https:\/\/vapemaison.com\/product\/elfbar-blueberry-energize-bc-5000\/#breadcrumb"},"inLanguage":"cs","potentialAction":[{"@type":"ReadAction","target":["https:\/\/vapemaison.com\/product\/elfbar-blueberry-energize-bc-5000\/"]}]},{"@type":"ImageObject","inLanguage":"cs","@id":"https:\/\/vapemaison.com\/product\/elfbar-blueberry-energize-bc-5000\/#primaryimage","url":"https:\/\/vapemaison.com\/wp-content\/uploads\/2025\/11\/no-name-elfbar-blueberry-ebbull.webp","contentUrl":"https:\/\/vapemaison.com\/wp-content\/uploads\/2025\/11\/no-name-elfbar-blueberry-ebbull.webp","width":600,"height":600,"caption":"No Name Elfbar Blueberry Ebbull Disposable Vape Device"},{"@type":"BreadcrumbList","@id":"https:\/\/vapemaison.com\/product\/elfbar-blueberry-energize-bc-5000\/#breadcrumb","itemListElement":[{"@type":"ListItem","position":1,"name":"\u9996\u9875","item":"https:\/\/vapemaison.com\/"},{"@type":"ListItem","position":2,"name":"Shop","item":"https:\/\/vapemaison.com\/shop\/"},{"@type":"ListItem","position":3,"name":"Elfbar","item":"https:\/\/vapemaison.com\/brand\/elfbar\/"},{"@type":"ListItem","position":4,"name":"Elfbar Blueberry Energize BC5000"}]},{"@type":"WebSite","@id":"https:\/\/vapemaison.com\/#website","url":"https:\/\/vapemaison.com\/","name":"VapeMaison","description":"Pr\u00e9miov\u00e1 vapingov\u00e1 za\u0159\u00edzen\u00ed a p\u0159\u00edslu\u0161enstv\u00ed","publisher":{"@id":"https:\/\/vapemaison.com\/#organization"},"potentialAction":[{"@type":"SearchAction","target":{"@type":"EntryPoint","urlTemplate":"https:\/\/vapemaison.com\/?s={search_term_string}"},"query-input":{"@type":"PropertyValueSpecification","valueRequired":true,"valueName":"search_term_string"}}],"inLanguage":"cs"},{"@type":"Organization","@id":"https:\/\/vapemaison.com\/#organization","name":"VapeMaison","url":"https:\/\/vapemaison.com\/","logo":{"@type":"ImageObject","inLanguage":"cs","@id":"https:\/\/vapemaison.com\/#\/schema\/logo\/image\/","url":"https:\/\/vapemaison.com\/wp-content\/uploads\/2026\/01\/cropped-vapemaison-logo-g-2026.webp","contentUrl":"https:\/\/vapemaison.com\/wp-content\/uploads\/2026\/01\/cropped-vapemaison-logo-g-2026.webp","width":350,"height":280,"caption":"VapeMaison"},"image":{"@id":"https:\/\/vapemaison.com\/#\/schema\/logo\/image\/"},"sameAs":["https:\/\/www.youtube.com\/@VapeMaison"]}]}},"tiered_pricing_type":"fixed","tiered_pricing_fixed_rules":{"30":"11.88","50":"10.78","100":"9.68","200":"8.58"},"tiered_pricing_product_settings":{"layout":"default","base_unit_name":{"singular":null,"plural":null},"default_variation":null},"tiered_pricing_minimum_quantity":10,"tiered_pricing_roles_data":[],"tiered_pricing_percentage_rules":[],"tiered_pricing_maximum_quantity":null,"tiered_pricing_quantity_step":"10","_links":{"self":[{"href":"https:\/\/vapemaison.com\/cs\/wp-json\/wp\/v2\/product\/13713","targetHints":{"allow":["GET"]}}],"collection":[{"href":"https:\/\/vapemaison.com\/cs\/wp-json\/wp\/v2\/product"}],"about":[{"href":"https:\/\/vapemaison.com\/cs\/wp-json\/wp\/v2\/types\/product"}],"replies":[{"embeddable":true,"href":"https:\/\/vapemaison.com\/cs\/wp-json\/wp\/v2\/comments?post=13713"}],"version-history":[{"count":1,"href":"https:\/\/vapemaison.com\/cs\/wp-json\/wp\/v2\/product\/13713\/revisions"}],"predecessor-version":[{"id":27194,"href":"https:\/\/vapemaison.com\/cs\/wp-json\/wp\/v2\/product\/13713\/revisions\/27194"}],"wp:featuredmedia":[{"embeddable":true,"href":"https:\/\/vapemaison.com\/cs\/wp-json\/wp\/v2\/media\/13716"}],"wp:attachment":[{"href":"https:\/\/vapemaison.com\/cs\/wp-json\/wp\/v2\/media?parent=13713"}],"wp:term":[{"taxonomy":"product_brand","embeddable":true,"href":"https:\/\/vapemaison.com\/cs\/wp-json\/wp\/v2\/product_brand?post=13713"},{"taxonomy":"product_cat","embeddable":true,"href":"https:\/\/vapemaison.com\/cs\/wp-json\/wp\/v2\/product_cat?post=13713"},{"taxonomy":"product_tag","embeddable":true,"href":"https:\/\/vapemaison.com\/cs\/wp-json\/wp\/v2\/product_tag?post=13713"}],"curies":[{"name":"wp","href":"https:\/\/api.w.org\/{rel}","templated":true}]}}