

{"id":13888,"date":"2025-11-18T02:42:53","date_gmt":"2025-11-18T02:42:53","guid":{"rendered":"https:\/\/vapemaison.com\/?post_type=product&#038;p=13888"},"modified":"2026-01-30T08:34:05","modified_gmt":"2026-01-30T08:34:05","slug":"elfbar-sweet30000puff-5","status":"publish","type":"product","link":"https:\/\/vapemaison.com\/cs\/product\/elfbar-sweet30000puff-5\/","title":{"rendered":"ELFBAR SWEET KING 30000 Vape | Pine Needle Mint 30k"},"content":{"rendered":"<h2 class=\"wp-block-heading\"><strong>ELFBAR mentol - chytr\u00fd, nastaviteln\u00fd, dlouhotrvaj\u00edc\u00ed jednor\u00e1zov\u00fd vape<\/strong><\/h2>\n\n\n\n<p>Na str\u00e1nk\u00e1ch <strong><strong>ELFBAR mentol<\/strong> 30000<\/strong> p\u0159in\u00e1\u0161\u00ed novou \u00farove\u0148 v\u00fdkonu jednor\u00e1zov\u00fdch syst\u00e9m\u016f POD. Je ur\u010den pro vapery, kte\u0159\u00ed cht\u011bj\u00ed p\u0159izp\u016fsoben\u00ed, stabilitu a dlouhodobou hodnotu. <strong>30k puff<\/strong>, je vybaven inteligentn\u00edm LED displejem a umo\u017e\u0148uje plnou kontrolu nad sladkost\u00ed, intenzitou chuti, v\u00fdkonem a pr\u016ftokem vzduchu - co\u017e je z\u00e1\u017eitek, kter\u00fd se u jednor\u00e1zov\u00fdch za\u0159\u00edzen\u00ed vyskytuje jen z\u0159\u00eddka.<\/p>\n\n\n\n<p>SWEET KING je poh\u00e1n\u011bn 20 ml niklov\u00e9 soli 5% a bateri\u00ed 850 mAh, kter\u00e1 zaji\u0161\u0165uje konzistentn\u00ed produkci p\u00e1ry a je podporov\u00e1na spir\u00e1lkou Triple Mesh pro bohatou a hustou chu\u0165 bez p\u0159eh\u0159\u00edv\u00e1n\u00ed. D\u00edky kompaktn\u00ed konstrukci, automatick\u00e9 aktivaci potahu a rychl\u00e9mu nab\u00edjen\u00ed Type-C je pohodln\u00fdm a spolehliv\u00fdm ka\u017edodenn\u00edm vapem.<\/p>\n\n\n\n<h2 class=\"wp-block-heading\"><strong>Hlavn\u00ed v\u00fdhody<\/strong><\/h2>\n\n\n\n<ul class=\"wp-block-list\">\n<li><strong>\u00dapln\u00e1 personalizace<\/strong> - Upravte sladkost, s\u00edlu chuti, v\u00fdkon a pr\u016ftok vzduchu.<\/li>\n\n\n\n<li><strong>A\u017e 30 000 puf\u016f<\/strong> - 20 ml e-liquidu a \u00fa\u010dinn\u00e1 850mAh baterie pro dlouhotrvaj\u00edc\u00ed v\u00fdkon.<\/li>\n\n\n\n<li><strong>Trojit\u00e1 s\u00ed\u0165ov\u00e1 c\u00edvka<\/strong> - Poskytuje bohat\u0161\u00ed chu\u0165, rychlej\u0161\u00ed zah\u0159\u00edv\u00e1n\u00ed a hlad\u0161\u00ed p\u00e1ru.<\/li>\n\n\n\n<li><strong>Chytr\u00fd LED displej<\/strong> - P\u0159ehledn\u011b zobrazte stav baterie, stav e-liquidu, v\u00fdkon a aktivn\u00ed nastaven\u00ed.<\/li>\n\n\n\n<li><strong>Aktivace automatick\u00e9ho kreslen\u00ed<\/strong> - Sta\u010d\u00ed se nadechnout a vychutnat si to; nen\u00ed t\u0159eba pou\u017e\u00edvat \u017e\u00e1dn\u00e1 tla\u010d\u00edtka.<\/li>\n\n\n\n<li><strong>Rychl\u00e9 nab\u00edjen\u00ed typu C<\/strong> - Pohodln\u00e9, rychl\u00e9 a spolehliv\u00e9.<\/li>\n\n\n\n<li><strong>Kompaktn\u00ed pr\u00e9miov\u00fd design<\/strong> - Lehk\u00e1, modern\u00ed a pohodln\u00e1 na cesty.<\/li>\n<\/ul>\n\n\n\n<p>Pokud v\u00e1s zaj\u00edmaj\u00ed pokro\u010dilej\u0161\u00ed a v\u00fdkonn\u011bj\u0161\u00ed za\u0159\u00edzen\u00ed, jako je SWEET KING 30000, m\u016f\u017eete si prohl\u00e9dnout celou na\u0161i nab\u00eddku. <strong><a href=\"https:\/\/vapemaison.com\/de\/marke\/elfbar\/\">ELFBAR<\/a><\/strong> Chcete-li se sezn\u00e1mit s dal\u0161\u00edmi modely, pod\u00edvejte se na n\u00e1\u0161 specializovan\u00fd <a href=\"https:\/\/vapemaison.com\/product-category\/puffs-count\/30k-puffs\/\"><strong>30k sb\u00edrka pufovac\u00edch p\u0159\u00edstroj\u016f<\/strong><\/a> prozkoumat dal\u0161\u00ed modely a p\u0159\u00edchut\u011b ELFBAR.<\/p>\n\n\n\n<p><\/p>\n\n\n\n<p><\/p>\n\n\n\n<p><\/p>","protected":false},"excerpt":{"rendered":"<p>ELFBAR menthol \u2013 Smart, Adjustable, Long-Lasting Disposable Vape The ELFBAR menthol 30000 brings a new level of performance to disposable POD systems. Designed for vapers who want customization, stability, and long-term value, it delivers up to 30k puff, features a smart LED display, and allows full control over sweetness, flavour intensity, wattage, and airflow\u2014an experience [&hellip;]<\/p>\n","protected":false},"featured_media":14053,"comment_status":"open","ping_status":"closed","template":"","meta":[],"product_brand":[177],"product_cat":[134],"product_tag":[],"class_list":{"0":"post-13888","1":"product","2":"type-product","3":"status-publish","4":"has-post-thumbnail","6":"product_brand-elfbar","7":"product_cat-30k-puffs","9":"first","10":"instock","11":"sale","12":"shipping-taxable","13":"purchasable","14":"product-type-variable"},"yoast_head":"<!-- This site is optimized with the Yoast SEO plugin v27.4 - https:\/\/yoast.com\/product\/yoast-seo-wordpress\/ -->\n<title>ELFBAR SWEET KING 30000 Vape | Pine Needle Mint 30k - VapeMaison<\/title>\n<meta name=\"description\" content=\"ELFBAR Menthol 30000 \u2013 smart, long-lasting disposable vape with up to 30,000 puffs, adjustable sweetness, flavor intensity, wattage, and airflow.\" \/>\n<meta name=\"robots\" content=\"index, follow, max-snippet:-1, max-image-preview:large, max-video-preview:-1\" \/>\n<link rel=\"canonical\" href=\"https:\/\/vapemaison.com\/cs\/produkt\/elfbar-sweet30000puff-5\/\" \/>\n<meta property=\"og:locale\" content=\"cs_CZ\" \/>\n<meta property=\"og:type\" content=\"article\" \/>\n<meta property=\"og:title\" content=\"ELFBAR SWEET KING 30000 Vape | Pine Needle Mint 30k - VapeMaison\" \/>\n<meta property=\"og:description\" content=\"ELFBAR Menthol 30000 \u2013 smart, long-lasting disposable vape with up to 30,000 puffs, adjustable sweetness, flavor intensity, wattage, and airflow.\" \/>\n<meta property=\"og:url\" content=\"https:\/\/vapemaison.com\/cs\/produkt\/elfbar-sweet30000puff-5\/\" \/>\n<meta property=\"og:site_name\" content=\"VapeMaison\" \/>\n<meta property=\"article:modified_time\" content=\"2026-01-30T08:34:05+00:00\" \/>\n<meta property=\"og:image\" content=\"https:\/\/vapemaison.com\/wp-content\/uploads\/2025\/11\/elfbar-sweet-king-pine-needle-mint-30k-puffs-disposable-vape.jpg\" \/>\n\t<meta property=\"og:image:width\" content=\"759\" \/>\n\t<meta property=\"og:image:height\" content=\"759\" \/>\n\t<meta property=\"og:image:type\" content=\"image\/jpeg\" \/>\n<meta name=\"twitter:card\" content=\"summary_large_image\" \/>\n<meta name=\"twitter:label1\" content=\"Odhadovan\u00e1 doba \u010dten\u00ed\" \/>\n\t<meta name=\"twitter:data1\" content=\"2 minuty\" \/>\n<!-- \/ Yoast SEO plugin. -->","yoast_head_json":{"title":"ELFBAR SWEET KING 30000 Vape | Pine Needle Mint 30k - VapeMaison","description":"ELFBAR Menthol 30000 - chytr\u00fd jednor\u00e1zov\u00fd vape s dlouhou v\u00fddr\u017e\u00ed a\u017e 30 000 potah\u016f, nastavitelnou sladkost\u00ed, intenzitou chuti, v\u00fdkonem a pr\u016ftokem vzduchu.","robots":{"index":"index","follow":"follow","max-snippet":"max-snippet:-1","max-image-preview":"max-image-preview:large","max-video-preview":"max-video-preview:-1"},"canonical":"https:\/\/vapemaison.com\/cs\/produkt\/elfbar-sweet30000puff-5\/","og_locale":"cs_CZ","og_type":"article","og_title":"ELFBAR SWEET KING 30000 Vape | Pine Needle Mint 30k - VapeMaison","og_description":"ELFBAR Menthol 30000 \u2013 smart, long-lasting disposable vape with up to 30,000 puffs, adjustable sweetness, flavor intensity, wattage, and airflow.","og_url":"https:\/\/vapemaison.com\/cs\/produkt\/elfbar-sweet30000puff-5\/","og_site_name":"VapeMaison","article_modified_time":"2026-01-30T08:34:05+00:00","og_image":[{"width":759,"height":759,"url":"https:\/\/vapemaison.com\/wp-content\/uploads\/2025\/11\/elfbar-sweet-king-pine-needle-mint-30k-puffs-disposable-vape.jpg","type":"image\/jpeg"}],"twitter_card":"summary_large_image","twitter_misc":{"Odhadovan\u00e1 doba \u010dten\u00ed":"2 minuty"},"schema":{"@context":"https:\/\/schema.org","@graph":[{"@type":"WebPage","@id":"https:\/\/vapemaison.com\/product\/elfbar-sweet30000puff-5\/","url":"https:\/\/vapemaison.com\/product\/elfbar-sweet30000puff-5\/","name":"ELFBAR SWEET KING 30000 Vape | Pine Needle Mint 30k - VapeMaison","isPartOf":{"@id":"https:\/\/vapemaison.com\/#website"},"primaryImageOfPage":{"@id":"https:\/\/vapemaison.com\/product\/elfbar-sweet30000puff-5\/#primaryimage"},"image":{"@id":"https:\/\/vapemaison.com\/product\/elfbar-sweet30000puff-5\/#primaryimage"},"thumbnailUrl":"https:\/\/vapemaison.com\/wp-content\/uploads\/2025\/11\/elfbar-sweet-king-pine-needle-mint-30k-puffs-disposable-vape.jpg","datePublished":"2025-11-18T02:42:53+00:00","dateModified":"2026-01-30T08:34:05+00:00","description":"ELFBAR Menthol 30000 - chytr\u00fd jednor\u00e1zov\u00fd vape s dlouhou v\u00fddr\u017e\u00ed a\u017e 30 000 potah\u016f, nastavitelnou sladkost\u00ed, intenzitou chuti, v\u00fdkonem a pr\u016ftokem vzduchu.","breadcrumb":{"@id":"https:\/\/vapemaison.com\/product\/elfbar-sweet30000puff-5\/#breadcrumb"},"inLanguage":"cs","potentialAction":[{"@type":"ReadAction","target":["https:\/\/vapemaison.com\/product\/elfbar-sweet30000puff-5\/"]}]},{"@type":"ImageObject","inLanguage":"cs","@id":"https:\/\/vapemaison.com\/product\/elfbar-sweet30000puff-5\/#primaryimage","url":"https:\/\/vapemaison.com\/wp-content\/uploads\/2025\/11\/elfbar-sweet-king-pine-needle-mint-30k-puffs-disposable-vape.jpg","contentUrl":"https:\/\/vapemaison.com\/wp-content\/uploads\/2025\/11\/elfbar-sweet-king-pine-needle-mint-30k-puffs-disposable-vape.jpg","width":759,"height":759,"caption":"Elfbar Sweet King Pine Needle Mint 30k Puffs Disposable Vape detail"},{"@type":"BreadcrumbList","@id":"https:\/\/vapemaison.com\/product\/elfbar-sweet30000puff-5\/#breadcrumb","itemListElement":[{"@type":"ListItem","position":1,"name":"\u9996\u9875","item":"https:\/\/vapemaison.com\/"},{"@type":"ListItem","position":2,"name":"Shop","item":"https:\/\/vapemaison.com\/shop\/"},{"@type":"ListItem","position":3,"name":"Elfbar","item":"https:\/\/vapemaison.com\/brand\/elfbar\/"},{"@type":"ListItem","position":4,"name":"ELFBAR SWEET KING 30000 Vape | Pine Needle Mint 30k"}]},{"@type":"WebSite","@id":"https:\/\/vapemaison.com\/#website","url":"https:\/\/vapemaison.com\/","name":"VapeMaison","description":"Pr\u00e9miov\u00e1 vapingov\u00e1 za\u0159\u00edzen\u00ed a p\u0159\u00edslu\u0161enstv\u00ed","publisher":{"@id":"https:\/\/vapemaison.com\/#organization"},"potentialAction":[{"@type":"SearchAction","target":{"@type":"EntryPoint","urlTemplate":"https:\/\/vapemaison.com\/?s={search_term_string}"},"query-input":{"@type":"PropertyValueSpecification","valueRequired":true,"valueName":"search_term_string"}}],"inLanguage":"cs"},{"@type":"Organization","@id":"https:\/\/vapemaison.com\/#organization","name":"VapeMaison","url":"https:\/\/vapemaison.com\/","logo":{"@type":"ImageObject","inLanguage":"cs","@id":"https:\/\/vapemaison.com\/#\/schema\/logo\/image\/","url":"https:\/\/vapemaison.com\/wp-content\/uploads\/2026\/01\/cropped-vapemaison-logo-g-2026.webp","contentUrl":"https:\/\/vapemaison.com\/wp-content\/uploads\/2026\/01\/cropped-vapemaison-logo-g-2026.webp","width":350,"height":280,"caption":"VapeMaison"},"image":{"@id":"https:\/\/vapemaison.com\/#\/schema\/logo\/image\/"},"sameAs":["https:\/\/www.youtube.com\/@VapeMaison"]}]}},"tiered_pricing_type":"fixed","tiered_pricing_fixed_rules":{"30":"14.78","50":"12.28","100":"11.78","200":"10.78"},"tiered_pricing_product_settings":{"layout":"default","base_unit_name":{"singular":null,"plural":null},"default_variation":null},"tiered_pricing_minimum_quantity":10,"tiered_pricing_roles_data":[],"tiered_pricing_percentage_rules":[],"tiered_pricing_maximum_quantity":null,"tiered_pricing_quantity_step":"10","_links":{"self":[{"href":"https:\/\/vapemaison.com\/cs\/wp-json\/wp\/v2\/product\/13888","targetHints":{"allow":["GET"]}}],"collection":[{"href":"https:\/\/vapemaison.com\/cs\/wp-json\/wp\/v2\/product"}],"about":[{"href":"https:\/\/vapemaison.com\/cs\/wp-json\/wp\/v2\/types\/product"}],"replies":[{"embeddable":true,"href":"https:\/\/vapemaison.com\/cs\/wp-json\/wp\/v2\/comments?post=13888"}],"version-history":[{"count":1,"href":"https:\/\/vapemaison.com\/cs\/wp-json\/wp\/v2\/product\/13888\/revisions"}],"predecessor-version":[{"id":26556,"href":"https:\/\/vapemaison.com\/cs\/wp-json\/wp\/v2\/product\/13888\/revisions\/26556"}],"wp:featuredmedia":[{"embeddable":true,"href":"https:\/\/vapemaison.com\/cs\/wp-json\/wp\/v2\/media\/14053"}],"wp:attachment":[{"href":"https:\/\/vapemaison.com\/cs\/wp-json\/wp\/v2\/media?parent=13888"}],"wp:term":[{"taxonomy":"product_brand","embeddable":true,"href":"https:\/\/vapemaison.com\/cs\/wp-json\/wp\/v2\/product_brand?post=13888"},{"taxonomy":"product_cat","embeddable":true,"href":"https:\/\/vapemaison.com\/cs\/wp-json\/wp\/v2\/product_cat?post=13888"},{"taxonomy":"product_tag","embeddable":true,"href":"https:\/\/vapemaison.com\/cs\/wp-json\/wp\/v2\/product_tag?post=13888"}],"curies":[{"name":"wp","href":"https:\/\/api.w.org\/{rel}","templated":true}]}}