

{"id":14066,"date":"2025-11-18T06:08:22","date_gmt":"2025-11-18T06:08:22","guid":{"rendered":"https:\/\/vapemaison.com\/?post_type=product&#038;p=14066"},"modified":"2025-12-20T03:25:17","modified_gmt":"2025-12-20T03:25:17","slug":"elf-bar-blueberry-vape-30000","status":"publish","type":"product","link":"https:\/\/vapemaison.com\/cs\/product\/elf-bar-blueberry-vape-30000\/","title":{"rendered":"Elf Bar Blueberry 30k Puff | Melounov\u00fd led a bor\u016fvky"},"content":{"rendered":"<p>Objevte Elf Bar Combo Pro 30000, novou generaci jednor\u00e1zov\u00e9ho vapingu. Toto za\u0159\u00edzen\u00ed je navr\u017eeno pro dlouhou \u017eivotnost, siln\u00fd v\u00fdkon a v\u00fdraznou chu\u0165 a kombinuje inteligentn\u00ed design s pokro\u010dilou technologi\u00ed - ide\u00e1ln\u00ed pro u\u017eivatele, kte\u0159\u00ed vy\u017eaduj\u00ed v\u00fddr\u017e i prvot\u0159\u00eddn\u00ed chu\u0165.<\/p>\n\n\n\n<p>Combo Pro s 22 ml p\u0159edpln\u011bn\u00e9ho e-liquidu a dob\u00edjec\u00ed bateri\u00ed 850 mAh poskytuje a\u017e 30 000 plynul\u00fdch a konzistentn\u00edch potah\u016f. A\u0165 u\u017e d\u00e1v\u00e1te p\u0159ednost jemn\u00e9mu potahov\u00e1n\u00ed nebo siln\u011bj\u0161\u00edmu \u0161lukov\u00e1n\u00ed, toto za\u0159\u00edzen\u00ed se bez probl\u00e9m\u016f p\u0159izp\u016fsob\u00ed va\u0161emu stylu vapov\u00e1n\u00ed.<\/p>\n\n\n\n<h3 class=\"wp-block-heading\"><strong>Dvoure\u017eimov\u00fd nap\u00e1jec\u00ed syst\u00e9m<\/strong><\/h3>\n\n\n\n<p>Okam\u017eit\u011b p\u0159ep\u00ednejte mezi dv\u011bma optimalizovan\u00fdmi re\u017eimy nap\u00e1jen\u00ed:<\/p>\n\n\n\n<ul class=\"wp-block-list\">\n<li><strong>Re\u017eim Lite (15 W)<\/strong> - Plynul\u00fd a dlouh\u00fd vaping s maxim\u00e1ln\u00edm po\u010dtem \u0161luk\u016f<\/li>\n\n\n\n<li><strong>Re\u017eim Turbo (35 W)<\/strong> - Hust\u00e9 mraky, bohat\u0161\u00ed chu\u0165 a intenzivn\u00ed z\u00e1sah<\/li>\n<\/ul>\n\n\n\n<p>V kombinaci s jedine\u010dn\u00fdm kombinovan\u00fdm p\u0159ep\u00edna\u010dem p\u0159\u00edchut\u00ed nab\u00edz\u00ed za\u0159\u00edzen\u00ed re\u017eimy s jednou p\u0159\u00edchut\u00ed, dv\u011bma p\u0159\u00edchut\u011bmi a sm\u00ed\u0161enou p\u0159\u00edchut\u00ed, tak\u017ee m\u00e1te nad sv\u00fdm vapingov\u00fdm z\u00e1\u017eitkem plnou kontrolu.<\/p>\n\n\n\n<h3 class=\"wp-block-heading\"><strong>Zv\u00fdrazn\u011bn\u00ed chuti: Melounov\u00fd led a bor\u016fvka<\/strong><\/h3>\n\n\n\n<p>Vychutnejte si osv\u011b\u017euj\u00edc\u00ed spojen\u00ed k\u0159upav\u00e9ho melounov\u00e9ho ledu a sladk\u00fdch zral\u00fdch bor\u016fvek.<br>Tato chlazen\u00e1 ovocn\u00e1 sm\u011bs p\u0159in\u00e1\u0161\u00ed chladivou sv\u011b\u017eest p\u0159i n\u00e1dechu a \u0161\u0165avnatou bobulovou sladkost p\u0159i v\u00fddechu - hladk\u00e1, vyv\u00e1\u017een\u00e1 a uspokojuj\u00edc\u00ed od za\u010d\u00e1tku a\u017e do konce.<\/p>\n\n\n\n<h3 class=\"wp-block-heading\"><strong>Kl\u00ed\u010dov\u00e9 vlastnosti<\/strong><\/h3>\n\n\n\n<ul class=\"wp-block-list\">\n<li><strong>Pufy:<\/strong> A\u017e 30 000<\/li>\n\n\n\n<li><strong>Kapacita e-liquidu:<\/strong> 22 ml (p\u0159edpln\u011bn\u00e9)<\/li>\n\n\n\n<li><strong>Baterie:<\/strong> 850mAh dob\u00edjec\u00ed<\/li>\n\n\n\n<li><strong>S\u00edla nikotinu:<\/strong> 5% (50 mg\/ml)<\/li>\n\n\n\n<li><strong>Re\u017eimy nap\u00e1jen\u00ed:<\/strong> Lite (15 W) \/ Turbo (35 W)<\/li>\n\n\n\n<li><strong>Re\u017eimy p\u0159\u00edchut\u00ed:<\/strong> Jednoduch\u00e1, dvojit\u00e1 nebo sm\u00ed\u0161en\u00e1 p\u0159\u00edchu\u0165<\/li>\n\n\n\n<li><strong>Syst\u00e9m proud\u011bn\u00ed vzduchu:<\/strong> Dvojit\u00e9 nastaviteln\u00e9 proud\u011bn\u00ed vzduchu<\/li>\n\n\n\n<li><strong>Nab\u00edjen\u00ed:<\/strong> Rychl\u00e9 nab\u00edjen\u00ed typu C<\/li>\n\n\n\n<li><strong>Zobrazen\u00ed:<\/strong> Chytr\u00fd displej pro kontrolu stavu baterie a e-liquidu<\/li>\n<\/ul>\n\n\n\n<h3 class=\"wp-block-heading\"><strong>Design a pou\u017eitelnost<\/strong><\/h3>\n\n\n\n<p>Elegantn\u00ed, kompaktn\u00ed za\u0159\u00edzen\u00ed Elf Bar Combo Pro 30000 je stvo\u0159eno pro modern\u00ed vaping:<\/p>\n\n\n\n<ul class=\"wp-block-list\">\n<li>Chytr\u00e9 indik\u00e1tory pro <strong>stav baterie a e-liquidu v re\u00e1ln\u00e9m \u010dase<\/strong><\/li>\n\n\n\n<li>Rychl\u00e9 dob\u00edjen\u00ed Type-C<\/li>\n\n\n\n<li>Lehk\u00e9 ergonomick\u00e9 t\u011blo pro maxim\u00e1ln\u00ed p\u0159enosnost<\/li>\n\n\n\n<li>Beztla\u010d\u00edtkov\u00e9 ovl\u00e1d\u00e1n\u00ed - jednodu\u0161e se nadechn\u011bte a u\u017e\u00edvejte si<\/li>\n<\/ul>\n\n\n\n<h3 class=\"wp-block-heading\"><strong>Pro\u010d si vybrat Elf Bar Combo Pro 30000<\/strong><\/h3>\n\n\n\n<ul class=\"wp-block-list\">\n<li>Jeden z nejvy\u0161\u0161\u00edch po\u010dt\u016f \u0161luk\u016f u jednor\u00e1zov\u00fdch vap\u016f<\/li>\n\n\n\n<li>Voln\u00e9 p\u0159ep\u00edn\u00e1n\u00ed mezi p\u0159\u00edchut\u011bmi a re\u017eimy v\u00fdkonu<\/li>\n\n\n\n<li>Hladk\u00e1 p\u00e1ra se silnou intenzitou chuti<\/li>\n\n\n\n<li>Dlouh\u00e1 \u017eivotnost, dob\u00edjen\u00ed a spolehlivost<\/li>\n\n\n\n<li>Ide\u00e1ln\u00ed pro za\u010d\u00e1te\u010dn\u00edky i zku\u0161en\u00e9 u\u017eivatele<\/li>\n<\/ul>\n\n\n\n<h3 class=\"wp-block-heading\"><strong>Objednat Elf Bar Combo Pro - Watermelon Ice &amp; Blueberry<\/strong><\/h3>\n\n\n\n<p>Vylep\u0161ete sv\u016fj z\u00e1\u017eitek z vapingu s Elf Bar Combo Pro 30000.<br>Vychutnejte si dlouhotrvaj\u00edc\u00ed v\u00fdkon, nastaviteln\u00fd v\u00fdkon a osv\u011b\u017euj\u00edc\u00ed sm\u011bs dvou druh\u016f ovoce - to v\u0161e v jednom prvot\u0159\u00eddn\u00edm a snadno pou\u017eiteln\u00e9m p\u0159\u00edstroji.<\/p>\n\n\n\n<p>Zjist\u011bte v\u00edce o dal\u0161\u00edch <strong><a href=\"https:\/\/vapemaison.com\/brand\/elfbar\/\">Elfbar<\/a><\/strong> nebo se pod\u00edvejte na dal\u0161\u00ed <strong><a href=\"https:\/\/vapemaison.com\/brand\/\">Zna\u010dky<\/a><\/strong>.<\/p>","protected":false},"excerpt":{"rendered":"<p>Discover the Elf Bar Combo Pro 30000, the next generation of disposable vaping. Engineered for long life, strong performance, and bold flavour, this device blends intelligent design with advanced technology \u2014 perfect for users who demand both endurance and premium taste. With 22ml of pre-filled e-liquid and an 850mAh rechargeable battery, the Combo Pro delivers [&hellip;]<\/p>\n","protected":false},"featured_media":12795,"comment_status":"open","ping_status":"closed","template":"","meta":[],"product_brand":[177],"product_cat":[134],"product_tag":[],"class_list":{"0":"post-14066","1":"product","2":"type-product","3":"status-publish","4":"has-post-thumbnail","6":"product_brand-elfbar","7":"product_cat-30k-puffs","9":"first","10":"instock","11":"sale","12":"shipping-taxable","13":"purchasable","14":"product-type-variable"},"yoast_head":"<!-- This site is optimized with the Yoast SEO plugin v27.4 - https:\/\/yoast.com\/product\/yoast-seo-wordpress\/ -->\n<title>Elf bar Blueberry Vape 30000 | 30K Puffs Vape<\/title>\n<meta name=\"description\" content=\"Experience the Elf Bar blueberry Vape 30000\uff0c featuring 22ml e-liquid, up to 30,000 puffs, and designed for ultimate satisfaction.\" \/>\n<meta name=\"robots\" content=\"index, follow, max-snippet:-1, max-image-preview:large, max-video-preview:-1\" \/>\n<link rel=\"canonical\" href=\"https:\/\/vapemaison.com\/cs\/produkt\/elf-bar-blueberry-vape-30000\/\" \/>\n<meta property=\"og:locale\" content=\"cs_CZ\" \/>\n<meta property=\"og:type\" content=\"article\" \/>\n<meta property=\"og:title\" content=\"Elf bar Blueberry Vape 30000 | 30K Puffs Vape\" \/>\n<meta property=\"og:description\" content=\"Experience the Elf Bar blueberry Vape 30000\uff0c featuring 22ml e-liquid, up to 30,000 puffs, and designed for ultimate satisfaction.\" \/>\n<meta property=\"og:url\" content=\"https:\/\/vapemaison.com\/cs\/produkt\/elf-bar-blueberry-vape-30000\/\" \/>\n<meta property=\"og:site_name\" content=\"VapeMaison\" \/>\n<meta property=\"article:modified_time\" content=\"2025-12-20T03:25:17+00:00\" \/>\n<meta property=\"og:image\" content=\"https:\/\/vapemaison.com\/wp-content\/uploads\/2025\/11\/elf-bar-combo-30000-watermelon-ice-and-blueberry-disposable-vape-5-nicotine.webp\" \/>\n\t<meta property=\"og:image:width\" content=\"1000\" \/>\n\t<meta property=\"og:image:height\" content=\"1000\" \/>\n\t<meta property=\"og:image:type\" content=\"image\/webp\" \/>\n<meta name=\"twitter:card\" content=\"summary_large_image\" \/>\n<meta name=\"twitter:label1\" content=\"Odhadovan\u00e1 doba \u010dten\u00ed\" \/>\n\t<meta name=\"twitter:data1\" content=\"2 minuty\" \/>\n<!-- \/ Yoast SEO plugin. -->","yoast_head_json":{"title":"Elf bar Blueberry Vape 30000 | 30K Puffs Vape","description":"Vyzkou\u0161ejte Elf Bar blueberry Vape 30000\uff0c s 22 ml e-liquidu, v\u00fddr\u017e\u00ed a\u017e 30 000 potah\u016f a designem pro maxim\u00e1ln\u00ed uspokojen\u00ed.","robots":{"index":"index","follow":"follow","max-snippet":"max-snippet:-1","max-image-preview":"max-image-preview:large","max-video-preview":"max-video-preview:-1"},"canonical":"https:\/\/vapemaison.com\/cs\/produkt\/elf-bar-blueberry-vape-30000\/","og_locale":"cs_CZ","og_type":"article","og_title":"Elf bar Blueberry Vape 30000 | 30K Puffs Vape","og_description":"Experience the Elf Bar blueberry Vape 30000\uff0c featuring 22ml e-liquid, up to 30,000 puffs, and designed for ultimate satisfaction.","og_url":"https:\/\/vapemaison.com\/cs\/produkt\/elf-bar-blueberry-vape-30000\/","og_site_name":"VapeMaison","article_modified_time":"2025-12-20T03:25:17+00:00","og_image":[{"width":1000,"height":1000,"url":"https:\/\/vapemaison.com\/wp-content\/uploads\/2025\/11\/elf-bar-combo-30000-watermelon-ice-and-blueberry-disposable-vape-5-nicotine.webp","type":"image\/webp"}],"twitter_card":"summary_large_image","twitter_misc":{"Odhadovan\u00e1 doba \u010dten\u00ed":"2 minuty"},"schema":{"@context":"https:\/\/schema.org","@graph":[{"@type":"WebPage","@id":"https:\/\/vapemaison.com\/product\/elf-bar-blueberry-vape-30000\/","url":"https:\/\/vapemaison.com\/product\/elf-bar-blueberry-vape-30000\/","name":"Elf bar Blueberry Vape 30000 | 30K Puffs Vape","isPartOf":{"@id":"https:\/\/vapemaison.com\/#website"},"primaryImageOfPage":{"@id":"https:\/\/vapemaison.com\/product\/elf-bar-blueberry-vape-30000\/#primaryimage"},"image":{"@id":"https:\/\/vapemaison.com\/product\/elf-bar-blueberry-vape-30000\/#primaryimage"},"thumbnailUrl":"https:\/\/vapemaison.com\/wp-content\/uploads\/2025\/11\/elf-bar-combo-30000-watermelon-ice-and-blueberry-disposable-vape-5-nicotine.webp","datePublished":"2025-11-18T06:08:22+00:00","dateModified":"2025-12-20T03:25:17+00:00","description":"Vyzkou\u0161ejte Elf Bar blueberry Vape 30000\uff0c s 22 ml e-liquidu, v\u00fddr\u017e\u00ed a\u017e 30 000 potah\u016f a designem pro maxim\u00e1ln\u00ed uspokojen\u00ed.","breadcrumb":{"@id":"https:\/\/vapemaison.com\/product\/elf-bar-blueberry-vape-30000\/#breadcrumb"},"inLanguage":"cs","potentialAction":[{"@type":"ReadAction","target":["https:\/\/vapemaison.com\/product\/elf-bar-blueberry-vape-30000\/"]}]},{"@type":"ImageObject","inLanguage":"cs","@id":"https:\/\/vapemaison.com\/product\/elf-bar-blueberry-vape-30000\/#primaryimage","url":"https:\/\/vapemaison.com\/wp-content\/uploads\/2025\/11\/elf-bar-combo-30000-watermelon-ice-and-blueberry-disposable-vape-5-nicotine.webp","contentUrl":"https:\/\/vapemaison.com\/wp-content\/uploads\/2025\/11\/elf-bar-combo-30000-watermelon-ice-and-blueberry-disposable-vape-5-nicotine.webp","width":1000,"height":1000,"caption":"Elf Bar Combo Watermelon Ice And Blueberry Disposable Vape 5 Nicotine"},{"@type":"BreadcrumbList","@id":"https:\/\/vapemaison.com\/product\/elf-bar-blueberry-vape-30000\/#breadcrumb","itemListElement":[{"@type":"ListItem","position":1,"name":"\u9996\u9875","item":"https:\/\/vapemaison.com\/"},{"@type":"ListItem","position":2,"name":"Shop","item":"https:\/\/vapemaison.com\/shop\/"},{"@type":"ListItem","position":3,"name":"Elfbar","item":"https:\/\/vapemaison.com\/brand\/elfbar\/"},{"@type":"ListItem","position":4,"name":"Elf Bar Blueberry 30k Puff | Watermelon Ice &amp; Blueberry"}]},{"@type":"WebSite","@id":"https:\/\/vapemaison.com\/#website","url":"https:\/\/vapemaison.com\/","name":"VapeMaison","description":"Pr\u00e9miov\u00e1 vapingov\u00e1 za\u0159\u00edzen\u00ed a p\u0159\u00edslu\u0161enstv\u00ed","publisher":{"@id":"https:\/\/vapemaison.com\/#organization"},"potentialAction":[{"@type":"SearchAction","target":{"@type":"EntryPoint","urlTemplate":"https:\/\/vapemaison.com\/?s={search_term_string}"},"query-input":{"@type":"PropertyValueSpecification","valueRequired":true,"valueName":"search_term_string"}}],"inLanguage":"cs"},{"@type":"Organization","@id":"https:\/\/vapemaison.com\/#organization","name":"VapeMaison","url":"https:\/\/vapemaison.com\/","logo":{"@type":"ImageObject","inLanguage":"cs","@id":"https:\/\/vapemaison.com\/#\/schema\/logo\/image\/","url":"https:\/\/vapemaison.com\/wp-content\/uploads\/2026\/01\/cropped-vapemaison-logo-g-2026.webp","contentUrl":"https:\/\/vapemaison.com\/wp-content\/uploads\/2026\/01\/cropped-vapemaison-logo-g-2026.webp","width":350,"height":280,"caption":"VapeMaison"},"image":{"@id":"https:\/\/vapemaison.com\/#\/schema\/logo\/image\/"},"sameAs":["https:\/\/www.youtube.com\/@VapeMaison"]}]}},"tiered_pricing_type":"fixed","tiered_pricing_fixed_rules":{"30":"15.99","50":"15.42","100":"13.68","200":"12.21"},"tiered_pricing_product_settings":{"layout":"default","base_unit_name":{"singular":null,"plural":null},"default_variation":null},"tiered_pricing_minimum_quantity":10,"tiered_pricing_roles_data":[],"tiered_pricing_percentage_rules":[],"tiered_pricing_maximum_quantity":null,"tiered_pricing_quantity_step":"10","_links":{"self":[{"href":"https:\/\/vapemaison.com\/cs\/wp-json\/wp\/v2\/product\/14066","targetHints":{"allow":["GET"]}}],"collection":[{"href":"https:\/\/vapemaison.com\/cs\/wp-json\/wp\/v2\/product"}],"about":[{"href":"https:\/\/vapemaison.com\/cs\/wp-json\/wp\/v2\/types\/product"}],"replies":[{"embeddable":true,"href":"https:\/\/vapemaison.com\/cs\/wp-json\/wp\/v2\/comments?post=14066"}],"version-history":[{"count":0,"href":"https:\/\/vapemaison.com\/cs\/wp-json\/wp\/v2\/product\/14066\/revisions"}],"wp:featuredmedia":[{"embeddable":true,"href":"https:\/\/vapemaison.com\/cs\/wp-json\/wp\/v2\/media\/12795"}],"wp:attachment":[{"href":"https:\/\/vapemaison.com\/cs\/wp-json\/wp\/v2\/media?parent=14066"}],"wp:term":[{"taxonomy":"product_brand","embeddable":true,"href":"https:\/\/vapemaison.com\/cs\/wp-json\/wp\/v2\/product_brand?post=14066"},{"taxonomy":"product_cat","embeddable":true,"href":"https:\/\/vapemaison.com\/cs\/wp-json\/wp\/v2\/product_cat?post=14066"},{"taxonomy":"product_tag","embeddable":true,"href":"https:\/\/vapemaison.com\/cs\/wp-json\/wp\/v2\/product_tag?post=14066"}],"curies":[{"name":"wp","href":"https:\/\/api.w.org\/{rel}","templated":true}]}}