

{"id":14108,"date":"2025-11-18T08:59:22","date_gmt":"2025-11-18T08:59:22","guid":{"rendered":"https:\/\/vapemaison.com\/?post_type=product&#038;p=14108"},"modified":"2026-04-01T05:39:59","modified_gmt":"2026-04-01T05:39:59","slug":"al-fakher-vape-8k-puff","status":"publish","type":"product","link":"https:\/\/vapemaison.com\/cs\/product\/al-fakher-vape-8k-puff\/","title":{"rendered":"Al Fakher Vape Crown Bar 8000 Jednor\u00e1zov\u00e9 vape"},"content":{"rendered":"<p>Na str\u00e1nk\u00e1ch <strong>Al Fakher Vape <\/strong>Crown Bar 8000 je elegantn\u00ed a spolehliv\u00fd jednor\u00e1zov\u00fd vape, kter\u00fd kombinuje plynul\u00e9 pod\u00e1n\u00ed chuti s bezprobl\u00e9movou pou\u017eitelnost\u00ed.Za\u0159\u00edzen\u00ed pojme 18 ml pr\u00e9miov\u00e9ho e-liquidu o s\u00edle nikotinu 5 mg a poskytuje a\u017e 8 000 potah\u016f \u010dist\u00e9ho uspokojen\u00ed.Kompaktn\u00ed, lehk\u00fd a dob\u00edjec\u00ed p\u0159\u00edstroj nab\u00edz\u00ed snadn\u00fd p\u0159echod pro za\u010d\u00e1te\u010dn\u00edky a z\u00e1rove\u0148 spl\u0148uje standardy zku\u0161en\u00fdch vaper\u016f.<\/p>\n\n\n\n<h3 class=\"wp-block-heading\"><strong>Kl\u00ed\u010dov\u00e9 vlastnosti<\/strong><\/h3>\n\n\n\n<ul class=\"wp-block-list\">\n<li><strong>A\u017e 8 000 puf\u016f<\/strong> - U\u017eijte si del\u0161\u00ed pou\u017e\u00edv\u00e1n\u00ed bez nutnosti neust\u00e1l\u00e9 v\u00fdm\u011bny.<\/li>\n\n\n\n<li><strong>P\u0159edpln\u011bn\u00e1 n\u00e1dr\u017eka o objemu 18 ml<\/strong> - Velk\u00e1 kapacita e-liquidu pro konzistentn\u00ed chu\u0165ov\u00fd v\u00fdstup.<\/li>\n\n\n\n<li><strong>S\u00edla nikotinu 5 mg<\/strong> - Hladk\u00e9 a vyv\u00e1\u017een\u00e9 pro uspokojiv\u00fd z\u00e1tah v krku.<\/li>\n\n\n\n<li><strong>Kompaktn\u00ed a p\u0159enosn\u00fd<\/strong> - Je navr\u017een tak, aby se pohodln\u011b ve\u0161el do ruky nebo do kapsy, co\u017e je ide\u00e1ln\u00ed pro vaping na cest\u00e1ch.<\/li>\n\n\n\n<li><strong>Bezprobl\u00e9mov\u00fd design<\/strong> - Nen\u00ed t\u0159eba dopl\u0148ovat ani vym\u011b\u0148ovat kapsle - sta\u010d\u00ed pou\u017e\u00edt a vym\u011bnit.<\/li>\n<\/ul>\n\n\n\n<h3 class=\"wp-block-heading\"><strong>Za\u017eijte hladkou a konzistentn\u00ed chu\u0165<\/strong><\/h3>\n\n\n\n<p>Jednor\u00e1zov\u00fd vaper Al Fakher Vape Crown Bar 8000 je vyroben s ohledem na v\u00fdkon a chu\u0165 a zaji\u0161\u0165uje stabiln\u00ed v\u00fdstup p\u00e1ry p\u0159i ka\u017ed\u00e9m potahu. A\u0165 u\u017e hled\u00e1te bohat\u00e9 ovocn\u00e9 sm\u011bsi nebo chladiv\u00e9 mentolov\u00e9 pocity, toto za\u0159\u00edzen\u00ed poskytuje \u010dist\u00fd a chu\u0165ov\u011b v\u00fdrazn\u00fd z\u00e1\u017eitek od prvn\u00edho potahu a\u017e po ten posledn\u00ed.<\/p>\n\n\n\n<h3 class=\"wp-block-heading\"><strong>Pro koho je ur\u010dena<\/strong><\/h3>\n\n\n\n<p>Ide\u00e1ln\u00ed pro:<\/p>\n\n\n\n<ul class=\"wp-block-list\">\n<li>Nov\u00ed vape\u0159i hledaj\u00ed <strong>jednoduch\u00e9 a pohodln\u00e9<\/strong> za\u010d\u00edt.<\/li>\n\n\n\n<li>Zku\u0161en\u00ed u\u017eivatel\u00e9, kte\u0159\u00ed d\u00e1vaj\u00ed p\u0159ednost <strong>velkokapacitn\u00ed jednor\u00e1zov\u00e9 v\u00fdrobky<\/strong>.<\/li>\n\n\n\n<li>Ka\u017ed\u00fd, kdo chce <strong>konzistentn\u00ed v\u00fdkon<\/strong> bez \u00fadr\u017eby nebo dopl\u0148ov\u00e1n\u00ed.<\/li>\n<\/ul>\n\n\n\n<h3 class=\"wp-block-heading\"><strong>Pou\u017e\u00edv\u00e1n\u00ed a \u00fadr\u017eba<\/strong><\/h3>\n\n\n\n<p>Jakmile se v\u00e1\u0161 Al Fakher Crown Bar 8000 vybije, sta\u010d\u00ed jednodu\u0161e. <strong>nahradit jej nov\u00fdm za\u0159\u00edzen\u00edm<\/strong>. \u017d\u00e1dn\u00fd \u00faklid, \u017e\u00e1dn\u00fd nepo\u0159\u00e1dek - jen nep\u0159etr\u017eit\u00e1 radost.<\/p>\n\n\n\n<h3 class=\"wp-block-heading\"><strong>Pro\u010d si vybrat Al Fakher Vape<\/strong>\uff1f<\/h3>\n\n\n\n<ul class=\"wp-block-list\">\n<li>Roz\u0161\u00ed\u0159en\u00e1 kapacita pufov\u00e1n\u00ed s vyt\u0159\u00edben\u00fdm v\u00fdkonem.<\/li>\n\n\n\n<li>Pohodln\u00fd, p\u0159enosn\u00fd a vhodn\u00fd pro za\u010d\u00e1te\u010dn\u00edky.<\/li>\n\n\n\n<li>Hladk\u00fd p\u0159\u00edsun nikotinu s bohatou, vrstevnatou chut\u00ed.<\/li>\n\n\n\n<li>Pr\u00e9miov\u00fd jednor\u00e1zov\u00fd produkt vyroben\u00fd pro spolehlivost a spokojenost.<\/li>\n<\/ul>\n\n\n\n<p>Upozorn\u011bn\u00ed: Na jednor\u00e1zov\u00e1 vape za\u0159\u00edzen\u00ed se nevztahuje z\u00e1ruka. Jak\u00e9koli vadn\u00e9 nebo nefunk\u010dn\u00ed za\u0159\u00edzen\u00ed je t\u0159eba \u0159e\u0161it p\u0159\u00edmo s v\u00fdrobcem. N\u00e1kup dle vlastn\u00edho uv\u00e1\u017een\u00ed.<\/p>\n\n\n\n<p>Prozkoumejte nejnov\u011bj\u0161\u00ed pr\u00e9miov\u00e9 vapingov\u00e9 produkty na adrese\u00a0<a href=\"https:\/\/vapemaison.com\/\">VapeMaison<\/a>, kde se setk\u00e1v\u00e1 kvalita a inovace. Prohl\u00e9dn\u011bte si n\u00e1\u0161 kompletn\u00ed sortiment na\u00a0<a href=\"https:\/\/vapemaison.com\/shop\/\">Obchod<\/a>\u00a0nebo si prohl\u00e9dn\u011bte nejlep\u0161\u00ed produkty z\u00a0<a href=\"https:\/\/vapemaison.com\/brand\/al-fakher\/\">Al Fakher<\/a>,\u00a0<a href=\"https:\/\/vapemaison.com\/brand\/humocase\/\">HumoCase<\/a>, a\u00a0<a href=\"https:\/\/vapemaison.com\/brand\/humo-azul\/\">Humo Azul<\/a>\u00a0sb\u00edrky. Ka\u017ed\u00e1 zna\u010dka nab\u00edz\u00ed jedine\u010dn\u00fd design, p\u0159\u00edchut\u011b a v\u00fdkon - najd\u011bte si sv\u016fj dokonal\u00fd vape a u\u017eijte si bezprobl\u00e9mov\u00fd z\u00e1\u017eitek je\u0161t\u011b dnes.<\/p>","protected":false},"excerpt":{"rendered":"<p>Na str\u00e1nk\u00e1ch <strong data-start=\"504\" data-end=\"533\">Korunn\u00ed ty\u010de Al Fakher 8000<\/strong> poskytuje a\u017e 8000 potah\u016f plynul\u00e9, konzistentn\u00ed p\u00e1ry s \u010distou ovocnou nebo mentolovou p\u0159\u00edchut\u00ed. Kompaktn\u00ed, dob\u00edjec\u00ed a bezprobl\u00e9mov\u00fd vape je spolehliv\u00fd jednor\u00e1zov\u00fd vape pro ka\u017edodenn\u00ed pou\u017eit\u00ed, kter\u00fd nab\u00edz\u00ed pohodl\u00ed a spokojenost p\u0159i ka\u017ed\u00e9m potahu.<\/p>","protected":false},"featured_media":11287,"comment_status":"open","ping_status":"closed","template":"","meta":[],"product_brand":[179],"product_cat":[176],"product_tag":[],"class_list":{"0":"post-14108","1":"product","2":"type-product","3":"status-publish","4":"has-post-thumbnail","6":"product_brand-al-fakher","7":"product_cat-8k-puffs","9":"first","10":"instock","11":"sale","12":"shipping-taxable","13":"purchasable","14":"product-type-variable"},"yoast_head":"<!-- This site is optimized with the Yoast SEO plugin v27.4 - https:\/\/yoast.com\/product\/yoast-seo-wordpress\/ -->\n<title>Al Fakher Vape 8000 Puffs Disposable Vape | VapeMaison<\/title>\n<meta name=\"description\" content=\"Experience the Al Fakher Vape 8000 Puffs .Enjoy clean flavor, rechargeable convenience, and effortless vaping for every lifestyle.\" \/>\n<meta name=\"robots\" content=\"index, follow, max-snippet:-1, max-image-preview:large, max-video-preview:-1\" \/>\n<link rel=\"canonical\" href=\"https:\/\/vapemaison.com\/cs\/produkt\/al-fakher-vape-8k-puff\/\" \/>\n<meta property=\"og:locale\" content=\"cs_CZ\" \/>\n<meta property=\"og:type\" content=\"article\" \/>\n<meta property=\"og:title\" content=\"Al Fakher Vape 8000 Puffs Disposable Vape | VapeMaison\" \/>\n<meta property=\"og:description\" content=\"Experience the Al Fakher Vape 8000 Puffs .Enjoy clean flavor, rechargeable convenience, and effortless vaping for every lifestyle.\" \/>\n<meta property=\"og:url\" content=\"https:\/\/vapemaison.com\/cs\/produkt\/al-fakher-vape-8k-puff\/\" \/>\n<meta property=\"og:site_name\" content=\"VapeMaison\" \/>\n<meta property=\"article:modified_time\" content=\"2026-04-01T05:39:59+00:00\" \/>\n<meta property=\"og:image\" content=\"https:\/\/vapemaison.com\/wp-content\/uploads\/2025\/11\/al-fakher-crown-space-dream-1.jpeg\" \/>\n\t<meta property=\"og:image:width\" content=\"498\" \/>\n\t<meta property=\"og:image:height\" content=\"800\" \/>\n\t<meta property=\"og:image:type\" content=\"image\/jpeg\" \/>\n<meta name=\"twitter:card\" content=\"summary_large_image\" \/>\n<meta name=\"twitter:label1\" content=\"Odhadovan\u00e1 doba \u010dten\u00ed\" \/>\n\t<meta name=\"twitter:data1\" content=\"2 minuty\" \/>\n<!-- \/ Yoast SEO plugin. -->","yoast_head_json":{"title":"Al Fakher Vape 8000 Puffs Vape na jedno pou\u017eit\u00ed | VapeMaison","description":"Vyzkou\u0161ejte Al Fakher Vape 8000 Puffs .Vychutnejte si \u010distou chu\u0165, pohodl\u00ed p\u0159i dob\u00edjen\u00ed a bezprobl\u00e9mov\u00fd vaping pro ka\u017ed\u00fd \u017eivotn\u00ed styl.","robots":{"index":"index","follow":"follow","max-snippet":"max-snippet:-1","max-image-preview":"max-image-preview:large","max-video-preview":"max-video-preview:-1"},"canonical":"https:\/\/vapemaison.com\/cs\/produkt\/al-fakher-vape-8k-puff\/","og_locale":"cs_CZ","og_type":"article","og_title":"Al Fakher Vape 8000 Puffs Disposable Vape | VapeMaison","og_description":"Experience the Al Fakher Vape 8000 Puffs .Enjoy clean flavor, rechargeable convenience, and effortless vaping for every lifestyle.","og_url":"https:\/\/vapemaison.com\/cs\/produkt\/al-fakher-vape-8k-puff\/","og_site_name":"VapeMaison","article_modified_time":"2026-04-01T05:39:59+00:00","og_image":[{"width":498,"height":800,"url":"https:\/\/vapemaison.com\/wp-content\/uploads\/2025\/11\/al-fakher-crown-space-dream-1.jpeg","type":"image\/jpeg"}],"twitter_card":"summary_large_image","twitter_misc":{"Odhadovan\u00e1 doba \u010dten\u00ed":"2 minuty"},"schema":{"@context":"https:\/\/schema.org","@graph":[{"@type":"WebPage","@id":"https:\/\/vapemaison.com\/product\/al-fakher-vape-8k-puff\/","url":"https:\/\/vapemaison.com\/product\/al-fakher-vape-8k-puff\/","name":"Al Fakher Vape 8000 Puffs Vape na jedno pou\u017eit\u00ed | VapeMaison","isPartOf":{"@id":"https:\/\/vapemaison.com\/#website"},"primaryImageOfPage":{"@id":"https:\/\/vapemaison.com\/product\/al-fakher-vape-8k-puff\/#primaryimage"},"image":{"@id":"https:\/\/vapemaison.com\/product\/al-fakher-vape-8k-puff\/#primaryimage"},"thumbnailUrl":"https:\/\/vapemaison.com\/wp-content\/uploads\/2025\/11\/al-fakher-crown-space-dream-1.jpeg","datePublished":"2025-11-18T08:59:22+00:00","dateModified":"2026-04-01T05:39:59+00:00","description":"Vyzkou\u0161ejte Al Fakher Vape 8000 Puffs .Vychutnejte si \u010distou chu\u0165, pohodl\u00ed p\u0159i dob\u00edjen\u00ed a bezprobl\u00e9mov\u00fd vaping pro ka\u017ed\u00fd \u017eivotn\u00ed styl.","breadcrumb":{"@id":"https:\/\/vapemaison.com\/product\/al-fakher-vape-8k-puff\/#breadcrumb"},"inLanguage":"cs","potentialAction":[{"@type":"ReadAction","target":["https:\/\/vapemaison.com\/product\/al-fakher-vape-8k-puff\/"]}]},{"@type":"ImageObject","inLanguage":"cs","@id":"https:\/\/vapemaison.com\/product\/al-fakher-vape-8k-puff\/#primaryimage","url":"https:\/\/vapemaison.com\/wp-content\/uploads\/2025\/11\/al-fakher-crown-space-dream-1.jpeg","contentUrl":"https:\/\/vapemaison.com\/wp-content\/uploads\/2025\/11\/al-fakher-crown-space-dream-1.jpeg","width":498,"height":800,"caption":"Al Fakher Crown Space Dream Disposable Vape Device"},{"@type":"BreadcrumbList","@id":"https:\/\/vapemaison.com\/product\/al-fakher-vape-8k-puff\/#breadcrumb","itemListElement":[{"@type":"ListItem","position":1,"name":"\u9996\u9875","item":"https:\/\/vapemaison.com\/"},{"@type":"ListItem","position":2,"name":"Shop","item":"https:\/\/vapemaison.com\/shop\/"},{"@type":"ListItem","position":3,"name":"Al Fakher","item":"https:\/\/vapemaison.com\/brand\/al-fakher\/"},{"@type":"ListItem","position":4,"name":"Al Fakher Vape Crown Bar 8000 Disposable Vape"}]},{"@type":"WebSite","@id":"https:\/\/vapemaison.com\/#website","url":"https:\/\/vapemaison.com\/","name":"VapeMaison","description":"Pr\u00e9miov\u00e1 vapingov\u00e1 za\u0159\u00edzen\u00ed a p\u0159\u00edslu\u0161enstv\u00ed","publisher":{"@id":"https:\/\/vapemaison.com\/#organization"},"potentialAction":[{"@type":"SearchAction","target":{"@type":"EntryPoint","urlTemplate":"https:\/\/vapemaison.com\/?s={search_term_string}"},"query-input":{"@type":"PropertyValueSpecification","valueRequired":true,"valueName":"search_term_string"}}],"inLanguage":"cs"},{"@type":"Organization","@id":"https:\/\/vapemaison.com\/#organization","name":"VapeMaison","url":"https:\/\/vapemaison.com\/","logo":{"@type":"ImageObject","inLanguage":"cs","@id":"https:\/\/vapemaison.com\/#\/schema\/logo\/image\/","url":"https:\/\/vapemaison.com\/wp-content\/uploads\/2026\/01\/cropped-vapemaison-logo-g-2026.webp","contentUrl":"https:\/\/vapemaison.com\/wp-content\/uploads\/2026\/01\/cropped-vapemaison-logo-g-2026.webp","width":350,"height":280,"caption":"VapeMaison"},"image":{"@id":"https:\/\/vapemaison.com\/#\/schema\/logo\/image\/"},"sameAs":["https:\/\/www.youtube.com\/@VapeMaison"]}]}},"tiered_pricing_type":"fixed","tiered_pricing_fixed_rules":{"30":"12.61","50":"11.78","100":"10.34","200":"9.99"},"tiered_pricing_product_settings":{"layout":"default","base_unit_name":{"singular":null,"plural":null},"default_variation":null},"tiered_pricing_minimum_quantity":10,"tiered_pricing_roles_data":[],"tiered_pricing_percentage_rules":[],"tiered_pricing_maximum_quantity":null,"tiered_pricing_quantity_step":"10","_links":{"self":[{"href":"https:\/\/vapemaison.com\/cs\/wp-json\/wp\/v2\/product\/14108","targetHints":{"allow":["GET"]}}],"collection":[{"href":"https:\/\/vapemaison.com\/cs\/wp-json\/wp\/v2\/product"}],"about":[{"href":"https:\/\/vapemaison.com\/cs\/wp-json\/wp\/v2\/types\/product"}],"replies":[{"embeddable":true,"href":"https:\/\/vapemaison.com\/cs\/wp-json\/wp\/v2\/comments?post=14108"}],"version-history":[{"count":1,"href":"https:\/\/vapemaison.com\/cs\/wp-json\/wp\/v2\/product\/14108\/revisions"}],"predecessor-version":[{"id":26022,"href":"https:\/\/vapemaison.com\/cs\/wp-json\/wp\/v2\/product\/14108\/revisions\/26022"}],"wp:featuredmedia":[{"embeddable":true,"href":"https:\/\/vapemaison.com\/cs\/wp-json\/wp\/v2\/media\/11287"}],"wp:attachment":[{"href":"https:\/\/vapemaison.com\/cs\/wp-json\/wp\/v2\/media?parent=14108"}],"wp:term":[{"taxonomy":"product_brand","embeddable":true,"href":"https:\/\/vapemaison.com\/cs\/wp-json\/wp\/v2\/product_brand?post=14108"},{"taxonomy":"product_cat","embeddable":true,"href":"https:\/\/vapemaison.com\/cs\/wp-json\/wp\/v2\/product_cat?post=14108"},{"taxonomy":"product_tag","embeddable":true,"href":"https:\/\/vapemaison.com\/cs\/wp-json\/wp\/v2\/product_tag?post=14108"}],"curies":[{"name":"wp","href":"https:\/\/api.w.org\/{rel}","templated":true}]}}