

{"id":14556,"date":"2025-11-21T02:16:33","date_gmt":"2025-11-21T02:16:33","guid":{"rendered":"https:\/\/vapemaison.com\/?post_type=product&#038;p=14556"},"modified":"2025-11-22T07:55:24","modified_gmt":"2025-11-22T07:55:24","slug":"bang-blaze-bc5000-5k-puffs","status":"publish","type":"product","link":"https:\/\/vapemaison.com\/cs\/product\/bang-blaze-bc5000-5k-puffs\/","title":{"rendered":"Bang Blaze BC5000 Vape 5K Puffs"},"content":{"rendered":"<h3 class=\"wp-block-heading\"><strong>Dlouhotrvaj\u00edc\u00ed z\u00e1\u017eitek z vapov\u00e1n\u00ed<\/strong><\/h3>\n\n\n\n<p>Na str\u00e1nk\u00e1ch <strong>Bang Blaze BC5000 Vape<\/strong> poskytuje plynul\u00fd a konzistentn\u00ed vapingov\u00fd z\u00e1\u017eitek, kter\u00fd vydr\u017e\u00ed. Ka\u017ed\u00e9 za\u0159\u00edzen\u00ed poskytuje a\u017e <strong>5000 obl\u00e1\u010dk\u016f<\/strong>, co\u017e zaji\u0161\u0165uje spolehliv\u00fd v\u00fdkon bez nutnosti \u010dast\u00e9 v\u00fdm\u011bny.<\/p>\n\n\n\n<h3 class=\"wp-block-heading\"><strong>P\u0159izp\u016fsobiteln\u00e9 s\u00edly nikotinu<\/strong><\/h3>\n\n\n\n<p>Krom\u011b toho je BC5000 k dispozici v <strong>S\u00edla nikotinu 2%, 3% a 5%<\/strong>, co\u017e umo\u017e\u0148uje vaper\u016fm vybrat si \u00farove\u0148, kter\u00e1 nejl\u00e9pe vyhovuje jejich preferenc\u00edm. A\u0165 u\u017e d\u00e1v\u00e1te p\u0159ednost leh\u010d\u00edmu potahu nebo siln\u011bj\u0161\u00edmu \u00faderu do hrdla, za\u0159\u00edzen\u00ed si udr\u017euje stabiln\u00ed v\u00fdkon a nab\u00edz\u00ed uspokojiv\u00e9 potahov\u00e1n\u00ed p\u0159i ka\u017ed\u00e9m \u0161luknut\u00ed.<\/p>\n\n\n\n<h3 class=\"wp-block-heading\"><strong>Odv\u00e1\u017en\u00e9 chut\u011b s ka\u017ed\u00fdm \u0161lukem<\/strong><\/h3>\n\n\n\n<p>Krom\u011b toho <strong>Kapacita p\u0159edpln\u011bn\u00e9ho e-liquidu 13 ml<\/strong> p\u0159in\u00e1\u0161\u00ed v\u00fdraznou a vyv\u00e1\u017eenou chu\u0165 od prvn\u00edho a\u017e do posledn\u00edho \u0161luku. D\u00edky sv\u00e9 <strong>C\u00edvka s oky 1,2\u03a9<\/strong>, kter\u00fd je navr\u017een pro rovnom\u011brn\u00e9 zah\u0159\u00edv\u00e1n\u00ed, produkuje BC5000 plynulou p\u00e1ru a bohat\u0161\u00ed chu\u0165ov\u00fd profil. S\u00ed\u0165ov\u00e1 struktura zvy\u0161uje \u010distotu chuti i hustotu p\u00e1ry a zaji\u0161\u0165uje tak p\u0159\u00edjemn\u00fd a konzistentn\u00ed z\u00e1\u017eitek z vapov\u00e1n\u00ed.<\/p>\n\n\n\n<h3 class=\"wp-block-heading\"><strong>Spolehliv\u00e9 nap\u00e1jen\u00ed pro dlouhodob\u00e9 pou\u017e\u00edv\u00e1n\u00ed<\/strong><\/h3>\n\n\n\n<p>Nap\u00e1jen\u00ed pomoc\u00ed <strong>Dob\u00edjec\u00ed baterie s kapacitou 600 mAh<\/strong>, z\u016fst\u00e1v\u00e1 BC5000 spolehliv\u00fd po celou dobu sv\u00e9 \u017eivotnosti. Krom\u011b toho <strong>Nab\u00edjec\u00ed port typu C<\/strong> zaji\u0161\u0165uje rychl\u00e9 a pohodln\u00e9 dob\u00edjen\u00ed, \u010d\u00edm\u017e minimalizuje prostoje, tak\u017ee se m\u016f\u017eete snadno vr\u00e1tit k vapov\u00e1n\u00ed.<\/p>\n\n\n\n<h3 class=\"wp-block-heading\"><strong>\u0160irok\u00e1 \u0161k\u00e1la p\u0159\u00edchut\u00ed<\/strong><\/h3>\n\n\n\n<p>A kone\u010dn\u011b, s <strong>12 jedine\u010dn\u00fdch p\u0159\u00edchut\u00ed<\/strong> z \u010deho vyb\u00edrat, je <strong>Bang Blaze BC5000 Vape<\/strong> kombinuje spolehliv\u00fd v\u00fdkon, v\u00fdraznou chu\u0165 a praktick\u00e9 pohodl\u00ed. D\u00edky tomu je vynikaj\u00edc\u00ed volbou pro ka\u017ed\u00e9ho, kdo hled\u00e1 prvot\u0159\u00eddn\u00ed jednor\u00e1zovou vapku.<\/p>\n\n\n\n<p><strong>Vlastnosti\uff1a<\/strong><\/p>\n\n\n\n<ul class=\"wp-block-list\">\n<li><strong>Pufy: 5000<\/strong><\/li>\n\n\n\n<li><strong>Nikotinov\u00e1 s\u016fl: 2% 5%<\/strong><\/li>\n\n\n\n<li><strong>Kapacita tekutiny: 13ML<\/strong><\/li>\n\n\n\n<li><strong>Odpor: 1,2 ohm\u016f Mesh<\/strong><\/li>\n\n\n\n<li><strong>Baterie: 600 mAh<\/strong><\/li>\n\n\n\n<li><strong>Nab\u00edjec\u00ed port: Typ C<\/strong><\/li>\n\n\n\n<li><strong>12 p\u0159\u00edchut\u00ed na v\u00fdb\u011br<\/strong><\/li>\n<\/ul>\n\n\n\n<p><strong>Chu\u0165\uff1a<\/strong><\/p>\n\n\n\n<ol class=\"wp-block-list\">\n<li>Jahodov\u00e9 mango<\/li>\n\n\n\n<li>Jahodov\u00e1 zmrzlina<\/li>\n\n\n\n<li>Melounov\u00fd led<\/li>\n\n\n\n<li>Bor\u016fvkov\u00fd malinov\u00fd led<\/li>\n\n\n\n<li>Jahodov\u00e9 kiwi<\/li>\n\n\n\n<li>Energetick\u00fd n\u00e1poj<\/li>\n\n\n\n<li>Broskvov\u00fd meloun Mango<\/li>\n\n\n\n<li>Bor\u016fvkov\u00fd led<\/li>\n\n\n\n<li>Jahodov\u00fd ban\u00e1n<\/li>\n\n\n\n<li>Kiwi Mu\u010denka Ovoce Guava<\/li>\n\n\n\n<li>Sm\u00ed\u0161en\u00e9 ovoce<\/li>\n\n\n\n<li>Jahodov\u00fd meloun<\/li>\n<\/ol>\n\n\n\n<p>Pokud zkoum\u00e1te dal\u0161\u00ed mo\u017enosti z oblasti <strong><a href=\"https:\/\/vapemaison.com\/brand\/bang\/\">S\u00e9rie Bang<\/a><\/strong>, nev\u00e1hejte se pod\u00edvat na na\u0161i kompletn\u00ed kolekci, kde najdete dal\u0161\u00ed p\u0159\u00edchut\u011b a modely. A pokud byste cht\u011bli pochopit, jak\u00fd vliv m\u016f\u017ee m\u00edt vaping na va\u0161e zdrav\u00ed, m\u016f\u017eete tak\u00e9 <strong><a href=\"https:\/\/vapemaison.com\/vaping-risks-why-are-they-addictive-what-are-the-dangers-of-flavor-additives\/\">p\u0159e\u010dt\u011bte si na\u0161eho podrobn\u00e9ho pr\u016fvodce <\/a><\/strong>kter\u00e1 rozeb\u00edr\u00e1 kl\u00ed\u010dov\u00e1 fakta o vlivu e-cigaret na organismus.<\/p>","protected":false},"excerpt":{"rendered":"<p>Long-Lasting Vaping Experience The Bang Blaze BC5000 Vape delivers a smooth, consistent vaping experience that is built to last. Each device provides up to 5000 puffs, ensuring reliable performance without the need for frequent replacements. Customizable Nicotine Strengths Moreover, the BC5000 is available in 2%, 3%, and 5% nicotine strengths, allowing vapers to select the [&hellip;]<\/p>\n","protected":false},"featured_media":14561,"comment_status":"open","ping_status":"closed","template":"","meta":[],"product_brand":[57],"product_cat":[290],"product_tag":[],"class_list":{"0":"post-14556","1":"product","2":"type-product","3":"status-publish","4":"has-post-thumbnail","6":"product_brand-bang","7":"product_cat-5k-puffs","9":"first","10":"instock","11":"sale","12":"shipping-taxable","13":"purchasable","14":"product-type-variable"},"yoast_head":"<!-- This site is optimized with the Yoast SEO plugin v27.4 - https:\/\/yoast.com\/product\/yoast-seo-wordpress\/ -->\n<title>Bang Blaze BC5000 Vape \u2013 5k Puffs,12 Flavors - VapeMaison<\/title>\n<meta name=\"description\" content=\"Shop the Bang Blaze BC5000 vape with up to 5000 puffs, and multiple nicotine strengths. Smooth flavor for a reliable vaping experience.\" \/>\n<meta name=\"robots\" content=\"index, follow, max-snippet:-1, max-image-preview:large, max-video-preview:-1\" \/>\n<link rel=\"canonical\" href=\"https:\/\/vapemaison.com\/cs\/produkt\/bang-blaze-bc5000-5k-puffs\/\" \/>\n<meta property=\"og:locale\" content=\"cs_CZ\" \/>\n<meta property=\"og:type\" content=\"article\" \/>\n<meta property=\"og:title\" content=\"Bang Blaze BC5000 Vape \u2013 5k Puffs,12 Flavors - VapeMaison\" \/>\n<meta property=\"og:description\" content=\"Shop the Bang Blaze BC5000 vape with up to 5000 puffs, and multiple nicotine strengths. Smooth flavor for a reliable vaping experience.\" \/>\n<meta property=\"og:url\" content=\"https:\/\/vapemaison.com\/cs\/produkt\/bang-blaze-bc5000-5k-puffs\/\" \/>\n<meta property=\"og:site_name\" content=\"VapeMaison\" \/>\n<meta property=\"article:modified_time\" content=\"2025-11-22T07:55:24+00:00\" \/>\n<meta property=\"og:image\" content=\"https:\/\/vapemaison.com\/wp-content\/uploads\/2025\/11\/main-picture.jpg.webp\" \/>\n\t<meta property=\"og:image:width\" content=\"1000\" \/>\n\t<meta property=\"og:image:height\" content=\"1000\" \/>\n\t<meta property=\"og:image:type\" content=\"image\/webp\" \/>\n<meta name=\"twitter:card\" content=\"summary_large_image\" \/>\n<meta name=\"twitter:label1\" content=\"Odhadovan\u00e1 doba \u010dten\u00ed\" \/>\n\t<meta name=\"twitter:data1\" content=\"2 minuty\" \/>\n<!-- \/ Yoast SEO plugin. -->","yoast_head_json":{"title":"Bang Blaze BC5000 Vape - 5k Puffs,12 Flavors - VapeMaison","description":"Nakupujte vape Bang Blaze BC5000 s kapacitou a\u017e 5000 potah\u016f a r\u016fznou silou nikotinu. Hladk\u00e1 chu\u0165 pro spolehliv\u00fd z\u00e1\u017eitek z vapov\u00e1n\u00ed.","robots":{"index":"index","follow":"follow","max-snippet":"max-snippet:-1","max-image-preview":"max-image-preview:large","max-video-preview":"max-video-preview:-1"},"canonical":"https:\/\/vapemaison.com\/cs\/produkt\/bang-blaze-bc5000-5k-puffs\/","og_locale":"cs_CZ","og_type":"article","og_title":"Bang Blaze BC5000 Vape \u2013 5k Puffs,12 Flavors - VapeMaison","og_description":"Shop the Bang Blaze BC5000 vape with up to 5000 puffs, and multiple nicotine strengths. Smooth flavor for a reliable vaping experience.","og_url":"https:\/\/vapemaison.com\/cs\/produkt\/bang-blaze-bc5000-5k-puffs\/","og_site_name":"VapeMaison","article_modified_time":"2025-11-22T07:55:24+00:00","og_image":[{"width":1000,"height":1000,"url":"https:\/\/vapemaison.com\/wp-content\/uploads\/2025\/11\/main-picture.jpg.webp","type":"image\/webp"}],"twitter_card":"summary_large_image","twitter_misc":{"Odhadovan\u00e1 doba \u010dten\u00ed":"2 minuty"},"schema":{"@context":"https:\/\/schema.org","@graph":[{"@type":"WebPage","@id":"https:\/\/vapemaison.com\/product\/bang-blaze-bc5000-5k-puffs\/","url":"https:\/\/vapemaison.com\/product\/bang-blaze-bc5000-5k-puffs\/","name":"Bang Blaze BC5000 Vape - 5k Puffs,12 Flavors - VapeMaison","isPartOf":{"@id":"https:\/\/vapemaison.com\/#website"},"primaryImageOfPage":{"@id":"https:\/\/vapemaison.com\/product\/bang-blaze-bc5000-5k-puffs\/#primaryimage"},"image":{"@id":"https:\/\/vapemaison.com\/product\/bang-blaze-bc5000-5k-puffs\/#primaryimage"},"thumbnailUrl":"https:\/\/vapemaison.com\/wp-content\/uploads\/2025\/11\/main-picture.jpg.webp","datePublished":"2025-11-21T02:16:33+00:00","dateModified":"2025-11-22T07:55:24+00:00","description":"Nakupujte vape Bang Blaze BC5000 s kapacitou a\u017e 5000 potah\u016f a r\u016fznou silou nikotinu. Hladk\u00e1 chu\u0165 pro spolehliv\u00fd z\u00e1\u017eitek z vapov\u00e1n\u00ed.","breadcrumb":{"@id":"https:\/\/vapemaison.com\/product\/bang-blaze-bc5000-5k-puffs\/#breadcrumb"},"inLanguage":"cs","potentialAction":[{"@type":"ReadAction","target":["https:\/\/vapemaison.com\/product\/bang-blaze-bc5000-5k-puffs\/"]}]},{"@type":"ImageObject","inLanguage":"cs","@id":"https:\/\/vapemaison.com\/product\/bang-blaze-bc5000-5k-puffs\/#primaryimage","url":"https:\/\/vapemaison.com\/wp-content\/uploads\/2025\/11\/main-picture.jpg.webp","contentUrl":"https:\/\/vapemaison.com\/wp-content\/uploads\/2025\/11\/main-picture.jpg.webp","width":1000,"height":1000,"caption":"Main Picture.jpg Disposable Vape Device"},{"@type":"BreadcrumbList","@id":"https:\/\/vapemaison.com\/product\/bang-blaze-bc5000-5k-puffs\/#breadcrumb","itemListElement":[{"@type":"ListItem","position":1,"name":"\u9996\u9875","item":"https:\/\/vapemaison.com\/"},{"@type":"ListItem","position":2,"name":"Shop","item":"https:\/\/vapemaison.com\/shop\/"},{"@type":"ListItem","position":3,"name":"Bang","item":"https:\/\/vapemaison.com\/brand\/bang\/"},{"@type":"ListItem","position":4,"name":"Bang Blaze BC5000 Vape 5K Puffs"}]},{"@type":"WebSite","@id":"https:\/\/vapemaison.com\/#website","url":"https:\/\/vapemaison.com\/","name":"VapeMaison","description":"Pr\u00e9miov\u00e1 vapingov\u00e1 za\u0159\u00edzen\u00ed a p\u0159\u00edslu\u0161enstv\u00ed","publisher":{"@id":"https:\/\/vapemaison.com\/#organization"},"potentialAction":[{"@type":"SearchAction","target":{"@type":"EntryPoint","urlTemplate":"https:\/\/vapemaison.com\/?s={search_term_string}"},"query-input":{"@type":"PropertyValueSpecification","valueRequired":true,"valueName":"search_term_string"}}],"inLanguage":"cs"},{"@type":"Organization","@id":"https:\/\/vapemaison.com\/#organization","name":"VapeMaison","url":"https:\/\/vapemaison.com\/","logo":{"@type":"ImageObject","inLanguage":"cs","@id":"https:\/\/vapemaison.com\/#\/schema\/logo\/image\/","url":"https:\/\/vapemaison.com\/wp-content\/uploads\/2026\/01\/cropped-vapemaison-logo-g-2026.webp","contentUrl":"https:\/\/vapemaison.com\/wp-content\/uploads\/2026\/01\/cropped-vapemaison-logo-g-2026.webp","width":350,"height":280,"caption":"VapeMaison"},"image":{"@id":"https:\/\/vapemaison.com\/#\/schema\/logo\/image\/"},"sameAs":["https:\/\/www.youtube.com\/@VapeMaison"]}]}},"tiered_pricing_type":"fixed","tiered_pricing_fixed_rules":{"30":"7.32","50":"6.88","100":"6.42","200":"5.98"},"tiered_pricing_product_settings":{"layout":"default","base_unit_name":{"singular":null,"plural":null},"default_variation":null},"tiered_pricing_minimum_quantity":10,"tiered_pricing_roles_data":[],"tiered_pricing_percentage_rules":[],"tiered_pricing_maximum_quantity":null,"tiered_pricing_quantity_step":null,"_links":{"self":[{"href":"https:\/\/vapemaison.com\/cs\/wp-json\/wp\/v2\/product\/14556","targetHints":{"allow":["GET"]}}],"collection":[{"href":"https:\/\/vapemaison.com\/cs\/wp-json\/wp\/v2\/product"}],"about":[{"href":"https:\/\/vapemaison.com\/cs\/wp-json\/wp\/v2\/types\/product"}],"replies":[{"embeddable":true,"href":"https:\/\/vapemaison.com\/cs\/wp-json\/wp\/v2\/comments?post=14556"}],"version-history":[{"count":0,"href":"https:\/\/vapemaison.com\/cs\/wp-json\/wp\/v2\/product\/14556\/revisions"}],"wp:featuredmedia":[{"embeddable":true,"href":"https:\/\/vapemaison.com\/cs\/wp-json\/wp\/v2\/media\/14561"}],"wp:attachment":[{"href":"https:\/\/vapemaison.com\/cs\/wp-json\/wp\/v2\/media?parent=14556"}],"wp:term":[{"taxonomy":"product_brand","embeddable":true,"href":"https:\/\/vapemaison.com\/cs\/wp-json\/wp\/v2\/product_brand?post=14556"},{"taxonomy":"product_cat","embeddable":true,"href":"https:\/\/vapemaison.com\/cs\/wp-json\/wp\/v2\/product_cat?post=14556"},{"taxonomy":"product_tag","embeddable":true,"href":"https:\/\/vapemaison.com\/cs\/wp-json\/wp\/v2\/product_tag?post=14556"}],"curies":[{"name":"wp","href":"https:\/\/api.w.org\/{rel}","templated":true}]}}