

{"id":14830,"date":"2025-11-22T08:28:41","date_gmt":"2025-11-22T08:28:41","guid":{"rendered":"https:\/\/vapemaison.com\/?post_type=product&#038;p=14830"},"modified":"2025-11-22T08:30:18","modified_gmt":"2025-11-22T08:30:18","slug":"bang-king-crystal-vape-30k","status":"publish","type":"product","link":"https:\/\/vapemaison.com\/cs\/product\/bang-king-crystal-vape-30k\/","title":{"rendered":"Bang King Crystal Vape 2% 3% 5% Nikotinov\u00e1 jednor\u00e1zov\u00e1 vape 30k Puffs"},"content":{"rendered":"<p>Objevte trvalou spokojenost s <strong>Bang King Crystal vape 30k Puffs<\/strong> . Toto za\u0159\u00edzen\u00ed nab\u00edz\u00ed a\u017e 30 000 potah\u016f hladk\u00e9 a aromatick\u00e9 p\u00e1ry a je stvo\u0159eno pro celodenn\u00ed po\u017eitek. D\u00edky dob\u00edjec\u00ed baterii s kapacitou 650 mAh a rychl\u00e9mu nab\u00edjen\u00ed Type-C za\u017eijete konzistentn\u00ed v\u00fdkon s minim\u00e1ln\u00edmi prostoji.<\/p>\n\n\n\n<p>Vychutnejte si bohat\u00e9 mraky a intenzivn\u00ed chu\u0165 d\u00edky pokro\u010dil\u00e9 technologii mesh spir\u00e1lky, kter\u00e1 je navr\u017eena tak, aby maximalizovala v\u00fdstup chuti. Velkorys\u00e1 kapacita 28 ml e-liquidu zajist\u00ed, \u017ee z ka\u017ed\u00e9ho potahu vyt\u011b\u017e\u00edte maximum. D\u00edky s\u00edle nikotinu 2%, 3% nebo 5% si m\u016f\u017eete sv\u016fj z\u00e1\u017eitek p\u0159izp\u016fsobit podle sv\u00fdch preferenc\u00ed - od hladk\u00e9ho po odv\u00e1\u017en\u00fd.<\/p>\n\n\n\n<p>Bang King m\u00e1 na v\u00fdb\u011br z 12 pr\u00e9miov\u00fdch p\u0159\u00edchut\u00ed. <strong>Crystal Vape<\/strong> je ide\u00e1ln\u00ed pro vapery, kte\u0159\u00ed tou\u017e\u00ed po rozmanitosti a siln\u00e9m v\u00fdkonu v elegantn\u00edm za\u0159\u00edzen\u00ed na jedno pou\u017eit\u00ed. A\u0165 u\u017e jste vapingov\u00fd nov\u00e1\u010dek, nebo zku\u0161en\u00fd profesion\u00e1l, tato vapka poskytuje spolehlivou a uspokojivou chu\u0165 p\u0159i ka\u017ed\u00e9m potahu.<\/p>\n\n\n\n<h2 class=\"wp-block-heading\"><strong>Pro\u010d si vybrat Bang King Crystal Vape?<\/strong><\/h2>\n\n\n\n<ol class=\"wp-block-list\">\n<li><strong>Dlouhodob\u00e9 pou\u017e\u00edv\u00e1n\u00ed<\/strong> - Vychutnejte si a\u017e 30 000 potah\u016f hladk\u00e9 a aromatick\u00e9 p\u00e1ry, co\u017e zaru\u010duje celodenn\u00ed spokojenost s ka\u017ed\u00fdm potahem.<\/li>\n\n\n\n<li><strong>V\u00fdkonn\u00e1 baterie a rychl\u00e9 nab\u00edjen\u00ed<\/strong> - Je vybaven dob\u00edjec\u00ed bateri\u00ed s kapacitou 650 mAh a rychl\u00fdm nab\u00edjen\u00edm typu C, kter\u00e9 minimalizuje prostoje a zaji\u0161\u0165uje konzistentn\u00ed vaping.<\/li>\n\n\n\n<li><strong>Pokro\u010dil\u00e1 technologie Mesh Coil<\/strong> - S\u00ed\u0165ov\u00e1 spir\u00e1lka poskytuje bohat\u00e9 mraky a intenzivn\u00ed chu\u0165, \u010d\u00edm\u017e maximalizuje ka\u017ed\u00e9 pota\u017een\u00ed pro prvot\u0159\u00eddn\u00ed vapingov\u00fd z\u00e1\u017eitek.<\/li>\n\n\n\n<li><strong>Velk\u00e1 kapacita e-liquidu<\/strong> - Bang King Crystal 30K s velkorysou kapacitou 28 ml e-liquidu sni\u017euje pot\u0159ebu \u010dast\u00e9ho dopl\u0148ov\u00e1n\u00ed, tak\u017ee m\u016f\u017eete vapovat d\u00e9le bez p\u0159eru\u0161en\u00ed.<\/li>\n\n\n\n<li><strong>\u0160irok\u00e1 \u0161k\u00e1la p\u0159\u00edchut\u00ed<\/strong> - Vyb\u00edrejte z 12 pr\u00e9miov\u00fdch p\u0159\u00edchut\u00ed, kter\u00e9 nab\u00edzej\u00ed r\u016fzn\u00e9 profily, od osv\u011b\u017euj\u00edc\u00edch a\u017e po v\u00fdrazn\u00e9.<\/li>\n\n\n\n<li><strong>V\u00edce druh\u016f nikotinu<\/strong> - K dispozici jsou varianty s nikotinem 2%, 3% a 5%, kter\u00e9 umo\u017e\u0148uj\u00ed lehk\u00e9, st\u0159edn\u00ed nebo intenzivn\u00ed potahy pro jak\u00fdkoli styl vapingu.<\/li>\n<\/ol>\n\n\n\n<p>Jednor\u00e1zov\u00fd vape Bang King Crystal 30K je ide\u00e1ln\u00ed volbou pro vapery, kte\u0159\u00ed cht\u011bj\u00ed dlouhotrvaj\u00edc\u00ed v\u00fdkon, rozmanit\u00e9 p\u0159\u00edchut\u011b a spolehliv\u00fd v\u00fdkon, to v\u0161e v jednom elegantn\u00edm za\u0159\u00edzen\u00ed na jedno pou\u017eit\u00ed.<\/p>\n\n\n\n<h2 class=\"wp-block-heading\">Bang King <strong>Crystal Vape<\/strong> <strong>Funkce<\/strong>:<\/h2>\n\n\n\n<ul class=\"wp-block-list\">\n<li>Pufy: A\u017e 30000 puf\u016f<\/li>\n\n\n\n<li>S\u00ed\u0165ov\u00e1 c\u00edvka<\/li>\n\n\n\n<li>E-liquid: 28ml<\/li>\n\n\n\n<li>Nicotine:2%\/3%\/5%<\/li>\n\n\n\n<li>Baterie: 650 mAh<\/li>\n\n\n\n<li>Dob\u00edjec\u00ed: typ C<\/li>\n\n\n\n<li>K dispozici je 12 p\u0159\u00edchut\u00ed<\/li>\n<\/ul>\n\n\n\n<h2 class=\"wp-block-heading\"><strong>P\u0159\u00edchu\u0165<\/strong><\/h2>\n\n\n\n<p>1.Strawberry Watermelon<\/p>\n\n\n\n<p>2.Blue Razz Ice<\/p>\n\n\n\n<p>3.Triple Berry Ice<\/p>\n\n\n\n<p>4.Peach Ice<\/p>\n\n\n\n<p>5.Peach Mango<\/p>\n\n\n\n<p>6.Double Apple<\/p>\n\n\n\n<p>7.Strawberry Kiwi<\/p>\n\n\n\n<p>8.Aloe Grape<\/p>\n\n\n\n<p>9.Tropick\u00e9 ovoce<\/p>\n\n\n\n<p>10.Strawberry Banana<\/p>\n\n\n\n<p>11.Kiwi Passion Fruit Guava<\/p>\n\n\n\n<p>12.Black Dragon Ice<\/p>\n\n\n\n<p><\/p>","protected":false},"excerpt":{"rendered":"<p>Discover lasting satisfaction with the Bang King Crystal vape 30k Puffs . Offering up to 30,000 puffs of smooth, flavorful vapor, this device is built for all-day enjoyment. Powered by a 650mAh rechargeable battery and fast Type-C charging, you\u2019ll experience consistent performance with minimal downtime. Enjoy rich clouds and intense flavor with the advanced mesh [&hellip;]<\/p>\n","protected":false},"featured_media":14831,"comment_status":"open","ping_status":"closed","template":"","meta":[],"product_brand":[57],"product_cat":[134],"product_tag":[],"class_list":{"0":"post-14830","1":"product","2":"type-product","3":"status-publish","4":"has-post-thumbnail","6":"product_brand-bang","7":"product_cat-30k-puffs","9":"first","10":"instock","11":"sale","12":"shipping-taxable","13":"purchasable","14":"product-type-variable"},"yoast_head":"<!-- This site is optimized with the Yoast SEO plugin v27.4 - https:\/\/yoast.com\/product\/yoast-seo-wordpress\/ -->\n<title>Bang King Crystal Vape \u2013 30k Puffs, Mesh Coil &amp; 12 Flavors<\/title>\n<meta name=\"description\" content=\"Enjoy up to 30000 puffs with the Bang King Crystal Vape. Perfect for vapers who want lasting satisfaction and reliable performance.\" \/>\n<meta name=\"robots\" content=\"index, follow, max-snippet:-1, max-image-preview:large, max-video-preview:-1\" \/>\n<link rel=\"canonical\" href=\"https:\/\/vapemaison.com\/cs\/produkt\/bang-king-crystal-vape-30k\/\" \/>\n<meta property=\"og:locale\" content=\"cs_CZ\" \/>\n<meta property=\"og:type\" content=\"article\" \/>\n<meta property=\"og:title\" content=\"Bang King Crystal Vape \u2013 30k Puffs, Mesh Coil &amp; 12 Flavors\" \/>\n<meta property=\"og:description\" content=\"Enjoy up to 30000 puffs with the Bang King Crystal Vape. Perfect for vapers who want lasting satisfaction and reliable performance.\" \/>\n<meta property=\"og:url\" content=\"https:\/\/vapemaison.com\/cs\/produkt\/bang-king-crystal-vape-30k\/\" \/>\n<meta property=\"og:site_name\" content=\"VapeMaison\" \/>\n<meta property=\"article:modified_time\" content=\"2025-11-22T08:30:18+00:00\" \/>\n<meta property=\"og:image\" content=\"https:\/\/vapemaison.com\/wp-content\/uploads\/2025\/11\/bang-king-crystal-30000-puffs.jpg\" \/>\n\t<meta property=\"og:image:width\" content=\"510\" \/>\n\t<meta property=\"og:image:height\" content=\"510\" \/>\n\t<meta property=\"og:image:type\" content=\"image\/jpeg\" \/>\n<meta name=\"twitter:card\" content=\"summary_large_image\" \/>\n<meta name=\"twitter:label1\" content=\"Odhadovan\u00e1 doba \u010dten\u00ed\" \/>\n\t<meta name=\"twitter:data1\" content=\"2 minuty\" \/>\n<!-- \/ Yoast SEO plugin. -->","yoast_head_json":{"title":"Bang King Crystal Vape - 30 tis\u00edc \u0161luk\u016f, s\u00ed\u0165ov\u00e1 c\u00edvka a 12 p\u0159\u00edchut\u00ed","description":"S Bang King Crystal Vape si m\u016f\u017eete vychutnat a\u017e 30000 potah\u016f. Ide\u00e1ln\u00ed pro vapery, kte\u0159\u00ed cht\u011bj\u00ed dlouhodobou spokojenost a spolehliv\u00fd v\u00fdkon.","robots":{"index":"index","follow":"follow","max-snippet":"max-snippet:-1","max-image-preview":"max-image-preview:large","max-video-preview":"max-video-preview:-1"},"canonical":"https:\/\/vapemaison.com\/cs\/produkt\/bang-king-crystal-vape-30k\/","og_locale":"cs_CZ","og_type":"article","og_title":"Bang King Crystal Vape \u2013 30k Puffs, Mesh Coil & 12 Flavors","og_description":"Enjoy up to 30000 puffs with the Bang King Crystal Vape. Perfect for vapers who want lasting satisfaction and reliable performance.","og_url":"https:\/\/vapemaison.com\/cs\/produkt\/bang-king-crystal-vape-30k\/","og_site_name":"VapeMaison","article_modified_time":"2025-11-22T08:30:18+00:00","og_image":[{"width":510,"height":510,"url":"https:\/\/vapemaison.com\/wp-content\/uploads\/2025\/11\/bang-king-crystal-30000-puffs.jpg","type":"image\/jpeg"}],"twitter_card":"summary_large_image","twitter_misc":{"Odhadovan\u00e1 doba \u010dten\u00ed":"2 minuty"},"schema":{"@context":"https:\/\/schema.org","@graph":[{"@type":"WebPage","@id":"https:\/\/vapemaison.com\/product\/bang-king-crystal-vape-30k\/","url":"https:\/\/vapemaison.com\/product\/bang-king-crystal-vape-30k\/","name":"Bang King Crystal Vape - 30 tis\u00edc \u0161luk\u016f, s\u00ed\u0165ov\u00e1 c\u00edvka a 12 p\u0159\u00edchut\u00ed","isPartOf":{"@id":"https:\/\/vapemaison.com\/#website"},"primaryImageOfPage":{"@id":"https:\/\/vapemaison.com\/product\/bang-king-crystal-vape-30k\/#primaryimage"},"image":{"@id":"https:\/\/vapemaison.com\/product\/bang-king-crystal-vape-30k\/#primaryimage"},"thumbnailUrl":"https:\/\/vapemaison.com\/wp-content\/uploads\/2025\/11\/bang-king-crystal-30000-puffs.jpg","datePublished":"2025-11-22T08:28:41+00:00","dateModified":"2025-11-22T08:30:18+00:00","description":"S Bang King Crystal Vape si m\u016f\u017eete vychutnat a\u017e 30000 potah\u016f. Ide\u00e1ln\u00ed pro vapery, kte\u0159\u00ed cht\u011bj\u00ed dlouhodobou spokojenost a spolehliv\u00fd v\u00fdkon.","breadcrumb":{"@id":"https:\/\/vapemaison.com\/product\/bang-king-crystal-vape-30k\/#breadcrumb"},"inLanguage":"cs","potentialAction":[{"@type":"ReadAction","target":["https:\/\/vapemaison.com\/product\/bang-king-crystal-vape-30k\/"]}]},{"@type":"ImageObject","inLanguage":"cs","@id":"https:\/\/vapemaison.com\/product\/bang-king-crystal-vape-30k\/#primaryimage","url":"https:\/\/vapemaison.com\/wp-content\/uploads\/2025\/11\/bang-king-crystal-30000-puffs.jpg","contentUrl":"https:\/\/vapemaison.com\/wp-content\/uploads\/2025\/11\/bang-king-crystal-30000-puffs.jpg","width":510,"height":510,"caption":"Bang King Crystal Puffs Disposable Vape Device"},{"@type":"BreadcrumbList","@id":"https:\/\/vapemaison.com\/product\/bang-king-crystal-vape-30k\/#breadcrumb","itemListElement":[{"@type":"ListItem","position":1,"name":"\u9996\u9875","item":"https:\/\/vapemaison.com\/"},{"@type":"ListItem","position":2,"name":"Shop","item":"https:\/\/vapemaison.com\/shop\/"},{"@type":"ListItem","position":3,"name":"Bang","item":"https:\/\/vapemaison.com\/brand\/bang\/"},{"@type":"ListItem","position":4,"name":"Bang King Crystal Vape 2% 3% 5% Nicotine Disposable Vape 30k Puffs"}]},{"@type":"WebSite","@id":"https:\/\/vapemaison.com\/#website","url":"https:\/\/vapemaison.com\/","name":"VapeMaison","description":"Pr\u00e9miov\u00e1 vapingov\u00e1 za\u0159\u00edzen\u00ed a p\u0159\u00edslu\u0161enstv\u00ed","publisher":{"@id":"https:\/\/vapemaison.com\/#organization"},"potentialAction":[{"@type":"SearchAction","target":{"@type":"EntryPoint","urlTemplate":"https:\/\/vapemaison.com\/?s={search_term_string}"},"query-input":{"@type":"PropertyValueSpecification","valueRequired":true,"valueName":"search_term_string"}}],"inLanguage":"cs"},{"@type":"Organization","@id":"https:\/\/vapemaison.com\/#organization","name":"VapeMaison","url":"https:\/\/vapemaison.com\/","logo":{"@type":"ImageObject","inLanguage":"cs","@id":"https:\/\/vapemaison.com\/#\/schema\/logo\/image\/","url":"https:\/\/vapemaison.com\/wp-content\/uploads\/2026\/01\/cropped-vapemaison-logo-g-2026.webp","contentUrl":"https:\/\/vapemaison.com\/wp-content\/uploads\/2026\/01\/cropped-vapemaison-logo-g-2026.webp","width":350,"height":280,"caption":"VapeMaison"},"image":{"@id":"https:\/\/vapemaison.com\/#\/schema\/logo\/image\/"},"sameAs":["https:\/\/www.youtube.com\/@VapeMaison"]}]}},"tiered_pricing_type":"fixed","tiered_pricing_fixed_rules":{"30":"9.98","50":"9.56","100":"8.45","200":"7.98"},"tiered_pricing_product_settings":{"layout":"default","base_unit_name":{"singular":null,"plural":null},"default_variation":null},"tiered_pricing_minimum_quantity":10,"tiered_pricing_roles_data":[],"tiered_pricing_percentage_rules":[],"tiered_pricing_maximum_quantity":null,"tiered_pricing_quantity_step":"10","_links":{"self":[{"href":"https:\/\/vapemaison.com\/cs\/wp-json\/wp\/v2\/product\/14830","targetHints":{"allow":["GET"]}}],"collection":[{"href":"https:\/\/vapemaison.com\/cs\/wp-json\/wp\/v2\/product"}],"about":[{"href":"https:\/\/vapemaison.com\/cs\/wp-json\/wp\/v2\/types\/product"}],"replies":[{"embeddable":true,"href":"https:\/\/vapemaison.com\/cs\/wp-json\/wp\/v2\/comments?post=14830"}],"version-history":[{"count":0,"href":"https:\/\/vapemaison.com\/cs\/wp-json\/wp\/v2\/product\/14830\/revisions"}],"wp:featuredmedia":[{"embeddable":true,"href":"https:\/\/vapemaison.com\/cs\/wp-json\/wp\/v2\/media\/14831"}],"wp:attachment":[{"href":"https:\/\/vapemaison.com\/cs\/wp-json\/wp\/v2\/media?parent=14830"}],"wp:term":[{"taxonomy":"product_brand","embeddable":true,"href":"https:\/\/vapemaison.com\/cs\/wp-json\/wp\/v2\/product_brand?post=14830"},{"taxonomy":"product_cat","embeddable":true,"href":"https:\/\/vapemaison.com\/cs\/wp-json\/wp\/v2\/product_cat?post=14830"},{"taxonomy":"product_tag","embeddable":true,"href":"https:\/\/vapemaison.com\/cs\/wp-json\/wp\/v2\/product_tag?post=14830"}],"curies":[{"name":"wp","href":"https:\/\/api.w.org\/{rel}","templated":true}]}}