

{"id":14990,"date":"2025-11-26T06:20:26","date_gmt":"2025-11-26T06:20:26","guid":{"rendered":"https:\/\/vapemaison.com\/?post_type=product&#038;p=14990"},"modified":"2026-01-22T03:51:23","modified_gmt":"2026-01-22T03:51:23","slug":"zooy-zero-45k-puff","status":"publish","type":"product","link":"https:\/\/vapemaison.com\/cs\/product\/zooy-zero-45k-puff\/","title":{"rendered":"ZOOY ZERO 45k Puff - chytr\u00fd nastaviteln\u00fd vaping budoucnosti"},"content":{"rendered":"<p>Za\u017eijte personalizaci na nov\u00e9 \u00farovni s <strong>ZOOY ZERO 45000 Puffs<\/strong>, pr\u016flomov\u00fd jednor\u00e1zov\u00fd vape navr\u017een\u00fd pro plnou kontrolu, bohatou chu\u0165 a dlouhotrvaj\u00edc\u00ed v\u00fdkon. S a\u017e <strong>45 000 obl\u00e1\u010dk\u016f<\/strong>, du\u00e1ln\u00ed s\u00ed\u0165ov\u00e9 spir\u00e1lky, nastaviteln\u00fd nikotin a chytr\u00fd LED displej, ka\u017ed\u00fd detail je navr\u017een s ohledem na v\u00e1\u0161 dokonal\u00fd styl vapov\u00e1n\u00ed.<\/p>\n\n\n\n<h2 class=\"wp-block-heading\"><strong>Pro\u010d si ZOOY ZERO 45000 zamilujete<\/strong><\/h2>\n\n\n\n<p><strong>Nastaviteln\u00fd nikotin a chlazen\u00ed (NIC&amp;ICE Control)<\/strong><\/p>\n\n\n\n<p>Vyla\u010fte si s\u00edlu nikotinu i intenzitu chlazen\u00ed. Vychutnejte si hlad\u0161\u00ed a individu\u00e1ln\u011bj\u0161\u00ed potah - a\u0165 u\u017e d\u00e1v\u00e1te p\u0159ednost lehk\u00e9mu potahu, nebo siln\u011bj\u0161\u00edmu pocitu v krku.<\/p>\n\n\n\n<p><strong>Ide\u00e1ln\u00ed pro MTL a DTL vaping<\/strong><\/p>\n\n\n\n<p>M\u016f\u017eete snadno p\u0159ep\u00ednat mezi styly Mouth-to-Lung a Direct-to-Lung.<br>Na str\u00e1nk\u00e1ch <strong>nastaviteln\u00fd syst\u00e9m proud\u011bn\u00ed vzduchu<\/strong> umo\u017e\u0148uje ovl\u00e1dat odpor tahu a zajistit si p\u0159esn\u011b takov\u00fd z\u00e1\u017eitek, jak\u00fd chcete.<\/p>\n\n\n\n<p><strong>Spir\u00e1la s dvojit\u00fdm pletivem pro vynikaj\u00edc\u00ed chu\u0165<\/strong><\/p>\n\n\n\n<p>Vybaveno <strong>0,6\u03a9 + 1,5\u03a9 du\u00e1ln\u00ed s\u00ed\u0165ov\u00e9 c\u00edvky<\/strong>, kter\u00e9 doru\u010duj\u00ed:<\/p>\n\n\n\n<ul class=\"wp-block-list\">\n<li>Rychlej\u0161\u00ed oh\u0159ev<\/li>\n\n\n\n<li>Bohat\u0161\u00ed chu\u0165<\/li>\n\n\n\n<li>V\u011bt\u0161\u00ed a hlad\u0161\u00ed mraky<\/li>\n<\/ul>\n\n\n\n<p><strong>Chytr\u00fd LED displej<\/strong><\/p>\n\n\n\n<p>Z\u016fsta\u0148te pln\u011b informov\u00e1ni d\u00edky dat\u016fm v re\u00e1ln\u00e9m \u010dase:<\/p>\n\n\n\n<ul class=\"wp-block-list\">\n<li>Po\u010det puf\u016f<\/li>\n\n\n\n<li>\u00darove\u0148 nabit\u00ed baterie<\/li>\n\n\n\n<li>Stav e-kapaliny<\/li>\n<\/ul>\n\n\n\n<p>U\u017e nikdy neodhadnete, kolik v\u00e1m zb\u00fdv\u00e1.<\/p>\n\n\n\n<p><strong>V\u00fdkon, kter\u00fd vydr\u017e\u00ed d\u00e9le<\/strong><\/p>\n\n\n\n<p>A <strong>Dob\u00edjec\u00ed baterie s kapacitou 1000 mAh<\/strong> ve spojen\u00ed s <strong>Rychl\u00e9 nab\u00edjen\u00ed typu C<\/strong> udr\u017euje del\u0161\u00ed vaping a rychlej\u0161\u00ed dob\u00edjen\u00ed.<\/p>\n\n\n\n<h2 class=\"wp-block-heading\"><strong>Kl\u00ed\u010dov\u00e9 vlastnosti<\/strong><\/h2>\n\n\n\n<ul class=\"wp-block-list\">\n<li><strong>A\u017e 45 000 puf\u016f<\/strong> - Mimo\u0159\u00e1dn\u011b dlouh\u00e1 \u017eivotnost<\/li>\n\n\n\n<li><strong>Nastaviteln\u00e9 hladiny nikotinu<\/strong> - Ovl\u00e1dejte svou s\u00edlu<\/li>\n\n\n\n<li><strong>NIC&amp;ICE Control<\/strong> - P\u0159izp\u016fsoben\u00ed chlazen\u00ed + nikotin<\/li>\n\n\n\n<li><strong>Nastaviteln\u00e9 proud\u011bn\u00ed vzduchu<\/strong> - MTL nebo DTL, podle va\u0161eho v\u00fdb\u011bru<\/li>\n\n\n\n<li><strong>0,6\u03a9 + 1,5\u03a9 Dual Mesh Coil<\/strong> - Optimalizovan\u00e1 chu\u0165 + p\u00e1ra<\/li>\n\n\n\n<li><strong>Chytr\u00e1 obrazovka LED<\/strong> - Indik\u00e1tory baterie, v\u00fddechu a \u0161\u0165\u00e1vy<\/li>\n\n\n\n<li><strong>Dob\u00edjec\u00ed baterie 1000 mAh<\/strong><\/li>\n\n\n\n<li><strong>Rychl\u00e9 nab\u00edjen\u00ed typu C<\/strong><\/li>\n\n\n\n<li><strong>10 pr\u00e9miov\u00fdch variant p\u0159\u00edchut\u00ed<\/strong><\/li>\n<\/ul>\n\n\n\n<h2 class=\"wp-block-heading\"><strong>Dostupn\u00e9 p\u0159\u00edchut\u011b<\/strong><\/h2>\n\n\n\n<ul class=\"wp-block-list\">\n<li>Melounov\u00fd led<\/li>\n\n\n\n<li>Bor\u016fvkov\u00fd led<\/li>\n\n\n\n<li>Jahodov\u00fd meloun<\/li>\n\n\n\n<li>Citronov\u00e1 cola<\/li>\n\n\n\n<li>Jahodov\u00e9 kiwi<\/li>\n\n\n\n<li>Hroznov\u00e9 jablko<\/li>\n\n\n\n<li>Jahodov\u00fd pomeran\u010dov\u00fd pop<\/li>\n\n\n\n<li>Blue Razz Ice<\/li>\n\n\n\n<li>Bor\u016fvkov\u00fd meloun<\/li>\n\n\n\n<li>Mango Passion Guava<\/li>\n<\/ul>\n\n\n\n<h2 class=\"wp-block-heading\"><strong>ZOOY ZERO 45000 - stvo\u0159eno pro vapery, kte\u0159\u00ed cht\u011bj\u00ed m\u00edt v\u0161e pod kontrolou<\/strong><\/h2>\n\n\n\n<p>A\u0165 u\u017e tou\u017e\u00edte po siln\u011bj\u0161\u00edch \u0161luc\u00edch, jemn\u011bj\u0161\u00ed chuti nebo \u00fapln\u00e9m p\u0159izp\u016fsoben\u00ed, ZOOY ZERO 45000 v\u00e1m poskytne n\u00e1stroje k vytvo\u0159en\u00ed dokonal\u00e9ho sezen\u00ed. Toto za\u0159\u00edzen\u00ed je navr\u017eeno pro v\u00fdkon, navr\u017eeno pro pohodl\u00ed a vybaveno inteligentn\u00edmi funkcemi - p\u0159edstavuje budoucnost \u0161pi\u010dkov\u00fdch jednor\u00e1zov\u00fdch vap\u016f.<\/p>\n\n\n\n<p>Pokud v\u00e1s zaj\u00edm\u00e1 v\u00edce z <strong>Zooy<\/strong>, pod\u00edvejte se na n\u00e1\u0161 kompletn\u00ed <strong><a href=\"https:\/\/vapemaison.com\/shop\/\">Zooy jednor\u00e1zov\u00e1 kolekce vape<\/a><\/strong> prozkoumat dal\u0161\u00ed modely s r\u016fzn\u00fdm po\u010dtem puf\u016f a p\u0159\u00edchut\u00ed. Podobn\u00e9 mo\u017enosti nab\u00edz\u00ed i <strong><a href=\"https:\/\/vapemaison.com\/product\/zooy-trlple-70000-70k-puffs\/\">ZOOY SHISHA 25K<\/a><\/strong> a <strong><a href=\"https:\/\/vapemaison.com\/product\/puff-zooy-flyer-35000-disposable-vape-wholesale\/\"><strong><a href=\"https:\/\/vapemaison.com\/wp-admin\/post.php?post=25580&amp;action=edit\">Puff Zooy Flyer 35k<\/a><\/strong><\/a><\/strong> jsou obl\u00edben\u00e9 alternativy s del\u0161\u00ed v\u00fddr\u017e\u00ed baterie a r\u016fzn\u00fdmi p\u0159\u00edchut\u011bmi. M\u016f\u017eete si tak\u00e9 prohl\u00e9dnout na\u0161e celkov\u00e9 <strong><a href=\"https:\/\/vapemaison.com\/\">jednor\u00e1zov\u00e1 vape za\u0159\u00edzen\u00ed<\/a><\/strong> kategorie, abyste mohli porovnat dal\u0161\u00ed zna\u010dky a naj\u00edt nejvhodn\u011bj\u0161\u00ed pro sv\u00e9 pot\u0159eby.<\/p>\n\n\n\n<p><\/p>","protected":false},"excerpt":{"rendered":"<p>Experience next-level personalization with the ZOOY ZERO 45000 Puffs, a breakthrough disposable vape engineered for full control, rich flavor, and long-lasting performance. With up to 45,000 puffs, dual mesh coils, adjustable nicotine, and a smart LED screen, every detail is designed around your perfect vaping style. Why You\u2019ll Love the ZOOY ZERO 45000 Adjustable Nicotine [&hellip;]<\/p>\n","protected":false},"featured_media":15057,"comment_status":"open","ping_status":"closed","template":"","meta":[],"product_brand":[170],"product_cat":[156],"product_tag":[],"class_list":{"0":"post-14990","1":"product","2":"type-product","3":"status-publish","4":"has-post-thumbnail","6":"product_brand-zooy","7":"product_cat-45k-puffs","9":"first","10":"instock","11":"sale","12":"shipping-taxable","13":"purchasable","14":"product-type-variable"},"yoast_head":"<!-- This site is optimized with the Yoast SEO plugin v27.4 - https:\/\/yoast.com\/product\/yoast-seo-wordpress\/ -->\n<title>ZOOY ZERO 45k Puff \u2013 Smart Adjustable Vaping for the Future - VapeMaison<\/title>\n<meta name=\"robots\" content=\"index, follow, max-snippet:-1, max-image-preview:large, max-video-preview:-1\" \/>\n<link rel=\"canonical\" href=\"https:\/\/vapemaison.com\/cs\/produkt\/zooy-zero-45k-puff\/\" \/>\n<meta property=\"og:locale\" content=\"cs_CZ\" \/>\n<meta property=\"og:type\" content=\"article\" \/>\n<meta property=\"og:title\" content=\"ZOOY ZERO 45k Puff \u2013 Smart Adjustable Vaping for the Future - VapeMaison\" \/>\n<meta property=\"og:description\" content=\"Experience next-level personalization with the ZOOY ZERO 45000 Puffs, a breakthrough disposable vape engineered for full control, rich flavor, and long-lasting performance. With up to 45,000 puffs, dual mesh coils, adjustable nicotine, and a smart LED screen, every detail is designed around your perfect vaping style. Why You\u2019ll Love the ZOOY ZERO 45000 Adjustable Nicotine [&hellip;]\" \/>\n<meta property=\"og:url\" content=\"https:\/\/vapemaison.com\/cs\/produkt\/zooy-zero-45k-puff\/\" \/>\n<meta property=\"og:site_name\" content=\"VapeMaison\" \/>\n<meta property=\"article:modified_time\" content=\"2026-01-22T03:51:23+00:00\" \/>\n<meta property=\"og:image\" content=\"https:\/\/vapemaison.com\/wp-content\/uploads\/2025\/11\/vapemaison-zooy-zero-45000-45k-puffs-main-picture.webp\" \/>\n\t<meta property=\"og:image:width\" content=\"800\" \/>\n\t<meta property=\"og:image:height\" content=\"800\" \/>\n\t<meta property=\"og:image:type\" content=\"image\/webp\" \/>\n<meta name=\"twitter:card\" content=\"summary_large_image\" \/>\n<meta name=\"twitter:label1\" content=\"Odhadovan\u00e1 doba \u010dten\u00ed\" \/>\n\t<meta name=\"twitter:data1\" content=\"2 minuty\" \/>\n<!-- \/ Yoast SEO plugin. -->","yoast_head_json":{"title":"ZOOY ZERO 45k Puff - Chytr\u00e9 nastaviteln\u00e9 vapov\u00e1n\u00ed pro budoucnost - VapeMaison","robots":{"index":"index","follow":"follow","max-snippet":"max-snippet:-1","max-image-preview":"max-image-preview:large","max-video-preview":"max-video-preview:-1"},"canonical":"https:\/\/vapemaison.com\/cs\/produkt\/zooy-zero-45k-puff\/","og_locale":"cs_CZ","og_type":"article","og_title":"ZOOY ZERO 45k Puff \u2013 Smart Adjustable Vaping for the Future - VapeMaison","og_description":"Experience next-level personalization with the ZOOY ZERO 45000 Puffs, a breakthrough disposable vape engineered for full control, rich flavor, and long-lasting performance. With up to 45,000 puffs, dual mesh coils, adjustable nicotine, and a smart LED screen, every detail is designed around your perfect vaping style. Why You\u2019ll Love the ZOOY ZERO 45000 Adjustable Nicotine [&hellip;]","og_url":"https:\/\/vapemaison.com\/cs\/produkt\/zooy-zero-45k-puff\/","og_site_name":"VapeMaison","article_modified_time":"2026-01-22T03:51:23+00:00","og_image":[{"width":800,"height":800,"url":"https:\/\/vapemaison.com\/wp-content\/uploads\/2025\/11\/vapemaison-zooy-zero-45000-45k-puffs-main-picture.webp","type":"image\/webp"}],"twitter_card":"summary_large_image","twitter_misc":{"Odhadovan\u00e1 doba \u010dten\u00ed":"2 minuty"},"schema":{"@context":"https:\/\/schema.org","@graph":[{"@type":"WebPage","@id":"https:\/\/vapemaison.com\/product\/zooy-zero-45k-puff\/","url":"https:\/\/vapemaison.com\/product\/zooy-zero-45k-puff\/","name":"ZOOY ZERO 45k Puff - Chytr\u00e9 nastaviteln\u00e9 vapov\u00e1n\u00ed pro budoucnost - VapeMaison","isPartOf":{"@id":"https:\/\/vapemaison.com\/#website"},"primaryImageOfPage":{"@id":"https:\/\/vapemaison.com\/product\/zooy-zero-45k-puff\/#primaryimage"},"image":{"@id":"https:\/\/vapemaison.com\/product\/zooy-zero-45k-puff\/#primaryimage"},"thumbnailUrl":"https:\/\/vapemaison.com\/wp-content\/uploads\/2025\/11\/vapemaison-zooy-zero-45000-45k-puffs-main-picture.webp","datePublished":"2025-11-26T06:20:26+00:00","dateModified":"2026-01-22T03:51:23+00:00","breadcrumb":{"@id":"https:\/\/vapemaison.com\/product\/zooy-zero-45k-puff\/#breadcrumb"},"inLanguage":"cs","potentialAction":[{"@type":"ReadAction","target":["https:\/\/vapemaison.com\/product\/zooy-zero-45k-puff\/"]}]},{"@type":"ImageObject","inLanguage":"cs","@id":"https:\/\/vapemaison.com\/product\/zooy-zero-45k-puff\/#primaryimage","url":"https:\/\/vapemaison.com\/wp-content\/uploads\/2025\/11\/vapemaison-zooy-zero-45000-45k-puffs-main-picture.webp","contentUrl":"https:\/\/vapemaison.com\/wp-content\/uploads\/2025\/11\/vapemaison-zooy-zero-45000-45k-puffs-main-picture.webp","width":800,"height":800,"caption":"Vapemaison Zooy Zero 45k Puffs Main Picture"},{"@type":"BreadcrumbList","@id":"https:\/\/vapemaison.com\/product\/zooy-zero-45k-puff\/#breadcrumb","itemListElement":[{"@type":"ListItem","position":1,"name":"\u9996\u9875","item":"https:\/\/vapemaison.com\/"},{"@type":"ListItem","position":2,"name":"Shop","item":"https:\/\/vapemaison.com\/shop\/"},{"@type":"ListItem","position":3,"name":"Zooy","item":"https:\/\/vapemaison.com\/brand\/zooy\/"},{"@type":"ListItem","position":4,"name":"ZOOY ZERO 45k Puff \u2013 Smart Adjustable Vaping for the Future"}]},{"@type":"WebSite","@id":"https:\/\/vapemaison.com\/#website","url":"https:\/\/vapemaison.com\/","name":"VapeMaison","description":"Pr\u00e9miov\u00e1 vapingov\u00e1 za\u0159\u00edzen\u00ed a p\u0159\u00edslu\u0161enstv\u00ed","publisher":{"@id":"https:\/\/vapemaison.com\/#organization"},"potentialAction":[{"@type":"SearchAction","target":{"@type":"EntryPoint","urlTemplate":"https:\/\/vapemaison.com\/?s={search_term_string}"},"query-input":{"@type":"PropertyValueSpecification","valueRequired":true,"valueName":"search_term_string"}}],"inLanguage":"cs"},{"@type":"Organization","@id":"https:\/\/vapemaison.com\/#organization","name":"VapeMaison","url":"https:\/\/vapemaison.com\/","logo":{"@type":"ImageObject","inLanguage":"cs","@id":"https:\/\/vapemaison.com\/#\/schema\/logo\/image\/","url":"https:\/\/vapemaison.com\/wp-content\/uploads\/2026\/01\/cropped-vapemaison-logo-g-2026.webp","contentUrl":"https:\/\/vapemaison.com\/wp-content\/uploads\/2026\/01\/cropped-vapemaison-logo-g-2026.webp","width":350,"height":280,"caption":"VapeMaison"},"image":{"@id":"https:\/\/vapemaison.com\/#\/schema\/logo\/image\/"},"sameAs":["https:\/\/www.youtube.com\/@VapeMaison"]}]}},"tiered_pricing_type":"fixed","tiered_pricing_fixed_rules":{"30":"10.99","50":"9.98","100":"8.88","200":"7.98"},"tiered_pricing_product_settings":{"layout":"default","base_unit_name":{"singular":null,"plural":null},"default_variation":null},"tiered_pricing_minimum_quantity":10,"tiered_pricing_roles_data":[],"tiered_pricing_percentage_rules":[],"tiered_pricing_maximum_quantity":null,"tiered_pricing_quantity_step":"10","_links":{"self":[{"href":"https:\/\/vapemaison.com\/cs\/wp-json\/wp\/v2\/product\/14990","targetHints":{"allow":["GET"]}}],"collection":[{"href":"https:\/\/vapemaison.com\/cs\/wp-json\/wp\/v2\/product"}],"about":[{"href":"https:\/\/vapemaison.com\/cs\/wp-json\/wp\/v2\/types\/product"}],"replies":[{"embeddable":true,"href":"https:\/\/vapemaison.com\/cs\/wp-json\/wp\/v2\/comments?post=14990"}],"version-history":[{"count":2,"href":"https:\/\/vapemaison.com\/cs\/wp-json\/wp\/v2\/product\/14990\/revisions"}],"predecessor-version":[{"id":26171,"href":"https:\/\/vapemaison.com\/cs\/wp-json\/wp\/v2\/product\/14990\/revisions\/26171"}],"wp:featuredmedia":[{"embeddable":true,"href":"https:\/\/vapemaison.com\/cs\/wp-json\/wp\/v2\/media\/15057"}],"wp:attachment":[{"href":"https:\/\/vapemaison.com\/cs\/wp-json\/wp\/v2\/media?parent=14990"}],"wp:term":[{"taxonomy":"product_brand","embeddable":true,"href":"https:\/\/vapemaison.com\/cs\/wp-json\/wp\/v2\/product_brand?post=14990"},{"taxonomy":"product_cat","embeddable":true,"href":"https:\/\/vapemaison.com\/cs\/wp-json\/wp\/v2\/product_cat?post=14990"},{"taxonomy":"product_tag","embeddable":true,"href":"https:\/\/vapemaison.com\/cs\/wp-json\/wp\/v2\/product_tag?post=14990"}],"curies":[{"name":"wp","href":"https:\/\/api.w.org\/{rel}","templated":true}]}}