

{"id":15093,"date":"2025-11-26T07:06:44","date_gmt":"2025-11-26T07:06:44","guid":{"rendered":"https:\/\/vapemaison.com\/?post_type=product&#038;p=15093"},"modified":"2026-02-27T09:43:35","modified_gmt":"2026-02-27T09:43:35","slug":"fumot-digital-box-12000-puffs-kaufen-deutschland","status":"publish","type":"product","link":"https:\/\/vapemaison.com\/cs\/product\/fumot-digital-box-12000-puffs-kaufen-deutschland\/","title":{"rendered":"Fumot Digital Box 12000 Puffs | Fumot 12000 Kaufen Deutschland"},"content":{"rendered":"<p>Vychutnejte si plynul\u00fd, konzistentn\u00ed a dlouh\u00fd vaping s modelem <strong>Fumot Digital Box 12000<\/strong>, elegantn\u00ed dob\u00edjec\u00ed p\u0159\u00edstroj na jedno pou\u017eit\u00ed navr\u017een\u00fd pro pohodl\u00ed, v\u00fdkon a bohatou chu\u0165.<\/p>\n\n\n\n<h2 class=\"wp-block-heading\"><strong>Chytr\u00fd digit\u00e1ln\u00ed displej<\/strong><\/h2>\n\n\n\n<p>Bu\u010fte neust\u00e1le informov\u00e1ni d\u00edky vestav\u011bn\u00e9 obrazovce:<\/p>\n\n\n\n<ul class=\"wp-block-list\">\n<li><strong>\u00darove\u0148 nabit\u00ed baterie<\/strong><\/li>\n\n\n\n<li><strong>Hladina e-kapaliny<\/strong><\/li>\n<\/ul>\n\n\n\n<p>U\u017e \u017e\u00e1dn\u00e9 h\u00e1d\u00e1n\u00ed. V\u017edy budete v\u011bd\u011bt, kdy dob\u00edt a kolik tekutiny v\u00e1m zb\u00fdv\u00e1.<\/p>\n\n\n\n<h2 class=\"wp-block-heading\"><strong>A\u017e 12k Puff<\/strong><\/h2>\n\n\n\n<p>Velk\u00fd <strong>20ml p\u0159edpln\u011bn\u00e1 n\u00e1dr\u017e<\/strong> poskytuje dlouhotrvaj\u00edc\u00ed pou\u017e\u00edv\u00e1n\u00ed:<\/p>\n\n\n\n<ul class=\"wp-block-list\">\n<li>Poskytuje a\u017e <strong>12 000 vdech\u016f<\/strong><\/li>\n\n\n\n<li>K dispozici v <strong>2% nebo 5% nikotinu<\/strong><\/li>\n\n\n\n<li>Konzistentn\u00ed chu\u0165 od za\u010d\u00e1tku do konce<\/li>\n<\/ul>\n\n\n\n<p>Ide\u00e1ln\u00ed pro ka\u017edodenn\u00ed pou\u017eit\u00ed, cestov\u00e1n\u00ed nebo dlouh\u00e9 p\u0159est\u00e1vky.<\/p>\n\n\n\n<h2 class=\"wp-block-heading\"><strong>Bohat\u00fd chu\u0165ov\u00fd z\u00e1\u017eitek<\/strong><\/h2>\n\n\n\n<p>Vychutnejte si 16 pr\u00e9miov\u00fdch p\u0159\u00edchut\u00ed vytvo\u0159en\u00fdch pro hladkou p\u00e1ru a v\u00fdraznou chu\u0165.<\/p>\n\n\n\n<ul class=\"wp-block-list\">\n<li><strong>C\u00edvka s oky 0,9\u03a9<\/strong> pro rovnom\u011brn\u00fd oh\u0159ev a v\u00fdraznou chu\u0165<br>Objevte ovocn\u00e9, ledov\u00e9, kr\u00e9mov\u00e9 a sm\u00ed\u0161en\u00e9 sm\u011bsi podle sv\u00fdch preferenc\u00ed.<\/li>\n<\/ul>\n\n\n\n<h2 class=\"wp-block-heading\"><strong>Rychl\u00e9 nab\u00edjen\u00ed typu C<\/strong><\/h2>\n\n\n\n<p>Vybaveno <strong>dob\u00edjec\u00ed baterie 850mAh<\/strong>:<\/p>\n\n\n\n<ul class=\"wp-block-list\">\n<li>Rychl\u00e9 nab\u00edjen\u00ed typu C<\/li>\n\n\n\n<li>Rychl\u00e9 zapnut\u00ed s minim\u00e1ln\u00edmi prostoji<\/li>\n<\/ul>\n\n\n\n<p>V\u017edy p\u0159ipraven, kdy\u017e ho pot\u0159ebujete.<\/p>\n\n\n\n<h2 class=\"wp-block-heading\"><strong>Elegantn\u00ed a p\u0159enosn\u00fd design<\/strong><\/h2>\n\n\n\n<p>Modern\u00ed, kompaktn\u00ed a snadno p\u0159enosn\u00fd:<\/p>\n\n\n\n<ul class=\"wp-block-list\">\n<li>Lehk\u00e9 a ergonomick\u00e9<\/li>\n\n\n\n<li>Stylov\u00e1 povrchov\u00e1 \u00faprava<\/li>\n\n\n\n<li>Nab\u00edjec\u00ed a opakovan\u011b pou\u017eiteln\u00e9 pro sn\u00ed\u017een\u00ed mno\u017estv\u00ed odpadu<\/li>\n<\/ul>\n\n\n\n<h2 class=\"wp-block-heading\"><strong>Pro\u010d si vybrat digit\u00e1ln\u00ed box Fumot 12000<\/strong>?<\/h2>\n\n\n\n<ul class=\"wp-block-list\">\n<li>Dlouhodob\u00e1 \u017eivotnost <strong>12 000 vdech\u016f<\/strong><\/li>\n\n\n\n<li>Inteligentn\u00ed digit\u00e1ln\u00ed baterie a tekut\u00fd displej<\/li>\n\n\n\n<li>Bohat\u00e9 chut\u011b + v\u00fdkon s\u00ed\u0165ov\u00e9 c\u00edvky<\/li>\n\n\n\n<li>Rychl\u00e9 nab\u00edjen\u00ed typu C<\/li>\n\n\n\n<li>Ide\u00e1ln\u00ed pro za\u010d\u00e1te\u010dn\u00edky i zku\u0161en\u00e9 vapery<\/li>\n<\/ul>\n\n\n\n<p>A\u0165 u\u017e doma, v kancel\u00e1\u0159i nebo na cest\u00e1ch. <strong><a href=\"https:\/\/vapemaison.com\/product-category\/hot-series\/fumot-12k\/\">Fumot RandM Digital Box 12000<\/a><\/strong> nastavuje nov\u00fd standard pro dob\u00edjec\u00ed jednor\u00e1zov\u00e9 vapingy, p\u0159in\u00e1\u0161\u00ed styl, pohodl\u00ed a bezkonkuren\u010dn\u00ed chu\u0165ov\u00fd z\u00e1\u017eitek.<\/p>","protected":false},"excerpt":{"rendered":"<p>Fumot RandM Digital Box 12000 Puffs<\/p>","protected":false},"featured_media":7840,"comment_status":"open","ping_status":"closed","template":"","meta":[],"product_brand":[58],"product_cat":[154,294],"product_tag":[],"class_list":{"0":"post-15093","1":"product","2":"type-product","3":"status-publish","4":"has-post-thumbnail","6":"product_brand-fumot","7":"product_cat-12k-puffs","8":"product_cat-no-nicotine-vape","10":"first","11":"instock","12":"sale","13":"shipping-taxable","14":"purchasable","15":"product-type-simple"},"yoast_head":"<!-- This site is optimized with the Yoast SEO plugin v27.4 - https:\/\/yoast.com\/product\/yoast-seo-wordpress\/ -->\n<title>Fumot Digital Box 12000\u00a0Puffs - Rechargeable vape<\/title>\n<meta name=\"description\" content=\"Fumot Digital Box 12000 \u2014 a rechargeable disposable vape with rich flavor, and smooth performance for every vaping lover.\" \/>\n<meta name=\"robots\" content=\"index, follow, max-snippet:-1, max-image-preview:large, max-video-preview:-1\" \/>\n<link rel=\"canonical\" href=\"https:\/\/vapemaison.com\/cs\/produkt\/fumot-digital-box-12000-puffs-kaufen-deutschland\/\" \/>\n<meta property=\"og:locale\" content=\"cs_CZ\" \/>\n<meta property=\"og:type\" content=\"article\" \/>\n<meta property=\"og:title\" content=\"Fumot Digital Box 12000\u00a0Puffs - Rechargeable vape\" \/>\n<meta property=\"og:description\" content=\"Fumot Digital Box 12000 \u2014 a rechargeable disposable vape with rich flavor, and smooth performance for every vaping lover.\" \/>\n<meta property=\"og:url\" content=\"https:\/\/vapemaison.com\/cs\/produkt\/fumot-digital-box-12000-puffs-kaufen-deutschland\/\" \/>\n<meta property=\"og:site_name\" content=\"VapeMaison\" \/>\n<meta property=\"article:modified_time\" content=\"2026-02-27T09:43:35+00:00\" \/>\n<meta property=\"og:image\" content=\"https:\/\/vapemaison.com\/wp-content\/uploads\/2025\/10\/Fumot-Digital-Box-12k-Disposable-Vape-1.jpg\" \/>\n\t<meta property=\"og:image:width\" content=\"1500\" \/>\n\t<meta property=\"og:image:height\" content=\"1500\" \/>\n\t<meta property=\"og:image:type\" content=\"image\/jpeg\" \/>\n<meta name=\"twitter:card\" content=\"summary_large_image\" \/>\n<meta name=\"twitter:label1\" content=\"Odhadovan\u00e1 doba \u010dten\u00ed\" \/>\n\t<meta name=\"twitter:data1\" content=\"2 minuty\" \/>\n<!-- \/ Yoast SEO plugin. -->","yoast_head_json":{"title":"Fumot Digital Box 12000 Puffs - dob\u00edjec\u00ed vape","description":"Fumot Digital Box 12000 - dob\u00edjec\u00ed jednor\u00e1zov\u00fd vape s bohatou chut\u00ed a plynul\u00fdm v\u00fdkonem pro ka\u017ed\u00e9ho milovn\u00edka vapingu.","robots":{"index":"index","follow":"follow","max-snippet":"max-snippet:-1","max-image-preview":"max-image-preview:large","max-video-preview":"max-video-preview:-1"},"canonical":"https:\/\/vapemaison.com\/cs\/produkt\/fumot-digital-box-12000-puffs-kaufen-deutschland\/","og_locale":"cs_CZ","og_type":"article","og_title":"Fumot Digital Box 12000\u00a0Puffs - Rechargeable vape","og_description":"Fumot Digital Box 12000 \u2014 a rechargeable disposable vape with rich flavor, and smooth performance for every vaping lover.","og_url":"https:\/\/vapemaison.com\/cs\/produkt\/fumot-digital-box-12000-puffs-kaufen-deutschland\/","og_site_name":"VapeMaison","article_modified_time":"2026-02-27T09:43:35+00:00","og_image":[{"width":1500,"height":1500,"url":"https:\/\/vapemaison.com\/wp-content\/uploads\/2025\/10\/Fumot-Digital-Box-12k-Disposable-Vape-1.jpg","type":"image\/jpeg"}],"twitter_card":"summary_large_image","twitter_misc":{"Odhadovan\u00e1 doba \u010dten\u00ed":"2 minuty"},"schema":{"@context":"https:\/\/schema.org","@graph":[{"@type":"WebPage","@id":"https:\/\/vapemaison.com\/product\/fumot-digital-box-12000-puffs-kaufen-deutschland\/","url":"https:\/\/vapemaison.com\/product\/fumot-digital-box-12000-puffs-kaufen-deutschland\/","name":"Fumot Digital Box 12000 Puffs - dob\u00edjec\u00ed vape","isPartOf":{"@id":"https:\/\/vapemaison.com\/#website"},"primaryImageOfPage":{"@id":"https:\/\/vapemaison.com\/product\/fumot-digital-box-12000-puffs-kaufen-deutschland\/#primaryimage"},"image":{"@id":"https:\/\/vapemaison.com\/product\/fumot-digital-box-12000-puffs-kaufen-deutschland\/#primaryimage"},"thumbnailUrl":"https:\/\/vapemaison.com\/wp-content\/uploads\/2025\/10\/Fumot-Digital-Box-12k-Disposable-Vape-1.jpg","datePublished":"2025-11-26T07:06:44+00:00","dateModified":"2026-02-27T09:43:35+00:00","description":"Fumot Digital Box 12000 - dob\u00edjec\u00ed jednor\u00e1zov\u00fd vape s bohatou chut\u00ed a plynul\u00fdm v\u00fdkonem pro ka\u017ed\u00e9ho milovn\u00edka vapingu.","breadcrumb":{"@id":"https:\/\/vapemaison.com\/product\/fumot-digital-box-12000-puffs-kaufen-deutschland\/#breadcrumb"},"inLanguage":"cs","potentialAction":[{"@type":"ReadAction","target":["https:\/\/vapemaison.com\/product\/fumot-digital-box-12000-puffs-kaufen-deutschland\/"]}]},{"@type":"ImageObject","inLanguage":"cs","@id":"https:\/\/vapemaison.com\/product\/fumot-digital-box-12000-puffs-kaufen-deutschland\/#primaryimage","url":"https:\/\/vapemaison.com\/wp-content\/uploads\/2025\/10\/Fumot-Digital-Box-12k-Disposable-Vape-1.jpg","contentUrl":"https:\/\/vapemaison.com\/wp-content\/uploads\/2025\/10\/Fumot-Digital-Box-12k-Disposable-Vape-1.jpg","width":1500,"height":1500,"caption":"Fumot Digital Box 12k Disposable Vape"},{"@type":"BreadcrumbList","@id":"https:\/\/vapemaison.com\/product\/fumot-digital-box-12000-puffs-kaufen-deutschland\/#breadcrumb","itemListElement":[{"@type":"ListItem","position":1,"name":"\u9996\u9875","item":"https:\/\/vapemaison.com\/"},{"@type":"ListItem","position":2,"name":"Shop","item":"https:\/\/vapemaison.com\/shop\/"},{"@type":"ListItem","position":3,"name":"Fumot","item":"https:\/\/vapemaison.com\/brand\/fumot\/"},{"@type":"ListItem","position":4,"name":"Fumot Digital Box 12000\u00a0Puffs | Fumot 12000 Kaufen Deutschland"}]},{"@type":"WebSite","@id":"https:\/\/vapemaison.com\/#website","url":"https:\/\/vapemaison.com\/","name":"VapeMaison","description":"Pr\u00e9miov\u00e1 vapingov\u00e1 za\u0159\u00edzen\u00ed a p\u0159\u00edslu\u0161enstv\u00ed","publisher":{"@id":"https:\/\/vapemaison.com\/#organization"},"potentialAction":[{"@type":"SearchAction","target":{"@type":"EntryPoint","urlTemplate":"https:\/\/vapemaison.com\/?s={search_term_string}"},"query-input":{"@type":"PropertyValueSpecification","valueRequired":true,"valueName":"search_term_string"}}],"inLanguage":"cs"},{"@type":"Organization","@id":"https:\/\/vapemaison.com\/#organization","name":"VapeMaison","url":"https:\/\/vapemaison.com\/","logo":{"@type":"ImageObject","inLanguage":"cs","@id":"https:\/\/vapemaison.com\/#\/schema\/logo\/image\/","url":"https:\/\/vapemaison.com\/wp-content\/uploads\/2026\/01\/cropped-vapemaison-logo-g-2026.webp","contentUrl":"https:\/\/vapemaison.com\/wp-content\/uploads\/2026\/01\/cropped-vapemaison-logo-g-2026.webp","width":350,"height":280,"caption":"VapeMaison"},"image":{"@id":"https:\/\/vapemaison.com\/#\/schema\/logo\/image\/"},"sameAs":["https:\/\/www.youtube.com\/@VapeMaison"]}]}},"tiered_pricing_type":"fixed","tiered_pricing_fixed_rules":{"30":"12.56","50":"10.78","100":"8.55","200":"7.98"},"tiered_pricing_product_settings":{"layout":"default","base_unit_name":{"singular":null,"plural":null},"default_variation":null},"tiered_pricing_minimum_quantity":10,"tiered_pricing_roles_data":[],"tiered_pricing_percentage_rules":[],"tiered_pricing_maximum_quantity":null,"tiered_pricing_quantity_step":"10","_links":{"self":[{"href":"https:\/\/vapemaison.com\/cs\/wp-json\/wp\/v2\/product\/15093","targetHints":{"allow":["GET"]}}],"collection":[{"href":"https:\/\/vapemaison.com\/cs\/wp-json\/wp\/v2\/product"}],"about":[{"href":"https:\/\/vapemaison.com\/cs\/wp-json\/wp\/v2\/types\/product"}],"replies":[{"embeddable":true,"href":"https:\/\/vapemaison.com\/cs\/wp-json\/wp\/v2\/comments?post=15093"}],"version-history":[{"count":1,"href":"https:\/\/vapemaison.com\/cs\/wp-json\/wp\/v2\/product\/15093\/revisions"}],"predecessor-version":[{"id":26650,"href":"https:\/\/vapemaison.com\/cs\/wp-json\/wp\/v2\/product\/15093\/revisions\/26650"}],"wp:featuredmedia":[{"embeddable":true,"href":"https:\/\/vapemaison.com\/cs\/wp-json\/wp\/v2\/media\/7840"}],"wp:attachment":[{"href":"https:\/\/vapemaison.com\/cs\/wp-json\/wp\/v2\/media?parent=15093"}],"wp:term":[{"taxonomy":"product_brand","embeddable":true,"href":"https:\/\/vapemaison.com\/cs\/wp-json\/wp\/v2\/product_brand?post=15093"},{"taxonomy":"product_cat","embeddable":true,"href":"https:\/\/vapemaison.com\/cs\/wp-json\/wp\/v2\/product_cat?post=15093"},{"taxonomy":"product_tag","embeddable":true,"href":"https:\/\/vapemaison.com\/cs\/wp-json\/wp\/v2\/product_tag?post=15093"}],"curies":[{"name":"wp","href":"https:\/\/api.w.org\/{rel}","templated":true}]}}