

{"id":15402,"date":"2025-11-28T09:57:06","date_gmt":"2025-11-28T09:57:06","guid":{"rendered":"https:\/\/vapemaison.com\/?post_type=product&#038;p=15402"},"modified":"2026-03-27T03:23:59","modified_gmt":"2026-03-27T03:23:59","slug":"bang-king-twins-50000-50k","status":"publish","type":"product","link":"https:\/\/vapemaison.com\/cs\/product\/bang-king-twins-50000-50k\/","title":{"rendered":"Bang King Twins 50K Puff"},"content":{"rendered":"<p>Objevte <strong>Bang King Twins 50000 Puffs<\/strong> - pr\u00e9miov\u00fd jednor\u00e1zov\u00fd vape s dv\u011bma p\u0159\u00edchut\u011bmi, pe\u010dliv\u011b vytvo\u0159en\u00fd pro vapery, kte\u0159\u00ed odm\u00edtaj\u00ed d\u011blat kompromisy v rozmanitosti, intenzit\u011b nebo v\u00fddr\u017ei. Toto inovativn\u00ed za\u0159\u00edzen\u00ed s p\u016fsobivou celkovou kapacitou 56 ml vysoce kvalitn\u00edho e-liquidu rovnom\u011brn\u011b rozd\u011blen\u00e9ho do dvou nez\u00e1visl\u00fdch komor o objemu 28 ml v\u00e1m umo\u017en\u00ed bez n\u00e1mahy p\u0159ep\u00ednat mezi dv\u011bma r\u016fzn\u00fdmi p\u0159\u00edchut\u011bmi, kdykoli v\u00e1s p\u0159epadne n\u00e1lada, a p\u0159in\u00e1\u0161\u00ed tak sv\u011b\u017e\u00ed a individu\u00e1ln\u00ed z\u00e1\u017eitek p\u0159i ka\u017ed\u00e9m potahu.<\/p>\n\n\n\n<p>Twins 50000 se m\u016f\u017ee pochlubit mimo\u0159\u00e1dnou \u017eivotnost\u00ed a\u017e 50 000 potah\u016f, \u010d\u00edm\u017e nov\u011b definuje v\u00fddr\u017e v kategorii jednor\u00e1zov\u00fdch \u0161luk\u00e1tek a zaji\u0161\u0165uje t\u00fddny nep\u0159etr\u017eit\u00e9ho po\u017eitku, ani\u017e by byla ob\u011btov\u00e1na konzistence chuti nebo kvalita p\u00e1ry. Je poh\u00e1n\u011bn p\u0159esnou 1,0\u03a9 mesh spir\u00e1lkou a je k dispozici v s\u00edle nikotinu 2%, 3% nebo 5% a produkuje plynul\u00e9, robustn\u00ed potahy, kter\u00e9 uspokoj\u00ed jak lehk\u00e9, tak t\u011b\u017ek\u00e9 vapery.<\/p>\n\n\n\n<p>Vestav\u011bn\u00e1 dob\u00edjec\u00ed baterie o kapacit\u011b 650 mAh spolu s pohodln\u00fdm rychl\u00fdm nab\u00edjen\u00edm typu C omezuje prostoje na minimum, zat\u00edmco p\u0159ehledn\u00fd digit\u00e1ln\u00ed displej LED poskytuje v re\u00e1ln\u00e9m \u010dase aktu\u00e1ln\u00ed informace o \u017eivotnosti baterie a zb\u00fdvaj\u00edc\u00edm e-liquidu v ka\u017ed\u00e9 komo\u0159e, tak\u017ee m\u00e1te v\u0161e pod kontrolou.<\/p>\n\n\n\n<p>Bang King Twins 50000 Puffs nab\u00edz\u00ed dvan\u00e1ct odborn\u011b vybran\u00fdch kombinac\u00ed dvou chut\u00ed od osv\u011b\u017euj\u00edc\u00edho ovoce p\u0159es chladiv\u00e9 m\u00e1ty a\u017e po exotick\u00e9 sm\u011bsi a nab\u00edz\u00ed tak dvojn\u00e1sobnou chu\u0165, dvojn\u00e1sobn\u00e9 uspokojen\u00ed a bezkonkuren\u010dn\u00ed vaping - to v\u0161e v jednom elegantn\u00edm, intuitivn\u00edm a v\u00fdkonn\u00e9m za\u0159\u00edzen\u00ed s dlouhou v\u00fddr\u017e\u00ed.<\/p>\n\n\n\n<h5 class=\"wp-block-heading\"><strong>Vlastnosti\uff1a<\/strong><\/h5>\n\n\n\n<ul class=\"wp-block-list\">\n<li>Pufy: A\u017e 50000 puf\u016f<\/li>\n\n\n\n<li>J\u00e1dro: C\u00edvka Mesh 1,0ohm<\/li>\n\n\n\n<li>E-liquid: 56ml (28ml + 28ml)<\/li>\n\n\n\n<li>Nicotine:2%\/3%\/5%<\/li>\n\n\n\n<li>Baterie: 650 mAh<\/li>\n\n\n\n<li>Dob\u00edjec\u00ed: typ C<\/li>\n\n\n\n<li>Digit\u00e1ln\u00ed displej LED<\/li>\n\n\n\n<li>Dvojit\u00e1 chu\u0165<\/li>\n\n\n\n<li>K dispozici je 12 p\u0159\u00edchut\u00ed<\/li>\n<\/ul>\n\n\n\n<h5 class=\"wp-block-heading\"><strong><br>Seznam p\u0159\u00edchut\u00ed\uff1a<\/strong><\/h5>\n\n\n\n<ol class=\"wp-block-list\">\n<li>L\u00e1ska 66 &amp; citronov\u00e1 mu\u010denka<\/li>\n\n\n\n<li>Broskev Guava Jahoda &amp; Sakura Hroznov\u00e9 v\u00edno<\/li>\n\n\n\n<li>Jahodov\u00fd ban\u00e1n a Heisenberg<\/li>\n\n\n\n<li>Blue Razz Ice &amp; Blue Razz Cherry<\/li>\n\n\n\n<li>Jahodov\u00fd meloun a jahodov\u00e1 zmrzlina<\/li>\n\n\n\n<li>Melounov\u00fd led a meloun Hubba Bubba<\/li>\n\n\n\n<li>Double Lime &amp; Ice Aloe Vera<\/li>\n\n\n\n<li>Sm\u011bs jahod a jahodov\u00e9ho kiwi<\/li>\n\n\n\n<li>Super Cool Lychee &amp; Pink Man<\/li>\n\n\n\n<li>D\u017eus Peach Ice &amp; Strawberry Mango<\/li>\n\n\n\n<li>Cola Lemon &amp; Strawberry Skittles<\/li>\n\n\n\n<li>Broskev Mango Meloun &amp; Blue Razz T\u0159e\u0161e\u0148<\/li>\n<\/ol>\n\n\n\n<p>Pokud byste cht\u011bli prozkoumat dal\u0161\u00ed za\u0159\u00edzen\u00ed stejn\u00e9 zna\u010dky, m\u016f\u017eete si prohl\u00e9dnout n\u00e1\u0161 kompletn\u00ed seznam\u00a0<strong><a href=\"https:\/\/vapemaison.com\/\">Bang jednor\u00e1zov\u00e1 kolekce vape<\/a><\/strong>\u00a0k porovn\u00e1n\u00ed r\u016fzn\u00fdch model\u016f a po\u010dt\u016f puf\u016f. Pro u\u017eivatele, kte\u0159\u00ed hledaj\u00ed roz\u0161\u00ed\u0159en\u00fd vapingov\u00fd v\u00fdkon, je toto za\u0159\u00edzen\u00ed tak\u00e9 sou\u010d\u00e1st\u00ed na\u0161\u00ed nab\u00eddky.\u00a0<strong><a href=\"https:\/\/vapemaison.com\/product-category\/puffs-count\/40k-puffs\/\">60K puffs jednor\u00e1zov\u00e9 vape<\/a><\/strong>\u00a0a vyzna\u010duj\u00ed se dlouhou \u017eivotnost\u00ed a velkokapacitn\u00edm proveden\u00edm. Pokud porovn\u00e1v\u00e1te podobn\u00e9 mo\u017enosti s vysok\u00fdm obsahem vzduchu, pak je to\u00a0<strong><a href=\"https:\/\/vapemaison.com\/product\/bang-leader-stoll-300k-puffs-disposable-vape\/\">Bang 300k Puffs Vape na jedno pou\u017eit\u00ed<\/a><\/strong>\u00a0a <strong><a href=\"https:\/\/vapemaison.com\/product-category\/puffs-count\/50k-puffs\/\">puff 50k<\/a><\/strong> jsou obl\u00edben\u00e9 alternativy se srovnatelnou kapacitou a v\u00fdkonem.<\/p>","protected":false},"excerpt":{"rendered":"<p>Discover the Bang King Twins 50000 Puffs \u2014 a premium dual-flavor disposable vape meticulously crafted for vapers who refuse to compromise on variety, intensity, or longevity. Engineered with an impressive total capacity of 56mL of high-quality e-liquid split evenly across two independent 28mL chambers, this innovative device lets you effortlessly switch between two distinct flavors [&hellip;]<\/p>\n","protected":false},"featured_media":15403,"comment_status":"open","ping_status":"closed","template":"","meta":[],"product_brand":[57],"product_cat":[136,142,294],"product_tag":[],"class_list":{"0":"post-15402","1":"product","2":"type-product","3":"status-publish","4":"has-post-thumbnail","6":"product_brand-bang","7":"product_cat-50k-puffs","8":"product_cat-eu-stock","9":"product_cat-no-nicotine-vape","11":"first","12":"instock","13":"sale","14":"shipping-taxable","15":"purchasable","16":"product-type-variable"},"yoast_head":"<!-- This site is optimized with the Yoast SEO plugin v27.4 - https:\/\/yoast.com\/product\/yoast-seo-wordpress\/ -->\n<title>Bang King Twins 50000 Puffs Dual Flavor Disposable Vape<\/title>\n<meta name=\"description\" content=\"Bang King Twins 50k Puff \u2013 56mL dual-flavor disposable vape with 50k puffs, 2\/3\/5% nicotine,rechargeable battery &amp; LED display. Switch flavors anytime!\" \/>\n<meta name=\"robots\" content=\"index, follow, max-snippet:-1, max-image-preview:large, max-video-preview:-1\" \/>\n<link rel=\"canonical\" href=\"https:\/\/vapemaison.com\/cs\/produkt\/bang-king-twins-50000-50k\/\" \/>\n<meta property=\"og:locale\" content=\"cs_CZ\" \/>\n<meta property=\"og:type\" content=\"article\" \/>\n<meta property=\"og:title\" content=\"Bang King Twins 50000 Puffs Dual Flavor Disposable Vape\" \/>\n<meta property=\"og:description\" content=\"Bang King Twins 50k Puff \u2013 56mL dual-flavor disposable vape with 50k puffs, 2\/3\/5% nicotine,rechargeable battery &amp; LED display. Switch flavors anytime!\" \/>\n<meta property=\"og:url\" content=\"https:\/\/vapemaison.com\/cs\/produkt\/bang-king-twins-50000-50k\/\" \/>\n<meta property=\"og:site_name\" content=\"VapeMaison\" \/>\n<meta property=\"article:modified_time\" content=\"2026-03-27T03:23:59+00:00\" \/>\n<meta property=\"og:image\" content=\"https:\/\/vapemaison.com\/wp-content\/uploads\/2025\/11\/bang-king-twins-50000-50k-puffs.webp\" \/>\n\t<meta property=\"og:image:width\" content=\"700\" \/>\n\t<meta property=\"og:image:height\" content=\"700\" \/>\n\t<meta property=\"og:image:type\" content=\"image\/webp\" \/>\n<meta name=\"twitter:card\" content=\"summary_large_image\" \/>\n<meta name=\"twitter:label1\" content=\"Odhadovan\u00e1 doba \u010dten\u00ed\" \/>\n\t<meta name=\"twitter:data1\" content=\"2 minuty\" \/>\n<!-- \/ Yoast SEO plugin. -->","yoast_head_json":{"title":"Bang King Twins 50000 Puffs Dual Flavor Disposable Vape","description":"Bang King Twins 50k Puff - 56ml jednor\u00e1zov\u00fd vape s dvojitou p\u0159\u00edchut\u00ed, 50k potah\u016f, 2\/3\/5% nikotinu, dob\u00edjec\u00ed baterie a LED displej. P\u0159ep\u00ednejte p\u0159\u00edchut\u011b kdykoli!","robots":{"index":"index","follow":"follow","max-snippet":"max-snippet:-1","max-image-preview":"max-image-preview:large","max-video-preview":"max-video-preview:-1"},"canonical":"https:\/\/vapemaison.com\/cs\/produkt\/bang-king-twins-50000-50k\/","og_locale":"cs_CZ","og_type":"article","og_title":"Bang King Twins 50000 Puffs Dual Flavor Disposable Vape","og_description":"Bang King Twins 50k Puff \u2013 56mL dual-flavor disposable vape with 50k puffs, 2\/3\/5% nicotine,rechargeable battery & LED display. Switch flavors anytime!","og_url":"https:\/\/vapemaison.com\/cs\/produkt\/bang-king-twins-50000-50k\/","og_site_name":"VapeMaison","article_modified_time":"2026-03-27T03:23:59+00:00","og_image":[{"width":700,"height":700,"url":"https:\/\/vapemaison.com\/wp-content\/uploads\/2025\/11\/bang-king-twins-50000-50k-puffs.webp","type":"image\/webp"}],"twitter_card":"summary_large_image","twitter_misc":{"Odhadovan\u00e1 doba \u010dten\u00ed":"2 minuty"},"schema":{"@context":"https:\/\/schema.org","@graph":[{"@type":"WebPage","@id":"https:\/\/vapemaison.com\/product\/bang-king-twins-50000-50k\/","url":"https:\/\/vapemaison.com\/product\/bang-king-twins-50000-50k\/","name":"Bang King Twins 50000 Puffs Dual Flavor Disposable Vape","isPartOf":{"@id":"https:\/\/vapemaison.com\/#website"},"primaryImageOfPage":{"@id":"https:\/\/vapemaison.com\/product\/bang-king-twins-50000-50k\/#primaryimage"},"image":{"@id":"https:\/\/vapemaison.com\/product\/bang-king-twins-50000-50k\/#primaryimage"},"thumbnailUrl":"https:\/\/vapemaison.com\/wp-content\/uploads\/2025\/11\/bang-king-twins-50000-50k-puffs.webp","datePublished":"2025-11-28T09:57:06+00:00","dateModified":"2026-03-27T03:23:59+00:00","description":"Bang King Twins 50k Puff - 56ml jednor\u00e1zov\u00fd vape s dvojitou p\u0159\u00edchut\u00ed, 50k potah\u016f, 2\/3\/5% nikotinu, dob\u00edjec\u00ed baterie a LED displej. P\u0159ep\u00ednejte p\u0159\u00edchut\u011b kdykoli!","breadcrumb":{"@id":"https:\/\/vapemaison.com\/product\/bang-king-twins-50000-50k\/#breadcrumb"},"inLanguage":"cs","potentialAction":[{"@type":"ReadAction","target":["https:\/\/vapemaison.com\/product\/bang-king-twins-50000-50k\/"]}]},{"@type":"ImageObject","inLanguage":"cs","@id":"https:\/\/vapemaison.com\/product\/bang-king-twins-50000-50k\/#primaryimage","url":"https:\/\/vapemaison.com\/wp-content\/uploads\/2025\/11\/bang-king-twins-50000-50k-puffs.webp","contentUrl":"https:\/\/vapemaison.com\/wp-content\/uploads\/2025\/11\/bang-king-twins-50000-50k-puffs.webp","width":700,"height":700,"caption":"Bang King Twins 50k Puffs Disposable Vape Device"},{"@type":"BreadcrumbList","@id":"https:\/\/vapemaison.com\/product\/bang-king-twins-50000-50k\/#breadcrumb","itemListElement":[{"@type":"ListItem","position":1,"name":"\u9996\u9875","item":"https:\/\/vapemaison.com\/"},{"@type":"ListItem","position":2,"name":"Shop","item":"https:\/\/vapemaison.com\/shop\/"},{"@type":"ListItem","position":3,"name":"Bang","item":"https:\/\/vapemaison.com\/brand\/bang\/"},{"@type":"ListItem","position":4,"name":"Bang King Twins 50K Puff"}]},{"@type":"WebSite","@id":"https:\/\/vapemaison.com\/#website","url":"https:\/\/vapemaison.com\/","name":"VapeMaison","description":"Pr\u00e9miov\u00e1 vapingov\u00e1 za\u0159\u00edzen\u00ed a p\u0159\u00edslu\u0161enstv\u00ed","publisher":{"@id":"https:\/\/vapemaison.com\/#organization"},"potentialAction":[{"@type":"SearchAction","target":{"@type":"EntryPoint","urlTemplate":"https:\/\/vapemaison.com\/?s={search_term_string}"},"query-input":{"@type":"PropertyValueSpecification","valueRequired":true,"valueName":"search_term_string"}}],"inLanguage":"cs"},{"@type":"Organization","@id":"https:\/\/vapemaison.com\/#organization","name":"VapeMaison","url":"https:\/\/vapemaison.com\/","logo":{"@type":"ImageObject","inLanguage":"cs","@id":"https:\/\/vapemaison.com\/#\/schema\/logo\/image\/","url":"https:\/\/vapemaison.com\/wp-content\/uploads\/2026\/01\/cropped-vapemaison-logo-g-2026.webp","contentUrl":"https:\/\/vapemaison.com\/wp-content\/uploads\/2026\/01\/cropped-vapemaison-logo-g-2026.webp","width":350,"height":280,"caption":"VapeMaison"},"image":{"@id":"https:\/\/vapemaison.com\/#\/schema\/logo\/image\/"},"sameAs":["https:\/\/www.youtube.com\/@VapeMaison"]}]}},"tiered_pricing_type":"fixed","tiered_pricing_fixed_rules":{"30":"8.99","50":"8.72","100":"8.35","200":"7.99"},"tiered_pricing_product_settings":{"layout":"default","base_unit_name":{"singular":null,"plural":null},"default_variation":null},"tiered_pricing_minimum_quantity":10,"tiered_pricing_roles_data":[],"tiered_pricing_percentage_rules":[],"tiered_pricing_maximum_quantity":null,"tiered_pricing_quantity_step":"10","_links":{"self":[{"href":"https:\/\/vapemaison.com\/cs\/wp-json\/wp\/v2\/product\/15402","targetHints":{"allow":["GET"]}}],"collection":[{"href":"https:\/\/vapemaison.com\/cs\/wp-json\/wp\/v2\/product"}],"about":[{"href":"https:\/\/vapemaison.com\/cs\/wp-json\/wp\/v2\/types\/product"}],"replies":[{"embeddable":true,"href":"https:\/\/vapemaison.com\/cs\/wp-json\/wp\/v2\/comments?post=15402"}],"version-history":[{"count":1,"href":"https:\/\/vapemaison.com\/cs\/wp-json\/wp\/v2\/product\/15402\/revisions"}],"predecessor-version":[{"id":26509,"href":"https:\/\/vapemaison.com\/cs\/wp-json\/wp\/v2\/product\/15402\/revisions\/26509"}],"wp:featuredmedia":[{"embeddable":true,"href":"https:\/\/vapemaison.com\/cs\/wp-json\/wp\/v2\/media\/15403"}],"wp:attachment":[{"href":"https:\/\/vapemaison.com\/cs\/wp-json\/wp\/v2\/media?parent=15402"}],"wp:term":[{"taxonomy":"product_brand","embeddable":true,"href":"https:\/\/vapemaison.com\/cs\/wp-json\/wp\/v2\/product_brand?post=15402"},{"taxonomy":"product_cat","embeddable":true,"href":"https:\/\/vapemaison.com\/cs\/wp-json\/wp\/v2\/product_cat?post=15402"},{"taxonomy":"product_tag","embeddable":true,"href":"https:\/\/vapemaison.com\/cs\/wp-json\/wp\/v2\/product_tag?post=15402"}],"curies":[{"name":"wp","href":"https:\/\/api.w.org\/{rel}","templated":true}]}}