

{"id":16054,"date":"2025-12-05T07:30:28","date_gmt":"2025-12-05T07:30:28","guid":{"rendered":"https:\/\/vapemaison.com\/?post_type=product&#038;p=16054"},"modified":"2025-12-05T08:04:01","modified_gmt":"2025-12-05T08:04:01","slug":"bang-king-30000-pro-jednorazove-30k","status":"publish","type":"product","link":"https:\/\/vapemaison.com\/cs\/product\/bang-king-30000-pro-disposable-30k\/","title":{"rendered":"Bang King 30000 Pro Vape na jedno pou\u017eit\u00ed - 30K Puffs Dual Mesh Beast"},"content":{"rendered":"<h3 class=\"wp-block-heading\">Pro\u010d si vybrat Bang King 30000 Pro?<\/h3>\n\n\n\n<p>Bezkonkuren\u010dn\u00ed \u017eivotnost (a\u017e 30 000 vdechnut\u00ed)<\/p>\n\n\n\n<p>Zapome\u0148te na v\u00fdm\u011bnu za\u0159\u00edzen\u00ed ka\u017ed\u00fdch p\u00e1r dn\u00ed. Bang King 30000 Pro m\u00e1 obrovskou kapacitu 36 ml p\u0159edpln\u011bn\u00e9ho e-liquidu, co\u017e z n\u011bj d\u011bl\u00e1 jeden z nejd\u00e9le vydr\u017e\u00edc\u00edch jednor\u00e1zov\u00fdch p\u0159\u00edstroj\u016f na trhu. nen\u00ed to jen vape, je to v\u00e1\u0161 spolehliv\u00fd spole\u010dn\u00edk na cel\u00e9 t\u00fddny.<\/p>\n\n\n\n<p>1,0\u03a9 Mesh Coil pro explozivn\u00ed chu\u0165<\/p>\n\n\n\n<p>Za\u017eijte skute\u010dnou chu\u0165 sv\u00fdch obl\u00edben\u00fdch e-d\u017eus\u016f. Pokro\u010dil\u00e1 technologie 1,0\u03a9 Mesh Coil zaji\u0161\u0165uje, \u017ee ka\u017ed\u00e9 pota\u017een\u00ed vytv\u00e1\u0159\u00ed bohatou, hustou p\u00e1ru a autentickou reprodukci chuti od prvn\u00edho potahu a\u017e po 30 000. pota\u017een\u00ed.<\/p>\n\n\n\n<p>V\u00fddr\u017e: 850 mAh a nab\u00edjen\u00ed typu C<\/p>\n\n\n\n<p>Nikdy se nenechte p\u0159istihnout s vybitou bateri\u00ed. Bang King je vybaven robustn\u00ed dob\u00edjec\u00ed bateri\u00ed s kapacitou 850 mAh a modern\u00edm nab\u00edjec\u00edm portem typu C, d\u00edky \u010demu\u017e vyu\u017eijete ka\u017edou kapku e-liquidu. Rychl\u00e9 nab\u00edjen\u00ed znamen\u00e1 m\u00e9n\u011b \u010dek\u00e1n\u00ed a v\u00edce vapov\u00e1n\u00ed.<\/p>\n\n\n\n<p><strong>P\u0159izp\u016fsoben\u00ed va\u0161im pot\u0159eb\u00e1m<\/strong><\/p>\n\n\n\n<ul class=\"wp-block-list\">\n<li><strong>S\u00edla nikotinu:<\/strong> K dispozici v <strong>0%, 2%, 3% a 5%<\/strong> aby odpov\u00eddala va\u0161im preferenc\u00edm.<\/li>\n\n\n\n<li><strong>Rozmanitost chut\u00ed:<\/strong> Vyberte si z <strong>12 pr\u00e9miov\u00fdch p\u0159\u00edchut\u00ed<\/strong> p\u0159izp\u016fsoben\u00e9 pro r\u016fzn\u00e9 chu\u0165ov\u00e9 bu\u0148ky.<\/li>\n<\/ul>\n\n\n\n<h3 class=\"wp-block-heading\">Technick\u00e9 specifikace<\/h3>\n\n\n\n<figure class=\"wp-block-table\"><table class=\"has-fixed-layout\"><thead><tr><td><strong>Funkce<\/strong><\/td><td><strong>Podrobnosti na<\/strong><\/td><\/tr><\/thead><tbody><tr><td><strong>Po\u010det puf\u016f<\/strong><\/td><td>A\u017e 30 000 puf\u016f<\/td><\/tr><tr><td><strong>Kapacita e-kapaliny<\/strong><\/td><td>36 ml<\/td><\/tr><tr><td><strong>Baterie<\/strong><\/td><td>850 mAh (dob\u00edjec\u00ed)<\/td><\/tr><tr><td><strong>Nab\u00edjec\u00ed port<\/strong><\/td><td>USB typu C<\/td><\/tr><tr><td><strong>Odolnost c\u00edvky<\/strong><\/td><td>1,0\u03a9 Mesh Coil<\/td><\/tr><tr><td><strong>Mo\u017enosti nikotinu<\/strong><\/td><td>0% \/ 2% \/ 3% \/ 5%<\/td><\/tr><tr><td><strong>Balen\u00ed<\/strong><\/td><td>10 jednotek \/ krabice<\/td><\/tr><\/tbody><\/table><\/figure>\n\n\n\n<h5 class=\"wp-block-heading\"><strong>Seznam p\u0159\u00edchut\u00ed\uff1a<\/strong><\/h5>\n\n\n\n<ol class=\"wp-block-list\">\n<li>Jahodov\u00fd meloun<\/li>\n\n\n\n<li>Bor\u016fvkov\u00fd led<\/li>\n\n\n\n<li>\u010cerstv\u00e1 m\u00e1ta<\/li>\n\n\n\n<li>Jahodov\u00fd hrozen<\/li>\n\n\n\n<li>Bor\u016fvka brusinka t\u0159e\u0161e\u0148<\/li>\n\n\n\n<li>Meloun<\/li>\n\n\n\n<li>Jahodov\u00e9 kiwi<\/li>\n\n\n\n<li>Mint Blue Razz<\/li>\n\n\n\n<li>Trojit\u00e9 bobule<\/li>\n\n\n\n<li>Vodn\u00ed meloun Cherry<\/li>\n\n\n\n<li>Raspberry Dark Sparkle<\/li>\n\n\n\n<li>Bor\u016fvka malina<\/li>\n<\/ol>","protected":false},"excerpt":{"rendered":"<p>P\u0159esta\u0148te po\u010d\u00edtat obl\u00e1\u010dky. Za\u010dn\u011bte si je u\u017e\u00edvat. Bang King 30000 Pro je absolutn\u00edm \u0161ampionem ve v\u00fddr\u017ei na trhu jednor\u00e1zov\u00fdch vape za\u0159\u00edzen\u00ed. S masivn\u00edm z\u00e1sobn\u00edkem na 36 ml e-liquidu a v\u00fddr\u017e\u00ed a\u017e 30 tis\u00edc potah\u016f je toto za\u0159\u00edzen\u00ed stvo\u0159eno pro vapery, kte\u0159\u00ed vy\u017eaduj\u00ed dlouhou \u017eivotnost, konzistentn\u00ed chu\u0165 a nulov\u00e9 pot\u00ed\u017ee.<\/p>","protected":false},"featured_media":16056,"comment_status":"open","ping_status":"closed","template":"","meta":[],"product_brand":[57],"product_cat":[134],"product_tag":[],"class_list":{"0":"post-16054","1":"product","2":"type-product","3":"status-publish","4":"has-post-thumbnail","6":"product_brand-bang","7":"product_cat-30k-puffs","9":"first","10":"instock","11":"sale","12":"shipping-taxable","13":"purchasable","14":"product-type-variable"},"yoast_head":"<!-- This site is optimized with the Yoast SEO plugin v27.4 - https:\/\/yoast.com\/product\/yoast-seo-wordpress\/ -->\n<title>Bang King 30000 Pro Disposable 30K Puffs Vape - VapeMaison<\/title>\n<meta name=\"description\" content=\"Buy Bang King 30000 Pro Disposable Vape at the best price. 36mL capacity, 850mAh rechargeable battery. Wholesale &amp; Retail available. Fast Shipping.\" \/>\n<meta name=\"robots\" content=\"index, follow, max-snippet:-1, max-image-preview:large, max-video-preview:-1\" \/>\n<link rel=\"canonical\" href=\"https:\/\/vapemaison.com\/cs\/produkt\/bang-king-30000-pro-jednorazove-30k\/\" \/>\n<meta property=\"og:locale\" content=\"cs_CZ\" \/>\n<meta property=\"og:type\" content=\"article\" \/>\n<meta property=\"og:title\" content=\"Bang King 30000 Pro Disposable 30K Puffs Vape - VapeMaison\" \/>\n<meta property=\"og:description\" content=\"Buy Bang King 30000 Pro Disposable Vape at the best price. 36mL capacity, 850mAh rechargeable battery. Wholesale &amp; Retail available. Fast Shipping.\" \/>\n<meta property=\"og:url\" content=\"https:\/\/vapemaison.com\/cs\/produkt\/bang-king-30000-pro-jednorazove-30k\/\" \/>\n<meta property=\"og:site_name\" content=\"VapeMaison\" \/>\n<meta property=\"article:modified_time\" content=\"2025-12-05T08:04:01+00:00\" \/>\n<meta property=\"og:image\" content=\"https:\/\/vapemaison.com\/wp-content\/uploads\/2025\/12\/vapemaison-bang-king-30000-pro-blueberry-raspberry-654x690.jpg.webp\" \/>\n\t<meta property=\"og:image:width\" content=\"654\" \/>\n\t<meta property=\"og:image:height\" content=\"690\" \/>\n\t<meta property=\"og:image:type\" content=\"image\/webp\" \/>\n<meta name=\"twitter:card\" content=\"summary_large_image\" \/>\n<meta name=\"twitter:label1\" content=\"Odhadovan\u00e1 doba \u010dten\u00ed\" \/>\n\t<meta name=\"twitter:data1\" content=\"2 minuty\" \/>\n<!-- \/ Yoast SEO plugin. -->","yoast_head_json":{"title":"Bang King 30000 Pro jednor\u00e1zov\u00e9 30K Puffs Vape - VapeMaison","description":"Kupte si Bang King 30000 Pro Disposable Vape za nejlep\u0161\u00ed cenu. Kapacita 36 ml, dob\u00edjec\u00ed baterie 850 mAh. K dispozici velkoobchod a maloobchod. Rychl\u00e9 dod\u00e1n\u00ed.","robots":{"index":"index","follow":"follow","max-snippet":"max-snippet:-1","max-image-preview":"max-image-preview:large","max-video-preview":"max-video-preview:-1"},"canonical":"https:\/\/vapemaison.com\/cs\/produkt\/bang-king-30000-pro-jednorazove-30k\/","og_locale":"cs_CZ","og_type":"article","og_title":"Bang King 30000 Pro Disposable 30K Puffs Vape - VapeMaison","og_description":"Buy Bang King 30000 Pro Disposable Vape at the best price. 36mL capacity, 850mAh rechargeable battery. Wholesale & Retail available. Fast Shipping.","og_url":"https:\/\/vapemaison.com\/cs\/produkt\/bang-king-30000-pro-jednorazove-30k\/","og_site_name":"VapeMaison","article_modified_time":"2025-12-05T08:04:01+00:00","og_image":[{"width":654,"height":690,"url":"https:\/\/vapemaison.com\/wp-content\/uploads\/2025\/12\/vapemaison-bang-king-30000-pro-blueberry-raspberry-654x690.jpg.webp","type":"image\/webp"}],"twitter_card":"summary_large_image","twitter_misc":{"Odhadovan\u00e1 doba \u010dten\u00ed":"2 minuty"},"schema":{"@context":"https:\/\/schema.org","@graph":[{"@type":"WebPage","@id":"https:\/\/vapemaison.com\/product\/bang-king-30000-pro-disposable-30k\/","url":"https:\/\/vapemaison.com\/product\/bang-king-30000-pro-disposable-30k\/","name":"Bang King 30000 Pro jednor\u00e1zov\u00e9 30K Puffs Vape - VapeMaison","isPartOf":{"@id":"https:\/\/vapemaison.com\/#website"},"primaryImageOfPage":{"@id":"https:\/\/vapemaison.com\/product\/bang-king-30000-pro-disposable-30k\/#primaryimage"},"image":{"@id":"https:\/\/vapemaison.com\/product\/bang-king-30000-pro-disposable-30k\/#primaryimage"},"thumbnailUrl":"https:\/\/vapemaison.com\/wp-content\/uploads\/2025\/12\/vapemaison-bang-king-30000-pro-blueberry-raspberry-654x690.jpg.webp","datePublished":"2025-12-05T07:30:28+00:00","dateModified":"2025-12-05T08:04:01+00:00","description":"Kupte si Bang King 30000 Pro Disposable Vape za nejlep\u0161\u00ed cenu. Kapacita 36 ml, dob\u00edjec\u00ed baterie 850 mAh. K dispozici velkoobchod a maloobchod. Rychl\u00e9 dod\u00e1n\u00ed.","breadcrumb":{"@id":"https:\/\/vapemaison.com\/product\/bang-king-30000-pro-disposable-30k\/#breadcrumb"},"inLanguage":"cs","potentialAction":[{"@type":"ReadAction","target":["https:\/\/vapemaison.com\/product\/bang-king-30000-pro-disposable-30k\/"]}]},{"@type":"ImageObject","inLanguage":"cs","@id":"https:\/\/vapemaison.com\/product\/bang-king-30000-pro-disposable-30k\/#primaryimage","url":"https:\/\/vapemaison.com\/wp-content\/uploads\/2025\/12\/vapemaison-bang-king-30000-pro-blueberry-raspberry-654x690.jpg.webp","contentUrl":"https:\/\/vapemaison.com\/wp-content\/uploads\/2025\/12\/vapemaison-bang-king-30000-pro-blueberry-raspberry-654x690.jpg.webp","width":654,"height":690,"caption":"Vapemaison Bang King Pro Blueberry Raspberry 654x690.jpg"},{"@type":"BreadcrumbList","@id":"https:\/\/vapemaison.com\/product\/bang-king-30000-pro-disposable-30k\/#breadcrumb","itemListElement":[{"@type":"ListItem","position":1,"name":"\u9996\u9875","item":"https:\/\/vapemaison.com\/"},{"@type":"ListItem","position":2,"name":"Shop","item":"https:\/\/vapemaison.com\/shop\/"},{"@type":"ListItem","position":3,"name":"Bang","item":"https:\/\/vapemaison.com\/brand\/bang\/"},{"@type":"ListItem","position":4,"name":"Bang King 30000 Pro Disposable Vape &#8211; 30K Puffs Dual Mesh Beast"}]},{"@type":"WebSite","@id":"https:\/\/vapemaison.com\/#website","url":"https:\/\/vapemaison.com\/","name":"VapeMaison","description":"Pr\u00e9miov\u00e1 vapingov\u00e1 za\u0159\u00edzen\u00ed a p\u0159\u00edslu\u0161enstv\u00ed","publisher":{"@id":"https:\/\/vapemaison.com\/#organization"},"potentialAction":[{"@type":"SearchAction","target":{"@type":"EntryPoint","urlTemplate":"https:\/\/vapemaison.com\/?s={search_term_string}"},"query-input":{"@type":"PropertyValueSpecification","valueRequired":true,"valueName":"search_term_string"}}],"inLanguage":"cs"},{"@type":"Organization","@id":"https:\/\/vapemaison.com\/#organization","name":"VapeMaison","url":"https:\/\/vapemaison.com\/","logo":{"@type":"ImageObject","inLanguage":"cs","@id":"https:\/\/vapemaison.com\/#\/schema\/logo\/image\/","url":"https:\/\/vapemaison.com\/wp-content\/uploads\/2026\/01\/cropped-vapemaison-logo-g-2026.webp","contentUrl":"https:\/\/vapemaison.com\/wp-content\/uploads\/2026\/01\/cropped-vapemaison-logo-g-2026.webp","width":350,"height":280,"caption":"VapeMaison"},"image":{"@id":"https:\/\/vapemaison.com\/#\/schema\/logo\/image\/"},"sameAs":["https:\/\/www.youtube.com\/@VapeMaison"]}]}},"tiered_pricing_type":"fixed","tiered_pricing_fixed_rules":{"30":"9.99","50":"9.19","100":"8.42","200":"7.99"},"tiered_pricing_product_settings":{"layout":"default","base_unit_name":{"singular":null,"plural":null},"default_variation":null},"tiered_pricing_minimum_quantity":10,"tiered_pricing_roles_data":[],"tiered_pricing_percentage_rules":[],"tiered_pricing_maximum_quantity":null,"tiered_pricing_quantity_step":"10","_links":{"self":[{"href":"https:\/\/vapemaison.com\/cs\/wp-json\/wp\/v2\/product\/16054","targetHints":{"allow":["GET"]}}],"collection":[{"href":"https:\/\/vapemaison.com\/cs\/wp-json\/wp\/v2\/product"}],"about":[{"href":"https:\/\/vapemaison.com\/cs\/wp-json\/wp\/v2\/types\/product"}],"replies":[{"embeddable":true,"href":"https:\/\/vapemaison.com\/cs\/wp-json\/wp\/v2\/comments?post=16054"}],"version-history":[{"count":0,"href":"https:\/\/vapemaison.com\/cs\/wp-json\/wp\/v2\/product\/16054\/revisions"}],"wp:featuredmedia":[{"embeddable":true,"href":"https:\/\/vapemaison.com\/cs\/wp-json\/wp\/v2\/media\/16056"}],"wp:attachment":[{"href":"https:\/\/vapemaison.com\/cs\/wp-json\/wp\/v2\/media?parent=16054"}],"wp:term":[{"taxonomy":"product_brand","embeddable":true,"href":"https:\/\/vapemaison.com\/cs\/wp-json\/wp\/v2\/product_brand?post=16054"},{"taxonomy":"product_cat","embeddable":true,"href":"https:\/\/vapemaison.com\/cs\/wp-json\/wp\/v2\/product_cat?post=16054"},{"taxonomy":"product_tag","embeddable":true,"href":"https:\/\/vapemaison.com\/cs\/wp-json\/wp\/v2\/product_tag?post=16054"}],"curies":[{"name":"wp","href":"https:\/\/api.w.org\/{rel}","templated":true}]}}