

{"id":16195,"date":"2025-12-08T07:27:38","date_gmt":"2025-12-08T07:27:38","guid":{"rendered":"https:\/\/vapemaison.com\/?post_type=product&#038;p=16195"},"modified":"2026-05-05T03:15:27","modified_gmt":"2026-05-05T03:15:27","slug":"humo-azul-15000-puffs-jednorazove-vape-2","status":"publish","type":"product","link":"https:\/\/vapemaison.com\/cs\/product\/humo-azul-15000-puffs-disposable-vape-2\/","title":{"rendered":"Humo Azul 15000 Puffs Vape na jedno pou\u017eit\u00ed"},"content":{"rendered":"<h3 class=\"wp-block-heading\"><strong>Humo Azul 15000 Puffs - vysokokapacitn\u00ed jednor\u00e1zov\u00e9 vape Premium<\/strong><\/h3>\n\n\n\n<p>Na str\u00e1nk\u00e1ch <strong>Humo Azul 15000 Puffs Vape na jedno pou\u017eit\u00ed<\/strong> je navr\u017een pro u\u017eivatele, kte\u0159\u00ed hledaj\u00ed v\u00fdjime\u010dnou v\u00fddr\u017e, vyt\u0159\u00edben\u00e9 pod\u00e1n\u00ed chuti a naprostou jednoduchost. Je navr\u017een s ohledem na spot\u0159ebitele ze Spojen\u00fdch arabsk\u00fdch emir\u00e1t\u016f a nab\u00edz\u00ed <strong>a\u017e 15 000 vdech\u016f<\/strong>, poh\u00e1n\u011bn\u00e9 pokro\u010dil\u00fdm <strong>syst\u00e9m s\u00ed\u0165ov\u00fdch c\u00edvek<\/strong> kter\u00e1 zachov\u00e1v\u00e1 \u010distotu chuti a hustotu p\u00e1ry od prvn\u00edho do posledn\u00edho n\u00e1dechu.<\/p>\n\n\n\n<p>Jej\u00ed elegantn\u00ed, ergonomick\u00e9 t\u011blo se pohodln\u011b dr\u017e\u00ed v ruce a snadno se vejde do ka\u017ed\u00e9 kapsy nebo mal\u00e9 ta\u0161ky. A <strong>chytr\u00fd displej<\/strong> poskytuje informace v re\u00e1ln\u00e9m \u010dase - v\u010detn\u011b po\u010dtu \u0161luk\u016f, d\u00e9lky pou\u017e\u00edv\u00e1n\u00ed a \u00farovn\u011b nabit\u00ed baterie - a zaji\u0161\u0165uje tak p\u0159ehledn\u00fd a intuitivn\u00ed vaping. S <strong>st\u0159elba aktivovan\u00e1 tahem<\/strong>, nejsou zde \u017e\u00e1dn\u00e1 tla\u010d\u00edtka, nastaven\u00ed ani \u00fapravy - sta\u010d\u00ed jen inhalovat a vychutnat si konzistentn\u00ed, uspokojivou p\u00e1ru.<\/p>\n\n\n\n<p>Konstrukce odoln\u00e1 proti \u00faniku zaji\u0161\u0165uje \u010dist\u00e9 ka\u017edodenn\u00ed pou\u017e\u00edv\u00e1n\u00ed, zat\u00edmco <strong>Port USB typu C<\/strong> umo\u017e\u0148uje rychl\u00e9 dob\u00edjen\u00ed, tak\u017ee za\u0159\u00edzen\u00ed z\u016fstane p\u0159ipraveno, kdykoli se nach\u00e1z\u00edte. Ve spojen\u00ed s hladk\u00fdm <strong>S\u00edla nikotinu 20 mg (2%)<\/strong> a rozmanitou nab\u00eddkou ovocn\u00fdch, m\u00e1tov\u00fdch, dezertn\u00edch a klasick\u00fdch profil\u016f je Humo Azul 15000 vytvo\u0159en tak, aby vyhovoval rychl\u00e9mu \u017eivotn\u00edmu stylu Dubaje a cel\u00fdch Spojen\u00fdch arabsk\u00fdch emir\u00e1t\u016f. Spolehliv\u00e9, chutn\u00e9 a nen\u00e1ro\u010dn\u00e9 za\u0159\u00edzen\u00ed je vynikaj\u00edc\u00ed volbou pro za\u010d\u00e1te\u010dn\u00edky i zku\u0161en\u00e9 vapery.<\/p>\n\n\n\n<figure class=\"wp-block-embed is-type-video is-provider-youtube wp-block-embed-youtube wp-embed-aspect-9-16 wp-has-aspect-ratio\"><div class=\"wp-block-embed__wrapper\">\n<div class=\"video-container\"><iframe title=\"Humo Azul 24000 Puffs Vape - rozbalen\u00ed a n\u00e1vod k pou\u017eit\u00ed | P\u0159\u00edchu\u0165 vodn\u00edho melounu Ice\" width=\"563\" height=\"1000\" src=\"https:\/\/www.youtube.com\/embed\/U0POWHMEwbU?feature=oembed\" frameborder=\"0\" allow=\"accelerometer; autoplay; clipboard-write; encrypted-media; gyroscope; picture-in-picture; web-share\" referrerpolicy=\"strict-origin-when-cross-origin\" allowfullscreen><\/iframe><\/div>\n<\/div><\/figure>\n\n\n\n<h3 class=\"wp-block-heading\"><strong>Technick\u00e9 specifikace<\/strong><\/h3>\n\n\n\n<figure class=\"wp-block-table\"><table class=\"has-fixed-layout\"><thead><tr><th>Specifikace<\/th><th>Podrobnosti na<\/th><\/tr><\/thead><tbody><tr><td><strong>Zna\u010dka<\/strong><\/td><td>Humo Azul<\/td><\/tr><tr><td><strong>Kapacita nad\u00fdchan\u00e9ho vzduchu<\/strong><\/td><td>A\u017e 15 000 vdech\u016f<\/td><\/tr><tr><td><strong>Objem e-kapaliny<\/strong><\/td><td>18 ml p\u0159edpln\u011bn\u00e9 n\u00e1pln\u011b<\/td><\/tr><tr><td><strong>Kapacita baterie<\/strong><\/td><td>Nab\u00edjec\u00ed kapacita 650 mAh<\/td><\/tr><tr><td><strong>Nab\u00edjen\u00ed<\/strong><\/td><td>USB typu C (5 V)<\/td><\/tr><tr><td><strong>S\u00edla nikotinu<\/strong><\/td><td>20 mg (2%) standard (region\u00e1ln\u00ed mo\u017enosti se mohou li\u0161it)<\/td><\/tr><tr><td><strong>Technologie c\u00edvek<\/strong><\/td><td>C\u00edvka se s\u00ed\u0165ovinou \/ dvojitou s\u00ed\u0165ovinou pro lep\u0161\u00ed odvod a bohatou p\u00e1ru<\/td><\/tr><tr><td><strong>Chytr\u00e9 funkce<\/strong><\/td><td>Po\u010d\u00edtadlo \u0161luk\u016f, \u010dasova\u010d pou\u017eit\u00ed, indik\u00e1tor baterie<\/td><\/tr><tr><td><strong>Re\u017eim aktivace<\/strong><\/td><td>Aktivace kreslen\u00edm<\/td><\/tr><tr><td><strong>Struktura<\/strong><\/td><td>Konstrukce odoln\u00e1 proti \u00faniku<\/td><\/tr><\/tbody><\/table><\/figure>\n\n\n\n<h3 class=\"wp-block-heading\"><strong>Mo\u017enosti p\u0159\u00edchut\u00ed<\/strong><\/h3>\n\n\n\n<p>Humo Azul 15000 nab\u00edz\u00ed vybran\u00e9 p\u0159\u00edchut\u011b navr\u017een\u00e9 podle region\u00e1ln\u00edch preferenc\u00ed a nab\u00edz\u00ed hladkou a vyv\u00e1\u017eenou p\u00e1ru ve v\u0161ech profilech.<\/p>\n\n\n\n<h3 class=\"wp-block-heading\"><strong>Obl\u00edben\u00e9 chut\u011b v Dubaji:<\/strong><\/h3>\n\n\n\n<ul class=\"wp-block-list\">\n<li><strong>Blue Razz Ice<\/strong> - pikantn\u00ed modr\u00e1 malina s chladiv\u00fdm mentolov\u00fdm z\u00e1v\u011brem<\/li>\n\n\n\n<li><strong>Bor\u016fvkov\u00fd led<\/strong> - sladk\u00e9 bor\u016fvky sm\u00edchan\u00e9 s ledovou sv\u011b\u017eest\u00ed<\/li>\n\n\n\n<li><strong>Hroznov\u00e9 bobule Ice<\/strong> - bohat\u00e1 sm\u011bs hrozn\u016f a bobul\u00ed s chladiv\u00fdm ledem<\/li>\n\n\n\n<li><strong>Hroznov\u00fd led<\/strong> - \u0161\u0165avnat\u00e9 hroznov\u00e9 v\u00edno s ledov\u00fdm podt\u00f3nem<\/li>\n\n\n\n<li><strong>Kiwi Mu\u010denka Ovoce Guava<\/strong> - tropick\u00e9 trio s jasn\u00fdmi exotick\u00fdmi t\u00f3ny<\/li>\n\n\n\n<li><strong>Lady Killer<\/strong> - osv\u011b\u017euj\u00edc\u00ed koktejl z tropick\u00e9ho ovoce<\/li>\n\n\n\n<li><strong>L\u00e1ska 66<\/strong> - jemn\u00e1, sladk\u00e1 sm\u011bs inspirovan\u00e1 klasick\u00fdmi t\u00f3ny \u0161i\u0161ky<\/li>\n\n\n\n<li><strong>Melounov\u00fd led<\/strong> - sladk\u00fd meloun v kombinaci s mraziv\u00fdm mentolem<\/li>\n\n\n\n<li><strong>Peach Berry<\/strong> - zral\u00e1 broskev slad\u011bn\u00e1 se sm\u011bs\u00ed lesn\u00edch plod\u016f<\/li>\n\n\n\n<li><strong>Broskvov\u00fd led<\/strong> - \u0161\u0165avnat\u00e1 broskev s osv\u011b\u017euj\u00edc\u00edm ledov\u00fdm v\u00fddechem<\/li>\n\n\n\n<li><strong>Jahodov\u00fd meloun Hroznov\u00e1 zmrzlina<\/strong> - ovocn\u00e9 trio chlazen\u00e9 mentolem<\/li>\n<\/ul>\n\n\n\n<h3 class=\"wp-block-heading\"><strong>Kl\u00ed\u010dov\u00e9 prodejn\u00ed body<\/strong><\/h3>\n\n\n\n<ul class=\"wp-block-list\">\n<li><strong>Inteligentn\u00ed po\u010d\u00edtadlo puf\u016f<\/strong> - sleduje celkov\u00e9 vyu\u017eit\u00ed v re\u00e1ln\u00e9m \u010dase<\/li>\n\n\n\n<li><strong>Poznatky o pou\u017e\u00edv\u00e1n\u00ed<\/strong> - sleduje d\u00e9lku trv\u00e1n\u00ed fouk\u00e1n\u00ed a odhadovanou spot\u0159ebu kalori\u00ed.<\/li>\n\n\n\n<li><strong>Dlouhodob\u00fd v\u00fdkon<\/strong> - a\u017e 15 000 vdech\u016f na jedno za\u0159\u00edzen\u00ed<\/li>\n\n\n\n<li><strong>Ergonomick\u00fd a stylov\u00fd design<\/strong><\/li>\n\n\n\n<li><strong>P\u0159enosn\u00e9 a vhodn\u00e9 pro za\u010d\u00e1te\u010dn\u00edky<\/strong> - ide\u00e1ln\u00ed pro nov\u00e9 i zku\u0161en\u00e9 vapery<\/li>\n\n\n\n<li><strong>Syst\u00e9m Mesh Coil<\/strong> - poskytuje stabiln\u00ed, silnou chu\u0165<\/li>\n\n\n\n<li><strong>Dob\u00edjen\u00ed p\u0159es Type-C<\/strong> - rychlej\u0161\u00ed a efektivn\u011bj\u0161\u00ed nab\u00edjen\u00ed<\/li>\n\n\n\n<li><strong>Uspokojiv\u00e9 dod\u00e1v\u00e1n\u00ed nikotinu<\/strong> - hladk\u00e1 s\u00edla 20 mg (2%)<\/li>\n<\/ul>\n\n\n\n<p>Prozkoumejte sv\u011bt pr\u00e9miov\u00e9ho vapingu na adrese <a href=\"https:\/\/vapemaison.com\/\">VapeMaison<\/a>, kde se inovace snoub\u00ed se stylem. Prohl\u00e9dn\u011bte si celou na\u0161i kolekci na <a href=\"https:\/\/vapemaison.com\/shop\/\">Obchod<\/a> nebo si prohl\u00e9dn\u011bte obl\u00edbenou str\u00e1nku <a href=\"https:\/\/vapemaison.com\/brand\/humo-azul\/\">Kolekce zna\u010dky Humo Vape<\/a> a <a href=\"https:\/\/vapemaison.com\/brand\/bang\/\">Bang<\/a> produkty, kter\u00e9 si obl\u00edbili v\u0161ichni vape\u0159i. Hled\u00e1te dal\u0161\u00ed mo\u017enosti? Pod\u00edvejte se na v\u0161echny na\u0161e <a href=\"https:\/\/vapemaison.com\/product-category\/puffs-count\/\">Puffy<\/a> za\u0159\u00edzen\u00ed a najd\u011bte si ide\u00e1ln\u00ed volbu pro sv\u016fj vkus a \u017eivotn\u00ed styl.<\/p>","protected":false},"excerpt":{"rendered":"<p data-start=\"150\" data-end=\"428\">Na str\u00e1nk\u00e1ch <strong data-start=\"154\" data-end=\"195\">Humo Azul 15000 Puffs Vape na jedno pou\u017eit\u00ed<\/strong> je ur\u010den pro vapery, kte\u0159\u00ed cht\u011bj\u00ed dlouhotrvaj\u00edc\u00ed v\u00fdkon s \u010distou a konzistentn\u00ed chut\u00ed. Je navr\u017een pro ka\u017edodenn\u00ed pou\u017e\u00edv\u00e1n\u00ed bez n\u00e1mahy a poskytuje plynulou p\u00e1ru od prvn\u00edho potahu a\u017e do posledn\u00edho, bez tla\u010d\u00edtek nebo nastaven\u00ed - sta\u010d\u00ed jen inhalovat a u\u017e\u00edvat si.Tenk\u00fd, dob\u00edjec\u00ed a snadno p\u0159enosn\u00fd, je spolehlivou volbou pro ty, kte\u0159\u00ed oce\u0148uj\u00ed jednoduchost, stabiln\u00ed kvalitu a \u0161irokou \u0161k\u00e1lu rafinovan\u00fdch p\u0159\u00edchut\u00ed pro ka\u017edodenn\u00ed vaping.<\/p>","protected":false},"featured_media":16200,"comment_status":"open","ping_status":"closed","template":"","meta":[],"product_brand":[166],"product_cat":[167],"product_tag":[],"class_list":{"0":"post-16195","1":"product","2":"type-product","3":"status-publish","4":"has-post-thumbnail","6":"product_brand-humo-azul","7":"product_cat-15k-puffs","9":"first","10":"instock","11":"sale","12":"shipping-taxable","13":"purchasable","14":"product-type-variable"},"yoast_head":"<!-- This site is optimized with the Yoast SEO plugin v27.4 - https:\/\/yoast.com\/product\/yoast-seo-wordpress\/ -->\n<title>Humo Azul 15000 Puffs Disposable Vape - VapeMaison<\/title>\n<meta name=\"description\" content=\"Humo Azul 15k Puffs offers long-lasting performance, rich mesh-coil flavor. A premium disposable vape built for smooth, consistent satisfaction.\" \/>\n<meta name=\"robots\" content=\"index, follow, max-snippet:-1, max-image-preview:large, max-video-preview:-1\" \/>\n<link rel=\"canonical\" href=\"https:\/\/vapemaison.com\/cs\/produkt\/humo-azul-15000-puffs-jednorazove-vape-2\/\" \/>\n<meta property=\"og:locale\" content=\"cs_CZ\" \/>\n<meta property=\"og:type\" content=\"article\" \/>\n<meta property=\"og:title\" content=\"Humo Azul 15000 Puffs Disposable Vape - VapeMaison\" \/>\n<meta property=\"og:description\" content=\"Humo Azul 15k Puffs offers long-lasting performance, rich mesh-coil flavor. A premium disposable vape built for smooth, consistent satisfaction.\" \/>\n<meta property=\"og:url\" content=\"https:\/\/vapemaison.com\/cs\/produkt\/humo-azul-15000-puffs-jednorazove-vape-2\/\" \/>\n<meta property=\"og:site_name\" content=\"VapeMaison\" \/>\n<meta property=\"article:modified_time\" content=\"2026-05-05T03:15:27+00:00\" \/>\n<meta property=\"og:image\" content=\"https:\/\/vapemaison.com\/wp-content\/uploads\/2025\/12\/humo-azul-15000-puffs-limited-editon-disposable-vape-love-66.jpg\" \/>\n\t<meta property=\"og:image:width\" content=\"992\" \/>\n\t<meta property=\"og:image:height\" content=\"1056\" \/>\n\t<meta property=\"og:image:type\" content=\"image\/jpeg\" \/>\n<meta name=\"twitter:card\" content=\"summary_large_image\" \/>\n<meta name=\"twitter:label1\" content=\"Odhadovan\u00e1 doba \u010dten\u00ed\" \/>\n\t<meta name=\"twitter:data1\" content=\"3 minuty\" \/>\n<!-- \/ Yoast SEO plugin. -->","yoast_head_json":{"title":"Humo Azul 15000 Puffs Vape na jedno pou\u017eit\u00ed - VapeMaison","description":"Humo Azul 15k Puffs nab\u00edz\u00ed dlouhotrvaj\u00edc\u00ed v\u00fdkon, bohatou chu\u0165 s\u00ed\u0165oviny. Pr\u00e9miov\u00fd jednor\u00e1zov\u00fd vape vytvo\u0159en\u00fd pro hladk\u00e9 a konzistentn\u00ed uspokojen\u00ed.","robots":{"index":"index","follow":"follow","max-snippet":"max-snippet:-1","max-image-preview":"max-image-preview:large","max-video-preview":"max-video-preview:-1"},"canonical":"https:\/\/vapemaison.com\/cs\/produkt\/humo-azul-15000-puffs-jednorazove-vape-2\/","og_locale":"cs_CZ","og_type":"article","og_title":"Humo Azul 15000 Puffs Disposable Vape - VapeMaison","og_description":"Humo Azul 15k Puffs offers long-lasting performance, rich mesh-coil flavor. A premium disposable vape built for smooth, consistent satisfaction.","og_url":"https:\/\/vapemaison.com\/cs\/produkt\/humo-azul-15000-puffs-jednorazove-vape-2\/","og_site_name":"VapeMaison","article_modified_time":"2026-05-05T03:15:27+00:00","og_image":[{"width":992,"height":1056,"url":"https:\/\/vapemaison.com\/wp-content\/uploads\/2025\/12\/humo-azul-15000-puffs-limited-editon-disposable-vape-love-66.jpg","type":"image\/jpeg"}],"twitter_card":"summary_large_image","twitter_misc":{"Odhadovan\u00e1 doba \u010dten\u00ed":"3 minuty"},"schema":{"@context":"https:\/\/schema.org","@graph":[{"@type":"WebPage","@id":"https:\/\/vapemaison.com\/product\/humo-azul-15000-puffs-disposable-vape-2\/","url":"https:\/\/vapemaison.com\/product\/humo-azul-15000-puffs-disposable-vape-2\/","name":"Humo Azul 15000 Puffs Vape na jedno pou\u017eit\u00ed - VapeMaison","isPartOf":{"@id":"https:\/\/vapemaison.com\/#website"},"primaryImageOfPage":{"@id":"https:\/\/vapemaison.com\/product\/humo-azul-15000-puffs-disposable-vape-2\/#primaryimage"},"image":{"@id":"https:\/\/vapemaison.com\/product\/humo-azul-15000-puffs-disposable-vape-2\/#primaryimage"},"thumbnailUrl":"https:\/\/vapemaison.com\/wp-content\/uploads\/2025\/12\/humo-azul-15000-puffs-limited-editon-disposable-vape-love-66.jpg","datePublished":"2025-12-08T07:27:38+00:00","dateModified":"2026-05-05T03:15:27+00:00","description":"Humo Azul 15k Puffs nab\u00edz\u00ed dlouhotrvaj\u00edc\u00ed v\u00fdkon, bohatou chu\u0165 s\u00ed\u0165oviny. Pr\u00e9miov\u00fd jednor\u00e1zov\u00fd vape vytvo\u0159en\u00fd pro hladk\u00e9 a konzistentn\u00ed uspokojen\u00ed.","breadcrumb":{"@id":"https:\/\/vapemaison.com\/product\/humo-azul-15000-puffs-disposable-vape-2\/#breadcrumb"},"inLanguage":"cs","potentialAction":[{"@type":"ReadAction","target":["https:\/\/vapemaison.com\/product\/humo-azul-15000-puffs-disposable-vape-2\/"]}]},{"@type":"ImageObject","inLanguage":"cs","@id":"https:\/\/vapemaison.com\/product\/humo-azul-15000-puffs-disposable-vape-2\/#primaryimage","url":"https:\/\/vapemaison.com\/wp-content\/uploads\/2025\/12\/humo-azul-15000-puffs-limited-editon-disposable-vape-love-66.jpg","contentUrl":"https:\/\/vapemaison.com\/wp-content\/uploads\/2025\/12\/humo-azul-15000-puffs-limited-editon-disposable-vape-love-66.jpg","width":992,"height":1056,"caption":"Humo Azul Puffs Limited Editon Disposable Vape Love"},{"@type":"BreadcrumbList","@id":"https:\/\/vapemaison.com\/product\/humo-azul-15000-puffs-disposable-vape-2\/#breadcrumb","itemListElement":[{"@type":"ListItem","position":1,"name":"\u9996\u9875","item":"https:\/\/vapemaison.com\/"},{"@type":"ListItem","position":2,"name":"Shop","item":"https:\/\/vapemaison.com\/shop\/"},{"@type":"ListItem","position":3,"name":"Humo Azul","item":"https:\/\/vapemaison.com\/brand\/humo-azul\/"},{"@type":"ListItem","position":4,"name":"Humo Azul 15000 Puffs Disposable Vape"}]},{"@type":"WebSite","@id":"https:\/\/vapemaison.com\/#website","url":"https:\/\/vapemaison.com\/","name":"VapeMaison","description":"Pr\u00e9miov\u00e1 vapingov\u00e1 za\u0159\u00edzen\u00ed a p\u0159\u00edslu\u0161enstv\u00ed","publisher":{"@id":"https:\/\/vapemaison.com\/#organization"},"potentialAction":[{"@type":"SearchAction","target":{"@type":"EntryPoint","urlTemplate":"https:\/\/vapemaison.com\/?s={search_term_string}"},"query-input":{"@type":"PropertyValueSpecification","valueRequired":true,"valueName":"search_term_string"}}],"inLanguage":"cs"},{"@type":"Organization","@id":"https:\/\/vapemaison.com\/#organization","name":"VapeMaison","url":"https:\/\/vapemaison.com\/","logo":{"@type":"ImageObject","inLanguage":"cs","@id":"https:\/\/vapemaison.com\/#\/schema\/logo\/image\/","url":"https:\/\/vapemaison.com\/wp-content\/uploads\/2026\/01\/cropped-vapemaison-logo-g-2026.webp","contentUrl":"https:\/\/vapemaison.com\/wp-content\/uploads\/2026\/01\/cropped-vapemaison-logo-g-2026.webp","width":350,"height":280,"caption":"VapeMaison"},"image":{"@id":"https:\/\/vapemaison.com\/#\/schema\/logo\/image\/"},"sameAs":["https:\/\/www.youtube.com\/@VapeMaison"]}]}},"tiered_pricing_type":"fixed","tiered_pricing_fixed_rules":{"30":"8.48","50":"7.99","100":"7.34","200":"6.78"},"tiered_pricing_product_settings":{"layout":"default","base_unit_name":{"singular":null,"plural":null},"default_variation":null},"tiered_pricing_minimum_quantity":10,"tiered_pricing_roles_data":[],"tiered_pricing_percentage_rules":[],"tiered_pricing_maximum_quantity":null,"tiered_pricing_quantity_step":"10","_links":{"self":[{"href":"https:\/\/vapemaison.com\/cs\/wp-json\/wp\/v2\/product\/16195","targetHints":{"allow":["GET"]}}],"collection":[{"href":"https:\/\/vapemaison.com\/cs\/wp-json\/wp\/v2\/product"}],"about":[{"href":"https:\/\/vapemaison.com\/cs\/wp-json\/wp\/v2\/types\/product"}],"replies":[{"embeddable":true,"href":"https:\/\/vapemaison.com\/cs\/wp-json\/wp\/v2\/comments?post=16195"}],"version-history":[{"count":2,"href":"https:\/\/vapemaison.com\/cs\/wp-json\/wp\/v2\/product\/16195\/revisions"}],"predecessor-version":[{"id":25488,"href":"https:\/\/vapemaison.com\/cs\/wp-json\/wp\/v2\/product\/16195\/revisions\/25488"}],"wp:featuredmedia":[{"embeddable":true,"href":"https:\/\/vapemaison.com\/cs\/wp-json\/wp\/v2\/media\/16200"}],"wp:attachment":[{"href":"https:\/\/vapemaison.com\/cs\/wp-json\/wp\/v2\/media?parent=16195"}],"wp:term":[{"taxonomy":"product_brand","embeddable":true,"href":"https:\/\/vapemaison.com\/cs\/wp-json\/wp\/v2\/product_brand?post=16195"},{"taxonomy":"product_cat","embeddable":true,"href":"https:\/\/vapemaison.com\/cs\/wp-json\/wp\/v2\/product_cat?post=16195"},{"taxonomy":"product_tag","embeddable":true,"href":"https:\/\/vapemaison.com\/cs\/wp-json\/wp\/v2\/product_tag?post=16195"}],"curies":[{"name":"wp","href":"https:\/\/api.w.org\/{rel}","templated":true}]}}