

{"id":16479,"date":"2025-12-09T10:32:01","date_gmt":"2025-12-09T10:32:01","guid":{"rendered":"https:\/\/vapemaison.com\/?post_type=product&#038;p=16479"},"modified":"2026-03-23T02:32:45","modified_gmt":"2026-03-23T02:32:45","slug":"bang-king-shisha-25000-puffs","status":"publish","type":"product","link":"https:\/\/vapemaison.com\/cs\/product\/bang-king-shisha-25000-puffs\/","title":{"rendered":"Bang King Shisha 25000 Puffs jednor\u00e1zov\u00e9 Vape Pen"},"content":{"rendered":"<p><strong>Bang King Shisha 25000 Puffs LED Display Leather Disposable Vape - styl se setk\u00e1v\u00e1 s v\u00fdkonem<\/strong><\/p>\n\n\n\n<p>Vyzkou\u0161ejte si dokonal\u00fd jednor\u00e1zov\u00fd vaping se za\u0159\u00edzen\u00edm <strong>Bang King Shisha 25000 Puffs<\/strong>, dokonal\u00e1 kombinace sofistikovanosti, v\u00fdkonu a pohodl\u00ed. Toto pr\u00e9miov\u00e9 za\u0159\u00edzen\u00ed s elegantn\u00edm ko\u017een\u00fdm povrchem je navr\u017eeno pro dlouhotrvaj\u00edc\u00ed po\u017eitek, ani\u017e by to bylo na \u00fakor stylu.<\/p>\n\n\n\n<p>S <strong>a\u017e 25 000 vdech\u016f<\/strong>, Bang King Shisha zaji\u0161\u0165uje dlouhodob\u00e9 pou\u017e\u00edv\u00e1n\u00ed a z\u00e1rove\u0148 nab\u00edz\u00ed <strong>S\u00edla nikotinu 2%, 3% a 5%<\/strong> vyhov\u011bt v\u0161em preferenc\u00edm. Jeho velkorys\u00fd <strong>Kapacita 30 ml e-liquidu<\/strong> a <strong>pokro\u010dil\u00e1 c\u00edvka s oky 0,6\u03a9<\/strong> poskytuj\u00ed bohatou, hladkou p\u00e1ru a intenzivn\u00ed chu\u0165 ji\u017e od prvn\u00edho \u0161luknut\u00ed.<\/p>\n\n\n\n<p>Nap\u00e1jen\u00ed pomoc\u00ed <strong>Nab\u00edjec\u00ed baterie s kapacitou 650 mAh<\/strong> s <strong>Rychl\u00e9 nab\u00edjen\u00ed typu C<\/strong>, prostoje jsou minimalizov\u00e1ny, tak\u017ee jste p\u0159ipraveni vapovat po cel\u00fd den. Na str\u00e1nk\u00e1ch . <strong>LED displej<\/strong> poskytuje informace o stavu baterie v re\u00e1ln\u00e9m \u010dase, tak\u017ee je m\u00e1te v\u017edy pod kontrolou.<\/p>\n\n\n\n<p>K dispozici v <strong>12 r\u016fzn\u00fdch p\u0159\u00edchut\u00ed<\/strong> a luxusn\u00edm ko\u017een\u00fdm designem, kombinuje Bang King Shisha rozmanitost, eleganci a vysok\u00fd v\u00fdkon. Ka\u017ed\u00e9 balen\u00ed obsahuje <strong>10 za\u0159\u00edzen\u00ed<\/strong>, tak\u017ee je ide\u00e1ln\u00ed pro ty, kte\u0159\u00ed vy\u017eaduj\u00ed prvot\u0159\u00eddn\u00ed vapingov\u00fd z\u00e1\u017eitek.<\/p>\n\n\n\n<p>Zlep\u0161ete svou vape hru s <strong>Bang King Shisha 25000 Puffs<\/strong> - kde se snoub\u00ed styl, v\u00fdkon a v\u0161estrannost.<\/p>\n\n\n\n<h5 class=\"wp-block-heading\"><strong>Vlastnosti\uff1a<\/strong><\/h5>\n\n\n\n<ul class=\"wp-block-list\">\n<li>Nicotine:2%\/3%\/5%<\/li>\n\n\n\n<li>Puffs\uff1a25000 puffs<\/li>\n\n\n\n<li>Baterie: 650 mah<\/li>\n\n\n\n<li>Kapacita\uff1a30ML<\/li>\n\n\n\n<li>Odpor\uff1a0,6 \u03a9 c\u00edvka s oky<\/li>\n\n\n\n<li>Dob\u00edjec\u00ed\uff1atyp C<\/li>\n\n\n\n<li>Jednor\u00e1zov\u00e9 za\u0159\u00edzen\u00ed<\/li>\n\n\n\n<li>K dispozici je 12 p\u0159\u00edchut\u00ed<\/li>\n\n\n\n<li>10 ks ve v\u00fdstavn\u00ed krabici.<\/li>\n<\/ul>\n\n\n\n<h5 class=\"wp-block-heading\"><strong><br>Seznam p\u0159\u00edchut\u00ed\uff1a<\/strong><\/h5>\n\n\n\n<ol class=\"wp-block-list\">\n<li>Vimto Bull<\/li>\n\n\n\n<li>Cush Man<\/li>\n\n\n\n<li>Bor\u016fvka Hroznov\u00e9 v\u00edno<\/li>\n\n\n\n<li>Modr\u00e1 malina citron<\/li>\n\n\n\n<li>Limon\u00e1da Cherry<\/li>\n\n\n\n<li>Bor\u016fvkov\u00e1 kysel\u00e1 malina<\/li>\n\n\n\n<li>Shisha Lemon Mint<\/li>\n\n\n\n<li>Dvojit\u00e9 jablko<\/li>\n\n\n\n<li>Broskvov\u00fd led<\/li>\n\n\n\n<li>Melounov\u00fd led<\/li>\n\n\n\n<li>Zl\u00e1 krev<\/li>\n\n\n\n<li>Meloun Medovice Mu\u010denka<\/li>\n<\/ol>\n\n\n\n<p>P\u0159ipojte se k tis\u00edc\u016fm spokojen\u00fdch vaper\u016f, kte\u0159\u00ed miluj\u00ed za\u0159\u00edzen\u00ed Bang! Prozkoumejte na\u0161e <a href=\"https:\/\/vapemaison.com\">domovsk\u00e1 str\u00e1nka<\/a> pro nov\u00e9 p\u0159\u00edr\u016fstky, pod\u00edvejte se na <a href=\"https:\/\/vapemaison.com\/shop\">obchod<\/a> pro kompletn\u00ed sortiment, nebo se dozv\u011bd\u011bt v\u00edce o <a href=\"https:\/\/vapemaison.com\/brand\/bang\">Zna\u010dka Bang<\/a> o kter\u00e9m v\u0161ichni mluv\u00ed. Pro zpest\u0159en\u00ed objevte <a href=\"https:\/\/vapemaison.com\/brand\/humo-azul\/\">Kolekce zna\u010dky Humo Vape<\/a> nebo si prohl\u00e9dn\u011bte v\u0161echny <a href=\"https:\/\/vapemaison.com\/product-category\/puffs-count\/\">Puffs vapes<\/a> na jednom m\u00edst\u011b.<\/p>","protected":false},"excerpt":{"rendered":"<p><span class=\"\">Zlep\u0161ete sv\u016fj z\u00e1\u017eitek z vapingu s p\u0159\u00edstrojem <\/span><b class=\"\" data-path-to-node=\"0\" data-index-in-node=\"40\">Bang King Shisha 25000<\/b><span class=\"\">,<\/span><span class=\"\"> s luxusn\u00edm <\/span><b class=\"\" data-path-to-node=\"0\" data-index-in-node=\"86\">povrchov\u00e1 \u00faprava k\u016f\u017ee<\/b><span class=\"\"> a vysoce v\u00fdkonn\u00fd <\/span><b data-path-to-node=\"0\" data-index-in-node=\"124\">C\u00edvka s oky 0,6\u03a9<\/b> pro bohatou a jemnou p\u00e1ru. S velkorysou kapacitou 30 ml a integrovan\u00fdm <b data-path-to-node=\"0\" data-index-in-node=\"211\">LED displej<\/b> pro monitorov\u00e1n\u00ed baterie v re\u00e1ln\u00e9m \u010dase, tento zdroj energie s kapacitou 25 000 puf\u016f dokonale kombinuje sofistikovanost s v\u00fdkonem - objednejte si balen\u00ed 10 kus\u016f je\u0161t\u011b dnes a zajist\u011bte si prvot\u0159\u00eddn\u00ed styl a p\u0159ednostn\u00ed dopravu.<\/p>","protected":false},"featured_media":16481,"comment_status":"open","ping_status":"closed","template":"","meta":[],"product_brand":[57],"product_cat":[144],"product_tag":[],"class_list":{"0":"post-16479","1":"product","2":"type-product","3":"status-publish","4":"has-post-thumbnail","6":"product_brand-bang","7":"product_cat-25k-puffs","9":"first","10":"instock","11":"sale","12":"shipping-taxable","13":"purchasable","14":"product-type-variable"},"yoast_head":"<!-- This site is optimized with the Yoast SEO plugin v27.4 - https:\/\/yoast.com\/product\/yoast-seo-wordpress\/ -->\n<title>Bang King Shisha 25000 Puffs \u2013 Leather LED Disposable Vape- VapeMaison<\/title>\n<meta name=\"description\" content=\"Enjoy up to 25000 puffs with rich flavor, LED display, and sleek leather design. Rechargeable and available in 12 flavors.\" \/>\n<meta name=\"robots\" content=\"index, follow, max-snippet:-1, max-image-preview:large, max-video-preview:-1\" \/>\n<link rel=\"canonical\" href=\"https:\/\/vapemaison.com\/cs\/produkt\/bang-king-shisha-25000-puffs\/\" \/>\n<meta property=\"og:locale\" content=\"cs_CZ\" \/>\n<meta property=\"og:type\" content=\"article\" \/>\n<meta property=\"og:title\" content=\"Bang King Shisha 25000 Puffs \u2013 Leather LED Disposable Vape- VapeMaison\" \/>\n<meta property=\"og:description\" content=\"Enjoy up to 25000 puffs with rich flavor, LED display, and sleek leather design. Rechargeable and available in 12 flavors.\" \/>\n<meta property=\"og:url\" content=\"https:\/\/vapemaison.com\/cs\/produkt\/bang-king-shisha-25000-puffs\/\" \/>\n<meta property=\"og:site_name\" content=\"VapeMaison\" \/>\n<meta property=\"article:modified_time\" content=\"2026-03-23T02:32:45+00:00\" \/>\n<meta property=\"og:image\" content=\"https:\/\/vapemaison.com\/wp-content\/uploads\/2025\/12\/double-apple-bang-king-e-shisha-25000.jpg\" \/>\n\t<meta property=\"og:image:width\" content=\"1500\" \/>\n\t<meta property=\"og:image:height\" content=\"1500\" \/>\n\t<meta property=\"og:image:type\" content=\"image\/jpeg\" \/>\n<meta name=\"twitter:card\" content=\"summary_large_image\" \/>\n<meta name=\"twitter:label1\" content=\"Odhadovan\u00e1 doba \u010dten\u00ed\" \/>\n\t<meta name=\"twitter:data1\" content=\"2 minuty\" \/>\n<!-- \/ Yoast SEO plugin. -->","yoast_head_json":{"title":"Bang King Shisha 25000 Puffs - ko\u017een\u00e1 LED jednor\u00e1zov\u00e1 vape- VapeMaison","description":"Vychutnejte si a\u017e 25 000 potah\u016f s bohatou chut\u00ed, LED displejem a elegantn\u00edm ko\u017een\u00fdm designem. Nab\u00edjec\u00ed a k dispozici ve 12 p\u0159\u00edchut\u00edch.","robots":{"index":"index","follow":"follow","max-snippet":"max-snippet:-1","max-image-preview":"max-image-preview:large","max-video-preview":"max-video-preview:-1"},"canonical":"https:\/\/vapemaison.com\/cs\/produkt\/bang-king-shisha-25000-puffs\/","og_locale":"cs_CZ","og_type":"article","og_title":"Bang King Shisha 25000 Puffs \u2013 Leather LED Disposable Vape- VapeMaison","og_description":"Enjoy up to 25000 puffs with rich flavor, LED display, and sleek leather design. Rechargeable and available in 12 flavors.","og_url":"https:\/\/vapemaison.com\/cs\/produkt\/bang-king-shisha-25000-puffs\/","og_site_name":"VapeMaison","article_modified_time":"2026-03-23T02:32:45+00:00","og_image":[{"width":1500,"height":1500,"url":"https:\/\/vapemaison.com\/wp-content\/uploads\/2025\/12\/double-apple-bang-king-e-shisha-25000.jpg","type":"image\/jpeg"}],"twitter_card":"summary_large_image","twitter_misc":{"Odhadovan\u00e1 doba \u010dten\u00ed":"2 minuty"},"schema":{"@context":"https:\/\/schema.org","@graph":[{"@type":"WebPage","@id":"https:\/\/vapemaison.com\/product\/bang-king-shisha-25000-puffs\/","url":"https:\/\/vapemaison.com\/product\/bang-king-shisha-25000-puffs\/","name":"Bang King Shisha 25000 Puffs - ko\u017een\u00e1 LED jednor\u00e1zov\u00e1 vape- VapeMaison","isPartOf":{"@id":"https:\/\/vapemaison.com\/#website"},"primaryImageOfPage":{"@id":"https:\/\/vapemaison.com\/product\/bang-king-shisha-25000-puffs\/#primaryimage"},"image":{"@id":"https:\/\/vapemaison.com\/product\/bang-king-shisha-25000-puffs\/#primaryimage"},"thumbnailUrl":"https:\/\/vapemaison.com\/wp-content\/uploads\/2025\/12\/double-apple-bang-king-e-shisha-25000.jpg","datePublished":"2025-12-09T10:32:01+00:00","dateModified":"2026-03-23T02:32:45+00:00","description":"Vychutnejte si a\u017e 25 000 potah\u016f s bohatou chut\u00ed, LED displejem a elegantn\u00edm ko\u017een\u00fdm designem. Nab\u00edjec\u00ed a k dispozici ve 12 p\u0159\u00edchut\u00edch.","breadcrumb":{"@id":"https:\/\/vapemaison.com\/product\/bang-king-shisha-25000-puffs\/#breadcrumb"},"inLanguage":"cs","potentialAction":[{"@type":"ReadAction","target":["https:\/\/vapemaison.com\/product\/bang-king-shisha-25000-puffs\/"]}]},{"@type":"ImageObject","inLanguage":"cs","@id":"https:\/\/vapemaison.com\/product\/bang-king-shisha-25000-puffs\/#primaryimage","url":"https:\/\/vapemaison.com\/wp-content\/uploads\/2025\/12\/double-apple-bang-king-e-shisha-25000.jpg","contentUrl":"https:\/\/vapemaison.com\/wp-content\/uploads\/2025\/12\/double-apple-bang-king-e-shisha-25000.jpg","width":1500,"height":1500,"caption":"Double Apple Bang King E Shisha Disposable Vape Device"},{"@type":"BreadcrumbList","@id":"https:\/\/vapemaison.com\/product\/bang-king-shisha-25000-puffs\/#breadcrumb","itemListElement":[{"@type":"ListItem","position":1,"name":"\u9996\u9875","item":"https:\/\/vapemaison.com\/"},{"@type":"ListItem","position":2,"name":"Shop","item":"https:\/\/vapemaison.com\/shop\/"},{"@type":"ListItem","position":3,"name":"Bang","item":"https:\/\/vapemaison.com\/brand\/bang\/"},{"@type":"ListItem","position":4,"name":"Bang King Shisha 25000 Puffs Disposable Vape Pen"}]},{"@type":"WebSite","@id":"https:\/\/vapemaison.com\/#website","url":"https:\/\/vapemaison.com\/","name":"VapeMaison","description":"Pr\u00e9miov\u00e1 vapingov\u00e1 za\u0159\u00edzen\u00ed a p\u0159\u00edslu\u0161enstv\u00ed","publisher":{"@id":"https:\/\/vapemaison.com\/#organization"},"potentialAction":[{"@type":"SearchAction","target":{"@type":"EntryPoint","urlTemplate":"https:\/\/vapemaison.com\/?s={search_term_string}"},"query-input":{"@type":"PropertyValueSpecification","valueRequired":true,"valueName":"search_term_string"}}],"inLanguage":"cs"},{"@type":"Organization","@id":"https:\/\/vapemaison.com\/#organization","name":"VapeMaison","url":"https:\/\/vapemaison.com\/","logo":{"@type":"ImageObject","inLanguage":"cs","@id":"https:\/\/vapemaison.com\/#\/schema\/logo\/image\/","url":"https:\/\/vapemaison.com\/wp-content\/uploads\/2026\/01\/cropped-vapemaison-logo-g-2026.webp","contentUrl":"https:\/\/vapemaison.com\/wp-content\/uploads\/2026\/01\/cropped-vapemaison-logo-g-2026.webp","width":350,"height":280,"caption":"VapeMaison"},"image":{"@id":"https:\/\/vapemaison.com\/#\/schema\/logo\/image\/"},"sameAs":["https:\/\/www.youtube.com\/@VapeMaison"]}]}},"tiered_pricing_type":"fixed","tiered_pricing_fixed_rules":{"30":"10.98","50":"9.98","100":"8.98","200":"7.98"},"tiered_pricing_product_settings":{"layout":"default","base_unit_name":{"singular":null,"plural":null},"default_variation":null},"tiered_pricing_minimum_quantity":10,"tiered_pricing_roles_data":[],"tiered_pricing_percentage_rules":[],"tiered_pricing_maximum_quantity":null,"tiered_pricing_quantity_step":"10","_links":{"self":[{"href":"https:\/\/vapemaison.com\/cs\/wp-json\/wp\/v2\/product\/16479","targetHints":{"allow":["GET"]}}],"collection":[{"href":"https:\/\/vapemaison.com\/cs\/wp-json\/wp\/v2\/product"}],"about":[{"href":"https:\/\/vapemaison.com\/cs\/wp-json\/wp\/v2\/types\/product"}],"replies":[{"embeddable":true,"href":"https:\/\/vapemaison.com\/cs\/wp-json\/wp\/v2\/comments?post=16479"}],"version-history":[{"count":1,"href":"https:\/\/vapemaison.com\/cs\/wp-json\/wp\/v2\/product\/16479\/revisions"}],"predecessor-version":[{"id":28236,"href":"https:\/\/vapemaison.com\/cs\/wp-json\/wp\/v2\/product\/16479\/revisions\/28236"}],"wp:featuredmedia":[{"embeddable":true,"href":"https:\/\/vapemaison.com\/cs\/wp-json\/wp\/v2\/media\/16481"}],"wp:attachment":[{"href":"https:\/\/vapemaison.com\/cs\/wp-json\/wp\/v2\/media?parent=16479"}],"wp:term":[{"taxonomy":"product_brand","embeddable":true,"href":"https:\/\/vapemaison.com\/cs\/wp-json\/wp\/v2\/product_brand?post=16479"},{"taxonomy":"product_cat","embeddable":true,"href":"https:\/\/vapemaison.com\/cs\/wp-json\/wp\/v2\/product_cat?post=16479"},{"taxonomy":"product_tag","embeddable":true,"href":"https:\/\/vapemaison.com\/cs\/wp-json\/wp\/v2\/product_tag?post=16479"}],"curies":[{"name":"wp","href":"https:\/\/api.w.org\/{rel}","templated":true}]}}