

{"id":16521,"date":"2025-12-10T03:34:35","date_gmt":"2025-12-10T03:34:35","guid":{"rendered":"https:\/\/vapemaison.com\/?post_type=product&#038;p=16521"},"modified":"2025-12-22T09:48:22","modified_gmt":"2025-12-22T09:48:22","slug":"bang-de-8500-puffs-jednorazove-vape","status":"publish","type":"product","link":"https:\/\/vapemaison.com\/cs\/product\/bang-de-8500-puffs-disposable-vape\/","title":{"rendered":"Bang DE 8500 Puffs Vape na jedno pou\u017eit\u00ed"},"content":{"rendered":"<p>Na str\u00e1nk\u00e1ch <strong>Bang DE 8500 Puffs Vape na jedno pou\u017eit\u00ed<\/strong> nab\u00edz\u00ed prvot\u0159\u00eddn\u00ed, dlouhotrvaj\u00edc\u00ed vapingov\u00fd z\u00e1\u017eitek. Toto elegantn\u00ed za\u0159\u00edzen\u00ed je ide\u00e1ln\u00ed pro p\u0159\u00edle\u017eitostn\u00e9 u\u017eivatele i zku\u0161en\u00e9 vapery a je vybaveno v\u00fdkonnou dob\u00edjec\u00ed bateri\u00ed s kapacitou 550 mAh pro konzistentn\u00ed v\u00fdkon. S 18 ml p\u0159edpln\u011bn\u00e9 e-juice a v\u00fddr\u017e\u00ed a\u017e 8500 potah\u016f zaji\u0161\u0165uje dlouhodobou spokojenost. Vape Bang DE, kter\u00fd je k dispozici v r\u016fzn\u00fdch lahodn\u00fdch p\u0159\u00edchut\u00edch a sil\u00e1ch nikotinu (0%, 2%, 3%, 5%), kombinuje pohodl\u00ed, styl a v\u00fdkon, tak\u017ee je ide\u00e1ln\u00ed volbou pro va\u0161e pot\u0159eby vapov\u00e1n\u00ed.<\/p>\n\n\n\n<h3 class=\"wp-block-heading\"><strong>Kl\u00ed\u010dov\u00e9 vlastnosti:<\/strong><\/h3>\n\n\n\n<ul class=\"wp-block-list\">\n<li><strong>Vestav\u011bn\u00e1 dob\u00edjec\u00ed baterie 550 mAh:<\/strong> Spolehliv\u00fd a efektivn\u00ed v\u00fdkon pro konzistentn\u00ed v\u00fdkon.<\/li>\n\n\n\n<li><strong>18ml p\u0159edpln\u011bn\u00e9 e-d\u017eusy:<\/strong> Vychutnejte si velkou kapacitu aromatick\u00e9ho e-liquidu, kter\u00fd je k dispozici v \u0159ad\u011b sil nikotinu (0%, 2%, 3%, 5%) podle va\u0161ich preferenc\u00ed.<\/li>\n\n\n\n<li><strong>A\u017e 8500 puf\u016f:<\/strong> Za\u017eijte del\u0161\u00ed vapingov\u00e9 seance s a\u017e 8500 potahy na jedno za\u0159\u00edzen\u00ed, co\u017e zaru\u010duje dlouhotrvaj\u00edc\u00ed z\u00e1\u017eitek.<\/li>\n\n\n\n<li><strong>Elegantn\u00ed a modern\u00ed design:<\/strong> Bang DE 8500 je ide\u00e1ln\u00ed pro maloobchodn\u00ed prodejny a nab\u00edz\u00ed styl i pohodl\u00ed v jednor\u00e1zov\u00e9m vape.<\/li>\n\n\n\n<li><strong>Dob\u00edjec\u00ed:<\/strong> Dob\u00edjen\u00edm vapu si u\u017eijete je\u0161t\u011b v\u011bt\u0161\u00ed hodnotu, \u010d\u00edm\u017e prodlou\u017e\u00edte jeho \u017eivotnost a umo\u017en\u00edte mu opakovan\u00fd po\u017eitek.<\/li>\n<\/ul>\n\n\n\n<h3 class=\"wp-block-heading\"><strong>Dostupn\u00e9 p\u0159\u00edchut\u011b:<\/strong><\/h3>\n\n\n\n<ol class=\"wp-block-list\">\n<li>Jahodov\u00fd meloun<\/li>\n\n\n\n<li>Melounov\u00fd led<\/li>\n\n\n\n<li>Jahodov\u00fd ban\u00e1n<\/li>\n\n\n\n<li>Jahodov\u00e1 zmrzlina<\/li>\n\n\n\n<li>M\u00e1tov\u00fd led<\/li>\n\n\n\n<li>Sm\u00ed\u0161en\u00e9 bobule<\/li>\n\n\n\n<li>Kysel\u00e9 jablko<\/li>\n\n\n\n<li>Mango Peach<\/li>\n\n\n\n<li>Hroznov\u00fd led Sakura<\/li>\n\n\n\n<li>Bor\u016fvkov\u00fd led<\/li>\n\n\n\n<li>Cola Ice<\/li>\n\n\n\n<li>Jahodov\u00e9 kiwi<\/li>\n<\/ol>\n\n\n\n<p>Vylep\u0161ete sv\u016fj z\u00e1\u017eitek z vapingu pomoc\u00ed <strong>Bang DE jednor\u00e1zov\u00e9 Vape<\/strong>. Toto za\u0159\u00edzen\u00ed je ide\u00e1ln\u00ed jak pro nov\u00e1\u010dky, tak pro zku\u0161en\u00e9 vapery a zaji\u0161\u0165uje hladkou a konzistentn\u00ed chu\u0165 po celou dobu sv\u00e9 \u017eivotnosti.<\/p>\n\n\n\n<p>P\u0159ipojte se k tis\u00edc\u016fm spokojen\u00fdch vaper\u016f, kte\u0159\u00ed miluj\u00ed za\u0159\u00edzen\u00ed Bang! Prozkoumejte na\u0161e <a href=\"https:\/\/vapemaison.com\">domovsk\u00e1 str\u00e1nka<\/a> pro nov\u00e9 p\u0159\u00edr\u016fstky, pod\u00edvejte se na <a href=\"https:\/\/vapemaison.com\/shop\">obchod<\/a> pro kompletn\u00ed sortiment, nebo se dozv\u011bd\u011bt v\u00edce o <a href=\"https:\/\/vapemaison.com\/brand\/bang\">Zna\u010dka Bang<\/a> o kter\u00e9m v\u0161ichni mluv\u00ed. Pro zpest\u0159en\u00ed objevte <a href=\"https:\/\/vapemaison.com\/brand\/humo-azul\/\">Kolekce zna\u010dky Humo Vape<\/a> nebo si prohl\u00e9dn\u011bte v\u0161echny <a href=\"https:\/\/vapemaison.com\/product-category\/puffs-count\/\">Puffs vapes<\/a> na jednom m\u00edst\u011b.<\/p>","protected":false},"excerpt":{"rendered":"<p><span class=\"\">U\u017eijte si 8,<\/span><span class=\"\">500 v\u00fddech\u016f s konzistentn\u00edm v\u00fdkonem s <\/span><b class=\"\" data-path-to-node=\"0\" data-index-in-node=\"53\">Bang DE 8500<\/b>, kter\u00fd je vybaven 18ml p\u0159edpln\u011bn\u00fdm z\u00e1sobn\u00edkem a spolehlivou dob\u00edjec\u00ed bateri\u00ed s kapacitou 550 mAh. Jeho elegantn\u00ed, modern\u00ed design a r\u016fzn\u00e9 s\u00edly nikotinu z n\u011bj \u010din\u00ed dokonalou rovnov\u00e1hu mezi stylem a dlouhotrvaj\u00edc\u00edm pohodl\u00edm - objednejte si jej je\u0161t\u011b dnes, abyste si zajistili svou obl\u00edbenou p\u0159\u00edchu\u0165 a vyu\u017eili na\u0161i aktu\u00e1ln\u00ed nab\u00eddku rychl\u00e9ho dod\u00e1n\u00ed.<\/p>","protected":false},"featured_media":16523,"comment_status":"open","ping_status":"closed","template":"","meta":[],"product_brand":[57],"product_cat":[176,16],"product_tag":[],"class_list":{"0":"post-16521","1":"product","2":"type-product","3":"status-publish","4":"has-post-thumbnail","6":"product_brand-bang","7":"product_cat-8k-puffs","8":"product_cat-uncategorized","10":"first","11":"instock","12":"sale","13":"shipping-taxable","14":"purchasable","15":"product-type-variable"},"yoast_head":"<!-- This site is optimized with the Yoast SEO plugin v27.4 - https:\/\/yoast.com\/product\/yoast-seo-wordpress\/ -->\n<title>Bang DE 8500 Puffs Disposable Vape - VapeMaison<\/title>\n<meta name=\"description\" content=\"Enjoy the Bang DE 8500 Puffs Disposable Vape with a rechargeable 550mAh battery, 18ml e-juice. Available in various flavors for lasting satisfaction.\" \/>\n<meta name=\"robots\" content=\"index, follow, max-snippet:-1, max-image-preview:large, max-video-preview:-1\" \/>\n<link rel=\"canonical\" href=\"https:\/\/vapemaison.com\/cs\/produkt\/bang-de-8500-puffs-jednorazove-vape\/\" \/>\n<meta property=\"og:locale\" content=\"cs_CZ\" \/>\n<meta property=\"og:type\" content=\"article\" \/>\n<meta property=\"og:title\" content=\"Bang DE 8500 Puffs Disposable Vape - VapeMaison\" \/>\n<meta property=\"og:description\" content=\"Enjoy the Bang DE 8500 Puffs Disposable Vape with a rechargeable 550mAh battery, 18ml e-juice. Available in various flavors for lasting satisfaction.\" \/>\n<meta property=\"og:url\" content=\"https:\/\/vapemaison.com\/cs\/produkt\/bang-de-8500-puffs-jednorazove-vape\/\" \/>\n<meta property=\"og:site_name\" content=\"VapeMaison\" \/>\n<meta property=\"article:modified_time\" content=\"2025-12-22T09:48:22+00:00\" \/>\n<meta property=\"og:image\" content=\"https:\/\/vapemaison.com\/wp-content\/uploads\/2025\/12\/vapemaison-bang-de8500-puffs-flavor-display.webp\" \/>\n\t<meta property=\"og:image:width\" content=\"1000\" \/>\n\t<meta property=\"og:image:height\" content=\"1000\" \/>\n\t<meta property=\"og:image:type\" content=\"image\/webp\" \/>\n<meta name=\"twitter:card\" content=\"summary_large_image\" \/>\n<meta name=\"twitter:label1\" content=\"Odhadovan\u00e1 doba \u010dten\u00ed\" \/>\n\t<meta name=\"twitter:data1\" content=\"2 minuty\" \/>\n<!-- \/ Yoast SEO plugin. -->","yoast_head_json":{"title":"Bang DE 8500 Puffs Vape na jedno pou\u017eit\u00ed - VapeMaison","description":"Vychutnejte si jednor\u00e1zov\u00fd vape Bang DE 8500 Puffs s dob\u00edjec\u00ed bateri\u00ed 550 mAh, 18 ml e-d\u017eus\u016f. K dispozici v r\u016fzn\u00fdch p\u0159\u00edchut\u00edch pro dlouhodob\u00e9 uspokojen\u00ed.","robots":{"index":"index","follow":"follow","max-snippet":"max-snippet:-1","max-image-preview":"max-image-preview:large","max-video-preview":"max-video-preview:-1"},"canonical":"https:\/\/vapemaison.com\/cs\/produkt\/bang-de-8500-puffs-jednorazove-vape\/","og_locale":"cs_CZ","og_type":"article","og_title":"Bang DE 8500 Puffs Disposable Vape - VapeMaison","og_description":"Enjoy the Bang DE 8500 Puffs Disposable Vape with a rechargeable 550mAh battery, 18ml e-juice. Available in various flavors for lasting satisfaction.","og_url":"https:\/\/vapemaison.com\/cs\/produkt\/bang-de-8500-puffs-jednorazove-vape\/","og_site_name":"VapeMaison","article_modified_time":"2025-12-22T09:48:22+00:00","og_image":[{"width":1000,"height":1000,"url":"https:\/\/vapemaison.com\/wp-content\/uploads\/2025\/12\/vapemaison-bang-de8500-puffs-flavor-display.webp","type":"image\/webp"}],"twitter_card":"summary_large_image","twitter_misc":{"Odhadovan\u00e1 doba \u010dten\u00ed":"2 minuty"},"schema":{"@context":"https:\/\/schema.org","@graph":[{"@type":"WebPage","@id":"https:\/\/vapemaison.com\/product\/bang-de-8500-puffs-disposable-vape\/","url":"https:\/\/vapemaison.com\/product\/bang-de-8500-puffs-disposable-vape\/","name":"Bang DE 8500 Puffs Vape na jedno pou\u017eit\u00ed - VapeMaison","isPartOf":{"@id":"https:\/\/vapemaison.com\/#website"},"primaryImageOfPage":{"@id":"https:\/\/vapemaison.com\/product\/bang-de-8500-puffs-disposable-vape\/#primaryimage"},"image":{"@id":"https:\/\/vapemaison.com\/product\/bang-de-8500-puffs-disposable-vape\/#primaryimage"},"thumbnailUrl":"https:\/\/vapemaison.com\/wp-content\/uploads\/2025\/12\/vapemaison-bang-de8500-puffs-flavor-display.webp","datePublished":"2025-12-10T03:34:35+00:00","dateModified":"2025-12-22T09:48:22+00:00","description":"Vychutnejte si jednor\u00e1zov\u00fd vape Bang DE 8500 Puffs s dob\u00edjec\u00ed bateri\u00ed 550 mAh, 18 ml e-d\u017eus\u016f. K dispozici v r\u016fzn\u00fdch p\u0159\u00edchut\u00edch pro dlouhodob\u00e9 uspokojen\u00ed.","breadcrumb":{"@id":"https:\/\/vapemaison.com\/product\/bang-de-8500-puffs-disposable-vape\/#breadcrumb"},"inLanguage":"cs","potentialAction":[{"@type":"ReadAction","target":["https:\/\/vapemaison.com\/product\/bang-de-8500-puffs-disposable-vape\/"]}]},{"@type":"ImageObject","inLanguage":"cs","@id":"https:\/\/vapemaison.com\/product\/bang-de-8500-puffs-disposable-vape\/#primaryimage","url":"https:\/\/vapemaison.com\/wp-content\/uploads\/2025\/12\/vapemaison-bang-de8500-puffs-flavor-display.webp","contentUrl":"https:\/\/vapemaison.com\/wp-content\/uploads\/2025\/12\/vapemaison-bang-de8500-puffs-flavor-display.webp","width":1000,"height":1000,"caption":"Vapemaison Bang De Puffs Flavor Display"},{"@type":"BreadcrumbList","@id":"https:\/\/vapemaison.com\/product\/bang-de-8500-puffs-disposable-vape\/#breadcrumb","itemListElement":[{"@type":"ListItem","position":1,"name":"\u9996\u9875","item":"https:\/\/vapemaison.com\/"},{"@type":"ListItem","position":2,"name":"Shop","item":"https:\/\/vapemaison.com\/shop\/"},{"@type":"ListItem","position":3,"name":"Bang","item":"https:\/\/vapemaison.com\/brand\/bang\/"},{"@type":"ListItem","position":4,"name":"Bang DE 8500 Puffs Disposable Vape"}]},{"@type":"WebSite","@id":"https:\/\/vapemaison.com\/#website","url":"https:\/\/vapemaison.com\/","name":"VapeMaison","description":"Pr\u00e9miov\u00e1 vapingov\u00e1 za\u0159\u00edzen\u00ed a p\u0159\u00edslu\u0161enstv\u00ed","publisher":{"@id":"https:\/\/vapemaison.com\/#organization"},"potentialAction":[{"@type":"SearchAction","target":{"@type":"EntryPoint","urlTemplate":"https:\/\/vapemaison.com\/?s={search_term_string}"},"query-input":{"@type":"PropertyValueSpecification","valueRequired":true,"valueName":"search_term_string"}}],"inLanguage":"cs"},{"@type":"Organization","@id":"https:\/\/vapemaison.com\/#organization","name":"VapeMaison","url":"https:\/\/vapemaison.com\/","logo":{"@type":"ImageObject","inLanguage":"cs","@id":"https:\/\/vapemaison.com\/#\/schema\/logo\/image\/","url":"https:\/\/vapemaison.com\/wp-content\/uploads\/2026\/01\/cropped-vapemaison-logo-g-2026.webp","contentUrl":"https:\/\/vapemaison.com\/wp-content\/uploads\/2026\/01\/cropped-vapemaison-logo-g-2026.webp","width":350,"height":280,"caption":"VapeMaison"},"image":{"@id":"https:\/\/vapemaison.com\/#\/schema\/logo\/image\/"},"sameAs":["https:\/\/www.youtube.com\/@VapeMaison"]}]}},"tiered_pricing_type":"fixed","tiered_pricing_fixed_rules":{"30":"7.99","50":"6.99","100":"6.63","200":"5.99"},"tiered_pricing_product_settings":{"layout":"default","base_unit_name":{"singular":null,"plural":null},"default_variation":null},"tiered_pricing_minimum_quantity":10,"tiered_pricing_roles_data":[],"tiered_pricing_percentage_rules":[],"tiered_pricing_maximum_quantity":null,"tiered_pricing_quantity_step":"10","_links":{"self":[{"href":"https:\/\/vapemaison.com\/cs\/wp-json\/wp\/v2\/product\/16521","targetHints":{"allow":["GET"]}}],"collection":[{"href":"https:\/\/vapemaison.com\/cs\/wp-json\/wp\/v2\/product"}],"about":[{"href":"https:\/\/vapemaison.com\/cs\/wp-json\/wp\/v2\/types\/product"}],"replies":[{"embeddable":true,"href":"https:\/\/vapemaison.com\/cs\/wp-json\/wp\/v2\/comments?post=16521"}],"version-history":[{"count":0,"href":"https:\/\/vapemaison.com\/cs\/wp-json\/wp\/v2\/product\/16521\/revisions"}],"wp:featuredmedia":[{"embeddable":true,"href":"https:\/\/vapemaison.com\/cs\/wp-json\/wp\/v2\/media\/16523"}],"wp:attachment":[{"href":"https:\/\/vapemaison.com\/cs\/wp-json\/wp\/v2\/media?parent=16521"}],"wp:term":[{"taxonomy":"product_brand","embeddable":true,"href":"https:\/\/vapemaison.com\/cs\/wp-json\/wp\/v2\/product_brand?post=16521"},{"taxonomy":"product_cat","embeddable":true,"href":"https:\/\/vapemaison.com\/cs\/wp-json\/wp\/v2\/product_cat?post=16521"},{"taxonomy":"product_tag","embeddable":true,"href":"https:\/\/vapemaison.com\/cs\/wp-json\/wp\/v2\/product_tag?post=16521"}],"curies":[{"name":"wp","href":"https:\/\/api.w.org\/{rel}","templated":true}]}}