

{"id":16581,"date":"2025-12-10T05:53:48","date_gmt":"2025-12-10T05:53:48","guid":{"rendered":"https:\/\/vapemaison.com\/?post_type=product&#038;p=16581"},"modified":"2025-12-22T09:44:15","modified_gmt":"2025-12-22T09:44:15","slug":"bang-digitalni-box-15k-puff-jednorazove-vape","status":"publish","type":"product","link":"https:\/\/vapemaison.com\/cs\/product\/bang-digital-box-15k-puff-disposable-vape\/","title":{"rendered":"Bang Digital Box 15k Puff Vape na jedno pou\u017eit\u00ed"},"content":{"rendered":"<p><strong>Bang Digital Box 15k Puff Disposable Vape Pen - maxim\u00e1ln\u00ed z\u00e1\u017eitek z vapingu<\/strong><\/p>\n\n\n\n<p>Na str\u00e1nk\u00e1ch <strong>Bang Digital Box <strong>15k Puff<\/strong> P\u016fvodn\u00ed edice jednor\u00e1zov\u00fdch vape per<\/strong> je navr\u017een tak, aby poskytoval mimo\u0159\u00e1dn\u00fd z\u00e1\u017eitek z vapingu. D\u00edky \u0161pi\u010dkov\u00fdm funkc\u00edm a p\u016fsobiv\u00e9 kapacit\u011b 15 000 potah\u016f v\u00e1m toto vapovac\u00ed pero zajist\u00ed hladkou a aromatickou p\u00e1ru po celou dobu jeho prodlou\u017een\u00e9 \u017eivotnosti. A\u0165 u\u017e s vapingem za\u010d\u00edn\u00e1te, nebo jste zku\u0161en\u00fd nad\u0161enec. <strong>Bang Digital Box<\/strong> kombinuje spolehlivost, pohodl\u00ed a styl v elegantn\u00edm a v\u00fdkonn\u00e9m za\u0159\u00edzen\u00ed na jedno pou\u017eit\u00ed.<\/p>\n\n\n\n<h3 class=\"wp-block-heading\"><strong>Kl\u00ed\u010dov\u00e9 vlastnosti:<\/strong><\/h3>\n\n\n\n<ul class=\"wp-block-list\">\n<li><strong>A\u017e 15 000 puf\u016f:<\/strong> Vysokokapacitn\u00ed konstrukce pro dlouhodob\u00fd po\u017eitek ze hry, kter\u00e1 v\u00e1m zajist\u00ed maxim\u00e1ln\u00ed vyu\u017eit\u00ed ka\u017ed\u00e9ho za\u0159\u00edzen\u00ed.<\/li>\n\n\n\n<li><strong>Dob\u00edjec\u00ed baterie 500 mAh:<\/strong> Nap\u00e1jen\u00ed robustn\u00ed bateri\u00ed pro dlouhotrvaj\u00edc\u00ed v\u00fdkon a nav\u00edc <strong>Port Type-C<\/strong> pro pohodln\u00e9 dob\u00edjen\u00ed.<\/li>\n\n\n\n<li><strong>1,0 Ohm Mesh Coil:<\/strong> Hladk\u00e9, konzistentn\u00ed pod\u00e1n\u00ed chuti a bohat\u00e1 produkce p\u00e1ry p\u0159i ka\u017ed\u00e9m \u0161luknut\u00ed.<\/li>\n\n\n\n<li><strong>23ml Objem vst\u0159ikov\u00e1n\u00ed oleje:<\/strong> Velkorys\u00e1 kapacita e-juice zaji\u0161\u0165uje uspokojiv\u00fd vapingov\u00fd z\u00e1\u017eitek s men\u0161\u00ed pot\u0159ebou dopl\u0148ov\u00e1n\u00ed.<\/li>\n\n\n\n<li><strong>Mo\u017enosti nikotinu:<\/strong> K dispozici jsou varianty s nikotinem 0%, 2%, 3% a 5% podle va\u0161ich preferenc\u00ed.<\/li>\n\n\n\n<li><strong>Kompaktn\u00ed a pohodln\u00e9:<\/strong> D\u00edky kompaktn\u00edm rozm\u011br\u016fm a stylov\u00e9mu designu je Bang Digital Box ide\u00e1ln\u00ed pro vaping na cest\u00e1ch.<\/li>\n<\/ul>\n\n\n\n<h3 class=\"wp-block-heading\"><strong>Dostupn\u00e9 p\u0159\u00edchut\u011b:<\/strong><\/h3>\n\n\n\n<ol class=\"wp-block-list\">\n<li>Modr\u00e9 zmrazen\u00ed<\/li>\n\n\n\n<li>Berry Blast<\/li>\n\n\n\n<li>Blue Cherry Lemon<\/li>\n\n\n\n<li>Zmrazen\u00ed broskv\u00ed<\/li>\n\n\n\n<li>Zmrazen\u00ed hrozn\u016f<\/li>\n\n\n\n<li>Peach Berry<\/li>\n\n\n\n<li>Kysel\u00e9 jablko Razberry<\/li>\n\n\n\n<li>Trojit\u00e9 ovoce<\/li>\n\n\n\n<li>Melounov\u00fd led<\/li>\n\n\n\n<li>Jahodov\u00fd meloun<\/li>\n\n\n\n<li>Cool Mint<\/li>\n\n\n\n<li>Jahodov\u00e9 li\u010di<\/li>\n<\/ol>\n\n\n\n<h3 class=\"wp-block-heading\"><strong>Pro\u010d si vybrat jednor\u00e1zov\u00e9 vape pero Bang Digital Box 15000 Puffs?<\/strong><\/h3>\n\n\n\n<ul class=\"wp-block-list\">\n<li><strong>Dlouhotrvaj\u00edc\u00ed vaping:<\/strong> Toto jednor\u00e1zov\u00e9 vapovac\u00ed pero s kapacitou a\u017e 15 000 potah\u016f v\u00e1m zajist\u00ed dlouh\u00fd a konzistentn\u00ed z\u00e1\u017eitek bez neust\u00e1l\u00fdch starost\u00ed o v\u00fdm\u011bnu.<\/li>\n\n\n\n<li><strong>Hladk\u00e9 a chutn\u00e9 hity:<\/strong> D\u00edky pokro\u010dil\u00e9 mesh spir\u00e1lce s odporem 1,0 ohm je ka\u017ed\u00e9 pota\u017een\u00ed bohat\u00e9 a plynul\u00e9, tak\u017ee je ide\u00e1ln\u00ed pro ty, kte\u0159\u00ed d\u00e1vaj\u00ed p\u0159ednost chuti.<\/li>\n\n\n\n<li><strong>Dob\u00edjec\u00ed a udr\u017eiteln\u00e9:<\/strong> 500mAh baterie s nab\u00edjen\u00edm typu C zajist\u00ed, \u017ee va\u0161e vapov\u00e1n\u00ed vydr\u017e\u00ed je\u0161t\u011b d\u00e9le, tak\u017ee je ekologi\u010dt\u011bj\u0161\u00ed a \u00fasporn\u011bj\u0161\u00ed.<\/li>\n\n\n\n<li><strong>Ide\u00e1ln\u00ed pro ka\u017edou p\u0159\u00edle\u017eitost:<\/strong> A\u0165 u\u017e jste doma, na v\u00fdlet\u011b nebo na ve\u010d\u00edrku, Bang Digital Box je p\u0159enosn\u00fd a stylov\u00fd, navr\u017een\u00fd tak, aby vyhovoval va\u0161emu \u017eivotn\u00edmu stylu.<\/li>\n<\/ul>\n\n\n\n<p>Vylep\u0161ete sv\u016fj z\u00e1\u017eitek z vapingu pomoc\u00ed <strong>Bang Digital Box 15000 Puffs jednor\u00e1zov\u00e9 Vape Pen<\/strong> a objevte dokonalou kombinaci v\u00fdkonu, pohodl\u00ed a chuti.<\/p>\n\n\n\n<p>P\u0159ipojte se k tis\u00edc\u016fm spokojen\u00fdch vaper\u016f, kte\u0159\u00ed miluj\u00ed za\u0159\u00edzen\u00ed Bang! Prozkoumejte na\u0161e <a href=\"https:\/\/vapemaison.com\">domovsk\u00e1 str\u00e1nka<\/a> pro nov\u00e9 p\u0159\u00edr\u016fstky, pod\u00edvejte se na <a href=\"https:\/\/vapemaison.com\/shop\">obchod<\/a> pro kompletn\u00ed sortiment, nebo se dozv\u011bd\u011bt v\u00edce o <a href=\"https:\/\/vapemaison.com\/brand\/bang\">Zna\u010dka Bang<\/a> o kter\u00e9m v\u0161ichni mluv\u00ed. Pro zpest\u0159en\u00ed objevte <a href=\"https:\/\/vapemaison.com\/brand\/humo-azul\/\">Kolekce zna\u010dky Humo Vape<\/a> nebo si prohl\u00e9dn\u011bte v\u0161echny <a href=\"https:\/\/vapemaison.com\/product-category\/puffs-count\/\">Puffs vapes<\/a> na jednom m\u00edst\u011b.<\/p>","protected":false},"excerpt":{"rendered":"<div id=\"model-response-message-contentr_8935f4124dd5cc3a\" class=\"markdown markdown-main-panel stronger enable-updated-hr-color\" dir=\"ltr\" aria-live=\"polite\" aria-busy=\"false\">\n<p data-path-to-node=\"0\"><span class=\"citation-1\">Vyzkou\u0161ejte 15 000 \u0161luk\u016f \u010dist\u00e9 chuti s k\u00e1vovarem <\/span><b data-path-to-node=\"0\" data-index-in-node=\"48\"><span class=\"citation-1\">Bang Digital Box 15K<\/span><\/b><span class=\"citation-1\">, s vysoce \u00fa\u010dinn\u00fdm <\/span><b data-path-to-node=\"0\" data-index-in-node=\"98\"><span class=\"citation-1\">C\u00edvka s oky 1,0\u03a9<\/span><\/b><span class=\"citation-1 citation-end-1\"> a 23ml z\u00e1sobn\u00edkem pro trvale hladk\u00e9 potahov\u00e1n\u00ed.<sup class=\"superscript\" data-turn-source-index=\"1\">1<\/sup><\/span> Toto elegantn\u00ed, kompaktn\u00ed za\u0159\u00edzen\u00ed kombinuje spolehlivou 500mAh dob\u00edjec\u00ed baterii s rychl\u00fdm nab\u00edjen\u00edm typu C, co\u017e z n\u011bj d\u011bl\u00e1 dokonal\u00e9ho spole\u010dn\u00edka pro vaping na cest\u00e1ch - objednejte si jej nyn\u00ed, abyste si zajistili preferovanou s\u00edlu nikotinu, dokud jsou k dispozici aktu\u00e1ln\u00ed skladov\u00e9 z\u00e1soby a rychl\u00e9 dod\u00e1n\u00ed.<\/p>\n<div class=\"source-inline-chip-container ng-star-inserted\">\u00a0<\/div>\n<p>&nbsp;<\/p>\n<\/div>","protected":false},"featured_media":16588,"comment_status":"open","ping_status":"closed","template":"","meta":[],"product_brand":[57],"product_cat":[167],"product_tag":[],"class_list":{"0":"post-16581","1":"product","2":"type-product","3":"status-publish","4":"has-post-thumbnail","6":"product_brand-bang","7":"product_cat-15k-puffs","9":"first","10":"instock","11":"sale","12":"shipping-taxable","13":"purchasable","14":"product-type-variable"},"yoast_head":"<!-- This site is optimized with the Yoast SEO plugin v27.4 - https:\/\/yoast.com\/product\/yoast-seo-wordpress\/ -->\n<title>Bang Digital Box 15k Puff Disposable Vape \u2013 23ml, 12 Flavors - VapeMaison<\/title>\n<meta name=\"description\" content=\"Enjoy the Bang Digital Box 15k Puff Vape with 23ml e-juice, 12 flavors, and a rechargeable battery. Up to 15000 puffs for lasting satisfaction.\" \/>\n<meta name=\"robots\" content=\"index, follow, max-snippet:-1, max-image-preview:large, max-video-preview:-1\" \/>\n<link rel=\"canonical\" href=\"https:\/\/vapemaison.com\/cs\/produkt\/bang-digitalni-box-15k-puff-jednorazove-vape\/\" \/>\n<meta property=\"og:locale\" content=\"cs_CZ\" \/>\n<meta property=\"og:type\" content=\"article\" \/>\n<meta property=\"og:title\" content=\"Bang Digital Box 15k Puff Disposable Vape \u2013 23ml, 12 Flavors - VapeMaison\" \/>\n<meta property=\"og:description\" content=\"Enjoy the Bang Digital Box 15k Puff Vape with 23ml e-juice, 12 flavors, and a rechargeable battery. Up to 15000 puffs for lasting satisfaction.\" \/>\n<meta property=\"og:url\" content=\"https:\/\/vapemaison.com\/cs\/produkt\/bang-digitalni-box-15k-puff-jednorazove-vape\/\" \/>\n<meta property=\"og:site_name\" content=\"VapeMaison\" \/>\n<meta property=\"article:modified_time\" content=\"2025-12-22T09:44:15+00:00\" \/>\n<meta property=\"og:image\" content=\"https:\/\/vapemaison.com\/wp-content\/uploads\/2025\/12\/doge-bang-digital-box-15000puffs-8.png.webp\" \/>\n\t<meta property=\"og:image:width\" content=\"1000\" \/>\n\t<meta property=\"og:image:height\" content=\"1000\" \/>\n\t<meta property=\"og:image:type\" content=\"image\/webp\" \/>\n<meta name=\"twitter:card\" content=\"summary_large_image\" \/>\n<meta name=\"twitter:label1\" content=\"Odhadovan\u00e1 doba \u010dten\u00ed\" \/>\n\t<meta name=\"twitter:data1\" content=\"2 minuty\" \/>\n<!-- \/ Yoast SEO plugin. -->","yoast_head_json":{"title":"Bang Digital Box 15k Puff Vape na jedno pou\u017eit\u00ed - 23ml, 12 p\u0159\u00edchut\u00ed - VapeMaison","description":"Vychutnejte si Bang Digital Box 15k Puff Vape s 23ml e-d\u017eusem, 12 p\u0159\u00edchut\u011bmi a dob\u00edjec\u00ed bateri\u00ed. A\u017e 15000 potah\u016f pro dlouhodob\u00e9 uspokojen\u00ed.","robots":{"index":"index","follow":"follow","max-snippet":"max-snippet:-1","max-image-preview":"max-image-preview:large","max-video-preview":"max-video-preview:-1"},"canonical":"https:\/\/vapemaison.com\/cs\/produkt\/bang-digitalni-box-15k-puff-jednorazove-vape\/","og_locale":"cs_CZ","og_type":"article","og_title":"Bang Digital Box 15k Puff Disposable Vape \u2013 23ml, 12 Flavors - VapeMaison","og_description":"Enjoy the Bang Digital Box 15k Puff Vape with 23ml e-juice, 12 flavors, and a rechargeable battery. Up to 15000 puffs for lasting satisfaction.","og_url":"https:\/\/vapemaison.com\/cs\/produkt\/bang-digitalni-box-15k-puff-jednorazove-vape\/","og_site_name":"VapeMaison","article_modified_time":"2025-12-22T09:44:15+00:00","og_image":[{"width":1000,"height":1000,"url":"https:\/\/vapemaison.com\/wp-content\/uploads\/2025\/12\/doge-bang-digital-box-15000puffs-8.png.webp","type":"image\/webp"}],"twitter_card":"summary_large_image","twitter_misc":{"Odhadovan\u00e1 doba \u010dten\u00ed":"2 minuty"},"schema":{"@context":"https:\/\/schema.org","@graph":[{"@type":"WebPage","@id":"https:\/\/vapemaison.com\/product\/bang-digital-box-15k-puff-disposable-vape\/","url":"https:\/\/vapemaison.com\/product\/bang-digital-box-15k-puff-disposable-vape\/","name":"Bang Digital Box 15k Puff Vape na jedno pou\u017eit\u00ed - 23ml, 12 p\u0159\u00edchut\u00ed - VapeMaison","isPartOf":{"@id":"https:\/\/vapemaison.com\/#website"},"primaryImageOfPage":{"@id":"https:\/\/vapemaison.com\/product\/bang-digital-box-15k-puff-disposable-vape\/#primaryimage"},"image":{"@id":"https:\/\/vapemaison.com\/product\/bang-digital-box-15k-puff-disposable-vape\/#primaryimage"},"thumbnailUrl":"https:\/\/vapemaison.com\/wp-content\/uploads\/2025\/12\/doge-bang-digital-box-15000puffs-8.png.webp","datePublished":"2025-12-10T05:53:48+00:00","dateModified":"2025-12-22T09:44:15+00:00","description":"Vychutnejte si Bang Digital Box 15k Puff Vape s 23ml e-d\u017eusem, 12 p\u0159\u00edchut\u011bmi a dob\u00edjec\u00ed bateri\u00ed. A\u017e 15000 potah\u016f pro dlouhodob\u00e9 uspokojen\u00ed.","breadcrumb":{"@id":"https:\/\/vapemaison.com\/product\/bang-digital-box-15k-puff-disposable-vape\/#breadcrumb"},"inLanguage":"cs","potentialAction":[{"@type":"ReadAction","target":["https:\/\/vapemaison.com\/product\/bang-digital-box-15k-puff-disposable-vape\/"]}]},{"@type":"ImageObject","inLanguage":"cs","@id":"https:\/\/vapemaison.com\/product\/bang-digital-box-15k-puff-disposable-vape\/#primaryimage","url":"https:\/\/vapemaison.com\/wp-content\/uploads\/2025\/12\/doge-bang-digital-box-15000puffs-8.png.webp","contentUrl":"https:\/\/vapemaison.com\/wp-content\/uploads\/2025\/12\/doge-bang-digital-box-15000puffs-8.png.webp","width":1000,"height":1000,"caption":"Doge Bang Digital Boxpuffs 8.png Disposable Vape Device"},{"@type":"BreadcrumbList","@id":"https:\/\/vapemaison.com\/product\/bang-digital-box-15k-puff-disposable-vape\/#breadcrumb","itemListElement":[{"@type":"ListItem","position":1,"name":"\u9996\u9875","item":"https:\/\/vapemaison.com\/"},{"@type":"ListItem","position":2,"name":"Shop","item":"https:\/\/vapemaison.com\/shop\/"},{"@type":"ListItem","position":3,"name":"Bang","item":"https:\/\/vapemaison.com\/brand\/bang\/"},{"@type":"ListItem","position":4,"name":"Bang Digital Box 15k Puff Disposable Vape"}]},{"@type":"WebSite","@id":"https:\/\/vapemaison.com\/#website","url":"https:\/\/vapemaison.com\/","name":"VapeMaison","description":"Pr\u00e9miov\u00e1 vapingov\u00e1 za\u0159\u00edzen\u00ed a p\u0159\u00edslu\u0161enstv\u00ed","publisher":{"@id":"https:\/\/vapemaison.com\/#organization"},"potentialAction":[{"@type":"SearchAction","target":{"@type":"EntryPoint","urlTemplate":"https:\/\/vapemaison.com\/?s={search_term_string}"},"query-input":{"@type":"PropertyValueSpecification","valueRequired":true,"valueName":"search_term_string"}}],"inLanguage":"cs"},{"@type":"Organization","@id":"https:\/\/vapemaison.com\/#organization","name":"VapeMaison","url":"https:\/\/vapemaison.com\/","logo":{"@type":"ImageObject","inLanguage":"cs","@id":"https:\/\/vapemaison.com\/#\/schema\/logo\/image\/","url":"https:\/\/vapemaison.com\/wp-content\/uploads\/2026\/01\/cropped-vapemaison-logo-g-2026.webp","contentUrl":"https:\/\/vapemaison.com\/wp-content\/uploads\/2026\/01\/cropped-vapemaison-logo-g-2026.webp","width":350,"height":280,"caption":"VapeMaison"},"image":{"@id":"https:\/\/vapemaison.com\/#\/schema\/logo\/image\/"},"sameAs":["https:\/\/www.youtube.com\/@VapeMaison"]}]}},"tiered_pricing_type":"fixed","tiered_pricing_fixed_rules":{"30":"9.99","50":"9.21","100":"8.24","200":"7.42"},"tiered_pricing_product_settings":{"layout":"default","base_unit_name":{"singular":null,"plural":null},"default_variation":null},"tiered_pricing_minimum_quantity":10,"tiered_pricing_roles_data":[],"tiered_pricing_percentage_rules":[],"tiered_pricing_maximum_quantity":null,"tiered_pricing_quantity_step":"10","_links":{"self":[{"href":"https:\/\/vapemaison.com\/cs\/wp-json\/wp\/v2\/product\/16581","targetHints":{"allow":["GET"]}}],"collection":[{"href":"https:\/\/vapemaison.com\/cs\/wp-json\/wp\/v2\/product"}],"about":[{"href":"https:\/\/vapemaison.com\/cs\/wp-json\/wp\/v2\/types\/product"}],"replies":[{"embeddable":true,"href":"https:\/\/vapemaison.com\/cs\/wp-json\/wp\/v2\/comments?post=16581"}],"version-history":[{"count":0,"href":"https:\/\/vapemaison.com\/cs\/wp-json\/wp\/v2\/product\/16581\/revisions"}],"wp:featuredmedia":[{"embeddable":true,"href":"https:\/\/vapemaison.com\/cs\/wp-json\/wp\/v2\/media\/16588"}],"wp:attachment":[{"href":"https:\/\/vapemaison.com\/cs\/wp-json\/wp\/v2\/media?parent=16581"}],"wp:term":[{"taxonomy":"product_brand","embeddable":true,"href":"https:\/\/vapemaison.com\/cs\/wp-json\/wp\/v2\/product_brand?post=16581"},{"taxonomy":"product_cat","embeddable":true,"href":"https:\/\/vapemaison.com\/cs\/wp-json\/wp\/v2\/product_cat?post=16581"},{"taxonomy":"product_tag","embeddable":true,"href":"https:\/\/vapemaison.com\/cs\/wp-json\/wp\/v2\/product_tag?post=16581"}],"curies":[{"name":"wp","href":"https:\/\/api.w.org\/{rel}","templated":true}]}}