

{"id":16641,"date":"2025-12-10T07:30:01","date_gmt":"2025-12-10T07:30:01","guid":{"rendered":"https:\/\/vapemaison.com\/?post_type=product&#038;p=16641"},"modified":"2026-01-09T08:35:32","modified_gmt":"2026-01-09T08:35:32","slug":"bang-blaze-60k-puffs-lcd-displej-jednorazove-vape-pero","status":"publish","type":"product","link":"https:\/\/vapemaison.com\/cs\/product\/bang-blaze-60k-puffs-lcd-display-disposable-vape-pen\/","title":{"rendered":"Bang Blaze 60k Puffs LCD displej jednor\u00e1zov\u00e9 Vape Pen"},"content":{"rendered":"<h3 class=\"wp-block-heading\"><strong>Bang Blaze 60K Puffs Vape Pen na jedno pou\u017eit\u00ed - bezkonkuren\u010dn\u00ed v\u00fdkon pro nad\u0161ence DTL<\/strong><\/h3>\n\n\n\n<p>P\u0159edstaven\u00ed <strong>Bang Blaze 60K Puffs<\/strong>, nejnov\u011bj\u0161\u00ed inovace v technologii jednor\u00e1zov\u00e9ho vapingu. Toto vysoce v\u00fdkonn\u00e9 vapovac\u00ed pero, navr\u017een\u00e9 speci\u00e1ln\u011b pro u\u017eivatele s technologi\u00ed Direct-To-Lung (DTL), poskytuje intenzivn\u00ed mraky a v\u00fdraznou chu\u0165 od za\u010d\u00e1tku do konce. Nab\u00edz\u00ed v oboru nejlep\u0161\u00edch 60 000 potah\u016f. <strong>Bang Blaze 60K<\/strong> zaji\u0161\u0165uje dlouh\u00e9 a uspokojiv\u00e9 sezen\u00ed, kter\u00e9 trv\u00e1 cel\u00fd den, ka\u017ed\u00fd den.<\/p>\n\n\n\n<p>Toto za\u0159\u00edzen\u00ed je poh\u00e1n\u011bno robustn\u00ed dob\u00edjec\u00ed bateri\u00ed s kapacitou 1000 mAh, kter\u00e1 zaru\u010duje dlouhotrvaj\u00edc\u00ed v\u00fdkon a pohodln\u00e9 rychl\u00e9 nab\u00edjen\u00ed typu C. Jeho pokro\u010dil\u00e1 0,6\u03a9 mesh spir\u00e1lka zaji\u0161\u0165uje plynulou produkci p\u00e1ry p\u0159i zachov\u00e1n\u00ed bohat\u00e9 chuti p\u0159i ka\u017ed\u00e9m potahu. . <strong>Bang Blaze 60K<\/strong> je vyrobena tak, aby v\u00e1s ohromila, a je vybavena \u0161pi\u010dkov\u00fdm LCD displejem, kter\u00fd v re\u00e1ln\u00e9m \u010dase informuje o v\u00fddr\u017ei baterie a hladin\u011b e-liquidu, tak\u017ee m\u00e1te v\u0161e v\u017edy pod kontrolou.<\/p>\n\n\n\n<p>Se 40 ml pr\u00e9miov\u00e9ho e-liquidu a nikotinov\u00fdmi hodnotami 2%, 3% a 5%. <strong>Bang Blaze 60K<\/strong> je navr\u017een tak, aby vyhovoval r\u016fzn\u00fdm vapingov\u00fdm preferenc\u00edm. Toto vapovac\u00ed pero, kter\u00e9 je k dispozici v 10 v\u00fdrazn\u00fdch p\u0159\u00edchut\u00edch a je baleno v praktick\u00fdch krabi\u010dk\u00e1ch po 8 kusech, kombinuje v\u00fdkon, styl a dlouhou \u017eivotnost pro dokonal\u00fd z\u00e1\u017eitek z vapov\u00e1n\u00ed.<\/p>\n\n\n\n<p><strong>Pro\u010d si vybrat Bang Blaze 60K Puffs?<\/strong><\/p>\n\n\n\n<ul class=\"wp-block-list\">\n<li><strong>Obrovsk\u00e1 objemov\u00e1 kapacita:<\/strong> S kapacitou a\u017e 60 000 v\u00fddech\u016f. <strong>Bang Blaze 60K<\/strong> nab\u00edz\u00ed bezkonkuren\u010dn\u00ed v\u00fddr\u017e, tak\u017ee je ide\u00e1ln\u00ed pro celodenn\u00ed vaping.<\/li>\n\n\n\n<li><strong>Vylep\u0161en\u00e1 p\u00e1ra a chu\u0165:<\/strong> 0,6\u03a9 mesh spir\u00e1lka zaji\u0161\u0165uje hlad\u0161\u00ed a bohat\u0161\u00ed produkci p\u00e1ry a poskytuje uspokojiv\u00fd z\u00e1\u017eitek p\u0159i ka\u017ed\u00e9m \u0161lukov\u00e1n\u00ed.<\/li>\n\n\n\n<li><strong>Aktualizace v re\u00e1ln\u00e9m \u010dase:<\/strong> LCD displej v\u00e1s informuje o v\u00fddr\u017ei baterie a stavu e-liquidu, tak\u017ee v\u00e1m nikdy ne\u010dekan\u011b nedojde.<\/li>\n\n\n\n<li><strong>Pohodln\u00e9 nab\u00edjen\u00ed:<\/strong> Rychl\u00e9 nab\u00edjen\u00ed Type-C umo\u017e\u0148uje rychl\u00e9 dob\u00edjen\u00ed za\u0159\u00edzen\u00ed, tak\u017ee jste v\u017edy p\u0159ipraveni na dal\u0161\u00ed sezen\u00ed.<\/li>\n<\/ul>\n\n\n\n<p>Zlep\u0161ete sv\u016fj z\u00e1\u017eitek z vapingu s p\u0159\u00edstrojem <strong>Bang Blaze 60K Puffs jednor\u00e1zov\u00e9 vape pero<\/strong> - \u010cek\u00e1 v\u00e1s velk\u00e1 chu\u0165, velk\u00e9 mraky a velk\u00fd v\u00fdkon.<\/p>\n\n\n\n<h3 class=\"wp-block-heading\"><strong>Kl\u00ed\u010dov\u00e9 vlastnosti:<\/strong><\/h3>\n\n\n\n<figure class=\"wp-block-table\"><table class=\"has-fixed-layout\"><thead><tr><th><strong>Funkce<\/strong><\/th><th><strong>Specifikace<\/strong><\/th><\/tr><\/thead><tbody><tr><td><strong>S\u00edla nikotinu<\/strong><\/td><td>2%, 3%, 5%<\/td><\/tr><tr><td><strong>Puffy<\/strong><\/td><td>A\u017e 60 000<\/td><\/tr><tr><td><strong>Kapacita e-kapaliny<\/strong><\/td><td>40 ml<\/td><\/tr><tr><td><strong>Baterie<\/strong><\/td><td>1000mAh dob\u00edjec\u00ed<\/td><\/tr><tr><td><strong>C\u00edvka<\/strong><\/td><td>0,6\u03a9 Mesh<\/td><\/tr><tr><td><strong>Typ inhalace<\/strong><\/td><td>P\u0159\u00edm\u00fd p\u0159\u00edstup do plic (DTL)<\/td><\/tr><tr><td><strong>Zobrazit<\/strong><\/td><td>Obrazovka LCD<\/td><\/tr><tr><td><strong>Nab\u00edjen\u00ed<\/strong><\/td><td>Rychl\u00e9 nab\u00edjen\u00ed typu C<\/td><\/tr><tr><td><strong>Balen\u00ed<\/strong><\/td><td>8 kus\u016f v balen\u00ed<\/td><\/tr><tr><td><strong>P\u0159\u00edchut\u011b<\/strong><\/td><td>10 odv\u00e1\u017en\u00fdch mo\u017enost\u00ed<\/td><\/tr><\/tbody><\/table><\/figure>\n\n\n\n<h3 class=\"wp-block-heading\"><strong>Dostupn\u00e9 p\u0159\u00edchut\u011b:<\/strong><\/h3>\n\n\n\n<ol class=\"wp-block-list\">\n<li>Cool Mint<\/li>\n\n\n\n<li>Brown Ale<\/li>\n\n\n\n<li>Dvojit\u00e9 jablko<\/li>\n\n\n\n<li>T\u0159e\u0161\u0148ov\u00e1 m\u00e1ta<\/li>\n\n\n\n<li>Jahodov\u00e9 kiwi<\/li>\n\n\n\n<li>Broskvov\u00fd meloun Mango<\/li>\n\n\n\n<li>Meloun jahoda meloun<\/li>\n\n\n\n<li>Blue Razz<\/li>\n\n\n\n<li>Sm\u00ed\u0161en\u00e9 bobule<\/li>\n\n\n\n<li>Mu\u010denka<\/li>\n<\/ol>\n\n\n\n<p>P\u0159ipojte se k tis\u00edc\u016fm spokojen\u00fdch vaper\u016f, kte\u0159\u00ed miluj\u00ed za\u0159\u00edzen\u00ed Bang! Prozkoumejte na\u0161e <a href=\"https:\/\/vapemaison.com\">domovsk\u00e1 str\u00e1nka<\/a> pro nov\u00e9 p\u0159\u00edr\u016fstky, pod\u00edvejte se na <a href=\"https:\/\/vapemaison.com\/shop\">obchod<\/a> pro kompletn\u00ed sortiment, nebo se dozv\u011bd\u011bt v\u00edce o <a href=\"https:\/\/vapemaison.com\/brand\/bang\">Zna\u010dka Bang<\/a> o kter\u00e9m v\u0161ichni mluv\u00ed. Pro zpest\u0159en\u00ed objevte <a href=\"https:\/\/vapemaison.com\/brand\/humo-azul\/\">Kolekce zna\u010dky Humo Vape<\/a> nebo si prohl\u00e9dn\u011bte v\u0161echny <a href=\"https:\/\/vapemaison.com\/product-category\/puffs-count\/\">Puffs vapes<\/a> na jednom m\u00edst\u011b.<\/p>","protected":false},"excerpt":{"rendered":"<div id=\"model-response-message-contentr_7060aab47834044d\" class=\"markdown markdown-main-panel stronger enable-updated-hr-color\" dir=\"ltr\" aria-live=\"polite\" aria-busy=\"false\">\n<p data-path-to-node=\"0\">Ovl\u00e1dn\u011bte mraky pomoc\u00ed <b data-path-to-node=\"0\" data-index-in-node=\"29\">Bang Blaze 60K<\/b>, p\u0159edn\u00ed DTL spole\u010dnost v oboru, kter\u00e1 je vybavena <b data-path-to-node=\"0\" data-index-in-node=\"92\">C\u00edvka s oky 0,6\u03a9<\/b> a masivn\u00ed <b data-path-to-node=\"0\" data-index-in-node=\"121\">40ml z\u00e1sobn\u00edk<\/b> pro intenzivn\u00ed produkci p\u00e1ry. Sledujte sv\u00e9 \u017eivotn\u00ed funkce prost\u0159ednictv\u00edm integrovan\u00e9ho <b data-path-to-node=\"0\" data-index-in-node=\"203\">LCD displej<\/b> a z\u016fsta\u0148te nap\u00e1jeni robustn\u00ed bateri\u00ed s kapacitou 1000 mAh a rychl\u00fdm nab\u00edjen\u00edm Type-C - objednejte si sv\u016fj je\u0161t\u011b dnes a za\u017eijte bezkonkuren\u010dn\u00ed v\u00fddr\u017e a odv\u00e1\u017enou chu\u0165 s na\u0161\u00ed aktu\u00e1ln\u00ed prioritn\u00ed dopravou.<\/p>\n<\/div>","protected":false},"featured_media":16646,"comment_status":"open","ping_status":"closed","template":"","meta":[],"product_brand":[57],"product_cat":[137],"product_tag":[],"class_list":{"0":"post-16641","1":"product","2":"type-product","3":"status-publish","4":"has-post-thumbnail","6":"product_brand-bang","7":"product_cat-60k-puffs","9":"first","10":"instock","11":"sale","12":"featured","13":"shipping-taxable","14":"purchasable","15":"product-type-variable"},"yoast_head":"<!-- This site is optimized with the Yoast SEO plugin v27.4 - https:\/\/yoast.com\/product\/yoast-seo-wordpress\/ -->\n<title>Bang Blaze 60K Disposable Vape \u2013 60000 Puffs, DTL, LCD Display - VapeMaison<\/title>\n<meta name=\"description\" content=\"Enjoy up to 60k puffs with the Bang Blaze 60K Disposable Vape. Featuring a 40mL e-liquid capacity, and 10 bold flavors for a premium DTL vaping experience.\" \/>\n<meta name=\"robots\" content=\"index, follow, max-snippet:-1, max-image-preview:large, max-video-preview:-1\" \/>\n<link rel=\"canonical\" href=\"https:\/\/vapemaison.com\/cs\/produkt\/bang-blaze-60k-puffs-lcd-displej-jednorazove-vape-pero\/\" \/>\n<meta property=\"og:locale\" content=\"cs_CZ\" \/>\n<meta property=\"og:type\" content=\"article\" \/>\n<meta property=\"og:title\" content=\"Bang Blaze 60K Disposable Vape \u2013 60000 Puffs, DTL, LCD Display - VapeMaison\" \/>\n<meta property=\"og:description\" content=\"Enjoy up to 60k puffs with the Bang Blaze 60K Disposable Vape. Featuring a 40mL e-liquid capacity, and 10 bold flavors for a premium DTL vaping experience.\" \/>\n<meta property=\"og:url\" content=\"https:\/\/vapemaison.com\/cs\/produkt\/bang-blaze-60k-puffs-lcd-displej-jednorazove-vape-pero\/\" \/>\n<meta property=\"og:site_name\" content=\"VapeMaison\" \/>\n<meta property=\"article:modified_time\" content=\"2026-01-09T08:35:32+00:00\" \/>\n<meta property=\"og:image\" content=\"https:\/\/vapemaison.com\/wp-content\/uploads\/2025\/12\/vape-bang-blaze-60k-60000-puffs-main-picture.jpg.webp\" \/>\n\t<meta property=\"og:image:width\" content=\"1000\" \/>\n\t<meta property=\"og:image:height\" content=\"1000\" \/>\n\t<meta property=\"og:image:type\" content=\"image\/webp\" \/>\n<meta name=\"twitter:card\" content=\"summary_large_image\" \/>\n<meta name=\"twitter:label1\" content=\"Odhadovan\u00e1 doba \u010dten\u00ed\" \/>\n\t<meta name=\"twitter:data1\" content=\"2 minuty\" \/>\n<!-- \/ Yoast SEO plugin. -->","yoast_head_json":{"title":"Bang Blaze 60K jednor\u00e1zov\u00fd vape - 60000 \u0161luk\u016f, DTL, LCD displej - VapeMaison","description":"Vychutnejte si a\u017e 60 tis\u00edc potah\u016f s jednor\u00e1zovou vapkou Bang Blaze 60K. Nab\u00edz\u00ed kapacitu 40 ml e-liquidu a 10 v\u00fdrazn\u00fdch p\u0159\u00edchut\u00ed pro pr\u00e9miov\u00fd z\u00e1\u017eitek z DTL vapingu.","robots":{"index":"index","follow":"follow","max-snippet":"max-snippet:-1","max-image-preview":"max-image-preview:large","max-video-preview":"max-video-preview:-1"},"canonical":"https:\/\/vapemaison.com\/cs\/produkt\/bang-blaze-60k-puffs-lcd-displej-jednorazove-vape-pero\/","og_locale":"cs_CZ","og_type":"article","og_title":"Bang Blaze 60K Disposable Vape \u2013 60000 Puffs, DTL, LCD Display - VapeMaison","og_description":"Enjoy up to 60k puffs with the Bang Blaze 60K Disposable Vape. Featuring a 40mL e-liquid capacity, and 10 bold flavors for a premium DTL vaping experience.","og_url":"https:\/\/vapemaison.com\/cs\/produkt\/bang-blaze-60k-puffs-lcd-displej-jednorazove-vape-pero\/","og_site_name":"VapeMaison","article_modified_time":"2026-01-09T08:35:32+00:00","og_image":[{"width":1000,"height":1000,"url":"https:\/\/vapemaison.com\/wp-content\/uploads\/2025\/12\/vape-bang-blaze-60k-60000-puffs-main-picture.jpg.webp","type":"image\/webp"}],"twitter_card":"summary_large_image","twitter_misc":{"Odhadovan\u00e1 doba \u010dten\u00ed":"2 minuty"},"schema":{"@context":"https:\/\/schema.org","@graph":[{"@type":"WebPage","@id":"https:\/\/vapemaison.com\/product\/bang-blaze-60k-puffs-lcd-display-disposable-vape-pen\/","url":"https:\/\/vapemaison.com\/product\/bang-blaze-60k-puffs-lcd-display-disposable-vape-pen\/","name":"Bang Blaze 60K jednor\u00e1zov\u00fd vape - 60000 \u0161luk\u016f, DTL, LCD displej - VapeMaison","isPartOf":{"@id":"https:\/\/vapemaison.com\/#website"},"primaryImageOfPage":{"@id":"https:\/\/vapemaison.com\/product\/bang-blaze-60k-puffs-lcd-display-disposable-vape-pen\/#primaryimage"},"image":{"@id":"https:\/\/vapemaison.com\/product\/bang-blaze-60k-puffs-lcd-display-disposable-vape-pen\/#primaryimage"},"thumbnailUrl":"https:\/\/vapemaison.com\/wp-content\/uploads\/2025\/12\/vape-bang-blaze-60k-60000-puffs-main-picture.jpg.webp","datePublished":"2025-12-10T07:30:01+00:00","dateModified":"2026-01-09T08:35:32+00:00","description":"Vychutnejte si a\u017e 60 tis\u00edc potah\u016f s jednor\u00e1zovou vapkou Bang Blaze 60K. Nab\u00edz\u00ed kapacitu 40 ml e-liquidu a 10 v\u00fdrazn\u00fdch p\u0159\u00edchut\u00ed pro pr\u00e9miov\u00fd z\u00e1\u017eitek z DTL vapingu.","breadcrumb":{"@id":"https:\/\/vapemaison.com\/product\/bang-blaze-60k-puffs-lcd-display-disposable-vape-pen\/#breadcrumb"},"inLanguage":"cs","potentialAction":[{"@type":"ReadAction","target":["https:\/\/vapemaison.com\/product\/bang-blaze-60k-puffs-lcd-display-disposable-vape-pen\/"]}]},{"@type":"ImageObject","inLanguage":"cs","@id":"https:\/\/vapemaison.com\/product\/bang-blaze-60k-puffs-lcd-display-disposable-vape-pen\/#primaryimage","url":"https:\/\/vapemaison.com\/wp-content\/uploads\/2025\/12\/vape-bang-blaze-60k-60000-puffs-main-picture.jpg.webp","contentUrl":"https:\/\/vapemaison.com\/wp-content\/uploads\/2025\/12\/vape-bang-blaze-60k-60000-puffs-main-picture.jpg.webp","width":1000,"height":1000,"caption":"Vape Bang Blaze 60k Puffs Main Picture.jpg"},{"@type":"BreadcrumbList","@id":"https:\/\/vapemaison.com\/product\/bang-blaze-60k-puffs-lcd-display-disposable-vape-pen\/#breadcrumb","itemListElement":[{"@type":"ListItem","position":1,"name":"\u9996\u9875","item":"https:\/\/vapemaison.com\/"},{"@type":"ListItem","position":2,"name":"Shop","item":"https:\/\/vapemaison.com\/shop\/"},{"@type":"ListItem","position":3,"name":"Bang","item":"https:\/\/vapemaison.com\/brand\/bang\/"},{"@type":"ListItem","position":4,"name":"Bang Blaze 60k Puffs LCD Display Disposable Vape Pen"}]},{"@type":"WebSite","@id":"https:\/\/vapemaison.com\/#website","url":"https:\/\/vapemaison.com\/","name":"VapeMaison","description":"Pr\u00e9miov\u00e1 vapingov\u00e1 za\u0159\u00edzen\u00ed a p\u0159\u00edslu\u0161enstv\u00ed","publisher":{"@id":"https:\/\/vapemaison.com\/#organization"},"potentialAction":[{"@type":"SearchAction","target":{"@type":"EntryPoint","urlTemplate":"https:\/\/vapemaison.com\/?s={search_term_string}"},"query-input":{"@type":"PropertyValueSpecification","valueRequired":true,"valueName":"search_term_string"}}],"inLanguage":"cs"},{"@type":"Organization","@id":"https:\/\/vapemaison.com\/#organization","name":"VapeMaison","url":"https:\/\/vapemaison.com\/","logo":{"@type":"ImageObject","inLanguage":"cs","@id":"https:\/\/vapemaison.com\/#\/schema\/logo\/image\/","url":"https:\/\/vapemaison.com\/wp-content\/uploads\/2026\/01\/cropped-vapemaison-logo-g-2026.webp","contentUrl":"https:\/\/vapemaison.com\/wp-content\/uploads\/2026\/01\/cropped-vapemaison-logo-g-2026.webp","width":350,"height":280,"caption":"VapeMaison"},"image":{"@id":"https:\/\/vapemaison.com\/#\/schema\/logo\/image\/"},"sameAs":["https:\/\/www.youtube.com\/@VapeMaison"]}]}},"tiered_pricing_type":"fixed","tiered_pricing_fixed_rules":{"30":"11.75","50":"10.99","100":"10.24","200":"9.36"},"tiered_pricing_product_settings":{"layout":"default","base_unit_name":{"singular":null,"plural":null},"default_variation":null},"tiered_pricing_minimum_quantity":10,"tiered_pricing_roles_data":[],"tiered_pricing_percentage_rules":[],"tiered_pricing_maximum_quantity":null,"tiered_pricing_quantity_step":"10","_links":{"self":[{"href":"https:\/\/vapemaison.com\/cs\/wp-json\/wp\/v2\/product\/16641","targetHints":{"allow":["GET"]}}],"collection":[{"href":"https:\/\/vapemaison.com\/cs\/wp-json\/wp\/v2\/product"}],"about":[{"href":"https:\/\/vapemaison.com\/cs\/wp-json\/wp\/v2\/types\/product"}],"replies":[{"embeddable":true,"href":"https:\/\/vapemaison.com\/cs\/wp-json\/wp\/v2\/comments?post=16641"}],"version-history":[{"count":0,"href":"https:\/\/vapemaison.com\/cs\/wp-json\/wp\/v2\/product\/16641\/revisions"}],"wp:featuredmedia":[{"embeddable":true,"href":"https:\/\/vapemaison.com\/cs\/wp-json\/wp\/v2\/media\/16646"}],"wp:attachment":[{"href":"https:\/\/vapemaison.com\/cs\/wp-json\/wp\/v2\/media?parent=16641"}],"wp:term":[{"taxonomy":"product_brand","embeddable":true,"href":"https:\/\/vapemaison.com\/cs\/wp-json\/wp\/v2\/product_brand?post=16641"},{"taxonomy":"product_cat","embeddable":true,"href":"https:\/\/vapemaison.com\/cs\/wp-json\/wp\/v2\/product_cat?post=16641"},{"taxonomy":"product_tag","embeddable":true,"href":"https:\/\/vapemaison.com\/cs\/wp-json\/wp\/v2\/product_tag?post=16641"}],"curies":[{"name":"wp","href":"https:\/\/api.w.org\/{rel}","templated":true}]}}