

{"id":16662,"date":"2025-12-10T08:30:08","date_gmt":"2025-12-10T08:30:08","guid":{"rendered":"https:\/\/vapemaison.com\/?post_type=product&#038;p=16662"},"modified":"2025-12-22T09:40:34","modified_gmt":"2025-12-22T09:40:34","slug":"bang-pulse-18000-puffs-jednorazove-vape","status":"publish","type":"product","link":"https:\/\/vapemaison.com\/cs\/product\/bang-pulse-18000-puffs-disposable-vape\/","title":{"rendered":"Bang Pulse 18000 Puffs Vape na jedno pou\u017eit\u00ed"},"content":{"rendered":"<h3 class=\"wp-block-heading\"><strong>Bang Pulse 18000 Puffs Dual Mesh Vape na jedno pou\u017eit\u00ed - pr\u00e9miov\u00fd v\u00fdkon a chu\u0165<\/strong><\/h3>\n\n\n\n<p>Na str\u00e1nk\u00e1ch <strong>Bang Pulse 18000 Puffs Dual Mesh Vape Pod na jedno pou\u017eit\u00ed<\/strong> je navr\u017een pro ty, kte\u0159\u00ed vy\u017eaduj\u00ed vysoce v\u00fdkonn\u00fd a dlouhotrvaj\u00edc\u00ed vapingov\u00fd z\u00e1\u017eitek. D\u00edky p\u016fsobiv\u00e9 kapacit\u011b a\u017e 18 000 potah\u016f poskytuje toto za\u0159\u00edzen\u00ed konzistentn\u00ed a uspokojivou produkci p\u00e1ry od za\u010d\u00e1tku do konce. Bang Pulse je ide\u00e1ln\u00ed pro za\u010d\u00e1te\u010dn\u00edky i zku\u0161en\u00e9 vapery a kombinuje pohodl\u00ed, v\u00fdkon a prvot\u0159\u00eddn\u00ed chu\u0165 v elegantn\u00edm, ergonomick\u00e9m designu.<\/p>\n\n\n\n<h3 class=\"wp-block-heading\"><strong>Kl\u00ed\u010dov\u00e9 vlastnosti:<\/strong><\/h3>\n\n\n\n<figure class=\"wp-block-table\"><table class=\"has-fixed-layout\"><thead><tr><th><strong>Funkce<\/strong><\/th><th><strong>Specifikace<\/strong><\/th><\/tr><\/thead><tbody><tr><td><strong>Kapacita nad\u00fdchan\u00e9ho vzduchu<\/strong><\/td><td>9 000 - 18 000 puf\u016f<\/td><\/tr><tr><td><strong>Mo\u017enosti nikotinu<\/strong><\/td><td>0%, 2%, 3%, 5%<\/td><\/tr><tr><td><strong>Kapacita e-liquidu<\/strong><\/td><td>26 ml<\/td><\/tr><tr><td><strong>Baterie<\/strong><\/td><td>Dob\u00edjec\u00ed baterie 650 mAh<\/td><\/tr><tr><td><strong>C\u00edvka<\/strong><\/td><td>1,0\u03a9 Dual Mesh<\/td><\/tr><tr><td><strong>Nab\u00edjec\u00ed port<\/strong><\/td><td>Rychl\u00e9 nab\u00edjen\u00ed typu C<\/td><\/tr><tr><td><strong>P\u0159\u00edchut\u011b<\/strong><\/td><td>12 odv\u00e1\u017en\u00fdch mo\u017enost\u00ed<\/td><\/tr><\/tbody><\/table><\/figure>\n\n\n\n<h3 class=\"wp-block-heading\"><strong>Seznam p\u0159\u00edchut\u00ed:<\/strong><\/h3>\n\n\n\n<ol class=\"wp-block-list\">\n<li>T\u0159e\u0161\u0148ov\u00e1 bomba<\/li>\n\n\n\n<li>\u0160\u0165avnat\u00fd broskvov\u00fd led<\/li>\n\n\n\n<li>Tropick\u00e9 ovoce<\/li>\n\n\n\n<li>Hroznov\u00fd led<\/li>\n\n\n\n<li>Broskvov\u00e9 mango<\/li>\n\n\n\n<li>Jahodov\u00fd ban\u00e1n<\/li>\n\n\n\n<li>Jahodov\u00e9 mango<\/li>\n\n\n\n<li>Trojit\u00fd led z bobul\u00ed<\/li>\n\n\n\n<li>Jahodov\u00fd meloun<\/li>\n\n\n\n<li>Melounov\u00fd led<\/li>\n\n\n\n<li>Blue Razz Ice<\/li>\n\n\n\n<li>Kysel\u00fd jable\u010dn\u00fd led<\/li>\n<\/ol>\n\n\n\n<h3 class=\"wp-block-heading\"><strong>Pro\u010d si vybrat Bang Pulse 18000 Puffs?<\/strong><\/h3>\n\n\n\n<ul class=\"wp-block-list\">\n<li><strong>Dlouhodob\u00fd v\u00fdkon:<\/strong> S a\u017e <strong>18 000 obl\u00e1\u010dk\u016f<\/strong>, u\u017eijte si del\u0161\u00ed vapingov\u00fd z\u00e1\u017eitek bez nutnosti \u010dast\u00e9ho dopl\u0148ov\u00e1n\u00ed.<\/li>\n\n\n\n<li><strong>Velkorys\u00e1 kapacita e-liquidu:<\/strong> <strong>26 ml<\/strong> p\u0159edpln\u011bn\u00e9ho e-liquidu v\u00e1m zajist\u00ed dostatek na v\u00edce sezen\u00ed, \u010d\u00edm\u017e se sn\u00ed\u017e\u00ed pot\u0159eba op\u011btovn\u00e9ho pln\u011bn\u00ed.<\/li>\n\n\n\n<li><strong>P\u0159izp\u016fsobiteln\u00e9 s\u00edly nikotinu:<\/strong> K dispozici v <strong>0%, 2%, 3% a 5%<\/strong> nikotinu podle va\u0161ich preferenc\u00ed.<\/li>\n\n\n\n<li><strong>Dvojit\u00e1 s\u00ed\u0165ov\u00e1 c\u00edvka:<\/strong> Na str\u00e1nk\u00e1ch <strong>1,0\u03a9 dvojit\u00e1 s\u00ed\u0165ov\u00e1 c\u00edvka<\/strong> p\u0159in\u00e1\u0161\u00ed lep\u0161\u00ed chu\u0165 a produkci p\u00e1ry, co\u017e zaji\u0161\u0165uje hlad\u0161\u00ed a bohat\u0161\u00ed vape p\u0159i ka\u017ed\u00e9m \u0161luknut\u00ed.<\/li>\n\n\n\n<li><strong>Spolehliv\u00e1 baterie:<\/strong> Nap\u00e1jen\u00ed pomoc\u00ed <strong>Nab\u00edjec\u00ed baterie s kapacitou 650 mAh<\/strong> s <strong>Nab\u00edjen\u00ed typu C<\/strong> pro rychl\u00e9 dob\u00edjen\u00ed a minim\u00e1ln\u00ed prostoje.<\/li>\n\n\n\n<li><strong>Elegantn\u00ed a ergonomick\u00fd design:<\/strong> Bang Pulse je ide\u00e1ln\u00ed pro vaping na cest\u00e1ch, pohodln\u011b se dr\u017e\u00ed a snadno se pou\u017e\u00edv\u00e1.<\/li>\n<\/ul>\n\n\n\n<h3 class=\"wp-block-heading\"><strong>Za\u017eijte Bang Pulse 18000 Puffs<\/strong><\/h3>\n\n\n\n<p>Na str\u00e1nk\u00e1ch <strong>Bang Pulse 18000 Puffs Dual Mesh Vape na jedno pou\u017eit\u00ed<\/strong> kombinuje v\u00fdkon a pohodl\u00ed a nab\u00edz\u00ed <strong>pr\u00e9miov\u00fd z\u00e1\u017eitek z vapingu<\/strong> v ka\u017ed\u00e9m v\u00fddechu. A\u0165 u\u017e hled\u00e1te bohatou chu\u0165, dlouhotrvaj\u00edc\u00ed v\u00fdkon nebo elegantn\u00ed design, Bang Pulse v\u00e1m to v\u0161echno a je\u0161t\u011b v\u00edc poskytne. Vyberte si <strong>Bang Pulse<\/strong> pro spolehliv\u00fd a p\u0159\u00edjemn\u00fd z\u00e1\u017eitek z vapingu, kter\u00fd vydr\u017e\u00ed.<\/p>\n\n\n\n<p>P\u0159ipojte se k tis\u00edc\u016fm spokojen\u00fdch vaper\u016f, kte\u0159\u00ed miluj\u00ed za\u0159\u00edzen\u00ed Bang! Prozkoumejte na\u0161e <a href=\"https:\/\/vapemaison.com\">domovsk\u00e1 str\u00e1nka<\/a> pro nov\u00e9 p\u0159\u00edr\u016fstky, pod\u00edvejte se na <a href=\"https:\/\/vapemaison.com\/shop\">obchod<\/a> pro kompletn\u00ed sortiment, nebo se dozv\u011bd\u011bt v\u00edce o <a href=\"https:\/\/vapemaison.com\/brand\/bang\">Zna\u010dka Bang<\/a> o kter\u00e9m v\u0161ichni mluv\u00ed. Pro zpest\u0159en\u00ed objevte <a href=\"https:\/\/vapemaison.com\/brand\/humo-azul\/\">Kolekce zna\u010dky Humo Vape<\/a> nebo si prohl\u00e9dn\u011bte v\u0161echny <a href=\"https:\/\/vapemaison.com\/product-category\/puffs-count\/\">Puffs vapes<\/a> na jednom m\u00edst\u011b.<\/p>","protected":false},"excerpt":{"rendered":"<div id=\"model-response-message-contentr_8b5845916801f7c7\" class=\"markdown markdown-main-panel stronger enable-updated-hr-color\" dir=\"ltr\" aria-live=\"polite\" aria-busy=\"false\">\n<p data-path-to-node=\"0\">Zlep\u0161ete sv\u016fj vaping pomoc\u00ed <b data-path-to-node=\"0\" data-index-in-node=\"29\">Bang Pulse 18000<\/b>, kter\u00fd je vybaven vysoce v\u00fdkonn\u00fdm <b data-path-to-node=\"0\" data-index-in-node=\"76\">1,0\u03a9 dvojit\u00e1 s\u00ed\u0165ov\u00e1 c\u00edvka<\/b> a masivn\u00edm 26ml z\u00e1sobn\u00edkem pro trvale v\u00fdraznou chu\u0165. A\u0165 u\u017e si vyberete re\u017eim 9 000 nebo 18 000 \u0161luk\u016f, z\u016fsta\u0148te nap\u00e1jen\u00ed d\u00edky rychl\u00e9mu nab\u00edjen\u00ed typu C a elegantn\u00edmu, ergonomick\u00e9mu designu - vyberte si svou obl\u00edbenou z 12 p\u0159\u00edchut\u00ed je\u0161t\u011b dnes a vychutnejte si prvot\u0159\u00eddn\u00ed v\u00fdkon a rychl\u00e9 dod\u00e1n\u00ed.<\/p>\n<\/div>","protected":false},"featured_media":16664,"comment_status":"open","ping_status":"closed","template":"","meta":[],"product_brand":[57],"product_cat":[175],"product_tag":[],"class_list":{"0":"post-16662","1":"product","2":"type-product","3":"status-publish","4":"has-post-thumbnail","6":"product_brand-bang","7":"product_cat-18k-puffs","9":"first","10":"instock","11":"sale","12":"shipping-taxable","13":"purchasable","14":"product-type-variable"},"yoast_head":"<!-- This site is optimized with the Yoast SEO plugin v27.4 - https:\/\/yoast.com\/product\/yoast-seo-wordpress\/ -->\n<title>Bang Pulse 18000 Puffs Disposable Vape \u2013 26mL,Rechargeable<\/title>\n<meta name=\"description\" content=\"Enjoy up to 18k puffs with the Bang Pulse 18000 Puffs Disposable Vape. Featuring 26mL e-liquid, available in 12 bold flavors.\" \/>\n<meta name=\"robots\" content=\"index, follow, max-snippet:-1, max-image-preview:large, max-video-preview:-1\" \/>\n<link rel=\"canonical\" href=\"https:\/\/vapemaison.com\/cs\/produkt\/bang-pulse-18000-puffs-jednorazove-vape\/\" \/>\n<meta property=\"og:locale\" content=\"cs_CZ\" \/>\n<meta property=\"og:type\" content=\"article\" \/>\n<meta property=\"og:title\" content=\"Bang Pulse 18000 Puffs Disposable Vape \u2013 26mL,Rechargeable\" \/>\n<meta property=\"og:description\" content=\"Enjoy up to 18k puffs with the Bang Pulse 18000 Puffs Disposable Vape. Featuring 26mL e-liquid, available in 12 bold flavors.\" \/>\n<meta property=\"og:url\" content=\"https:\/\/vapemaison.com\/cs\/produkt\/bang-pulse-18000-puffs-jednorazove-vape\/\" \/>\n<meta property=\"og:site_name\" content=\"VapeMaison\" \/>\n<meta property=\"article:modified_time\" content=\"2025-12-22T09:40:34+00:00\" \/>\n<meta property=\"og:image\" content=\"https:\/\/vapemaison.com\/wp-content\/uploads\/2025\/12\/vape-bang-pulse-18000-puffs-bang-pulse-18000.png.webp\" \/>\n\t<meta property=\"og:image:width\" content=\"1000\" \/>\n\t<meta property=\"og:image:height\" content=\"1000\" \/>\n\t<meta property=\"og:image:type\" content=\"image\/webp\" \/>\n<meta name=\"twitter:card\" content=\"summary_large_image\" \/>\n<meta name=\"twitter:label1\" content=\"Odhadovan\u00e1 doba \u010dten\u00ed\" \/>\n\t<meta name=\"twitter:data1\" content=\"2 minuty\" \/>\n<!-- \/ Yoast SEO plugin. -->","yoast_head_json":{"title":"Bang Pulse 18000 Puffs Vape na jedno pou\u017eit\u00ed - 26 ml, dob\u00edjec\u00ed","description":"Vychutnejte si a\u017e 18 000 potah\u016f s jednor\u00e1zovou vapkou Bang Pulse 18000 potah\u016f. Obsahuje 26 ml e-liquidu, kter\u00fd je k dispozici ve 12 v\u00fdrazn\u00fdch p\u0159\u00edchut\u00edch.","robots":{"index":"index","follow":"follow","max-snippet":"max-snippet:-1","max-image-preview":"max-image-preview:large","max-video-preview":"max-video-preview:-1"},"canonical":"https:\/\/vapemaison.com\/cs\/produkt\/bang-pulse-18000-puffs-jednorazove-vape\/","og_locale":"cs_CZ","og_type":"article","og_title":"Bang Pulse 18000 Puffs Disposable Vape \u2013 26mL,Rechargeable","og_description":"Enjoy up to 18k puffs with the Bang Pulse 18000 Puffs Disposable Vape. Featuring 26mL e-liquid, available in 12 bold flavors.","og_url":"https:\/\/vapemaison.com\/cs\/produkt\/bang-pulse-18000-puffs-jednorazove-vape\/","og_site_name":"VapeMaison","article_modified_time":"2025-12-22T09:40:34+00:00","og_image":[{"width":1000,"height":1000,"url":"https:\/\/vapemaison.com\/wp-content\/uploads\/2025\/12\/vape-bang-pulse-18000-puffs-bang-pulse-18000.png.webp","type":"image\/webp"}],"twitter_card":"summary_large_image","twitter_misc":{"Odhadovan\u00e1 doba \u010dten\u00ed":"2 minuty"},"schema":{"@context":"https:\/\/schema.org","@graph":[{"@type":"WebPage","@id":"https:\/\/vapemaison.com\/product\/bang-pulse-18000-puffs-disposable-vape\/","url":"https:\/\/vapemaison.com\/product\/bang-pulse-18000-puffs-disposable-vape\/","name":"Bang Pulse 18000 Puffs Vape na jedno pou\u017eit\u00ed - 26 ml, dob\u00edjec\u00ed","isPartOf":{"@id":"https:\/\/vapemaison.com\/#website"},"primaryImageOfPage":{"@id":"https:\/\/vapemaison.com\/product\/bang-pulse-18000-puffs-disposable-vape\/#primaryimage"},"image":{"@id":"https:\/\/vapemaison.com\/product\/bang-pulse-18000-puffs-disposable-vape\/#primaryimage"},"thumbnailUrl":"https:\/\/vapemaison.com\/wp-content\/uploads\/2025\/12\/vape-bang-pulse-18000-puffs-bang-pulse-18000.png.webp","datePublished":"2025-12-10T08:30:08+00:00","dateModified":"2025-12-22T09:40:34+00:00","description":"Vychutnejte si a\u017e 18 000 potah\u016f s jednor\u00e1zovou vapkou Bang Pulse 18000 potah\u016f. Obsahuje 26 ml e-liquidu, kter\u00fd je k dispozici ve 12 v\u00fdrazn\u00fdch p\u0159\u00edchut\u00edch.","breadcrumb":{"@id":"https:\/\/vapemaison.com\/product\/bang-pulse-18000-puffs-disposable-vape\/#breadcrumb"},"inLanguage":"cs","potentialAction":[{"@type":"ReadAction","target":["https:\/\/vapemaison.com\/product\/bang-pulse-18000-puffs-disposable-vape\/"]}]},{"@type":"ImageObject","inLanguage":"cs","@id":"https:\/\/vapemaison.com\/product\/bang-pulse-18000-puffs-disposable-vape\/#primaryimage","url":"https:\/\/vapemaison.com\/wp-content\/uploads\/2025\/12\/vape-bang-pulse-18000-puffs-bang-pulse-18000.png.webp","contentUrl":"https:\/\/vapemaison.com\/wp-content\/uploads\/2025\/12\/vape-bang-pulse-18000-puffs-bang-pulse-18000.png.webp","width":1000,"height":1000,"caption":"Vape Bang Pulse Puffs Pulse.png"},{"@type":"BreadcrumbList","@id":"https:\/\/vapemaison.com\/product\/bang-pulse-18000-puffs-disposable-vape\/#breadcrumb","itemListElement":[{"@type":"ListItem","position":1,"name":"\u9996\u9875","item":"https:\/\/vapemaison.com\/"},{"@type":"ListItem","position":2,"name":"Shop","item":"https:\/\/vapemaison.com\/shop\/"},{"@type":"ListItem","position":3,"name":"Bang","item":"https:\/\/vapemaison.com\/brand\/bang\/"},{"@type":"ListItem","position":4,"name":"Bang Pulse 18000 Puffs Disposable Vape"}]},{"@type":"WebSite","@id":"https:\/\/vapemaison.com\/#website","url":"https:\/\/vapemaison.com\/","name":"VapeMaison","description":"Pr\u00e9miov\u00e1 vapingov\u00e1 za\u0159\u00edzen\u00ed a p\u0159\u00edslu\u0161enstv\u00ed","publisher":{"@id":"https:\/\/vapemaison.com\/#organization"},"potentialAction":[{"@type":"SearchAction","target":{"@type":"EntryPoint","urlTemplate":"https:\/\/vapemaison.com\/?s={search_term_string}"},"query-input":{"@type":"PropertyValueSpecification","valueRequired":true,"valueName":"search_term_string"}}],"inLanguage":"cs"},{"@type":"Organization","@id":"https:\/\/vapemaison.com\/#organization","name":"VapeMaison","url":"https:\/\/vapemaison.com\/","logo":{"@type":"ImageObject","inLanguage":"cs","@id":"https:\/\/vapemaison.com\/#\/schema\/logo\/image\/","url":"https:\/\/vapemaison.com\/wp-content\/uploads\/2026\/01\/cropped-vapemaison-logo-g-2026.webp","contentUrl":"https:\/\/vapemaison.com\/wp-content\/uploads\/2026\/01\/cropped-vapemaison-logo-g-2026.webp","width":350,"height":280,"caption":"VapeMaison"},"image":{"@id":"https:\/\/vapemaison.com\/#\/schema\/logo\/image\/"},"sameAs":["https:\/\/www.youtube.com\/@VapeMaison"]}]}},"tiered_pricing_type":"fixed","tiered_pricing_fixed_rules":{"30":"10.85","50":"9.56","100":"8.78","200":"7.82"},"tiered_pricing_product_settings":{"layout":"default","base_unit_name":{"singular":null,"plural":null},"default_variation":null},"tiered_pricing_minimum_quantity":10,"tiered_pricing_roles_data":[],"tiered_pricing_percentage_rules":[],"tiered_pricing_maximum_quantity":null,"tiered_pricing_quantity_step":"10","_links":{"self":[{"href":"https:\/\/vapemaison.com\/cs\/wp-json\/wp\/v2\/product\/16662","targetHints":{"allow":["GET"]}}],"collection":[{"href":"https:\/\/vapemaison.com\/cs\/wp-json\/wp\/v2\/product"}],"about":[{"href":"https:\/\/vapemaison.com\/cs\/wp-json\/wp\/v2\/types\/product"}],"replies":[{"embeddable":true,"href":"https:\/\/vapemaison.com\/cs\/wp-json\/wp\/v2\/comments?post=16662"}],"version-history":[{"count":0,"href":"https:\/\/vapemaison.com\/cs\/wp-json\/wp\/v2\/product\/16662\/revisions"}],"wp:featuredmedia":[{"embeddable":true,"href":"https:\/\/vapemaison.com\/cs\/wp-json\/wp\/v2\/media\/16664"}],"wp:attachment":[{"href":"https:\/\/vapemaison.com\/cs\/wp-json\/wp\/v2\/media?parent=16662"}],"wp:term":[{"taxonomy":"product_brand","embeddable":true,"href":"https:\/\/vapemaison.com\/cs\/wp-json\/wp\/v2\/product_brand?post=16662"},{"taxonomy":"product_cat","embeddable":true,"href":"https:\/\/vapemaison.com\/cs\/wp-json\/wp\/v2\/product_cat?post=16662"},{"taxonomy":"product_tag","embeddable":true,"href":"https:\/\/vapemaison.com\/cs\/wp-json\/wp\/v2\/product_tag?post=16662"}],"curies":[{"name":"wp","href":"https:\/\/api.w.org\/{rel}","templated":true}]}}