

{"id":16722,"date":"2025-12-10T08:50:20","date_gmt":"2025-12-10T08:50:20","guid":{"rendered":"https:\/\/vapemaison.com\/?post_type=product&#038;p=16722"},"modified":"2025-12-22T09:38:44","modified_gmt":"2025-12-22T09:38:44","slug":"bang-tornado-20k-puffs-jednorazove-vape","status":"publish","type":"product","link":"https:\/\/vapemaison.com\/cs\/product\/bang-tornado-20k-puffs-disposable-vape\/","title":{"rendered":"Bang Tornado 20K Puffs LED displej jednor\u00e1zov\u00e9 Vape"},"content":{"rendered":"<h3 class=\"wp-block-heading\"><strong>Bang Tornado 20K Puffs LED Display Edition jednor\u00e1zov\u00e9 Vape Pen<\/strong><\/h3>\n\n\n\n<p>Na str\u00e1nk\u00e1ch <strong>Bang Tornado 20K Puffs LED Display Edition jednor\u00e1zov\u00e9 Vape Pen<\/strong> je navr\u017een pro vapery, kte\u0159\u00ed vy\u017eaduj\u00ed vynikaj\u00edc\u00ed v\u00fdkon, pohodl\u00ed a styl. Poskytuje a\u017e <strong>20K Puffs<\/strong>, tato vysokokapacitn\u00ed vapka zaji\u0161\u0165uje del\u0161\u00ed seance uspokojiv\u00e9 p\u00e1ry, tak\u017ee je ide\u00e1ln\u00ed volbou pro ty, kte\u0159\u00ed hledaj\u00ed dlouhotrvaj\u00edc\u00ed po\u017eitek.<\/p>\n\n\n\n<p>S <strong>Kapacita 26 ml e-liquidu<\/strong>, ... <strong>Bang Torn\u00e1do<\/strong> poskytuje dostate\u010dnou dobu vapov\u00e1n\u00ed bez nutnosti \u010dast\u00e9ho dopl\u0148ov\u00e1n\u00ed. Jej\u00ed pokro\u010dil\u00fd <strong>C\u00edvka s oky 1,0\u03a9<\/strong> zvy\u0161uje produkci p\u00e1ry a z\u00e1rove\u0148 poskytuje bohatou a konzistentn\u00ed chu\u0165. Za\u0159\u00edzen\u00ed je tak\u00e9 vybaveno <strong>nastaviteln\u00e9 proud\u011bn\u00ed vzduchu<\/strong>, co\u017e u\u017eivatel\u016fm umo\u017e\u0148uje p\u0159izp\u016fsobit si potahov\u00e1n\u00ed a z\u00edskat tak vapingov\u00fd z\u00e1\u017eitek na m\u00edru.<\/p>\n\n\n\n<p>Nap\u00e1jen\u00ed pomoc\u00ed <strong>Dob\u00edjec\u00ed baterie s kapacitou 1000 mAh<\/strong> a vybaven <strong>Rychl\u00e9 nab\u00edjen\u00ed typu C<\/strong>, ... <strong>Bang Torn\u00e1do<\/strong> zaji\u0161\u0165uje efektivn\u00ed dod\u00e1vku energie, minimalizuje prostoje a udr\u017euje v\u00e1s p\u0159ipraven\u00e9 na dal\u0161\u00ed sezen\u00ed. Vestav\u011bn\u00fd <strong>LED displej<\/strong> poskytuje v re\u00e1ln\u00e9m \u010dase aktu\u00e1ln\u00ed informace o v\u00fddr\u017ei baterie a stavu e-liquidu a nab\u00edz\u00ed tak plnou kontrolu a klid.<\/p>\n\n\n\n<p>K dispozici v sil\u00e1ch nikotinu <strong>0%, 2%, 3% a 5%<\/strong>, a nab\u00edzen\u00e9 v <strong>12 vzru\u0161uj\u00edc\u00edch p\u0159\u00edchut\u00ed<\/strong>, ... <strong>Bang Torn\u00e1do<\/strong> je navr\u017een tak, aby vyhovoval \u0161irok\u00e9 \u0161k\u00e1le preferenc\u00ed, tak\u017ee je vhodn\u00fd jak pro za\u010d\u00ednaj\u00edc\u00ed, tak pro zku\u0161en\u00e9 vapery.<\/p>\n\n\n\n<h3 class=\"wp-block-heading\"><strong>Kl\u00ed\u010dov\u00e9 vlastnosti:<\/strong><\/h3>\n\n\n\n<figure class=\"wp-block-table\"><table class=\"has-fixed-layout\"><thead><tr><th><strong>Funkce<\/strong><\/th><th><strong>Specifikace<\/strong><\/th><\/tr><\/thead><tbody><tr><td><strong>Kapacita nad\u00fdchan\u00e9ho vzduchu<\/strong><\/td><td>A\u017e 20 000 puff\u016f<\/td><\/tr><tr><td><strong>S\u00edla nikotinu<\/strong><\/td><td>0%, 2%, 3%, 5%<\/td><\/tr><tr><td><strong>Kapacita e-kapaliny<\/strong><\/td><td>26 ml<\/td><\/tr><tr><td><strong>Baterie<\/strong><\/td><td>1000mAh dob\u00edjec\u00ed<\/td><\/tr><tr><td><strong>C\u00edvka<\/strong><\/td><td>1,0\u03a9 Mesh Coil<\/td><\/tr><tr><td><strong>Proud\u011bn\u00ed vzduchu<\/strong><\/td><td>Nastaviteln\u00e9 proud\u011bn\u00ed vzduchu<\/td><\/tr><tr><td><strong>Nab\u00edjec\u00ed port<\/strong><\/td><td>Rychl\u00e9 nab\u00edjen\u00ed typu C<\/td><\/tr><tr><td><strong>LED displej<\/strong><\/td><td>Informace o baterii a e-liquidu v re\u00e1ln\u00e9m \u010dase<\/td><\/tr><tr><td><strong>P\u0159\u00edchut\u011b<\/strong><\/td><td>12 odv\u00e1\u017en\u00fdch mo\u017enost\u00ed<\/td><\/tr><\/tbody><\/table><\/figure>\n\n\n\n<h3 class=\"wp-block-heading\"><strong>Seznam p\u0159\u00edchut\u00ed:<\/strong><\/h3>\n\n\n\n<ol class=\"wp-block-list\">\n<li>Meloun<\/li>\n\n\n\n<li>Jahodov\u00fd meloun<\/li>\n\n\n\n<li>Bor\u016fvkov\u00fd led<\/li>\n\n\n\n<li>Bor\u016fvka malina<\/li>\n\n\n\n<li>Jahodov\u00e1 zmrzlina<\/li>\n\n\n\n<li>Jahodov\u00e9 kiwi<\/li>\n\n\n\n<li>Mango broskev meloun<\/li>\n\n\n\n<li>Kiwi Mu\u010denka Ovoce Guava<\/li>\n\n\n\n<li>Broskvov\u00fd led<\/li>\n\n\n\n<li>Sm\u00ed\u0161en\u00e9 bobule<\/li>\n\n\n\n<li>Bor\u016fvka Hroznov\u00e9 v\u00edno<\/li>\n\n\n\n<li>Melounov\u00e1 \u017ev\u00fdka\u010dka<\/li>\n<\/ol>\n\n\n\n<h3 class=\"wp-block-heading\"><strong>Pro\u010d si vybrat Bang Tornado 20000 Puffs?<\/strong><\/h3>\n\n\n\n<ul class=\"wp-block-list\">\n<li><strong>Dlouhotrvaj\u00edc\u00ed kapacita Puff:<\/strong> S a\u017e <strong>20K Puffs<\/strong>, u\u017e\u00edt si po\u0159\u00e1dn\u00fd vapingov\u00fd z\u00e1\u017eitek bez nutnosti \u010dast\u00e9 v\u00fdm\u011bny.<\/li>\n\n\n\n<li><strong>Kapacita pr\u00e9miov\u00e9ho e-liquidu:<\/strong> <strong>26 ml<\/strong> e-liquidu zaji\u0161\u0165uje maxim\u00e1ln\u00ed vyu\u017eit\u00ed ka\u017ed\u00e9ho za\u0159\u00edzen\u00ed, sni\u017euje po\u010det n\u00e1pln\u00ed a zvy\u0161uje pohodl\u00ed.<\/li>\n\n\n\n<li><strong>Z\u00e1\u017eitek z vapingu na m\u00edru:<\/strong> Na str\u00e1nk\u00e1ch <strong>nastaviteln\u00e9 proud\u011bn\u00ed vzduchu<\/strong> a <strong>C\u00edvka s oky 1,0\u03a9<\/strong> zlep\u0161uj\u00ed chu\u0165 a produkci p\u00e1ry, co\u017e v\u00e1m umo\u017en\u00ed p\u0159izp\u016fsobit ka\u017ed\u00e9 sezen\u00ed va\u0161im osobn\u00edm preferenc\u00edm.<\/li>\n\n\n\n<li><strong>Monitorov\u00e1n\u00ed v re\u00e1ln\u00e9m \u010dase:<\/strong> Na str\u00e1nk\u00e1ch <strong>LED displej<\/strong> poskytuje okam\u017eit\u00e9 informace o stavu baterie i e-liquidu, tak\u017ee m\u00e1te v\u017edy v\u0161e pod kontrolou.<\/li>\n\n\n\n<li><strong>Rychl\u00e9 dob\u00edjen\u00ed:<\/strong> <strong>Rychl\u00e9 nab\u00edjen\u00ed typu C<\/strong> zaji\u0161\u0165uje minim\u00e1ln\u00ed prostoje, tak\u017ee jste p\u0159ipraveni k vapov\u00e1n\u00ed b\u011bhem chvilky.<\/li>\n\n\n\n<li><strong>\u0160irok\u00fd v\u00fdb\u011br chut\u00ed:<\/strong> S <strong>12 lahodn\u00fdch p\u0159\u00edchut\u00ed<\/strong> a s\u00edlu nikotinu v rozmez\u00ed od <strong>0% a\u017e 5%<\/strong>, ... <strong>Bang Torn\u00e1do<\/strong> spl\u0148uje pot\u0159eby v\u0161ech vaper\u016f.<\/li>\n<\/ul>\n\n\n\n<p>Zlep\u0161ete sv\u016fj z\u00e1\u017eitek z vapingu s p\u0159\u00edstrojem <strong>Bang Tornado 20K Puffs LED Display Edition jednor\u00e1zov\u00e9 Vape Pen<\/strong>-navr\u017een\u00e9 pro v\u00fdkon, pohodl\u00ed a v\u00fdraznou chu\u0165. Ide\u00e1ln\u00ed pro ka\u017ed\u00e9ho vapera, kter\u00fd hled\u00e1 spolehlivou jednor\u00e1zovou vapku s vysokou kapacitou.<\/p>\n\n\n\n<p>P\u0159ipojte se k tis\u00edc\u016fm spokojen\u00fdch vaper\u016f, kte\u0159\u00ed miluj\u00ed za\u0159\u00edzen\u00ed Bang! Prozkoumejte na\u0161e <a href=\"https:\/\/vapemaison.com\">domovsk\u00e1 str\u00e1nka<\/a> pro nov\u00e9 p\u0159\u00edr\u016fstky, pod\u00edvejte se na <a href=\"https:\/\/vapemaison.com\/shop\">obchod<\/a> pro kompletn\u00ed sortiment, nebo se dozv\u011bd\u011bt v\u00edce o <a href=\"https:\/\/vapemaison.com\/brand\/bang\">Zna\u010dka Bang<\/a> o kter\u00e9m v\u0161ichni mluv\u00ed. Pro zpest\u0159en\u00ed objevte <a href=\"https:\/\/vapemaison.com\/brand\/humo-azul\/\">Kolekce zna\u010dky Humo Vape<\/a> nebo si prohl\u00e9dn\u011bte v\u0161echny <a href=\"https:\/\/vapemaison.com\/product-category\/puffs-count\/\">Puffs vapes<\/a> na jednom m\u00edst\u011b.<\/p>","protected":false},"excerpt":{"rendered":"<div id=\"model-response-message-contentr_41a9ae1d0168c6d5\" class=\"markdown markdown-main-panel stronger enable-updated-hr-color\" dir=\"ltr\" aria-live=\"polite\" aria-busy=\"false\">\n<p data-path-to-node=\"0\">Vyzkou\u0161ejte si 20 000 vdech\u016f precizn\u011b navr\u017een\u00e9 p\u00e1ry s p\u0159\u00edstrojem <b data-path-to-node=\"0\" data-index-in-node=\"63\">Bang Tornado 20K<\/b>, kter\u00e1 je vybavena vysokokapacitn\u00ed bateri\u00ed s kapacitou 1000 mAh a nastaviteln\u00fdm airflow pro pln\u011b p\u0159izp\u016fsoben\u00e9 potahov\u00e1n\u00ed. Sledujte sv\u00e9 hladiny na prvn\u00ed pohled pomoc\u00ed LED displeje v re\u00e1ln\u00e9m \u010dase a vychutnejte si konzistentn\u00ed, bohatou chu\u0165 ze s\u00ed\u0165ov\u00e9 spir\u00e1lky 1,0\u03a9 - vyberte si s\u00edlu nikotinu nyn\u00ed a zajist\u011bte si tento vysoce v\u00fdkonn\u00fd model s na\u0161\u00ed aktu\u00e1ln\u00ed z\u00e1rukou rychl\u00e9ho dod\u00e1n\u00ed.<\/p>\n<\/div>","protected":false},"featured_media":16727,"comment_status":"open","ping_status":"closed","template":"","meta":[],"product_brand":[57],"product_cat":[133,16],"product_tag":[],"class_list":{"0":"post-16722","1":"product","2":"type-product","3":"status-publish","4":"has-post-thumbnail","6":"product_brand-bang","7":"product_cat-20k-puffs","8":"product_cat-uncategorized","10":"first","11":"instock","12":"sale","13":"shipping-taxable","14":"purchasable","15":"product-type-variable"},"yoast_head":"<!-- This site is optimized with the Yoast SEO plugin v27.4 - https:\/\/yoast.com\/product\/yoast-seo-wordpress\/ -->\n<title>Bang Tornado 20k Puffs Disposable Vape \u2013 LED Display<\/title>\n<meta name=\"description\" content=\"Enjoy up to 20k puffs with the Bang Tornado Disposable Vape. Featuring 26mL e-liquid, 1.0\u03a9 mesh coil, and LED display for a premium vaping experience.\" \/>\n<meta name=\"robots\" content=\"index, follow, max-snippet:-1, max-image-preview:large, max-video-preview:-1\" \/>\n<link rel=\"canonical\" href=\"https:\/\/vapemaison.com\/cs\/produkt\/bang-tornado-20k-puffs-jednorazove-vape\/\" \/>\n<meta property=\"og:locale\" content=\"cs_CZ\" \/>\n<meta property=\"og:type\" content=\"article\" \/>\n<meta property=\"og:title\" content=\"Bang Tornado 20k Puffs Disposable Vape \u2013 LED Display\" \/>\n<meta property=\"og:description\" content=\"Enjoy up to 20k puffs with the Bang Tornado Disposable Vape. Featuring 26mL e-liquid, 1.0\u03a9 mesh coil, and LED display for a premium vaping experience.\" \/>\n<meta property=\"og:url\" content=\"https:\/\/vapemaison.com\/cs\/produkt\/bang-tornado-20k-puffs-jednorazove-vape\/\" \/>\n<meta property=\"og:site_name\" content=\"VapeMaison\" \/>\n<meta property=\"article:modified_time\" content=\"2025-12-22T09:38:44+00:00\" \/>\n<meta property=\"og:image\" content=\"https:\/\/vapemaison.com\/wp-content\/uploads\/2025\/12\/vape-bang-tornado-20000-puffs-main-picture.jpg.webp\" \/>\n\t<meta property=\"og:image:width\" content=\"1000\" \/>\n\t<meta property=\"og:image:height\" content=\"1000\" \/>\n\t<meta property=\"og:image:type\" content=\"image\/webp\" \/>\n<meta name=\"twitter:card\" content=\"summary_large_image\" \/>\n<meta name=\"twitter:label1\" content=\"Odhadovan\u00e1 doba \u010dten\u00ed\" \/>\n\t<meta name=\"twitter:data1\" content=\"3 minuty\" \/>\n<!-- \/ Yoast SEO plugin. -->","yoast_head_json":{"title":"Bang Tornado 20k Puffs Vape na jedno pou\u017eit\u00ed - LED displej","description":"Vychutnejte si a\u017e 20 tis\u00edc \u0161luk\u016f s jednor\u00e1zov\u00fdm vape Bang Tornado. Obsahuje 26 ml e-liquidu, 1,0\u03a9 mesh spir\u00e1lku a LED displej pro prvot\u0159\u00eddn\u00ed vapingov\u00fd z\u00e1\u017eitek.","robots":{"index":"index","follow":"follow","max-snippet":"max-snippet:-1","max-image-preview":"max-image-preview:large","max-video-preview":"max-video-preview:-1"},"canonical":"https:\/\/vapemaison.com\/cs\/produkt\/bang-tornado-20k-puffs-jednorazove-vape\/","og_locale":"cs_CZ","og_type":"article","og_title":"Bang Tornado 20k Puffs Disposable Vape \u2013 LED Display","og_description":"Enjoy up to 20k puffs with the Bang Tornado Disposable Vape. Featuring 26mL e-liquid, 1.0\u03a9 mesh coil, and LED display for a premium vaping experience.","og_url":"https:\/\/vapemaison.com\/cs\/produkt\/bang-tornado-20k-puffs-jednorazove-vape\/","og_site_name":"VapeMaison","article_modified_time":"2025-12-22T09:38:44+00:00","og_image":[{"width":1000,"height":1000,"url":"https:\/\/vapemaison.com\/wp-content\/uploads\/2025\/12\/vape-bang-tornado-20000-puffs-main-picture.jpg.webp","type":"image\/webp"}],"twitter_card":"summary_large_image","twitter_misc":{"Odhadovan\u00e1 doba \u010dten\u00ed":"3 minuty"},"schema":{"@context":"https:\/\/schema.org","@graph":[{"@type":"WebPage","@id":"https:\/\/vapemaison.com\/product\/bang-tornado-20k-puffs-disposable-vape\/","url":"https:\/\/vapemaison.com\/product\/bang-tornado-20k-puffs-disposable-vape\/","name":"Bang Tornado 20k Puffs Vape na jedno pou\u017eit\u00ed - LED displej","isPartOf":{"@id":"https:\/\/vapemaison.com\/#website"},"primaryImageOfPage":{"@id":"https:\/\/vapemaison.com\/product\/bang-tornado-20k-puffs-disposable-vape\/#primaryimage"},"image":{"@id":"https:\/\/vapemaison.com\/product\/bang-tornado-20k-puffs-disposable-vape\/#primaryimage"},"thumbnailUrl":"https:\/\/vapemaison.com\/wp-content\/uploads\/2025\/12\/vape-bang-tornado-20000-puffs-main-picture.jpg.webp","datePublished":"2025-12-10T08:50:20+00:00","dateModified":"2025-12-22T09:38:44+00:00","description":"Vychutnejte si a\u017e 20 tis\u00edc \u0161luk\u016f s jednor\u00e1zov\u00fdm vape Bang Tornado. Obsahuje 26 ml e-liquidu, 1,0\u03a9 mesh spir\u00e1lku a LED displej pro prvot\u0159\u00eddn\u00ed vapingov\u00fd z\u00e1\u017eitek.","breadcrumb":{"@id":"https:\/\/vapemaison.com\/product\/bang-tornado-20k-puffs-disposable-vape\/#breadcrumb"},"inLanguage":"cs","potentialAction":[{"@type":"ReadAction","target":["https:\/\/vapemaison.com\/product\/bang-tornado-20k-puffs-disposable-vape\/"]}]},{"@type":"ImageObject","inLanguage":"cs","@id":"https:\/\/vapemaison.com\/product\/bang-tornado-20k-puffs-disposable-vape\/#primaryimage","url":"https:\/\/vapemaison.com\/wp-content\/uploads\/2025\/12\/vape-bang-tornado-20000-puffs-main-picture.jpg.webp","contentUrl":"https:\/\/vapemaison.com\/wp-content\/uploads\/2025\/12\/vape-bang-tornado-20000-puffs-main-picture.jpg.webp","width":1000,"height":1000,"caption":"Vape Bang Tornado Puffs Main Picture.jpg"},{"@type":"BreadcrumbList","@id":"https:\/\/vapemaison.com\/product\/bang-tornado-20k-puffs-disposable-vape\/#breadcrumb","itemListElement":[{"@type":"ListItem","position":1,"name":"\u9996\u9875","item":"https:\/\/vapemaison.com\/"},{"@type":"ListItem","position":2,"name":"Shop","item":"https:\/\/vapemaison.com\/shop\/"},{"@type":"ListItem","position":3,"name":"Bang","item":"https:\/\/vapemaison.com\/brand\/bang\/"},{"@type":"ListItem","position":4,"name":"Bang Tornado 20K Puffs LED Display Disposable Vape"}]},{"@type":"WebSite","@id":"https:\/\/vapemaison.com\/#website","url":"https:\/\/vapemaison.com\/","name":"VapeMaison","description":"Pr\u00e9miov\u00e1 vapingov\u00e1 za\u0159\u00edzen\u00ed a p\u0159\u00edslu\u0161enstv\u00ed","publisher":{"@id":"https:\/\/vapemaison.com\/#organization"},"potentialAction":[{"@type":"SearchAction","target":{"@type":"EntryPoint","urlTemplate":"https:\/\/vapemaison.com\/?s={search_term_string}"},"query-input":{"@type":"PropertyValueSpecification","valueRequired":true,"valueName":"search_term_string"}}],"inLanguage":"cs"},{"@type":"Organization","@id":"https:\/\/vapemaison.com\/#organization","name":"VapeMaison","url":"https:\/\/vapemaison.com\/","logo":{"@type":"ImageObject","inLanguage":"cs","@id":"https:\/\/vapemaison.com\/#\/schema\/logo\/image\/","url":"https:\/\/vapemaison.com\/wp-content\/uploads\/2026\/01\/cropped-vapemaison-logo-g-2026.webp","contentUrl":"https:\/\/vapemaison.com\/wp-content\/uploads\/2026\/01\/cropped-vapemaison-logo-g-2026.webp","width":350,"height":280,"caption":"VapeMaison"},"image":{"@id":"https:\/\/vapemaison.com\/#\/schema\/logo\/image\/"},"sameAs":["https:\/\/www.youtube.com\/@VapeMaison"]}]}},"tiered_pricing_type":"fixed","tiered_pricing_fixed_rules":{"30":"9.99","50":"9.12","100":"8.54","200":"7.26"},"tiered_pricing_product_settings":{"layout":"default","base_unit_name":{"singular":null,"plural":null},"default_variation":null},"tiered_pricing_minimum_quantity":10,"tiered_pricing_roles_data":[],"tiered_pricing_percentage_rules":[],"tiered_pricing_maximum_quantity":null,"tiered_pricing_quantity_step":"10","_links":{"self":[{"href":"https:\/\/vapemaison.com\/cs\/wp-json\/wp\/v2\/product\/16722","targetHints":{"allow":["GET"]}}],"collection":[{"href":"https:\/\/vapemaison.com\/cs\/wp-json\/wp\/v2\/product"}],"about":[{"href":"https:\/\/vapemaison.com\/cs\/wp-json\/wp\/v2\/types\/product"}],"replies":[{"embeddable":true,"href":"https:\/\/vapemaison.com\/cs\/wp-json\/wp\/v2\/comments?post=16722"}],"version-history":[{"count":0,"href":"https:\/\/vapemaison.com\/cs\/wp-json\/wp\/v2\/product\/16722\/revisions"}],"wp:featuredmedia":[{"embeddable":true,"href":"https:\/\/vapemaison.com\/cs\/wp-json\/wp\/v2\/media\/16727"}],"wp:attachment":[{"href":"https:\/\/vapemaison.com\/cs\/wp-json\/wp\/v2\/media?parent=16722"}],"wp:term":[{"taxonomy":"product_brand","embeddable":true,"href":"https:\/\/vapemaison.com\/cs\/wp-json\/wp\/v2\/product_brand?post=16722"},{"taxonomy":"product_cat","embeddable":true,"href":"https:\/\/vapemaison.com\/cs\/wp-json\/wp\/v2\/product_cat?post=16722"},{"taxonomy":"product_tag","embeddable":true,"href":"https:\/\/vapemaison.com\/cs\/wp-json\/wp\/v2\/product_tag?post=16722"}],"curies":[{"name":"wp","href":"https:\/\/api.w.org\/{rel}","templated":true}]}}