

{"id":16781,"date":"2025-12-10T09:53:54","date_gmt":"2025-12-10T09:53:54","guid":{"rendered":"https:\/\/vapemaison.com\/?post_type=product&#038;p=16781"},"modified":"2025-12-22T09:38:12","modified_gmt":"2025-12-22T09:38:12","slug":"bang-tornado-40k-puffs-jednorazove-vape","status":"publish","type":"product","link":"https:\/\/vapemaison.com\/cs\/product\/bang-tornado-40k-puffs-disposable-vape\/","title":{"rendered":"Bang Tornado 40K Puffs LED displej jednor\u00e1zov\u00e9 Vape"},"content":{"rendered":"<h3 class=\"wp-block-heading\"><strong>Bang Tornado 40K Puffs Velk\u00fd kou\u0159ov\u00fd LED displej Jednor\u00e1zov\u00e1 vape - dokonal\u00fd z\u00e1\u017eitek z vapingu<\/strong><\/h3>\n\n\n\n<p>Na str\u00e1nk\u00e1ch <strong>Bang Tornado 40K Puffs Velk\u00fd kou\u0159ov\u00fd LED displej Jednor\u00e1zov\u00fd Vape<\/strong> je ur\u010den pro vapery, kte\u0159\u00ed hledaj\u00ed dokonalou kombinaci v\u00fdkonu, stylu a pohodl\u00ed. D\u00edky schopnosti dodat a\u017e <strong>40K Puffs<\/strong>, je toto vysokokapacitn\u00ed za\u0159\u00edzen\u00ed ide\u00e1ln\u00ed pro del\u0161\u00ed vapingov\u00e9 seance bez nutnosti \u010dast\u00e9ho dopl\u0148ov\u00e1n\u00ed nebo v\u00fdm\u011bny.<\/p>\n\n\n\n<p>Vybaveno <strong>t\u0159i pokro\u010dil\u00e9 s\u00ed\u0165ov\u00e9 c\u00edvky<\/strong>, ... <strong>Bang Torn\u00e1do<\/strong> vytv\u00e1\u0159\u00ed konzistentn\u00ed, aromatickou p\u00e1ru a masivn\u00ed mraky p\u0159i ka\u017ed\u00e9m \u0161luknut\u00ed. Na <strong>chytr\u00fd LED displej<\/strong> poskytuje v re\u00e1ln\u00e9m \u010dase aktu\u00e1ln\u00ed informace o stavu e-liquidu a baterie, tak\u017ee jste v\u017edy informov\u00e1ni o stavu sv\u00e9ho za\u0159\u00edzen\u00ed.<\/p>\n\n\n\n<p>Na str\u00e1nk\u00e1ch <strong>Dob\u00edjec\u00ed baterie 850 mAh<\/strong> zaru\u010duje dlouhotrvaj\u00edc\u00ed v\u00fdkon a <strong>Nab\u00edjec\u00ed port typu C<\/strong> nab\u00edz\u00ed rychl\u00e9 dob\u00edjen\u00ed, minimalizuje prostoje a maximalizuje v\u00e1\u0161 z\u00e1\u017eitek z vapov\u00e1n\u00ed. K dispozici v proveden\u00ed <strong>S\u00edla nikotinu 0%, 2%, 3% a 5%<\/strong>, a s <strong>12 jedine\u010dn\u00fdch mo\u017enost\u00ed p\u0159\u00edchut\u00ed<\/strong>, ... <strong>Bang Tornado 40000<\/strong> vyhovuje \u0161irok\u00e9 \u0161k\u00e1le preferenc\u00ed, a\u0165 u\u017e d\u00e1v\u00e1te p\u0159ednost beznikotinov\u00e9mu z\u00e1\u017eitku, nebo siln\u011bj\u0161\u00edmu n\u00e1dechu.<\/p>\n\n\n\n<p>Ka\u017ed\u00e9 za\u0159\u00edzen\u00ed je dod\u00e1v\u00e1no s <strong>8 kus\u016f v krabici<\/strong>, tak\u017ee je ide\u00e1ln\u00ed jak pro individu\u00e1ln\u00ed u\u017eivatele, tak pro prodejce. Vyberte si <strong>Bang Tornado 40K Puffs LED displej jednor\u00e1zov\u00e9 Vape<\/strong> pro \u0161pi\u010dkov\u00fd, technologicky vysp\u011bl\u00fd vapingov\u00fd z\u00e1\u017eitek, kter\u00fd se odli\u0161uje od ostatn\u00edch.<\/p>\n\n\n\n<h3 class=\"wp-block-heading\"><strong>Kl\u00ed\u010dov\u00e9 vlastnosti:<\/strong><\/h3>\n\n\n\n<figure class=\"wp-block-table\"><table class=\"has-fixed-layout\"><thead><tr><th><strong>Funkce<\/strong><\/th><th><strong>Specifikace<\/strong><\/th><\/tr><\/thead><tbody><tr><td><strong>Kapacita nad\u00fdchan\u00e9ho vzduchu<\/strong><\/td><td>A\u017e 40 tis\u00edc puf\u016f<\/td><\/tr><tr><td><strong>S\u00edla nikotinu<\/strong><\/td><td>0%, 2%, 3%, 5%<\/td><\/tr><tr><td><strong>Kapacita e-kapaliny<\/strong><\/td><td>40 ml<\/td><\/tr><tr><td><strong>Typ c\u00edvky<\/strong><\/td><td>T\u0159i pokro\u010dil\u00e9 s\u00ed\u0165ov\u00e9 c\u00edvky<\/td><\/tr><tr><td><strong>Funkce obrazovky<\/strong><\/td><td>Chytr\u00e1 LED obrazovka (stav baterie a e-liquidu)<\/td><\/tr><tr><td><strong>Kapacita baterie<\/strong><\/td><td>850mAh dob\u00edjec\u00ed<\/td><\/tr><tr><td><strong>Zp\u016fsob nab\u00edjen\u00ed<\/strong><\/td><td>Rychl\u00e9 nab\u00edjen\u00ed typu C<\/td><\/tr><tr><td><strong>P\u0159\u00edchut\u011b<\/strong><\/td><td>12 mo\u017enost\u00ed p\u0159\u00edchut\u00ed<\/td><\/tr><tr><td><strong>Balen\u00ed<\/strong><\/td><td>8 kus\u016f v krabici<\/td><\/tr><\/tbody><\/table><\/figure>\n\n\n\n<h3 class=\"wp-block-heading\"><strong>Dostupn\u00e9 p\u0159\u00edchut\u011b:<\/strong><\/h3>\n\n\n\n<ol class=\"wp-block-list\">\n<li>Broskvov\u00fd led<\/li>\n\n\n\n<li>L\u00e1ska 66<\/li>\n\n\n\n<li>Trojit\u00e9 bobule<\/li>\n\n\n\n<li>Bor\u016fvkov\u00fd citron<\/li>\n\n\n\n<li>Energetick\u00fd n\u00e1poj<\/li>\n\n\n\n<li>Dvojit\u00e9 jablko<\/li>\n\n\n\n<li>Mango Peach<\/li>\n\n\n\n<li>Bor\u016fvka Hroznov\u00e9 v\u00edno<\/li>\n\n\n\n<li>Jahodov\u00fd meloun<\/li>\n\n\n\n<li>Jahodov\u00e9 kiwi<\/li>\n\n\n\n<li>Bor\u016fvka malina<\/li>\n\n\n\n<li>Meloun<\/li>\n<\/ol>\n\n\n\n<h3 class=\"wp-block-heading\"><strong>Pro\u010d si vybrat Bang Tornado 40000 Puffs?<\/strong><\/h3>\n\n\n\n<ul class=\"wp-block-list\">\n<li><strong>Impozantn\u00ed kapacita pufov\u00e1n\u00ed:<\/strong> S a\u017e <strong>40K Puffs<\/strong>, u\u017e\u00edt si del\u0161\u00ed vapingov\u00e9 seance bez nutnosti \u010dast\u00e9 v\u00fdm\u011bny nebo dopl\u0148ov\u00e1n\u00ed.<\/li>\n\n\n\n<li><strong>Pokro\u010dil\u00e9 s\u00ed\u0165ov\u00e9 c\u00edvky:<\/strong> Na str\u00e1nk\u00e1ch <strong>t\u0159i s\u00ed\u0165ov\u00e9 c\u00edvky<\/strong> zaji\u0161\u0165uj\u00ed konzistentn\u00ed produkci p\u00e1ry a lep\u0161\u00ed pod\u00e1n\u00ed chuti, tak\u017ee ka\u017ed\u00e9 \u0161luknut\u00ed je hladk\u00e9 a uspokojiv\u00e9.<\/li>\n\n\n\n<li><strong>Chytr\u00fd LED displej:<\/strong> Sledujte sv\u00e9 <strong>\u00farove\u0148 nabit\u00ed baterie a e-liquidu<\/strong> v re\u00e1ln\u00e9m \u010dase pomoc\u00ed intuitivn\u00edho LED displeje.<\/li>\n\n\n\n<li><strong>Rychl\u00e9 dob\u00edjen\u00ed:<\/strong> Na str\u00e1nk\u00e1ch <strong>Nab\u00edjen\u00ed typu C<\/strong> zaji\u0161\u0165uje rychl\u00e9 dob\u00edjen\u00ed, minimalizuje prostoje a udr\u017euje v\u00e1s p\u0159ipraven\u00e9 k vapov\u00e1n\u00ed.<\/li>\n\n\n\n<li><strong>\u0160irok\u00e1 \u0161k\u00e1la chut\u00ed a nikotinu:<\/strong> K dispozici v <strong>12 jedine\u010dn\u00fdch p\u0159\u00edchut\u00ed<\/strong> a s\u00edly nikotinu od <strong>0% a\u017e 5%<\/strong>, Bang Tornado spl\u0148uje r\u016fzn\u00e9 po\u017eadavky.<\/li>\n<\/ul>\n\n\n\n<p>Zlep\u0161ete sv\u016fj z\u00e1\u017eitek z vapingu s p\u0159\u00edstrojem <strong>Bang Tornado 40000 Puffs LED displej jednor\u00e1zov\u00e9 Vape<\/strong> - navr\u017een\u00fd pro ty, kte\u0159\u00ed vy\u017eaduj\u00ed v\u00fdkon, chu\u0165 a styl v jednom za\u0159\u00edzen\u00ed.<\/p>\n\n\n\n<p>P\u0159ipojte se k tis\u00edc\u016fm spokojen\u00fdch vaper\u016f, kte\u0159\u00ed miluj\u00ed za\u0159\u00edzen\u00ed Bang! Prozkoumejte na\u0161e <a href=\"https:\/\/vapemaison.com\">domovsk\u00e1 str\u00e1nka<\/a> pro nov\u00e9 p\u0159\u00edr\u016fstky, pod\u00edvejte se na <a href=\"https:\/\/vapemaison.com\/shop\">obchod<\/a> pro kompletn\u00ed sortiment, nebo se dozv\u011bd\u011bt v\u00edce o <a href=\"https:\/\/vapemaison.com\/brand\/bang\">Zna\u010dka Bang<\/a> o kter\u00e9m v\u0161ichni mluv\u00ed. Pro zpest\u0159en\u00ed objevte <a href=\"https:\/\/vapemaison.com\/brand\/humo-azul\/\">Kolekce zna\u010dky Humo Vape<\/a> nebo si prohl\u00e9dn\u011bte v\u0161echny <a href=\"https:\/\/vapemaison.com\/product-category\/puffs-count\/\">Puffs vapes<\/a> na jednom m\u00edst\u011b.<\/p>","protected":false},"excerpt":{"rendered":"<p>Uvoln\u011bte si dokonal\u00fd z\u00e1\u017eitek z pron\u00e1sledov\u00e1n\u00ed cloudu pomoc\u00ed <b data-path-to-node=\"0\" data-index-in-node=\"55\">Bang Torn\u00e1do 40K<\/b>, se syst\u00e9mem trojit\u00e9 s\u00ed\u0165ov\u00e9 spir\u00e1lky a obrovskou kapacitou 40 ml pro intenzivn\u00ed chu\u0165 a masivn\u00ed produkci p\u00e1ry. M\u011bjte v\u0161e pod kontrolou d\u00edky chytr\u00e9mu LED displeji a robustn\u00ed 850mAh baterii - objednejte si je\u0161t\u011b dnes, zajist\u011bte si preferovanou s\u00edlu nikotinu a vyu\u017eijte na\u0161i aktu\u00e1ln\u00ed nab\u00eddku rychl\u00e9ho dod\u00e1n\u00ed.<\/p>","protected":false},"featured_media":16788,"comment_status":"open","ping_status":"closed","template":"","meta":[],"product_brand":[57],"product_cat":[135],"product_tag":[],"class_list":{"0":"post-16781","1":"product","2":"type-product","3":"status-publish","4":"has-post-thumbnail","6":"product_brand-bang","7":"product_cat-40k-puffs","9":"first","10":"instock","11":"sale","12":"shipping-taxable","13":"purchasable","14":"product-type-variable"},"yoast_head":"<!-- This site is optimized with the Yoast SEO plugin v27.4 - https:\/\/yoast.com\/product\/yoast-seo-wordpress\/ -->\n<title>Bang Tornado 40k Puffs Disposable Vape \u2013 LED Display - VapeMaison<\/title>\n<meta name=\"description\" content=\"Enjoy up to 40k puffs with the Bang Tornado Disposable Vape. Features 40mL e-liquid, 3 mesh coils, LED display, and Type-C charging.\" \/>\n<meta name=\"robots\" content=\"index, follow, max-snippet:-1, max-image-preview:large, max-video-preview:-1\" \/>\n<link rel=\"canonical\" href=\"https:\/\/vapemaison.com\/cs\/produkt\/bang-tornado-40k-puffs-jednorazove-vape\/\" \/>\n<meta property=\"og:locale\" content=\"cs_CZ\" \/>\n<meta property=\"og:type\" content=\"article\" \/>\n<meta property=\"og:title\" content=\"Bang Tornado 40k Puffs Disposable Vape \u2013 LED Display - VapeMaison\" \/>\n<meta property=\"og:description\" content=\"Enjoy up to 40k puffs with the Bang Tornado Disposable Vape. Features 40mL e-liquid, 3 mesh coils, LED display, and Type-C charging.\" \/>\n<meta property=\"og:url\" content=\"https:\/\/vapemaison.com\/cs\/produkt\/bang-tornado-40k-puffs-jednorazove-vape\/\" \/>\n<meta property=\"og:site_name\" content=\"VapeMaison\" \/>\n<meta property=\"article:modified_time\" content=\"2025-12-22T09:38:12+00:00\" \/>\n<meta property=\"og:image\" content=\"https:\/\/vapemaison.com\/wp-content\/uploads\/2025\/12\/vape-bang-tornado-40000-puffs-triple-berry-654x690.jpg.webp\" \/>\n\t<meta property=\"og:image:width\" content=\"654\" \/>\n\t<meta property=\"og:image:height\" content=\"690\" \/>\n\t<meta property=\"og:image:type\" content=\"image\/webp\" \/>\n<meta name=\"twitter:card\" content=\"summary_large_image\" \/>\n<meta name=\"twitter:label1\" content=\"Odhadovan\u00e1 doba \u010dten\u00ed\" \/>\n\t<meta name=\"twitter:data1\" content=\"3 minuty\" \/>\n<!-- \/ Yoast SEO plugin. -->","yoast_head_json":{"title":"Bang Tornado 40k Puffs Vape - LED displej - VapeMaison","description":"Vychutnejte si a\u017e 40 tis\u00edc \u0161luk\u016f s jednor\u00e1zov\u00fdm vape Bang Tornado. Nab\u00edz\u00ed 40 ml e-liquidu, 3 s\u00ed\u0165ov\u00e9 spir\u00e1lky, LED displej a nab\u00edjen\u00ed Type-C.","robots":{"index":"index","follow":"follow","max-snippet":"max-snippet:-1","max-image-preview":"max-image-preview:large","max-video-preview":"max-video-preview:-1"},"canonical":"https:\/\/vapemaison.com\/cs\/produkt\/bang-tornado-40k-puffs-jednorazove-vape\/","og_locale":"cs_CZ","og_type":"article","og_title":"Bang Tornado 40k Puffs Disposable Vape \u2013 LED Display - VapeMaison","og_description":"Enjoy up to 40k puffs with the Bang Tornado Disposable Vape. Features 40mL e-liquid, 3 mesh coils, LED display, and Type-C charging.","og_url":"https:\/\/vapemaison.com\/cs\/produkt\/bang-tornado-40k-puffs-jednorazove-vape\/","og_site_name":"VapeMaison","article_modified_time":"2025-12-22T09:38:12+00:00","og_image":[{"width":654,"height":690,"url":"https:\/\/vapemaison.com\/wp-content\/uploads\/2025\/12\/vape-bang-tornado-40000-puffs-triple-berry-654x690.jpg.webp","type":"image\/webp"}],"twitter_card":"summary_large_image","twitter_misc":{"Odhadovan\u00e1 doba \u010dten\u00ed":"3 minuty"},"schema":{"@context":"https:\/\/schema.org","@graph":[{"@type":"WebPage","@id":"https:\/\/vapemaison.com\/product\/bang-tornado-40k-puffs-disposable-vape\/","url":"https:\/\/vapemaison.com\/product\/bang-tornado-40k-puffs-disposable-vape\/","name":"Bang Tornado 40k Puffs Vape - LED displej - VapeMaison","isPartOf":{"@id":"https:\/\/vapemaison.com\/#website"},"primaryImageOfPage":{"@id":"https:\/\/vapemaison.com\/product\/bang-tornado-40k-puffs-disposable-vape\/#primaryimage"},"image":{"@id":"https:\/\/vapemaison.com\/product\/bang-tornado-40k-puffs-disposable-vape\/#primaryimage"},"thumbnailUrl":"https:\/\/vapemaison.com\/wp-content\/uploads\/2025\/12\/vape-bang-tornado-40000-puffs-triple-berry-654x690.jpg.webp","datePublished":"2025-12-10T09:53:54+00:00","dateModified":"2025-12-22T09:38:12+00:00","description":"Vychutnejte si a\u017e 40 tis\u00edc \u0161luk\u016f s jednor\u00e1zov\u00fdm vape Bang Tornado. Nab\u00edz\u00ed 40 ml e-liquidu, 3 s\u00ed\u0165ov\u00e9 spir\u00e1lky, LED displej a nab\u00edjen\u00ed Type-C.","breadcrumb":{"@id":"https:\/\/vapemaison.com\/product\/bang-tornado-40k-puffs-disposable-vape\/#breadcrumb"},"inLanguage":"cs","potentialAction":[{"@type":"ReadAction","target":["https:\/\/vapemaison.com\/product\/bang-tornado-40k-puffs-disposable-vape\/"]}]},{"@type":"ImageObject","inLanguage":"cs","@id":"https:\/\/vapemaison.com\/product\/bang-tornado-40k-puffs-disposable-vape\/#primaryimage","url":"https:\/\/vapemaison.com\/wp-content\/uploads\/2025\/12\/vape-bang-tornado-40000-puffs-triple-berry-654x690.jpg.webp","contentUrl":"https:\/\/vapemaison.com\/wp-content\/uploads\/2025\/12\/vape-bang-tornado-40000-puffs-triple-berry-654x690.jpg.webp","width":654,"height":690,"caption":"Vape Bang Tornado Puffs Triple Berry 654x690.jpg"},{"@type":"BreadcrumbList","@id":"https:\/\/vapemaison.com\/product\/bang-tornado-40k-puffs-disposable-vape\/#breadcrumb","itemListElement":[{"@type":"ListItem","position":1,"name":"\u9996\u9875","item":"https:\/\/vapemaison.com\/"},{"@type":"ListItem","position":2,"name":"Shop","item":"https:\/\/vapemaison.com\/shop\/"},{"@type":"ListItem","position":3,"name":"Bang","item":"https:\/\/vapemaison.com\/brand\/bang\/"},{"@type":"ListItem","position":4,"name":"Bang Tornado 40K Puffs LED Display Disposable Vape"}]},{"@type":"WebSite","@id":"https:\/\/vapemaison.com\/#website","url":"https:\/\/vapemaison.com\/","name":"VapeMaison","description":"Pr\u00e9miov\u00e1 vapingov\u00e1 za\u0159\u00edzen\u00ed a p\u0159\u00edslu\u0161enstv\u00ed","publisher":{"@id":"https:\/\/vapemaison.com\/#organization"},"potentialAction":[{"@type":"SearchAction","target":{"@type":"EntryPoint","urlTemplate":"https:\/\/vapemaison.com\/?s={search_term_string}"},"query-input":{"@type":"PropertyValueSpecification","valueRequired":true,"valueName":"search_term_string"}}],"inLanguage":"cs"},{"@type":"Organization","@id":"https:\/\/vapemaison.com\/#organization","name":"VapeMaison","url":"https:\/\/vapemaison.com\/","logo":{"@type":"ImageObject","inLanguage":"cs","@id":"https:\/\/vapemaison.com\/#\/schema\/logo\/image\/","url":"https:\/\/vapemaison.com\/wp-content\/uploads\/2026\/01\/cropped-vapemaison-logo-g-2026.webp","contentUrl":"https:\/\/vapemaison.com\/wp-content\/uploads\/2026\/01\/cropped-vapemaison-logo-g-2026.webp","width":350,"height":280,"caption":"VapeMaison"},"image":{"@id":"https:\/\/vapemaison.com\/#\/schema\/logo\/image\/"},"sameAs":["https:\/\/www.youtube.com\/@VapeMaison"]}]}},"tiered_pricing_type":"fixed","tiered_pricing_fixed_rules":{"30":"11.99","50":"10.99","100":"9.56","200":"8.42"},"tiered_pricing_product_settings":{"layout":"default","base_unit_name":{"singular":null,"plural":null},"default_variation":null},"tiered_pricing_minimum_quantity":10,"tiered_pricing_roles_data":[],"tiered_pricing_percentage_rules":[],"tiered_pricing_maximum_quantity":null,"tiered_pricing_quantity_step":"10","_links":{"self":[{"href":"https:\/\/vapemaison.com\/cs\/wp-json\/wp\/v2\/product\/16781","targetHints":{"allow":["GET"]}}],"collection":[{"href":"https:\/\/vapemaison.com\/cs\/wp-json\/wp\/v2\/product"}],"about":[{"href":"https:\/\/vapemaison.com\/cs\/wp-json\/wp\/v2\/types\/product"}],"replies":[{"embeddable":true,"href":"https:\/\/vapemaison.com\/cs\/wp-json\/wp\/v2\/comments?post=16781"}],"version-history":[{"count":0,"href":"https:\/\/vapemaison.com\/cs\/wp-json\/wp\/v2\/product\/16781\/revisions"}],"wp:featuredmedia":[{"embeddable":true,"href":"https:\/\/vapemaison.com\/cs\/wp-json\/wp\/v2\/media\/16788"}],"wp:attachment":[{"href":"https:\/\/vapemaison.com\/cs\/wp-json\/wp\/v2\/media?parent=16781"}],"wp:term":[{"taxonomy":"product_brand","embeddable":true,"href":"https:\/\/vapemaison.com\/cs\/wp-json\/wp\/v2\/product_brand?post=16781"},{"taxonomy":"product_cat","embeddable":true,"href":"https:\/\/vapemaison.com\/cs\/wp-json\/wp\/v2\/product_cat?post=16781"},{"taxonomy":"product_tag","embeddable":true,"href":"https:\/\/vapemaison.com\/cs\/wp-json\/wp\/v2\/product_tag?post=16781"}],"curies":[{"name":"wp","href":"https:\/\/api.w.org\/{rel}","templated":true}]}}