

{"id":16885,"date":"2025-12-11T03:38:14","date_gmt":"2025-12-11T03:38:14","guid":{"rendered":"https:\/\/vapemaison.com\/?post_type=product&#038;p=16885"},"modified":"2025-12-22T09:28:44","modified_gmt":"2025-12-22T09:28:44","slug":"bang-de-60k-puffs-jednorazove-vape","status":"publish","type":"product","link":"https:\/\/vapemaison.com\/cs\/product\/bang-de-60k-puffs-disposable-vape\/","title":{"rendered":"Bang DE 60000 60k Puffs 3 v 1 P\u0159\u00edchu\u0165 jednor\u00e1zov\u00e9 Vape"},"content":{"rendered":"<h3 class=\"wp-block-heading\"><strong>Bang DE 60000 Puffs - trojn\u00e1sobn\u00e1 chu\u0165, trojn\u00e1sobn\u00e1 z\u00e1bava<\/strong><\/h3>\n\n\n\n<p>Na str\u00e1nk\u00e1ch <strong>Bang DE 60000 Puffs<\/strong> je v\u00fdkonn\u00e9 vapovac\u00ed za\u0159\u00edzen\u00ed, kter\u00e9 nov\u011b definuje zp\u016fsob, jak\u00fdm vn\u00edm\u00e1te chut\u011b. Tento inovativn\u00ed vape je ur\u010den pro milovn\u00edky chut\u00ed, kte\u0159\u00ed tou\u017e\u00ed po rozmanitosti. <strong>\u00factyhodn\u00fdch 60 000 vdech\u016f<\/strong> s pokro\u010dil\u00fdm <strong>Syst\u00e9m p\u0159\u00edchut\u00ed 3 v 1<\/strong>. A\u0165 u\u017e d\u00e1v\u00e1te p\u0159ednost p\u0159ep\u00edn\u00e1n\u00ed mezi r\u016fzn\u00fdmi p\u0159\u00edchut\u011bmi, nebo je m\u00edch\u00e1te dohromady, abyste z\u00edskali dynamick\u00fd z\u00e1\u017eitek. <strong>Bang DE 60000<\/strong> poskytuje nekone\u010dn\u00e9 mo\u017enosti v ka\u017ed\u00e9m obl\u00e1\u010dku.<\/p>\n\n\n\n<p>\u010c\u00edm vynik\u00e1? Na <strong>Syst\u00e9m p\u0159\u00edchut\u00ed A &amp; B &amp; AB<\/strong>, kter\u00e1 umo\u017e\u0148uje snadno p\u0159ep\u00ednat mezi p\u0159\u00edchut\u00ed A, p\u0159\u00edchut\u00ed B nebo si vychutnat p\u0159\u00edchu\u0165 B. <strong>AB<\/strong>-hladk\u00e9 spojen\u00ed obou chut\u00ed. Je to jako m\u00edt <strong>t\u0159i vapes v jednom<\/strong>, co\u017e v\u00e1m umo\u017en\u00ed vychutnat si zcela p\u0159izp\u016fsobiteln\u00fd vapingov\u00fd z\u00e1\u017eitek.<\/p>\n\n\n\n<h3 class=\"wp-block-heading\"><strong>Kl\u00ed\u010dov\u00e9 vlastnosti:<\/strong><\/h3>\n\n\n\n<figure class=\"wp-block-table\"><table class=\"has-fixed-layout\"><thead><tr><th><strong>Funkce<\/strong><\/th><th><strong>Specifikace<\/strong><\/th><\/tr><\/thead><tbody><tr><td><strong>Kapacita nad\u00fdchan\u00e9ho vzduchu<\/strong><\/td><td>60 000 puff\u016f<\/td><\/tr><tr><td><strong>S\u00edla nikotinu<\/strong><\/td><td>2%, 3%, 5%<\/td><\/tr><tr><td><strong>Kapacita e-kapaliny<\/strong><\/td><td>60 ml<\/td><\/tr><tr><td><strong>Typ c\u00edvky<\/strong><\/td><td>1.0\u03a9 Triple Mesh Coil<\/td><\/tr><tr><td><strong>Baterie<\/strong><\/td><td>850mAh dob\u00edjec\u00ed<\/td><\/tr><tr><td><strong>Nab\u00edjec\u00ed port<\/strong><\/td><td>Rychl\u00e9 nab\u00edjen\u00ed typu C<\/td><\/tr><tr><td><strong>Syst\u00e9m p\u0159\u00edchut\u00ed<\/strong><\/td><td>3 v 1 (A, B, AB)<\/td><\/tr><tr><td><strong>LCD displej<\/strong><\/td><td>Zobrazen\u00ed hladiny baterie a e-liquidu v re\u00e1ln\u00e9m \u010dase<\/td><\/tr><tr><td><strong>Mo\u017enosti p\u0159\u00edchut\u00ed<\/strong><\/td><td>12 kombinac\u00ed s troj\u00ed p\u0159\u00edchut\u00ed<\/td><\/tr><\/tbody><\/table><\/figure>\n\n\n\n<h3 class=\"wp-block-heading\"><strong>Seznam p\u0159\u00edchut\u00ed:<\/strong><\/h3>\n\n\n\n<ol class=\"wp-block-list\">\n<li>Melounov\u00fd led a bor\u016fvkov\u00e1 m\u00e1ta<\/li>\n\n\n\n<li>Melounov\u00fd led a bor\u016fvkov\u00e1 t\u0159e\u0161e\u0148<\/li>\n\n\n\n<li>Bor\u016fvkov\u00fd led a broskvov\u00fd meloun s mangem<\/li>\n\n\n\n<li>Bor\u016fvkov\u00fd led a broskvov\u00fd led<\/li>\n\n\n\n<li>Bor\u016fvka malina a sm\u00ed\u0161en\u00e9 bobule<\/li>\n\n\n\n<li>Bor\u016fvkov\u00e1 malinov\u00e1 a hroznov\u00e1 zmrzlina<\/li>\n\n\n\n<li>Red Bull a jahodov\u00fd ban\u00e1n<\/li>\n\n\n\n<li>Red Bull a bor\u016fvkov\u00fd meloun<\/li>\n\n\n\n<li>\u017dv\u00fdka\u010dka Strawberry Mango &amp; Watermelon Bubble Gum<\/li>\n\n\n\n<li>Jahodov\u00e9 mango a jahodov\u00e9 kiwi<\/li>\n\n\n\n<li>Jahodov\u00fd meloun &amp; Black Dragon Ice<\/li>\n\n\n\n<li>Jahoda Meloun a kiwi Mu\u010denka Guava<\/li>\n<\/ol>\n\n\n\n<h3 class=\"wp-block-heading\"><strong>Pro\u010d si vybrat Bang DE 60000 Puffs?<\/strong><\/h3>\n\n\n\n<ul class=\"wp-block-list\">\n<li><strong>Trojn\u00e1sobn\u00e1 chu\u0165:<\/strong> Na str\u00e1nk\u00e1ch <strong>Syst\u00e9m p\u0159\u00edchut\u00ed 3 v 1<\/strong> umo\u017e\u0148uje snadno p\u0159ep\u00ednat mezi <strong>P\u0159\u00edchu\u0165 A<\/strong>, <strong>P\u0159\u00edchu\u0165 B<\/strong>, nebo jedine\u010dnou f\u00fazi, <strong>AB<\/strong>, co\u017e vytv\u00e1\u0159\u00ed rozmanit\u00fd a p\u0159izp\u016fsobiteln\u00fd z\u00e1\u017eitek z vapingu. Je to jako m\u00edt t\u0159i p\u0159\u00edchut\u011b v jednom za\u0159\u00edzen\u00ed.<\/li>\n\n\n\n<li><strong>Dlouhodob\u00fd v\u00fdkon:<\/strong> S a\u017e <strong>60 000 vdech\u016f<\/strong>, budete si moci u\u017e\u00edvat del\u0161\u00edho vapov\u00e1n\u00ed bez nutnosti \u010dast\u00e9 v\u00fdm\u011bny nebo dopl\u0148ov\u00e1n\u00ed.<\/li>\n\n\n\n<li><strong>Vysokokapacitn\u00ed a v\u00fdkonn\u00e1 c\u00edvka:<\/strong> P\u0159edstaven\u00ed <strong>60 ml e-liquidu<\/strong> a <strong>1,0\u03a9 c\u00edvka s trojit\u00fdm pletivem<\/strong>, Bang DE 60000 zaji\u0161\u0165uje v\u017edy bohatou, konzistentn\u00ed p\u00e1ru a jemnou chu\u0165.<\/li>\n\n\n\n<li><strong>Chytr\u00e9 a efektivn\u00ed:<\/strong> Na str\u00e1nk\u00e1ch <strong>Dob\u00edjec\u00ed baterie 850 mAh<\/strong> a <strong>Rychl\u00e9 nab\u00edjen\u00ed typu C<\/strong> zajistit, aby bylo za\u0159\u00edzen\u00ed p\u0159ipraveno k provozu s minim\u00e1ln\u00edmi prostoji. Na str\u00e1nk\u00e1ch <strong>LCD displej<\/strong> poskytuje v re\u00e1ln\u00e9m \u010dase aktu\u00e1ln\u00ed informace o stavu baterie a e-liquidu, tak\u017ee m\u00e1te v\u0161e v\u017edy pod kontrolou.<\/li>\n\n\n\n<li><strong>\u0160irok\u00e1 \u0161k\u00e1la p\u0159\u00edchut\u00ed:<\/strong> S <strong>12 trojkombinac\u00ed chut\u00ed<\/strong>, budete m\u00edt nekone\u010dn\u011b mnoho mo\u017enost\u00ed, jak udr\u017eet sv\u00e9 vapov\u00e1n\u00ed sv\u011b\u017e\u00ed a vzru\u0161uj\u00edc\u00ed. A\u0165 u\u017e d\u00e1v\u00e1te p\u0159ednost ovocn\u00fdm sm\u011bs\u00edm, osv\u011b\u017euj\u00edc\u00edm mentolov\u00fdm nebo odv\u00e1\u017en\u00fdm kombinac\u00edm, pro ka\u017edou n\u00e1ladu se najde p\u0159\u00edchu\u0165.<\/li>\n\n\n\n<li><strong>Zv\u00fd\u0161en\u00e9 pohodl\u00ed:<\/strong> Na str\u00e1nk\u00e1ch <strong>Funkce p\u0159\u00edchut\u011b 3 v 1<\/strong> eliminuje pot\u0159ebu nosit s sebou v\u00edce za\u0159\u00edzen\u00ed a umo\u017e\u0148uje flexibiln\u011b p\u0159ep\u00ednat chut\u011b na cest\u00e1ch bez zbyte\u010dn\u00fdch pot\u00ed\u017e\u00ed.<\/li>\n<\/ul>\n\n\n\n<h3 class=\"wp-block-heading\"><strong>Zlep\u0161ete sv\u016fj z\u00e1\u017eitek z vapingu s Bang DE 60000 Puffs<\/strong><\/h3>\n\n\n\n<p>Na str\u00e1nk\u00e1ch <strong>Bang DE 60000 Puffs<\/strong> je dokonal\u00e9 vapovac\u00ed za\u0159\u00edzen\u00ed pro ty, kte\u0159\u00ed od sv\u00e9ho vapu vy\u017eaduj\u00ed v\u00edc. A\u0165 u\u017e si chcete vychutnat klasick\u00e9 p\u0159\u00edchut\u011b, vyzkou\u0161et jedine\u010dn\u00e9 kombinace, nebo objevovat nov\u00e9 sm\u011bsi, tento vape v\u00e1m je k dispozici. D\u00edky sv\u00e9mu \u0161pi\u010dkov\u00e9mu designu a pokro\u010dil\u00fdm technologi\u00edm je <strong>Bang DE 60000<\/strong> zaji\u0161\u0165uje skute\u010dn\u011b p\u0159izp\u016fsobiteln\u00fd a uspokojiv\u00fd z\u00e1\u017eitek.<\/p>\n\n\n\n<p>Hled\u00e1te dal\u0161\u00ed pr\u00e9miov\u00e9 mo\u017enosti vapingu? Nav\u0161tivte na\u0161i <a href=\"https:\/\/vapemaison.com\">domovsk\u00e1 str\u00e1nka<\/a> a prohl\u00e9dn\u011bte si celou kolekci v na\u0161\u00ed sekci <a href=\"https:\/\/vapemaison.com\/shop\">obchod<\/a>, nebo prozkoumat dal\u0161\u00ed za\u0159\u00edzen\u00ed z <a href=\"https:\/\/vapemaison.com\/brand\/bang\">Zna\u010dka Bang<\/a>. Mo\u017en\u00e1 se v\u00e1m budou hodit tak\u00e9 velkokapacitn\u00ed jednor\u00e1zov\u00e9 v\u00fdrobky od spole\u010dnosti <a href=\"https:\/\/vapemaison.com\/brand\/jnr\/\">JNR<\/a> nebo si prohl\u00e9dn\u011bte v\u0161echny na\u0161e <a href=\"https:\/\/vapemaison.com\/product-category\/puffs-count\/\">Za\u0159\u00edzen\u00ed Puffs<\/a> pro dlouhodobou spokojenost.<\/p>","protected":false},"excerpt":{"rendered":"<div id=\"model-response-message-contentr_a71402abc5eee709\" class=\"markdown markdown-main-panel stronger enable-updated-hr-color\" dir=\"ltr\" aria-live=\"polite\" aria-busy=\"false\">\n<p data-path-to-node=\"0\">Zm\u011b\u0148te sv\u016fj z\u00e1\u017eitek d\u00edky masivn\u00edmu po\u010dtu 60 000 potah\u016f a inovativn\u00edmu syst\u00e9mu p\u0159\u00edchut\u00ed 3 v 1, kter\u00fd umo\u017e\u0148uje p\u0159ep\u00ednat mezi t\u0159emi r\u016fzn\u00fdmi chut\u011bmi nebo je m\u00edchat v jedin\u00e9m za\u0159\u00edzen\u00ed. Tento v\u00fdkonn\u00fd p\u0159\u00edstroj s trojitou s\u00ed\u0165ovou spir\u00e1lkou a LCD displejem v re\u00e1ln\u00e9m \u010dase nab\u00edz\u00ed bezkonkuren\u010dn\u00ed rozmanitost - objednejte si jej je\u0161t\u011b dnes, abyste si zajistili na\u0161i aktu\u00e1ln\u00ed akci a vyu\u017eili p\u0159ednostn\u00ed dopravu na nejv\u0161estrann\u011bj\u0161\u00ed vape na trhu.<\/p>\n<\/div>","protected":false},"featured_media":16890,"comment_status":"open","ping_status":"closed","template":"","meta":[],"product_brand":[57],"product_cat":[137],"product_tag":[],"class_list":{"0":"post-16885","1":"product","2":"type-product","3":"status-publish","4":"has-post-thumbnail","6":"product_brand-bang","7":"product_cat-60k-puffs","9":"first","10":"instock","11":"sale","12":"shipping-taxable","13":"purchasable","14":"product-type-variable"},"yoast_head":"<!-- This site is optimized with the Yoast SEO plugin v27.4 - https:\/\/yoast.com\/product\/yoast-seo-wordpress\/ -->\n<title>Bang DE 60k Puffs Disposable Vape \u2013 3-in-1 Flavor LCD Display<\/title>\n<meta name=\"description\" content=\"Enjoy up to 60k puffs with the Bang DE 60000 Disposable Vape. Switch between 3 exciting flavors, featuring 60mL e-liquid, and LCD display.\" \/>\n<meta name=\"robots\" content=\"index, follow, max-snippet:-1, max-image-preview:large, max-video-preview:-1\" \/>\n<link rel=\"canonical\" href=\"https:\/\/vapemaison.com\/cs\/produkt\/bang-de-60k-puffs-jednorazove-vape\/\" \/>\n<meta property=\"og:locale\" content=\"cs_CZ\" \/>\n<meta property=\"og:type\" content=\"article\" \/>\n<meta property=\"og:title\" content=\"Bang DE 60k Puffs Disposable Vape \u2013 3-in-1 Flavor LCD Display\" \/>\n<meta property=\"og:description\" content=\"Enjoy up to 60k puffs with the Bang DE 60000 Disposable Vape. Switch between 3 exciting flavors, featuring 60mL e-liquid, and LCD display.\" \/>\n<meta property=\"og:url\" content=\"https:\/\/vapemaison.com\/cs\/produkt\/bang-de-60k-puffs-jednorazove-vape\/\" \/>\n<meta property=\"og:site_name\" content=\"VapeMaison\" \/>\n<meta property=\"article:modified_time\" content=\"2025-12-22T09:28:44+00:00\" \/>\n<meta property=\"og:image\" content=\"https:\/\/vapemaison.com\/wp-content\/uploads\/2025\/12\/vape-bang-de-60000-60k-puffs-strawberry-mango-watermelon-bubble-gum-654x690.jpg.webp\" \/>\n\t<meta property=\"og:image:width\" content=\"654\" \/>\n\t<meta property=\"og:image:height\" content=\"690\" \/>\n\t<meta property=\"og:image:type\" content=\"image\/webp\" \/>\n<meta name=\"twitter:card\" content=\"summary_large_image\" \/>\n<meta name=\"twitter:label1\" content=\"Odhadovan\u00e1 doba \u010dten\u00ed\" \/>\n\t<meta name=\"twitter:data1\" content=\"3 minuty\" \/>\n<!-- \/ Yoast SEO plugin. -->","yoast_head_json":{"title":"Bang DE 60k Puffs Vape na jedno pou\u017eit\u00ed - 3 v 1 P\u0159\u00edchu\u0165 LCD displej","description":"Vychutnejte si a\u017e 60 tis\u00edc \u0161luk\u016f s jednor\u00e1zov\u00fdm vape Bang DE 60000. P\u0159ep\u00ednejte mezi 3 vzru\u0161uj\u00edc\u00edmi p\u0159\u00edchut\u011bmi, 60 ml e-liquidu a LCD displejem.","robots":{"index":"index","follow":"follow","max-snippet":"max-snippet:-1","max-image-preview":"max-image-preview:large","max-video-preview":"max-video-preview:-1"},"canonical":"https:\/\/vapemaison.com\/cs\/produkt\/bang-de-60k-puffs-jednorazove-vape\/","og_locale":"cs_CZ","og_type":"article","og_title":"Bang DE 60k Puffs Disposable Vape \u2013 3-in-1 Flavor LCD Display","og_description":"Enjoy up to 60k puffs with the Bang DE 60000 Disposable Vape. Switch between 3 exciting flavors, featuring 60mL e-liquid, and LCD display.","og_url":"https:\/\/vapemaison.com\/cs\/produkt\/bang-de-60k-puffs-jednorazove-vape\/","og_site_name":"VapeMaison","article_modified_time":"2025-12-22T09:28:44+00:00","og_image":[{"width":654,"height":690,"url":"https:\/\/vapemaison.com\/wp-content\/uploads\/2025\/12\/vape-bang-de-60000-60k-puffs-strawberry-mango-watermelon-bubble-gum-654x690.jpg.webp","type":"image\/webp"}],"twitter_card":"summary_large_image","twitter_misc":{"Odhadovan\u00e1 doba \u010dten\u00ed":"3 minuty"},"schema":{"@context":"https:\/\/schema.org","@graph":[{"@type":"WebPage","@id":"https:\/\/vapemaison.com\/product\/bang-de-60k-puffs-disposable-vape\/","url":"https:\/\/vapemaison.com\/product\/bang-de-60k-puffs-disposable-vape\/","name":"Bang DE 60k Puffs Vape na jedno pou\u017eit\u00ed - 3 v 1 P\u0159\u00edchu\u0165 LCD displej","isPartOf":{"@id":"https:\/\/vapemaison.com\/#website"},"primaryImageOfPage":{"@id":"https:\/\/vapemaison.com\/product\/bang-de-60k-puffs-disposable-vape\/#primaryimage"},"image":{"@id":"https:\/\/vapemaison.com\/product\/bang-de-60k-puffs-disposable-vape\/#primaryimage"},"thumbnailUrl":"https:\/\/vapemaison.com\/wp-content\/uploads\/2025\/12\/vape-bang-de-60000-60k-puffs-strawberry-mango-watermelon-bubble-gum-654x690.jpg.webp","datePublished":"2025-12-11T03:38:14+00:00","dateModified":"2025-12-22T09:28:44+00:00","description":"Vychutnejte si a\u017e 60 tis\u00edc \u0161luk\u016f s jednor\u00e1zov\u00fdm vape Bang DE 60000. P\u0159ep\u00ednejte mezi 3 vzru\u0161uj\u00edc\u00edmi p\u0159\u00edchut\u011bmi, 60 ml e-liquidu a LCD displejem.","breadcrumb":{"@id":"https:\/\/vapemaison.com\/product\/bang-de-60k-puffs-disposable-vape\/#breadcrumb"},"inLanguage":"cs","potentialAction":[{"@type":"ReadAction","target":["https:\/\/vapemaison.com\/product\/bang-de-60k-puffs-disposable-vape\/"]}]},{"@type":"ImageObject","inLanguage":"cs","@id":"https:\/\/vapemaison.com\/product\/bang-de-60k-puffs-disposable-vape\/#primaryimage","url":"https:\/\/vapemaison.com\/wp-content\/uploads\/2025\/12\/vape-bang-de-60000-60k-puffs-strawberry-mango-watermelon-bubble-gum-654x690.jpg.webp","contentUrl":"https:\/\/vapemaison.com\/wp-content\/uploads\/2025\/12\/vape-bang-de-60000-60k-puffs-strawberry-mango-watermelon-bubble-gum-654x690.jpg.webp","width":654,"height":690,"caption":"Vape Bang De 60k Puffs Strawberry Mango Watermelon Bubble Gum 654x690.jpg"},{"@type":"BreadcrumbList","@id":"https:\/\/vapemaison.com\/product\/bang-de-60k-puffs-disposable-vape\/#breadcrumb","itemListElement":[{"@type":"ListItem","position":1,"name":"\u9996\u9875","item":"https:\/\/vapemaison.com\/"},{"@type":"ListItem","position":2,"name":"Shop","item":"https:\/\/vapemaison.com\/shop\/"},{"@type":"ListItem","position":3,"name":"Bang","item":"https:\/\/vapemaison.com\/brand\/bang\/"},{"@type":"ListItem","position":4,"name":"Bang DE 60000 60k Puffs 3 in 1 Flavor Disposable Vape"}]},{"@type":"WebSite","@id":"https:\/\/vapemaison.com\/#website","url":"https:\/\/vapemaison.com\/","name":"VapeMaison","description":"Pr\u00e9miov\u00e1 vapingov\u00e1 za\u0159\u00edzen\u00ed a p\u0159\u00edslu\u0161enstv\u00ed","publisher":{"@id":"https:\/\/vapemaison.com\/#organization"},"potentialAction":[{"@type":"SearchAction","target":{"@type":"EntryPoint","urlTemplate":"https:\/\/vapemaison.com\/?s={search_term_string}"},"query-input":{"@type":"PropertyValueSpecification","valueRequired":true,"valueName":"search_term_string"}}],"inLanguage":"cs"},{"@type":"Organization","@id":"https:\/\/vapemaison.com\/#organization","name":"VapeMaison","url":"https:\/\/vapemaison.com\/","logo":{"@type":"ImageObject","inLanguage":"cs","@id":"https:\/\/vapemaison.com\/#\/schema\/logo\/image\/","url":"https:\/\/vapemaison.com\/wp-content\/uploads\/2026\/01\/cropped-vapemaison-logo-g-2026.webp","contentUrl":"https:\/\/vapemaison.com\/wp-content\/uploads\/2026\/01\/cropped-vapemaison-logo-g-2026.webp","width":350,"height":280,"caption":"VapeMaison"},"image":{"@id":"https:\/\/vapemaison.com\/#\/schema\/logo\/image\/"},"sameAs":["https:\/\/www.youtube.com\/@VapeMaison"]}]}},"tiered_pricing_type":"fixed","tiered_pricing_fixed_rules":{"30":"11.25","50":"10.36","100":"9.42","200":"8.25"},"tiered_pricing_product_settings":{"layout":"default","base_unit_name":{"singular":null,"plural":null},"default_variation":null},"tiered_pricing_minimum_quantity":10,"tiered_pricing_roles_data":[],"tiered_pricing_percentage_rules":[],"tiered_pricing_maximum_quantity":null,"tiered_pricing_quantity_step":"10","_links":{"self":[{"href":"https:\/\/vapemaison.com\/cs\/wp-json\/wp\/v2\/product\/16885","targetHints":{"allow":["GET"]}}],"collection":[{"href":"https:\/\/vapemaison.com\/cs\/wp-json\/wp\/v2\/product"}],"about":[{"href":"https:\/\/vapemaison.com\/cs\/wp-json\/wp\/v2\/types\/product"}],"replies":[{"embeddable":true,"href":"https:\/\/vapemaison.com\/cs\/wp-json\/wp\/v2\/comments?post=16885"}],"version-history":[{"count":0,"href":"https:\/\/vapemaison.com\/cs\/wp-json\/wp\/v2\/product\/16885\/revisions"}],"wp:featuredmedia":[{"embeddable":true,"href":"https:\/\/vapemaison.com\/cs\/wp-json\/wp\/v2\/media\/16890"}],"wp:attachment":[{"href":"https:\/\/vapemaison.com\/cs\/wp-json\/wp\/v2\/media?parent=16885"}],"wp:term":[{"taxonomy":"product_brand","embeddable":true,"href":"https:\/\/vapemaison.com\/cs\/wp-json\/wp\/v2\/product_brand?post=16885"},{"taxonomy":"product_cat","embeddable":true,"href":"https:\/\/vapemaison.com\/cs\/wp-json\/wp\/v2\/product_cat?post=16885"},{"taxonomy":"product_tag","embeddable":true,"href":"https:\/\/vapemaison.com\/cs\/wp-json\/wp\/v2\/product_tag?post=16885"}],"curies":[{"name":"wp","href":"https:\/\/api.w.org\/{rel}","templated":true}]}}