

{"id":16991,"date":"2025-12-11T06:45:06","date_gmt":"2025-12-11T06:45:06","guid":{"rendered":"https:\/\/vapemaison.com\/?post_type=product&#038;p=16991"},"modified":"2026-01-19T07:51:47","modified_gmt":"2026-01-19T07:51:47","slug":"bang-box-bc5000-puffs-jednorazove-vape","status":"publish","type":"product","link":"https:\/\/vapemaison.com\/cs\/product\/bang-box-bc5000-puffs-disposable-vape\/","title":{"rendered":"Velkoobchod Bang Vaper box BC5000 Puffs Vape"},"content":{"rendered":"<h3 class=\"wp-block-heading\"><strong>Bang Vaper box BC5000 Puffs - kompaktn\u00ed, v\u00fdkonn\u00fd a aromatick\u00fd vaping<\/strong><\/h3>\n\n\n\n<p>Na str\u00e1nk\u00e1ch <strong>Bang Vaper box BC5000 Puffs Maloobchodn\u00ed jednor\u00e1zov\u00e9 Vape<\/strong> p\u0159in\u00e1\u0161\u00ed <strong>dlouhotrvaj\u00edc\u00ed<\/strong> a <strong>uspokojuj\u00edc\u00ed<\/strong> z\u00e1\u017eitek z vapov\u00e1n\u00ed v kompaktn\u00edm proveden\u00ed. S <strong>5000 obl\u00e1\u010dk\u016f<\/strong> na jedno za\u0159\u00edzen\u00ed v\u00e1m zajist\u00ed, \u017ee si u\u017eijete ka\u017ed\u00fd okam\u017eik bez starost\u00ed s dopl\u0148ov\u00e1n\u00edm nebo dob\u00edjen\u00edm. Toto za\u0159\u00edzen\u00ed je ide\u00e1ln\u00ed pro vapery na cest\u00e1ch a nab\u00edz\u00ed pohodl\u00ed i v\u00fdkon.<\/p>\n\n\n\n<p>Vybaveno <strong>Kapacita 13 ml e-liquidu<\/strong> a k dispozici v <strong>2%<\/strong> a <strong>5% nikotinov\u00e1 s\u016fl<\/strong> mo\u017enosti,... <strong>Bang Box BC5000<\/strong> poskytuje uspokojiv\u00fd z\u00e1tah do krku a konzistentn\u00ed chu\u0165 p\u0159i ka\u017ed\u00e9m \u0161luknut\u00ed. Na <strong>C\u00edvka s oky 1,2\u03a9<\/strong> zaru\u010duje plynulou produkci p\u00e1ry, \u010d\u00edm\u017e zlep\u0161uje v\u00e1\u0161 celkov\u00fd z\u00e1\u017eitek z vapingu.<\/p>\n\n\n\n<p>Ur\u010deno pro <strong>snadn\u00e1 p\u0159enositelnost<\/strong>, kter\u00e1 v\u00e1\u017e\u00ed pouze <strong>52g<\/strong>, tak\u017ee je lehk\u00fd a pohodln\u011b se p\u0159en\u00e1\u0161\u00ed. Nav\u00edc je jeho <strong>Nab\u00edjec\u00ed port typu C<\/strong> zaji\u0161\u0165uje rychl\u00e9 dob\u00edjen\u00ed a udr\u017euje va\u0161e za\u0159\u00edzen\u00ed p\u0159ipraven\u00e9, kdykoli jste.<\/p>\n\n\n\n<h3 class=\"wp-block-heading\"><strong>Kl\u00ed\u010dov\u00e9 vlastnosti:<\/strong><\/h3>\n\n\n\n<figure class=\"wp-block-table\"><table class=\"has-fixed-layout\"><thead><tr><th><strong>Funkce<\/strong><\/th><th><strong>Specifikace<\/strong><\/th><\/tr><\/thead><tbody><tr><td><strong>Kapacita nad\u00fdchan\u00e9ho vzduchu<\/strong><\/td><td>A\u017e 5000 puff\u016f<\/td><\/tr><tr><td><strong>Nikotinov\u00e1 s\u016fl<\/strong><\/td><td>2%, 5%<\/td><\/tr><tr><td><strong>Kapacita e-kapaliny<\/strong><\/td><td>13 ml<\/td><\/tr><tr><td><strong>Typ c\u00edvky<\/strong><\/td><td>1,2\u03a9 Mesh Coil<\/td><\/tr><tr><td><strong>T\u011blesn\u00e1 hmotnost<\/strong><\/td><td>52g<\/td><\/tr><tr><td><strong>Nab\u00edjec\u00ed port<\/strong><\/td><td>Rychl\u00e9 nab\u00edjen\u00ed typu C<\/td><\/tr><tr><td><strong>Velikost kartonu<\/strong><\/td><td>52.3<em>38<\/em>28,5 cm<\/td><\/tr><\/tbody><\/table><\/figure>\n\n\n\n<h3 class=\"wp-block-heading\"><strong>Seznam p\u0159\u00edchut\u00ed:<\/strong><\/h3>\n\n\n\n<ol class=\"wp-block-list\">\n<li>Jahodov\u00e9 mango<\/li>\n\n\n\n<li>Jahodov\u00e1 zmrzlina<\/li>\n\n\n\n<li>Sakura Grape<\/li>\n\n\n\n<li>Melounov\u00fd led<\/li>\n\n\n\n<li>Bor\u016fvkov\u00fd malinov\u00fd led<\/li>\n\n\n\n<li>Melounov\u00e1 \u017ev\u00fdka\u010dka<\/li>\n\n\n\n<li>Jahoda Kiwi Ovoce<\/li>\n\n\n\n<li>Energetick\u00fd n\u00e1poj<\/li>\n\n\n\n<li>Broskvov\u00fd meloun Mango<\/li>\n\n\n\n<li>Bor\u016fvkov\u00fd led<\/li>\n\n\n\n<li>Ananasov\u00fd kokosov\u00fd led<\/li>\n\n\n\n<li>Jahodov\u00fd ban\u00e1n<\/li>\n\n\n\n<li>Kiwi Mu\u010denka Ovoce Guava<\/li>\n\n\n\n<li>Sm\u00ed\u0161en\u00e9 ovoce<\/li>\n\n\n\n<li>Jahodov\u00e1 zmrzlina<\/li>\n\n\n\n<li>Jahodov\u00fd meloun<\/li>\n<\/ol>\n\n\n\n<h3 class=\"wp-block-heading\"><strong>Pro\u010d si vybrat Bang Box BC5000?<\/strong><\/h3>\n\n\n\n<ul class=\"wp-block-list\">\n<li><strong>Roz\u0161\u00ed\u0159en\u00fd po\u017eitek:<\/strong> <strong>5000 obl\u00e1\u010dk\u016f<\/strong> zaji\u0161\u0165uje dlouhotrvaj\u00edc\u00ed vaping bez nutnosti dopl\u0148ov\u00e1n\u00ed nebo dob\u00edjen\u00ed.<\/li>\n\n\n\n<li><strong>Bohat\u00e1 a hladk\u00e1 chu\u0165:<\/strong> Na str\u00e1nk\u00e1ch <strong>C\u00edvka s oky 1,2\u03a9<\/strong> poskytuje konzistentn\u00ed a plynulou p\u00e1ru a vynikaj\u00edc\u00ed chu\u0165 p\u0159i ka\u017ed\u00e9m potahu.<\/li>\n\n\n\n<li><strong>Lehk\u00fd a p\u0159enosn\u00fd:<\/strong> Pr\u00e1v\u011b <strong>52g<\/strong>, je ide\u00e1ln\u00ed pro no\u0161en\u00ed v kapse nebo ta\u0161ce, tak\u017ee je ide\u00e1ln\u00ed pro vaping na cest\u00e1ch.<\/li>\n\n\n\n<li><strong>Rychl\u00e9 dob\u00edjen\u00ed:<\/strong> Na str\u00e1nk\u00e1ch <strong>Nab\u00edjec\u00ed port typu C<\/strong> umo\u017e\u0148uje rychl\u00e9 dob\u00edjen\u00ed a udr\u017euje va\u0161i vapku p\u0159ipravenou, kdykoli jste.<\/li>\n\n\n\n<li><strong>R\u016fzn\u00e9 p\u0159\u00edchut\u011b:<\/strong> S <strong>16 vzru\u0161uj\u00edc\u00edch p\u0159\u00edchut\u00ed<\/strong>, si vybere ka\u017ed\u00fd, od ovocn\u00fdch sm\u011bs\u00ed a\u017e po osv\u011b\u017euj\u00edc\u00ed ledov\u00e9 varianty.<\/li>\n<\/ul>\n\n\n\n<h3 class=\"wp-block-heading\"><strong>Zlep\u0161ete sv\u016fj z\u00e1\u017eitek z vapingu s Bang Box BC5000<\/strong><\/h3>\n\n\n\n<p>Na str\u00e1nk\u00e1ch <strong>Bang Box BC5000 Puffs<\/strong> jednor\u00e1zov\u00e9 vape nab\u00edz\u00ed <strong>dokonal\u00e1 rovnov\u00e1ha<\/strong> z <strong>v\u00fdkon<\/strong>, <strong>pohodl\u00ed<\/strong>, a <strong>p\u0159\u00edchu\u0165<\/strong>. A\u0165 u\u017e s vapingem za\u010d\u00edn\u00e1te, nebo jste zku\u0161en\u00fd u\u017eivatel, toto kompaktn\u00ed za\u0159\u00edzen\u00ed v\u00e1m poskytne v\u0161e, co pot\u0159ebujete pro v\u00fdjime\u010dn\u00fd z\u00e1\u017eitek z vapingu.<\/p>\n\n\n\n<p>Hled\u00e1te dal\u0161\u00ed pr\u00e9miov\u00e9 mo\u017enosti vapingu? Nav\u0161tivte na\u0161i <a href=\"https:\/\/vapemaison.com\">domovsk\u00e1 str\u00e1nka<\/a> a prohl\u00e9dn\u011bte si celou kolekci v na\u0161\u00ed sekci <a href=\"https:\/\/vapemaison.com\/shop\">obchod<\/a>, nebo prozkoumat dal\u0161\u00ed za\u0159\u00edzen\u00ed z <a href=\"https:\/\/vapemaison.com\/brand\/bang\">Zna\u010dka Bang<\/a>. Mo\u017en\u00e1 se v\u00e1m budou hodit tak\u00e9 velkokapacitn\u00ed jednor\u00e1zov\u00e9 v\u00fdrobky od spole\u010dnosti <a href=\"https:\/\/vapemaison.com\/brand\/jnr\/\">JNR<\/a> nebo si prohl\u00e9dn\u011bte v\u0161echny na\u0161e <a href=\"https:\/\/vapemaison.com\/product-category\/puffs-count\/\">Za\u0159\u00edzen\u00ed Puffs<\/a> pro dlouhodobou spokojenost.<\/p>","protected":false},"excerpt":{"rendered":"<div id=\"model-response-message-contentr_d2b7b102add18b2d\" class=\"markdown markdown-main-panel stronger enable-updated-hr-color\" dir=\"ltr\" aria-live=\"polite\" aria-busy=\"false\">\n<p data-path-to-node=\"0\">Vychutnejte si 5 000 aromatick\u00fdch potah\u016f v lehk\u00e9m, kapesn\u00edm proveden\u00ed, kter\u00e9 je vybaveno 1,2\u03a9 s\u00ed\u0165ovou spir\u00e1lkou pro trvale hladk\u00fd a uspokojiv\u00fd z\u00e1tah do krku. Ide\u00e1ln\u00ed pro vaping na cest\u00e1ch, po\u0159i\u010fte si sv\u016fj je\u0161t\u011b dnes a u\u017eijte si dokonalou p\u0159enosnost a spolehliv\u00fd v\u00fdkon, dokud trv\u00e1 na\u0161e aktu\u00e1ln\u00ed skladov\u00e1 z\u00e1soba a nab\u00eddka rychl\u00e9ho dod\u00e1n\u00ed.<\/p>\n<\/div>","protected":false},"featured_media":17022,"comment_status":"open","ping_status":"closed","template":"","meta":[],"product_brand":[57],"product_cat":[290],"product_tag":[],"class_list":{"0":"post-16991","1":"product","2":"type-product","3":"status-publish","4":"has-post-thumbnail","6":"product_brand-bang","7":"product_cat-5k-puffs","9":"first","10":"instock","11":"sale","12":"shipping-taxable","13":"purchasable","14":"product-type-variable"},"yoast_head":"<!-- This site is optimized with the Yoast SEO plugin v27.4 - https:\/\/yoast.com\/product\/yoast-seo-wordpress\/ -->\n<title>Bang Vaper box BC5000 Puffs Disposable Vape \u2013 5% Nicotine<\/title>\n<meta name=\"description\" content=\"Enjoy up to 5000 puffs with the Bang Vaper box Disposable Vape. Featuring 13mL e-liquid,and a 1.2\u03a9 mesh coil for smooth. Perfect for on-the-go vaping!\" \/>\n<meta name=\"robots\" content=\"index, follow, max-snippet:-1, max-image-preview:large, max-video-preview:-1\" \/>\n<link rel=\"canonical\" href=\"https:\/\/vapemaison.com\/cs\/produkt\/bang-box-bc5000-puffs-jednorazove-vape\/\" \/>\n<meta property=\"og:locale\" content=\"cs_CZ\" \/>\n<meta property=\"og:type\" content=\"article\" \/>\n<meta property=\"og:title\" content=\"Bang Vaper box BC5000 Puffs Disposable Vape \u2013 5% Nicotine\" \/>\n<meta property=\"og:description\" content=\"Enjoy up to 5000 puffs with the Bang Vaper box Disposable Vape. Featuring 13mL e-liquid,and a 1.2\u03a9 mesh coil for smooth. Perfect for on-the-go vaping!\" \/>\n<meta property=\"og:url\" content=\"https:\/\/vapemaison.com\/cs\/produkt\/bang-box-bc5000-puffs-jednorazove-vape\/\" \/>\n<meta property=\"og:site_name\" content=\"VapeMaison\" \/>\n<meta property=\"article:modified_time\" content=\"2026-01-19T07:51:47+00:00\" \/>\n<meta property=\"og:image\" content=\"https:\/\/vapemaison.com\/wp-content\/uploads\/2025\/12\/vape-bang-bc-5000-puffs-00015-scaled.jpg.webp\" \/>\n\t<meta property=\"og:image:width\" content=\"2560\" \/>\n\t<meta property=\"og:image:height\" content=\"2560\" \/>\n\t<meta property=\"og:image:type\" content=\"image\/webp\" \/>\n<meta name=\"twitter:card\" content=\"summary_large_image\" \/>\n<meta name=\"twitter:label1\" content=\"Odhadovan\u00e1 doba \u010dten\u00ed\" \/>\n\t<meta name=\"twitter:data1\" content=\"2 minuty\" \/>\n<!-- \/ Yoast SEO plugin. -->","yoast_head_json":{"title":"Bang Vaper box BC5000 Puffs Vape na jedno pou\u017eit\u00ed - 5% Nikotin","description":"Vychutnejte si a\u017e 5000 \u0161luk\u016f s jednor\u00e1zov\u00fdm vapem Bang Vaper box. Obsahuje 13 ml e-liquidu a 1,2\u03a9 mesh spir\u00e1lku pro hladk\u00fd. Ide\u00e1ln\u00ed pro vapov\u00e1n\u00ed na cest\u00e1ch!","robots":{"index":"index","follow":"follow","max-snippet":"max-snippet:-1","max-image-preview":"max-image-preview:large","max-video-preview":"max-video-preview:-1"},"canonical":"https:\/\/vapemaison.com\/cs\/produkt\/bang-box-bc5000-puffs-jednorazove-vape\/","og_locale":"cs_CZ","og_type":"article","og_title":"Bang Vaper box BC5000 Puffs Disposable Vape \u2013 5% Nicotine","og_description":"Enjoy up to 5000 puffs with the Bang Vaper box Disposable Vape. Featuring 13mL e-liquid,and a 1.2\u03a9 mesh coil for smooth. Perfect for on-the-go vaping!","og_url":"https:\/\/vapemaison.com\/cs\/produkt\/bang-box-bc5000-puffs-jednorazove-vape\/","og_site_name":"VapeMaison","article_modified_time":"2026-01-19T07:51:47+00:00","og_image":[{"width":2560,"height":2560,"url":"https:\/\/vapemaison.com\/wp-content\/uploads\/2025\/12\/vape-bang-bc-5000-puffs-00015-scaled.jpg.webp","type":"image\/webp"}],"twitter_card":"summary_large_image","twitter_misc":{"Odhadovan\u00e1 doba \u010dten\u00ed":"2 minuty"},"schema":{"@context":"https:\/\/schema.org","@graph":[{"@type":"WebPage","@id":"https:\/\/vapemaison.com\/product\/bang-box-bc5000-puffs-disposable-vape\/","url":"https:\/\/vapemaison.com\/product\/bang-box-bc5000-puffs-disposable-vape\/","name":"Bang Vaper box BC5000 Puffs Vape na jedno pou\u017eit\u00ed - 5% Nikotin","isPartOf":{"@id":"https:\/\/vapemaison.com\/#website"},"primaryImageOfPage":{"@id":"https:\/\/vapemaison.com\/product\/bang-box-bc5000-puffs-disposable-vape\/#primaryimage"},"image":{"@id":"https:\/\/vapemaison.com\/product\/bang-box-bc5000-puffs-disposable-vape\/#primaryimage"},"thumbnailUrl":"https:\/\/vapemaison.com\/wp-content\/uploads\/2025\/12\/vape-bang-bc-5000-puffs-00015-scaled.jpg.webp","datePublished":"2025-12-11T06:45:06+00:00","dateModified":"2026-01-19T07:51:47+00:00","description":"Vychutnejte si a\u017e 5000 \u0161luk\u016f s jednor\u00e1zov\u00fdm vapem Bang Vaper box. Obsahuje 13 ml e-liquidu a 1,2\u03a9 mesh spir\u00e1lku pro hladk\u00fd. Ide\u00e1ln\u00ed pro vapov\u00e1n\u00ed na cest\u00e1ch!","breadcrumb":{"@id":"https:\/\/vapemaison.com\/product\/bang-box-bc5000-puffs-disposable-vape\/#breadcrumb"},"inLanguage":"cs","potentialAction":[{"@type":"ReadAction","target":["https:\/\/vapemaison.com\/product\/bang-box-bc5000-puffs-disposable-vape\/"]}]},{"@type":"ImageObject","inLanguage":"cs","@id":"https:\/\/vapemaison.com\/product\/bang-box-bc5000-puffs-disposable-vape\/#primaryimage","url":"https:\/\/vapemaison.com\/wp-content\/uploads\/2025\/12\/vape-bang-bc-5000-puffs-00015-scaled.jpg.webp","contentUrl":"https:\/\/vapemaison.com\/wp-content\/uploads\/2025\/12\/vape-bang-bc-5000-puffs-00015-scaled.jpg.webp","width":2560,"height":2560,"caption":"Vape Bang Bc Puffs Scaled.jpg"},{"@type":"BreadcrumbList","@id":"https:\/\/vapemaison.com\/product\/bang-box-bc5000-puffs-disposable-vape\/#breadcrumb","itemListElement":[{"@type":"ListItem","position":1,"name":"\u9996\u9875","item":"https:\/\/vapemaison.com\/"},{"@type":"ListItem","position":2,"name":"Shop","item":"https:\/\/vapemaison.com\/shop\/"},{"@type":"ListItem","position":3,"name":"Bang","item":"https:\/\/vapemaison.com\/brand\/bang\/"},{"@type":"ListItem","position":4,"name":"Wholesale Bang Vaper box BC5000 Puffs Vape"}]},{"@type":"WebSite","@id":"https:\/\/vapemaison.com\/#website","url":"https:\/\/vapemaison.com\/","name":"VapeMaison","description":"Pr\u00e9miov\u00e1 vapingov\u00e1 za\u0159\u00edzen\u00ed a p\u0159\u00edslu\u0161enstv\u00ed","publisher":{"@id":"https:\/\/vapemaison.com\/#organization"},"potentialAction":[{"@type":"SearchAction","target":{"@type":"EntryPoint","urlTemplate":"https:\/\/vapemaison.com\/?s={search_term_string}"},"query-input":{"@type":"PropertyValueSpecification","valueRequired":true,"valueName":"search_term_string"}}],"inLanguage":"cs"},{"@type":"Organization","@id":"https:\/\/vapemaison.com\/#organization","name":"VapeMaison","url":"https:\/\/vapemaison.com\/","logo":{"@type":"ImageObject","inLanguage":"cs","@id":"https:\/\/vapemaison.com\/#\/schema\/logo\/image\/","url":"https:\/\/vapemaison.com\/wp-content\/uploads\/2026\/01\/cropped-vapemaison-logo-g-2026.webp","contentUrl":"https:\/\/vapemaison.com\/wp-content\/uploads\/2026\/01\/cropped-vapemaison-logo-g-2026.webp","width":350,"height":280,"caption":"VapeMaison"},"image":{"@id":"https:\/\/vapemaison.com\/#\/schema\/logo\/image\/"},"sameAs":["https:\/\/www.youtube.com\/@VapeMaison"]}]}},"tiered_pricing_type":"fixed","tiered_pricing_fixed_rules":{"30":"7.19","50":"6.29","100":"5.79","200":"4.99"},"tiered_pricing_product_settings":{"layout":"default","base_unit_name":{"singular":null,"plural":null},"default_variation":null},"tiered_pricing_minimum_quantity":10,"tiered_pricing_roles_data":[],"tiered_pricing_percentage_rules":[],"tiered_pricing_maximum_quantity":null,"tiered_pricing_quantity_step":"10","_links":{"self":[{"href":"https:\/\/vapemaison.com\/cs\/wp-json\/wp\/v2\/product\/16991","targetHints":{"allow":["GET"]}}],"collection":[{"href":"https:\/\/vapemaison.com\/cs\/wp-json\/wp\/v2\/product"}],"about":[{"href":"https:\/\/vapemaison.com\/cs\/wp-json\/wp\/v2\/types\/product"}],"replies":[{"embeddable":true,"href":"https:\/\/vapemaison.com\/cs\/wp-json\/wp\/v2\/comments?post=16991"}],"version-history":[{"count":1,"href":"https:\/\/vapemaison.com\/cs\/wp-json\/wp\/v2\/product\/16991\/revisions"}],"predecessor-version":[{"id":26106,"href":"https:\/\/vapemaison.com\/cs\/wp-json\/wp\/v2\/product\/16991\/revisions\/26106"}],"wp:featuredmedia":[{"embeddable":true,"href":"https:\/\/vapemaison.com\/cs\/wp-json\/wp\/v2\/media\/17022"}],"wp:attachment":[{"href":"https:\/\/vapemaison.com\/cs\/wp-json\/wp\/v2\/media?parent=16991"}],"wp:term":[{"taxonomy":"product_brand","embeddable":true,"href":"https:\/\/vapemaison.com\/cs\/wp-json\/wp\/v2\/product_brand?post=16991"},{"taxonomy":"product_cat","embeddable":true,"href":"https:\/\/vapemaison.com\/cs\/wp-json\/wp\/v2\/product_cat?post=16991"},{"taxonomy":"product_tag","embeddable":true,"href":"https:\/\/vapemaison.com\/cs\/wp-json\/wp\/v2\/product_tag?post=16991"}],"curies":[{"name":"wp","href":"https:\/\/api.w.org\/{rel}","templated":true}]}}