

{"id":17213,"date":"2025-12-12T03:02:05","date_gmt":"2025-12-12T03:02:05","guid":{"rendered":"https:\/\/vapemaison.com\/?post_type=product&#038;p=17213"},"modified":"2025-12-22T09:25:37","modified_gmt":"2025-12-22T09:25:37","slug":"bang-beach-20k-puff-vape-pod","status":"publish","type":"product","link":"https:\/\/vapemaison.com\/cs\/product\/bang-beach-20k-puff-vape-pod\/","title":{"rendered":"Bang Beach 20K Puff 0% 2% 3% 5%Nicotine"},"content":{"rendered":"<p><strong>Bang Beach 20k Puff LED Display Vape Pod - pr\u00e9miov\u00fd jednor\u00e1zov\u00fd z\u00e1\u017eitek z vapingu<\/strong><\/p>\n\n\n\n<p>Na str\u00e1nk\u00e1ch <strong>Bang Beach 20k Puff Vape Pod<\/strong> je navr\u017een pro dokonal\u00fd z\u00e1\u017eitek z vapingu a nab\u00edz\u00ed bezkonkuren\u010dn\u00ed v\u00fdkon a pohodl\u00ed. S p\u016fsobiv\u00fdm <strong>20k puff<\/strong> Tento vysokokapacitn\u00ed jednor\u00e1zov\u00fd vape na jedno za\u0159\u00edzen\u00ed zaji\u0161\u0165uje del\u0161\u00ed po\u017eitek z kou\u0159en\u00ed, tak\u017ee je ide\u00e1ln\u00ed volbou pro p\u0159\u00edle\u017eitostn\u00e9 i zku\u0161en\u00e9 vapery.<\/p>\n\n\n\n<h3 class=\"wp-block-heading\"><strong>Kl\u00ed\u010dov\u00e9 vlastnosti<\/strong><\/h3>\n\n\n\n<ul class=\"wp-block-list\">\n<li><strong>Roz\u0161\u00ed\u0159en\u00e9 pou\u017eit\u00ed a pohodl\u00ed<\/strong>: Vybaveno <strong>35ml p\u0159edpln\u011bn\u00e1 kazeta s e-liquidem<\/strong>, Bang Beach nab\u00edz\u00ed zna\u010dnou dobu vapov\u00e1n\u00ed, co\u017e eliminuje pot\u0159ebu \u010dast\u00e9ho dopl\u0148ov\u00e1n\u00ed.<\/li>\n\n\n\n<li><strong>P\u0159izp\u016fsobiteln\u00e9 s\u00edly nikotinu<\/strong>: K dispozici jsou \u010dty\u0159i \u00farovn\u011b nikotinu.<strong>0%, 2%, 3% a 5%<\/strong>-Bang Beach vyhovuje \u0161irok\u00e9 \u0161k\u00e1le preferenc\u00ed a umo\u017e\u0148uje u\u017eivatel\u016fm p\u0159izp\u016fsobit sv\u016fj z\u00e1\u017eitek podle jejich tolerance nikotinu.<\/li>\n\n\n\n<li><strong>Vysoce v\u00fdkonn\u00e1 baterie<\/strong>: Nap\u00e1jen\u00ed pomoc\u00ed <strong>Nab\u00edjec\u00ed baterie s kapacitou 650 mAh<\/strong>, za\u0159\u00edzen\u00ed zaru\u010duje konzistentn\u00ed a spolehliv\u00fd v\u00fdkon. Na str\u00e1nk\u00e1ch <strong>Port Type-C<\/strong> umo\u017e\u0148uje rychl\u00e9 a efektivn\u00ed dob\u00edjen\u00ed, minimalizuje prostoje a zvy\u0161uje pohodl\u00ed u\u017eivatel\u016f.<\/li>\n\n\n\n<li><strong>Technologie Mesh Coil<\/strong>: P\u0159edstavuje <strong>C\u00edvka s oky 1,0<\/strong> a <strong>nastaviteln\u00e9 proud\u011bn\u00ed vzduchu<\/strong>, Bang Beach poskytuje hladkou a bohatou p\u00e1ru, kterou si m\u016f\u017eete p\u0159izp\u016fsobit podle sv\u00e9ho obl\u00edben\u00e9ho stylu v\u00fdroby p\u00e1ry. Tato technologie zaji\u0161\u0165uje, \u017ee ka\u017ed\u00e9 \u0161luknut\u00ed je uspokojiv\u00e9 a pln\u00e9 chuti.<\/li>\n\n\n\n<li><strong>LED displej<\/strong>: Integrovan\u00fd <strong>LED displej<\/strong> poskytuje aktualizace v re\u00e1ln\u00e9m \u010dase jak o <strong>\u017eivotnost baterie<\/strong> a <strong>hladiny e-liquidu<\/strong>, aby byli u\u017eivatel\u00e9 v\u017edy informov\u00e1ni a nikdy nebyli zasko\u010deni vybit\u00fdm za\u0159\u00edzen\u00edm.<\/li>\n<\/ul>\n\n\n\n<h3 class=\"wp-block-heading\"><strong>V\u00fdb\u011br p\u0159\u00edchut\u00ed<\/strong><\/h3>\n\n\n\n<p>Bang Beach nab\u00edz\u00ed rozmanitou \u0161k\u00e1lu <strong>12 lahodn\u00fdch chut\u00ed<\/strong>, pe\u010dliv\u011b vytvo\u0159en\u00e9 tak, aby poskytovaly jedine\u010dn\u00fd a p\u0159\u00edjemn\u00fd vapingov\u00fd z\u00e1\u017eitek. Od sladk\u00fdch ovocn\u00fdch sm\u011bs\u00ed a\u017e po osv\u011b\u017euj\u00edc\u00ed ledov\u00e9 t\u00f3ny - ka\u017ed\u00fd si najde n\u011bco, co uspokoj\u00ed jeho chu\u0165ov\u00e9 bu\u0148ky:<\/p>\n\n\n\n<ul class=\"wp-block-list\">\n<li>Blue Razz Ice<\/li>\n\n\n\n<li>Bor\u016fvka malina<\/li>\n\n\n\n<li>Hroznov\u00fd led<\/li>\n\n\n\n<li>Broskvov\u00e9 mango<\/li>\n\n\n\n<li>Sm\u00ed\u0161en\u00e9 bobule<\/li>\n\n\n\n<li>R\u016f\u017eov\u00e1 limon\u00e1da<\/li>\n\n\n\n<li>Jahodov\u00fd meloun<\/li>\n\n\n\n<li>Melounov\u00fd led<\/li>\n\n\n\n<li>Jahodov\u00e1 zmrzlina<\/li>\n\n\n\n<li>Trojit\u00fd led z bobul\u00ed<\/li>\n\n\n\n<li>Broskvov\u00fd led<\/li>\n\n\n\n<li>Kysel\u00e9 jablko<\/li>\n<\/ul>\n\n\n\n<h3 class=\"wp-block-heading\"><strong>Specifikace<\/strong><\/h3>\n\n\n\n<ul class=\"wp-block-list\">\n<li><strong>Puffy<\/strong>: A\u017e do <strong>20k puff<\/strong><\/li>\n\n\n\n<li><strong>Kapacita e-liquidu<\/strong>: <strong>35 ml p\u0159edpln\u011bn\u00e9 n\u00e1pln\u011b<\/strong><\/li>\n\n\n\n<li><strong>S\u00edla nikotinu<\/strong>: <strong>0%, 2%, 3%, 5%<\/strong><\/li>\n\n\n\n<li><strong>Baterie<\/strong>: <strong>650 mAh<\/strong> (Dob\u00edjen\u00ed prost\u0159ednictv\u00edm <strong>Port Type-C<\/strong>)<\/li>\n\n\n\n<li><strong>C\u00edvka<\/strong>: <strong>C\u00edvka 1.0 Mesh<\/strong> s <strong>nastaviteln\u00e9 proud\u011bn\u00ed vzduchu<\/strong><\/li>\n\n\n\n<li><strong>Dostupn\u00e9 p\u0159\u00edchut\u011b<\/strong>: 12 jedine\u010dn\u00fdch p\u0159\u00edchut\u00ed<\/li>\n\n\n\n<li><strong>Typ<\/strong>: <strong>Jednor\u00e1zov\u00e9<\/strong><\/li>\n<\/ul>\n\n\n\n<h3 class=\"wp-block-heading\"><strong>Z\u00e1v\u011br<\/strong><\/h3>\n\n\n\n<p>Na str\u00e1nk\u00e1ch <strong>Bang Beach 20k Puff LED Display Vape Pod<\/strong> kombinuje v\u00fdkon, pohodl\u00ed a chu\u0165 v jednom elegantn\u00edm a ergonomick\u00e9m designu. A\u0165 u\u017e jste za\u010d\u00e1te\u010dn\u00edk, nebo zku\u0161en\u00fd vaper, jeho u\u017eivatelsky p\u0159\u00edv\u011btiv\u00e9 funkce a vysokokapacitn\u00ed konstrukce z n\u011bj d\u011blaj\u00ed ide\u00e1ln\u00ed volbu pro dlouhotrvaj\u00edc\u00ed a p\u0159\u00edjemn\u00e9 vapov\u00e1n\u00ed. D\u00edky p\u0159izp\u016fsobiteln\u00fdm hladin\u00e1m nikotinu, spolehliv\u00e9 baterii a \u0159ad\u011b lahodn\u00fdch p\u0159\u00edchut\u00ed je Bang Beach va\u0161\u00edm prost\u0159edkem pro dokonal\u00fd z\u00e1\u017eitek z vapov\u00e1n\u00ed.<\/p>\n\n\n\n<p><strong>Hled\u00e1te dal\u0161\u00ed pr\u00e9miov\u00e9 mo\u017enosti vapingu? Nav\u0161tivte na\u0161i <a href=\"https:\/\/vapemaison.com\">domovsk\u00e1 str\u00e1nka<\/a> a prohl\u00e9dn\u011bte si celou kolekci v na\u0161\u00ed sekci <a href=\"https:\/\/vapemaison.com\/shop\">obchod<\/a>, nebo prozkoumat dal\u0161\u00ed za\u0159\u00edzen\u00ed z <a href=\"https:\/\/vapemaison.com\/brand\/bang\">Zna\u010dka Bang<\/a>. Mo\u017en\u00e1 se v\u00e1m budou hodit tak\u00e9 velkokapacitn\u00ed jednor\u00e1zov\u00e9 v\u00fdrobky od spole\u010dnosti <a href=\"https:\/\/vapemaison.com\/brand\/jnr\/\">JNR<\/a> nebo si prohl\u00e9dn\u011bte v\u0161echny na\u0161e <a href=\"https:\/\/vapemaison.com\/product-category\/puffs-count\/\">Za\u0159\u00edzen\u00ed Puffs<\/a> pro dlouhodobou spokojenost.<\/strong><\/p>","protected":false},"excerpt":{"rendered":"<p>Vychutnejte si 20 000 potah\u016f a masivn\u00ed 35ml z\u00e1sobn\u00edk, kter\u00fd je poh\u00e1n\u011bn technologi\u00ed mesh coil a nastaviteln\u00fdm airflow pro maxim\u00e1ln\u00ed p\u0159esnost chuti. M\u011bjte v\u0161e pod kontrolou d\u00edky integrovan\u00e9mu LED displeji baterie a oleje - vyberte si z 12 pr\u00e9miov\u00fdch p\u0159\u00edchut\u00ed je\u0161t\u011b dnes a zajist\u011bte si preferovanou s\u00edlu nikotinu, dokud jsou k dispozici aktu\u00e1ln\u00ed skladov\u00e9 z\u00e1soby a p\u0159ednostn\u00ed doprava.<\/p>","protected":false},"featured_media":17214,"comment_status":"open","ping_status":"closed","template":"","meta":[],"product_brand":[57],"product_cat":[133],"product_tag":[],"class_list":{"0":"post-17213","1":"product","2":"type-product","3":"status-publish","4":"has-post-thumbnail","6":"product_brand-bang","7":"product_cat-20k-puffs","9":"first","10":"instock","11":"sale","12":"shipping-taxable","13":"purchasable","14":"product-type-variable"},"yoast_head":"<!-- This site is optimized with the Yoast SEO plugin v27.4 - https:\/\/yoast.com\/product\/yoast-seo-wordpress\/ -->\n<title>Bang Beach 20k Puff Vape Pod \u2013 Flavorful Disposable Vape<\/title>\n<meta name=\"description\" content=\"Enjoy up to 20k puff with the Bang Beach Vape Pod. Choose from 12 delicious flavors for a smooth, satisfying vaping experience.\" \/>\n<meta name=\"robots\" content=\"index, follow, max-snippet:-1, max-image-preview:large, max-video-preview:-1\" \/>\n<link rel=\"canonical\" href=\"https:\/\/vapemaison.com\/cs\/produkt\/bang-beach-20k-puff-vape-pod\/\" \/>\n<meta property=\"og:locale\" content=\"cs_CZ\" \/>\n<meta property=\"og:type\" content=\"article\" \/>\n<meta property=\"og:title\" content=\"Bang Beach 20k Puff Vape Pod \u2013 Flavorful Disposable Vape\" \/>\n<meta property=\"og:description\" content=\"Enjoy up to 20k puff with the Bang Beach Vape Pod. Choose from 12 delicious flavors for a smooth, satisfying vaping experience.\" \/>\n<meta property=\"og:url\" content=\"https:\/\/vapemaison.com\/cs\/produkt\/bang-beach-20k-puff-vape-pod\/\" \/>\n<meta property=\"og:site_name\" content=\"VapeMaison\" \/>\n<meta property=\"article:modified_time\" content=\"2025-12-22T09:25:37+00:00\" \/>\n<meta property=\"og:image\" content=\"https:\/\/vapemaison.com\/wp-content\/uploads\/2025\/12\/vape-bang-beach-20000-Puffs-bang-beach.jpg.webp\" \/>\n\t<meta property=\"og:image:width\" content=\"1000\" \/>\n\t<meta property=\"og:image:height\" content=\"1000\" \/>\n\t<meta property=\"og:image:type\" content=\"image\/webp\" \/>\n<meta name=\"twitter:card\" content=\"summary_large_image\" \/>\n<meta name=\"twitter:label1\" content=\"Odhadovan\u00e1 doba \u010dten\u00ed\" \/>\n\t<meta name=\"twitter:data1\" content=\"3 minuty\" \/>\n<!-- \/ Yoast SEO plugin. -->","yoast_head_json":{"title":"Bang Beach 20k Puff Vape Pod - chutn\u00fd jednor\u00e1zov\u00fd vape","description":"S Bang Beach Vape Pod si m\u016f\u017eete vychutnat a\u017e 20 tis\u00edc \u0161luk\u016f. Vyberte si z 12 lahodn\u00fdch p\u0159\u00edchut\u00ed pro hladk\u00fd a uspokojiv\u00fd vapingov\u00fd z\u00e1\u017eitek.","robots":{"index":"index","follow":"follow","max-snippet":"max-snippet:-1","max-image-preview":"max-image-preview:large","max-video-preview":"max-video-preview:-1"},"canonical":"https:\/\/vapemaison.com\/cs\/produkt\/bang-beach-20k-puff-vape-pod\/","og_locale":"cs_CZ","og_type":"article","og_title":"Bang Beach 20k Puff Vape Pod \u2013 Flavorful Disposable Vape","og_description":"Enjoy up to 20k puff with the Bang Beach Vape Pod. Choose from 12 delicious flavors for a smooth, satisfying vaping experience.","og_url":"https:\/\/vapemaison.com\/cs\/produkt\/bang-beach-20k-puff-vape-pod\/","og_site_name":"VapeMaison","article_modified_time":"2025-12-22T09:25:37+00:00","og_image":[{"width":1000,"height":1000,"url":"https:\/\/vapemaison.com\/wp-content\/uploads\/2025\/12\/vape-bang-beach-20000-Puffs-bang-beach.jpg.webp","type":"image\/webp"}],"twitter_card":"summary_large_image","twitter_misc":{"Odhadovan\u00e1 doba \u010dten\u00ed":"3 minuty"},"schema":{"@context":"https:\/\/schema.org","@graph":[{"@type":"WebPage","@id":"https:\/\/vapemaison.com\/product\/bang-beach-20k-puff-vape-pod\/","url":"https:\/\/vapemaison.com\/product\/bang-beach-20k-puff-vape-pod\/","name":"Bang Beach 20k Puff Vape Pod - chutn\u00fd jednor\u00e1zov\u00fd vape","isPartOf":{"@id":"https:\/\/vapemaison.com\/#website"},"primaryImageOfPage":{"@id":"https:\/\/vapemaison.com\/product\/bang-beach-20k-puff-vape-pod\/#primaryimage"},"image":{"@id":"https:\/\/vapemaison.com\/product\/bang-beach-20k-puff-vape-pod\/#primaryimage"},"thumbnailUrl":"https:\/\/vapemaison.com\/wp-content\/uploads\/2025\/12\/vape-bang-beach-20000-Puffs-bang-beach.jpg.webp","datePublished":"2025-12-12T03:02:05+00:00","dateModified":"2025-12-22T09:25:37+00:00","description":"S Bang Beach Vape Pod si m\u016f\u017eete vychutnat a\u017e 20 tis\u00edc \u0161luk\u016f. Vyberte si z 12 lahodn\u00fdch p\u0159\u00edchut\u00ed pro hladk\u00fd a uspokojiv\u00fd vapingov\u00fd z\u00e1\u017eitek.","breadcrumb":{"@id":"https:\/\/vapemaison.com\/product\/bang-beach-20k-puff-vape-pod\/#breadcrumb"},"inLanguage":"cs","potentialAction":[{"@type":"ReadAction","target":["https:\/\/vapemaison.com\/product\/bang-beach-20k-puff-vape-pod\/"]}]},{"@type":"ImageObject","inLanguage":"cs","@id":"https:\/\/vapemaison.com\/product\/bang-beach-20k-puff-vape-pod\/#primaryimage","url":"https:\/\/vapemaison.com\/wp-content\/uploads\/2025\/12\/vape-bang-beach-20000-Puffs-bang-beach.jpg.webp","contentUrl":"https:\/\/vapemaison.com\/wp-content\/uploads\/2025\/12\/vape-bang-beach-20000-Puffs-bang-beach.jpg.webp","width":1000,"height":1000,"caption":"Vape Bang Beach Puffs Beach.jpg"},{"@type":"BreadcrumbList","@id":"https:\/\/vapemaison.com\/product\/bang-beach-20k-puff-vape-pod\/#breadcrumb","itemListElement":[{"@type":"ListItem","position":1,"name":"\u9996\u9875","item":"https:\/\/vapemaison.com\/"},{"@type":"ListItem","position":2,"name":"Shop","item":"https:\/\/vapemaison.com\/shop\/"},{"@type":"ListItem","position":3,"name":"Bang","item":"https:\/\/vapemaison.com\/brand\/bang\/"},{"@type":"ListItem","position":4,"name":"Bang Beach 20K Puff 0% 2% 3% 5%Nicotine"}]},{"@type":"WebSite","@id":"https:\/\/vapemaison.com\/#website","url":"https:\/\/vapemaison.com\/","name":"VapeMaison","description":"Pr\u00e9miov\u00e1 vapingov\u00e1 za\u0159\u00edzen\u00ed a p\u0159\u00edslu\u0161enstv\u00ed","publisher":{"@id":"https:\/\/vapemaison.com\/#organization"},"potentialAction":[{"@type":"SearchAction","target":{"@type":"EntryPoint","urlTemplate":"https:\/\/vapemaison.com\/?s={search_term_string}"},"query-input":{"@type":"PropertyValueSpecification","valueRequired":true,"valueName":"search_term_string"}}],"inLanguage":"cs"},{"@type":"Organization","@id":"https:\/\/vapemaison.com\/#organization","name":"VapeMaison","url":"https:\/\/vapemaison.com\/","logo":{"@type":"ImageObject","inLanguage":"cs","@id":"https:\/\/vapemaison.com\/#\/schema\/logo\/image\/","url":"https:\/\/vapemaison.com\/wp-content\/uploads\/2026\/01\/cropped-vapemaison-logo-g-2026.webp","contentUrl":"https:\/\/vapemaison.com\/wp-content\/uploads\/2026\/01\/cropped-vapemaison-logo-g-2026.webp","width":350,"height":280,"caption":"VapeMaison"},"image":{"@id":"https:\/\/vapemaison.com\/#\/schema\/logo\/image\/"},"sameAs":["https:\/\/www.youtube.com\/@VapeMaison"]}]}},"tiered_pricing_type":"fixed","tiered_pricing_fixed_rules":{"30":"9.45","50":"8.99","100":"8.36","200":"7.62"},"tiered_pricing_product_settings":{"layout":"default","base_unit_name":{"singular":null,"plural":null},"default_variation":null},"tiered_pricing_minimum_quantity":10,"tiered_pricing_roles_data":[],"tiered_pricing_percentage_rules":[],"tiered_pricing_maximum_quantity":null,"tiered_pricing_quantity_step":"10","_links":{"self":[{"href":"https:\/\/vapemaison.com\/cs\/wp-json\/wp\/v2\/product\/17213","targetHints":{"allow":["GET"]}}],"collection":[{"href":"https:\/\/vapemaison.com\/cs\/wp-json\/wp\/v2\/product"}],"about":[{"href":"https:\/\/vapemaison.com\/cs\/wp-json\/wp\/v2\/types\/product"}],"replies":[{"embeddable":true,"href":"https:\/\/vapemaison.com\/cs\/wp-json\/wp\/v2\/comments?post=17213"}],"version-history":[{"count":0,"href":"https:\/\/vapemaison.com\/cs\/wp-json\/wp\/v2\/product\/17213\/revisions"}],"wp:featuredmedia":[{"embeddable":true,"href":"https:\/\/vapemaison.com\/cs\/wp-json\/wp\/v2\/media\/17214"}],"wp:attachment":[{"href":"https:\/\/vapemaison.com\/cs\/wp-json\/wp\/v2\/media?parent=17213"}],"wp:term":[{"taxonomy":"product_brand","embeddable":true,"href":"https:\/\/vapemaison.com\/cs\/wp-json\/wp\/v2\/product_brand?post=17213"},{"taxonomy":"product_cat","embeddable":true,"href":"https:\/\/vapemaison.com\/cs\/wp-json\/wp\/v2\/product_cat?post=17213"},{"taxonomy":"product_tag","embeddable":true,"href":"https:\/\/vapemaison.com\/cs\/wp-json\/wp\/v2\/product_tag?post=17213"}],"curies":[{"name":"wp","href":"https:\/\/api.w.org\/{rel}","templated":true}]}}