

{"id":17271,"date":"2025-12-12T03:21:20","date_gmt":"2025-12-12T03:21:20","guid":{"rendered":"https:\/\/vapemaison.com\/?post_type=product&#038;p=17271"},"modified":"2025-12-22T09:24:32","modified_gmt":"2025-12-22T09:24:32","slug":"bang-beach-22k-puffs-vape-pen-na-jedno-pouziti","status":"publish","type":"product","link":"https:\/\/vapemaison.com\/cs\/product\/bang-beach-22k-puffs-vape-pen-disposable\/","title":{"rendered":"Bang Beach 22k Puffs LED displej na jedno pou\u017eit\u00ed Vape"},"content":{"rendered":"<p>Na str\u00e1nk\u00e1ch <strong>Bang Beach 22k Puffs Vape Pen<\/strong> nab\u00edz\u00ed v\u00fdjime\u010dn\u00fd vapingov\u00fd z\u00e1\u017eitek, kter\u00fd kombinuje dlouhotrvaj\u00edc\u00ed v\u00fdkon, p\u0159izp\u016fsobiteln\u00e9 hladiny nikotinu a \u0161irokou \u0161k\u00e1lu lahodn\u00fdch p\u0159\u00edchut\u00ed. A\u0165 u\u017e jste za\u010d\u00e1te\u010dn\u00edk, nebo zku\u0161en\u00fd vaper, tato vysokokapacitn\u00ed jednor\u00e1zov\u00e1 vapka je navr\u017eena tak, aby v\u00e1m poskytovala st\u00e1l\u00e9 uspokojen\u00ed.<\/p>\n\n\n\n<h3 class=\"wp-block-heading\"><strong>Kl\u00ed\u010dov\u00e9 vlastnosti<\/strong><\/h3>\n\n\n\n<ul class=\"wp-block-list\">\n<li><strong>Dlouhodob\u00fd po\u017eitek<\/strong>: S a\u017e <strong>22k obl\u00e1\u010dk\u016f<\/strong>, Bang Beach zaji\u0161\u0165uje dlouh\u00fd a uspokojiv\u00fd z\u00e1\u017eitek z vapingu, a to d\u00edky sv\u00e9 <strong>36ml p\u0159edpln\u011bn\u00e1 kazeta s e-liquidem<\/strong>.<\/li>\n\n\n\n<li><strong>P\u0159izp\u016fsobiteln\u00e9 s\u00edly nikotinu<\/strong>: Vyberte si z <strong>0%, 2%, 3% a 5% nikotinu<\/strong> podle va\u0161ich preferenc\u00ed, co\u017e v\u00e1m d\u00e1v\u00e1 plnou kontrolu nad va\u0161\u00edm vapingov\u00fdm z\u00e1\u017eitkem.<\/li>\n\n\n\n<li><strong>Zv\u00fd\u0161en\u00e1 produkce p\u00e1ry<\/strong>: P\u0159edstavuje <strong>C\u00edvka 1.0 Mesh<\/strong> a <strong>nastaviteln\u00e9 proud\u011bn\u00ed vzduchu<\/strong>, toto vape pero poskytuje hladkou a aromatickou p\u00e1ru s mo\u017enost\u00ed p\u0159izp\u016fsobit si velikost a intenzitu mraku.<\/li>\n\n\n\n<li><strong>V\u00fdkonn\u00e9 a dob\u00edjec\u00ed<\/strong>: Nap\u00e1jen\u00ed pomoc\u00ed <strong>Dob\u00edjec\u00ed baterie 850 mAh<\/strong>, Bang Beach zaji\u0161\u0165uje st\u00e1l\u00fd v\u00fdkon po celou dobu \u017eivotnosti. Na <strong>Nab\u00edjec\u00ed port typu C<\/strong> umo\u017e\u0148uje rychl\u00e9 a efektivn\u00ed dob\u00edjen\u00ed a minimalizuje prostoje.<\/li>\n\n\n\n<li><strong>LED displej<\/strong>: Z\u016fsta\u0148te informov\u00e1ni s <strong>LED displej<\/strong>, kter\u00e1 v re\u00e1ln\u00e9m \u010dase zobrazuje aktu\u00e1ln\u00ed informace o v\u00fddr\u017ei baterie a stavu e-liquidu, tak\u017ee budete v\u017edy p\u0159ipraveni k vapov\u00e1n\u00ed.<\/li>\n<\/ul>\n\n\n\n<h3 class=\"wp-block-heading\"><strong>V\u00fdb\u011br p\u0159\u00edchut\u00ed<\/strong><\/h3>\n\n\n\n<p>S <strong>12 jedine\u010dn\u00fdch p\u0159\u00edchut\u00ed<\/strong>, Bang Beach nab\u00edz\u00ed n\u011bco pro ka\u017ed\u00e9ho. Od osv\u011b\u017euj\u00edc\u00edho ovoce a\u017e po sladk\u00e9, po\u017eitk\u00e1\u0159sk\u00e9 sm\u011bsi - ka\u017ed\u00e1 mo\u017enost je vytvo\u0159ena tak, aby poskytovala bohatou a uspokojivou chu\u0165:<\/p>\n\n\n\n<ul class=\"wp-block-list\">\n<li>Broskvov\u00fd led<\/li>\n\n\n\n<li>Broskvov\u00e9 mango<\/li>\n\n\n\n<li>Sm\u00ed\u0161en\u00e9 bobule<\/li>\n\n\n\n<li>R\u016f\u017eov\u00e1 limon\u00e1da<\/li>\n\n\n\n<li>Jahodov\u00fd meloun<\/li>\n\n\n\n<li>Melounov\u00fd led<\/li>\n\n\n\n<li>Hroznov\u00fd led<\/li>\n\n\n\n<li>Vimto<\/li>\n\n\n\n<li>Jahodov\u00e1 zmrzlina<\/li>\n\n\n\n<li>T\u0159e\u0161e\u0148 bor\u016fvka<\/li>\n\n\n\n<li>Raspberry<\/li>\n\n\n\n<li>Kysel\u00e9 jablko<\/li>\n<\/ul>\n\n\n\n<h3 class=\"wp-block-heading\"><strong>Specifikace<\/strong><\/h3>\n\n\n\n<ul class=\"wp-block-list\">\n<li><strong>Puffy<\/strong>: A\u017e do <strong>22k obl\u00e1\u010dk\u016f<\/strong><\/li>\n\n\n\n<li><strong>Kapacita e-liquidu<\/strong>: <strong>36 ml p\u0159edpln\u011bn\u00e9 n\u00e1pln\u011b<\/strong><\/li>\n\n\n\n<li><strong>S\u00edla nikotinu<\/strong>: <strong>0%, 2%, 3%, 5%<\/strong><\/li>\n\n\n\n<li><strong>Baterie<\/strong>: <strong>850 mAh<\/strong> (Dob\u00edjen\u00ed prost\u0159ednictv\u00edm <strong>Port Type-C<\/strong>)<\/li>\n\n\n\n<li><strong>C\u00edvka<\/strong>: <strong>C\u00edvka 1.0 Mesh<\/strong> s <strong>nastaviteln\u00e9 proud\u011bn\u00ed vzduchu<\/strong><\/li>\n\n\n\n<li><strong>Dostupn\u00e9 p\u0159\u00edchut\u011b<\/strong>: <strong>12 chutn\u00fdch mo\u017enost\u00ed<\/strong><\/li>\n\n\n\n<li><strong>Typ<\/strong>: <strong>Jednor\u00e1zov\u00e9<\/strong><\/li>\n<\/ul>\n\n\n\n<h3 class=\"wp-block-heading\"><strong>Z\u00e1v\u011br<\/strong><\/h3>\n\n\n\n<p>Na str\u00e1nk\u00e1ch <strong>Bang Beach 22000 Puffs LED displej Vape Pen<\/strong> nab\u00edz\u00ed dokonalou rovnov\u00e1hu mezi v\u00fdkonem, chut\u00ed a pohodl\u00edm. D\u00edky velk\u00e9 kapacit\u011b e-liquidu, p\u0159izp\u016fsobiteln\u00fdm mo\u017enostem nikotinu a dob\u00edjec\u00ed baterii je navr\u017een tak, aby poskytoval prvot\u0159\u00eddn\u00ed vapingov\u00fd z\u00e1\u017eitek, kter\u00fd vydr\u017e\u00ed. Vyberte si svou p\u0159\u00edchu\u0165, p\u0159izp\u016fsobte si s\u00edlu nikotinu a poka\u017ed\u00e9 si vychutnejte hladk\u00e9 potahov\u00e1n\u00ed pln\u00e9 chuti.<\/p>\n\n\n\n<p><strong>Hled\u00e1te dal\u0161\u00ed pr\u00e9miov\u00e9 mo\u017enosti vapingu? Nav\u0161tivte na\u0161i <a href=\"https:\/\/vapemaison.com\">domovsk\u00e1 str\u00e1nka<\/a> a prohl\u00e9dn\u011bte si celou kolekci v na\u0161\u00ed sekci <a href=\"https:\/\/vapemaison.com\/shop\">obchod<\/a>, nebo prozkoumat dal\u0161\u00ed za\u0159\u00edzen\u00ed z <a href=\"https:\/\/vapemaison.com\/brand\/bang\">Zna\u010dka Bang<\/a>. Mo\u017en\u00e1 se v\u00e1m budou hodit tak\u00e9 velkokapacitn\u00ed jednor\u00e1zov\u00e9 v\u00fdrobky od spole\u010dnosti <a href=\"https:\/\/vapemaison.com\/brand\/jnr\/\">JNR<\/a> nebo si prohl\u00e9dn\u011bte v\u0161echny na\u0161e <a href=\"https:\/\/vapemaison.com\/product-category\/puffs-count\/\">Za\u0159\u00edzen\u00ed Puffs<\/a> pro dlouhodobou spokojenost.<\/strong><\/p>","protected":false},"excerpt":{"rendered":"<div id=\"model-response-message-contentr_4e64e8fee7e2056a\" class=\"markdown markdown-main-panel stronger enable-updated-hr-color\" dir=\"ltr\" aria-live=\"polite\" aria-busy=\"false\">\n<p data-path-to-node=\"0\">Vychutnejte si 22 000 potah\u016f a masivn\u00ed 36ml z\u00e1sobn\u00edk s 1,0 mesh spir\u00e1lkou a nastaviteln\u00fdm airflow pro dokonal\u00e9 p\u0159izp\u016fsoben\u00ed mraku. Sledujte stav baterie a e-liquidu v re\u00e1ln\u00e9m \u010dase pomoc\u00ed chytr\u00e9ho LED displeje - vyberte si s\u00edlu nikotinu a zajist\u011bte si tento velkokapacitn\u00ed model, dokud jsou k dispozici aktu\u00e1ln\u00ed skladov\u00e9 z\u00e1soby a rychl\u00e1 doprava.<\/p>\n<\/div>","protected":false},"featured_media":17275,"comment_status":"open","ping_status":"closed","template":"","meta":[],"product_brand":[57],"product_cat":[16],"product_tag":[],"class_list":{"0":"post-17271","1":"product","2":"type-product","3":"status-publish","4":"has-post-thumbnail","6":"product_brand-bang","7":"product_cat-uncategorized","9":"first","10":"instock","11":"sale","12":"shipping-taxable","13":"purchasable","14":"product-type-variable"},"yoast_head":"<!-- This site is optimized with the Yoast SEO plugin v27.4 - https:\/\/yoast.com\/product\/yoast-seo-wordpress\/ -->\n<title>Bang Beach 22k Puffs Vape Pen Disposable with LED Display - VapeMaison<\/title>\n<meta name=\"description\" content=\"Enjoy 22k puffs with the Bang Beach Vape Pen. 36ml e-liquid, adjustable airflow,and customizable nicotine strength for a longer, satisfying vape.\" \/>\n<meta name=\"robots\" content=\"index, follow, max-snippet:-1, max-image-preview:large, max-video-preview:-1\" \/>\n<link rel=\"canonical\" href=\"https:\/\/vapemaison.com\/cs\/produkt\/bang-beach-22k-puffs-vape-pen-na-jedno-pouziti\/\" \/>\n<meta property=\"og:locale\" content=\"cs_CZ\" \/>\n<meta property=\"og:type\" content=\"article\" \/>\n<meta property=\"og:title\" content=\"Bang Beach 22k Puffs Vape Pen Disposable with LED Display - VapeMaison\" \/>\n<meta property=\"og:description\" content=\"Enjoy 22k puffs with the Bang Beach Vape Pen. 36ml e-liquid, adjustable airflow,and customizable nicotine strength for a longer, satisfying vape.\" \/>\n<meta property=\"og:url\" content=\"https:\/\/vapemaison.com\/cs\/produkt\/bang-beach-22k-puffs-vape-pen-na-jedno-pouziti\/\" \/>\n<meta property=\"og:site_name\" content=\"VapeMaison\" \/>\n<meta property=\"article:modified_time\" content=\"2025-12-22T09:24:32+00:00\" \/>\n<meta property=\"og:image\" content=\"https:\/\/vapemaison.com\/wp-content\/uploads\/2025\/12\/bang-beach-22000-puff-vapes-mixed-berry.webp\" \/>\n\t<meta property=\"og:image:width\" content=\"1500\" \/>\n\t<meta property=\"og:image:height\" content=\"1500\" \/>\n\t<meta property=\"og:image:type\" content=\"image\/webp\" \/>\n<meta name=\"twitter:card\" content=\"summary_large_image\" \/>\n<meta name=\"twitter:label1\" content=\"Odhadovan\u00e1 doba \u010dten\u00ed\" \/>\n\t<meta name=\"twitter:data1\" content=\"2 minuty\" \/>\n<!-- \/ Yoast SEO plugin. -->","yoast_head_json":{"title":"Bang Beach 22k Puffs Vape Pen na jedno pou\u017eit\u00ed s LED displejem - VapeMaison","description":"Vychutnejte si 22 tis\u00edc \u0161luk\u016f s Bang Beach Vape Pen. 36 ml e-liquidu, nastaviteln\u00fd pr\u016ftok vzduchu a p\u0159izp\u016fsobiteln\u00e1 s\u00edla nikotinu pro del\u0161\u00ed a uspokojiv\u00fd vape.","robots":{"index":"index","follow":"follow","max-snippet":"max-snippet:-1","max-image-preview":"max-image-preview:large","max-video-preview":"max-video-preview:-1"},"canonical":"https:\/\/vapemaison.com\/cs\/produkt\/bang-beach-22k-puffs-vape-pen-na-jedno-pouziti\/","og_locale":"cs_CZ","og_type":"article","og_title":"Bang Beach 22k Puffs Vape Pen Disposable with LED Display - VapeMaison","og_description":"Enjoy 22k puffs with the Bang Beach Vape Pen. 36ml e-liquid, adjustable airflow,and customizable nicotine strength for a longer, satisfying vape.","og_url":"https:\/\/vapemaison.com\/cs\/produkt\/bang-beach-22k-puffs-vape-pen-na-jedno-pouziti\/","og_site_name":"VapeMaison","article_modified_time":"2025-12-22T09:24:32+00:00","og_image":[{"width":1500,"height":1500,"url":"https:\/\/vapemaison.com\/wp-content\/uploads\/2025\/12\/bang-beach-22000-puff-vapes-mixed-berry.webp","type":"image\/webp"}],"twitter_card":"summary_large_image","twitter_misc":{"Odhadovan\u00e1 doba \u010dten\u00ed":"2 minuty"},"schema":{"@context":"https:\/\/schema.org","@graph":[{"@type":"WebPage","@id":"https:\/\/vapemaison.com\/product\/bang-beach-22k-puffs-vape-pen-disposable\/","url":"https:\/\/vapemaison.com\/product\/bang-beach-22k-puffs-vape-pen-disposable\/","name":"Bang Beach 22k Puffs Vape Pen na jedno pou\u017eit\u00ed s LED displejem - VapeMaison","isPartOf":{"@id":"https:\/\/vapemaison.com\/#website"},"primaryImageOfPage":{"@id":"https:\/\/vapemaison.com\/product\/bang-beach-22k-puffs-vape-pen-disposable\/#primaryimage"},"image":{"@id":"https:\/\/vapemaison.com\/product\/bang-beach-22k-puffs-vape-pen-disposable\/#primaryimage"},"thumbnailUrl":"https:\/\/vapemaison.com\/wp-content\/uploads\/2025\/12\/bang-beach-22000-puff-vapes-mixed-berry.webp","datePublished":"2025-12-12T03:21:20+00:00","dateModified":"2025-12-22T09:24:32+00:00","description":"Vychutnejte si 22 tis\u00edc \u0161luk\u016f s Bang Beach Vape Pen. 36 ml e-liquidu, nastaviteln\u00fd pr\u016ftok vzduchu a p\u0159izp\u016fsobiteln\u00e1 s\u00edla nikotinu pro del\u0161\u00ed a uspokojiv\u00fd vape.","breadcrumb":{"@id":"https:\/\/vapemaison.com\/product\/bang-beach-22k-puffs-vape-pen-disposable\/#breadcrumb"},"inLanguage":"cs","potentialAction":[{"@type":"ReadAction","target":["https:\/\/vapemaison.com\/product\/bang-beach-22k-puffs-vape-pen-disposable\/"]}]},{"@type":"ImageObject","inLanguage":"cs","@id":"https:\/\/vapemaison.com\/product\/bang-beach-22k-puffs-vape-pen-disposable\/#primaryimage","url":"https:\/\/vapemaison.com\/wp-content\/uploads\/2025\/12\/bang-beach-22000-puff-vapes-mixed-berry.webp","contentUrl":"https:\/\/vapemaison.com\/wp-content\/uploads\/2025\/12\/bang-beach-22000-puff-vapes-mixed-berry.webp","width":1500,"height":1500,"caption":"Bang Beach Puff Vapes Mixed Berry"},{"@type":"BreadcrumbList","@id":"https:\/\/vapemaison.com\/product\/bang-beach-22k-puffs-vape-pen-disposable\/#breadcrumb","itemListElement":[{"@type":"ListItem","position":1,"name":"\u9996\u9875","item":"https:\/\/vapemaison.com\/"},{"@type":"ListItem","position":2,"name":"Shop","item":"https:\/\/vapemaison.com\/shop\/"},{"@type":"ListItem","position":3,"name":"Bang","item":"https:\/\/vapemaison.com\/brand\/bang\/"},{"@type":"ListItem","position":4,"name":"Bang Beach 22k Puffs LED Display Disposable Vape"}]},{"@type":"WebSite","@id":"https:\/\/vapemaison.com\/#website","url":"https:\/\/vapemaison.com\/","name":"VapeMaison","description":"Pr\u00e9miov\u00e1 vapingov\u00e1 za\u0159\u00edzen\u00ed a p\u0159\u00edslu\u0161enstv\u00ed","publisher":{"@id":"https:\/\/vapemaison.com\/#organization"},"potentialAction":[{"@type":"SearchAction","target":{"@type":"EntryPoint","urlTemplate":"https:\/\/vapemaison.com\/?s={search_term_string}"},"query-input":{"@type":"PropertyValueSpecification","valueRequired":true,"valueName":"search_term_string"}}],"inLanguage":"cs"},{"@type":"Organization","@id":"https:\/\/vapemaison.com\/#organization","name":"VapeMaison","url":"https:\/\/vapemaison.com\/","logo":{"@type":"ImageObject","inLanguage":"cs","@id":"https:\/\/vapemaison.com\/#\/schema\/logo\/image\/","url":"https:\/\/vapemaison.com\/wp-content\/uploads\/2026\/01\/cropped-vapemaison-logo-g-2026.webp","contentUrl":"https:\/\/vapemaison.com\/wp-content\/uploads\/2026\/01\/cropped-vapemaison-logo-g-2026.webp","width":350,"height":280,"caption":"VapeMaison"},"image":{"@id":"https:\/\/vapemaison.com\/#\/schema\/logo\/image\/"},"sameAs":["https:\/\/www.youtube.com\/@VapeMaison"]}]}},"tiered_pricing_type":"fixed","tiered_pricing_fixed_rules":{"30":"9.99","50":"9.42","100":"8.85","200":"8.21"},"tiered_pricing_product_settings":{"layout":"default","base_unit_name":{"singular":null,"plural":null},"default_variation":null},"tiered_pricing_minimum_quantity":10,"tiered_pricing_roles_data":[],"tiered_pricing_percentage_rules":[],"tiered_pricing_maximum_quantity":null,"tiered_pricing_quantity_step":"10","_links":{"self":[{"href":"https:\/\/vapemaison.com\/cs\/wp-json\/wp\/v2\/product\/17271","targetHints":{"allow":["GET"]}}],"collection":[{"href":"https:\/\/vapemaison.com\/cs\/wp-json\/wp\/v2\/product"}],"about":[{"href":"https:\/\/vapemaison.com\/cs\/wp-json\/wp\/v2\/types\/product"}],"replies":[{"embeddable":true,"href":"https:\/\/vapemaison.com\/cs\/wp-json\/wp\/v2\/comments?post=17271"}],"version-history":[{"count":0,"href":"https:\/\/vapemaison.com\/cs\/wp-json\/wp\/v2\/product\/17271\/revisions"}],"wp:featuredmedia":[{"embeddable":true,"href":"https:\/\/vapemaison.com\/cs\/wp-json\/wp\/v2\/media\/17275"}],"wp:attachment":[{"href":"https:\/\/vapemaison.com\/cs\/wp-json\/wp\/v2\/media?parent=17271"}],"wp:term":[{"taxonomy":"product_brand","embeddable":true,"href":"https:\/\/vapemaison.com\/cs\/wp-json\/wp\/v2\/product_brand?post=17271"},{"taxonomy":"product_cat","embeddable":true,"href":"https:\/\/vapemaison.com\/cs\/wp-json\/wp\/v2\/product_cat?post=17271"},{"taxonomy":"product_tag","embeddable":true,"href":"https:\/\/vapemaison.com\/cs\/wp-json\/wp\/v2\/product_tag?post=17271"}],"curies":[{"name":"wp","href":"https:\/\/api.w.org\/{rel}","templated":true}]}}