

{"id":17293,"date":"2025-12-12T03:46:36","date_gmt":"2025-12-12T03:46:36","guid":{"rendered":"https:\/\/vapemaison.com\/?post_type=product&#038;p=17293"},"modified":"2025-12-22T09:23:53","modified_gmt":"2025-12-22T09:23:53","slug":"bang-crown-bar-18000-puffs-jednorazove-vape","status":"publish","type":"product","link":"https:\/\/vapemaison.com\/cs\/product\/bang-crown-bar-18000-puffs-disposable-vape\/","title":{"rendered":"Bang Crown Bar 18000 Puffs 0% 2% 3% 5% Nikotinov\u00fd jednor\u00e1zov\u00fd Vape"},"content":{"rendered":"<p>Na str\u00e1nk\u00e1ch <strong>Bang Crown Bar 18000 Puffs<\/strong> Jednor\u00e1zov\u00e9 pero Vape Pen nab\u00edz\u00ed a\u017e <strong>18 000 obl\u00e1\u010dk\u016f<\/strong> pro del\u0161\u00ed a uspokojiv\u00fd vapingov\u00fd z\u00e1\u017eitek. Je vybaven <strong>20ml p\u0159edpln\u011bn\u00e1 kazeta s e-liquidem<\/strong> a <strong>Nab\u00edjec\u00ed baterie s kapacitou 650 mAh<\/strong> s pohodln\u00fdm nab\u00edjen\u00edm typu C. P\u0159izp\u016fsobte si sv\u016fj z\u00e1\u017eitek d\u00edky s\u00edle nikotinu v n\u00e1sleduj\u00edc\u00edch hodnot\u00e1ch <strong>0%, 2%, 3% a 5% Nikotinov\u00e1 s\u016fl<\/strong>, a vychutnejte si hladkou a aromatickou p\u00e1ru d\u00edky. <strong>0,6ohmov\u00e1 s\u00ed\u0165ov\u00e1 c\u00edvka<\/strong> a <strong>nastaviteln\u00e9 proud\u011bn\u00ed vzduchu<\/strong>. S <strong>16 jedine\u010dn\u00fdch p\u0159\u00edchut\u00ed<\/strong>, v Bang CrownBaru si vybere ka\u017ed\u00fd.<\/p>\n\n\n\n<h3 class=\"wp-block-heading\"><strong>Kl\u00ed\u010dov\u00e9 vlastnosti<\/strong><\/h3>\n\n\n\n<ul class=\"wp-block-list\">\n<li><strong>Puffy<\/strong>: A\u017e do <strong>18 000 obl\u00e1\u010dk\u016f<\/strong><\/li>\n\n\n\n<li><strong>Kapacita e-liquidu<\/strong>: <strong>20 ml p\u0159edpln\u011bn\u00e9 n\u00e1pln\u011b<\/strong><\/li>\n\n\n\n<li><strong>Mo\u017enosti nikotinu<\/strong>: <strong>0%, 2%, 3%, 5% Nikotinov\u00e1 s\u016fl<\/strong><\/li>\n\n\n\n<li><strong>Baterie<\/strong>: <strong>650 mAh<\/strong> dob\u00edjec\u00ed, port Type-C<\/li>\n\n\n\n<li><strong>C\u00edvka<\/strong>: <strong>0,6ohmov\u00e1 s\u00ed\u0165ov\u00e1 c\u00edvka<\/strong> s <strong>nastaviteln\u00e9 proud\u011bn\u00ed vzduchu<\/strong><\/li>\n\n\n\n<li><strong>P\u0159\u00edchut\u011b<\/strong>: <strong>16 r\u016fzn\u00fdch mo\u017enost\u00ed<\/strong><\/li>\n<\/ul>\n\n\n\n<h3 class=\"wp-block-heading\">Bang Crown Bar <strong>Seznam p\u0159\u00edchut\u00ed<\/strong><\/h3>\n\n\n\n<ul class=\"wp-block-list\">\n<li>Broskvov\u00e9 mango<\/li>\n\n\n\n<li>Kysel\u00e9 jablko<\/li>\n\n\n\n<li>Hrozny<\/li>\n\n\n\n<li>Tyg\u0159\u00ed krev<\/li>\n\n\n\n<li>Bor\u016fvka malina<\/li>\n\n\n\n<li>Bor\u016fvkov\u00e9 hrozny<\/li>\n\n\n\n<li>Sm\u00ed\u0161en\u00e9 ovoce<\/li>\n\n\n\n<li>Jahodov\u00fd meloun<\/li>\n\n\n\n<li>Jahodov\u00e9 kiwi<\/li>\n\n\n\n<li>Jahodov\u00e9 mango<\/li>\n\n\n\n<li>Ananasov\u00fd kokos<\/li>\n\n\n\n<li>M\u00e1tov\u00fd led<\/li>\n\n\n\n<li>Meloun<\/li>\n\n\n\n<li>Bor\u016fvkov\u00fd led<\/li>\n\n\n\n<li>Broskvov\u00fd led<\/li>\n\n\n\n<li>Melounov\u00e1 \u017ev\u00fdka\u010dka<\/li>\n<\/ul>\n\n\n\n<p>Hled\u00e1te dal\u0161\u00ed pr\u00e9miov\u00e9 mo\u017enosti vapingu? Nav\u0161tivte na\u0161i <a href=\"https:\/\/vapemaison.com\">domovsk\u00e1 str\u00e1nka<\/a> a prohl\u00e9dn\u011bte si celou kolekci v na\u0161\u00ed sekci <a href=\"https:\/\/vapemaison.com\/shop\">obchod<\/a>, nebo prozkoumat dal\u0161\u00ed za\u0159\u00edzen\u00ed z <a href=\"https:\/\/vapemaison.com\/brand\/bang\">Zna\u010dka Bang<\/a>. Mo\u017en\u00e1 se v\u00e1m budou hodit tak\u00e9 velkokapacitn\u00ed jednor\u00e1zov\u00e9 v\u00fdrobky od spole\u010dnosti <a href=\"https:\/\/vapemaison.com\/brand\/jnr\/\">JNR<\/a> nebo si prohl\u00e9dn\u011bte v\u0161echny na\u0161e <a href=\"https:\/\/vapemaison.com\/product-category\/puffs-count\/\">Za\u0159\u00edzen\u00ed Puffs<\/a> pro dlouhodobou spokojenost.<\/p>\n\n\n\n<p><\/p>","protected":false},"excerpt":{"rendered":"<p><span class=\"\">Zku\u0161enost 18,<\/span><span class=\"\">000 pr\u00e9miov\u00fdch obl\u00e1\u010dk\u016f s 0.<\/span>6ohmov\u00e1 mesh spir\u00e1lka a nastaviteln\u00fd airflow navr\u017een\u00e9 pro dokonalou kontrolu chuti a plynulou p\u00e1ru. S 20 ml e-liquidu a portem pro rychl\u00e9 nab\u00edjen\u00ed typu C je toto za\u0159\u00edzen\u00ed postaveno pro maxim\u00e1ln\u00ed v\u00fddr\u017e - objednejte si ho je\u0161t\u011b dnes, abyste si zajistili svou obl\u00edbenou p\u0159\u00edchu\u0165 a vyu\u017eili na\u0161i aktu\u00e1ln\u00ed z\u00e1ruku rychl\u00e9ho dod\u00e1n\u00ed.<\/p>","protected":false},"featured_media":17298,"comment_status":"open","ping_status":"closed","template":"","meta":[],"product_brand":[57],"product_cat":[175],"product_tag":[],"class_list":{"0":"post-17293","1":"product","2":"type-product","3":"status-publish","4":"has-post-thumbnail","6":"product_brand-bang","7":"product_cat-18k-puffs","9":"first","10":"instock","11":"sale","12":"shipping-taxable","13":"purchasable","14":"product-type-variable"},"yoast_head":"<!-- This site is optimized with the Yoast SEO plugin v27.4 - https:\/\/yoast.com\/product\/yoast-seo-wordpress\/ -->\n<title>Bang Crown Bar 18000 Puffs Disposable Vape Flavorful Vaping - VapeMaison<\/title>\n<meta name=\"description\" content=\"Enjoy 18000 puffs with the Bang Crown Bar Vape,and 16 flavors. Customize your nicotine level and vape longer with its rechargeable battery.\" \/>\n<meta name=\"robots\" content=\"index, follow, max-snippet:-1, max-image-preview:large, max-video-preview:-1\" \/>\n<link rel=\"canonical\" href=\"https:\/\/vapemaison.com\/cs\/produkt\/bang-crown-bar-18000-puffs-jednorazove-vape\/\" \/>\n<meta property=\"og:locale\" content=\"cs_CZ\" \/>\n<meta property=\"og:type\" content=\"article\" \/>\n<meta property=\"og:title\" content=\"Bang Crown Bar 18000 Puffs Disposable Vape Flavorful Vaping - VapeMaison\" \/>\n<meta property=\"og:description\" content=\"Enjoy 18000 puffs with the Bang Crown Bar Vape,and 16 flavors. Customize your nicotine level and vape longer with its rechargeable battery.\" \/>\n<meta property=\"og:url\" content=\"https:\/\/vapemaison.com\/cs\/produkt\/bang-crown-bar-18000-puffs-jednorazove-vape\/\" \/>\n<meta property=\"og:site_name\" content=\"VapeMaison\" \/>\n<meta property=\"article:modified_time\" content=\"2025-12-22T09:23:53+00:00\" \/>\n<meta property=\"og:image\" content=\"https:\/\/vapemaison.com\/wp-content\/uploads\/2025\/12\/vape-bang-crown-bar-18000-puff-5.webp\" \/>\n\t<meta property=\"og:image:width\" content=\"654\" \/>\n\t<meta property=\"og:image:height\" content=\"690\" \/>\n\t<meta property=\"og:image:type\" content=\"image\/webp\" \/>\n<meta name=\"twitter:card\" content=\"summary_large_image\" \/>\n<meta name=\"twitter:label1\" content=\"Odhadovan\u00e1 doba \u010dten\u00ed\" \/>\n\t<meta name=\"twitter:data1\" content=\"2 minuty\" \/>\n<!-- \/ Yoast SEO plugin. -->","yoast_head_json":{"title":"Bang Crown Bar 18000 Puffs jednor\u00e1zov\u00e9 vape s p\u0159\u00edchut\u00ed - VapeMaison","description":"Vychutnejte si 18000 \u0161luk\u016f s Bang Crown Bar Vape a 16 p\u0159\u00edchut\u00ed. P\u0159izp\u016fsobte si \u00farove\u0148 nikotinu a vapujte d\u00e9le d\u00edky dob\u00edjec\u00ed baterii.","robots":{"index":"index","follow":"follow","max-snippet":"max-snippet:-1","max-image-preview":"max-image-preview:large","max-video-preview":"max-video-preview:-1"},"canonical":"https:\/\/vapemaison.com\/cs\/produkt\/bang-crown-bar-18000-puffs-jednorazove-vape\/","og_locale":"cs_CZ","og_type":"article","og_title":"Bang Crown Bar 18000 Puffs Disposable Vape Flavorful Vaping - VapeMaison","og_description":"Enjoy 18000 puffs with the Bang Crown Bar Vape,and 16 flavors. Customize your nicotine level and vape longer with its rechargeable battery.","og_url":"https:\/\/vapemaison.com\/cs\/produkt\/bang-crown-bar-18000-puffs-jednorazove-vape\/","og_site_name":"VapeMaison","article_modified_time":"2025-12-22T09:23:53+00:00","og_image":[{"width":654,"height":690,"url":"https:\/\/vapemaison.com\/wp-content\/uploads\/2025\/12\/vape-bang-crown-bar-18000-puff-5.webp","type":"image\/webp"}],"twitter_card":"summary_large_image","twitter_misc":{"Odhadovan\u00e1 doba \u010dten\u00ed":"2 minuty"},"schema":{"@context":"https:\/\/schema.org","@graph":[{"@type":"WebPage","@id":"https:\/\/vapemaison.com\/product\/bang-crown-bar-18000-puffs-disposable-vape\/","url":"https:\/\/vapemaison.com\/product\/bang-crown-bar-18000-puffs-disposable-vape\/","name":"Bang Crown Bar 18000 Puffs jednor\u00e1zov\u00e9 vape s p\u0159\u00edchut\u00ed - VapeMaison","isPartOf":{"@id":"https:\/\/vapemaison.com\/#website"},"primaryImageOfPage":{"@id":"https:\/\/vapemaison.com\/product\/bang-crown-bar-18000-puffs-disposable-vape\/#primaryimage"},"image":{"@id":"https:\/\/vapemaison.com\/product\/bang-crown-bar-18000-puffs-disposable-vape\/#primaryimage"},"thumbnailUrl":"https:\/\/vapemaison.com\/wp-content\/uploads\/2025\/12\/vape-bang-crown-bar-18000-puff-5.webp","datePublished":"2025-12-12T03:46:36+00:00","dateModified":"2025-12-22T09:23:53+00:00","description":"Vychutnejte si 18000 \u0161luk\u016f s Bang Crown Bar Vape a 16 p\u0159\u00edchut\u00ed. P\u0159izp\u016fsobte si \u00farove\u0148 nikotinu a vapujte d\u00e9le d\u00edky dob\u00edjec\u00ed baterii.","breadcrumb":{"@id":"https:\/\/vapemaison.com\/product\/bang-crown-bar-18000-puffs-disposable-vape\/#breadcrumb"},"inLanguage":"cs","potentialAction":[{"@type":"ReadAction","target":["https:\/\/vapemaison.com\/product\/bang-crown-bar-18000-puffs-disposable-vape\/"]}]},{"@type":"ImageObject","inLanguage":"cs","@id":"https:\/\/vapemaison.com\/product\/bang-crown-bar-18000-puffs-disposable-vape\/#primaryimage","url":"https:\/\/vapemaison.com\/wp-content\/uploads\/2025\/12\/vape-bang-crown-bar-18000-puff-5.webp","contentUrl":"https:\/\/vapemaison.com\/wp-content\/uploads\/2025\/12\/vape-bang-crown-bar-18000-puff-5.webp","width":654,"height":690,"caption":"Vape Bang Crown Bar Puff detail 2"},{"@type":"BreadcrumbList","@id":"https:\/\/vapemaison.com\/product\/bang-crown-bar-18000-puffs-disposable-vape\/#breadcrumb","itemListElement":[{"@type":"ListItem","position":1,"name":"\u9996\u9875","item":"https:\/\/vapemaison.com\/"},{"@type":"ListItem","position":2,"name":"Shop","item":"https:\/\/vapemaison.com\/shop\/"},{"@type":"ListItem","position":3,"name":"Bang","item":"https:\/\/vapemaison.com\/brand\/bang\/"},{"@type":"ListItem","position":4,"name":"Bang Crown Bar 18000 Puffs 0% 2% 3% 5% Nicotine Disposable Vape"}]},{"@type":"WebSite","@id":"https:\/\/vapemaison.com\/#website","url":"https:\/\/vapemaison.com\/","name":"VapeMaison","description":"Pr\u00e9miov\u00e1 vapingov\u00e1 za\u0159\u00edzen\u00ed a p\u0159\u00edslu\u0161enstv\u00ed","publisher":{"@id":"https:\/\/vapemaison.com\/#organization"},"potentialAction":[{"@type":"SearchAction","target":{"@type":"EntryPoint","urlTemplate":"https:\/\/vapemaison.com\/?s={search_term_string}"},"query-input":{"@type":"PropertyValueSpecification","valueRequired":true,"valueName":"search_term_string"}}],"inLanguage":"cs"},{"@type":"Organization","@id":"https:\/\/vapemaison.com\/#organization","name":"VapeMaison","url":"https:\/\/vapemaison.com\/","logo":{"@type":"ImageObject","inLanguage":"cs","@id":"https:\/\/vapemaison.com\/#\/schema\/logo\/image\/","url":"https:\/\/vapemaison.com\/wp-content\/uploads\/2026\/01\/cropped-vapemaison-logo-g-2026.webp","contentUrl":"https:\/\/vapemaison.com\/wp-content\/uploads\/2026\/01\/cropped-vapemaison-logo-g-2026.webp","width":350,"height":280,"caption":"VapeMaison"},"image":{"@id":"https:\/\/vapemaison.com\/#\/schema\/logo\/image\/"},"sameAs":["https:\/\/www.youtube.com\/@VapeMaison"]}]}},"tiered_pricing_type":"fixed","tiered_pricing_fixed_rules":{"30":"7.99","50":"7.36","100":"6.87","200":"9.24"},"tiered_pricing_product_settings":{"layout":"default","base_unit_name":{"singular":null,"plural":null},"default_variation":null},"tiered_pricing_minimum_quantity":10,"tiered_pricing_roles_data":[],"tiered_pricing_percentage_rules":[],"tiered_pricing_maximum_quantity":null,"tiered_pricing_quantity_step":"10","_links":{"self":[{"href":"https:\/\/vapemaison.com\/cs\/wp-json\/wp\/v2\/product\/17293","targetHints":{"allow":["GET"]}}],"collection":[{"href":"https:\/\/vapemaison.com\/cs\/wp-json\/wp\/v2\/product"}],"about":[{"href":"https:\/\/vapemaison.com\/cs\/wp-json\/wp\/v2\/types\/product"}],"replies":[{"embeddable":true,"href":"https:\/\/vapemaison.com\/cs\/wp-json\/wp\/v2\/comments?post=17293"}],"version-history":[{"count":0,"href":"https:\/\/vapemaison.com\/cs\/wp-json\/wp\/v2\/product\/17293\/revisions"}],"wp:featuredmedia":[{"embeddable":true,"href":"https:\/\/vapemaison.com\/cs\/wp-json\/wp\/v2\/media\/17298"}],"wp:attachment":[{"href":"https:\/\/vapemaison.com\/cs\/wp-json\/wp\/v2\/media?parent=17293"}],"wp:term":[{"taxonomy":"product_brand","embeddable":true,"href":"https:\/\/vapemaison.com\/cs\/wp-json\/wp\/v2\/product_brand?post=17293"},{"taxonomy":"product_cat","embeddable":true,"href":"https:\/\/vapemaison.com\/cs\/wp-json\/wp\/v2\/product_cat?post=17293"},{"taxonomy":"product_tag","embeddable":true,"href":"https:\/\/vapemaison.com\/cs\/wp-json\/wp\/v2\/product_tag?post=17293"}],"curies":[{"name":"wp","href":"https:\/\/api.w.org\/{rel}","templated":true}]}}