

{"id":17454,"date":"2025-12-12T06:39:43","date_gmt":"2025-12-12T06:39:43","guid":{"rendered":"https:\/\/vapemaison.com\/?post_type=product&#038;p=17454"},"modified":"2025-12-22T09:18:42","modified_gmt":"2025-12-22T09:18:42","slug":"bang-shisha-15000-puffs-jednorazove-vape","status":"publish","type":"product","link":"https:\/\/vapemaison.com\/cs\/product\/bang-shisha-15000-puffs-disposable-vape\/","title":{"rendered":"Bang SHISHA 15000 Puffs Vape na jedno pou\u017eit\u00ed"},"content":{"rendered":"<p>Na str\u00e1nk\u00e1ch <strong>Bang SHISHA 15000 Puffs<\/strong> Jednor\u00e1zov\u00e1 elektronick\u00e1 cigareta je ur\u010dena pro ty, kte\u0159\u00ed hledaj\u00ed pohlcuj\u00edc\u00ed z\u00e1\u017eitek. <strong>P\u0159\u00edm\u00fd p\u0159enos do plic (DTL)<\/strong> zku\u0161enosti s vapingem. S p\u016fsobiv\u00fdm <strong>15 000 vdech\u016f<\/strong>, je toto za\u0159\u00edzen\u00ed navr\u017eeno tak, aby poskytovalo dlouhotrvaj\u00edc\u00ed pot\u011b\u0161en\u00ed. M\u016f\u017ee se pochlubit vysokou kapacitou <strong>Baterie s kapacitou 600 mAh<\/strong> a velkorys\u00fd <strong>Objem vst\u0159ikovan\u00e9ho oleje 23 ml<\/strong>, co\u017e zaji\u0161\u0165uje del\u0161\u00ed vapov\u00e1n\u00ed bez \u010dast\u00e9ho dopl\u0148ov\u00e1n\u00ed.<\/p>\n\n\n\n<p>K dispozici s nastavitelnou silou nikotinu v rozmez\u00ed <strong>0%, 2%, 3% a 5%<\/strong>, tato vape vyhovuje r\u016fzn\u00fdm preferenc\u00edm a poskytuje plynul\u00e9 a uspokojiv\u00e9 s\u00e1n\u00ed do plic. Str\u00e1nka <strong>18 chutn\u00fdch mo\u017enost\u00ed<\/strong> nab\u00edz\u00ed \u0161irokou \u0161k\u00e1lu mo\u017enost\u00ed, kter\u00e9 vyhov\u00ed ka\u017ed\u00e9mu vkusu. A\u0165 u\u017e tou\u017e\u00edte po ovocn\u00e9m z\u00e1\u017eitku nebo osv\u011b\u017euj\u00edc\u00edm ledov\u00e9m kopanci, v nab\u00eddce najdete <strong>Bang SHISHA<\/strong> zaji\u0161\u0165uje plnohodnotn\u00fd z\u00e1\u017eitek z vapingu. Ide\u00e1ln\u00ed pro ty, kte\u0159\u00ed d\u00e1vaj\u00ed p\u0159ednost <strong>DTL<\/strong> kombinuje v\u00fdkon, pohodl\u00ed a chu\u0165 v jednom elegantn\u00edm designu.<\/p>\n\n\n\n<h3 class=\"wp-block-heading\"><strong>Kl\u00ed\u010dov\u00e9 vlastnosti<\/strong><\/h3>\n\n\n\n<figure class=\"wp-block-table\"><table class=\"has-fixed-layout\"><thead><tr><th><strong>Funkce<\/strong><\/th><th><strong>Specifikace<\/strong><\/th><\/tr><\/thead><tbody><tr><td><strong>Puffy<\/strong><\/td><td>A\u017e do <strong>15 000 vdech\u016f<\/strong><\/td><\/tr><tr><td><strong>Baterie<\/strong><\/td><td><strong>600mAh dob\u00edjec\u00ed<\/strong><\/td><\/tr><tr><td><strong>Objem vst\u0159ikovan\u00e9ho oleje<\/strong><\/td><td><strong>23 ml p\u0159edpln\u011bn\u00e9 n\u00e1pln\u011b<\/strong><\/td><\/tr><tr><td><strong>S\u00edla nikotinu<\/strong><\/td><td><strong>0%, 2%, 3%, 5%<\/strong><\/td><\/tr><tr><td><strong>Typ vapingu<\/strong><\/td><td><strong>P\u0159\u00edm\u00fd p\u0159enos do plic (DTL)<\/strong><\/td><\/tr><tr><td><strong>P\u0159\u00edchut\u011b<\/strong><\/td><td><strong>18 r\u016fzn\u00fdch mo\u017enost\u00ed<\/strong><\/td><\/tr><\/tbody><\/table><\/figure>\n\n\n\n<h3 class=\"wp-block-heading\"><strong>Seznam p\u0159\u00edchut\u00ed<\/strong><\/h3>\n\n\n\n<ul class=\"wp-block-list\">\n<li>Bor\u016fvkov\u00fd led<\/li>\n\n\n\n<li>Blue Razz Ice<\/li>\n\n\n\n<li>T\u0159e\u0161\u0148ov\u00fd meloun<\/li>\n\n\n\n<li>Zmrazen\u00e9 jablko<\/li>\n\n\n\n<li>\u017dv\u00fdka\u010dkov\u00e1 m\u00e1ta<\/li>\n\n\n\n<li>Mango Banana<\/li>\n\n\n\n<li>Mix Berry Ice<\/li>\n\n\n\n<li>Ananasov\u00fd kokos<\/li>\n\n\n\n<li>\u010cerven\u00e1 jahodov\u00e1 b\u0159e\u010dka<\/li>\n\n\n\n<li>Kiwi Passionfruit Guava<\/li>\n\n\n\n<li>Brusinka Hroznov\u00e9 v\u00edno<\/li>\n\n\n\n<li>Jahodov\u00e1 zmrzlina<\/li>\n\n\n\n<li>Jahodov\u00e9 kiwi<\/li>\n\n\n\n<li>Jahodovo-malinov\u00e9 bonbony<\/li>\n\n\n\n<li>Melounov\u00fd led<\/li>\n\n\n\n<li>\u0160\u0165avnat\u00e9 broskve<\/li>\n\n\n\n<li>Broskvov\u00fd meloun Mango<\/li>\n\n\n\n<li>Vodn\u00ed meloun Jahoda Bubblegum<\/li>\n<\/ul>\n\n\n\n<p>Fanou\u0161ci produkt\u016f Bang \u010dasto prozkoum\u00e1vaj\u00ed celou na\u0161i nab\u00eddku, aby si na\u0161li sv\u016fj dokonal\u00fd vape. Za\u010dn\u011bte u <a href=\"https:\/\/vapemaison.com\">domovsk\u00e1 str\u00e1nka<\/a>, objevte v\u0161echny produkty v na\u0161\u00ed <a href=\"https:\/\/vapemaison.com\/shop\">obchod<\/a>, nebo se pono\u0159te do <a href=\"https:\/\/vapemaison.com\/brand\/bang\">Zna\u010dka Bang<\/a> a prohl\u00e9dn\u011bte si kompletn\u00ed sestavu. Hled\u00e1te n\u011bco jin\u00e9ho? Na\u0161e <a href=\"https:\/\/vapemaison.com\/brand\/waspe\">Kolekce WASPE<\/a> a <a href=\"https:\/\/vapemaison.com\/product-category\/puffs-count\/\">Kategorie Puffs<\/a> maj\u00ed spoustu mo\u017enost\u00ed pro ka\u017ed\u00e9ho vapera.<\/p>","protected":false},"excerpt":{"rendered":"<div id=\"model-response-message-contentr_ea460eeb7b56c70d\" class=\"markdown markdown-main-panel stronger enable-updated-hr-color\" dir=\"ltr\" aria-live=\"polite\" aria-busy=\"false\">\n<p data-path-to-node=\"0\">Pono\u0159te se do pohlcuj\u00edc\u00edho z\u00e1\u017eitku z DTL s 15 000 potahy a masivn\u00edm 23ml z\u00e1sobn\u00edkem navr\u017een\u00fdm pro hlubok\u00e9 a aromatick\u00e9 mraky. Vyberte si z 18 pr\u00e9miov\u00fdch p\u0159\u00edchut\u00ed inspirovan\u00fdch \u0161i\u0161kou a zajist\u011bte si preferovanou s\u00edlu nikotinu je\u0161t\u011b dnes, abyste mohli vyu\u017e\u00edt na\u0161ich aktu\u00e1ln\u00edch \u00faspor p\u0159i hromadn\u00e9m n\u00e1kupu a rychl\u00e9ho mezin\u00e1rodn\u00edho doru\u010den\u00ed.<\/p>\n<\/div>","protected":false},"featured_media":17506,"comment_status":"open","ping_status":"closed","template":"","meta":[],"product_brand":[57],"product_cat":[167],"product_tag":[],"class_list":{"0":"post-17454","1":"product","2":"type-product","3":"status-publish","4":"has-post-thumbnail","6":"product_brand-bang","7":"product_cat-15k-puffs","9":"first","10":"instock","11":"sale","12":"shipping-taxable","13":"purchasable","14":"product-type-variable"},"yoast_head":"<!-- This site is optimized with the Yoast SEO plugin v27.4 - https:\/\/yoast.com\/product\/yoast-seo-wordpress\/ -->\n<title>Bang SHISHA 15000 Puffs Disposable Vape \u2013 To Lung Experience - VapeMaison<\/title>\n<meta name=\"description\" content=\"Enjoy 15,000 puffs with the Bang SHISHA Vape. 23ml e-liquid, 18 flavors, and customizable nicotine options. Perfect for Direct To Lung (DTL) vaping.\" \/>\n<meta name=\"robots\" content=\"index, follow, max-snippet:-1, max-image-preview:large, max-video-preview:-1\" \/>\n<link rel=\"canonical\" href=\"https:\/\/vapemaison.com\/cs\/produkt\/bang-shisha-15000-puffs-jednorazove-vape\/\" \/>\n<meta property=\"og:locale\" content=\"cs_CZ\" \/>\n<meta property=\"og:type\" content=\"article\" \/>\n<meta property=\"og:title\" content=\"Bang SHISHA 15000 Puffs Disposable Vape \u2013 To Lung Experience - VapeMaison\" \/>\n<meta property=\"og:description\" content=\"Enjoy 15,000 puffs with the Bang SHISHA Vape. 23ml e-liquid, 18 flavors, and customizable nicotine options. Perfect for Direct To Lung (DTL) vaping.\" \/>\n<meta property=\"og:url\" content=\"https:\/\/vapemaison.com\/cs\/produkt\/bang-shisha-15000-puffs-jednorazove-vape\/\" \/>\n<meta property=\"og:site_name\" content=\"VapeMaison\" \/>\n<meta property=\"article:modified_time\" content=\"2025-12-22T09:18:42+00:00\" \/>\n<meta property=\"og:image\" content=\"https:\/\/vapemaison.com\/wp-content\/uploads\/2025\/12\/vape-bang-shi-sha-15000-puffs-1.webp\" \/>\n\t<meta property=\"og:image:width\" content=\"1000\" \/>\n\t<meta property=\"og:image:height\" content=\"1000\" \/>\n\t<meta property=\"og:image:type\" content=\"image\/webp\" \/>\n<meta name=\"twitter:card\" content=\"summary_large_image\" \/>\n<meta name=\"twitter:label1\" content=\"Odhadovan\u00e1 doba \u010dten\u00ed\" \/>\n\t<meta name=\"twitter:data1\" content=\"2 minuty\" \/>\n<!-- \/ Yoast SEO plugin. -->","yoast_head_json":{"title":"Bang SHISHA 15000 Puffs Disposable Vape - Zku\u0161enosti s pl\u00edcemi - VapeMaison","description":"Vychutnejte si 15 000 \u0161luk\u016f s Bang SHISHA Vape. 23 ml e-liquidu, 18 p\u0159\u00edchut\u00ed a p\u0159izp\u016fsobiteln\u00e9 mo\u017enosti nikotinu. Ide\u00e1ln\u00ed pro vapov\u00e1n\u00ed p\u0159\u00edmo do plic (DTL).","robots":{"index":"index","follow":"follow","max-snippet":"max-snippet:-1","max-image-preview":"max-image-preview:large","max-video-preview":"max-video-preview:-1"},"canonical":"https:\/\/vapemaison.com\/cs\/produkt\/bang-shisha-15000-puffs-jednorazove-vape\/","og_locale":"cs_CZ","og_type":"article","og_title":"Bang SHISHA 15000 Puffs Disposable Vape \u2013 To Lung Experience - VapeMaison","og_description":"Enjoy 15,000 puffs with the Bang SHISHA Vape. 23ml e-liquid, 18 flavors, and customizable nicotine options. Perfect for Direct To Lung (DTL) vaping.","og_url":"https:\/\/vapemaison.com\/cs\/produkt\/bang-shisha-15000-puffs-jednorazove-vape\/","og_site_name":"VapeMaison","article_modified_time":"2025-12-22T09:18:42+00:00","og_image":[{"width":1000,"height":1000,"url":"https:\/\/vapemaison.com\/wp-content\/uploads\/2025\/12\/vape-bang-shi-sha-15000-puffs-1.webp","type":"image\/webp"}],"twitter_card":"summary_large_image","twitter_misc":{"Odhadovan\u00e1 doba \u010dten\u00ed":"2 minuty"},"schema":{"@context":"https:\/\/schema.org","@graph":[{"@type":"WebPage","@id":"https:\/\/vapemaison.com\/product\/bang-shisha-15000-puffs-disposable-vape\/","url":"https:\/\/vapemaison.com\/product\/bang-shisha-15000-puffs-disposable-vape\/","name":"Bang SHISHA 15000 Puffs Disposable Vape - Zku\u0161enosti s pl\u00edcemi - VapeMaison","isPartOf":{"@id":"https:\/\/vapemaison.com\/#website"},"primaryImageOfPage":{"@id":"https:\/\/vapemaison.com\/product\/bang-shisha-15000-puffs-disposable-vape\/#primaryimage"},"image":{"@id":"https:\/\/vapemaison.com\/product\/bang-shisha-15000-puffs-disposable-vape\/#primaryimage"},"thumbnailUrl":"https:\/\/vapemaison.com\/wp-content\/uploads\/2025\/12\/vape-bang-shi-sha-15000-puffs-1.webp","datePublished":"2025-12-12T06:39:43+00:00","dateModified":"2025-12-22T09:18:42+00:00","description":"Vychutnejte si 15 000 \u0161luk\u016f s Bang SHISHA Vape. 23 ml e-liquidu, 18 p\u0159\u00edchut\u00ed a p\u0159izp\u016fsobiteln\u00e9 mo\u017enosti nikotinu. Ide\u00e1ln\u00ed pro vapov\u00e1n\u00ed p\u0159\u00edmo do plic (DTL).","breadcrumb":{"@id":"https:\/\/vapemaison.com\/product\/bang-shisha-15000-puffs-disposable-vape\/#breadcrumb"},"inLanguage":"cs","potentialAction":[{"@type":"ReadAction","target":["https:\/\/vapemaison.com\/product\/bang-shisha-15000-puffs-disposable-vape\/"]}]},{"@type":"ImageObject","inLanguage":"cs","@id":"https:\/\/vapemaison.com\/product\/bang-shisha-15000-puffs-disposable-vape\/#primaryimage","url":"https:\/\/vapemaison.com\/wp-content\/uploads\/2025\/12\/vape-bang-shi-sha-15000-puffs-1.webp","contentUrl":"https:\/\/vapemaison.com\/wp-content\/uploads\/2025\/12\/vape-bang-shi-sha-15000-puffs-1.webp","width":1000,"height":1000,"caption":"Vape Bang Shi Sha Puffs view 2"},{"@type":"BreadcrumbList","@id":"https:\/\/vapemaison.com\/product\/bang-shisha-15000-puffs-disposable-vape\/#breadcrumb","itemListElement":[{"@type":"ListItem","position":1,"name":"\u9996\u9875","item":"https:\/\/vapemaison.com\/"},{"@type":"ListItem","position":2,"name":"Shop","item":"https:\/\/vapemaison.com\/shop\/"},{"@type":"ListItem","position":3,"name":"Bang","item":"https:\/\/vapemaison.com\/brand\/bang\/"},{"@type":"ListItem","position":4,"name":"Bang SHISHA 15000 Puffs Disposable Vape"}]},{"@type":"WebSite","@id":"https:\/\/vapemaison.com\/#website","url":"https:\/\/vapemaison.com\/","name":"VapeMaison","description":"Pr\u00e9miov\u00e1 vapingov\u00e1 za\u0159\u00edzen\u00ed a p\u0159\u00edslu\u0161enstv\u00ed","publisher":{"@id":"https:\/\/vapemaison.com\/#organization"},"potentialAction":[{"@type":"SearchAction","target":{"@type":"EntryPoint","urlTemplate":"https:\/\/vapemaison.com\/?s={search_term_string}"},"query-input":{"@type":"PropertyValueSpecification","valueRequired":true,"valueName":"search_term_string"}}],"inLanguage":"cs"},{"@type":"Organization","@id":"https:\/\/vapemaison.com\/#organization","name":"VapeMaison","url":"https:\/\/vapemaison.com\/","logo":{"@type":"ImageObject","inLanguage":"cs","@id":"https:\/\/vapemaison.com\/#\/schema\/logo\/image\/","url":"https:\/\/vapemaison.com\/wp-content\/uploads\/2026\/01\/cropped-vapemaison-logo-g-2026.webp","contentUrl":"https:\/\/vapemaison.com\/wp-content\/uploads\/2026\/01\/cropped-vapemaison-logo-g-2026.webp","width":350,"height":280,"caption":"VapeMaison"},"image":{"@id":"https:\/\/vapemaison.com\/#\/schema\/logo\/image\/"},"sameAs":["https:\/\/www.youtube.com\/@VapeMaison"]}]}},"tiered_pricing_type":"fixed","tiered_pricing_fixed_rules":{"30":"7.99","50":"7.36","100":"6.78","200":"6.24"},"tiered_pricing_product_settings":{"layout":"default","base_unit_name":{"singular":null,"plural":null},"default_variation":null},"tiered_pricing_minimum_quantity":10,"tiered_pricing_roles_data":[],"tiered_pricing_percentage_rules":[],"tiered_pricing_maximum_quantity":null,"tiered_pricing_quantity_step":"10","_links":{"self":[{"href":"https:\/\/vapemaison.com\/cs\/wp-json\/wp\/v2\/product\/17454","targetHints":{"allow":["GET"]}}],"collection":[{"href":"https:\/\/vapemaison.com\/cs\/wp-json\/wp\/v2\/product"}],"about":[{"href":"https:\/\/vapemaison.com\/cs\/wp-json\/wp\/v2\/types\/product"}],"replies":[{"embeddable":true,"href":"https:\/\/vapemaison.com\/cs\/wp-json\/wp\/v2\/comments?post=17454"}],"version-history":[{"count":0,"href":"https:\/\/vapemaison.com\/cs\/wp-json\/wp\/v2\/product\/17454\/revisions"}],"wp:featuredmedia":[{"embeddable":true,"href":"https:\/\/vapemaison.com\/cs\/wp-json\/wp\/v2\/media\/17506"}],"wp:attachment":[{"href":"https:\/\/vapemaison.com\/cs\/wp-json\/wp\/v2\/media?parent=17454"}],"wp:term":[{"taxonomy":"product_brand","embeddable":true,"href":"https:\/\/vapemaison.com\/cs\/wp-json\/wp\/v2\/product_brand?post=17454"},{"taxonomy":"product_cat","embeddable":true,"href":"https:\/\/vapemaison.com\/cs\/wp-json\/wp\/v2\/product_cat?post=17454"},{"taxonomy":"product_tag","embeddable":true,"href":"https:\/\/vapemaison.com\/cs\/wp-json\/wp\/v2\/product_tag?post=17454"}],"curies":[{"name":"wp","href":"https:\/\/api.w.org\/{rel}","templated":true}]}}