

{"id":17515,"date":"2025-12-12T07:19:29","date_gmt":"2025-12-12T07:19:29","guid":{"rendered":"https:\/\/vapemaison.com\/?post_type=product&#038;p=17515"},"modified":"2025-12-22T09:18:36","modified_gmt":"2025-12-22T09:18:36","slug":"bang-king-15000-puffs-jednorazove-vape-2","status":"publish","type":"product","link":"https:\/\/vapemaison.com\/cs\/product\/bang-king-15000-puffs-disposable-vape-2\/","title":{"rendered":"Bang King 15000 Puffs Vape na jedno pou\u017eit\u00ed"},"content":{"rendered":"<p>Na str\u00e1nk\u00e1ch <strong>Bang King 15000 Puffs<\/strong> Jednor\u00e1zov\u00fd Vape je nejprod\u00e1van\u011bj\u0161\u00edm za\u0159\u00edzen\u00edm, kter\u00e9 je zn\u00e1m\u00e9 sv\u00fdm vynikaj\u00edc\u00edm v\u00fdkonem a dlouhotrvaj\u00edc\u00ed spokojenost\u00ed. Je vybaven <strong>Vestav\u011bn\u00e1 dob\u00edjec\u00ed baterie s kapacitou 650 mAh<\/strong>, zaji\u0161\u0165uje spolehlivou a konzistentn\u00ed dod\u00e1vku energie b\u011bhem ka\u017ed\u00e9 relace, zat\u00edmco jeho <strong>25ml p\u0159edpln\u011bn\u00e9 e-d\u017eusy<\/strong> poskytuje dostate\u010dn\u00e9 z\u00e1soby pro del\u0161\u00ed pou\u017e\u00edv\u00e1n\u00ed.<\/p>\n\n\n\n<p>Navr\u017eeno s ohledem na flexibilitu <strong>Bang King<\/strong> umo\u017e\u0148uje p\u0159izp\u016fsobit si vapingov\u00fd z\u00e1\u017eitek pomoc\u00ed <strong>nastaviteln\u00e9 proud\u011bn\u00ed vzduchu<\/strong>, kter\u00e9 nab\u00edz\u00ed intenzivn\u00ed chu\u0165 i plynulou produkci p\u00e1ry. Uspokoj\u00ed \u0161irokou \u0161k\u00e1lu preferenc\u00ed s hladinami nikotinu od <strong>0% a\u017e 5%<\/strong>, tak\u017ee je ide\u00e1ln\u00ed jak pro milovn\u00edky nikotinu, tak pro ty, kte\u0159\u00ed hledaj\u00ed vape bez nikotinu.<\/p>\n\n\n\n<p>S p\u016fsobiv\u00fdm <strong>15 000 vdech\u016f<\/strong>, toto za\u0159\u00edzen\u00ed zaru\u010duje dlouhotrvaj\u00edc\u00ed a p\u0159\u00edjemn\u00fd z\u00e1\u017eitek, ide\u00e1ln\u00ed pro vapery, kte\u0159\u00ed ocen\u00ed spolehlivost a pohodl\u00ed v elegantn\u00edm a snadno pou\u017eiteln\u00e9m designu.<\/p>\n\n\n\n<h3 class=\"wp-block-heading\"><strong>Kl\u00ed\u010dov\u00e9 vlastnosti<\/strong><\/h3>\n\n\n\n<figure class=\"wp-block-table\"><table class=\"has-fixed-layout\"><thead><tr><th><strong>Funkce<\/strong><\/th><th><strong>Specifikace<\/strong><\/th><\/tr><\/thead><tbody><tr><td><strong>Baterie<\/strong><\/td><td><strong>650mAh vestav\u011bn\u00fd akumul\u00e1tor<\/strong><\/td><\/tr><tr><td><strong>Kapacita e-d\u017eus\u016f<\/strong><\/td><td><strong>25 ml p\u0159edpln\u011bn\u00e9 n\u00e1pln\u011b<\/strong><\/td><\/tr><tr><td><strong>Puffy<\/strong><\/td><td>A\u017e do <strong>15 000 vdech\u016f<\/strong><\/td><\/tr><tr><td><strong>S\u00edla nikotinu<\/strong><\/td><td><strong>0%, 2%, 3%, 5%<\/strong><\/td><\/tr><tr><td><strong>Nastaviteln\u00e9 proud\u011bn\u00ed vzduchu<\/strong><\/td><td>Ano<\/td><\/tr><tr><td><strong>V\u00fdkon<\/strong><\/td><td><strong>Efektivn\u00ed a konzistentn\u00ed dod\u00e1vka energie<\/strong><\/td><\/tr><tr><td><strong>Ide\u00e1ln\u00ed pro<\/strong><\/td><td><strong>Dlouhotrvaj\u00edc\u00ed a p\u0159izp\u016fsobiteln\u00fd vaping<\/strong><\/td><\/tr><\/tbody><\/table><\/figure>\n\n\n\n<h3 class=\"wp-block-heading\"><strong>Seznam p\u0159\u00edchut\u00ed<\/strong><\/h3>\n\n\n\n<ol class=\"wp-block-list\">\n<li>Jahodov\u00fd meloun<\/li>\n\n\n\n<li>Trojit\u00fd led z bobul\u00ed<\/li>\n\n\n\n<li>Sv\u011b\u017e\u00ed led<\/li>\n\n\n\n<li>Broskvov\u00fd led<\/li>\n\n\n\n<li>Jahodov\u00e9 kiwi<\/li>\n\n\n\n<li>Blue Razz Ice<\/li>\n\n\n\n<li>Aloe Grape<\/li>\n\n\n\n<li>Broskvov\u00e9 mango<\/li>\n\n\n\n<li>Dvojit\u00e9 jablko<\/li>\n\n\n\n<li>Tropick\u00e9 ovoce<\/li>\n\n\n\n<li>Jahodov\u00fd ban\u00e1n<\/li>\n\n\n\n<li>Kiwi Mu\u010denka Ovoce Guava<\/li>\n\n\n\n<li>Kysel\u00e9 jablko Razberry<\/li>\n\n\n\n<li>Melounov\u00e1 \u017ev\u00fdka\u010dka<\/li>\n\n\n\n<li>Jahodov\u00fd jogurt<\/li>\n\n\n\n<li>Black Dragon Ice<\/li>\n\n\n\n<li>R\u016f\u017eov\u00e1 limon\u00e1da<\/li>\n\n\n\n<li>T\u0159e\u0161\u0148ov\u00fd pop<\/li>\n\n\n\n<li>Cool Mint<\/li>\n\n\n\n<li>Cukrov\u00e1 vata<\/li>\n<\/ol>\n\n\n\n<p>Fanou\u0161ci produkt\u016f Bang \u010dasto prozkoum\u00e1vaj\u00ed celou na\u0161i nab\u00eddku, aby si na\u0161li sv\u016fj dokonal\u00fd vape. Za\u010dn\u011bte u <a href=\"https:\/\/vapemaison.com\">domovsk\u00e1 str\u00e1nka<\/a>, objevte v\u0161echny produkty v na\u0161\u00ed <a href=\"https:\/\/vapemaison.com\/shop\">obchod<\/a>, nebo se pono\u0159te do <a href=\"https:\/\/vapemaison.com\/brand\/bang\">Zna\u010dka Bang<\/a> a prohl\u00e9dn\u011bte si kompletn\u00ed sestavu. Hled\u00e1te n\u011bco jin\u00e9ho? Na\u0161e <a href=\"https:\/\/vapemaison.com\/brand\/waspe\">Kolekce WASPE<\/a> a <a href=\"https:\/\/vapemaison.com\/product-category\/puffs-count\/\">Kategorie Puffs<\/a> maj\u00ed spoustu mo\u017enost\u00ed pro ka\u017ed\u00e9ho vapera.<\/p>","protected":false},"excerpt":{"rendered":"<p><span class=\"\">Vyzkou\u0161ejte nejprod\u00e1van\u011bj\u0161\u00ed model Bang King 15000,<\/span><span class=\"\"> s kapacitou 25 ml a nastaviteln\u00fdm pr\u016ftokem vzduchu pro pln\u011b p\u0159izp\u016fsoben\u00e9 \u0161lukov\u00e1n\u00ed,<\/span><span class=\"\"> plynul\u00fd z\u00e1\u017eitek z p\u00e1ry.<\/span><\/p>","protected":false},"featured_media":17516,"comment_status":"open","ping_status":"closed","template":"","meta":[],"product_brand":[57],"product_cat":[167],"product_tag":[],"class_list":{"0":"post-17515","1":"product","2":"type-product","3":"status-publish","4":"has-post-thumbnail","6":"product_brand-bang","7":"product_cat-15k-puffs","9":"first","10":"instock","11":"sale","12":"shipping-taxable","13":"purchasable","14":"product-type-variable"},"yoast_head":"<!-- This site is optimized with the Yoast SEO plugin v27.4 - https:\/\/yoast.com\/product\/yoast-seo-wordpress\/ -->\n<title>Bang King 15000 Puffs Disposable Vape - VapeMaison<\/title>\n<meta name=\"description\" content=\"Enjoy 15,000 puffs with the Bang King Vape. Featuring a 25ml e-juice capacity, and 20 delicious flavors. Rechargeable with 0%-5% nicotine options.\" \/>\n<meta name=\"robots\" content=\"index, follow, max-snippet:-1, max-image-preview:large, max-video-preview:-1\" \/>\n<link rel=\"canonical\" href=\"https:\/\/vapemaison.com\/cs\/produkt\/bang-king-15000-puffs-jednorazove-vape-2\/\" \/>\n<meta property=\"og:locale\" content=\"cs_CZ\" \/>\n<meta property=\"og:type\" content=\"article\" \/>\n<meta property=\"og:title\" content=\"Bang King 15000 Puffs Disposable Vape - VapeMaison\" \/>\n<meta property=\"og:description\" content=\"Enjoy 15,000 puffs with the Bang King Vape. Featuring a 25ml e-juice capacity, and 20 delicious flavors. Rechargeable with 0%-5% nicotine options.\" \/>\n<meta property=\"og:url\" content=\"https:\/\/vapemaison.com\/cs\/produkt\/bang-king-15000-puffs-jednorazove-vape-2\/\" \/>\n<meta property=\"og:site_name\" content=\"VapeMaison\" \/>\n<meta property=\"article:modified_time\" content=\"2025-12-22T09:18:36+00:00\" \/>\n<meta property=\"og:image\" content=\"https:\/\/vapemaison.com\/wp-content\/uploads\/2025\/12\/vape-bang-king-15000-puffs-1.webp\" \/>\n\t<meta property=\"og:image:width\" content=\"800\" \/>\n\t<meta property=\"og:image:height\" content=\"800\" \/>\n\t<meta property=\"og:image:type\" content=\"image\/webp\" \/>\n<meta name=\"twitter:card\" content=\"summary_large_image\" \/>\n<meta name=\"twitter:label1\" content=\"Odhadovan\u00e1 doba \u010dten\u00ed\" \/>\n\t<meta name=\"twitter:data1\" content=\"2 minuty\" \/>\n<!-- \/ Yoast SEO plugin. -->","yoast_head_json":{"title":"Bang King 15000 Puffs Vape na jedno pou\u017eit\u00ed - VapeMaison","description":"Vychutnejte si 15 000 \u0161luk\u016f s Bang King Vape. Obsahuje 25 ml e-d\u017eus\u016f a 20 lahodn\u00fdch p\u0159\u00edchut\u00ed. Dob\u00edjen\u00ed s mo\u017enost\u00ed v\u00fdb\u011bru nikotinu 0%-5%.","robots":{"index":"index","follow":"follow","max-snippet":"max-snippet:-1","max-image-preview":"max-image-preview:large","max-video-preview":"max-video-preview:-1"},"canonical":"https:\/\/vapemaison.com\/cs\/produkt\/bang-king-15000-puffs-jednorazove-vape-2\/","og_locale":"cs_CZ","og_type":"article","og_title":"Bang King 15000 Puffs Disposable Vape - VapeMaison","og_description":"Enjoy 15,000 puffs with the Bang King Vape. Featuring a 25ml e-juice capacity, and 20 delicious flavors. Rechargeable with 0%-5% nicotine options.","og_url":"https:\/\/vapemaison.com\/cs\/produkt\/bang-king-15000-puffs-jednorazove-vape-2\/","og_site_name":"VapeMaison","article_modified_time":"2025-12-22T09:18:36+00:00","og_image":[{"width":800,"height":800,"url":"https:\/\/vapemaison.com\/wp-content\/uploads\/2025\/12\/vape-bang-king-15000-puffs-1.webp","type":"image\/webp"}],"twitter_card":"summary_large_image","twitter_misc":{"Odhadovan\u00e1 doba \u010dten\u00ed":"2 minuty"},"schema":{"@context":"https:\/\/schema.org","@graph":[{"@type":"WebPage","@id":"https:\/\/vapemaison.com\/product\/bang-king-15000-puffs-disposable-vape-2\/","url":"https:\/\/vapemaison.com\/product\/bang-king-15000-puffs-disposable-vape-2\/","name":"Bang King 15000 Puffs Vape na jedno pou\u017eit\u00ed - VapeMaison","isPartOf":{"@id":"https:\/\/vapemaison.com\/#website"},"primaryImageOfPage":{"@id":"https:\/\/vapemaison.com\/product\/bang-king-15000-puffs-disposable-vape-2\/#primaryimage"},"image":{"@id":"https:\/\/vapemaison.com\/product\/bang-king-15000-puffs-disposable-vape-2\/#primaryimage"},"thumbnailUrl":"https:\/\/vapemaison.com\/wp-content\/uploads\/2025\/12\/vape-bang-king-15000-puffs-1.webp","datePublished":"2025-12-12T07:19:29+00:00","dateModified":"2025-12-22T09:18:36+00:00","description":"Vychutnejte si 15 000 \u0161luk\u016f s Bang King Vape. Obsahuje 25 ml e-d\u017eus\u016f a 20 lahodn\u00fdch p\u0159\u00edchut\u00ed. Dob\u00edjen\u00ed s mo\u017enost\u00ed v\u00fdb\u011bru nikotinu 0%-5%.","breadcrumb":{"@id":"https:\/\/vapemaison.com\/product\/bang-king-15000-puffs-disposable-vape-2\/#breadcrumb"},"inLanguage":"cs","potentialAction":[{"@type":"ReadAction","target":["https:\/\/vapemaison.com\/product\/bang-king-15000-puffs-disposable-vape-2\/"]}]},{"@type":"ImageObject","inLanguage":"cs","@id":"https:\/\/vapemaison.com\/product\/bang-king-15000-puffs-disposable-vape-2\/#primaryimage","url":"https:\/\/vapemaison.com\/wp-content\/uploads\/2025\/12\/vape-bang-king-15000-puffs-1.webp","contentUrl":"https:\/\/vapemaison.com\/wp-content\/uploads\/2025\/12\/vape-bang-king-15000-puffs-1.webp","width":800,"height":800,"caption":"Vape Bang King Puffs view 2"},{"@type":"BreadcrumbList","@id":"https:\/\/vapemaison.com\/product\/bang-king-15000-puffs-disposable-vape-2\/#breadcrumb","itemListElement":[{"@type":"ListItem","position":1,"name":"\u9996\u9875","item":"https:\/\/vapemaison.com\/"},{"@type":"ListItem","position":2,"name":"Shop","item":"https:\/\/vapemaison.com\/shop\/"},{"@type":"ListItem","position":3,"name":"Bang","item":"https:\/\/vapemaison.com\/brand\/bang\/"},{"@type":"ListItem","position":4,"name":"Bang King 15000 Puffs Disposable Vape"}]},{"@type":"WebSite","@id":"https:\/\/vapemaison.com\/#website","url":"https:\/\/vapemaison.com\/","name":"VapeMaison","description":"Pr\u00e9miov\u00e1 vapingov\u00e1 za\u0159\u00edzen\u00ed a p\u0159\u00edslu\u0161enstv\u00ed","publisher":{"@id":"https:\/\/vapemaison.com\/#organization"},"potentialAction":[{"@type":"SearchAction","target":{"@type":"EntryPoint","urlTemplate":"https:\/\/vapemaison.com\/?s={search_term_string}"},"query-input":{"@type":"PropertyValueSpecification","valueRequired":true,"valueName":"search_term_string"}}],"inLanguage":"cs"},{"@type":"Organization","@id":"https:\/\/vapemaison.com\/#organization","name":"VapeMaison","url":"https:\/\/vapemaison.com\/","logo":{"@type":"ImageObject","inLanguage":"cs","@id":"https:\/\/vapemaison.com\/#\/schema\/logo\/image\/","url":"https:\/\/vapemaison.com\/wp-content\/uploads\/2026\/01\/cropped-vapemaison-logo-g-2026.webp","contentUrl":"https:\/\/vapemaison.com\/wp-content\/uploads\/2026\/01\/cropped-vapemaison-logo-g-2026.webp","width":350,"height":280,"caption":"VapeMaison"},"image":{"@id":"https:\/\/vapemaison.com\/#\/schema\/logo\/image\/"},"sameAs":["https:\/\/www.youtube.com\/@VapeMaison"]}]}},"tiered_pricing_type":"fixed","tiered_pricing_fixed_rules":{"30":"7.45","50":"7.12","100":"6.63","200":"6.12"},"tiered_pricing_product_settings":{"layout":"default","base_unit_name":{"singular":null,"plural":null},"default_variation":null},"tiered_pricing_minimum_quantity":10,"tiered_pricing_roles_data":[],"tiered_pricing_percentage_rules":[],"tiered_pricing_maximum_quantity":null,"tiered_pricing_quantity_step":"10","_links":{"self":[{"href":"https:\/\/vapemaison.com\/cs\/wp-json\/wp\/v2\/product\/17515","targetHints":{"allow":["GET"]}}],"collection":[{"href":"https:\/\/vapemaison.com\/cs\/wp-json\/wp\/v2\/product"}],"about":[{"href":"https:\/\/vapemaison.com\/cs\/wp-json\/wp\/v2\/types\/product"}],"replies":[{"embeddable":true,"href":"https:\/\/vapemaison.com\/cs\/wp-json\/wp\/v2\/comments?post=17515"}],"version-history":[{"count":0,"href":"https:\/\/vapemaison.com\/cs\/wp-json\/wp\/v2\/product\/17515\/revisions"}],"wp:featuredmedia":[{"embeddable":true,"href":"https:\/\/vapemaison.com\/cs\/wp-json\/wp\/v2\/media\/17516"}],"wp:attachment":[{"href":"https:\/\/vapemaison.com\/cs\/wp-json\/wp\/v2\/media?parent=17515"}],"wp:term":[{"taxonomy":"product_brand","embeddable":true,"href":"https:\/\/vapemaison.com\/cs\/wp-json\/wp\/v2\/product_brand?post=17515"},{"taxonomy":"product_cat","embeddable":true,"href":"https:\/\/vapemaison.com\/cs\/wp-json\/wp\/v2\/product_cat?post=17515"},{"taxonomy":"product_tag","embeddable":true,"href":"https:\/\/vapemaison.com\/cs\/wp-json\/wp\/v2\/product_tag?post=17515"}],"curies":[{"name":"wp","href":"https:\/\/api.w.org\/{rel}","templated":true}]}}