

{"id":17642,"date":"2025-12-12T07:56:29","date_gmt":"2025-12-12T07:56:29","guid":{"rendered":"https:\/\/vapemaison.com\/?post_type=product&#038;p=17642"},"modified":"2025-12-22T09:18:28","modified_gmt":"2025-12-22T09:18:28","slug":"bang-20000-puffs-led-displej-jednorazove-vape","status":"publish","type":"product","link":"https:\/\/vapemaison.com\/cs\/product\/bang-20000-puffs-led-display-disposable-vape\/","title":{"rendered":"Bang 20000 Puffs LED displej na jedno pou\u017eit\u00ed Vape"},"content":{"rendered":"<p>Na str\u00e1nk\u00e1ch <strong>Bang 20000 Puffs LED displej na jedno pou\u017eit\u00ed Vape<\/strong> je navr\u017een pro vynikaj\u00edc\u00ed z\u00e1\u017eitek z vapingu a nab\u00edz\u00ed <strong>ohromuj\u00edc\u00edch 20000 vdech\u016f<\/strong> abyste si mohli u\u017e\u00edvat dlouh\u00fd a bezprobl\u00e9mov\u00fd vaping. Toto inovativn\u00ed za\u0159\u00edzen\u00ed je navr\u017eeno tak, aby poskytovalo plynulou a aromatickou p\u00e1ru. <strong>0,8ohmov\u00e1 s\u00ed\u0165ov\u00e1 c\u00edvka<\/strong>, co\u017e zaji\u0161\u0165uje konzistentn\u00ed a bohatou chu\u0165 p\u0159i ka\u017ed\u00e9m \u0161luknut\u00ed.<\/p>\n\n\n\n<p>S velkorys\u00fdm <strong>Kapacita 25 ml e-liquidu<\/strong>, Bang 20000 nab\u00edz\u00ed dostate\u010dnou z\u00e1sobu pro dlouhotrvaj\u00edc\u00ed pot\u011b\u0161en\u00ed. P\u0159izp\u016fsobiteln\u00e1 s\u00edla nikotinu <strong>0%, 2%, 3% a 5%<\/strong> umo\u017e\u0148uj\u00ed u\u017eivatel\u016fm p\u0159izp\u016fsobit si z\u00e1\u017eitek sv\u00fdm preferenc\u00edm, a\u0165 u\u017e hled\u00e1te z\u00e1\u017eitek bez nikotinu, nebo uspokojiv\u00fd hit.<\/p>\n\n\n\n<p>Na str\u00e1nk\u00e1ch <strong>Nab\u00edjec\u00ed baterie s kapacitou 650 mAh<\/strong> a <strong>Nab\u00edjec\u00ed port typu C<\/strong> umo\u017e\u0148uj\u00ed rychl\u00e9 a snadn\u00e9 dob\u00edjen\u00ed, tak\u017ee si m\u016f\u017eete u\u017e\u00edvat nep\u0159etr\u017eit\u00e9 sezen\u00ed. Integrovan\u00fd <strong>Digit\u00e1ln\u00ed displej LED<\/strong> poskytuje v re\u00e1ln\u00e9m \u010dase aktu\u00e1ln\u00ed informace o stavu baterie a e-liquidu a nab\u00edz\u00ed tak v\u011bt\u0161\u00ed pohodl\u00ed a kontrolu b\u011bhem vapov\u00e1n\u00ed.<\/p>\n\n\n\n<h3 class=\"wp-block-heading\"><strong>Kl\u00ed\u010dov\u00e9 vlastnosti<\/strong><\/h3>\n\n\n\n<figure class=\"wp-block-table\"><table class=\"has-fixed-layout\"><thead><tr><th><strong>Funkce<\/strong><\/th><th><strong>Specifikace<\/strong><\/th><\/tr><\/thead><tbody><tr><td><strong>Puffy<\/strong><\/td><td>A\u017e do <strong>20000 obl\u00e1\u010dk\u016f<\/strong><\/td><\/tr><tr><td><strong>C\u00edvka<\/strong><\/td><td><strong>Mesh c\u00edvka 0,8ohm<\/strong><\/td><\/tr><tr><td><strong>Kapacita e-liquidu<\/strong><\/td><td><strong>25 ml p\u0159edpln\u011bn\u00e9 n\u00e1pln\u011b<\/strong><\/td><\/tr><tr><td><strong>S\u00edla nikotinu<\/strong><\/td><td><strong>0%, 2%, 3%, 5%<\/strong><\/td><\/tr><tr><td><strong>Baterie<\/strong><\/td><td><strong>Nab\u00edjec\u00ed kapacita 650 mAh<\/strong><\/td><\/tr><tr><td><strong>Nab\u00edjen\u00ed<\/strong><\/td><td><strong>Port Type-C<\/strong><\/td><\/tr><tr><td><strong>Zobrazit<\/strong><\/td><td><strong>Digit\u00e1ln\u00ed displej LED<\/strong><\/td><\/tr><\/tbody><\/table><\/figure>\n\n\n\n<h3 class=\"wp-block-heading\">Bang 20000 Puffs <strong>Seznam p\u0159\u00edchut\u00ed<\/strong><\/h3>\n\n\n\n<ul class=\"wp-block-list\">\n<li>M\u00e1tov\u00fd<\/li>\n\n\n\n<li>Jahodov\u00e9 li\u010di<\/li>\n\n\n\n<li>Jahodov\u00e9 kiwi<\/li>\n\n\n\n<li>Red Bull<\/li>\n\n\n\n<li>Sm\u00ed\u0161en\u00e9 ovoce<\/li>\n\n\n\n<li>Bor\u016fvkov\u00fd led<\/li>\n\n\n\n<li>Bor\u016fvka malina<\/li>\n\n\n\n<li>Bor\u016fvkov\u00fd meloun<\/li>\n\n\n\n<li>Meloun<\/li>\n\n\n\n<li>Malinov\u00fd meloun<\/li>\n\n\n\n<li>Jahodov\u00e9 mango<\/li>\n\n\n\n<li>Dvojit\u00e9 jablko<\/li>\n\n\n\n<li>Mango broskev meloun<\/li>\n<\/ul>\n\n\n\n<p>Fanou\u0161ci produkt\u016f Bang \u010dasto prozkoum\u00e1vaj\u00ed celou na\u0161i nab\u00eddku, aby si na\u0161li sv\u016fj dokonal\u00fd vape. Za\u010dn\u011bte u <a href=\"https:\/\/vapemaison.com\">domovsk\u00e1 str\u00e1nka<\/a>, objevte v\u0161echny produkty v na\u0161\u00ed <a href=\"https:\/\/vapemaison.com\/shop\">obchod<\/a>, nebo se pono\u0159te do <a href=\"https:\/\/vapemaison.com\/brand\/bang\">Zna\u010dka Bang<\/a> a prohl\u00e9dn\u011bte si kompletn\u00ed sestavu. Hled\u00e1te n\u011bco jin\u00e9ho? Na\u0161e <a href=\"https:\/\/vapemaison.com\/brand\/waspe\">Kolekce WASPE<\/a> a <a href=\"https:\/\/vapemaison.com\/product-category\/puffs-count\/\">Kategorie Puffs<\/a> maj\u00ed spoustu mo\u017enost\u00ed pro ka\u017ed\u00e9ho vapera.<\/p>","protected":false},"excerpt":{"rendered":"<p>Dos\u00e1hn\u011bte uspokojen\u00ed bez n\u00e1mahy s 20 000 potahy a bohat\u00fdm syst\u00e9mem spir\u00e1lek s oky 0,8 ohm navr\u017een\u00fdm pro konzistentn\u00ed, vysokokapacitn\u00ed v\u00fdkon. Sledujte svou hladinu v re\u00e1ln\u00e9m \u010dase pomoc\u00ed vestav\u011bn\u00e9ho digit\u00e1ln\u00edho displeje a objednejte si nyn\u00ed, abyste si zajistili na\u0161i nejlep\u0161\u00ed cenu a zaru\u010den\u011b rychl\u00e9 odesl\u00e1n\u00ed.<\/p>","protected":false},"featured_media":17706,"comment_status":"open","ping_status":"closed","template":"","meta":[],"product_brand":[57],"product_cat":[133],"product_tag":[],"class_list":{"0":"post-17642","1":"product","2":"type-product","3":"status-publish","4":"has-post-thumbnail","6":"product_brand-bang","7":"product_cat-20k-puffs","9":"first","10":"instock","11":"sale","12":"shipping-taxable","13":"purchasable","14":"product-type-variable"},"yoast_head":"<!-- This site is optimized with the Yoast SEO plugin v27.4 - https:\/\/yoast.com\/product\/yoast-seo-wordpress\/ -->\n<title>Bang 20000 Puffs LED Display Disposable Vape - VapeMaison<\/title>\n<meta name=\"description\" content=\"Enjoy 20000 puffs with the Bang 20000 Vape. Featuring 25ml e-liquid, a 0.8ohm mesh coil, Type-C charging, and an LED display.\" \/>\n<meta name=\"robots\" content=\"index, follow, max-snippet:-1, max-image-preview:large, max-video-preview:-1\" \/>\n<link rel=\"canonical\" href=\"https:\/\/vapemaison.com\/cs\/produkt\/bang-20000-puffs-led-displej-jednorazove-vape\/\" \/>\n<meta property=\"og:locale\" content=\"cs_CZ\" \/>\n<meta property=\"og:type\" content=\"article\" \/>\n<meta property=\"og:title\" content=\"Bang 20000 Puffs LED Display Disposable Vape - VapeMaison\" \/>\n<meta property=\"og:description\" content=\"Enjoy 20000 puffs with the Bang 20000 Vape. Featuring 25ml e-liquid, a 0.8ohm mesh coil, Type-C charging, and an LED display.\" \/>\n<meta property=\"og:url\" content=\"https:\/\/vapemaison.com\/cs\/produkt\/bang-20000-puffs-led-displej-jednorazove-vape\/\" \/>\n<meta property=\"og:site_name\" content=\"VapeMaison\" \/>\n<meta property=\"article:modified_time\" content=\"2025-12-22T09:18:28+00:00\" \/>\n<meta property=\"og:image\" content=\"https:\/\/vapemaison.com\/wp-content\/uploads\/2025\/12\/vape-bang-20000-Puffs-00018.jpg.webp\" \/>\n\t<meta property=\"og:image:width\" content=\"1000\" \/>\n\t<meta property=\"og:image:height\" content=\"1000\" \/>\n\t<meta property=\"og:image:type\" content=\"image\/webp\" \/>\n<meta name=\"twitter:card\" content=\"summary_large_image\" \/>\n<meta name=\"twitter:label1\" content=\"Odhadovan\u00e1 doba \u010dten\u00ed\" \/>\n\t<meta name=\"twitter:data1\" content=\"2 minuty\" \/>\n<!-- \/ Yoast SEO plugin. -->","yoast_head_json":{"title":"Bang 20000 Puffs LED displej na jedno pou\u017eit\u00ed - VapeMaison","description":"Vychutnejte si 20000 \u0161luk\u016f s Bang 20000 Vape. Obsahuje 25 ml e-liquidu, 0,8ohm mesh spir\u00e1lku, nab\u00edjen\u00ed Type-C a LED displej.","robots":{"index":"index","follow":"follow","max-snippet":"max-snippet:-1","max-image-preview":"max-image-preview:large","max-video-preview":"max-video-preview:-1"},"canonical":"https:\/\/vapemaison.com\/cs\/produkt\/bang-20000-puffs-led-displej-jednorazove-vape\/","og_locale":"cs_CZ","og_type":"article","og_title":"Bang 20000 Puffs LED Display Disposable Vape - VapeMaison","og_description":"Enjoy 20000 puffs with the Bang 20000 Vape. Featuring 25ml e-liquid, a 0.8ohm mesh coil, Type-C charging, and an LED display.","og_url":"https:\/\/vapemaison.com\/cs\/produkt\/bang-20000-puffs-led-displej-jednorazove-vape\/","og_site_name":"VapeMaison","article_modified_time":"2025-12-22T09:18:28+00:00","og_image":[{"width":1000,"height":1000,"url":"https:\/\/vapemaison.com\/wp-content\/uploads\/2025\/12\/vape-bang-20000-Puffs-00018.jpg.webp","type":"image\/webp"}],"twitter_card":"summary_large_image","twitter_misc":{"Odhadovan\u00e1 doba \u010dten\u00ed":"2 minuty"},"schema":{"@context":"https:\/\/schema.org","@graph":[{"@type":"WebPage","@id":"https:\/\/vapemaison.com\/product\/bang-20000-puffs-led-display-disposable-vape\/","url":"https:\/\/vapemaison.com\/product\/bang-20000-puffs-led-display-disposable-vape\/","name":"Bang 20000 Puffs LED displej na jedno pou\u017eit\u00ed - VapeMaison","isPartOf":{"@id":"https:\/\/vapemaison.com\/#website"},"primaryImageOfPage":{"@id":"https:\/\/vapemaison.com\/product\/bang-20000-puffs-led-display-disposable-vape\/#primaryimage"},"image":{"@id":"https:\/\/vapemaison.com\/product\/bang-20000-puffs-led-display-disposable-vape\/#primaryimage"},"thumbnailUrl":"https:\/\/vapemaison.com\/wp-content\/uploads\/2025\/12\/vape-bang-20000-Puffs-00018.jpg.webp","datePublished":"2025-12-12T07:56:29+00:00","dateModified":"2025-12-22T09:18:28+00:00","description":"Vychutnejte si 20000 \u0161luk\u016f s Bang 20000 Vape. Obsahuje 25 ml e-liquidu, 0,8ohm mesh spir\u00e1lku, nab\u00edjen\u00ed Type-C a LED displej.","breadcrumb":{"@id":"https:\/\/vapemaison.com\/product\/bang-20000-puffs-led-display-disposable-vape\/#breadcrumb"},"inLanguage":"cs","potentialAction":[{"@type":"ReadAction","target":["https:\/\/vapemaison.com\/product\/bang-20000-puffs-led-display-disposable-vape\/"]}]},{"@type":"ImageObject","inLanguage":"cs","@id":"https:\/\/vapemaison.com\/product\/bang-20000-puffs-led-display-disposable-vape\/#primaryimage","url":"https:\/\/vapemaison.com\/wp-content\/uploads\/2025\/12\/vape-bang-20000-Puffs-00018.jpg.webp","contentUrl":"https:\/\/vapemaison.com\/wp-content\/uploads\/2025\/12\/vape-bang-20000-Puffs-00018.jpg.webp","width":1000,"height":1000,"caption":"Vape Bang Puffs.jpg"},{"@type":"BreadcrumbList","@id":"https:\/\/vapemaison.com\/product\/bang-20000-puffs-led-display-disposable-vape\/#breadcrumb","itemListElement":[{"@type":"ListItem","position":1,"name":"\u9996\u9875","item":"https:\/\/vapemaison.com\/"},{"@type":"ListItem","position":2,"name":"Shop","item":"https:\/\/vapemaison.com\/shop\/"},{"@type":"ListItem","position":3,"name":"Bang","item":"https:\/\/vapemaison.com\/brand\/bang\/"},{"@type":"ListItem","position":4,"name":"Bang 20000 Puffs LED Display Disposable Vape"}]},{"@type":"WebSite","@id":"https:\/\/vapemaison.com\/#website","url":"https:\/\/vapemaison.com\/","name":"VapeMaison","description":"Pr\u00e9miov\u00e1 vapingov\u00e1 za\u0159\u00edzen\u00ed a p\u0159\u00edslu\u0161enstv\u00ed","publisher":{"@id":"https:\/\/vapemaison.com\/#organization"},"potentialAction":[{"@type":"SearchAction","target":{"@type":"EntryPoint","urlTemplate":"https:\/\/vapemaison.com\/?s={search_term_string}"},"query-input":{"@type":"PropertyValueSpecification","valueRequired":true,"valueName":"search_term_string"}}],"inLanguage":"cs"},{"@type":"Organization","@id":"https:\/\/vapemaison.com\/#organization","name":"VapeMaison","url":"https:\/\/vapemaison.com\/","logo":{"@type":"ImageObject","inLanguage":"cs","@id":"https:\/\/vapemaison.com\/#\/schema\/logo\/image\/","url":"https:\/\/vapemaison.com\/wp-content\/uploads\/2026\/01\/cropped-vapemaison-logo-g-2026.webp","contentUrl":"https:\/\/vapemaison.com\/wp-content\/uploads\/2026\/01\/cropped-vapemaison-logo-g-2026.webp","width":350,"height":280,"caption":"VapeMaison"},"image":{"@id":"https:\/\/vapemaison.com\/#\/schema\/logo\/image\/"},"sameAs":["https:\/\/www.youtube.com\/@VapeMaison"]}]}},"tiered_pricing_type":"fixed","tiered_pricing_fixed_rules":{"30":"8.36","50":"7.89","100":"7.12","200":"6.63"},"tiered_pricing_product_settings":{"layout":"default","base_unit_name":{"singular":null,"plural":null},"default_variation":null},"tiered_pricing_minimum_quantity":10,"tiered_pricing_roles_data":[],"tiered_pricing_percentage_rules":[],"tiered_pricing_maximum_quantity":null,"tiered_pricing_quantity_step":"10","_links":{"self":[{"href":"https:\/\/vapemaison.com\/cs\/wp-json\/wp\/v2\/product\/17642","targetHints":{"allow":["GET"]}}],"collection":[{"href":"https:\/\/vapemaison.com\/cs\/wp-json\/wp\/v2\/product"}],"about":[{"href":"https:\/\/vapemaison.com\/cs\/wp-json\/wp\/v2\/types\/product"}],"replies":[{"embeddable":true,"href":"https:\/\/vapemaison.com\/cs\/wp-json\/wp\/v2\/comments?post=17642"}],"version-history":[{"count":0,"href":"https:\/\/vapemaison.com\/cs\/wp-json\/wp\/v2\/product\/17642\/revisions"}],"wp:featuredmedia":[{"embeddable":true,"href":"https:\/\/vapemaison.com\/cs\/wp-json\/wp\/v2\/media\/17706"}],"wp:attachment":[{"href":"https:\/\/vapemaison.com\/cs\/wp-json\/wp\/v2\/media?parent=17642"}],"wp:term":[{"taxonomy":"product_brand","embeddable":true,"href":"https:\/\/vapemaison.com\/cs\/wp-json\/wp\/v2\/product_brand?post=17642"},{"taxonomy":"product_cat","embeddable":true,"href":"https:\/\/vapemaison.com\/cs\/wp-json\/wp\/v2\/product_cat?post=17642"},{"taxonomy":"product_tag","embeddable":true,"href":"https:\/\/vapemaison.com\/cs\/wp-json\/wp\/v2\/product_tag?post=17642"}],"curies":[{"name":"wp","href":"https:\/\/api.w.org\/{rel}","templated":true}]}}