

{"id":17708,"date":"2025-12-12T08:37:35","date_gmt":"2025-12-12T08:37:35","guid":{"rendered":"https:\/\/vapemaison.com\/?post_type=product&#038;p=17708"},"modified":"2025-12-22T09:18:25","modified_gmt":"2025-12-22T09:18:25","slug":"bang-box-18000-puffs-led-displej-jednorazove-vape","status":"publish","type":"product","link":"https:\/\/vapemaison.com\/cs\/product\/bang-box-18000-puffs-led-display-disposable-vape\/","title":{"rendered":"Bang Box 18000 Puffs LED displej na jedno pou\u017eit\u00ed Vape"},"content":{"rendered":"<p><strong>Bang Box 18000 Puffs LED displej pro jednor\u00e1zov\u00e9 vapov\u00e1n\u00ed - pokro\u010dil\u00fd v\u00fdkon a dlouhotrvaj\u00edc\u00ed vapov\u00e1n\u00ed<\/strong><\/p>\n\n\n\n<p>Na str\u00e1nk\u00e1ch <strong>Bang Box 18000 Puffs LED displej na jedno pou\u017eit\u00ed Vape<\/strong> je inovativn\u00ed za\u0159\u00edzen\u00ed navr\u017een\u00e9 tak, aby poskytovalo mimo\u0159\u00e1dn\u00fd z\u00e1\u017eitek z vapingu. S p\u016fsobiv\u00fdm <strong>18000 obl\u00e1\u010dk\u016f<\/strong>, tato vapka zaji\u0161\u0165uje dlouhodob\u00fd po\u017eitek z \u0161lukov\u00e1n\u00ed bez nutnosti dopl\u0148ov\u00e1n\u00ed nebo dob\u00edjen\u00ed, tak\u017ee je ide\u00e1ln\u00ed pro p\u0159\u00edle\u017eitostn\u00e9 i zku\u0161en\u00e9 vapery.<\/p>\n\n\n\n<p>Vybaveno <strong>0,8ohmov\u00e1 s\u00ed\u0165ov\u00e1 c\u00edvka<\/strong>, ... <strong>Bang Box<\/strong> poskytuje hladkou a aromatickou p\u00e1ru p\u0159i ka\u017ed\u00e9m \u0161luknut\u00ed, \u010d\u00edm\u017e umoc\u0148uje v\u00e1\u0161 z\u00e1\u017eitek z vapingu. . <strong>26ml kapacita e-liquidu<\/strong> zaji\u0161\u0165uje velkorysou z\u00e1sobu pro dlouhodob\u00e9 pou\u017e\u00edv\u00e1n\u00ed, zat\u00edmco p\u0159izp\u016fsobiteln\u00e9 hladiny nikotinu v syst\u00e9mu <strong>0%, 2%, 3% a 5%<\/strong> umo\u017e\u0148uj\u00ed p\u0159izp\u016fsobit za\u0159\u00edzen\u00ed va\u0161im preferenc\u00edm.<\/p>\n\n\n\n<p>Na str\u00e1nk\u00e1ch <strong>Dob\u00edjec\u00ed baterie 850 mAh<\/strong> zaru\u010duje efektivn\u00ed dod\u00e1vku energie a d\u00edky <strong>Nab\u00edjec\u00ed port typu C<\/strong>, dob\u00edjen\u00ed je rychl\u00e9 a pohodln\u00e9 pro nep\u0159eru\u0161ovan\u00e9 sezen\u00ed. Str\u00e1nka <strong>Digit\u00e1ln\u00ed displej LED<\/strong> umo\u017e\u0148uje u\u017eivatel\u016fm snadno sledovat stav baterie a e-liquidu a nab\u00edz\u00ed tak bezprobl\u00e9mov\u00fd a u\u017eivatelsky p\u0159\u00edv\u011btiv\u00fd vaping.<\/p>\n\n\n\n<h3 class=\"wp-block-heading\"><strong>Kl\u00ed\u010dov\u00e9 vlastnosti<\/strong><\/h3>\n\n\n\n<figure class=\"wp-block-table\"><table class=\"has-fixed-layout\"><thead><tr><th><strong>Funkce<\/strong><\/th><th><strong>Specifikace<\/strong><\/th><\/tr><\/thead><tbody><tr><td><strong>Puffy<\/strong><\/td><td>A\u017e do <strong>18 000 obl\u00e1\u010dk\u016f<\/strong><\/td><\/tr><tr><td><strong>C\u00edvka<\/strong><\/td><td><strong>Mesh c\u00edvka 0,8ohm<\/strong><\/td><\/tr><tr><td><strong>Kapacita e-liquidu<\/strong><\/td><td><strong>26 ml p\u0159edpln\u011bn\u00e9 n\u00e1pln\u011b<\/strong><\/td><\/tr><tr><td><strong>S\u00edla nikotinu<\/strong><\/td><td><strong>0%, 2%, 3%, 5%<\/strong><\/td><\/tr><tr><td><strong>Baterie<\/strong><\/td><td><strong>850mAh dob\u00edjec\u00ed<\/strong><\/td><\/tr><tr><td><strong>Nab\u00edjen\u00ed<\/strong><\/td><td><strong>Port Type-C<\/strong><\/td><\/tr><tr><td><strong>Zobrazit<\/strong><\/td><td><strong>Digit\u00e1ln\u00ed displej LED<\/strong><\/td><\/tr><\/tbody><\/table><\/figure>\n\n\n\n<h3 class=\"wp-block-heading\">Bang Box <strong>Seznam p\u0159\u00edchut\u00ed<\/strong><\/h3>\n\n\n\n<ol class=\"wp-block-list\">\n<li>Jahodov\u00e9 kiwi<\/li>\n\n\n\n<li>Bor\u016fvkov\u00fd led<\/li>\n\n\n\n<li>Jahodov\u00fd meloun<\/li>\n\n\n\n<li>Melounov\u00fd led<\/li>\n\n\n\n<li>Bor\u016fvkov\u011b kysel\u00fd malinov\u00fd led<\/li>\n\n\n\n<li>Malinov\u00fd meloun<\/li>\n\n\n\n<li>Tyg\u0159\u00ed krev<\/li>\n\n\n\n<li>Trojit\u00fd led z bobul\u00ed<\/li>\n\n\n\n<li>Broskvov\u00fd d\u017eus<\/li>\n\n\n\n<li>Jahodov\u00e9 mango<\/li>\n\n\n\n<li>Dvojit\u00e9 jablko<\/li>\n\n\n\n<li>Mango broskev meloun<\/li>\n<\/ol>\n\n\n\n<p>Fanou\u0161ci produkt\u016f Bang \u010dasto prozkoum\u00e1vaj\u00ed celou na\u0161i nab\u00eddku, aby si na\u0161li sv\u016fj dokonal\u00fd vape. Za\u010dn\u011bte u <a href=\"https:\/\/vapemaison.com\">domovsk\u00e1 str\u00e1nka<\/a>, objevte v\u0161echny produkty v na\u0161\u00ed <a href=\"https:\/\/vapemaison.com\/shop\">obchod<\/a>, nebo se pono\u0159te do <a href=\"https:\/\/vapemaison.com\/brand\/bang\">Zna\u010dka Bang<\/a> a prohl\u00e9dn\u011bte si kompletn\u00ed sestavu. Hled\u00e1te n\u011bco jin\u00e9ho? Na\u0161e <a href=\"https:\/\/vapemaison.com\/brand\/waspe\">Kolekce WASPE<\/a> a <a href=\"https:\/\/vapemaison.com\/product-category\/puffs-count\/\">Kategorie Puffs<\/a> maj\u00ed spoustu mo\u017enost\u00ed pro ka\u017ed\u00e9ho vapera.<\/p>","protected":false},"excerpt":{"rendered":"<p>Vychutnejte si 18 000 aromatick\u00fdch potah\u016f a velkorysou kapacitu 26 ml, to v\u0161e poh\u00e1n\u011bno vysoce v\u00fdkonnou 0,8ohm mesh spir\u00e1lkou a inteligentn\u00edm LED ukazatelem stavu. Vyberte si svou ide\u00e1ln\u00ed s\u00edlu nikotinu je\u0161t\u011b dnes a zajist\u011bte si tento pokro\u010dil\u00fd, vysokokapacitn\u00ed model, dokud jsou na\u0161e aktu\u00e1ln\u00ed z\u00e1soby a nab\u00eddka rychl\u00e9ho dod\u00e1n\u00ed aktivn\u00ed.<\/p>","protected":false},"featured_media":17709,"comment_status":"open","ping_status":"closed","template":"","meta":[],"product_brand":[57],"product_cat":[175],"product_tag":[],"class_list":{"0":"post-17708","1":"product","2":"type-product","3":"status-publish","4":"has-post-thumbnail","6":"product_brand-bang","7":"product_cat-18k-puffs","9":"first","10":"instock","11":"sale","12":"shipping-taxable","13":"purchasable","14":"product-type-variable"},"yoast_head":"<!-- This site is optimized with the Yoast SEO plugin v27.4 - https:\/\/yoast.com\/product\/yoast-seo-wordpress\/ -->\n<title>Bang Box 18000 Puffs LED Display Disposable Vape - VapeMaison<\/title>\n<meta name=\"description\" content=\"Enjoy 18,000 puffs with the Bang Box Vape. Featuring a 26ml e-liquid, Type-C charging, and LED display. Customize nicotine levels with 0%-5%.\" \/>\n<meta name=\"robots\" content=\"index, follow, max-snippet:-1, max-image-preview:large, max-video-preview:-1\" \/>\n<link rel=\"canonical\" href=\"https:\/\/vapemaison.com\/cs\/produkt\/bang-box-18000-puffs-led-displej-jednorazove-vape\/\" \/>\n<meta property=\"og:locale\" content=\"cs_CZ\" \/>\n<meta property=\"og:type\" content=\"article\" \/>\n<meta property=\"og:title\" content=\"Bang Box 18000 Puffs LED Display Disposable Vape - VapeMaison\" \/>\n<meta property=\"og:description\" content=\"Enjoy 18,000 puffs with the Bang Box Vape. Featuring a 26ml e-liquid, Type-C charging, and LED display. Customize nicotine levels with 0%-5%.\" \/>\n<meta property=\"og:url\" content=\"https:\/\/vapemaison.com\/cs\/produkt\/bang-box-18000-puffs-led-displej-jednorazove-vape\/\" \/>\n<meta property=\"og:site_name\" content=\"VapeMaison\" \/>\n<meta property=\"article:modified_time\" content=\"2025-12-22T09:18:25+00:00\" \/>\n<meta property=\"og:image\" content=\"https:\/\/vapemaison.com\/wp-content\/uploads\/2025\/12\/vape-bang-box-18000-puffs-00018.png.webp\" \/>\n\t<meta property=\"og:image:width\" content=\"1000\" \/>\n\t<meta property=\"og:image:height\" content=\"1000\" \/>\n\t<meta property=\"og:image:type\" content=\"image\/webp\" \/>\n<meta name=\"twitter:card\" content=\"summary_large_image\" \/>\n<meta name=\"twitter:label1\" content=\"Odhadovan\u00e1 doba \u010dten\u00ed\" \/>\n\t<meta name=\"twitter:data1\" content=\"2 minuty\" \/>\n<!-- \/ Yoast SEO plugin. -->","yoast_head_json":{"title":"Bang Box 18000 Puffs LED displej na jedno pou\u017eit\u00ed - VapeMaison","description":"S Bang Box Vape si u\u017eijete 18 000 \u0161luk\u016f. Obsahuje 26 ml e-liquidu, nab\u00edjen\u00ed Type-C a LED displej. P\u0159izp\u016fsobte si \u00farove\u0148 nikotinu pomoc\u00ed 0%-5%.","robots":{"index":"index","follow":"follow","max-snippet":"max-snippet:-1","max-image-preview":"max-image-preview:large","max-video-preview":"max-video-preview:-1"},"canonical":"https:\/\/vapemaison.com\/cs\/produkt\/bang-box-18000-puffs-led-displej-jednorazove-vape\/","og_locale":"cs_CZ","og_type":"article","og_title":"Bang Box 18000 Puffs LED Display Disposable Vape - VapeMaison","og_description":"Enjoy 18,000 puffs with the Bang Box Vape. Featuring a 26ml e-liquid, Type-C charging, and LED display. Customize nicotine levels with 0%-5%.","og_url":"https:\/\/vapemaison.com\/cs\/produkt\/bang-box-18000-puffs-led-displej-jednorazove-vape\/","og_site_name":"VapeMaison","article_modified_time":"2025-12-22T09:18:25+00:00","og_image":[{"width":1000,"height":1000,"url":"https:\/\/vapemaison.com\/wp-content\/uploads\/2025\/12\/vape-bang-box-18000-puffs-00018.png.webp","type":"image\/webp"}],"twitter_card":"summary_large_image","twitter_misc":{"Odhadovan\u00e1 doba \u010dten\u00ed":"2 minuty"},"schema":{"@context":"https:\/\/schema.org","@graph":[{"@type":"WebPage","@id":"https:\/\/vapemaison.com\/product\/bang-box-18000-puffs-led-display-disposable-vape\/","url":"https:\/\/vapemaison.com\/product\/bang-box-18000-puffs-led-display-disposable-vape\/","name":"Bang Box 18000 Puffs LED displej na jedno pou\u017eit\u00ed - VapeMaison","isPartOf":{"@id":"https:\/\/vapemaison.com\/#website"},"primaryImageOfPage":{"@id":"https:\/\/vapemaison.com\/product\/bang-box-18000-puffs-led-display-disposable-vape\/#primaryimage"},"image":{"@id":"https:\/\/vapemaison.com\/product\/bang-box-18000-puffs-led-display-disposable-vape\/#primaryimage"},"thumbnailUrl":"https:\/\/vapemaison.com\/wp-content\/uploads\/2025\/12\/vape-bang-box-18000-puffs-00018.png.webp","datePublished":"2025-12-12T08:37:35+00:00","dateModified":"2025-12-22T09:18:25+00:00","description":"S Bang Box Vape si u\u017eijete 18 000 \u0161luk\u016f. Obsahuje 26 ml e-liquidu, nab\u00edjen\u00ed Type-C a LED displej. P\u0159izp\u016fsobte si \u00farove\u0148 nikotinu pomoc\u00ed 0%-5%.","breadcrumb":{"@id":"https:\/\/vapemaison.com\/product\/bang-box-18000-puffs-led-display-disposable-vape\/#breadcrumb"},"inLanguage":"cs","potentialAction":[{"@type":"ReadAction","target":["https:\/\/vapemaison.com\/product\/bang-box-18000-puffs-led-display-disposable-vape\/"]}]},{"@type":"ImageObject","inLanguage":"cs","@id":"https:\/\/vapemaison.com\/product\/bang-box-18000-puffs-led-display-disposable-vape\/#primaryimage","url":"https:\/\/vapemaison.com\/wp-content\/uploads\/2025\/12\/vape-bang-box-18000-puffs-00018.png.webp","contentUrl":"https:\/\/vapemaison.com\/wp-content\/uploads\/2025\/12\/vape-bang-box-18000-puffs-00018.png.webp","width":1000,"height":1000,"caption":"Vape Bang Box Puffs.png"},{"@type":"BreadcrumbList","@id":"https:\/\/vapemaison.com\/product\/bang-box-18000-puffs-led-display-disposable-vape\/#breadcrumb","itemListElement":[{"@type":"ListItem","position":1,"name":"\u9996\u9875","item":"https:\/\/vapemaison.com\/"},{"@type":"ListItem","position":2,"name":"Shop","item":"https:\/\/vapemaison.com\/shop\/"},{"@type":"ListItem","position":3,"name":"Bang","item":"https:\/\/vapemaison.com\/brand\/bang\/"},{"@type":"ListItem","position":4,"name":"Bang Box 18000 Puffs LED Display Disposable Vape"}]},{"@type":"WebSite","@id":"https:\/\/vapemaison.com\/#website","url":"https:\/\/vapemaison.com\/","name":"VapeMaison","description":"Pr\u00e9miov\u00e1 vapingov\u00e1 za\u0159\u00edzen\u00ed a p\u0159\u00edslu\u0161enstv\u00ed","publisher":{"@id":"https:\/\/vapemaison.com\/#organization"},"potentialAction":[{"@type":"SearchAction","target":{"@type":"EntryPoint","urlTemplate":"https:\/\/vapemaison.com\/?s={search_term_string}"},"query-input":{"@type":"PropertyValueSpecification","valueRequired":true,"valueName":"search_term_string"}}],"inLanguage":"cs"},{"@type":"Organization","@id":"https:\/\/vapemaison.com\/#organization","name":"VapeMaison","url":"https:\/\/vapemaison.com\/","logo":{"@type":"ImageObject","inLanguage":"cs","@id":"https:\/\/vapemaison.com\/#\/schema\/logo\/image\/","url":"https:\/\/vapemaison.com\/wp-content\/uploads\/2026\/01\/cropped-vapemaison-logo-g-2026.webp","contentUrl":"https:\/\/vapemaison.com\/wp-content\/uploads\/2026\/01\/cropped-vapemaison-logo-g-2026.webp","width":350,"height":280,"caption":"VapeMaison"},"image":{"@id":"https:\/\/vapemaison.com\/#\/schema\/logo\/image\/"},"sameAs":["https:\/\/www.youtube.com\/@VapeMaison"]}]}},"tiered_pricing_type":"fixed","tiered_pricing_fixed_rules":{"30":"7.43","50":"6.98","100":"6.63","200":"5.99"},"tiered_pricing_product_settings":{"layout":"default","base_unit_name":{"singular":null,"plural":null},"default_variation":null},"tiered_pricing_minimum_quantity":10,"tiered_pricing_roles_data":[],"tiered_pricing_percentage_rules":[],"tiered_pricing_maximum_quantity":null,"tiered_pricing_quantity_step":"10","_links":{"self":[{"href":"https:\/\/vapemaison.com\/cs\/wp-json\/wp\/v2\/product\/17708","targetHints":{"allow":["GET"]}}],"collection":[{"href":"https:\/\/vapemaison.com\/cs\/wp-json\/wp\/v2\/product"}],"about":[{"href":"https:\/\/vapemaison.com\/cs\/wp-json\/wp\/v2\/types\/product"}],"replies":[{"embeddable":true,"href":"https:\/\/vapemaison.com\/cs\/wp-json\/wp\/v2\/comments?post=17708"}],"version-history":[{"count":0,"href":"https:\/\/vapemaison.com\/cs\/wp-json\/wp\/v2\/product\/17708\/revisions"}],"wp:featuredmedia":[{"embeddable":true,"href":"https:\/\/vapemaison.com\/cs\/wp-json\/wp\/v2\/media\/17709"}],"wp:attachment":[{"href":"https:\/\/vapemaison.com\/cs\/wp-json\/wp\/v2\/media?parent=17708"}],"wp:term":[{"taxonomy":"product_brand","embeddable":true,"href":"https:\/\/vapemaison.com\/cs\/wp-json\/wp\/v2\/product_brand?post=17708"},{"taxonomy":"product_cat","embeddable":true,"href":"https:\/\/vapemaison.com\/cs\/wp-json\/wp\/v2\/product_cat?post=17708"},{"taxonomy":"product_tag","embeddable":true,"href":"https:\/\/vapemaison.com\/cs\/wp-json\/wp\/v2\/product_tag?post=17708"}],"curies":[{"name":"wp","href":"https:\/\/api.w.org\/{rel}","templated":true}]}}