

{"id":17768,"date":"2025-12-12T08:48:53","date_gmt":"2025-12-12T08:48:53","guid":{"rendered":"https:\/\/vapemaison.com\/?post_type=product&#038;p=17768"},"modified":"2025-12-22T09:18:20","modified_gmt":"2025-12-22T09:18:20","slug":"bang-tornado-12000-puffs-disposable-vape","status":"publish","type":"product","link":"https:\/\/vapemaison.com\/cs\/product\/bang-tornado-12000-puffs-disposable-vape\/","title":{"rendered":"Bang Tornado 12000 Puffs Vape na jedno pou\u017eit\u00ed"},"content":{"rendered":"<p>Na str\u00e1nk\u00e1ch <strong>Bang Tornado 12000 Puffs Vape na jedno pou\u017eit\u00ed<\/strong> offers a powerful and visually striking vaping experience, perfect for those who crave extended use and exceptional flavor. With an impressive <strong>12 000 vdech\u016f<\/strong> a <strong>20ml e-liquid reservoir<\/strong>, this device provides a satisfying and long-lasting vape, ideal for all-day enjoyment.<\/p>\n\n\n\n<p>Nap\u00e1jen\u00ed pomoc\u00ed <strong>Nab\u00edjec\u00ed baterie s kapacitou 650 mAh<\/strong>, ... <strong>Bang Torn\u00e1do<\/strong> 12000 offers reliable performance, while its <strong>Nab\u00edjec\u00ed port typu C<\/strong> (5V 1A) ensures quick and efficient recharging, minimizing downtime. Featuring a <strong>1,0ohmov\u00e1 s\u00ed\u0165ov\u00e1 c\u00edvka<\/strong>, it delivers smooth, consistent vapor with enhanced flavor, making every puff a premium experience.<\/p>\n\n\n\n<p>Crafted from durable <strong>Materi\u00e1l PC<\/strong>, the device is built to last, and the addition of <strong>LED colored lights<\/strong> gives it a vibrant and modern appearance, adding flair to your vaping sessions. With nicotine strengths ranging from <strong>0% a\u017e 5%<\/strong>, the Bang Tornado is customizable to suit your preferred vaping style.<\/p>\n\n\n\n<h3 class=\"wp-block-heading\"><strong>Kl\u00ed\u010dov\u00e9 vlastnosti<\/strong><\/h3>\n\n\n\n<figure class=\"wp-block-table\"><table class=\"has-fixed-layout\"><thead><tr><th><strong>Funkce<\/strong><\/th><th><strong>Specifikace<\/strong><\/th><\/tr><\/thead><tbody><tr><td><strong>Puffy<\/strong><\/td><td>A\u017e do <strong>12 000 vdech\u016f<\/strong><\/td><\/tr><tr><td><strong>Kapacita e-liquidu<\/strong><\/td><td><strong>20 ml p\u0159edpln\u011bn\u00e9 n\u00e1pln\u011b<\/strong><\/td><\/tr><tr><td><strong>S\u00edla nikotinu<\/strong><\/td><td><strong>0%, 2%, 3%, 5%<\/strong><\/td><\/tr><tr><td><strong>Baterie<\/strong><\/td><td><strong>Nab\u00edjec\u00ed kapacita 650 mAh<\/strong><\/td><\/tr><tr><td><strong>Nab\u00edjen\u00ed<\/strong><\/td><td><strong>Port Type-C<\/strong> (5V 1A)<\/td><\/tr><tr><td><strong>Materi\u00e1l<\/strong><\/td><td><strong>Odoln\u00fd po\u010d\u00edta\u010d<\/strong><\/td><\/tr><tr><td><strong>C\u00edvka<\/strong><\/td><td><strong>1,0ohmov\u00e1 s\u00ed\u0165ov\u00e1 c\u00edvka<\/strong><\/td><\/tr><tr><td><strong>Sv\u011btlo LED<\/strong><\/td><td><strong>Colored LED lights<\/strong><\/td><\/tr><tr><td><strong>Balen\u00ed<\/strong><\/td><td><strong>10 kus\u016f v krabici<\/strong><\/td><\/tr><\/tbody><\/table><\/figure>\n\n\n\n<h3 class=\"wp-block-heading\"><strong>Seznam p\u0159\u00edchut\u00ed<\/strong><\/h3>\n\n\n\n<ol class=\"wp-block-list\">\n<li>Jahodov\u00fd ban\u00e1n<\/li>\n\n\n\n<li>Kiwi Mu\u010denka Ovoce Guava<\/li>\n\n\n\n<li>Jahodov\u00e9 kiwi<\/li>\n\n\n\n<li>Blue Razz Ice<\/li>\n\n\n\n<li>Kysel\u00e9 jablko malina<\/li>\n\n\n\n<li>Melounov\u00e1 \u017ev\u00fdka\u010dka<\/li>\n\n\n\n<li>Jahodov\u00fd meloun<\/li>\n\n\n\n<li>Jahodov\u00fd d\u017eus<\/li>\n\n\n\n<li>Black Dragon Ice<\/li>\n\n\n\n<li>Melounov\u00fd led<\/li>\n\n\n\n<li>Bor\u016fvkov\u00fd led<\/li>\n\n\n\n<li>Broskvov\u00fd meloun Mango<\/li>\n\n\n\n<li>Hroznov\u00fd led<\/li>\n\n\n\n<li>Sm\u00ed\u0161en\u00e9 ovoce<\/li>\n\n\n\n<li>Jahodov\u00e9 li\u010di<\/li>\n\n\n\n<li>M\u00e1tov\u00fd led<\/li>\n\n\n\n<li>Malinov\u00fd meloun<\/li>\n\n\n\n<li>Jahodov\u00e1 zmrzlina<\/li>\n\n\n\n<li>Broskvov\u00fd led<\/li>\n\n\n\n<li>Jahodov\u00e9 mango<\/li>\n<\/ol>\n\n\n\n<p>Fanou\u0161ci produkt\u016f Bang \u010dasto prozkoum\u00e1vaj\u00ed celou na\u0161i nab\u00eddku, aby si na\u0161li sv\u016fj dokonal\u00fd vape. Za\u010dn\u011bte u <a href=\"https:\/\/vapemaison.com\">domovsk\u00e1 str\u00e1nka<\/a>, objevte v\u0161echny produkty v na\u0161\u00ed <a href=\"https:\/\/vapemaison.com\/shop\">obchod<\/a>, nebo se pono\u0159te do <a href=\"https:\/\/vapemaison.com\/brand\/bang\">Zna\u010dka Bang<\/a> a prohl\u00e9dn\u011bte si kompletn\u00ed sestavu. Hled\u00e1te n\u011bco jin\u00e9ho? Na\u0161e <a href=\"https:\/\/vapemaison.com\/brand\/waspe\">Kolekce WASPE<\/a> a <a href=\"https:\/\/vapemaison.com\/product-category\/puffs-count\/\">Kategorie Puffs<\/a> maj\u00ed spoustu mo\u017enost\u00ed pro ka\u017ed\u00e9ho vapera.<\/p>","protected":false},"excerpt":{"rendered":"<div id=\"model-response-message-contentr_1390ad1f86f9ddbe\" class=\"markdown markdown-main-panel stronger enable-updated-hr-color\" dir=\"ltr\" aria-live=\"polite\" aria-busy=\"false\">\n<p data-path-to-node=\"0\">Vyzkou\u0161ejte 12 000 aromatick\u00fdch potah\u016f v kombinaci se z\u00e1\u0159iv\u00fdm designem s LED osv\u011btlen\u00edm a vysoce v\u00fdkonnou s\u00ed\u0165ovou spir\u00e1lkou pro trvale hladk\u00fd potah. Vyberte si svou ide\u00e1ln\u00ed hladinu nikotinu a po\u0159i\u010fte si sv\u00e9 je\u0161t\u011b dnes, abyste si mohli u\u017e\u00edvat toto pr\u00e9miov\u00e9 za\u0159\u00edzen\u00ed s dlouhou \u017eivotnost\u00ed, dokud jsou na\u0161e aktu\u00e1ln\u00ed z\u00e1soby.<\/p>\n<\/div>","protected":false},"featured_media":17779,"comment_status":"open","ping_status":"closed","template":"","meta":[],"product_brand":[57],"product_cat":[154],"product_tag":[],"class_list":{"0":"post-17768","1":"product","2":"type-product","3":"status-publish","4":"has-post-thumbnail","6":"product_brand-bang","7":"product_cat-12k-puffs","9":"first","10":"instock","11":"sale","12":"shipping-taxable","13":"purchasable","14":"product-type-variable"},"yoast_head":"<!-- This site is optimized with the Yoast SEO plugin v27.4 - https:\/\/yoast.com\/product\/yoast-seo-wordpress\/ -->\n<title>Bang Tornado 12000 Puffs Disposable Vape with LED Lights - VapeMaison<\/title>\n<meta name=\"description\" content=\"Enjoy Bang Tornado 12000 Puffs Vape. Featuring a 20ml e-liquid capacity, 1.0ohm mesh coil, LED lights, and Type-C charging. Available in 0%-5% nicotine.\" \/>\n<meta name=\"robots\" content=\"index, follow, max-snippet:-1, max-image-preview:large, max-video-preview:-1\" \/>\n<link rel=\"canonical\" href=\"https:\/\/vapemaison.com\/cs\/produkt\/bang-tornado-12000-puffs-disposable-vape\/\" \/>\n<meta property=\"og:locale\" content=\"cs_CZ\" \/>\n<meta property=\"og:type\" content=\"article\" \/>\n<meta property=\"og:title\" content=\"Bang Tornado 12000 Puffs Disposable Vape with LED Lights - VapeMaison\" \/>\n<meta property=\"og:description\" content=\"Enjoy Bang Tornado 12000 Puffs Vape. Featuring a 20ml e-liquid capacity, 1.0ohm mesh coil, LED lights, and Type-C charging. Available in 0%-5% nicotine.\" \/>\n<meta property=\"og:url\" content=\"https:\/\/vapemaison.com\/cs\/produkt\/bang-tornado-12000-puffs-disposable-vape\/\" \/>\n<meta property=\"og:site_name\" content=\"VapeMaison\" \/>\n<meta property=\"article:modified_time\" content=\"2025-12-22T09:18:20+00:00\" \/>\n<meta property=\"og:image\" content=\"https:\/\/vapemaison.com\/wp-content\/uploads\/2025\/12\/vape-bang-tornado-12000-puffs-11.webp\" \/>\n\t<meta property=\"og:image:width\" content=\"1000\" \/>\n\t<meta property=\"og:image:height\" content=\"1000\" \/>\n\t<meta property=\"og:image:type\" content=\"image\/webp\" \/>\n<meta name=\"twitter:card\" content=\"summary_large_image\" \/>\n<meta name=\"twitter:label1\" content=\"Odhadovan\u00e1 doba \u010dten\u00ed\" \/>\n\t<meta name=\"twitter:data1\" content=\"2 minuty\" \/>\n<!-- \/ Yoast SEO plugin. -->","yoast_head_json":{"title":"Bang Tornado 12000 Puffs Disposable Vape with LED Lights - VapeMaison","description":"Enjoy Bang Tornado 12000 Puffs Vape. Featuring a 20ml e-liquid capacity, 1.0ohm mesh coil, LED lights, and Type-C charging. Available in 0%-5% nicotine.","robots":{"index":"index","follow":"follow","max-snippet":"max-snippet:-1","max-image-preview":"max-image-preview:large","max-video-preview":"max-video-preview:-1"},"canonical":"https:\/\/vapemaison.com\/cs\/produkt\/bang-tornado-12000-puffs-disposable-vape\/","og_locale":"cs_CZ","og_type":"article","og_title":"Bang Tornado 12000 Puffs Disposable Vape with LED Lights - VapeMaison","og_description":"Enjoy Bang Tornado 12000 Puffs Vape. Featuring a 20ml e-liquid capacity, 1.0ohm mesh coil, LED lights, and Type-C charging. Available in 0%-5% nicotine.","og_url":"https:\/\/vapemaison.com\/cs\/produkt\/bang-tornado-12000-puffs-disposable-vape\/","og_site_name":"VapeMaison","article_modified_time":"2025-12-22T09:18:20+00:00","og_image":[{"width":1000,"height":1000,"url":"https:\/\/vapemaison.com\/wp-content\/uploads\/2025\/12\/vape-bang-tornado-12000-puffs-11.webp","type":"image\/webp"}],"twitter_card":"summary_large_image","twitter_misc":{"Odhadovan\u00e1 doba \u010dten\u00ed":"2 minuty"},"schema":{"@context":"https:\/\/schema.org","@graph":[{"@type":"WebPage","@id":"https:\/\/vapemaison.com\/product\/bang-tornado-12000-puffs-disposable-vape\/","url":"https:\/\/vapemaison.com\/product\/bang-tornado-12000-puffs-disposable-vape\/","name":"Bang Tornado 12000 Puffs Disposable Vape with LED Lights - VapeMaison","isPartOf":{"@id":"https:\/\/vapemaison.com\/#website"},"primaryImageOfPage":{"@id":"https:\/\/vapemaison.com\/product\/bang-tornado-12000-puffs-disposable-vape\/#primaryimage"},"image":{"@id":"https:\/\/vapemaison.com\/product\/bang-tornado-12000-puffs-disposable-vape\/#primaryimage"},"thumbnailUrl":"https:\/\/vapemaison.com\/wp-content\/uploads\/2025\/12\/vape-bang-tornado-12000-puffs-11.webp","datePublished":"2025-12-12T08:48:53+00:00","dateModified":"2025-12-22T09:18:20+00:00","description":"Enjoy Bang Tornado 12000 Puffs Vape. Featuring a 20ml e-liquid capacity, 1.0ohm mesh coil, LED lights, and Type-C charging. Available in 0%-5% nicotine.","breadcrumb":{"@id":"https:\/\/vapemaison.com\/product\/bang-tornado-12000-puffs-disposable-vape\/#breadcrumb"},"inLanguage":"cs","potentialAction":[{"@type":"ReadAction","target":["https:\/\/vapemaison.com\/product\/bang-tornado-12000-puffs-disposable-vape\/"]}]},{"@type":"ImageObject","inLanguage":"cs","@id":"https:\/\/vapemaison.com\/product\/bang-tornado-12000-puffs-disposable-vape\/#primaryimage","url":"https:\/\/vapemaison.com\/wp-content\/uploads\/2025\/12\/vape-bang-tornado-12000-puffs-11.webp","contentUrl":"https:\/\/vapemaison.com\/wp-content\/uploads\/2025\/12\/vape-bang-tornado-12000-puffs-11.webp","width":1000,"height":1000,"caption":"Vape Bang Tornado Puffs"},{"@type":"BreadcrumbList","@id":"https:\/\/vapemaison.com\/product\/bang-tornado-12000-puffs-disposable-vape\/#breadcrumb","itemListElement":[{"@type":"ListItem","position":1,"name":"\u9996\u9875","item":"https:\/\/vapemaison.com\/"},{"@type":"ListItem","position":2,"name":"Shop","item":"https:\/\/vapemaison.com\/shop\/"},{"@type":"ListItem","position":3,"name":"Bang","item":"https:\/\/vapemaison.com\/brand\/bang\/"},{"@type":"ListItem","position":4,"name":"Bang Tornado 12000 Puffs Disposable Vape"}]},{"@type":"WebSite","@id":"https:\/\/vapemaison.com\/#website","url":"https:\/\/vapemaison.com\/","name":"VapeMaison","description":"Pr\u00e9miov\u00e1 vapingov\u00e1 za\u0159\u00edzen\u00ed a p\u0159\u00edslu\u0161enstv\u00ed","publisher":{"@id":"https:\/\/vapemaison.com\/#organization"},"potentialAction":[{"@type":"SearchAction","target":{"@type":"EntryPoint","urlTemplate":"https:\/\/vapemaison.com\/?s={search_term_string}"},"query-input":{"@type":"PropertyValueSpecification","valueRequired":true,"valueName":"search_term_string"}}],"inLanguage":"cs"},{"@type":"Organization","@id":"https:\/\/vapemaison.com\/#organization","name":"VapeMaison","url":"https:\/\/vapemaison.com\/","logo":{"@type":"ImageObject","inLanguage":"cs","@id":"https:\/\/vapemaison.com\/#\/schema\/logo\/image\/","url":"https:\/\/vapemaison.com\/wp-content\/uploads\/2026\/01\/cropped-vapemaison-logo-g-2026.webp","contentUrl":"https:\/\/vapemaison.com\/wp-content\/uploads\/2026\/01\/cropped-vapemaison-logo-g-2026.webp","width":350,"height":280,"caption":"VapeMaison"},"image":{"@id":"https:\/\/vapemaison.com\/#\/schema\/logo\/image\/"},"sameAs":["https:\/\/www.youtube.com\/@VapeMaison"]}]}},"tiered_pricing_type":"fixed","tiered_pricing_fixed_rules":{"30":"7.63","50":"7.12","100":"6.77","200":"6.23"},"tiered_pricing_product_settings":{"layout":"default","base_unit_name":{"singular":null,"plural":null},"default_variation":null},"tiered_pricing_minimum_quantity":10,"tiered_pricing_roles_data":[],"tiered_pricing_percentage_rules":[],"tiered_pricing_maximum_quantity":null,"tiered_pricing_quantity_step":"10","_links":{"self":[{"href":"https:\/\/vapemaison.com\/cs\/wp-json\/wp\/v2\/product\/17768","targetHints":{"allow":["GET"]}}],"collection":[{"href":"https:\/\/vapemaison.com\/cs\/wp-json\/wp\/v2\/product"}],"about":[{"href":"https:\/\/vapemaison.com\/cs\/wp-json\/wp\/v2\/types\/product"}],"replies":[{"embeddable":true,"href":"https:\/\/vapemaison.com\/cs\/wp-json\/wp\/v2\/comments?post=17768"}],"version-history":[{"count":0,"href":"https:\/\/vapemaison.com\/cs\/wp-json\/wp\/v2\/product\/17768\/revisions"}],"wp:featuredmedia":[{"embeddable":true,"href":"https:\/\/vapemaison.com\/cs\/wp-json\/wp\/v2\/media\/17779"}],"wp:attachment":[{"href":"https:\/\/vapemaison.com\/cs\/wp-json\/wp\/v2\/media?parent=17768"}],"wp:term":[{"taxonomy":"product_brand","embeddable":true,"href":"https:\/\/vapemaison.com\/cs\/wp-json\/wp\/v2\/product_brand?post=17768"},{"taxonomy":"product_cat","embeddable":true,"href":"https:\/\/vapemaison.com\/cs\/wp-json\/wp\/v2\/product_cat?post=17768"},{"taxonomy":"product_tag","embeddable":true,"href":"https:\/\/vapemaison.com\/cs\/wp-json\/wp\/v2\/product_tag?post=17768"}],"curies":[{"name":"wp","href":"https:\/\/api.w.org\/{rel}","templated":true}]}}