

{"id":17861,"date":"2025-12-12T09:03:53","date_gmt":"2025-12-12T09:03:53","guid":{"rendered":"https:\/\/vapemaison.com\/?post_type=product&#038;p=17861"},"modified":"2026-01-09T08:36:04","modified_gmt":"2026-01-09T08:36:04","slug":"bang-king-smart-screen-15000-puffs-vape","status":"publish","type":"product","link":"https:\/\/vapemaison.com\/cs\/product\/bang-king-smart-screen-15000-puffs-vape\/","title":{"rendered":"Bang King Smart Screen 15000 Puffs Vape na jedno pou\u017eit\u00ed"},"content":{"rendered":"<p>Na str\u00e1nk\u00e1ch <strong>Bang King Smartscreen 15000 Puffs LED displej Jednor\u00e1zov\u00fd Vape<\/strong> je pr\u00e9miov\u00e9 za\u0159\u00edzen\u00ed ur\u010den\u00e9 pro ty, kte\u0159\u00ed vy\u017eaduj\u00ed vynikaj\u00edc\u00ed v\u00fdkon a pohodl\u00ed. S p\u016fsobiv\u00fdm <strong>Kapacita 25 ml e-liquidu<\/strong> a <strong>15000 obl\u00e1\u010dk\u016f<\/strong>, tato vape nab\u00edz\u00ed dlouhotrvaj\u00edc\u00ed a uspokojiv\u00fd z\u00e1\u017eitek. Na <strong>Baterie s kapacitou 650 mAh<\/strong> poskytuje spolehliv\u00e9 nap\u00e1jen\u00ed, zat\u00edmco <strong>Dob\u00edjec\u00ed port typu C<\/strong> zaji\u0161\u0165uje rychl\u00e9 a efektivn\u00ed nab\u00edjen\u00ed.<\/p>\n\n\n\n<p>Na str\u00e1nk\u00e1ch <strong>1,0\u03a9 s\u00ed\u0165ov\u00fd topn\u00fd dr\u00e1t<\/strong> poskytuje konzistentn\u00ed, hladkou p\u00e1ru a maximalizuje chu\u0165 a v\u00fdkon p\u0159i ka\u017ed\u00e9m potahu. . <strong>LED displej<\/strong> nab\u00edz\u00ed p\u0159ehled v re\u00e1ln\u00e9m \u010dase o <strong>baterie<\/strong> a <strong>hladiny e-liquidu<\/strong>, co\u017e u\u017eivatel\u016fm umo\u017e\u0148uje z\u016fstat v obraze a m\u00edt kontrolu nad cel\u00fdm vapingem.<\/p>\n\n\n\n<p>S <strong>nastaviteln\u00e1 koncentrace nikotinu<\/strong> z <strong>0%, 2%, 3% a 5%<\/strong>, ... <strong>Bang King Smartscreen<\/strong> vyhov\u00ed v\u0161em preferenc\u00edm a zajist\u00ed optimalizovan\u00fd z\u00e1\u017eitek, a\u0165 u\u017e d\u00e1v\u00e1te p\u0159ednost beznikotinov\u00e9mu nebo siln\u011bj\u0161\u00edmu \u0161luku.<\/p>\n\n\n\n<h3 class=\"wp-block-heading\">Bang King <strong>Kl\u00ed\u010dov\u00e9 vlastnosti<\/strong><\/h3>\n\n\n\n<figure class=\"wp-block-table\"><table class=\"has-fixed-layout\"><thead><tr><th><strong>Funkce<\/strong><\/th><th><strong>Specifikace<\/strong><\/th><\/tr><\/thead><tbody><tr><td><strong>Kapacita e-liquidu<\/strong><\/td><td><strong>25 ml p\u0159edpln\u011bn\u00e9 n\u00e1pln\u011b<\/strong><\/td><\/tr><tr><td><strong>S\u00edla nikotinu<\/strong><\/td><td><strong>0%, 2%, 3%, 5%<\/strong><\/td><\/tr><tr><td><strong>Baterie<\/strong><\/td><td><strong>Nab\u00edjec\u00ed kapacita 650 mAh<\/strong><\/td><\/tr><tr><td><strong>Puffy<\/strong><\/td><td>A\u017e do <strong>15 000 vdech\u016f<\/strong><\/td><\/tr><tr><td><strong>Nab\u00edjen\u00ed<\/strong><\/td><td><strong>Port typu C<\/strong><\/td><\/tr><tr><td><strong>Topn\u00fd dr\u00e1t<\/strong><\/td><td><strong>1,0\u03a9 s\u00ed\u0165ov\u00e9 j\u00e1dro<\/strong><\/td><\/tr><tr><td><strong>Zobrazit<\/strong><\/td><td><strong>LED displej<\/strong> pro \u00farove\u0148 baterie a e-liquidu<\/td><\/tr><tr><td><strong>Balen\u00ed<\/strong><\/td><td><strong>1 krabice obsahuje 10 kus\u016f<\/strong><\/td><\/tr><\/tbody><\/table><\/figure>\n\n\n\n<h3 class=\"wp-block-heading\"><strong>Seznam p\u0159\u00edchut\u00ed<\/strong><\/h3>\n\n\n\n<ol class=\"wp-block-list\">\n<li>Modr\u00e9 zmrazen\u00ed<\/li>\n\n\n\n<li>Berry Blast<\/li>\n\n\n\n<li>Blue Cherry Lemon<\/li>\n\n\n\n<li>Zmrazen\u00ed broskv\u00ed<\/li>\n\n\n\n<li>Zmrazen\u00ed hrozn\u016f<\/li>\n\n\n\n<li>Peach Berry<\/li>\n\n\n\n<li>Kysel\u00e9 jablko Razberry<\/li>\n\n\n\n<li>Trojit\u00e9 ovoce<\/li>\n\n\n\n<li>Sv\u011b\u017e\u00ed led<\/li>\n\n\n\n<li>Jahodov\u00fd meloun<\/li>\n<\/ol>\n\n\n\n<p>Fanou\u0161ci produkt\u016f Bang \u010dasto prozkoum\u00e1vaj\u00ed celou na\u0161i nab\u00eddku, aby si na\u0161li sv\u016fj dokonal\u00fd vape. Za\u010dn\u011bte u <a href=\"https:\/\/vapemaison.com\">domovsk\u00e1 str\u00e1nka<\/a>, a na\u0161e <a href=\"https:\/\/vapemaison.com\/product-category\/hot-series\/\">Nejprod\u00e1van\u011bj\u0161\u00ed<\/a> objevte v\u0161echny produkty v na\u0161\u00ed <a href=\"https:\/\/vapemaison.com\/shop\">obchod<\/a>, nebo se pono\u0159te do <a href=\"https:\/\/vapemaison.com\/brand\/bang\">Zna\u010dka Bang<\/a> a prohl\u00e9dn\u011bte si kompletn\u00ed sestavu. Hled\u00e1te n\u011bco jin\u00e9ho? Na\u0161e <a href=\"https:\/\/vapemaison.com\/brand\/waspe\">Kolekce WASPE<\/a> a <a href=\"https:\/\/vapemaison.com\/product-category\/puffs-count\/\">Kategorie Puffs<\/a> maj\u00ed spoustu mo\u017enost\u00ed pro ka\u017ed\u00e9ho vapera. <\/p>","protected":false},"excerpt":{"rendered":"<div id=\"model-response-message-contentr_24982b67bbe72fe7\" class=\"markdown markdown-main-panel stronger enable-updated-hr-color\" dir=\"ltr\" aria-live=\"polite\" aria-busy=\"false\">\n<p data-path-to-node=\"0\">Maximalizujte svou spokojenost s 15 000 plynul\u00fdmi potahy a kapacitou 25 ml, kter\u00e9 jsou monitorov\u00e1ny pomoc\u00ed LED displeje v re\u00e1ln\u00e9m \u010dase pro \u00faplnou kontrolu baterie a liquidu. Vyberte si preferovanou s\u00edlu nikotinu a objednejte si nyn\u00ed, abyste mohli vyu\u017e\u00edt na\u0161\u00ed aktu\u00e1ln\u00ed skladov\u00e9 dostupnosti a p\u0159ednostn\u00edho odesl\u00e1n\u00ed.<\/p>\n<\/div>","protected":false},"featured_media":17866,"comment_status":"open","ping_status":"closed","template":"","meta":[],"product_brand":[57],"product_cat":[167],"product_tag":[],"class_list":{"0":"post-17861","1":"product","2":"type-product","3":"status-publish","4":"has-post-thumbnail","6":"product_brand-bang","7":"product_cat-15k-puffs","9":"first","10":"instock","11":"sale","12":"shipping-taxable","13":"purchasable","14":"product-type-variable"},"yoast_head":"<!-- This site is optimized with the Yoast SEO plugin v27.4 - https:\/\/yoast.com\/product\/yoast-seo-wordpress\/ -->\n<title>Bang King Smart Screen 15000 Puffs Vape \u2013 LED Display - VapeMaison<\/title>\n<meta name=\"description\" content=\"Enjoy 15,000 puffs with the Bang King Smartscreen Vape. 25ml e-liquid, mesh coil, LED display. Choose your nicotine strength and vape with style.\" \/>\n<meta name=\"robots\" content=\"index, follow, max-snippet:-1, max-image-preview:large, max-video-preview:-1\" \/>\n<link rel=\"canonical\" href=\"https:\/\/vapemaison.com\/cs\/produkt\/bang-king-smart-screen-15000-puffs-vape\/\" \/>\n<meta property=\"og:locale\" content=\"cs_CZ\" \/>\n<meta property=\"og:type\" content=\"article\" \/>\n<meta property=\"og:title\" content=\"Bang King Smart Screen 15000 Puffs Vape \u2013 LED Display - VapeMaison\" \/>\n<meta property=\"og:description\" content=\"Enjoy 15,000 puffs with the Bang King Smartscreen Vape. 25ml e-liquid, mesh coil, LED display. Choose your nicotine strength and vape with style.\" \/>\n<meta property=\"og:url\" content=\"https:\/\/vapemaison.com\/cs\/produkt\/bang-king-smart-screen-15000-puffs-vape\/\" \/>\n<meta property=\"og:site_name\" content=\"VapeMaison\" \/>\n<meta property=\"article:modified_time\" content=\"2026-01-09T08:36:04+00:00\" \/>\n<meta property=\"og:image\" content=\"https:\/\/vapemaison.com\/wp-content\/uploads\/2025\/12\/vape-bang-king-smartscreen-15000-puffs-00001-00006.png.webp\" \/>\n\t<meta property=\"og:image:width\" content=\"1000\" \/>\n\t<meta property=\"og:image:height\" content=\"1000\" \/>\n\t<meta property=\"og:image:type\" content=\"image\/webp\" \/>\n<meta name=\"twitter:card\" content=\"summary_large_image\" \/>\n<meta name=\"twitter:label1\" content=\"Odhadovan\u00e1 doba \u010dten\u00ed\" \/>\n\t<meta name=\"twitter:data1\" content=\"2 minuty\" \/>\n<!-- \/ Yoast SEO plugin. -->","yoast_head_json":{"title":"Bang King Smart Screen 15000 Puffs Vape - LED displej - VapeMaison","description":"Vychutnejte si 15 000 \u0161luk\u016f s Bang King Smartscreen Vape. 25 ml e-liquidu, s\u00ed\u0165ov\u00e1 spir\u00e1lka, LED displej. Vyberte si s\u00edlu nikotinu a vapujte stylov\u011b.","robots":{"index":"index","follow":"follow","max-snippet":"max-snippet:-1","max-image-preview":"max-image-preview:large","max-video-preview":"max-video-preview:-1"},"canonical":"https:\/\/vapemaison.com\/cs\/produkt\/bang-king-smart-screen-15000-puffs-vape\/","og_locale":"cs_CZ","og_type":"article","og_title":"Bang King Smart Screen 15000 Puffs Vape \u2013 LED Display - VapeMaison","og_description":"Enjoy 15,000 puffs with the Bang King Smartscreen Vape. 25ml e-liquid, mesh coil, LED display. Choose your nicotine strength and vape with style.","og_url":"https:\/\/vapemaison.com\/cs\/produkt\/bang-king-smart-screen-15000-puffs-vape\/","og_site_name":"VapeMaison","article_modified_time":"2026-01-09T08:36:04+00:00","og_image":[{"width":1000,"height":1000,"url":"https:\/\/vapemaison.com\/wp-content\/uploads\/2025\/12\/vape-bang-king-smartscreen-15000-puffs-00001-00006.png.webp","type":"image\/webp"}],"twitter_card":"summary_large_image","twitter_misc":{"Odhadovan\u00e1 doba \u010dten\u00ed":"2 minuty"},"schema":{"@context":"https:\/\/schema.org","@graph":[{"@type":"WebPage","@id":"https:\/\/vapemaison.com\/product\/bang-king-smart-screen-15000-puffs-vape\/","url":"https:\/\/vapemaison.com\/product\/bang-king-smart-screen-15000-puffs-vape\/","name":"Bang King Smart Screen 15000 Puffs Vape - LED displej - VapeMaison","isPartOf":{"@id":"https:\/\/vapemaison.com\/#website"},"primaryImageOfPage":{"@id":"https:\/\/vapemaison.com\/product\/bang-king-smart-screen-15000-puffs-vape\/#primaryimage"},"image":{"@id":"https:\/\/vapemaison.com\/product\/bang-king-smart-screen-15000-puffs-vape\/#primaryimage"},"thumbnailUrl":"https:\/\/vapemaison.com\/wp-content\/uploads\/2025\/12\/vape-bang-king-smartscreen-15000-puffs-00001-00006.png.webp","datePublished":"2025-12-12T09:03:53+00:00","dateModified":"2026-01-09T08:36:04+00:00","description":"Vychutnejte si 15 000 \u0161luk\u016f s Bang King Smartscreen Vape. 25 ml e-liquidu, s\u00ed\u0165ov\u00e1 spir\u00e1lka, LED displej. Vyberte si s\u00edlu nikotinu a vapujte stylov\u011b.","breadcrumb":{"@id":"https:\/\/vapemaison.com\/product\/bang-king-smart-screen-15000-puffs-vape\/#breadcrumb"},"inLanguage":"cs","potentialAction":[{"@type":"ReadAction","target":["https:\/\/vapemaison.com\/product\/bang-king-smart-screen-15000-puffs-vape\/"]}]},{"@type":"ImageObject","inLanguage":"cs","@id":"https:\/\/vapemaison.com\/product\/bang-king-smart-screen-15000-puffs-vape\/#primaryimage","url":"https:\/\/vapemaison.com\/wp-content\/uploads\/2025\/12\/vape-bang-king-smartscreen-15000-puffs-00001-00006.png.webp","contentUrl":"https:\/\/vapemaison.com\/wp-content\/uploads\/2025\/12\/vape-bang-king-smartscreen-15000-puffs-00001-00006.png.webp","width":1000,"height":1000,"caption":"Vape Bang King Smart Screen Puffs.png"},{"@type":"BreadcrumbList","@id":"https:\/\/vapemaison.com\/product\/bang-king-smart-screen-15000-puffs-vape\/#breadcrumb","itemListElement":[{"@type":"ListItem","position":1,"name":"\u9996\u9875","item":"https:\/\/vapemaison.com\/"},{"@type":"ListItem","position":2,"name":"Shop","item":"https:\/\/vapemaison.com\/shop\/"},{"@type":"ListItem","position":3,"name":"Bang","item":"https:\/\/vapemaison.com\/brand\/bang\/"},{"@type":"ListItem","position":4,"name":"Bang King Smart Screen 15000 Puffs Disposable Vape"}]},{"@type":"WebSite","@id":"https:\/\/vapemaison.com\/#website","url":"https:\/\/vapemaison.com\/","name":"VapeMaison","description":"Pr\u00e9miov\u00e1 vapingov\u00e1 za\u0159\u00edzen\u00ed a p\u0159\u00edslu\u0161enstv\u00ed","publisher":{"@id":"https:\/\/vapemaison.com\/#organization"},"potentialAction":[{"@type":"SearchAction","target":{"@type":"EntryPoint","urlTemplate":"https:\/\/vapemaison.com\/?s={search_term_string}"},"query-input":{"@type":"PropertyValueSpecification","valueRequired":true,"valueName":"search_term_string"}}],"inLanguage":"cs"},{"@type":"Organization","@id":"https:\/\/vapemaison.com\/#organization","name":"VapeMaison","url":"https:\/\/vapemaison.com\/","logo":{"@type":"ImageObject","inLanguage":"cs","@id":"https:\/\/vapemaison.com\/#\/schema\/logo\/image\/","url":"https:\/\/vapemaison.com\/wp-content\/uploads\/2026\/01\/cropped-vapemaison-logo-g-2026.webp","contentUrl":"https:\/\/vapemaison.com\/wp-content\/uploads\/2026\/01\/cropped-vapemaison-logo-g-2026.webp","width":350,"height":280,"caption":"VapeMaison"},"image":{"@id":"https:\/\/vapemaison.com\/#\/schema\/logo\/image\/"},"sameAs":["https:\/\/www.youtube.com\/@VapeMaison"]}]}},"tiered_pricing_type":"fixed","tiered_pricing_fixed_rules":{"30":"6.99","50":"6.63","100":"5.79","200":"5.24"},"tiered_pricing_product_settings":{"layout":"default","base_unit_name":{"singular":null,"plural":null},"default_variation":null},"tiered_pricing_minimum_quantity":10,"tiered_pricing_roles_data":[],"tiered_pricing_percentage_rules":[],"tiered_pricing_maximum_quantity":null,"tiered_pricing_quantity_step":"10","_links":{"self":[{"href":"https:\/\/vapemaison.com\/cs\/wp-json\/wp\/v2\/product\/17861","targetHints":{"allow":["GET"]}}],"collection":[{"href":"https:\/\/vapemaison.com\/cs\/wp-json\/wp\/v2\/product"}],"about":[{"href":"https:\/\/vapemaison.com\/cs\/wp-json\/wp\/v2\/types\/product"}],"replies":[{"embeddable":true,"href":"https:\/\/vapemaison.com\/cs\/wp-json\/wp\/v2\/comments?post=17861"}],"version-history":[{"count":0,"href":"https:\/\/vapemaison.com\/cs\/wp-json\/wp\/v2\/product\/17861\/revisions"}],"wp:featuredmedia":[{"embeddable":true,"href":"https:\/\/vapemaison.com\/cs\/wp-json\/wp\/v2\/media\/17866"}],"wp:attachment":[{"href":"https:\/\/vapemaison.com\/cs\/wp-json\/wp\/v2\/media?parent=17861"}],"wp:term":[{"taxonomy":"product_brand","embeddable":true,"href":"https:\/\/vapemaison.com\/cs\/wp-json\/wp\/v2\/product_brand?post=17861"},{"taxonomy":"product_cat","embeddable":true,"href":"https:\/\/vapemaison.com\/cs\/wp-json\/wp\/v2\/product_cat?post=17861"},{"taxonomy":"product_tag","embeddable":true,"href":"https:\/\/vapemaison.com\/cs\/wp-json\/wp\/v2\/product_tag?post=17861"}],"curies":[{"name":"wp","href":"https:\/\/api.w.org\/{rel}","templated":true}]}}