

{"id":18372,"date":"2025-12-15T07:51:39","date_gmt":"2025-12-15T07:51:39","guid":{"rendered":"https:\/\/vapemaison.com\/?post_type=product&#038;p=18372"},"modified":"2026-01-09T08:58:38","modified_gmt":"2026-01-09T08:58:38","slug":"dobijeci-vape-vozol-rave-40000-puffs-boruvkova-ledova-prichut","status":"publish","type":"product","link":"https:\/\/vapemaison.com\/cs\/product\/rechargeable-vape-vozol-rave-40000-puffs-blueberry-ice-flavor\/","title":{"rendered":"VOZOL RAVE 40000 Puffs | LED displej s p\u0159\u00edchut\u00ed bor\u016fvky a melounu | VOZOL Vapes"},"content":{"rendered":"<h2 class=\"wp-block-heading\">VOZOL RAVE 40000 Puffs Blueberry Watermelon: \u0160\u0165avnat\u00fd duet<\/h2>\n\n\n\n<p>Na str\u00e1nk\u00e1ch <strong>VOZOL RAVE 40000 Puffs Vape na jedno pou\u017eit\u00ed<\/strong> v bor\u016fvkov\u00e9m melounu nab\u00edz\u00ed lahodnou letn\u00ed sm\u011bs, kter\u00e1 spojuje dv\u011b nejobl\u00edben\u011bj\u0161\u00ed ovocn\u00e9 p\u0159\u00edchut\u011b do jednoho nezapomenuteln\u00e9ho z\u00e1\u017eitku. Tento model, navr\u017een\u00fd pro bezkonkuren\u010dn\u00ed v\u00fddr\u017e, se m\u016f\u017ee pochlubit \u00fa\u017easnou <strong>Kapacita 40000 obl\u00e1\u010dk\u016f<\/strong> a obsahuje poutav\u00fd <strong>270\u00b0 sv\u011bteln\u00e1 show LED<\/strong>. Tento <strong>Dob\u00edjec\u00ed vape<\/strong> je ur\u010den pro vapery, kte\u0159\u00ed vy\u017eaduj\u00ed vynikaj\u00edc\u00ed chu\u0165ovou v\u011brnost a extr\u00e9mn\u00ed v\u00fddr\u017e.<\/p>\n\n\n\n<h4 class=\"wp-block-heading\">Chu\u0165ov\u00e9 hody: Objevte sv\u00e9 obl\u00edben\u00e9 chut\u011b: Objevte sv\u00e9 obl\u00edben\u00e9 chut\u011b.<\/h4>\n\n\n\n<h2 class=\"wp-block-heading\">Bor\u016fvkov\u00fd meloun: Sladk\u00e9 bobule se setk\u00e1vaj\u00ed s hydrata\u010dn\u00edm melounem<\/h2>\n\n\n\n<p>Bor\u016fvkov\u00fd meloun je sofistikovan\u00e1 chu\u0165ov\u00e1 sm\u011bs, kter\u00e1 vyva\u017euje hlubok\u00e9, lehce trpk\u00e9 t\u00f3ny bor\u016fvek a melounu. <strong>\u010derstv\u00e9 bor\u016fvky<\/strong> s <strong>lehk\u00e1, hydrata\u010dn\u00ed sladkost zral\u00e9ho melounu.<\/strong>. Tato kombinace je neuv\u011b\u0159iteln\u011b jemn\u00e1 a osv\u011b\u017euj\u00edc\u00ed, tak\u017ee je vynikaj\u00edc\u00ed pro celodenn\u00ed vapov\u00e1n\u00ed bez p\u0159ehnan\u00e9ho chladu.<\/p>\n\n\n\n<ul class=\"wp-block-list\">\n<li>Blue Razz Ice<\/li>\n\n\n\n<li>Bor\u016fvkov\u00fd led<\/li>\n\n\n\n<li><strong>Bor\u016fvkov\u00fd meloun:<\/strong> Vyv\u00e1\u017een\u00e1 kombinace sladk\u00fdch, bohat\u00fdch bor\u016fvek a \u0161\u0165avnat\u00e9ho, osv\u011b\u017euj\u00edc\u00edho melounu.<\/li>\n\n\n\n<li>T\u0159e\u0161\u0148ov\u00e1 jahoda<\/li>\n\n\n\n<li>Cool Mint<\/li>\n\n\n\n<li>Dvojit\u00e9 jablko<\/li>\n\n\n\n<li>Hroznov\u00fd led<\/li>\n\n\n\n<li>L\u00e1ska 777<\/li>\n\n\n\n<li>Mango Ice<\/li>\n\n\n\n<li>Mango Peach<\/li>\n\n\n\n<li>Broskvov\u00fd led<\/li>\n\n\n\n<li>Broskvovo-malinov\u00e1 limon\u00e1da<\/li>\n\n\n\n<li>Jahodov\u00e1 zmrzlina<\/li>\n\n\n\n<li>Jahodov\u00e9 kiwi<\/li>\n\n\n\n<li>Jahodov\u00e9 mango<\/li>\n\n\n\n<li>Jahodov\u00fd meloun<\/li>\n\n\n\n<li>Strawmelon Peach<\/li>\n\n\n\n<li>Melounov\u00e1 \u017ev\u00fdka\u010dka<\/li>\n\n\n\n<li>Melounov\u00fd led<\/li>\n\n\n\n<li>Meloun Razz Rancher<\/li>\n<\/ul>\n\n\n\n<h4 class=\"wp-block-heading\">Technick\u00e9 specifikace a hlavn\u00ed prvky designu<\/h4>\n\n\n\n<h2 class=\"wp-block-heading\">VOZOL RAVE 40000 Technick\u00e9 specifikace a inovace<\/h2>\n\n\n\n<p>VOZOL RAVE 40000 je vyroben s vyu\u017eit\u00edm nejmodern\u011bj\u0161\u00edch technologi\u00ed, kter\u00e9 zaru\u010duj\u00ed prvot\u0159\u00eddn\u00ed z\u00e1\u017eitek pro ka\u017ed\u00e9ho p\u00e1va.<\/p>\n\n\n\n<ul class=\"wp-block-list\">\n<li><strong>Max Puffs:<\/strong> P\u0159ibli\u017en\u011b. <strong>40000 Puffs<\/strong><\/li>\n\n\n\n<li><strong>Kapacita e-liquidu:<\/strong> 20 ml<\/li>\n\n\n\n<li><strong>Baterie:<\/strong> 1000 mAh <strong>Dob\u00edjec\u00ed<\/strong><\/li>\n\n\n\n<li><strong>S\u00edla nikotinu:<\/strong> 5% (50 mg\/ml) Soln\u00fd nikotin<\/li>\n\n\n\n<li><strong>Syst\u00e9m c\u00edvek:<\/strong> <strong>Dvojit\u00e1 s\u00ed\u0165ov\u00e1 c\u00edvka<\/strong> se spole\u010dnost\u00ed S.i.L.C. Tech<\/li>\n\n\n\n<li><strong>Nab\u00edjen\u00ed:<\/strong> Port USB typu C (rychl\u00e9 nab\u00edjen\u00ed)<\/li>\n\n\n\n<li><strong>Speci\u00e1ln\u00ed funkce:<\/strong> <strong>270\u00b0 displej LED se sn\u00edm\u00e1n\u00edm rytmu<\/strong><\/li>\n\n\n\n<li><strong>Aktivace:<\/strong> Kreslen\u00ed aktivovan\u00e9<\/li>\n<\/ul>\n\n\n\n<p>D\u00edky nejmodern\u011bj\u0161\u00edmu <strong>Dvojit\u00e1 s\u00ed\u0165ov\u00e1 c\u00edvka<\/strong> Syst\u00e9m VOZOL RAVE 40000 dokonale odd\u011bluje a zesiluje v\u00fdrazn\u00e9 t\u00f3ny bor\u016fvek i melounu a poskytuje konzistentn\u011b hladk\u00fd a vylad\u011bn\u00fd chu\u0165ov\u00fd profil ve v\u0161ech oblastech. <strong>40000 obl\u00e1\u010dk\u016f<\/strong>.<\/p>\n\n\n\n<h4 class=\"wp-block-heading\">D\u016fvody pro koupi nyn\u00ed<\/h4>\n\n\n\n<h2 class=\"wp-block-heading\">Upozorn\u011bn\u00ed na omezen\u00e9 z\u00e1soby: Vezm\u011bte si bor\u016fvkov\u00fd meloun VOZOL RAVE!<\/h2>\n\n\n\n<p>VOZOL RAVE 40000 vzal trh \u00fatokem a nastavil la\u0165ku pro. <strong>VOZOL vapes<\/strong> a <strong>40000 Puffs Vape na jedno pou\u017eit\u00ed<\/strong> za\u0159\u00edzen\u00ed. Komplexn\u00ed a uspokojuj\u00edc\u00ed p\u0159\u00edchu\u0165 bor\u016fvka a meloun je t\u0159eba vyzkou\u0161et. <strong>Tato konkr\u00e9tn\u00ed \u0161ar\u017ee je limitovan\u00e1!<\/strong><\/p>\n\n\n\n<p><strong>Jednejte rychle:<\/strong> Zajist\u011bte si VOZOL RAVE 40000 nyn\u00ed a za\u017eijte dokonalou chu\u0165ovou harmonii podpo\u0159enou bezprecedentn\u00edm po\u010dtem \u0161luk\u016f. <strong>Neot\u00e1lejte a p\u0159idejte si tento inovativn\u00ed dob\u00edjec\u00ed vape do sv\u00e9 sb\u00edrky je\u0161t\u011b dnes!<\/strong><\/p>","protected":false},"excerpt":{"rendered":"<p>VOZOL RAVE 40000 Puffs Blueberry Watermelon: A Juicy Duet The VOZOL RAVE 40000 Puffs Disposable Vape in Blueberry Watermelon offers a delightful summer mashup, combining two of the most popular fruit flavors into one unforgettable experience. Engineered for unparalleled endurance, this model boasts a stunning 40000 puff capacity and features the attention-grabbing 270\u00b0 LED Light [&hellip;]<\/p>\n","protected":false},"featured_media":19283,"comment_status":"open","ping_status":"closed","template":"","meta":[],"product_brand":[178],"product_cat":[135],"product_tag":[],"class_list":{"0":"post-18372","1":"product","2":"type-product","3":"status-publish","4":"has-post-thumbnail","6":"product_brand-vozol","7":"product_cat-40k-puffs","9":"first","10":"instock","11":"sale","12":"featured","13":"shipping-taxable","14":"purchasable","15":"product-type-variable"},"yoast_head":"<!-- This site is optimized with the Yoast SEO plugin v27.4 - https:\/\/yoast.com\/product\/yoast-seo-wordpress\/ -->\n<title>VOZOL RAVE 40000 Puffs | Blueberry Watermelon Flavor LED Display | VOZOL Vapes<\/title>\n<meta name=\"description\" content=\"Try the exotic Blueberry Watermelon VOZOL RAVE 40000 Puffs Disposable Vape. Features a massive 20ml pre-filled tank and the revolutionary 270\u00b0 Beat-Sensing LED Light for a vibrant look. The perfect blend of sweet blueberry and juicy watermelon is waiting. Buy this premium Rechargeable Vape today for maximum flavor and enjoyment.\" \/>\n<meta name=\"robots\" content=\"index, follow, max-snippet:-1, max-image-preview:large, max-video-preview:-1\" \/>\n<link rel=\"canonical\" href=\"https:\/\/vapemaison.com\/cs\/produkt\/dobijeci-vape-vozol-rave-40000-puffs-boruvkova-ledova-prichut\/\" \/>\n<meta property=\"og:locale\" content=\"cs_CZ\" \/>\n<meta property=\"og:type\" content=\"article\" \/>\n<meta property=\"og:title\" content=\"VOZOL RAVE 40000 Puffs | Blueberry Watermelon Flavor LED Display | VOZOL Vapes\" \/>\n<meta property=\"og:description\" content=\"Try the exotic Blueberry Watermelon VOZOL RAVE 40000 Puffs Disposable Vape. Features a massive 20ml pre-filled tank and the revolutionary 270\u00b0 Beat-Sensing LED Light for a vibrant look. The perfect blend of sweet blueberry and juicy watermelon is waiting. Buy this premium Rechargeable Vape today for maximum flavor and enjoyment.\" \/>\n<meta property=\"og:url\" content=\"https:\/\/vapemaison.com\/cs\/produkt\/dobijeci-vape-vozol-rave-40000-puffs-boruvkova-ledova-prichut\/\" \/>\n<meta property=\"og:site_name\" content=\"VapeMaison\" \/>\n<meta property=\"article:modified_time\" content=\"2026-01-09T08:58:38+00:00\" \/>\n<meta property=\"og:image\" content=\"https:\/\/vapemaison.com\/wp-content\/uploads\/2025\/12\/vozol-rave-40000-Blueberry-Ice-2-768x768-1.webp\" \/>\n\t<meta property=\"og:image:width\" content=\"768\" \/>\n\t<meta property=\"og:image:height\" content=\"768\" \/>\n\t<meta property=\"og:image:type\" content=\"image\/webp\" \/>\n<meta name=\"twitter:card\" content=\"summary_large_image\" \/>\n<meta name=\"twitter:label1\" content=\"Odhadovan\u00e1 doba \u010dten\u00ed\" \/>\n\t<meta name=\"twitter:data1\" content=\"2 minuty\" \/>\n<!-- \/ Yoast SEO plugin. -->","yoast_head_json":{"title":"VOZOL RAVE 40000 Puffs | LED displej s p\u0159\u00edchut\u00ed bor\u016fvky a melounu | VOZOL Vapes","description":"Vyzkou\u0161ejte exotick\u00fd bor\u016fvkov\u00fd meloun VOZOL RAVE 40000 Puffs Vape na jedno pou\u017eit\u00ed. Obsahuje masivn\u00ed 20ml p\u0159edpln\u011bn\u00fd tank a revolu\u010dn\u00ed 270\u00b0 LED sv\u011btlo sn\u00edmaj\u00edc\u00ed \u00fadery pro z\u00e1\u0159iv\u00fd vzhled. \u010cek\u00e1 v\u00e1s dokonal\u00e1 sm\u011bs sladk\u00fdch bor\u016fvek a \u0161\u0165avnat\u00e9ho vodn\u00edho melounu. Po\u0159i\u010fte si tento pr\u00e9miov\u00fd dob\u00edjec\u00ed vape je\u0161t\u011b dnes pro maxim\u00e1ln\u00ed chu\u0165 a po\u017eitek.","robots":{"index":"index","follow":"follow","max-snippet":"max-snippet:-1","max-image-preview":"max-image-preview:large","max-video-preview":"max-video-preview:-1"},"canonical":"https:\/\/vapemaison.com\/cs\/produkt\/dobijeci-vape-vozol-rave-40000-puffs-boruvkova-ledova-prichut\/","og_locale":"cs_CZ","og_type":"article","og_title":"VOZOL RAVE 40000 Puffs | Blueberry Watermelon Flavor LED Display | VOZOL Vapes","og_description":"Try the exotic Blueberry Watermelon VOZOL RAVE 40000 Puffs Disposable Vape. Features a massive 20ml pre-filled tank and the revolutionary 270\u00b0 Beat-Sensing LED Light for a vibrant look. The perfect blend of sweet blueberry and juicy watermelon is waiting. Buy this premium Rechargeable Vape today for maximum flavor and enjoyment.","og_url":"https:\/\/vapemaison.com\/cs\/produkt\/dobijeci-vape-vozol-rave-40000-puffs-boruvkova-ledova-prichut\/","og_site_name":"VapeMaison","article_modified_time":"2026-01-09T08:58:38+00:00","og_image":[{"width":768,"height":768,"url":"https:\/\/vapemaison.com\/wp-content\/uploads\/2025\/12\/vozol-rave-40000-Blueberry-Ice-2-768x768-1.webp","type":"image\/webp"}],"twitter_card":"summary_large_image","twitter_misc":{"Odhadovan\u00e1 doba \u010dten\u00ed":"2 minuty"},"schema":{"@context":"https:\/\/schema.org","@graph":[{"@type":"WebPage","@id":"https:\/\/vapemaison.com\/product\/rechargeable-vape-vozol-rave-40000-puffs-blueberry-ice-flavor\/","url":"https:\/\/vapemaison.com\/product\/rechargeable-vape-vozol-rave-40000-puffs-blueberry-ice-flavor\/","name":"VOZOL RAVE 40000 Puffs | LED displej s p\u0159\u00edchut\u00ed bor\u016fvky a melounu | VOZOL Vapes","isPartOf":{"@id":"https:\/\/vapemaison.com\/#website"},"primaryImageOfPage":{"@id":"https:\/\/vapemaison.com\/product\/rechargeable-vape-vozol-rave-40000-puffs-blueberry-ice-flavor\/#primaryimage"},"image":{"@id":"https:\/\/vapemaison.com\/product\/rechargeable-vape-vozol-rave-40000-puffs-blueberry-ice-flavor\/#primaryimage"},"thumbnailUrl":"https:\/\/vapemaison.com\/wp-content\/uploads\/2025\/12\/vozol-rave-40000-Blueberry-Ice-2-768x768-1.webp","datePublished":"2025-12-15T07:51:39+00:00","dateModified":"2026-01-09T08:58:38+00:00","description":"Vyzkou\u0161ejte exotick\u00fd bor\u016fvkov\u00fd meloun VOZOL RAVE 40000 Puffs Vape na jedno pou\u017eit\u00ed. Obsahuje masivn\u00ed 20ml p\u0159edpln\u011bn\u00fd tank a revolu\u010dn\u00ed 270\u00b0 LED sv\u011btlo sn\u00edmaj\u00edc\u00ed \u00fadery pro z\u00e1\u0159iv\u00fd vzhled. \u010cek\u00e1 v\u00e1s dokonal\u00e1 sm\u011bs sladk\u00fdch bor\u016fvek a \u0161\u0165avnat\u00e9ho vodn\u00edho melounu. Po\u0159i\u010fte si tento pr\u00e9miov\u00fd dob\u00edjec\u00ed vape je\u0161t\u011b dnes pro maxim\u00e1ln\u00ed chu\u0165 a po\u017eitek.","breadcrumb":{"@id":"https:\/\/vapemaison.com\/product\/rechargeable-vape-vozol-rave-40000-puffs-blueberry-ice-flavor\/#breadcrumb"},"inLanguage":"cs","potentialAction":[{"@type":"ReadAction","target":["https:\/\/vapemaison.com\/product\/rechargeable-vape-vozol-rave-40000-puffs-blueberry-ice-flavor\/"]}]},{"@type":"ImageObject","inLanguage":"cs","@id":"https:\/\/vapemaison.com\/product\/rechargeable-vape-vozol-rave-40000-puffs-blueberry-ice-flavor\/#primaryimage","url":"https:\/\/vapemaison.com\/wp-content\/uploads\/2025\/12\/vozol-rave-40000-Blueberry-Ice-2-768x768-1.webp","contentUrl":"https:\/\/vapemaison.com\/wp-content\/uploads\/2025\/12\/vozol-rave-40000-Blueberry-Ice-2-768x768-1.webp","width":768,"height":768,"caption":"Vozol Rave Blueberry Ice 2 768x768 Disposable Vape Device"},{"@type":"BreadcrumbList","@id":"https:\/\/vapemaison.com\/product\/rechargeable-vape-vozol-rave-40000-puffs-blueberry-ice-flavor\/#breadcrumb","itemListElement":[{"@type":"ListItem","position":1,"name":"\u9996\u9875","item":"https:\/\/vapemaison.com\/"},{"@type":"ListItem","position":2,"name":"Shop","item":"https:\/\/vapemaison.com\/shop\/"},{"@type":"ListItem","position":3,"name":"Vozol","item":"https:\/\/vapemaison.com\/brand\/vozol\/"},{"@type":"ListItem","position":4,"name":"VOZOL RAVE 40000 Puffs | Blueberry Watermelon Flavor LED Display | VOZOL Vapes"}]},{"@type":"WebSite","@id":"https:\/\/vapemaison.com\/#website","url":"https:\/\/vapemaison.com\/","name":"VapeMaison","description":"Pr\u00e9miov\u00e1 vapingov\u00e1 za\u0159\u00edzen\u00ed a p\u0159\u00edslu\u0161enstv\u00ed","publisher":{"@id":"https:\/\/vapemaison.com\/#organization"},"potentialAction":[{"@type":"SearchAction","target":{"@type":"EntryPoint","urlTemplate":"https:\/\/vapemaison.com\/?s={search_term_string}"},"query-input":{"@type":"PropertyValueSpecification","valueRequired":true,"valueName":"search_term_string"}}],"inLanguage":"cs"},{"@type":"Organization","@id":"https:\/\/vapemaison.com\/#organization","name":"VapeMaison","url":"https:\/\/vapemaison.com\/","logo":{"@type":"ImageObject","inLanguage":"cs","@id":"https:\/\/vapemaison.com\/#\/schema\/logo\/image\/","url":"https:\/\/vapemaison.com\/wp-content\/uploads\/2026\/01\/cropped-vapemaison-logo-g-2026.webp","contentUrl":"https:\/\/vapemaison.com\/wp-content\/uploads\/2026\/01\/cropped-vapemaison-logo-g-2026.webp","width":350,"height":280,"caption":"VapeMaison"},"image":{"@id":"https:\/\/vapemaison.com\/#\/schema\/logo\/image\/"},"sameAs":["https:\/\/www.youtube.com\/@VapeMaison"]}]}},"tiered_pricing_type":"fixed","tiered_pricing_fixed_rules":{"30":"12.24","50":"11.63","100":"10.86","200":"9.98"},"tiered_pricing_product_settings":{"layout":"default","base_unit_name":{"singular":null,"plural":null},"default_variation":null},"tiered_pricing_minimum_quantity":10,"tiered_pricing_roles_data":[],"tiered_pricing_percentage_rules":[],"tiered_pricing_maximum_quantity":null,"tiered_pricing_quantity_step":"10","_links":{"self":[{"href":"https:\/\/vapemaison.com\/cs\/wp-json\/wp\/v2\/product\/18372","targetHints":{"allow":["GET"]}}],"collection":[{"href":"https:\/\/vapemaison.com\/cs\/wp-json\/wp\/v2\/product"}],"about":[{"href":"https:\/\/vapemaison.com\/cs\/wp-json\/wp\/v2\/types\/product"}],"replies":[{"embeddable":true,"href":"https:\/\/vapemaison.com\/cs\/wp-json\/wp\/v2\/comments?post=18372"}],"version-history":[{"count":0,"href":"https:\/\/vapemaison.com\/cs\/wp-json\/wp\/v2\/product\/18372\/revisions"}],"wp:featuredmedia":[{"embeddable":true,"href":"https:\/\/vapemaison.com\/cs\/wp-json\/wp\/v2\/media\/19283"}],"wp:attachment":[{"href":"https:\/\/vapemaison.com\/cs\/wp-json\/wp\/v2\/media?parent=18372"}],"wp:term":[{"taxonomy":"product_brand","embeddable":true,"href":"https:\/\/vapemaison.com\/cs\/wp-json\/wp\/v2\/product_brand?post=18372"},{"taxonomy":"product_cat","embeddable":true,"href":"https:\/\/vapemaison.com\/cs\/wp-json\/wp\/v2\/product_cat?post=18372"},{"taxonomy":"product_tag","embeddable":true,"href":"https:\/\/vapemaison.com\/cs\/wp-json\/wp\/v2\/product_tag?post=18372"}],"curies":[{"name":"wp","href":"https:\/\/api.w.org\/{rel}","templated":true}]}}