

{"id":18397,"date":"2025-12-15T07:51:46","date_gmt":"2025-12-15T07:51:46","guid":{"rendered":"https:\/\/vapemaison.com\/?post_type=product&#038;p=18397"},"modified":"2026-01-09T08:58:45","modified_gmt":"2026-01-09T08:58:45","slug":"vozol-rave-cool-mint-led-displej-40k-puffs-jednorazove-vape","status":"publish","type":"product","link":"https:\/\/vapemaison.com\/cs\/product\/vozol-rave-cool-mint-led-display-40k-puffs-disposable-vape\/","title":{"rendered":"Vape s p\u0159\u00edchut\u00ed chladiv\u00e9 m\u00e1ty | VOZOL RAVE 40000 Puffs Rechargeable Vape | VOZOL Vapes"},"content":{"rendered":"<h2 class=\"wp-block-heading\">VOZOL RAVE 40000 Puffs Cool Mint: Sv\u011b\u017eest, bezkonkuren\u010dn\u00ed v\u00fddr\u017e<\/h2>\n\n\n\n<p>Na str\u00e1nk\u00e1ch <strong>VOZOL RAVE 40000 Puffs Vape na jedno pou\u017eit\u00ed<\/strong> v Cool Mint je definitivn\u00ed volbou pro vapery, kte\u0159\u00ed up\u0159ednost\u0148uj\u00ed nefal\u0161ovan\u00fd, siln\u011b osv\u011b\u017euj\u00edc\u00ed mentolov\u00fd z\u00e1\u017eitek. S bezprecedentn\u00edm <strong>Kapacita 40000 obl\u00e1\u010dk\u016f<\/strong>, toto za\u0159\u00edzen\u00ed zajist\u00ed, \u017ee v\u00e1m \u010derstvost vydr\u017e\u00ed t\u00fddny, nikoli dny. Jeho elegantn\u00ed design zahrnuje dynamick\u00fd <strong>270\u00b0 sv\u011bteln\u00e1 show LED<\/strong>, \u010d\u00edm\u017e se tento <strong>Dob\u00edjec\u00ed vape<\/strong> a z\u00e1rove\u0148 se jedn\u00e1 o v\u00fdkonn\u00fd dlouhov\u011bk\u00fd a v\u00fdrazn\u00fd kousek.<\/p>\n\n\n\n<h4 class=\"wp-block-heading\">Chu\u0165ov\u00e9 hody: Objevte sv\u00e9 obl\u00edben\u00e9 chut\u011b: Objevte sv\u00e9 obl\u00edben\u00e9 chut\u011b.<\/h4>\n\n\n\n<h2 class=\"wp-block-heading\">Cool Mint: \u010cist\u00e1, sv\u011b\u017e\u00ed a osv\u011b\u017euj\u00edc\u00ed<\/h2>\n\n\n\n<p>Cool Mint je esenc\u00ed jednoduchosti a spokojenosti. Tato p\u0159\u00edchu\u0165 poskytuje <strong>p\u0159\u00edmo\u010dar\u00fd, ledov\u011b chladn\u00fd mentolov\u00fd v\u00fdbuch<\/strong> kter\u00fd se vzru\u0161uj\u00edc\u00ed silou ude\u0159\u00ed do zadn\u00ed \u010d\u00e1sti krku. Na pat\u0159e je neuv\u011b\u0159iteln\u011b \u010dist\u00e1 a s ka\u017ed\u00fdm \u0161lukem nab\u00edz\u00ed \u010dist\u00fd, povzbuzuj\u00edc\u00ed pocit. \u017d\u00e1dn\u00e1 sladkost, jen osv\u011b\u017euj\u00edc\u00ed arktick\u00e1 m\u00e1ta.<\/p>\n\n\n\n<ul class=\"wp-block-list\">\n<li>Blue Razz Ice<\/li>\n\n\n\n<li>Bor\u016fvkov\u00fd led<\/li>\n\n\n\n<li>Bor\u016fvkov\u00fd meloun<\/li>\n\n\n\n<li>T\u0159e\u0161\u0148ov\u00e1 jahoda<\/li>\n\n\n\n<li><strong>Cool Mint:<\/strong> Siln\u00fd, \u010dist\u00fd a ledov\u011b sv\u011b\u017e\u00ed z\u00e1van \u010dist\u00e9 m\u00e1ty a mentolu, kter\u00fd povzbud\u00ed v krku.<\/li>\n\n\n\n<li>Dvojit\u00e9 jablko<\/li>\n\n\n\n<li>Hroznov\u00fd led<\/li>\n\n\n\n<li>L\u00e1ska 777<\/li>\n\n\n\n<li>Mango Ice<\/li>\n\n\n\n<li>Mango Peach<\/li>\n\n\n\n<li>Broskvov\u00fd led<\/li>\n\n\n\n<li>Broskvovo-malinov\u00e1 limon\u00e1da<\/li>\n\n\n\n<li>Jahodov\u00e1 zmrzlina<\/li>\n\n\n\n<li>Jahodov\u00e9 kiwi<\/li>\n\n\n\n<li>Jahodov\u00e9 mango<\/li>\n\n\n\n<li>Jahodov\u00fd meloun<\/li>\n\n\n\n<li>Strawmelon Peach<\/li>\n\n\n\n<li>Melounov\u00e1 \u017ev\u00fdka\u010dka<\/li>\n\n\n\n<li>Melounov\u00fd led<\/li>\n\n\n\n<li>Meloun Razz Rancher<\/li>\n<\/ul>\n\n\n\n<h4 class=\"wp-block-heading\">Technick\u00e9 specifikace a hlavn\u00ed prvky designu<\/h4>\n\n\n\n<h2 class=\"wp-block-heading\">VOZOL RAVE 40000 Technick\u00e9 specifikace a inovace<\/h2>\n\n\n\n<p>VOZOL RAVE 40000 je vyroben s vyu\u017eit\u00edm nejmodern\u011bj\u0161\u00edch technologi\u00ed, kter\u00e9 zaru\u010duj\u00ed prvot\u0159\u00eddn\u00ed z\u00e1\u017eitek pro ka\u017ed\u00e9ho p\u00e1va.<\/p>\n\n\n\n<ul class=\"wp-block-list\">\n<li><strong>Max Puffs:<\/strong> P\u0159ibli\u017en\u011b. <strong>40000 Puffs<\/strong><\/li>\n\n\n\n<li><strong>Kapacita e-liquidu:<\/strong> 20 ml<\/li>\n\n\n\n<li><strong>Baterie:<\/strong> 1000 mAh <strong>Dob\u00edjec\u00ed<\/strong><\/li>\n\n\n\n<li><strong>S\u00edla nikotinu:<\/strong> 5% (50 mg\/ml) Soln\u00fd nikotin<\/li>\n\n\n\n<li><strong>Syst\u00e9m c\u00edvek:<\/strong> <strong>Dvojit\u00e1 s\u00ed\u0165ov\u00e1 c\u00edvka<\/strong> se spole\u010dnost\u00ed S.i.L.C. Tech<\/li>\n\n\n\n<li><strong>Nab\u00edjen\u00ed:<\/strong> Port USB typu C (rychl\u00e9 nab\u00edjen\u00ed)<\/li>\n\n\n\n<li><strong>Speci\u00e1ln\u00ed funkce:<\/strong> <strong>270\u00b0 displej LED se sn\u00edm\u00e1n\u00edm rytmu<\/strong><\/li>\n\n\n\n<li><strong>Aktivace:<\/strong> Kreslen\u00ed aktivovan\u00e9<\/li>\n<\/ul>\n\n\n\n<p>Je speci\u00e1ln\u011b navr\u017een tak, aby zvl\u00e1dal ostr\u00e9 a intenzivn\u00ed chut\u011b. <strong>Dvojit\u00e1 s\u00ed\u0165ov\u00e1 c\u00edvka<\/strong> v k\u00e1vovaru VOZOL RAVE 40000 zaji\u0161\u0165uje bezchybn\u00e9 a siln\u00e9 pod\u00e1n\u00ed chuti Cool Mint, d\u00edky \u010demu\u017e z\u016fst\u00e1v\u00e1 ledov\u00fd n\u00e1boj siln\u00fd a konzistentn\u00ed po cel\u00e9 d\u00e9lce k\u00e1vovaru. <strong>40000 puff<\/strong> \u017eivotnost.<\/p>\n\n\n\n<h4 class=\"wp-block-heading\">D\u016fvody pro koupi nyn\u00ed<\/h4>\n\n\n\n<h2 class=\"wp-block-heading\">Upozorn\u011bn\u00ed na omezen\u00e9 z\u00e1soby: Vezm\u011bte si sv\u016fj Cool Mint VOZOL RAVE!<\/h2>\n\n\n\n<p>Jako jeden z p\u0159edn\u00edch <strong>VOZOL vapes<\/strong> a nejd\u00e9le trvaj\u00edc\u00ed <strong>40000 Puffs Vape na jedno pou\u017eit\u00ed<\/strong> ve sv\u00e9 t\u0159\u00edd\u011b, je VOZOL RAVE nezbytnost\u00ed. Z\u00e1kladn\u00ed p\u0159\u00edchu\u0165 Cool Mint se \u010dasto vyprod\u00e1 jako prvn\u00ed. <strong>Ne\u010dekejte na dopln\u011bn\u00ed z\u00e1sob - aktu\u00e1ln\u00ed z\u00e1soby jsou n\u00edzk\u00e9!<\/strong><\/p>\n\n\n\n<p><strong>Jednejte rychle:<\/strong> Zajist\u011bte si VOZOL RAVE 40000 nyn\u00ed a za\u017eijte vrchol \u010distoty, s\u00edly a v\u00fdkonu. <strong>Objednejte si tento dokonal\u00fd dob\u00edjec\u00ed vape pro nep\u0159etr\u017eit\u00fd z\u00e1van sv\u011b\u017eesti je\u0161t\u011b dnes!<\/strong><\/p>","protected":false},"excerpt":{"rendered":"<p>VOZOL RAVE 40000 Puffs Cool Mint: Pure Freshness, Unbeatable Duration The VOZOL RAVE 40000 Puffs Disposable Vape in Cool Mint is the definitive choice for vapers who prioritize an unadulterated, powerfully refreshing menthol experience. With an unprecedented 40000 puff capacity, this device ensures your freshness lasts for weeks, not days. Its sleek design incorporates the [&hellip;]<\/p>\n","protected":false},"featured_media":19288,"comment_status":"open","ping_status":"closed","template":"","meta":[],"product_brand":[178],"product_cat":[135],"product_tag":[],"class_list":{"0":"post-18397","1":"product","2":"type-product","3":"status-publish","4":"has-post-thumbnail","6":"product_brand-vozol","7":"product_cat-40k-puffs","9":"first","10":"instock","11":"sale","12":"featured","13":"shipping-taxable","14":"purchasable","15":"product-type-variable"},"yoast_head":"<!-- This site is optimized with the Yoast SEO plugin v27.4 - https:\/\/yoast.com\/product\/yoast-seo-wordpress\/ -->\n<title>40k Puffs | VOZOL RAVE Cool Mint LED Display<\/title>\n<meta name=\"description\" content=\"Experience the ultimate freshness with the Cool Mint VOZOL RAVE 40000. This 40000 Puffs Disposable Vape is pure, crisp, and clean. Featuring a 20ml capacity, 1000mAh battery, and the distinctive 270\u00b0 Beat-Sensing LED Display. Perfect for menthol lovers seeking extreme longevity. Get your VOZOL RAVE for a refreshing, long-lasting vape today.\" \/>\n<meta name=\"robots\" content=\"index, follow, max-snippet:-1, max-image-preview:large, max-video-preview:-1\" \/>\n<link rel=\"canonical\" href=\"https:\/\/vapemaison.com\/cs\/produkt\/vozol-rave-cool-mint-led-displej-40k-puffs-jednorazove-vape\/\" \/>\n<meta property=\"og:locale\" content=\"cs_CZ\" \/>\n<meta property=\"og:type\" content=\"article\" \/>\n<meta property=\"og:title\" content=\"40k Puffs | VOZOL RAVE Cool Mint LED Display\" \/>\n<meta property=\"og:description\" content=\"Experience the ultimate freshness with the Cool Mint VOZOL RAVE 40000. This 40000 Puffs Disposable Vape is pure, crisp, and clean. Featuring a 20ml capacity, 1000mAh battery, and the distinctive 270\u00b0 Beat-Sensing LED Display. Perfect for menthol lovers seeking extreme longevity. Get your VOZOL RAVE for a refreshing, long-lasting vape today.\" \/>\n<meta property=\"og:url\" content=\"https:\/\/vapemaison.com\/cs\/produkt\/vozol-rave-cool-mint-led-displej-40k-puffs-jednorazove-vape\/\" \/>\n<meta property=\"og:site_name\" content=\"VapeMaison\" \/>\n<meta property=\"article:modified_time\" content=\"2026-01-09T08:58:45+00:00\" \/>\n<meta property=\"og:image\" content=\"https:\/\/vapemaison.com\/wp-content\/uploads\/2025\/12\/vozol-rave-40000-cool-mint-3-768x768-1.webp\" \/>\n\t<meta property=\"og:image:width\" content=\"768\" \/>\n\t<meta property=\"og:image:height\" content=\"768\" \/>\n\t<meta property=\"og:image:type\" content=\"image\/webp\" \/>\n<meta name=\"twitter:card\" content=\"summary_large_image\" \/>\n<meta name=\"twitter:label1\" content=\"Odhadovan\u00e1 doba \u010dten\u00ed\" \/>\n\t<meta name=\"twitter:data1\" content=\"2 minuty\" \/>\n<!-- \/ Yoast SEO plugin. -->","yoast_head_json":{"title":"40k Puffs | VOZOL RAVE Cool Mint LED displej","description":"Za\u017eijte maxim\u00e1ln\u00ed sv\u011b\u017eest s chladivou m\u00e1tou VOZOL RAVE 40000. Tento jednor\u00e1zov\u00fd vape na 40000 \u0161luk\u016f je \u010dist\u00fd, sv\u011b\u017e\u00ed a sv\u011b\u017e\u00ed. Disponuje kapacitou 20 ml, bateri\u00ed o kapacit\u011b 1000 mAh a charakteristick\u00fdm LED displejem s \u00fahlem sn\u00edm\u00e1n\u00ed \u00fader\u016f 270\u00b0. Ide\u00e1ln\u00ed pro milovn\u00edky mentolu, kte\u0159\u00ed hledaj\u00ed extr\u00e9mn\u00ed v\u00fddr\u017e. Po\u0159i\u010fte si VOZOL RAVE pro osv\u011b\u017euj\u00edc\u00ed a dlouhotrvaj\u00edc\u00ed vape je\u0161t\u011b dnes.","robots":{"index":"index","follow":"follow","max-snippet":"max-snippet:-1","max-image-preview":"max-image-preview:large","max-video-preview":"max-video-preview:-1"},"canonical":"https:\/\/vapemaison.com\/cs\/produkt\/vozol-rave-cool-mint-led-displej-40k-puffs-jednorazove-vape\/","og_locale":"cs_CZ","og_type":"article","og_title":"40k Puffs | VOZOL RAVE Cool Mint LED Display","og_description":"Experience the ultimate freshness with the Cool Mint VOZOL RAVE 40000. This 40000 Puffs Disposable Vape is pure, crisp, and clean. Featuring a 20ml capacity, 1000mAh battery, and the distinctive 270\u00b0 Beat-Sensing LED Display. Perfect for menthol lovers seeking extreme longevity. Get your VOZOL RAVE for a refreshing, long-lasting vape today.","og_url":"https:\/\/vapemaison.com\/cs\/produkt\/vozol-rave-cool-mint-led-displej-40k-puffs-jednorazove-vape\/","og_site_name":"VapeMaison","article_modified_time":"2026-01-09T08:58:45+00:00","og_image":[{"width":768,"height":768,"url":"https:\/\/vapemaison.com\/wp-content\/uploads\/2025\/12\/vozol-rave-40000-cool-mint-3-768x768-1.webp","type":"image\/webp"}],"twitter_card":"summary_large_image","twitter_misc":{"Odhadovan\u00e1 doba \u010dten\u00ed":"2 minuty"},"schema":{"@context":"https:\/\/schema.org","@graph":[{"@type":"WebPage","@id":"https:\/\/vapemaison.com\/product\/vozol-rave-cool-mint-led-display-40k-puffs-disposable-vape\/","url":"https:\/\/vapemaison.com\/product\/vozol-rave-cool-mint-led-display-40k-puffs-disposable-vape\/","name":"40k Puffs | VOZOL RAVE Cool Mint LED displej","isPartOf":{"@id":"https:\/\/vapemaison.com\/#website"},"primaryImageOfPage":{"@id":"https:\/\/vapemaison.com\/product\/vozol-rave-cool-mint-led-display-40k-puffs-disposable-vape\/#primaryimage"},"image":{"@id":"https:\/\/vapemaison.com\/product\/vozol-rave-cool-mint-led-display-40k-puffs-disposable-vape\/#primaryimage"},"thumbnailUrl":"https:\/\/vapemaison.com\/wp-content\/uploads\/2025\/12\/vozol-rave-40000-cool-mint-3-768x768-1.webp","datePublished":"2025-12-15T07:51:46+00:00","dateModified":"2026-01-09T08:58:45+00:00","description":"Za\u017eijte maxim\u00e1ln\u00ed sv\u011b\u017eest s chladivou m\u00e1tou VOZOL RAVE 40000. Tento jednor\u00e1zov\u00fd vape na 40000 \u0161luk\u016f je \u010dist\u00fd, sv\u011b\u017e\u00ed a sv\u011b\u017e\u00ed. Disponuje kapacitou 20 ml, bateri\u00ed o kapacit\u011b 1000 mAh a charakteristick\u00fdm LED displejem s \u00fahlem sn\u00edm\u00e1n\u00ed \u00fader\u016f 270\u00b0. Ide\u00e1ln\u00ed pro milovn\u00edky mentolu, kte\u0159\u00ed hledaj\u00ed extr\u00e9mn\u00ed v\u00fddr\u017e. Po\u0159i\u010fte si VOZOL RAVE pro osv\u011b\u017euj\u00edc\u00ed a dlouhotrvaj\u00edc\u00ed vape je\u0161t\u011b dnes.","breadcrumb":{"@id":"https:\/\/vapemaison.com\/product\/vozol-rave-cool-mint-led-display-40k-puffs-disposable-vape\/#breadcrumb"},"inLanguage":"cs","potentialAction":[{"@type":"ReadAction","target":["https:\/\/vapemaison.com\/product\/vozol-rave-cool-mint-led-display-40k-puffs-disposable-vape\/"]}]},{"@type":"ImageObject","inLanguage":"cs","@id":"https:\/\/vapemaison.com\/product\/vozol-rave-cool-mint-led-display-40k-puffs-disposable-vape\/#primaryimage","url":"https:\/\/vapemaison.com\/wp-content\/uploads\/2025\/12\/vozol-rave-40000-cool-mint-3-768x768-1.webp","contentUrl":"https:\/\/vapemaison.com\/wp-content\/uploads\/2025\/12\/vozol-rave-40000-cool-mint-3-768x768-1.webp","width":768,"height":768,"caption":"Vozol Rave Cool Mint 3 768x768 Disposable Vape Device"},{"@type":"BreadcrumbList","@id":"https:\/\/vapemaison.com\/product\/vozol-rave-cool-mint-led-display-40k-puffs-disposable-vape\/#breadcrumb","itemListElement":[{"@type":"ListItem","position":1,"name":"\u9996\u9875","item":"https:\/\/vapemaison.com\/"},{"@type":"ListItem","position":2,"name":"Shop","item":"https:\/\/vapemaison.com\/shop\/"},{"@type":"ListItem","position":3,"name":"Vozol","item":"https:\/\/vapemaison.com\/brand\/vozol\/"},{"@type":"ListItem","position":4,"name":"Cool Mint Flavor Vape | VOZOL RAVE 40000 Puffs Rechargeable Vape | VOZOL Vapes"}]},{"@type":"WebSite","@id":"https:\/\/vapemaison.com\/#website","url":"https:\/\/vapemaison.com\/","name":"VapeMaison","description":"Pr\u00e9miov\u00e1 vapingov\u00e1 za\u0159\u00edzen\u00ed a p\u0159\u00edslu\u0161enstv\u00ed","publisher":{"@id":"https:\/\/vapemaison.com\/#organization"},"potentialAction":[{"@type":"SearchAction","target":{"@type":"EntryPoint","urlTemplate":"https:\/\/vapemaison.com\/?s={search_term_string}"},"query-input":{"@type":"PropertyValueSpecification","valueRequired":true,"valueName":"search_term_string"}}],"inLanguage":"cs"},{"@type":"Organization","@id":"https:\/\/vapemaison.com\/#organization","name":"VapeMaison","url":"https:\/\/vapemaison.com\/","logo":{"@type":"ImageObject","inLanguage":"cs","@id":"https:\/\/vapemaison.com\/#\/schema\/logo\/image\/","url":"https:\/\/vapemaison.com\/wp-content\/uploads\/2026\/01\/cropped-vapemaison-logo-g-2026.webp","contentUrl":"https:\/\/vapemaison.com\/wp-content\/uploads\/2026\/01\/cropped-vapemaison-logo-g-2026.webp","width":350,"height":280,"caption":"VapeMaison"},"image":{"@id":"https:\/\/vapemaison.com\/#\/schema\/logo\/image\/"},"sameAs":["https:\/\/www.youtube.com\/@VapeMaison"]}]}},"tiered_pricing_type":"fixed","tiered_pricing_fixed_rules":{"30":"12.24","50":"11.63","100":"10.86","200":"9.98"},"tiered_pricing_product_settings":{"layout":"default","base_unit_name":{"singular":null,"plural":null},"default_variation":null},"tiered_pricing_minimum_quantity":10,"tiered_pricing_roles_data":[],"tiered_pricing_percentage_rules":[],"tiered_pricing_maximum_quantity":null,"tiered_pricing_quantity_step":"10","_links":{"self":[{"href":"https:\/\/vapemaison.com\/cs\/wp-json\/wp\/v2\/product\/18397","targetHints":{"allow":["GET"]}}],"collection":[{"href":"https:\/\/vapemaison.com\/cs\/wp-json\/wp\/v2\/product"}],"about":[{"href":"https:\/\/vapemaison.com\/cs\/wp-json\/wp\/v2\/types\/product"}],"replies":[{"embeddable":true,"href":"https:\/\/vapemaison.com\/cs\/wp-json\/wp\/v2\/comments?post=18397"}],"version-history":[{"count":0,"href":"https:\/\/vapemaison.com\/cs\/wp-json\/wp\/v2\/product\/18397\/revisions"}],"wp:featuredmedia":[{"embeddable":true,"href":"https:\/\/vapemaison.com\/cs\/wp-json\/wp\/v2\/media\/19288"}],"wp:attachment":[{"href":"https:\/\/vapemaison.com\/cs\/wp-json\/wp\/v2\/media?parent=18397"}],"wp:term":[{"taxonomy":"product_brand","embeddable":true,"href":"https:\/\/vapemaison.com\/cs\/wp-json\/wp\/v2\/product_brand?post=18397"},{"taxonomy":"product_cat","embeddable":true,"href":"https:\/\/vapemaison.com\/cs\/wp-json\/wp\/v2\/product_cat?post=18397"},{"taxonomy":"product_tag","embeddable":true,"href":"https:\/\/vapemaison.com\/cs\/wp-json\/wp\/v2\/product_tag?post=18397"}],"curies":[{"name":"wp","href":"https:\/\/api.w.org\/{rel}","templated":true}]}}