

{"id":18422,"date":"2025-12-15T07:51:49","date_gmt":"2025-12-15T07:51:49","guid":{"rendered":"https:\/\/vapemaison.com\/?post_type=product&#038;p=18422"},"modified":"2025-12-20T09:17:38","modified_gmt":"2025-12-20T09:17:38","slug":"vozol-rave-cherry-strawberry-led-displej-40k-puffs-jednorazove-vape","status":"publish","type":"product","link":"https:\/\/vapemaison.com\/cs\/product\/vozol-rave-cherry-strawberry-led-display-40k-puffs-disposable-vape\/","title":{"rendered":"VOZOL RAVE Cherry Strawberry LED displej | 40k Puffs Vape na jedno pou\u017eit\u00ed"},"content":{"rendered":"<p>Na str\u00e1nk\u00e1ch <strong>VOZOL RAVE 40000 Puffs Vape na jedno pou\u017eit\u00ed<\/strong> v Blue Razz Ice p\u0159in\u00e1\u0161\u00ed vzru\u0161uj\u00edc\u00ed kombinaci sladk\u00e9ho, trpk\u00e9ho a ledov\u00e9ho osv\u011b\u017een\u00ed. Tento p\u0159\u00edstroj, navr\u017een\u00fd pro v\u00fdkon a z\u00e1bavu, se m\u016f\u017ee pochlubit neb\u00fdval\u00fdm v\u00fdkonem. <strong>40000 po\u010det obl\u00e1\u010dk\u016f<\/strong> a je VOZOL RAVE 40000 Puffs Cherry Strawberry: Dvakr\u00e1t v\u011bt\u0161\u00ed pot\u011b\u0161en\u00ed<\/p>\n\n\n\n<p>Na str\u00e1nk\u00e1ch <strong>VOZOL RAVE 40000 Puffs Vape na jedno pou\u017eit\u00ed<\/strong> ve variant\u011b Cherry Strawberry nab\u00edz\u00ed hlubok\u00fd, po\u017eitk\u00e1\u0159sk\u00fd chu\u0165ov\u00fd profil pro milovn\u00edky \u010derven\u00fdch ovocn\u00fdch sm\u011bs\u00ed. Tento v\u00fdjime\u010dn\u00fd p\u0159\u00edstroj p\u0159in\u00e1\u0161\u00ed nejen lahodnou chu\u0165, ale tak\u00e9 vynikaj\u00edc\u00ed <strong>40000 po\u010det obl\u00e1\u010dk\u016f<\/strong> a v\u00fdrazn\u00fd, z\u00e1bavn\u00fd design s motivem <strong>270\u00b0 LED displej pro p\u00e1rty<\/strong>. Je to perfektn\u00ed <strong>Dob\u00edjec\u00ed vape<\/strong> \u0159e\u0161en\u00ed pro dlouhodob\u00e9 pou\u017e\u00edv\u00e1n\u00ed bez kompromis\u016f v intenzit\u011b chuti nebo vizu\u00e1ln\u00ed p\u0159ita\u017elivosti.<\/p>\n\n\n\n<h4 class=\"wp-block-heading\">Chu\u0165ov\u00e9 hody: Objevte sv\u00e9 obl\u00edben\u00e9 chut\u011b: Objevte sv\u00e9 obl\u00edben\u00e9 chut\u011b.<\/h4>\n\n\n\n<h2 class=\"wp-block-heading\">T\u0159e\u0161\u0148ov\u00e9 jahody: Klasick\u00e9 sladk\u00e9 p\u00e1rov\u00e1n\u00ed<\/h2>\n\n\n\n<p>Cherry Strawberry je bohat\u00e9 a uspokojiv\u00e9 spojen\u00ed, kde se <strong>hlubok\u00fd, m\u00edrn\u011b kysel\u00fd t\u00f3n zral\u00fdch t\u0159e\u0161n\u00ed<\/strong> je v souladu s <strong>jasn\u00e1, sladk\u00e1 chu\u0165 \u010derstv\u00fdch zahradn\u00edch jahod<\/strong>. V\u00fdsledn\u00e1 chu\u0165 je komplexn\u00ed, ale p\u0159esto zn\u00e1m\u00e1 a nab\u00edz\u00ed sladk\u00fd a p\u0159\u00edjemn\u00fd z\u00e1\u017eitek z celodenn\u00edho vapov\u00e1n\u00ed.<\/p>\n\n\n\n<ul class=\"wp-block-list\">\n<li>Blue Razz Ice<\/li>\n\n\n\n<li>Bor\u016fvkov\u00fd led<\/li>\n\n\n\n<li>Bor\u016fvkov\u00fd meloun<\/li>\n\n\n\n<li><strong>T\u0159e\u0161\u0148ov\u00e9 jahody:<\/strong> Odv\u00e1\u017en\u00e1 a sladk\u00e1 sm\u011bs, v n\u00ed\u017e v\u00fdrazn\u00e1 chu\u0165 t\u0159e\u0161n\u00ed dopl\u0148uje klasickou sladkost jahod.<\/li>\n\n\n\n<li>Cool Mint<\/li>\n\n\n\n<li>Dvojit\u00e9 jablko<\/li>\n\n\n\n<li>Hroznov\u00fd led<\/li>\n\n\n\n<li>L\u00e1ska 777<\/li>\n\n\n\n<li>Mango Ice<\/li>\n\n\n\n<li>Mango Peach<\/li>\n\n\n\n<li>Broskvov\u00fd led<\/li>\n\n\n\n<li>Broskvovo-malinov\u00e1 limon\u00e1da<\/li>\n\n\n\n<li>Jahodov\u00e1 zmrzlina<\/li>\n\n\n\n<li>Jahodov\u00e9 kiwi<\/li>\n\n\n\n<li>Jahodov\u00e9 mango<\/li>\n\n\n\n<li>Jahodov\u00fd meloun<\/li>\n\n\n\n<li>Strawmelon Peach<\/li>\n\n\n\n<li>Melounov\u00e1 \u017ev\u00fdka\u010dka<\/li>\n\n\n\n<li>Melounov\u00fd led<\/li>\n\n\n\n<li>Meloun Razz Rancher<\/li>\n<\/ul>\n\n\n\n<h4 class=\"wp-block-heading\">Technick\u00e9 specifikace a hlavn\u00ed prvky designu<\/h4>\n\n\n\n<h2 class=\"wp-block-heading\">VOZOL RAVE 40000 Technick\u00e9 specifikace a inovace<\/h2>\n\n\n\n<p>VOZOL RAVE 40000 je vyroben s vyu\u017eit\u00edm nejmodern\u011bj\u0161\u00edch technologi\u00ed, kter\u00e9 zaru\u010duj\u00ed prvot\u0159\u00eddn\u00ed z\u00e1\u017eitek pro ka\u017ed\u00e9ho p\u00e1va.<\/p>\n\n\n\n<ul class=\"wp-block-list\">\n<li><strong>Max Puffs:<\/strong> P\u0159ibli\u017en\u011b. <strong>40000 Puffs<\/strong><\/li>\n\n\n\n<li><strong>Kapacita e-liquidu:<\/strong> 20 ml<\/li>\n\n\n\n<li><strong>Baterie:<\/strong> 1000 mAh <strong>Dob\u00edjec\u00ed<\/strong><\/li>\n\n\n\n<li><strong>S\u00edla nikotinu:<\/strong> 5% (50 mg\/ml) Soln\u00fd nikotin<\/li>\n\n\n\n<li><strong>Syst\u00e9m c\u00edvek:<\/strong> <strong>Dvojit\u00e1 s\u00ed\u0165ov\u00e1 c\u00edvka<\/strong> se spole\u010dnost\u00ed S.i.L.C. Tech<\/li>\n\n\n\n<li><strong>Nab\u00edjen\u00ed:<\/strong> Port USB typu C (rychl\u00e9 nab\u00edjen\u00ed)<\/li>\n\n\n\n<li><strong>Speci\u00e1ln\u00ed funkce:<\/strong> <strong>270\u00b0 displej LED se sn\u00edm\u00e1n\u00edm rytmu<\/strong><\/li>\n\n\n\n<li><strong>Aktivace:<\/strong> Kreslen\u00ed aktivovan\u00e9<\/li>\n<\/ul>\n\n\n\n<p>V\u00fdkonn\u00fd <strong>Dvojit\u00e1 s\u00ed\u0165ov\u00e1 c\u00edvka<\/strong> uvnit\u0159 VOZOL RAVE 40000 si zku\u0161en\u011b porad\u00ed s bohatou sm\u011bs\u00ed Cherry Strawberry a dod\u00e1 hlubok\u00e9 ovocn\u00e9 t\u00f3ny s maxim\u00e1ln\u00ed h\u0159ejivost\u00ed a hustotou mraku, aby bylo pota\u017een\u00ed v\u017edy skute\u010dn\u011b uspokojiv\u00e9.<\/p>\n\n\n\n<h4 class=\"wp-block-heading\">D. \ud83d\uded2 D\u016fvody ke koupi nyn\u00ed<\/h4>\n\n\n\n<h2 class=\"wp-block-heading\">Upozorn\u011bn\u00ed na omezen\u00e9 skladov\u00e9 z\u00e1soby: Vezm\u011bte si sv\u016fj t\u0159e\u0161\u0148ov\u00fd jahodov\u00fd VOZOL RAVE!<\/h2>\n\n\n\n<p>VOZOL RAVE 40000 se rychle st\u00e1v\u00e1 m\u011b\u0159\u00edtkem pro <strong>40000 Puffs Vape na jedno pou\u017eit\u00ed<\/strong> za\u0159\u00edzen\u00ed po cel\u00e9m sv\u011bt\u011b, cen\u011bn\u00e1 pro svou dlouhou \u017eivotnost a v\u00fdkon. O lahodnou p\u0159\u00edchu\u0165 Cherry Strawberry je v\u017edy velk\u00fd z\u00e1jem. <strong>M\u00e1me omezen\u00fd po\u010det zb\u00fdvaj\u00edc\u00edch kus\u016f!<\/strong><\/p>\n\n\n\n<p><strong>Jednejte rychle:<\/strong> Zajist\u011bte si VOZOL RAVE 40000 nyn\u00ed a vychutnejte si prvot\u0159\u00eddn\u00ed, nep\u0159eru\u0161ovan\u00fd vaping podpo\u0159en\u00fd velkolepou sv\u011btelnou show. <strong>Objednejte si tento \u00fa\u017easn\u00fd VOZOL vape, ne\u017e se vyprod\u00e1!<\/strong><\/p>\n\n\n\n<p><\/p>","protected":false},"excerpt":{"rendered":"<p>The VOZOL RAVE 40000 Puffs Disposable Vape in Blue Razz Ice delivers an exhilarating combination of sweet, tart, and icy refreshment. Engineered for performance and fun, this device boasts an unprecedented 40000 puff count and is VOZOL RAVE 40000 Puffs Cherry Strawberry: Double the Delight The VOZOL RAVE 40000 Puffs Disposable Vape in Cherry Strawberry [&hellip;]<\/p>\n","protected":false},"featured_media":19296,"comment_status":"open","ping_status":"closed","template":"","meta":[],"product_brand":[178],"product_cat":[135],"product_tag":[],"class_list":{"0":"post-18422","1":"product","2":"type-product","3":"status-publish","4":"has-post-thumbnail","6":"product_brand-vozol","7":"product_cat-40k-puffs","9":"first","10":"instock","11":"sale","12":"shipping-taxable","13":"purchasable","14":"product-type-variable"},"yoast_head":"<!-- This site is optimized with the Yoast SEO plugin v27.4 - https:\/\/yoast.com\/product\/yoast-seo-wordpress\/ -->\n<title>40k Puffs Disposable Vape | VOZOL RAVE Cherry Strawberry<\/title>\n<meta name=\"description\" content=\"Discover the luscious Cherry Strawberry VOZOL RAVE 40000, combining two sweet red fruits for an intense flavor. Enjoy 40000 Puffs, a massive 20ml capacity, and the thrilling 270\u00b0 Beat-Sensing LED Display. This is the ultimate VOZOL vapes experience. Order your long-lasting, flavor-rich device today!\" \/>\n<meta name=\"robots\" content=\"index, follow, max-snippet:-1, max-image-preview:large, max-video-preview:-1\" \/>\n<link rel=\"canonical\" href=\"https:\/\/vapemaison.com\/cs\/produkt\/vozol-rave-cherry-strawberry-led-displej-40k-puffs-jednorazove-vape\/\" \/>\n<meta property=\"og:locale\" content=\"cs_CZ\" \/>\n<meta property=\"og:type\" content=\"article\" \/>\n<meta property=\"og:title\" content=\"40k Puffs Disposable Vape | VOZOL RAVE Cherry Strawberry\" \/>\n<meta property=\"og:description\" content=\"Discover the luscious Cherry Strawberry VOZOL RAVE 40000, combining two sweet red fruits for an intense flavor. Enjoy 40000 Puffs, a massive 20ml capacity, and the thrilling 270\u00b0 Beat-Sensing LED Display. This is the ultimate VOZOL vapes experience. Order your long-lasting, flavor-rich device today!\" \/>\n<meta property=\"og:url\" content=\"https:\/\/vapemaison.com\/cs\/produkt\/vozol-rave-cherry-strawberry-led-displej-40k-puffs-jednorazove-vape\/\" \/>\n<meta property=\"og:site_name\" content=\"VapeMaison\" \/>\n<meta property=\"article:modified_time\" content=\"2025-12-20T09:17:38+00:00\" \/>\n<meta property=\"og:image\" content=\"https:\/\/vapemaison.com\/wp-content\/uploads\/2025\/12\/vozol-rave-40000-Peach-Ice-3-768x768-1.webp\" \/>\n\t<meta property=\"og:image:width\" content=\"768\" \/>\n\t<meta property=\"og:image:height\" content=\"768\" \/>\n\t<meta property=\"og:image:type\" content=\"image\/webp\" \/>\n<meta name=\"twitter:card\" content=\"summary_large_image\" \/>\n<meta name=\"twitter:label1\" content=\"Odhadovan\u00e1 doba \u010dten\u00ed\" \/>\n\t<meta name=\"twitter:data1\" content=\"3 minuty\" \/>\n<!-- \/ Yoast SEO plugin. -->","yoast_head_json":{"title":"40k Puffs na jedno pou\u017eit\u00ed | VOZOL RAVE Cherry Strawberry","description":"Objevte \u0161\u0165avnatou t\u0159e\u0161\u0148ovo-jahodovou VOZOL RAVE 40000, kter\u00e1 kombinuje dv\u011b sladk\u00e9 \u010derven\u00e9 plody a dod\u00e1v\u00e1 jim intenzivn\u00ed chu\u0165. Vychutnejte si 40000 \u0161luk\u016f, obrovskou kapacitu 20 ml a vzru\u0161uj\u00edc\u00ed 270\u00b0 LED displej s funkc\u00ed sn\u00edm\u00e1n\u00ed rytmu. Toto je dokonal\u00fd z\u00e1\u017eitek z vapov\u00e1n\u00ed VOZOL. Objednejte si sv\u00e9 za\u0159\u00edzen\u00ed s dlouhou v\u00fddr\u017e\u00ed a bohatou chut\u00ed je\u0161t\u011b dnes!","robots":{"index":"index","follow":"follow","max-snippet":"max-snippet:-1","max-image-preview":"max-image-preview:large","max-video-preview":"max-video-preview:-1"},"canonical":"https:\/\/vapemaison.com\/cs\/produkt\/vozol-rave-cherry-strawberry-led-displej-40k-puffs-jednorazove-vape\/","og_locale":"cs_CZ","og_type":"article","og_title":"40k Puffs Disposable Vape | VOZOL RAVE Cherry Strawberry","og_description":"Discover the luscious Cherry Strawberry VOZOL RAVE 40000, combining two sweet red fruits for an intense flavor. Enjoy 40000 Puffs, a massive 20ml capacity, and the thrilling 270\u00b0 Beat-Sensing LED Display. This is the ultimate VOZOL vapes experience. Order your long-lasting, flavor-rich device today!","og_url":"https:\/\/vapemaison.com\/cs\/produkt\/vozol-rave-cherry-strawberry-led-displej-40k-puffs-jednorazove-vape\/","og_site_name":"VapeMaison","article_modified_time":"2025-12-20T09:17:38+00:00","og_image":[{"width":768,"height":768,"url":"https:\/\/vapemaison.com\/wp-content\/uploads\/2025\/12\/vozol-rave-40000-Peach-Ice-3-768x768-1.webp","type":"image\/webp"}],"twitter_card":"summary_large_image","twitter_misc":{"Odhadovan\u00e1 doba \u010dten\u00ed":"3 minuty"},"schema":{"@context":"https:\/\/schema.org","@graph":[{"@type":"WebPage","@id":"https:\/\/vapemaison.com\/product\/vozol-rave-cherry-strawberry-led-display-40k-puffs-disposable-vape\/","url":"https:\/\/vapemaison.com\/product\/vozol-rave-cherry-strawberry-led-display-40k-puffs-disposable-vape\/","name":"40k Puffs na jedno pou\u017eit\u00ed | VOZOL RAVE Cherry Strawberry","isPartOf":{"@id":"https:\/\/vapemaison.com\/#website"},"primaryImageOfPage":{"@id":"https:\/\/vapemaison.com\/product\/vozol-rave-cherry-strawberry-led-display-40k-puffs-disposable-vape\/#primaryimage"},"image":{"@id":"https:\/\/vapemaison.com\/product\/vozol-rave-cherry-strawberry-led-display-40k-puffs-disposable-vape\/#primaryimage"},"thumbnailUrl":"https:\/\/vapemaison.com\/wp-content\/uploads\/2025\/12\/vozol-rave-40000-Peach-Ice-3-768x768-1.webp","datePublished":"2025-12-15T07:51:49+00:00","dateModified":"2025-12-20T09:17:38+00:00","description":"Objevte \u0161\u0165avnatou t\u0159e\u0161\u0148ovo-jahodovou VOZOL RAVE 40000, kter\u00e1 kombinuje dv\u011b sladk\u00e9 \u010derven\u00e9 plody a dod\u00e1v\u00e1 jim intenzivn\u00ed chu\u0165. Vychutnejte si 40000 \u0161luk\u016f, obrovskou kapacitu 20 ml a vzru\u0161uj\u00edc\u00ed 270\u00b0 LED displej s funkc\u00ed sn\u00edm\u00e1n\u00ed rytmu. Toto je dokonal\u00fd z\u00e1\u017eitek z vapov\u00e1n\u00ed VOZOL. Objednejte si sv\u00e9 za\u0159\u00edzen\u00ed s dlouhou v\u00fddr\u017e\u00ed a bohatou chut\u00ed je\u0161t\u011b dnes!","breadcrumb":{"@id":"https:\/\/vapemaison.com\/product\/vozol-rave-cherry-strawberry-led-display-40k-puffs-disposable-vape\/#breadcrumb"},"inLanguage":"cs","potentialAction":[{"@type":"ReadAction","target":["https:\/\/vapemaison.com\/product\/vozol-rave-cherry-strawberry-led-display-40k-puffs-disposable-vape\/"]}]},{"@type":"ImageObject","inLanguage":"cs","@id":"https:\/\/vapemaison.com\/product\/vozol-rave-cherry-strawberry-led-display-40k-puffs-disposable-vape\/#primaryimage","url":"https:\/\/vapemaison.com\/wp-content\/uploads\/2025\/12\/vozol-rave-40000-Peach-Ice-3-768x768-1.webp","contentUrl":"https:\/\/vapemaison.com\/wp-content\/uploads\/2025\/12\/vozol-rave-40000-Peach-Ice-3-768x768-1.webp","width":768,"height":768,"caption":"Vozol Rave Peach Ice 3 768x768 Disposable Vape Device"},{"@type":"BreadcrumbList","@id":"https:\/\/vapemaison.com\/product\/vozol-rave-cherry-strawberry-led-display-40k-puffs-disposable-vape\/#breadcrumb","itemListElement":[{"@type":"ListItem","position":1,"name":"\u9996\u9875","item":"https:\/\/vapemaison.com\/"},{"@type":"ListItem","position":2,"name":"Shop","item":"https:\/\/vapemaison.com\/shop\/"},{"@type":"ListItem","position":3,"name":"Vozol","item":"https:\/\/vapemaison.com\/brand\/vozol\/"},{"@type":"ListItem","position":4,"name":"VOZOL RAVE Cherry Strawberry LED Display | 40k Puffs Disposable Vape"}]},{"@type":"WebSite","@id":"https:\/\/vapemaison.com\/#website","url":"https:\/\/vapemaison.com\/","name":"VapeMaison","description":"Pr\u00e9miov\u00e1 vapingov\u00e1 za\u0159\u00edzen\u00ed a p\u0159\u00edslu\u0161enstv\u00ed","publisher":{"@id":"https:\/\/vapemaison.com\/#organization"},"potentialAction":[{"@type":"SearchAction","target":{"@type":"EntryPoint","urlTemplate":"https:\/\/vapemaison.com\/?s={search_term_string}"},"query-input":{"@type":"PropertyValueSpecification","valueRequired":true,"valueName":"search_term_string"}}],"inLanguage":"cs"},{"@type":"Organization","@id":"https:\/\/vapemaison.com\/#organization","name":"VapeMaison","url":"https:\/\/vapemaison.com\/","logo":{"@type":"ImageObject","inLanguage":"cs","@id":"https:\/\/vapemaison.com\/#\/schema\/logo\/image\/","url":"https:\/\/vapemaison.com\/wp-content\/uploads\/2026\/01\/cropped-vapemaison-logo-g-2026.webp","contentUrl":"https:\/\/vapemaison.com\/wp-content\/uploads\/2026\/01\/cropped-vapemaison-logo-g-2026.webp","width":350,"height":280,"caption":"VapeMaison"},"image":{"@id":"https:\/\/vapemaison.com\/#\/schema\/logo\/image\/"},"sameAs":["https:\/\/www.youtube.com\/@VapeMaison"]}]}},"tiered_pricing_type":"fixed","tiered_pricing_fixed_rules":{"30":"12.24","50":"11.63","100":"10.86","200":"9.98"},"tiered_pricing_product_settings":{"layout":"default","base_unit_name":{"singular":null,"plural":null},"default_variation":null},"tiered_pricing_minimum_quantity":10,"tiered_pricing_roles_data":[],"tiered_pricing_percentage_rules":[],"tiered_pricing_maximum_quantity":null,"tiered_pricing_quantity_step":"10","_links":{"self":[{"href":"https:\/\/vapemaison.com\/cs\/wp-json\/wp\/v2\/product\/18422","targetHints":{"allow":["GET"]}}],"collection":[{"href":"https:\/\/vapemaison.com\/cs\/wp-json\/wp\/v2\/product"}],"about":[{"href":"https:\/\/vapemaison.com\/cs\/wp-json\/wp\/v2\/types\/product"}],"replies":[{"embeddable":true,"href":"https:\/\/vapemaison.com\/cs\/wp-json\/wp\/v2\/comments?post=18422"}],"version-history":[{"count":0,"href":"https:\/\/vapemaison.com\/cs\/wp-json\/wp\/v2\/product\/18422\/revisions"}],"wp:featuredmedia":[{"embeddable":true,"href":"https:\/\/vapemaison.com\/cs\/wp-json\/wp\/v2\/media\/19296"}],"wp:attachment":[{"href":"https:\/\/vapemaison.com\/cs\/wp-json\/wp\/v2\/media?parent=18422"}],"wp:term":[{"taxonomy":"product_brand","embeddable":true,"href":"https:\/\/vapemaison.com\/cs\/wp-json\/wp\/v2\/product_brand?post=18422"},{"taxonomy":"product_cat","embeddable":true,"href":"https:\/\/vapemaison.com\/cs\/wp-json\/wp\/v2\/product_cat?post=18422"},{"taxonomy":"product_tag","embeddable":true,"href":"https:\/\/vapemaison.com\/cs\/wp-json\/wp\/v2\/product_tag?post=18422"}],"curies":[{"name":"wp","href":"https:\/\/api.w.org\/{rel}","templated":true}]}}