

{"id":18472,"date":"2025-12-15T07:51:55","date_gmt":"2025-12-15T07:51:55","guid":{"rendered":"https:\/\/vapemaison.com\/?post_type=product&#038;p=18472"},"modified":"2026-01-09T08:58:17","modified_gmt":"2026-01-09T08:58:17","slug":"vozol-rave-double-apple-led-displej-40k-puffs-jednorazove-vape","status":"publish","type":"product","link":"https:\/\/vapemaison.com\/cs\/product\/vozol-rave-double-apple-led-display-40k-puffs-disposable-vape\/","title":{"rendered":"Double Apple Vape | VOZOL RAVE 40000 Puffs LED Display | 40000 Puffs Disposable Vape"},"content":{"rendered":"<h2 class=\"wp-block-heading\">VVOZOL RAVE 40000 Puffs Double Apple: Nad\u010dasov\u00e1 klasika<\/h2>\n\n\n\n<p>Na str\u00e1nk\u00e1ch <strong>VOZOL RAVE 40000 Puffs Vape na jedno pou\u017eit\u00ed<\/strong> v Double Apple p\u0159in\u00e1\u0161\u00ed nad\u010dasov\u00fd, hluboce uspokojiv\u00fd ovocn\u00fd z\u00e1\u017eitek, kter\u00fd kombinuje t\u00f3ny \u010derven\u00fdch i zelen\u00fdch jablek. Tento model je navr\u017een pro v\u00fddr\u017e a nab\u00edz\u00ed neuv\u011b\u0159itelnou chu\u0165. <strong>40000 po\u010det obl\u00e1\u010dk\u016f<\/strong> nap\u00e1jen spolehlivou bateri\u00ed s kapacitou 1000 mAh. Unik\u00e1tn\u00ed <strong>270\u00b0 sv\u011bteln\u00e1 show LED<\/strong> dod\u00e1v\u00e1 t\u00e9to klasick\u00e9 p\u0159\u00edchuti modern\u00ed n\u00e1dech, tak\u017ee VOZOL RAVE je definitivn\u00ed dlouhotrvaj\u00edc\u00ed a vizu\u00e1ln\u011b dynamick\u00fd produkt. <strong>Dob\u00edjec\u00ed vape<\/strong> na trhu.<\/p>\n\n\n\n<h4 class=\"wp-block-heading\">Chu\u0165ov\u00e9 hody: Objevte sv\u00e9 obl\u00edben\u00e9 chut\u011b: Objevte sv\u00e9 obl\u00edben\u00e9 chut\u011b.<\/h4>\n\n\n\n<h2 class=\"wp-block-heading\">Dvojit\u00e9 jablko: Dokonal\u00e1 ovocn\u00e1 sm\u011bs<\/h2>\n\n\n\n<p>P\u0159\u00edchu\u0165 Double Apple je proslul\u00e1 svou komplexnost\u00ed, m\u00edch\u00e1 se v n\u00ed <strong>k\u0159upav\u00e9, lehce trpk\u00e9 t\u00f3ny zelen\u00e9ho jablka<\/strong> s <strong>sladk\u00e9, jemn\u00e9 t\u00f3ny \u010derven\u00e9ho jablka.<\/strong>. V\u00fdsledn\u00e1 chu\u0165 je pln\u00e1, aromatick\u00e1 a poskytuje dokonale vyv\u00e1\u017eenou, lehce zemitou ovocnou p\u0159\u00edchu\u0165, kter\u00e1 oslov\u00ed \u0161irokou \u0161k\u00e1lu vaper\u016f.<\/p>\n\n\n\n<ul class=\"wp-block-list\">\n<li>Blue Razz Ice<\/li>\n\n\n\n<li>Bor\u016fvkov\u00fd led<\/li>\n\n\n\n<li>Bor\u016fvkov\u00fd meloun<\/li>\n\n\n\n<li>T\u0159e\u0161\u0148ov\u00e1 jahoda<\/li>\n\n\n\n<li>Cool Mint<\/li>\n\n\n\n<li><strong>Dvojit\u00e9 jablko:<\/strong> Bohat\u00e1 a komplexn\u00ed sm\u011bs sladk\u00e9ho \u010derven\u00e9ho jablka a trpk\u00e9ho zelen\u00e9ho jablka, kter\u00e1 p\u0159in\u00e1\u0161\u00ed autentickou ovocnou esenci.<\/li>\n\n\n\n<li>Hroznov\u00fd led<\/li>\n\n\n\n<li>L\u00e1ska 777<\/li>\n\n\n\n<li>Mango Ice<\/li>\n\n\n\n<li>Mango Peach<\/li>\n\n\n\n<li>Broskvov\u00fd led<\/li>\n\n\n\n<li>Broskvovo-malinov\u00e1 limon\u00e1da<\/li>\n\n\n\n<li>Jahodov\u00e1 zmrzlina<\/li>\n\n\n\n<li>Jahodov\u00e9 kiwi<\/li>\n\n\n\n<li>Jahodov\u00e9 mango<\/li>\n\n\n\n<li>Jahodov\u00fd meloun<\/li>\n\n\n\n<li>Strawmelon Peach<\/li>\n\n\n\n<li>Melounov\u00e1 \u017ev\u00fdka\u010dka<\/li>\n\n\n\n<li>Melounov\u00fd led<\/li>\n\n\n\n<li>Meloun Razz Rancher<\/li>\n<\/ul>\n\n\n\n<h4 class=\"wp-block-heading\">Technick\u00e9 specifikace a hlavn\u00ed prvky designu<\/h4>\n\n\n\n<h2 class=\"wp-block-heading\">VOZOL RAVE 40000 Technick\u00e9 specifikace a inovace<\/h2>\n\n\n\n<p>VOZOL RAVE 40000 je vyroben s vyu\u017eit\u00edm nejmodern\u011bj\u0161\u00edch technologi\u00ed, kter\u00e9 zaru\u010duj\u00ed prvot\u0159\u00eddn\u00ed z\u00e1\u017eitek pro ka\u017ed\u00e9ho p\u00e1va.<\/p>\n\n\n\n<ul class=\"wp-block-list\">\n<li><strong>Max Puffs:<\/strong> P\u0159ibli\u017en\u011b. <strong>40000 Puffs<\/strong><\/li>\n\n\n\n<li><strong>Kapacita e-liquidu:<\/strong> 20 ml<\/li>\n\n\n\n<li><strong>Baterie:<\/strong> 1000 mAh <strong>Dob\u00edjec\u00ed<\/strong><\/li>\n\n\n\n<li><strong>S\u00edla nikotinu:<\/strong> 5% (50 mg\/ml) Soln\u00fd nikotin<\/li>\n\n\n\n<li><strong>Syst\u00e9m c\u00edvek:<\/strong> <strong>Dvojit\u00e1 s\u00ed\u0165ov\u00e1 c\u00edvka<\/strong> se spole\u010dnost\u00ed S.i.L.C. Tech<\/li>\n\n\n\n<li><strong>Nab\u00edjen\u00ed:<\/strong> Port USB typu C (rychl\u00e9 nab\u00edjen\u00ed)<\/li>\n\n\n\n<li><strong>Speci\u00e1ln\u00ed funkce:<\/strong> <strong>270\u00b0 displej LED se sn\u00edm\u00e1n\u00edm rytmu<\/strong><\/li>\n\n\n\n<li><strong>Aktivace:<\/strong> Kreslen\u00ed aktivovan\u00e9<\/li>\n<\/ul>\n\n\n\n<p>Specializovan\u00e9 <strong>Dvojit\u00e1 s\u00ed\u0165ov\u00e1 c\u00edvka<\/strong> technologie zaji\u0161\u0165uje, \u017ee jemn\u00e9 rozd\u00edly mezi ob\u011bma odr\u016fdami jablek jsou pln\u011b vyj\u00e1d\u0159eny, co\u017e d\u00e1v\u00e1 k\u00e1v\u011b VOZOL RAVE 40000 Double Apple hlubokou a konzistentn\u00ed chu\u0165ovou bohatost od prvn\u00edho a\u017e do posledn\u00edho potahu.<\/p>\n\n\n\n<h4 class=\"wp-block-heading\">D\u016fvody pro koupi nyn\u00ed<\/h4>\n\n\n\n<h2 class=\"wp-block-heading\">Upozorn\u011bn\u00ed na omezen\u00e9 z\u00e1soby: Vezm\u011bte si sv\u016fj dvojit\u00fd jable\u010dn\u00fd VOZOL RAVE!<\/h2>\n\n\n\n<p>VOZOL RAVE 40000 p\u0159in\u00e1\u0161\u00ed revoluci na trhu s jednor\u00e1zov\u00fdmi p\u0159\u00edstroji d\u00edky sv\u00e9 mimo\u0159\u00e1dn\u00e9 kvalit\u011b. <strong>40000 Puffs Vape na jedno pou\u017eit\u00ed<\/strong> po\u010det. Klasick\u00e1 p\u0159\u00edchu\u0165 Double Apple je celosv\u011btov\u011b obl\u00edben\u00e1. <strong>Tato p\u0159\u00edchu\u0165 se v sou\u010dasn\u00e9 dob\u011b rychle vyprod\u00e1v\u00e1!<\/strong><\/p>\n\n\n\n<p><strong>Jednejte rychle:<\/strong> Zajist\u011bte si sv\u016fj VOZOL RAVE 40000 nyn\u00ed a u\u017eijte si prvot\u0159\u00eddn\u00ed, nep\u0159eru\u0161ovan\u00fd vaping s vkusem. <strong>Nenechte si uj\u00edt tuto obl\u00edbenou vape VOZOL - objednejte si ji je\u0161t\u011b dnes!<\/strong><\/p>","protected":false},"excerpt":{"rendered":"<p>VVOZOL RAVE 40000 Puffs Double Apple: The Timeless Classic The VOZOL RAVE 40000 Puffs Disposable Vape in Double Apple delivers a timeless, deeply satisfying fruit experience, combining both red and green apple notes. Engineered for endurance, this model offers an unbelievable 40000 puff count powered by a reliable 1000mAh battery. The unique 270\u00b0 LED Light [&hellip;]<\/p>\n","protected":false},"featured_media":19290,"comment_status":"open","ping_status":"closed","template":"","meta":[],"product_brand":[178],"product_cat":[135],"product_tag":[],"class_list":{"0":"post-18472","1":"product","2":"type-product","3":"status-publish","4":"has-post-thumbnail","6":"product_brand-vozol","7":"product_cat-40k-puffs","9":"first","10":"instock","11":"sale","12":"featured","13":"shipping-taxable","14":"purchasable","15":"product-type-variable"},"yoast_head":"<!-- This site is optimized with the Yoast SEO plugin v27.4 - https:\/\/yoast.com\/product\/yoast-seo-wordpress\/ -->\n<title>Double Apple Vape | VOZOL RAVE 40000 Puffs LED Display | 40000 Puffs Disposable Vape<\/title>\n<meta name=\"description\" content=\"Savor the rich, aromatic Double Apple VOZOL RAVE 40000. A classic blend delivered with 40000 puffs, a 20ml e-liquid capacity, and the dazzling 270\u00b0 Beat-Sensing LED Light. This premium Rechargeable Vape ensures maximum flavor fidelity and longevity. Shop VOZOL vapes now for an unparalleled vaping journey!\" \/>\n<meta name=\"robots\" content=\"index, follow, max-snippet:-1, max-image-preview:large, max-video-preview:-1\" \/>\n<link rel=\"canonical\" href=\"https:\/\/vapemaison.com\/cs\/produkt\/vozol-rave-double-apple-led-displej-40k-puffs-jednorazove-vape\/\" \/>\n<meta property=\"og:locale\" content=\"cs_CZ\" \/>\n<meta property=\"og:type\" content=\"article\" \/>\n<meta property=\"og:title\" content=\"Double Apple Vape | VOZOL RAVE 40000 Puffs LED Display | 40000 Puffs Disposable Vape\" \/>\n<meta property=\"og:description\" content=\"Savor the rich, aromatic Double Apple VOZOL RAVE 40000. A classic blend delivered with 40000 puffs, a 20ml e-liquid capacity, and the dazzling 270\u00b0 Beat-Sensing LED Light. This premium Rechargeable Vape ensures maximum flavor fidelity and longevity. Shop VOZOL vapes now for an unparalleled vaping journey!\" \/>\n<meta property=\"og:url\" content=\"https:\/\/vapemaison.com\/cs\/produkt\/vozol-rave-double-apple-led-displej-40k-puffs-jednorazove-vape\/\" \/>\n<meta property=\"og:site_name\" content=\"VapeMaison\" \/>\n<meta property=\"article:modified_time\" content=\"2026-01-09T08:58:17+00:00\" \/>\n<meta property=\"og:image\" content=\"https:\/\/vapemaison.com\/wp-content\/uploads\/2025\/12\/vozol-rave-40000-Double-Apple-3.webp\" \/>\n\t<meta property=\"og:image:width\" content=\"1200\" \/>\n\t<meta property=\"og:image:height\" content=\"1200\" \/>\n\t<meta property=\"og:image:type\" content=\"image\/webp\" \/>\n<meta name=\"twitter:card\" content=\"summary_large_image\" \/>\n<meta name=\"twitter:label1\" content=\"Odhadovan\u00e1 doba \u010dten\u00ed\" \/>\n\t<meta name=\"twitter:data1\" content=\"2 minuty\" \/>\n<!-- \/ Yoast SEO plugin. -->","yoast_head_json":{"title":"Double Apple Vape | VOZOL RAVE 40000 Puffs LED Display | 40000 Puffs Disposable Vape","description":"Vychutnejte si bohat\u00fd, aromatick\u00fd Double Apple VOZOL RAVE 40000. Klasick\u00e1 sm\u011bs s 40000 potahy, kapacitou 20 ml e-liquidu a oslniv\u00fdm 270\u00b0 LED sv\u011btlem sn\u00edmaj\u00edc\u00edm tep. Tento pr\u00e9miov\u00fd dob\u00edjec\u00ed vape zaru\u010duje maxim\u00e1ln\u00ed v\u011brnost chuti a dlouhou \u017eivotnost. Nakupujte VOZOL vapes pr\u00e1v\u011b te\u010f a u\u017eijte si jedine\u010dnou cestu vapingu!","robots":{"index":"index","follow":"follow","max-snippet":"max-snippet:-1","max-image-preview":"max-image-preview:large","max-video-preview":"max-video-preview:-1"},"canonical":"https:\/\/vapemaison.com\/cs\/produkt\/vozol-rave-double-apple-led-displej-40k-puffs-jednorazove-vape\/","og_locale":"cs_CZ","og_type":"article","og_title":"Double Apple Vape | VOZOL RAVE 40000 Puffs LED Display | 40000 Puffs Disposable Vape","og_description":"Savor the rich, aromatic Double Apple VOZOL RAVE 40000. A classic blend delivered with 40000 puffs, a 20ml e-liquid capacity, and the dazzling 270\u00b0 Beat-Sensing LED Light. This premium Rechargeable Vape ensures maximum flavor fidelity and longevity. Shop VOZOL vapes now for an unparalleled vaping journey!","og_url":"https:\/\/vapemaison.com\/cs\/produkt\/vozol-rave-double-apple-led-displej-40k-puffs-jednorazove-vape\/","og_site_name":"VapeMaison","article_modified_time":"2026-01-09T08:58:17+00:00","og_image":[{"width":1200,"height":1200,"url":"https:\/\/vapemaison.com\/wp-content\/uploads\/2025\/12\/vozol-rave-40000-Double-Apple-3.webp","type":"image\/webp"}],"twitter_card":"summary_large_image","twitter_misc":{"Odhadovan\u00e1 doba \u010dten\u00ed":"2 minuty"},"schema":{"@context":"https:\/\/schema.org","@graph":[{"@type":"WebPage","@id":"https:\/\/vapemaison.com\/product\/vozol-rave-double-apple-led-display-40k-puffs-disposable-vape\/","url":"https:\/\/vapemaison.com\/product\/vozol-rave-double-apple-led-display-40k-puffs-disposable-vape\/","name":"Double Apple Vape | VOZOL RAVE 40000 Puffs LED Display | 40000 Puffs Disposable Vape","isPartOf":{"@id":"https:\/\/vapemaison.com\/#website"},"primaryImageOfPage":{"@id":"https:\/\/vapemaison.com\/product\/vozol-rave-double-apple-led-display-40k-puffs-disposable-vape\/#primaryimage"},"image":{"@id":"https:\/\/vapemaison.com\/product\/vozol-rave-double-apple-led-display-40k-puffs-disposable-vape\/#primaryimage"},"thumbnailUrl":"https:\/\/vapemaison.com\/wp-content\/uploads\/2025\/12\/vozol-rave-40000-Double-Apple-3.webp","datePublished":"2025-12-15T07:51:55+00:00","dateModified":"2026-01-09T08:58:17+00:00","description":"Vychutnejte si bohat\u00fd, aromatick\u00fd Double Apple VOZOL RAVE 40000. Klasick\u00e1 sm\u011bs s 40000 potahy, kapacitou 20 ml e-liquidu a oslniv\u00fdm 270\u00b0 LED sv\u011btlem sn\u00edmaj\u00edc\u00edm tep. Tento pr\u00e9miov\u00fd dob\u00edjec\u00ed vape zaru\u010duje maxim\u00e1ln\u00ed v\u011brnost chuti a dlouhou \u017eivotnost. Nakupujte VOZOL vapes pr\u00e1v\u011b te\u010f a u\u017eijte si jedine\u010dnou cestu vapingu!","breadcrumb":{"@id":"https:\/\/vapemaison.com\/product\/vozol-rave-double-apple-led-display-40k-puffs-disposable-vape\/#breadcrumb"},"inLanguage":"cs","potentialAction":[{"@type":"ReadAction","target":["https:\/\/vapemaison.com\/product\/vozol-rave-double-apple-led-display-40k-puffs-disposable-vape\/"]}]},{"@type":"ImageObject","inLanguage":"cs","@id":"https:\/\/vapemaison.com\/product\/vozol-rave-double-apple-led-display-40k-puffs-disposable-vape\/#primaryimage","url":"https:\/\/vapemaison.com\/wp-content\/uploads\/2025\/12\/vozol-rave-40000-Double-Apple-3.webp","contentUrl":"https:\/\/vapemaison.com\/wp-content\/uploads\/2025\/12\/vozol-rave-40000-Double-Apple-3.webp","width":1200,"height":1200,"caption":"Vozol Rave Double Apple Disposable Vape Device"},{"@type":"BreadcrumbList","@id":"https:\/\/vapemaison.com\/product\/vozol-rave-double-apple-led-display-40k-puffs-disposable-vape\/#breadcrumb","itemListElement":[{"@type":"ListItem","position":1,"name":"\u9996\u9875","item":"https:\/\/vapemaison.com\/"},{"@type":"ListItem","position":2,"name":"Shop","item":"https:\/\/vapemaison.com\/shop\/"},{"@type":"ListItem","position":3,"name":"Vozol","item":"https:\/\/vapemaison.com\/brand\/vozol\/"},{"@type":"ListItem","position":4,"name":"Double Apple Vape | VOZOL RAVE 40000 Puffs LED Display | 40000 Puffs Disposable Vape"}]},{"@type":"WebSite","@id":"https:\/\/vapemaison.com\/#website","url":"https:\/\/vapemaison.com\/","name":"VapeMaison","description":"Pr\u00e9miov\u00e1 vapingov\u00e1 za\u0159\u00edzen\u00ed a p\u0159\u00edslu\u0161enstv\u00ed","publisher":{"@id":"https:\/\/vapemaison.com\/#organization"},"potentialAction":[{"@type":"SearchAction","target":{"@type":"EntryPoint","urlTemplate":"https:\/\/vapemaison.com\/?s={search_term_string}"},"query-input":{"@type":"PropertyValueSpecification","valueRequired":true,"valueName":"search_term_string"}}],"inLanguage":"cs"},{"@type":"Organization","@id":"https:\/\/vapemaison.com\/#organization","name":"VapeMaison","url":"https:\/\/vapemaison.com\/","logo":{"@type":"ImageObject","inLanguage":"cs","@id":"https:\/\/vapemaison.com\/#\/schema\/logo\/image\/","url":"https:\/\/vapemaison.com\/wp-content\/uploads\/2026\/01\/cropped-vapemaison-logo-g-2026.webp","contentUrl":"https:\/\/vapemaison.com\/wp-content\/uploads\/2026\/01\/cropped-vapemaison-logo-g-2026.webp","width":350,"height":280,"caption":"VapeMaison"},"image":{"@id":"https:\/\/vapemaison.com\/#\/schema\/logo\/image\/"},"sameAs":["https:\/\/www.youtube.com\/@VapeMaison"]}]}},"tiered_pricing_type":"fixed","tiered_pricing_fixed_rules":{"30":"12.24","50":"11.63","100":"10.86","200":"9.98"},"tiered_pricing_product_settings":{"layout":"default","base_unit_name":{"singular":null,"plural":null},"default_variation":null},"tiered_pricing_minimum_quantity":10,"tiered_pricing_roles_data":[],"tiered_pricing_percentage_rules":[],"tiered_pricing_maximum_quantity":null,"tiered_pricing_quantity_step":"10","_links":{"self":[{"href":"https:\/\/vapemaison.com\/cs\/wp-json\/wp\/v2\/product\/18472","targetHints":{"allow":["GET"]}}],"collection":[{"href":"https:\/\/vapemaison.com\/cs\/wp-json\/wp\/v2\/product"}],"about":[{"href":"https:\/\/vapemaison.com\/cs\/wp-json\/wp\/v2\/types\/product"}],"replies":[{"embeddable":true,"href":"https:\/\/vapemaison.com\/cs\/wp-json\/wp\/v2\/comments?post=18472"}],"version-history":[{"count":0,"href":"https:\/\/vapemaison.com\/cs\/wp-json\/wp\/v2\/product\/18472\/revisions"}],"wp:featuredmedia":[{"embeddable":true,"href":"https:\/\/vapemaison.com\/cs\/wp-json\/wp\/v2\/media\/19290"}],"wp:attachment":[{"href":"https:\/\/vapemaison.com\/cs\/wp-json\/wp\/v2\/media?parent=18472"}],"wp:term":[{"taxonomy":"product_brand","embeddable":true,"href":"https:\/\/vapemaison.com\/cs\/wp-json\/wp\/v2\/product_brand?post=18472"},{"taxonomy":"product_cat","embeddable":true,"href":"https:\/\/vapemaison.com\/cs\/wp-json\/wp\/v2\/product_cat?post=18472"},{"taxonomy":"product_tag","embeddable":true,"href":"https:\/\/vapemaison.com\/cs\/wp-json\/wp\/v2\/product_tag?post=18472"}],"curies":[{"name":"wp","href":"https:\/\/api.w.org\/{rel}","templated":true}]}}