

{"id":18497,"date":"2025-12-15T07:51:57","date_gmt":"2025-12-15T07:51:57","guid":{"rendered":"https:\/\/vapemaison.com\/?post_type=product&#038;p=18497"},"modified":"2025-12-20T09:16:12","modified_gmt":"2025-12-20T09:16:12","slug":"laska-777-vape-vozol-rave-40000-puffs-unikatni-chut-dobijeci-vape","status":"publish","type":"product","link":"https:\/\/vapemaison.com\/cs\/product\/love-777-vape-vozol-rave-40000-puffs-unique-flavor-rechargeable-vape\/","title":{"rendered":"Love 777 Vape | VOZOL RAVE 40000 Puffs Unique Flavor | Dob\u00edjec\u00ed vape"},"content":{"rendered":"<h2 class=\"wp-block-heading\">VOZOL RAVE 40000 Puffs Love 777: P\u0159\u00edchu\u0165 tajemstv\u00ed a p\u016fvabu<\/h2>\n\n\n\n<p>Na str\u00e1nk\u00e1ch <strong>VOZOL RAVE 40000 Puffs Vape na jedno pou\u017eit\u00ed<\/strong> se zaj\u00edmavou p\u0159\u00edchut\u00ed Love 777 nab\u00edz\u00ed skute\u010dn\u011b jedine\u010dn\u00fd a podmaniv\u00fd vapingov\u00fd z\u00e1\u017eitek, kter\u00fd v\u00e1s udr\u017e\u00ed v nejistot\u011b. Toto za\u0159\u00edzen\u00ed je ur\u010deno pro odv\u00e1\u017en\u00e9 vapery a poskytuje jedine\u010dn\u00fd z\u00e1\u017eitek. <strong>Kapacita 40000 obl\u00e1\u010dk\u016f<\/strong> a je vizu\u00e1ln\u011b umocn\u011bn elektrizuj\u00edc\u00edm <strong>270\u00b0 sv\u011bteln\u00e1 show LED<\/strong>. VOZOL RAVE je dokonalou volbou pro ty, kte\u0159\u00ed hledaj\u00ed velmi v\u00fdraznou chu\u0165 spojenou s extr\u00e9mn\u00ed \u017eivotnost\u00ed za\u0159\u00edzen\u00ed v pr\u00e9miov\u00e9m proveden\u00ed. <strong>Dob\u00edjec\u00ed vape<\/strong> forma.<\/p>\n\n\n\n<h4 class=\"wp-block-heading\">Chu\u0165ov\u00e9 hody: Objevte sv\u00e9 obl\u00edben\u00e9 chut\u011b: Objevte sv\u00e9 obl\u00edben\u00e9 chut\u011b.<\/h4>\n\n\n\n<h2 class=\"wp-block-heading\">L\u00e1ska 777: Zaj\u00edmav\u00e1 signaturn\u00ed sm\u011bs<\/h2>\n\n\n\n<p>Love 777 je <strong>podpis sm\u011bsi VOZOL<\/strong> kter\u00fd je \u010dasto popisov\u00e1n jako <strong>komplexn\u00ed, vrstevnat\u00e1 sm\u011bs exotick\u00e9ho tropick\u00e9ho ovoce<\/strong> s n\u00e1dechem chladiv\u00e9 sv\u011b\u017eesti. P\u0159in\u00e1\u0161\u00ed vyv\u00e1\u017een\u00fd, st\u0159edn\u011b sladk\u00fd profil, kter\u00fd je z\u00e1rove\u0148 tajemn\u00fd a neuv\u011b\u0159iteln\u011b n\u00e1vykov\u00fd a ukazuje chu\u0165ov\u00e9 um\u011bn\u00ed na vysok\u00e9 \u00farovni.<\/p>\n\n\n\n<ul class=\"wp-block-list\">\n<li>Blue Razz Ice<\/li>\n\n\n\n<li>Bor\u016fvkov\u00fd led<\/li>\n\n\n\n<li>Bor\u016fvkov\u00fd meloun<\/li>\n\n\n\n<li>T\u0159e\u0161\u0148ov\u00e1 jahoda<\/li>\n\n\n\n<li>Cool Mint<\/li>\n\n\n\n<li>Dvojit\u00e9 jablko<\/li>\n\n\n\n<li>Hroznov\u00fd led<\/li>\n\n\n\n<li><strong>L\u00e1ska 777:<\/strong> Komplexn\u00ed a podmaniv\u00e1 charakteristick\u00e1 chu\u0165, kter\u00e1 obvykle zahrnuje exotick\u00e9 ovoce a chladiv\u00fd n\u00e1dech a poskytuje jedine\u010dn\u00fd n\u00e1vykov\u00fd profil.<\/li>\n\n\n\n<li>Mango Ice<\/li>\n\n\n\n<li>Mango Peach<\/li>\n\n\n\n<li>Broskvov\u00fd led<\/li>\n\n\n\n<li>Broskvovo-malinov\u00e1 limon\u00e1da<\/li>\n\n\n\n<li>Jahodov\u00e1 zmrzlina<\/li>\n\n\n\n<li>Jahodov\u00e9 kiwi<\/li>\n\n\n\n<li>Jahodov\u00e9 mango<\/li>\n\n\n\n<li>Jahodov\u00fd meloun<\/li>\n\n\n\n<li>Strawmelon Peach<\/li>\n\n\n\n<li>Melounov\u00e1 \u017ev\u00fdka\u010dka<\/li>\n\n\n\n<li>Melounov\u00fd led<\/li>\n\n\n\n<li>Meloun Razz Rancher<\/li>\n<\/ul>\n\n\n\n<h4 class=\"wp-block-heading\">Technick\u00e9 specifikace a hlavn\u00ed prvky designu<\/h4>\n\n\n\n<h2 class=\"wp-block-heading\">VOZOL RAVE 40000 Technick\u00e9 specifikace a inovace<\/h2>\n\n\n\n<p>VOZOL RAVE 40000 je vyroben s vyu\u017eit\u00edm nejmodern\u011bj\u0161\u00edch technologi\u00ed, kter\u00e9 zaru\u010duj\u00ed prvot\u0159\u00eddn\u00ed z\u00e1\u017eitek pro ka\u017ed\u00e9ho p\u00e1va.<\/p>\n\n\n\n<ul class=\"wp-block-list\">\n<li><strong>Max Puffs:<\/strong> P\u0159ibli\u017en\u011b. <strong>40000 Puffs<\/strong><\/li>\n\n\n\n<li><strong>Kapacita e-liquidu:<\/strong> 20 ml<\/li>\n\n\n\n<li><strong>Baterie:<\/strong> 1000 mAh <strong>Dob\u00edjec\u00ed<\/strong><\/li>\n\n\n\n<li><strong>S\u00edla nikotinu:<\/strong> 5% (50 mg\/ml) Soln\u00fd nikotin<\/li>\n\n\n\n<li><strong>Syst\u00e9m c\u00edvek:<\/strong> <strong>Dvojit\u00e1 s\u00ed\u0165ov\u00e1 c\u00edvka<\/strong> se spole\u010dnost\u00ed S.i.L.C. Tech<\/li>\n\n\n\n<li><strong>Nab\u00edjen\u00ed:<\/strong> Port USB typu C (rychl\u00e9 nab\u00edjen\u00ed)<\/li>\n\n\n\n<li><strong>Speci\u00e1ln\u00ed funkce:<\/strong> <strong>270\u00b0 displej LED se sn\u00edm\u00e1n\u00edm rytmu<\/strong><\/li>\n\n\n\n<li><strong>Aktivace:<\/strong> Kreslen\u00ed aktivovan\u00e9<\/li>\n<\/ul>\n\n\n\n<p>Aby se pln\u011b projevily slo\u017eit\u00e9 vrstvy sm\u011bsi Love 777. <strong>Dvojit\u00e1 s\u00ed\u0165ov\u00e1 c\u00edvka<\/strong> v k\u00e1vovaru VOZOL RAVE 40000 zaji\u0161\u0165uje vynikaj\u00edc\u00ed povrchov\u00fd oh\u0159ev, d\u00edky n\u011bmu\u017e je zachycena ka\u017ed\u00e1 jemn\u00e1 ovocn\u00e1 a tajemn\u00e1 nota a je pod\u00e1na s konzistentn\u00ed bohatost\u00ed.<\/p>\n\n\n\n<h4 class=\"wp-block-heading\">D\u016fvody pro koupi nyn\u00ed<\/h4>\n\n\n\n<h2 class=\"wp-block-heading\">Upozorn\u011bn\u00ed na omezen\u00e9 z\u00e1soby: Vezm\u011bte si sv\u016fj Love 777 VOZOL RAVE!<\/h2>\n\n\n\n<p>VOZOL RAVE 40000 je zlat\u00fdm standardem pro <strong>40000 Puffs Vape na jedno pou\u017eit\u00ed<\/strong> za\u0159\u00edzen\u00ed. Jedine\u010dn\u00e1 p\u0159\u00edchu\u0165 Love 777 je vz\u00e1cn\u00fdm a velmi \u017e\u00e1dan\u00fdm zbo\u017e\u00edm. <strong>Invent\u00e1\u0159 je zna\u010dn\u011b omezen!<\/strong><\/p>\n\n\n\n<p><strong>Jednejte rychle:<\/strong> Zajist\u011bte si VOZOL RAVE 40000 nyn\u00ed a vydejte se na dlouhotrvaj\u00edc\u00ed, chu\u0165ov\u011b v\u00fdrazn\u00e9 dobrodru\u017estv\u00ed se za\u0159\u00edzen\u00edm, kter\u00e9 skute\u010dn\u011b vynik\u00e1. <strong>Nenechte si uj\u00edt p\u0159\u00edle\u017eitost vyzkou\u0161et charakteristick\u00fd vape VOZOL - objednejte si ho je\u0161t\u011b dnes!<\/strong><\/p>","protected":false},"excerpt":{"rendered":"<p>VOZOL RAVE 40000 Puffs Love 777: A Flavor of Mystery and Allure The VOZOL RAVE 40000 Puffs Disposable Vape in the intriguing Love 777 flavor offers a truly unique and captivating vaping experience that keeps you guessing. Designed for the adventurous vaper, this device provides an unparalleled 40000 puff capacity and is visually enhanced by [&hellip;]<\/p>\n","protected":false},"featured_media":19289,"comment_status":"open","ping_status":"closed","template":"","meta":[],"product_brand":[178],"product_cat":[135],"product_tag":[],"class_list":{"0":"post-18497","1":"product","2":"type-product","3":"status-publish","4":"has-post-thumbnail","6":"product_brand-vozol","7":"product_cat-40k-puffs","9":"first","10":"instock","11":"sale","12":"shipping-taxable","13":"purchasable","14":"product-type-variable"},"yoast_head":"<!-- This site is optimized with the Yoast SEO plugin v27.4 - https:\/\/yoast.com\/product\/yoast-seo-wordpress\/ -->\n<title>Love 777 Vape | VOZOL RAVE 40000 Puffs Unique Flavor | Rechargeable Vape<\/title>\n<meta name=\"description\" content=\"Unravel the mystery of the Love 777 VOZOL RAVE 40000! A captivating, unique blend delivered over 40000 puffs, featuring a huge 20ml capacity and the vibrant 270\u00b0 Beat-Sensing LED Display. Experience the next level of VOZOL vapes flavor. Buy this premium 40000 Puffs Disposable Vape for a one-of-a-kind, long-lasting journey!\" \/>\n<meta name=\"robots\" content=\"index, follow, max-snippet:-1, max-image-preview:large, max-video-preview:-1\" \/>\n<link rel=\"canonical\" href=\"https:\/\/vapemaison.com\/cs\/produkt\/laska-777-vape-vozol-rave-40000-puffs-unikatni-chut-dobijeci-vape\/\" \/>\n<meta property=\"og:locale\" content=\"cs_CZ\" \/>\n<meta property=\"og:type\" content=\"article\" \/>\n<meta property=\"og:title\" content=\"Love 777 Vape | VOZOL RAVE 40000 Puffs Unique Flavor | Rechargeable Vape\" \/>\n<meta property=\"og:description\" content=\"Unravel the mystery of the Love 777 VOZOL RAVE 40000! A captivating, unique blend delivered over 40000 puffs, featuring a huge 20ml capacity and the vibrant 270\u00b0 Beat-Sensing LED Display. Experience the next level of VOZOL vapes flavor. Buy this premium 40000 Puffs Disposable Vape for a one-of-a-kind, long-lasting journey!\" \/>\n<meta property=\"og:url\" content=\"https:\/\/vapemaison.com\/cs\/produkt\/laska-777-vape-vozol-rave-40000-puffs-unikatni-chut-dobijeci-vape\/\" \/>\n<meta property=\"og:site_name\" content=\"VapeMaison\" \/>\n<meta property=\"article:modified_time\" content=\"2025-12-20T09:16:12+00:00\" \/>\n<meta property=\"og:image\" content=\"https:\/\/vapemaison.com\/wp-content\/uploads\/2025\/12\/vozol-rave-40000-Double-Apple-2-800x800-1.webp\" \/>\n\t<meta property=\"og:image:width\" content=\"800\" \/>\n\t<meta property=\"og:image:height\" content=\"800\" \/>\n\t<meta property=\"og:image:type\" content=\"image\/webp\" \/>\n<meta name=\"twitter:card\" content=\"summary_large_image\" \/>\n<meta name=\"twitter:label1\" content=\"Odhadovan\u00e1 doba \u010dten\u00ed\" \/>\n\t<meta name=\"twitter:data1\" content=\"2 minuty\" \/>\n<!-- \/ Yoast SEO plugin. -->","yoast_head_json":{"title":"Love 777 Vape | VOZOL RAVE 40000 Puffs Unique Flavor | Dob\u00edjec\u00ed vape","description":"Odhalte z\u00e1hadu modelu Love 777 VOZOL RAVE 40000! Podmaniv\u00e1, jedine\u010dn\u00e1 sm\u011bs s v\u00edce ne\u017e 40000 potahy, s obrovskou kapacitou 20 ml a z\u00e1\u0159iv\u00fdm 270\u00b0 LED displejem s funkc\u00ed sn\u00edm\u00e1n\u00ed rytmu. Za\u017eijte dal\u0161\u00ed \u00farove\u0148 chuti vap\u016f VOZOL. Po\u0159i\u010fte si tuto pr\u00e9miovou jednor\u00e1zovou vapku na 40000 potah\u016f a dop\u0159ejte si jedine\u010dnou a dlouhotrvaj\u00edc\u00ed cestu!","robots":{"index":"index","follow":"follow","max-snippet":"max-snippet:-1","max-image-preview":"max-image-preview:large","max-video-preview":"max-video-preview:-1"},"canonical":"https:\/\/vapemaison.com\/cs\/produkt\/laska-777-vape-vozol-rave-40000-puffs-unikatni-chut-dobijeci-vape\/","og_locale":"cs_CZ","og_type":"article","og_title":"Love 777 Vape | VOZOL RAVE 40000 Puffs Unique Flavor | Rechargeable Vape","og_description":"Unravel the mystery of the Love 777 VOZOL RAVE 40000! A captivating, unique blend delivered over 40000 puffs, featuring a huge 20ml capacity and the vibrant 270\u00b0 Beat-Sensing LED Display. Experience the next level of VOZOL vapes flavor. Buy this premium 40000 Puffs Disposable Vape for a one-of-a-kind, long-lasting journey!","og_url":"https:\/\/vapemaison.com\/cs\/produkt\/laska-777-vape-vozol-rave-40000-puffs-unikatni-chut-dobijeci-vape\/","og_site_name":"VapeMaison","article_modified_time":"2025-12-20T09:16:12+00:00","og_image":[{"width":800,"height":800,"url":"https:\/\/vapemaison.com\/wp-content\/uploads\/2025\/12\/vozol-rave-40000-Double-Apple-2-800x800-1.webp","type":"image\/webp"}],"twitter_card":"summary_large_image","twitter_misc":{"Odhadovan\u00e1 doba \u010dten\u00ed":"2 minuty"},"schema":{"@context":"https:\/\/schema.org","@graph":[{"@type":"WebPage","@id":"https:\/\/vapemaison.com\/product\/love-777-vape-vozol-rave-40000-puffs-unique-flavor-rechargeable-vape\/","url":"https:\/\/vapemaison.com\/product\/love-777-vape-vozol-rave-40000-puffs-unique-flavor-rechargeable-vape\/","name":"Love 777 Vape | VOZOL RAVE 40000 Puffs Unique Flavor | Dob\u00edjec\u00ed vape","isPartOf":{"@id":"https:\/\/vapemaison.com\/#website"},"primaryImageOfPage":{"@id":"https:\/\/vapemaison.com\/product\/love-777-vape-vozol-rave-40000-puffs-unique-flavor-rechargeable-vape\/#primaryimage"},"image":{"@id":"https:\/\/vapemaison.com\/product\/love-777-vape-vozol-rave-40000-puffs-unique-flavor-rechargeable-vape\/#primaryimage"},"thumbnailUrl":"https:\/\/vapemaison.com\/wp-content\/uploads\/2025\/12\/vozol-rave-40000-Double-Apple-2-800x800-1.webp","datePublished":"2025-12-15T07:51:57+00:00","dateModified":"2025-12-20T09:16:12+00:00","description":"Odhalte z\u00e1hadu modelu Love 777 VOZOL RAVE 40000! Podmaniv\u00e1, jedine\u010dn\u00e1 sm\u011bs s v\u00edce ne\u017e 40000 potahy, s obrovskou kapacitou 20 ml a z\u00e1\u0159iv\u00fdm 270\u00b0 LED displejem s funkc\u00ed sn\u00edm\u00e1n\u00ed rytmu. Za\u017eijte dal\u0161\u00ed \u00farove\u0148 chuti vap\u016f VOZOL. Po\u0159i\u010fte si tuto pr\u00e9miovou jednor\u00e1zovou vapku na 40000 potah\u016f a dop\u0159ejte si jedine\u010dnou a dlouhotrvaj\u00edc\u00ed cestu!","breadcrumb":{"@id":"https:\/\/vapemaison.com\/product\/love-777-vape-vozol-rave-40000-puffs-unique-flavor-rechargeable-vape\/#breadcrumb"},"inLanguage":"cs","potentialAction":[{"@type":"ReadAction","target":["https:\/\/vapemaison.com\/product\/love-777-vape-vozol-rave-40000-puffs-unique-flavor-rechargeable-vape\/"]}]},{"@type":"ImageObject","inLanguage":"cs","@id":"https:\/\/vapemaison.com\/product\/love-777-vape-vozol-rave-40000-puffs-unique-flavor-rechargeable-vape\/#primaryimage","url":"https:\/\/vapemaison.com\/wp-content\/uploads\/2025\/12\/vozol-rave-40000-Double-Apple-2-800x800-1.webp","contentUrl":"https:\/\/vapemaison.com\/wp-content\/uploads\/2025\/12\/vozol-rave-40000-Double-Apple-2-800x800-1.webp","width":800,"height":800,"caption":"Vozol Rave Double Apple 2 800x800 Disposable Vape Device"},{"@type":"BreadcrumbList","@id":"https:\/\/vapemaison.com\/product\/love-777-vape-vozol-rave-40000-puffs-unique-flavor-rechargeable-vape\/#breadcrumb","itemListElement":[{"@type":"ListItem","position":1,"name":"\u9996\u9875","item":"https:\/\/vapemaison.com\/"},{"@type":"ListItem","position":2,"name":"Shop","item":"https:\/\/vapemaison.com\/shop\/"},{"@type":"ListItem","position":3,"name":"Vozol","item":"https:\/\/vapemaison.com\/brand\/vozol\/"},{"@type":"ListItem","position":4,"name":"Love 777 Vape | VOZOL RAVE 40000 Puffs Unique Flavor | Rechargeable Vape"}]},{"@type":"WebSite","@id":"https:\/\/vapemaison.com\/#website","url":"https:\/\/vapemaison.com\/","name":"VapeMaison","description":"Pr\u00e9miov\u00e1 vapingov\u00e1 za\u0159\u00edzen\u00ed a p\u0159\u00edslu\u0161enstv\u00ed","publisher":{"@id":"https:\/\/vapemaison.com\/#organization"},"potentialAction":[{"@type":"SearchAction","target":{"@type":"EntryPoint","urlTemplate":"https:\/\/vapemaison.com\/?s={search_term_string}"},"query-input":{"@type":"PropertyValueSpecification","valueRequired":true,"valueName":"search_term_string"}}],"inLanguage":"cs"},{"@type":"Organization","@id":"https:\/\/vapemaison.com\/#organization","name":"VapeMaison","url":"https:\/\/vapemaison.com\/","logo":{"@type":"ImageObject","inLanguage":"cs","@id":"https:\/\/vapemaison.com\/#\/schema\/logo\/image\/","url":"https:\/\/vapemaison.com\/wp-content\/uploads\/2026\/01\/cropped-vapemaison-logo-g-2026.webp","contentUrl":"https:\/\/vapemaison.com\/wp-content\/uploads\/2026\/01\/cropped-vapemaison-logo-g-2026.webp","width":350,"height":280,"caption":"VapeMaison"},"image":{"@id":"https:\/\/vapemaison.com\/#\/schema\/logo\/image\/"},"sameAs":["https:\/\/www.youtube.com\/@VapeMaison"]}]}},"tiered_pricing_type":"fixed","tiered_pricing_fixed_rules":{"30":"12.24","50":"11.63","100":"10.86","200":"9.98"},"tiered_pricing_product_settings":{"layout":"default","base_unit_name":{"singular":null,"plural":null},"default_variation":null},"tiered_pricing_minimum_quantity":10,"tiered_pricing_roles_data":[],"tiered_pricing_percentage_rules":[],"tiered_pricing_maximum_quantity":null,"tiered_pricing_quantity_step":"10","_links":{"self":[{"href":"https:\/\/vapemaison.com\/cs\/wp-json\/wp\/v2\/product\/18497","targetHints":{"allow":["GET"]}}],"collection":[{"href":"https:\/\/vapemaison.com\/cs\/wp-json\/wp\/v2\/product"}],"about":[{"href":"https:\/\/vapemaison.com\/cs\/wp-json\/wp\/v2\/types\/product"}],"replies":[{"embeddable":true,"href":"https:\/\/vapemaison.com\/cs\/wp-json\/wp\/v2\/comments?post=18497"}],"version-history":[{"count":0,"href":"https:\/\/vapemaison.com\/cs\/wp-json\/wp\/v2\/product\/18497\/revisions"}],"wp:featuredmedia":[{"embeddable":true,"href":"https:\/\/vapemaison.com\/cs\/wp-json\/wp\/v2\/media\/19289"}],"wp:attachment":[{"href":"https:\/\/vapemaison.com\/cs\/wp-json\/wp\/v2\/media?parent=18497"}],"wp:term":[{"taxonomy":"product_brand","embeddable":true,"href":"https:\/\/vapemaison.com\/cs\/wp-json\/wp\/v2\/product_brand?post=18497"},{"taxonomy":"product_cat","embeddable":true,"href":"https:\/\/vapemaison.com\/cs\/wp-json\/wp\/v2\/product_cat?post=18497"},{"taxonomy":"product_tag","embeddable":true,"href":"https:\/\/vapemaison.com\/cs\/wp-json\/wp\/v2\/product_tag?post=18497"}],"curies":[{"name":"wp","href":"https:\/\/api.w.org\/{rel}","templated":true}]}}