

{"id":18522,"date":"2025-12-15T07:52:00","date_gmt":"2025-12-15T07:52:00","guid":{"rendered":"https:\/\/vapemaison.com\/?post_type=product&#038;p=18522"},"modified":"2025-12-20T09:15:30","modified_gmt":"2025-12-20T09:15:30","slug":"40000-puffs-jednorazove-vape-vozol-rave-mango-led-prichut-vedl-dobijeci-vape","status":"publish","type":"product","link":"https:\/\/vapemaison.com\/cs\/product\/40000-puffs-disposable-vape-vozol-rave-mango-ice-flavor-led-rechargeable-vape\/","title":{"rendered":"40000 Puffs Vape na jedno pou\u017eit\u00ed | VOZOL RAVE Mango Ice Flavor LED | Dob\u00edjec\u00ed Vape"},"content":{"rendered":"<p>Na str\u00e1nk\u00e1ch <strong>VOZOL RAVE 40000 Puffs Vape na jedno pou\u017eit\u00ed<\/strong> se zaj\u00edmavou p\u0159\u00edchut\u00ed Love 777 nab\u00edz\u00ed skute\u010dn\u011b jedine\u010dn\u00fd a podmaniv\u00fd vapingov\u00fd z\u00e1\u017eitek, kter\u00fd v\u00e1s udr\u017e\u00ed v nejistot\u011b. Toto za\u0159\u00edzen\u00ed je ur\u010deno pro odv\u00e1\u017en\u00e9 vapery a poskytuje jedine\u010dn\u00fd z\u00e1\u017eitek. <strong>40000 <\/strong>VOZOL RAVE 40000 Puffs Mango Ice: Tropical Paradise, Arctic Blast<\/p>\n\n\n\n<p>Na str\u00e1nk\u00e1ch <strong>VOZOL RAVE 40000 Puffs Vape na jedno pou\u017eit\u00ed<\/strong> v p\u0159\u00edpravku Mango Ice p\u0159in\u00e1\u0161\u00ed dokonalou kombinaci exotick\u00e9 sladkosti a osv\u011b\u017euj\u00edc\u00edho mentolu. Tento p\u0159\u00edstroj je nesporn\u00fdm \u0161ampionem v dlouh\u00e9 v\u00fddr\u017ei a nab\u00edz\u00ed neb\u00fdvalou v\u00fddr\u017e. <strong>Kapacita 40000 obl\u00e1\u010dk\u016f<\/strong> a s poutav\u00fdm <strong>270\u00b0 sv\u011bteln\u00e1 show LED<\/strong>. VOZOL RAVE je definitivn\u00ed <strong>Dob\u00edjec\u00ed vape<\/strong> pro ty, kte\u0159\u00ed tou\u017e\u00ed po siln\u00e9m a dlouhotrvaj\u00edc\u00edm tropick\u00e9m \u00faniku p\u0159i ka\u017ed\u00e9m pot\u00e1hnut\u00ed.<\/p>\n\n\n\n<h4 class=\"wp-block-heading\">Chu\u0165ov\u00e9 hody: Objevte sv\u00e9 obl\u00edben\u00e9 chut\u011b: Objevte sv\u00e9 obl\u00edben\u00e9 chut\u011b.<\/h4>\n\n\n\n<h2 class=\"wp-block-heading\">Mangov\u00e1 zmrzlina: sladk\u00e1, \u0161\u0165avnat\u00e1 a chladiv\u00e1<\/h2>\n\n\n\n<p>Mango Ice p\u0159in\u00e1\u0161\u00ed autentick\u00e9, <strong>sv\u011b\u017e\u00ed chu\u0165 dokonale zral\u00e9ho, sladk\u00e9ho manga<\/strong>, kter\u00e9 se vyzna\u010duj\u00ed hlubok\u00fdm, vo\u0148av\u00fdm profilem. Sladkost je kr\u00e1sn\u011b kontrastn\u00ed d\u00edky <strong>st\u0159edn\u011b siln\u00fd mentolov\u00fd v\u00fddech<\/strong>, co\u017e vytv\u00e1\u0159\u00ed uspokojiv\u011b chladiv\u00fd a \u0161\u0165avnat\u00fd tropick\u00fd pocit, kter\u00fd nen\u00ed nikdy p\u0159\u00edli\u0161 ostr\u00fd.<\/p>\n\n\n\n<ul class=\"wp-block-list\">\n<li>Blue Razz Ice<\/li>\n\n\n\n<li>Bor\u016fvkov\u00fd led<\/li>\n\n\n\n<li>Bor\u016fvkov\u00fd meloun<\/li>\n\n\n\n<li>T\u0159e\u0161\u0148ov\u00e1 jahoda<\/li>\n\n\n\n<li>Cool Mint<\/li>\n\n\n\n<li>Dvojit\u00e9 jablko<\/li>\n\n\n\n<li>Hroznov\u00fd led<\/li>\n\n\n\n<li>L\u00e1ska 777<\/li>\n\n\n\n<li><strong>Mango Ice:<\/strong> Vo\u0148av\u00e1, hluboce sladk\u00e1 chu\u0165 zral\u00e9ho manga zakon\u010den\u00e1 \u010distou, osv\u011b\u017euj\u00edc\u00ed vrstvou ledu.<\/li>\n\n\n\n<li>Mango Peach<\/li>\n\n\n\n<li>Broskvov\u00fd led<\/li>\n\n\n\n<li>Broskvovo-malinov\u00e1 limon\u00e1da<\/li>\n\n\n\n<li>Jahodov\u00e1 zmrzlina<\/li>\n\n\n\n<li>Jahodov\u00e9 kiwi<\/li>\n\n\n\n<li>Jahodov\u00e9 mango<\/li>\n\n\n\n<li>Jahodov\u00fd meloun<\/li>\n\n\n\n<li>Strawmelon Peach<\/li>\n\n\n\n<li>Melounov\u00e1 \u017ev\u00fdka\u010dka<\/li>\n\n\n\n<li>Melounov\u00fd led<\/li>\n\n\n\n<li>Meloun Razz Rancher<\/li>\n<\/ul>\n\n\n\n<h4 class=\"wp-block-heading\">Technick\u00e9 specifikace a hlavn\u00ed prvky designu<\/h4>\n\n\n\n<h2 class=\"wp-block-heading\">VOZOL RAVE 40000 Technick\u00e9 specifikace a inovace<\/h2>\n\n\n\n<p>VOZOL RAVE 40000 je vyroben s vyu\u017eit\u00edm nejmodern\u011bj\u0161\u00edch technologi\u00ed, kter\u00e9 zaru\u010duj\u00ed prvot\u0159\u00eddn\u00ed z\u00e1\u017eitek pro ka\u017ed\u00e9ho p\u00e1va.<\/p>\n\n\n\n<ul class=\"wp-block-list\">\n<li><strong>Max Puffs:<\/strong> P\u0159ibli\u017en\u011b. <strong>40000 Puffs<\/strong><\/li>\n\n\n\n<li><strong>Kapacita e-liquidu:<\/strong> 20 ml<\/li>\n\n\n\n<li><strong>Baterie:<\/strong> 1000 mAh <strong>Dob\u00edjec\u00ed<\/strong><\/li>\n\n\n\n<li><strong>S\u00edla nikotinu:<\/strong> 5% (50 mg\/ml) Soln\u00fd nikotin<\/li>\n\n\n\n<li><strong>Syst\u00e9m c\u00edvek:<\/strong> <strong>Dvojit\u00e1 s\u00ed\u0165ov\u00e1 c\u00edvka<\/strong> se spole\u010dnost\u00ed S.i.L.C. Tech<\/li>\n\n\n\n<li><strong>Nab\u00edjen\u00ed:<\/strong> Port USB typu C (rychl\u00e9 nab\u00edjen\u00ed)<\/li>\n\n\n\n<li><strong>Speci\u00e1ln\u00ed funkce:<\/strong> <strong>270\u00b0 displej LED se sn\u00edm\u00e1n\u00edm rytmu<\/strong><\/li>\n\n\n\n<li><strong>Aktivace:<\/strong> Kreslen\u00ed aktivovan\u00e9<\/li>\n<\/ul>\n\n\n\n<p>V\u00fdkonn\u00fd <strong>Dvojit\u00e1 s\u00ed\u0165ov\u00e1 c\u00edvka<\/strong> Syst\u00e9m je odborn\u011b vylad\u011bn tak, aby zvl\u00e1dl intenzitu tropick\u00e9ho ovoce a zajistil, \u017ee vo\u0148av\u00e9 t\u00f3ny manga a chladiv\u00fd mentol budou dokonale dod\u00e1v\u00e1ny s hustou a konzistentn\u00ed p\u00e1rou po celou dobu kou\u0159en\u00ed. <strong>40000 Puffs Vape na jedno pou\u017eit\u00ed<\/strong> \u017eivotnost.<\/p>\n\n\n\n<h4 class=\"wp-block-heading\">D\u016fvody pro koupi nyn\u00ed<\/h4>\n\n\n\n<h2 class=\"wp-block-heading\">Upozorn\u011bn\u00ed na omezen\u00e9 z\u00e1soby: Vezm\u011bte si sv\u016fj mango Ice VOZOL RAVE!<\/h2>\n\n\n\n<p>VOZOL RAVE 40000 je jasnou volbou pro vapery, kte\u0159\u00ed hledaj\u00ed to nejlep\u0161\u00ed. <strong>40000 Puffs Vape na jedno pou\u017eit\u00ed<\/strong> na trhu. Mango Ice je v\u0161eobecn\u011b obl\u00edben\u00e1 a rychle se prod\u00e1vaj\u00edc\u00ed p\u0159\u00edchu\u0165. <strong>Sou\u010dasn\u00e9 z\u00e1soby se rychle zmen\u0161uj\u00ed!<\/strong><\/p>\n\n\n\n<p><strong>Jednejte rychle:<\/strong> Zajist\u011bte si VOZOL RAVE 40000 nyn\u00ed a vychutnejte si prvot\u0159\u00eddn\u00ed, dlouhotrvaj\u00edc\u00ed tropick\u00fd vape s jedine\u010dnou p\u00e1rty atmosf\u00e9rou. <strong>Nenechte si uj\u00edt tuto obl\u00edbenou vape VOZOL - ihned p\u0159idejte do ko\u0161\u00edku!<\/strong><\/p>","protected":false},"excerpt":{"rendered":"<p>The VOZOL RAVE 40000 Puffs Disposable Vape in the intriguing Love 777 flavor offers a truly unique and captivating vaping experience that keeps you guessing. Designed for the adventurous vaper, this device provides an unparalleled 40000 VOZOL RAVE 40000 Puffs Mango Ice: Tropical Paradise, Arctic Blast The VOZOL RAVE 40000 Puffs Disposable Vape in Mango [&hellip;]<\/p>\n","protected":false},"featured_media":19302,"comment_status":"open","ping_status":"closed","template":"","meta":[],"product_brand":[178],"product_cat":[135],"product_tag":[],"class_list":{"0":"post-18522","1":"product","2":"type-product","3":"status-publish","4":"has-post-thumbnail","6":"product_brand-vozol","7":"product_cat-40k-puffs","9":"first","10":"instock","11":"sale","12":"shipping-taxable","13":"purchasable","14":"product-type-variable"},"yoast_head":"<!-- This site is optimized with the Yoast SEO plugin v27.4 - https:\/\/yoast.com\/product\/yoast-seo-wordpress\/ -->\n<title>40000 Puffs Disposable Vape | VOZOL RAVE Mango Ice Flavor LED | Rechargeable Vape<\/title>\n<meta name=\"description\" content=\"Taste the tropical chill of Mango Ice with the VOZOL RAVE 40000. Features 40000 ultra-long puffs, a 20ml e-liquid capacity, and the thrilling 270\u00b0 Beat-Sensing LED Light. Get this premium VOZOL vapes device for intense, frosty mango flavor and unmatched longevity. Shop now for your reliable Rechargeable Vape!\" \/>\n<meta name=\"robots\" content=\"index, follow, max-snippet:-1, max-image-preview:large, max-video-preview:-1\" \/>\n<link rel=\"canonical\" href=\"https:\/\/vapemaison.com\/cs\/produkt\/40000-puffs-jednorazove-vape-vozol-rave-mango-led-prichut-vedl-dobijeci-vape\/\" \/>\n<meta property=\"og:locale\" content=\"cs_CZ\" \/>\n<meta property=\"og:type\" content=\"article\" \/>\n<meta property=\"og:title\" content=\"40000 Puffs Disposable Vape | VOZOL RAVE Mango Ice Flavor LED | Rechargeable Vape\" \/>\n<meta property=\"og:description\" content=\"Taste the tropical chill of Mango Ice with the VOZOL RAVE 40000. Features 40000 ultra-long puffs, a 20ml e-liquid capacity, and the thrilling 270\u00b0 Beat-Sensing LED Light. Get this premium VOZOL vapes device for intense, frosty mango flavor and unmatched longevity. Shop now for your reliable Rechargeable Vape!\" \/>\n<meta property=\"og:url\" content=\"https:\/\/vapemaison.com\/cs\/produkt\/40000-puffs-jednorazove-vape-vozol-rave-mango-led-prichut-vedl-dobijeci-vape\/\" \/>\n<meta property=\"og:site_name\" content=\"VapeMaison\" \/>\n<meta property=\"article:modified_time\" content=\"2025-12-20T09:15:30+00:00\" \/>\n<meta property=\"og:image\" content=\"https:\/\/vapemaison.com\/wp-content\/uploads\/2025\/12\/vozol-rave-40000-Strawberry-Mango-3-768x768-1.webp\" \/>\n\t<meta property=\"og:image:width\" content=\"768\" \/>\n\t<meta property=\"og:image:height\" content=\"768\" \/>\n\t<meta property=\"og:image:type\" content=\"image\/webp\" \/>\n<meta name=\"twitter:card\" content=\"summary_large_image\" \/>\n<meta name=\"twitter:label1\" content=\"Odhadovan\u00e1 doba \u010dten\u00ed\" \/>\n\t<meta name=\"twitter:data1\" content=\"2 minuty\" \/>\n<!-- \/ Yoast SEO plugin. -->","yoast_head_json":{"title":"40000 Puffs Vape na jedno pou\u017eit\u00ed | VOZOL RAVE Mango Ice Flavor LED | Dob\u00edjec\u00ed Vape","description":"Ochutnejte tropick\u00fd chlad mangov\u00e9ho ledu s VOZOL RAVE 40000. Nab\u00edz\u00ed 40000 ultra dlouh\u00fdch potah\u016f, kapacitu 20 ml e-liquidu a vzru\u0161uj\u00edc\u00ed 270\u00b0 LED sv\u011btlo sn\u00edmaj\u00edc\u00ed tep. Po\u0159i\u010fte si toto pr\u00e9miov\u00e9 vapovac\u00ed za\u0159\u00edzen\u00ed VOZOL pro intenzivn\u00ed mrazivou mangovou chu\u0165 a bezkonkuren\u010dn\u00ed v\u00fddr\u017e. Nakupujte nyn\u00ed sv\u016fj spolehliv\u00fd dob\u00edjec\u00ed vape!","robots":{"index":"index","follow":"follow","max-snippet":"max-snippet:-1","max-image-preview":"max-image-preview:large","max-video-preview":"max-video-preview:-1"},"canonical":"https:\/\/vapemaison.com\/cs\/produkt\/40000-puffs-jednorazove-vape-vozol-rave-mango-led-prichut-vedl-dobijeci-vape\/","og_locale":"cs_CZ","og_type":"article","og_title":"40000 Puffs Disposable Vape | VOZOL RAVE Mango Ice Flavor LED | Rechargeable Vape","og_description":"Taste the tropical chill of Mango Ice with the VOZOL RAVE 40000. Features 40000 ultra-long puffs, a 20ml e-liquid capacity, and the thrilling 270\u00b0 Beat-Sensing LED Light. Get this premium VOZOL vapes device for intense, frosty mango flavor and unmatched longevity. Shop now for your reliable Rechargeable Vape!","og_url":"https:\/\/vapemaison.com\/cs\/produkt\/40000-puffs-jednorazove-vape-vozol-rave-mango-led-prichut-vedl-dobijeci-vape\/","og_site_name":"VapeMaison","article_modified_time":"2025-12-20T09:15:30+00:00","og_image":[{"width":768,"height":768,"url":"https:\/\/vapemaison.com\/wp-content\/uploads\/2025\/12\/vozol-rave-40000-Strawberry-Mango-3-768x768-1.webp","type":"image\/webp"}],"twitter_card":"summary_large_image","twitter_misc":{"Odhadovan\u00e1 doba \u010dten\u00ed":"2 minuty"},"schema":{"@context":"https:\/\/schema.org","@graph":[{"@type":"WebPage","@id":"https:\/\/vapemaison.com\/product\/40000-puffs-disposable-vape-vozol-rave-mango-ice-flavor-led-rechargeable-vape\/","url":"https:\/\/vapemaison.com\/product\/40000-puffs-disposable-vape-vozol-rave-mango-ice-flavor-led-rechargeable-vape\/","name":"40000 Puffs Vape na jedno pou\u017eit\u00ed | VOZOL RAVE Mango Ice Flavor LED | Dob\u00edjec\u00ed Vape","isPartOf":{"@id":"https:\/\/vapemaison.com\/#website"},"primaryImageOfPage":{"@id":"https:\/\/vapemaison.com\/product\/40000-puffs-disposable-vape-vozol-rave-mango-ice-flavor-led-rechargeable-vape\/#primaryimage"},"image":{"@id":"https:\/\/vapemaison.com\/product\/40000-puffs-disposable-vape-vozol-rave-mango-ice-flavor-led-rechargeable-vape\/#primaryimage"},"thumbnailUrl":"https:\/\/vapemaison.com\/wp-content\/uploads\/2025\/12\/vozol-rave-40000-Strawberry-Mango-3-768x768-1.webp","datePublished":"2025-12-15T07:52:00+00:00","dateModified":"2025-12-20T09:15:30+00:00","description":"Ochutnejte tropick\u00fd chlad mangov\u00e9ho ledu s VOZOL RAVE 40000. Nab\u00edz\u00ed 40000 ultra dlouh\u00fdch potah\u016f, kapacitu 20 ml e-liquidu a vzru\u0161uj\u00edc\u00ed 270\u00b0 LED sv\u011btlo sn\u00edmaj\u00edc\u00ed tep. Po\u0159i\u010fte si toto pr\u00e9miov\u00e9 vapovac\u00ed za\u0159\u00edzen\u00ed VOZOL pro intenzivn\u00ed mrazivou mangovou chu\u0165 a bezkonkuren\u010dn\u00ed v\u00fddr\u017e. Nakupujte nyn\u00ed sv\u016fj spolehliv\u00fd dob\u00edjec\u00ed vape!","breadcrumb":{"@id":"https:\/\/vapemaison.com\/product\/40000-puffs-disposable-vape-vozol-rave-mango-ice-flavor-led-rechargeable-vape\/#breadcrumb"},"inLanguage":"cs","potentialAction":[{"@type":"ReadAction","target":["https:\/\/vapemaison.com\/product\/40000-puffs-disposable-vape-vozol-rave-mango-ice-flavor-led-rechargeable-vape\/"]}]},{"@type":"ImageObject","inLanguage":"cs","@id":"https:\/\/vapemaison.com\/product\/40000-puffs-disposable-vape-vozol-rave-mango-ice-flavor-led-rechargeable-vape\/#primaryimage","url":"https:\/\/vapemaison.com\/wp-content\/uploads\/2025\/12\/vozol-rave-40000-Strawberry-Mango-3-768x768-1.webp","contentUrl":"https:\/\/vapemaison.com\/wp-content\/uploads\/2025\/12\/vozol-rave-40000-Strawberry-Mango-3-768x768-1.webp","width":768,"height":768,"caption":"Vozol Rave Strawberry Mango 3 768x768 Disposable Vape Device"},{"@type":"BreadcrumbList","@id":"https:\/\/vapemaison.com\/product\/40000-puffs-disposable-vape-vozol-rave-mango-ice-flavor-led-rechargeable-vape\/#breadcrumb","itemListElement":[{"@type":"ListItem","position":1,"name":"\u9996\u9875","item":"https:\/\/vapemaison.com\/"},{"@type":"ListItem","position":2,"name":"Shop","item":"https:\/\/vapemaison.com\/shop\/"},{"@type":"ListItem","position":3,"name":"Vozol","item":"https:\/\/vapemaison.com\/brand\/vozol\/"},{"@type":"ListItem","position":4,"name":"40000 Puffs Disposable Vape | VOZOL RAVE Mango Ice Flavor LED | Rechargeable Vape"}]},{"@type":"WebSite","@id":"https:\/\/vapemaison.com\/#website","url":"https:\/\/vapemaison.com\/","name":"VapeMaison","description":"Pr\u00e9miov\u00e1 vapingov\u00e1 za\u0159\u00edzen\u00ed a p\u0159\u00edslu\u0161enstv\u00ed","publisher":{"@id":"https:\/\/vapemaison.com\/#organization"},"potentialAction":[{"@type":"SearchAction","target":{"@type":"EntryPoint","urlTemplate":"https:\/\/vapemaison.com\/?s={search_term_string}"},"query-input":{"@type":"PropertyValueSpecification","valueRequired":true,"valueName":"search_term_string"}}],"inLanguage":"cs"},{"@type":"Organization","@id":"https:\/\/vapemaison.com\/#organization","name":"VapeMaison","url":"https:\/\/vapemaison.com\/","logo":{"@type":"ImageObject","inLanguage":"cs","@id":"https:\/\/vapemaison.com\/#\/schema\/logo\/image\/","url":"https:\/\/vapemaison.com\/wp-content\/uploads\/2026\/01\/cropped-vapemaison-logo-g-2026.webp","contentUrl":"https:\/\/vapemaison.com\/wp-content\/uploads\/2026\/01\/cropped-vapemaison-logo-g-2026.webp","width":350,"height":280,"caption":"VapeMaison"},"image":{"@id":"https:\/\/vapemaison.com\/#\/schema\/logo\/image\/"},"sameAs":["https:\/\/www.youtube.com\/@VapeMaison"]}]}},"tiered_pricing_type":"fixed","tiered_pricing_fixed_rules":{"30":"12.24","50":"11.63","100":"10.86","200":"9.98"},"tiered_pricing_product_settings":{"layout":"default","base_unit_name":{"singular":null,"plural":null},"default_variation":null},"tiered_pricing_minimum_quantity":10,"tiered_pricing_roles_data":[],"tiered_pricing_percentage_rules":[],"tiered_pricing_maximum_quantity":null,"tiered_pricing_quantity_step":"10","_links":{"self":[{"href":"https:\/\/vapemaison.com\/cs\/wp-json\/wp\/v2\/product\/18522","targetHints":{"allow":["GET"]}}],"collection":[{"href":"https:\/\/vapemaison.com\/cs\/wp-json\/wp\/v2\/product"}],"about":[{"href":"https:\/\/vapemaison.com\/cs\/wp-json\/wp\/v2\/types\/product"}],"replies":[{"embeddable":true,"href":"https:\/\/vapemaison.com\/cs\/wp-json\/wp\/v2\/comments?post=18522"}],"version-history":[{"count":0,"href":"https:\/\/vapemaison.com\/cs\/wp-json\/wp\/v2\/product\/18522\/revisions"}],"wp:featuredmedia":[{"embeddable":true,"href":"https:\/\/vapemaison.com\/cs\/wp-json\/wp\/v2\/media\/19302"}],"wp:attachment":[{"href":"https:\/\/vapemaison.com\/cs\/wp-json\/wp\/v2\/media?parent=18522"}],"wp:term":[{"taxonomy":"product_brand","embeddable":true,"href":"https:\/\/vapemaison.com\/cs\/wp-json\/wp\/v2\/product_brand?post=18522"},{"taxonomy":"product_cat","embeddable":true,"href":"https:\/\/vapemaison.com\/cs\/wp-json\/wp\/v2\/product_cat?post=18522"},{"taxonomy":"product_tag","embeddable":true,"href":"https:\/\/vapemaison.com\/cs\/wp-json\/wp\/v2\/product_tag?post=18522"}],"curies":[{"name":"wp","href":"https:\/\/api.w.org\/{rel}","templated":true}]}}