

{"id":18619,"date":"2025-12-15T09:13:30","date_gmt":"2025-12-15T09:13:30","guid":{"rendered":"https:\/\/vapemaison.com\/?post_type=product&#038;p=18619"},"modified":"2025-12-20T09:19:54","modified_gmt":"2025-12-20T09:19:54","slug":"40000-puffs-jednorazove-vape-vozol-rave-broskev-malina-limonada-dobijeci-vape","status":"publish","type":"product","link":"https:\/\/vapemaison.com\/cs\/product\/40000-puffs-disposable-vape-vozol-rave-peach-raspberry-lemonade-rechargeable-vape\/","title":{"rendered":"40000 Puffs Vape na jedno pou\u017eit\u00ed | VOZOL RAVE Peach Raspberry Lemonade | Dob\u00edjec\u00ed Vape"},"content":{"rendered":"<h4 class=\"wp-block-heading\">Nap\u00ednav\u00fd \u00favod a hlavn\u00ed v\u00fdhody<\/h4>\n\n\n\n<h2 class=\"wp-block-heading\">VOZOL RAVE 40000 Puffs Peach Raspberry Lemonade: Sladk\u00e1, pikantn\u00ed a komplexn\u00ed<\/h2>\n\n\n\n<p>Na str\u00e1nk\u00e1ch <strong>VOZOL RAVE 40000 Puffs Vape na jedno pou\u017eit\u00ed<\/strong> v broskvovo-malinov\u00e9 limon\u00e1d\u011b je mistrovsk\u00e1 sm\u011bs t\u0159\u00ed r\u016fzn\u00fdch ovocn\u00fdch t\u00f3n\u016f, kter\u00e9 vytv\u00e1\u0159ej\u00ed sofistikovan\u00fd a intenzivn\u00ed chu\u0165ov\u00fd profil. Tento model je navr\u017een pro extr\u00e9mn\u00ed v\u00fddr\u017e a poskytuje neuv\u011b\u0159itelnou v\u00fddr\u017e. <strong>Kapacita 40000 obl\u00e1\u010dk\u016f<\/strong> a je prezentov\u00e1n podmaniv\u00fdm <strong>270\u00b0 sv\u011bteln\u00e1 show LED<\/strong>. VOZOL RAVE je dokonal\u00fd <strong>Dob\u00edjec\u00ed vape<\/strong> pro vapery, kte\u0159\u00ed tou\u017e\u00ed po komplexnosti a spolehlivosti v jednom za\u0159\u00edzen\u00ed.<\/p>\n\n\n\n<h4 class=\"wp-block-heading\">Chu\u0165ov\u00e9 hody: Objevte sv\u00e9 obl\u00edben\u00e9 chut\u011b: Objevte sv\u00e9 obl\u00edben\u00e9 chut\u011b.<\/h4>\n\n\n\n<h2 class=\"wp-block-heading\">Broskvovo-malinov\u00e1 limon\u00e1da: V l\u00e9t\u011b se hod\u00ed na pit\u00ed<\/h2>\n\n\n\n<p>Tento chu\u0165ov\u00fd profil dokonale napodobuje chu\u0165 \u010derstv\u011b p\u0159ipraven\u00e9ho letn\u00edho n\u00e1poje. Kombinuje v sob\u011b <strong>jemn\u00e9, sladk\u00e9 t\u00f3ny zral\u00e9 broskve<\/strong>, ... <strong>ostr\u00fd, lehce trpk\u00fd n\u00e1dech malin<\/strong>, a <strong>pikantn\u00ed, osv\u011b\u017euj\u00edc\u00ed chu\u0165 limon\u00e1dy<\/strong>. V\u00fdsledn\u00fd vape je jasn\u00fd, komplexn\u00ed a velmi povzbuzuj\u00edc\u00ed, ide\u00e1ln\u00ed pro pro\u010di\u0161t\u011bn\u00ed chuti.<\/p>\n\n\n\n<ul class=\"wp-block-list\">\n<li>Blue Razz Ice<\/li>\n\n\n\n<li>Bor\u016fvkov\u00fd led<\/li>\n\n\n\n<li>Bor\u016fvkov\u00fd meloun<\/li>\n\n\n\n<li>T\u0159e\u0161\u0148ov\u00e1 jahoda<\/li>\n\n\n\n<li>Cool Mint<\/li>\n\n\n\n<li>Dvojit\u00e9 jablko<\/li>\n\n\n\n<li>Hroznov\u00fd led<\/li>\n\n\n\n<li>L\u00e1ska 777<\/li>\n\n\n\n<li>Mango Ice<\/li>\n\n\n\n<li>Mango Peach<\/li>\n\n\n\n<li>Broskvov\u00fd led<\/li>\n\n\n\n<li><strong>Broskvovo-malinov\u00e1 limon\u00e1da:<\/strong> Komplexn\u00ed a pikantn\u00ed chu\u0165 n\u00e1poje, ve kter\u00e9 se m\u00eds\u00ed sladkost broskv\u00ed, trpkost malin a jasn\u00e1 chu\u0165 limon\u00e1dy.<\/li>\n\n\n\n<li>Jahodov\u00e1 zmrzlina<\/li>\n\n\n\n<li>Jahodov\u00e9 kiwi<\/li>\n\n\n\n<li>Jahodov\u00e9 mango<\/li>\n\n\n\n<li>Jahodov\u00fd meloun<\/li>\n\n\n\n<li>Strawmelon Peach<\/li>\n\n\n\n<li>Melounov\u00e1 \u017ev\u00fdka\u010dka<\/li>\n\n\n\n<li>Melounov\u00fd led<\/li>\n\n\n\n<li>Meloun Razz Rancher<\/li>\n<\/ul>\n\n\n\n<h4 class=\"wp-block-heading\">Technick\u00e9 specifikace a hlavn\u00ed prvky designu<\/h4>\n\n\n\n<h2 class=\"wp-block-heading\">VOZOL RAVE 40000 Technick\u00e9 specifikace a inovace<\/h2>\n\n\n\n<p>VOZOL RAVE 40000 je vyroben s vyu\u017eit\u00edm nejmodern\u011bj\u0161\u00edch technologi\u00ed, kter\u00e9 zaru\u010duj\u00ed prvot\u0159\u00eddn\u00ed z\u00e1\u017eitek pro ka\u017ed\u00e9ho p\u00e1va.<\/p>\n\n\n\n<ul class=\"wp-block-list\">\n<li><strong>Max Puffs:<\/strong> P\u0159ibli\u017en\u011b. <strong>40000 Puffs<\/strong><\/li>\n\n\n\n<li><strong>Kapacita e-liquidu:<\/strong> 20 ml<\/li>\n\n\n\n<li><strong>Baterie:<\/strong> 1000 mAh <strong>Dob\u00edjec\u00ed<\/strong><\/li>\n\n\n\n<li><strong>S\u00edla nikotinu:<\/strong> 5% (50 mg\/ml) Soln\u00fd nikotin<\/li>\n\n\n\n<li><strong>Syst\u00e9m c\u00edvek:<\/strong> <strong>Dvojit\u00e1 s\u00ed\u0165ov\u00e1 c\u00edvka<\/strong> se spole\u010dnost\u00ed S.i.L.C. Tech<\/li>\n\n\n\n<li><strong>Nab\u00edjen\u00ed:<\/strong> Port USB typu C (rychl\u00e9 nab\u00edjen\u00ed)<\/li>\n\n\n\n<li><strong>Speci\u00e1ln\u00ed funkce:<\/strong> <strong>270\u00b0 displej LED se sn\u00edm\u00e1n\u00edm rytmu<\/strong><\/li>\n\n\n\n<li><strong>Aktivace:<\/strong> Kreslen\u00ed aktivovan\u00e9<\/li>\n<\/ul>\n\n\n\n<p>Na str\u00e1nk\u00e1ch <strong>Dvojit\u00e1 s\u00ed\u0165ov\u00e1 c\u00edvka<\/strong> Syst\u00e9m je pro tuto komplexn\u00ed t\u0159\u00edd\u00edlnou p\u0159\u00edchu\u0165 z\u00e1sadn\u00ed, proto\u017ee zaji\u0161\u0165uje, \u017ee v\u00fdrazn\u00e9 t\u00f3ny broskv\u00ed, malin a limon\u00e1dy jsou jasn\u011b p\u0159\u00edtomn\u00e9 a konzistentn\u011b dod\u00e1van\u00e9 v hladk\u00e9, aromatick\u00e9 p\u00e1\u0159e, \u010d\u00edm\u017e se maxim\u00e1ln\u011b vyu\u017e\u00edv\u00e1 <strong>40000 Puffs Vape na jedno pou\u017eit\u00ed<\/strong> kapacitu.<\/p>\n\n\n\n<h4 class=\"wp-block-heading\">D\u016fvody pro koupi nyn\u00ed<\/h4>\n\n\n\n<h2 class=\"wp-block-heading\">Upozorn\u011bn\u00ed na omezen\u00e9 z\u00e1soby: Vezm\u011bte si broskvovo-malinovou limon\u00e1du VOZOL RAVE!<\/h2>\n\n\n\n<p>VOZOL RAVE 40000 je nejpokro\u010dilej\u0161\u00ed <strong>Dob\u00edjec\u00ed vape<\/strong> s kolos\u00e1ln\u00edm <strong>40000 Puffs Vape na jedno pou\u017eit\u00ed<\/strong> kapacitu. Jedine\u010dn\u00e1 a osv\u011b\u017euj\u00edc\u00ed p\u0159\u00edchu\u0165 broskvovo-malinov\u00e9 limon\u00e1dy je obl\u00edben\u00e1. <strong>Aktu\u00e1ln\u00ed skladov\u00e9 z\u00e1soby jsou velmi omezen\u00e9!<\/strong><\/p>\n\n\n\n<p><strong>Jednejte rychle:<\/strong> Zajist\u011bte si VOZOL RAVE 40000 nyn\u00ed a vychutnejte si prvot\u0159\u00eddn\u00ed, nep\u0159eru\u0161ovan\u00fd vapingov\u00fd z\u00e1\u017eitek s dynamick\u00fdm vizu\u00e1ln\u00edm n\u00e1dechem. <strong>Objednejte si tento dokonal\u00fd VOZOL vape, ne\u017e se vyprod\u00e1!<\/strong><\/p>","protected":false},"excerpt":{"rendered":"<p>Thrilling Introduction &amp; Core Advantages VOZOL RAVE 40000 Puffs Peach Raspberry Lemonade: Zesty, Sweet, and Complex The VOZOL RAVE 40000 Puffs Disposable Vape in Peach Raspberry Lemonade is a masterful blend of three distinct fruit notes, creating a sophisticated and intensely flavorful profile. Engineered for extreme endurance, this model provides an incredible 40000 puff capacity [&hellip;]<\/p>\n","protected":false},"featured_media":19290,"comment_status":"open","ping_status":"closed","template":"","meta":[],"product_brand":[178],"product_cat":[135],"product_tag":[],"class_list":{"0":"post-18619","1":"product","2":"type-product","3":"status-publish","4":"has-post-thumbnail","6":"product_brand-vozol","7":"product_cat-40k-puffs","9":"first","10":"instock","11":"sale","12":"shipping-taxable","13":"purchasable","14":"product-type-variable"},"yoast_head":"<!-- This site is optimized with the Yoast SEO plugin v27.4 - https:\/\/yoast.com\/product\/yoast-seo-wordpress\/ -->\n<title>40000 Puffs Disposable Vape | VOZOL RAVE Peach Raspberry Lemonade | Rechargeable Vape<\/title>\n<meta name=\"description\" content=\"Refresh your senses with Peach Raspberry Lemonade VOZOL RAVE 40000. This 40000 Puffs Disposable Vape offers a complex, tart, and sweet profile, featuring a 20ml tank and the vibrant 270\u00b0 Beat-Sensing LED Light. Get the best of VOZOL vapes today for a long-lasting, zesty flavor journey!\" \/>\n<meta name=\"robots\" content=\"index, follow, max-snippet:-1, max-image-preview:large, max-video-preview:-1\" \/>\n<link rel=\"canonical\" href=\"https:\/\/vapemaison.com\/cs\/produkt\/40000-puffs-jednorazove-vape-vozol-rave-broskev-malina-limonada-dobijeci-vape\/\" \/>\n<meta property=\"og:locale\" content=\"cs_CZ\" \/>\n<meta property=\"og:type\" content=\"article\" \/>\n<meta property=\"og:title\" content=\"40000 Puffs Disposable Vape | VOZOL RAVE Peach Raspberry Lemonade | Rechargeable Vape\" \/>\n<meta property=\"og:description\" content=\"Refresh your senses with Peach Raspberry Lemonade VOZOL RAVE 40000. This 40000 Puffs Disposable Vape offers a complex, tart, and sweet profile, featuring a 20ml tank and the vibrant 270\u00b0 Beat-Sensing LED Light. Get the best of VOZOL vapes today for a long-lasting, zesty flavor journey!\" \/>\n<meta property=\"og:url\" content=\"https:\/\/vapemaison.com\/cs\/produkt\/40000-puffs-jednorazove-vape-vozol-rave-broskev-malina-limonada-dobijeci-vape\/\" \/>\n<meta property=\"og:site_name\" content=\"VapeMaison\" \/>\n<meta property=\"article:modified_time\" content=\"2025-12-20T09:19:54+00:00\" \/>\n<meta property=\"og:image\" content=\"https:\/\/vapemaison.com\/wp-content\/uploads\/2025\/12\/vozol-rave-40000-Double-Apple-3.webp\" \/>\n\t<meta property=\"og:image:width\" content=\"1200\" \/>\n\t<meta property=\"og:image:height\" content=\"1200\" \/>\n\t<meta property=\"og:image:type\" content=\"image\/webp\" \/>\n<meta name=\"twitter:card\" content=\"summary_large_image\" \/>\n<meta name=\"twitter:label1\" content=\"Odhadovan\u00e1 doba \u010dten\u00ed\" \/>\n\t<meta name=\"twitter:data1\" content=\"2 minuty\" \/>\n<!-- \/ Yoast SEO plugin. -->","yoast_head_json":{"title":"40000 Puffs Vape na jedno pou\u017eit\u00ed | VOZOL RAVE Peach Raspberry Lemonade | Dob\u00edjec\u00ed Vape","description":"Osv\u011b\u017ete sv\u00e9 smysly broskvovo-malinovou limon\u00e1dou VOZOL RAVE 40000. Tato jednor\u00e1zov\u00e1 vape 40000 potah\u016f nab\u00edz\u00ed komplexn\u00ed, trpk\u00fd a sladk\u00fd profil, 20ml tank a z\u00e1\u0159iv\u00e9 270\u00b0 LED sv\u011btlo sn\u00edmaj\u00edc\u00ed tep. Po\u0159i\u010fte si to nejlep\u0161\u00ed z vap\u016f VOZOL je\u0161t\u011b dnes a vydejte se na dlouhotrvaj\u00edc\u00ed cestu plnou pikantn\u00ed chuti!","robots":{"index":"index","follow":"follow","max-snippet":"max-snippet:-1","max-image-preview":"max-image-preview:large","max-video-preview":"max-video-preview:-1"},"canonical":"https:\/\/vapemaison.com\/cs\/produkt\/40000-puffs-jednorazove-vape-vozol-rave-broskev-malina-limonada-dobijeci-vape\/","og_locale":"cs_CZ","og_type":"article","og_title":"40000 Puffs Disposable Vape | VOZOL RAVE Peach Raspberry Lemonade | Rechargeable Vape","og_description":"Refresh your senses with Peach Raspberry Lemonade VOZOL RAVE 40000. This 40000 Puffs Disposable Vape offers a complex, tart, and sweet profile, featuring a 20ml tank and the vibrant 270\u00b0 Beat-Sensing LED Light. Get the best of VOZOL vapes today for a long-lasting, zesty flavor journey!","og_url":"https:\/\/vapemaison.com\/cs\/produkt\/40000-puffs-jednorazove-vape-vozol-rave-broskev-malina-limonada-dobijeci-vape\/","og_site_name":"VapeMaison","article_modified_time":"2025-12-20T09:19:54+00:00","og_image":[{"width":1200,"height":1200,"url":"https:\/\/vapemaison.com\/wp-content\/uploads\/2025\/12\/vozol-rave-40000-Double-Apple-3.webp","type":"image\/webp"}],"twitter_card":"summary_large_image","twitter_misc":{"Odhadovan\u00e1 doba \u010dten\u00ed":"2 minuty"},"schema":{"@context":"https:\/\/schema.org","@graph":[{"@type":"WebPage","@id":"https:\/\/vapemaison.com\/product\/40000-puffs-disposable-vape-vozol-rave-peach-raspberry-lemonade-rechargeable-vape\/","url":"https:\/\/vapemaison.com\/product\/40000-puffs-disposable-vape-vozol-rave-peach-raspberry-lemonade-rechargeable-vape\/","name":"40000 Puffs Vape na jedno pou\u017eit\u00ed | VOZOL RAVE Peach Raspberry Lemonade | Dob\u00edjec\u00ed Vape","isPartOf":{"@id":"https:\/\/vapemaison.com\/#website"},"primaryImageOfPage":{"@id":"https:\/\/vapemaison.com\/product\/40000-puffs-disposable-vape-vozol-rave-peach-raspberry-lemonade-rechargeable-vape\/#primaryimage"},"image":{"@id":"https:\/\/vapemaison.com\/product\/40000-puffs-disposable-vape-vozol-rave-peach-raspberry-lemonade-rechargeable-vape\/#primaryimage"},"thumbnailUrl":"https:\/\/vapemaison.com\/wp-content\/uploads\/2025\/12\/vozol-rave-40000-Double-Apple-3.webp","datePublished":"2025-12-15T09:13:30+00:00","dateModified":"2025-12-20T09:19:54+00:00","description":"Osv\u011b\u017ete sv\u00e9 smysly broskvovo-malinovou limon\u00e1dou VOZOL RAVE 40000. Tato jednor\u00e1zov\u00e1 vape 40000 potah\u016f nab\u00edz\u00ed komplexn\u00ed, trpk\u00fd a sladk\u00fd profil, 20ml tank a z\u00e1\u0159iv\u00e9 270\u00b0 LED sv\u011btlo sn\u00edmaj\u00edc\u00ed tep. Po\u0159i\u010fte si to nejlep\u0161\u00ed z vap\u016f VOZOL je\u0161t\u011b dnes a vydejte se na dlouhotrvaj\u00edc\u00ed cestu plnou pikantn\u00ed chuti!","breadcrumb":{"@id":"https:\/\/vapemaison.com\/product\/40000-puffs-disposable-vape-vozol-rave-peach-raspberry-lemonade-rechargeable-vape\/#breadcrumb"},"inLanguage":"cs","potentialAction":[{"@type":"ReadAction","target":["https:\/\/vapemaison.com\/product\/40000-puffs-disposable-vape-vozol-rave-peach-raspberry-lemonade-rechargeable-vape\/"]}]},{"@type":"ImageObject","inLanguage":"cs","@id":"https:\/\/vapemaison.com\/product\/40000-puffs-disposable-vape-vozol-rave-peach-raspberry-lemonade-rechargeable-vape\/#primaryimage","url":"https:\/\/vapemaison.com\/wp-content\/uploads\/2025\/12\/vozol-rave-40000-Double-Apple-3.webp","contentUrl":"https:\/\/vapemaison.com\/wp-content\/uploads\/2025\/12\/vozol-rave-40000-Double-Apple-3.webp","width":1200,"height":1200,"caption":"Vozol Rave Double Apple Disposable Vape Device"},{"@type":"BreadcrumbList","@id":"https:\/\/vapemaison.com\/product\/40000-puffs-disposable-vape-vozol-rave-peach-raspberry-lemonade-rechargeable-vape\/#breadcrumb","itemListElement":[{"@type":"ListItem","position":1,"name":"\u9996\u9875","item":"https:\/\/vapemaison.com\/"},{"@type":"ListItem","position":2,"name":"Shop","item":"https:\/\/vapemaison.com\/shop\/"},{"@type":"ListItem","position":3,"name":"Vozol","item":"https:\/\/vapemaison.com\/brand\/vozol\/"},{"@type":"ListItem","position":4,"name":"40000 Puffs Disposable Vape | VOZOL RAVE Peach Raspberry Lemonade | Rechargeable Vape"}]},{"@type":"WebSite","@id":"https:\/\/vapemaison.com\/#website","url":"https:\/\/vapemaison.com\/","name":"VapeMaison","description":"Pr\u00e9miov\u00e1 vapingov\u00e1 za\u0159\u00edzen\u00ed a p\u0159\u00edslu\u0161enstv\u00ed","publisher":{"@id":"https:\/\/vapemaison.com\/#organization"},"potentialAction":[{"@type":"SearchAction","target":{"@type":"EntryPoint","urlTemplate":"https:\/\/vapemaison.com\/?s={search_term_string}"},"query-input":{"@type":"PropertyValueSpecification","valueRequired":true,"valueName":"search_term_string"}}],"inLanguage":"cs"},{"@type":"Organization","@id":"https:\/\/vapemaison.com\/#organization","name":"VapeMaison","url":"https:\/\/vapemaison.com\/","logo":{"@type":"ImageObject","inLanguage":"cs","@id":"https:\/\/vapemaison.com\/#\/schema\/logo\/image\/","url":"https:\/\/vapemaison.com\/wp-content\/uploads\/2026\/01\/cropped-vapemaison-logo-g-2026.webp","contentUrl":"https:\/\/vapemaison.com\/wp-content\/uploads\/2026\/01\/cropped-vapemaison-logo-g-2026.webp","width":350,"height":280,"caption":"VapeMaison"},"image":{"@id":"https:\/\/vapemaison.com\/#\/schema\/logo\/image\/"},"sameAs":["https:\/\/www.youtube.com\/@VapeMaison"]}]}},"tiered_pricing_type":"fixed","tiered_pricing_fixed_rules":{"30":"12.24","50":"11.63","100":"10.86","200":"9.98"},"tiered_pricing_product_settings":{"layout":"default","base_unit_name":{"singular":null,"plural":null},"default_variation":null},"tiered_pricing_minimum_quantity":10,"tiered_pricing_roles_data":[],"tiered_pricing_percentage_rules":[],"tiered_pricing_maximum_quantity":null,"tiered_pricing_quantity_step":"10","_links":{"self":[{"href":"https:\/\/vapemaison.com\/cs\/wp-json\/wp\/v2\/product\/18619","targetHints":{"allow":["GET"]}}],"collection":[{"href":"https:\/\/vapemaison.com\/cs\/wp-json\/wp\/v2\/product"}],"about":[{"href":"https:\/\/vapemaison.com\/cs\/wp-json\/wp\/v2\/types\/product"}],"replies":[{"embeddable":true,"href":"https:\/\/vapemaison.com\/cs\/wp-json\/wp\/v2\/comments?post=18619"}],"version-history":[{"count":0,"href":"https:\/\/vapemaison.com\/cs\/wp-json\/wp\/v2\/product\/18619\/revisions"}],"wp:featuredmedia":[{"embeddable":true,"href":"https:\/\/vapemaison.com\/cs\/wp-json\/wp\/v2\/media\/19290"}],"wp:attachment":[{"href":"https:\/\/vapemaison.com\/cs\/wp-json\/wp\/v2\/media?parent=18619"}],"wp:term":[{"taxonomy":"product_brand","embeddable":true,"href":"https:\/\/vapemaison.com\/cs\/wp-json\/wp\/v2\/product_brand?post=18619"},{"taxonomy":"product_cat","embeddable":true,"href":"https:\/\/vapemaison.com\/cs\/wp-json\/wp\/v2\/product_cat?post=18619"},{"taxonomy":"product_tag","embeddable":true,"href":"https:\/\/vapemaison.com\/cs\/wp-json\/wp\/v2\/product_tag?post=18619"}],"curies":[{"name":"wp","href":"https:\/\/api.w.org\/{rel}","templated":true}]}}