

{"id":18644,"date":"2025-12-15T09:13:33","date_gmt":"2025-12-15T09:13:33","guid":{"rendered":"https:\/\/vapemaison.com\/?post_type=product&#038;p=18644"},"modified":"2025-12-20T09:12:04","modified_gmt":"2025-12-20T09:12:04","slug":"dobijeci-vape-vozol-rave-40000-puffs-jahodova-ledova-prichut-vozol-vapes","status":"publish","type":"product","link":"https:\/\/vapemaison.com\/cs\/product\/rechargeable-vape-vozol-rave-40000-puffs-strawberry-ice-flavor-vozol-vapes\/","title":{"rendered":"Dob\u00edjec\u00ed vape | VOZOL RAVE 40000 Puffs Strawberry Ice Flavor | VOZOL Vapes"},"content":{"rendered":"<h2 class=\"wp-block-heading\">VOZOL RAVE 40000 Puffs Strawberry Ice: Klasick\u00e1 sladkost s ledov\u00fdm n\u00e1dechem<\/h2>\n\n\n\n<p>Na str\u00e1nk\u00e1ch <strong>VOZOL RAVE 40000 Puffs Vape na jedno pou\u017eit\u00ed<\/strong> ve Strawberry Ice poskytuje jeden z nejobl\u00edben\u011bj\u0161\u00edch a nejst\u00e1lej\u0161\u00edch chu\u0165ov\u00fdch profil\u016f - sladkou jahodu s chladiv\u00fdm v\u00fddechem. Toto za\u0159\u00edzen\u00ed je navr\u017eeno pro maxim\u00e1ln\u00ed spokojenost u\u017eivatel\u016f a je vybaveno mimo\u0159\u00e1dn\u00fdm <strong>Kapacita 40000 obl\u00e1\u010dk\u016f<\/strong> a je vizu\u00e1ln\u011b ohromuj\u00edc\u00ed sv\u00fdmi \u017eiv\u00fdmi barvami. <strong>270\u00b0 sv\u011bteln\u00e1 show LED<\/strong>. VOZOL RAVE je perfektn\u00ed <strong>Dob\u00edjec\u00ed vape<\/strong> pro vapery, kte\u0159\u00ed hledaj\u00ed klasickou, spolehlivou chu\u0165 ve vysoce v\u00fdkonn\u00e9m form\u00e1tu s dlouhou v\u00fddr\u017e\u00ed.<\/p>\n\n\n\n<h4 class=\"wp-block-heading\">Chu\u0165ov\u00e9 hody: Objevte sv\u00e9 obl\u00edben\u00e9 chut\u011b: Objevte sv\u00e9 obl\u00edben\u00e9 chut\u011b.<\/h4>\n\n\n\n<h2 class=\"wp-block-heading\">Jahodov\u00e1 zmrzlina: jednoduch\u00e1 dokonalost<\/h2>\n\n\n\n<p>Jahodov\u00e1 zmrzlina je klasika z n\u011bjak\u00e9ho d\u016fvodu. P\u0159in\u00e1\u0161\u00ed <strong>\u010dist\u00e1, rozpoznateln\u00e1 chu\u0165 sladk\u00fdch zahradn\u00edch jahod proh\u0159\u00e1t\u00fdch sluncem.<\/strong> a zakon\u010d\u00ed z\u00e1\u017eitek <strong>sv\u011b\u017e\u00ed, \u010dist\u00e1 vlna mentolu<\/strong>. Chu\u0165 je nekomplikovan\u00e1, neuv\u011b\u0159iteln\u011b jemn\u00e1 a nab\u00edz\u00ed osv\u011b\u017euj\u00edc\u00ed ovocn\u00fd z\u00e1\u017eitek, kter\u00fd si m\u016f\u017eete vychutn\u00e1vat po cel\u00fd den.<\/p>\n\n\n\n<ul class=\"wp-block-list\">\n<li>Blue Razz Ice<\/li>\n\n\n\n<li>Bor\u016fvkov\u00fd led<\/li>\n\n\n\n<li>Bor\u016fvkov\u00fd meloun<\/li>\n\n\n\n<li>T\u0159e\u0161\u0148ov\u00e1 jahoda<\/li>\n\n\n\n<li>Cool Mint<\/li>\n\n\n\n<li>Dvojit\u00e9 jablko<\/li>\n\n\n\n<li>Hroznov\u00fd led<\/li>\n\n\n\n<li>L\u00e1ska 777<\/li>\n\n\n\n<li>Mango Ice<\/li>\n\n\n\n<li>Mango Peach<\/li>\n\n\n\n<li>Broskvov\u00fd led<\/li>\n\n\n\n<li>Broskvovo-malinov\u00e1 limon\u00e1da<\/li>\n\n\n\n<li><strong>Jahodov\u00fd led:<\/strong> Nad\u010dasov\u00e1 sladkost \u010derstv\u00fdch zral\u00fdch jahod zakon\u010den\u00e1 dokonale vyv\u00e1\u017een\u00fdm mentolov\u00fdm chladem.<\/li>\n\n\n\n<li>Jahodov\u00e9 kiwi<\/li>\n\n\n\n<li>Jahodov\u00e9 mango<\/li>\n\n\n\n<li>Jahodov\u00fd meloun<\/li>\n\n\n\n<li>Strawmelon Peach<\/li>\n\n\n\n<li>Melounov\u00e1 \u017ev\u00fdka\u010dka<\/li>\n\n\n\n<li>Melounov\u00fd led<\/li>\n\n\n\n<li>Meloun Razz Rancher<\/li>\n<\/ul>\n\n\n\n<h4 class=\"wp-block-heading\">Technick\u00e9 specifikace a hlavn\u00ed prvky designu<\/h4>\n\n\n\n<h2 class=\"wp-block-heading\">VOZOL RAVE 40000 Technick\u00e9 specifikace a inovace<\/h2>\n\n\n\n<p>VOZOL RAVE 40000 je vyroben s vyu\u017eit\u00edm nejmodern\u011bj\u0161\u00edch technologi\u00ed, kter\u00e9 zaru\u010duj\u00ed prvot\u0159\u00eddn\u00ed z\u00e1\u017eitek pro ka\u017ed\u00e9ho p\u00e1va.<\/p>\n\n\n\n<ul class=\"wp-block-list\">\n<li><strong>Max Puffs:<\/strong> P\u0159ibli\u017en\u011b. <strong>40000 Puffs<\/strong><\/li>\n\n\n\n<li><strong>Kapacita e-liquidu:<\/strong> 20 ml<\/li>\n\n\n\n<li><strong>Baterie:<\/strong> 1000 mAh <strong>Dob\u00edjec\u00ed<\/strong><\/li>\n\n\n\n<li><strong>S\u00edla nikotinu:<\/strong> 5% (50 mg\/ml) Soln\u00fd nikotin<\/li>\n\n\n\n<li><strong>Syst\u00e9m c\u00edvek:<\/strong> <strong>Dvojit\u00e1 s\u00ed\u0165ov\u00e1 c\u00edvka<\/strong> se spole\u010dnost\u00ed S.i.L.C. Tech<\/li>\n\n\n\n<li><strong>Nab\u00edjen\u00ed:<\/strong> Port USB typu C (rychl\u00e9 nab\u00edjen\u00ed)<\/li>\n\n\n\n<li><strong>Speci\u00e1ln\u00ed funkce:<\/strong> <strong>270\u00b0 displej LED se sn\u00edm\u00e1n\u00edm rytmu<\/strong><\/li>\n\n\n\n<li><strong>Aktivace:<\/strong> Kreslen\u00ed aktivovan\u00e9<\/li>\n<\/ul>\n\n\n\n<p>D\u00edky vysoce efektivn\u00edmu <strong>Dvojit\u00e1 s\u00ed\u0165ov\u00e1 c\u00edvka<\/strong> Syst\u00e9m VOZOL RAVE 40000 dok\u00e1\u017ee zachovat jemn\u00fd, sladk\u00fd charakter jahod a z\u00e1rove\u0148 dod\u00e1v\u00e1 chladiv\u00fd, uspokojiv\u00fd led, \u010d\u00edm\u017e zaji\u0161\u0165uje dokonalou konzistenci chuti v cel\u00e9m obrovsk\u00e9m mno\u017estv\u00ed. <strong>40000 Puffs Vape na jedno pou\u017eit\u00ed<\/strong> \u017eivotnost.<\/p>\n\n\n\n<h4 class=\"wp-block-heading\">D. \ud83d\uded2 D\u016fvody ke koupi nyn\u00ed<\/h4>\n\n\n\n<h2 class=\"wp-block-heading\">Upozorn\u011bn\u00ed na omezen\u00e9 z\u00e1soby: Vezm\u011bte si jahodov\u00fd led VOZOL RAVE!<\/h2>\n\n\n\n<p>VOZOL RAVE 40000 je zlat\u00fdm standardem pro <strong>40000 Puffs Vape na jedno pou\u017eit\u00ed<\/strong> kombinuj\u00edc\u00ed revolu\u010dn\u00ed po\u010det \u0161luk\u016f s vynikaj\u00edc\u00edm pod\u00e1n\u00edm chuti. Strawberry Ice je jednou z na\u0161ich nejprod\u00e1van\u011bj\u0161\u00edch p\u0159\u00edchut\u00ed. <strong>Aktu\u00e1ln\u00ed stav z\u00e1sob je extr\u00e9mn\u011b n\u00edzk\u00fd!<\/strong><\/p>\n\n\n\n<p><strong>Jednejte rychle:<\/strong> Zajist\u011bte si VOZOL RAVE 40000 nyn\u00ed a vychutnejte si prvot\u0159\u00eddn\u00ed, dlouhotrvaj\u00edc\u00ed a osv\u011b\u017euj\u00edc\u00ed sladk\u00fd vapingov\u00fd z\u00e1\u017eitek. <strong>Ne\u010dekejte - objednejte si tuto z\u00e1sadn\u00ed vape VOZOL je\u0161t\u011b dnes!<\/strong><\/p>","protected":false},"excerpt":{"rendered":"<p>VOZOL RAVE 40000 Puffs Strawberry Ice: Classic Sweetness, Icy Twist The VOZOL RAVE 40000 Puffs Disposable Vape in Strawberry Ice provides one of the most beloved and consistent flavor profiles\u2014sweet strawberry with a cool exhale. Designed for maximum user satisfaction, this device features an extraordinary 40000 puff capacity and is visually stunning with its vibrant [&hellip;]<\/p>\n","protected":false},"featured_media":19297,"comment_status":"open","ping_status":"closed","template":"","meta":[],"product_brand":[178],"product_cat":[135],"product_tag":[],"class_list":{"0":"post-18644","1":"product","2":"type-product","3":"status-publish","4":"has-post-thumbnail","6":"product_brand-vozol","7":"product_cat-40k-puffs","9":"first","10":"instock","11":"sale","12":"shipping-taxable","13":"purchasable","14":"product-type-variable"},"yoast_head":"<!-- This site is optimized with the Yoast SEO plugin v27.4 - https:\/\/yoast.com\/product\/yoast-seo-wordpress\/ -->\n<title>Rechargeable Vape | VOZOL RAVE 40000 Puffs Strawberry Ice Flavor | VOZOL Vapes<\/title>\n<meta name=\"description\" content=\"Taste the pure, sweet delight of Strawberry Ice with the VOZOL RAVE 40000. This 40000 Puffs Disposable Vape offers a huge 20ml capacity and the mesmerizing 270\u00b0 Beat-Sensing LED Light. Get the best of VOZOL vapes with this classic, frosty strawberry blend. Order your long-lasting, flavorful device today!\" \/>\n<meta name=\"robots\" content=\"index, follow, max-snippet:-1, max-image-preview:large, max-video-preview:-1\" \/>\n<link rel=\"canonical\" href=\"https:\/\/vapemaison.com\/cs\/produkt\/dobijeci-vape-vozol-rave-40000-puffs-jahodova-ledova-prichut-vozol-vapes\/\" \/>\n<meta property=\"og:locale\" content=\"cs_CZ\" \/>\n<meta property=\"og:type\" content=\"article\" \/>\n<meta property=\"og:title\" content=\"Rechargeable Vape | VOZOL RAVE 40000 Puffs Strawberry Ice Flavor | VOZOL Vapes\" \/>\n<meta property=\"og:description\" content=\"Taste the pure, sweet delight of Strawberry Ice with the VOZOL RAVE 40000. This 40000 Puffs Disposable Vape offers a huge 20ml capacity and the mesmerizing 270\u00b0 Beat-Sensing LED Light. Get the best of VOZOL vapes with this classic, frosty strawberry blend. Order your long-lasting, flavorful device today!\" \/>\n<meta property=\"og:url\" content=\"https:\/\/vapemaison.com\/cs\/produkt\/dobijeci-vape-vozol-rave-40000-puffs-jahodova-ledova-prichut-vozol-vapes\/\" \/>\n<meta property=\"og:site_name\" content=\"VapeMaison\" \/>\n<meta property=\"article:modified_time\" content=\"2025-12-20T09:12:04+00:00\" \/>\n<meta property=\"og:image\" content=\"https:\/\/vapemaison.com\/wp-content\/uploads\/2025\/12\/vozol-rave-40000-Strawberry-Ice-2-800x800-1.webp\" \/>\n\t<meta property=\"og:image:width\" content=\"800\" \/>\n\t<meta property=\"og:image:height\" content=\"800\" \/>\n\t<meta property=\"og:image:type\" content=\"image\/webp\" \/>\n<meta name=\"twitter:card\" content=\"summary_large_image\" \/>\n<meta name=\"twitter:label1\" content=\"Odhadovan\u00e1 doba \u010dten\u00ed\" \/>\n\t<meta name=\"twitter:data1\" content=\"2 minuty\" \/>\n<!-- \/ Yoast SEO plugin. -->","yoast_head_json":{"title":"Dob\u00edjec\u00ed vape | VOZOL RAVE 40000 Puffs Strawberry Ice Flavor | VOZOL Vapes","description":"Ochutnejte \u010dist\u00fd, sladk\u00fd po\u017eitek z jahodov\u00e9 zmrzliny s VOZOL RAVE 40000. Tento jednor\u00e1zov\u00fd vape 40000 potah\u016f nab\u00edz\u00ed obrovskou kapacitu 20 ml a fascinuj\u00edc\u00ed 270\u00b0 LED sv\u011btlo sn\u00edmaj\u00edc\u00ed rytmus. Z\u00edskejte to nejlep\u0161\u00ed z vap\u016f VOZOL s touto klasickou mrazivou jahodovou sm\u011bs\u00ed. Objednejte si sv\u00e9 za\u0159\u00edzen\u00ed s dlouhou v\u00fddr\u017e\u00ed a chut\u00ed je\u0161t\u011b dnes!","robots":{"index":"index","follow":"follow","max-snippet":"max-snippet:-1","max-image-preview":"max-image-preview:large","max-video-preview":"max-video-preview:-1"},"canonical":"https:\/\/vapemaison.com\/cs\/produkt\/dobijeci-vape-vozol-rave-40000-puffs-jahodova-ledova-prichut-vozol-vapes\/","og_locale":"cs_CZ","og_type":"article","og_title":"Rechargeable Vape | VOZOL RAVE 40000 Puffs Strawberry Ice Flavor | VOZOL Vapes","og_description":"Taste the pure, sweet delight of Strawberry Ice with the VOZOL RAVE 40000. This 40000 Puffs Disposable Vape offers a huge 20ml capacity and the mesmerizing 270\u00b0 Beat-Sensing LED Light. Get the best of VOZOL vapes with this classic, frosty strawberry blend. Order your long-lasting, flavorful device today!","og_url":"https:\/\/vapemaison.com\/cs\/produkt\/dobijeci-vape-vozol-rave-40000-puffs-jahodova-ledova-prichut-vozol-vapes\/","og_site_name":"VapeMaison","article_modified_time":"2025-12-20T09:12:04+00:00","og_image":[{"width":800,"height":800,"url":"https:\/\/vapemaison.com\/wp-content\/uploads\/2025\/12\/vozol-rave-40000-Strawberry-Ice-2-800x800-1.webp","type":"image\/webp"}],"twitter_card":"summary_large_image","twitter_misc":{"Odhadovan\u00e1 doba \u010dten\u00ed":"2 minuty"},"schema":{"@context":"https:\/\/schema.org","@graph":[{"@type":"WebPage","@id":"https:\/\/vapemaison.com\/product\/rechargeable-vape-vozol-rave-40000-puffs-strawberry-ice-flavor-vozol-vapes\/","url":"https:\/\/vapemaison.com\/product\/rechargeable-vape-vozol-rave-40000-puffs-strawberry-ice-flavor-vozol-vapes\/","name":"Dob\u00edjec\u00ed vape | VOZOL RAVE 40000 Puffs Strawberry Ice Flavor | VOZOL Vapes","isPartOf":{"@id":"https:\/\/vapemaison.com\/#website"},"primaryImageOfPage":{"@id":"https:\/\/vapemaison.com\/product\/rechargeable-vape-vozol-rave-40000-puffs-strawberry-ice-flavor-vozol-vapes\/#primaryimage"},"image":{"@id":"https:\/\/vapemaison.com\/product\/rechargeable-vape-vozol-rave-40000-puffs-strawberry-ice-flavor-vozol-vapes\/#primaryimage"},"thumbnailUrl":"https:\/\/vapemaison.com\/wp-content\/uploads\/2025\/12\/vozol-rave-40000-Strawberry-Ice-2-800x800-1.webp","datePublished":"2025-12-15T09:13:33+00:00","dateModified":"2025-12-20T09:12:04+00:00","description":"Ochutnejte \u010dist\u00fd, sladk\u00fd po\u017eitek z jahodov\u00e9 zmrzliny s VOZOL RAVE 40000. Tento jednor\u00e1zov\u00fd vape 40000 potah\u016f nab\u00edz\u00ed obrovskou kapacitu 20 ml a fascinuj\u00edc\u00ed 270\u00b0 LED sv\u011btlo sn\u00edmaj\u00edc\u00ed rytmus. Z\u00edskejte to nejlep\u0161\u00ed z vap\u016f VOZOL s touto klasickou mrazivou jahodovou sm\u011bs\u00ed. Objednejte si sv\u00e9 za\u0159\u00edzen\u00ed s dlouhou v\u00fddr\u017e\u00ed a chut\u00ed je\u0161t\u011b dnes!","breadcrumb":{"@id":"https:\/\/vapemaison.com\/product\/rechargeable-vape-vozol-rave-40000-puffs-strawberry-ice-flavor-vozol-vapes\/#breadcrumb"},"inLanguage":"cs","potentialAction":[{"@type":"ReadAction","target":["https:\/\/vapemaison.com\/product\/rechargeable-vape-vozol-rave-40000-puffs-strawberry-ice-flavor-vozol-vapes\/"]}]},{"@type":"ImageObject","inLanguage":"cs","@id":"https:\/\/vapemaison.com\/product\/rechargeable-vape-vozol-rave-40000-puffs-strawberry-ice-flavor-vozol-vapes\/#primaryimage","url":"https:\/\/vapemaison.com\/wp-content\/uploads\/2025\/12\/vozol-rave-40000-Strawberry-Ice-2-800x800-1.webp","contentUrl":"https:\/\/vapemaison.com\/wp-content\/uploads\/2025\/12\/vozol-rave-40000-Strawberry-Ice-2-800x800-1.webp","width":800,"height":800,"caption":"Vozol Rave Strawberry Ice 2 800x800 Disposable Vape Device"},{"@type":"BreadcrumbList","@id":"https:\/\/vapemaison.com\/product\/rechargeable-vape-vozol-rave-40000-puffs-strawberry-ice-flavor-vozol-vapes\/#breadcrumb","itemListElement":[{"@type":"ListItem","position":1,"name":"\u9996\u9875","item":"https:\/\/vapemaison.com\/"},{"@type":"ListItem","position":2,"name":"Shop","item":"https:\/\/vapemaison.com\/shop\/"},{"@type":"ListItem","position":3,"name":"Vozol","item":"https:\/\/vapemaison.com\/brand\/vozol\/"},{"@type":"ListItem","position":4,"name":"Rechargeable Vape | VOZOL RAVE 40000 Puffs Strawberry Ice Flavor | VOZOL Vapes"}]},{"@type":"WebSite","@id":"https:\/\/vapemaison.com\/#website","url":"https:\/\/vapemaison.com\/","name":"VapeMaison","description":"Pr\u00e9miov\u00e1 vapingov\u00e1 za\u0159\u00edzen\u00ed a p\u0159\u00edslu\u0161enstv\u00ed","publisher":{"@id":"https:\/\/vapemaison.com\/#organization"},"potentialAction":[{"@type":"SearchAction","target":{"@type":"EntryPoint","urlTemplate":"https:\/\/vapemaison.com\/?s={search_term_string}"},"query-input":{"@type":"PropertyValueSpecification","valueRequired":true,"valueName":"search_term_string"}}],"inLanguage":"cs"},{"@type":"Organization","@id":"https:\/\/vapemaison.com\/#organization","name":"VapeMaison","url":"https:\/\/vapemaison.com\/","logo":{"@type":"ImageObject","inLanguage":"cs","@id":"https:\/\/vapemaison.com\/#\/schema\/logo\/image\/","url":"https:\/\/vapemaison.com\/wp-content\/uploads\/2026\/01\/cropped-vapemaison-logo-g-2026.webp","contentUrl":"https:\/\/vapemaison.com\/wp-content\/uploads\/2026\/01\/cropped-vapemaison-logo-g-2026.webp","width":350,"height":280,"caption":"VapeMaison"},"image":{"@id":"https:\/\/vapemaison.com\/#\/schema\/logo\/image\/"},"sameAs":["https:\/\/www.youtube.com\/@VapeMaison"]}]}},"tiered_pricing_type":"fixed","tiered_pricing_fixed_rules":{"30":"12.24","50":"11.63","100":"10.86","200":"9.98"},"tiered_pricing_product_settings":{"layout":"default","base_unit_name":{"singular":null,"plural":null},"default_variation":null},"tiered_pricing_minimum_quantity":10,"tiered_pricing_roles_data":[],"tiered_pricing_percentage_rules":[],"tiered_pricing_maximum_quantity":null,"tiered_pricing_quantity_step":"10","_links":{"self":[{"href":"https:\/\/vapemaison.com\/cs\/wp-json\/wp\/v2\/product\/18644","targetHints":{"allow":["GET"]}}],"collection":[{"href":"https:\/\/vapemaison.com\/cs\/wp-json\/wp\/v2\/product"}],"about":[{"href":"https:\/\/vapemaison.com\/cs\/wp-json\/wp\/v2\/types\/product"}],"replies":[{"embeddable":true,"href":"https:\/\/vapemaison.com\/cs\/wp-json\/wp\/v2\/comments?post=18644"}],"version-history":[{"count":0,"href":"https:\/\/vapemaison.com\/cs\/wp-json\/wp\/v2\/product\/18644\/revisions"}],"wp:featuredmedia":[{"embeddable":true,"href":"https:\/\/vapemaison.com\/cs\/wp-json\/wp\/v2\/media\/19297"}],"wp:attachment":[{"href":"https:\/\/vapemaison.com\/cs\/wp-json\/wp\/v2\/media?parent=18644"}],"wp:term":[{"taxonomy":"product_brand","embeddable":true,"href":"https:\/\/vapemaison.com\/cs\/wp-json\/wp\/v2\/product_brand?post=18644"},{"taxonomy":"product_cat","embeddable":true,"href":"https:\/\/vapemaison.com\/cs\/wp-json\/wp\/v2\/product_cat?post=18644"},{"taxonomy":"product_tag","embeddable":true,"href":"https:\/\/vapemaison.com\/cs\/wp-json\/wp\/v2\/product_tag?post=18644"}],"curies":[{"name":"wp","href":"https:\/\/api.w.org\/{rel}","templated":true}]}}