

{"id":18669,"date":"2025-12-15T09:13:34","date_gmt":"2025-12-15T09:13:34","guid":{"rendered":"https:\/\/vapemaison.com\/?post_type=product&#038;p=18669"},"modified":"2025-12-20T09:20:25","modified_gmt":"2025-12-20T09:20:25","slug":"40k-puffs-vozol-rave-jahoda-kiwi-prichut-vedl-dobijeci-vape","status":"publish","type":"product","link":"https:\/\/vapemaison.com\/cs\/product\/40k-puffs-vozol-rave-strawberry-kiwi-flavor-led-rechargeable-vape\/","title":{"rendered":"40k Puffs VOZOL RAVE Strawberry Kiwi Flavor LED | Dob\u00edjec\u00ed vape"},"content":{"rendered":"<h2 class=\"wp-block-heading\">VOZOL RAVE 40000 Puffs Strawberry Kiwi: Sladk\u00e9 a trpk\u00e9 duo<\/h2>\n\n\n\n<p>Na str\u00e1nk\u00e1ch <strong>VOZOL RAVE 40000 Puffs Vape na jedno pou\u017eit\u00ed<\/strong> v p\u0159\u00edchuti Strawberry Kiwi nab\u00edz\u00ed kr\u00e1sn\u011b vyv\u00e1\u017een\u00fd profil, kter\u00fd spojuje zn\u00e1mou sladkost jahod s pikantn\u00edm n\u00e1dechem kiwi. Tento \u0161pi\u010dkov\u00fd p\u0159\u00edstroj nab\u00edz\u00ed v\u00fdjime\u010dn\u00fd <strong>Kapacita 40000 obl\u00e1\u010dk\u016f<\/strong> a obsahuje velmi viditeln\u00fd <strong>270\u00b0 sv\u011bteln\u00e1 show LED<\/strong>. VOZOL RAVE je dokonal\u00fd <strong>Dob\u00edjec\u00ed vape<\/strong> pro vapery, kte\u0159\u00ed hledaj\u00ed jasnou, komplexn\u00ed a spolehlivou ovocnou chu\u0165 s bezkonkuren\u010dn\u00ed v\u00fddr\u017e\u00ed.<\/p>\n\n\n\n<h4 class=\"wp-block-heading\">Chu\u0165ov\u00e9 hody: Objevte sv\u00e9 obl\u00edben\u00e9 chut\u011b: Objevte sv\u00e9 obl\u00edben\u00e9 chut\u011b.<\/h4>\n\n\n\n<h2 class=\"wp-block-heading\">Jahodov\u00e9 kiwi: Sladk\u00e1 a pikantn\u00ed harmonie<\/h2>\n\n\n\n<p>Jahodov\u00e9 kiwi je velmi obl\u00edben\u00e1 kombinace chut\u00ed, kter\u00e1 dosahuje dokonal\u00e9 harmonie. Na <strong>sv\u011btl\u00e9, sladk\u00e9 t\u00f3ny jahod<\/strong> vede profil, za kter\u00fdm bezprost\u0159edn\u011b n\u00e1sleduje. <strong>exotick\u00e1, lehce kysel\u00e1 a \u0161\u0165avnat\u00e1 chu\u0165 kiwi<\/strong>. Sm\u011bs je neuv\u011b\u0159iteln\u011b osv\u011b\u017euj\u00edc\u00ed a poskytuje vrstevnat\u00fd ovocn\u00fd z\u00e1\u017eitek, kter\u00fd je jednoduch\u00fd i sofistikovan\u00fd.<\/p>\n\n\n\n<ul class=\"wp-block-list\">\n<li>Blue Razz Ice<\/li>\n\n\n\n<li>Bor\u016fvkov\u00fd led<\/li>\n\n\n\n<li>Bor\u016fvkov\u00fd meloun<\/li>\n\n\n\n<li>T\u0159e\u0161\u0148ov\u00e1 jahoda<\/li>\n\n\n\n<li>Cool Mint<\/li>\n\n\n\n<li>Dvojit\u00e9 jablko<\/li>\n\n\n\n<li>Hroznov\u00fd led<\/li>\n\n\n\n<li>L\u00e1ska 777<\/li>\n\n\n\n<li>Mango Ice<\/li>\n\n\n\n<li>Mango Peach<\/li>\n\n\n\n<li>Broskvov\u00fd led<\/li>\n\n\n\n<li>Broskvovo-malinov\u00e1 limon\u00e1da<\/li>\n\n\n\n<li>Jahodov\u00e1 zmrzlina<\/li>\n\n\n\n<li><strong>Jahodov\u00e9 kiwi:<\/strong> \u017div\u00e1 kombinace sladk\u00fdch zahradn\u00edch jahod a lehce trpk\u00e9, osv\u011b\u017euj\u00edc\u00ed k\u016fry kiwi.<\/li>\n\n\n\n<li>Jahodov\u00e9 mango<\/li>\n\n\n\n<li>Jahodov\u00fd meloun<\/li>\n\n\n\n<li>Strawmelon Peach<\/li>\n\n\n\n<li>Melounov\u00e1 \u017ev\u00fdka\u010dka<\/li>\n\n\n\n<li>Melounov\u00fd led<\/li>\n\n\n\n<li>Meloun Razz Rancher<\/li>\n<\/ul>\n\n\n\n<h4 class=\"wp-block-heading\">Technick\u00e9 specifikace a hlavn\u00ed prvky designu<\/h4>\n\n\n\n<h2 class=\"wp-block-heading\">VOZOL RAVE 40000 Technick\u00e9 specifikace a inovace<\/h2>\n\n\n\n<p>VOZOL RAVE 40000 je vyroben s vyu\u017eit\u00edm nejmodern\u011bj\u0161\u00edch technologi\u00ed, kter\u00e9 zaru\u010duj\u00ed prvot\u0159\u00eddn\u00ed z\u00e1\u017eitek pro ka\u017ed\u00e9ho p\u00e1va.<\/p>\n\n\n\n<ul class=\"wp-block-list\">\n<li><strong>Max Puffs:<\/strong> P\u0159ibli\u017en\u011b. <strong>40000 Puffs<\/strong><\/li>\n\n\n\n<li><strong>Kapacita e-liquidu:<\/strong> 20 ml<\/li>\n\n\n\n<li><strong>Baterie:<\/strong> 1000 mAh <strong>Dob\u00edjec\u00ed<\/strong><\/li>\n\n\n\n<li><strong>S\u00edla nikotinu:<\/strong> 5% (50 mg\/ml) Soln\u00fd nikotin<\/li>\n\n\n\n<li><strong>Syst\u00e9m c\u00edvek:<\/strong> <strong>Dvojit\u00e1 s\u00ed\u0165ov\u00e1 c\u00edvka<\/strong> se spole\u010dnost\u00ed S.i.L.C. Tech<\/li>\n\n\n\n<li><strong>Nab\u00edjen\u00ed:<\/strong> Port USB typu C (rychl\u00e9 nab\u00edjen\u00ed)<\/li>\n\n\n\n<li><strong>Speci\u00e1ln\u00ed funkce:<\/strong> <strong>270\u00b0 displej LED se sn\u00edm\u00e1n\u00edm rytmu<\/strong><\/li>\n\n\n\n<li><strong>Aktivace:<\/strong> Kreslen\u00ed aktivovan\u00e9<\/li>\n<\/ul>\n\n\n\n<p>Sofistikovan\u00e9 <strong>Dvojit\u00e1 s\u00ed\u0165ov\u00e1 c\u00edvka<\/strong> je navr\u017een tak, aby zachytil odli\u0161n\u00e9 chu\u0165ov\u00e9 profily jahod i kiwi a zajistil bezchybnou rovnov\u00e1hu mezi sladkou a trpkou chut\u00ed v cel\u00e9m v\u00fdrobku. <strong>40000 Puffs Vape na jedno pou\u017eit\u00ed<\/strong> \u017eivotnost a poskytuje hustou a aromatickou p\u00e1ru.<\/p>\n\n\n\n<h4 class=\"wp-block-heading\">D\u016fvody pro koupi nyn\u00ed<\/h4>\n\n\n\n<h2 class=\"wp-block-heading\">Upozorn\u011bn\u00ed na omezen\u00e9 z\u00e1soby: Vezm\u011bte si sv\u016fj VOZOL RAVE s jahodami a kiwi!<\/h2>\n\n\n\n<p>VOZOL RAVE 40000 dominuje na trhu d\u00edky sv\u00fdm pr\u016flomov\u00fdm vlastnostem. <strong>40000 Puffs Vape na jedno pou\u017eit\u00ed<\/strong> po\u010det a v\u00fdkon. Obl\u00edben\u00e1 sm\u011bs Strawberry Kiwi je velmi \u017e\u00e1dan\u00e1. <strong>Aktu\u00e1ln\u00ed z\u00e1soby se rychle st\u011bhuj\u00ed - zajist\u011bte si sv\u016fj je\u0161t\u011b dnes!<\/strong><\/p>\n\n\n\n<p><strong>Jednejte rychle:<\/strong> Zajist\u011bte si VOZOL RAVE 40000 nyn\u00ed a vychutnejte si prvot\u0159\u00eddn\u00ed, dlouhotrvaj\u00edc\u00ed chu\u0165ov\u00fd z\u00e1\u017eitek s jedine\u010dn\u00fdm stylov\u00fdm designem. <strong>Nenechte si uj\u00edt tuto obl\u00edbenou vape VOZOL - objednejte si ji okam\u017eit\u011b!<\/strong><\/p>","protected":false},"excerpt":{"rendered":"<p>VOZOL RAVE 40000 Puffs Strawberry Kiwi: The Perfect Sweet &amp; Tart Duo The VOZOL RAVE 40000 Puffs Disposable Vape in Strawberry Kiwi provides a beautifully balanced profile, pairing the familiar sweetness of strawberry with the zesty kick of kiwi. This high-end device offers an extraordinary 40000 puff capacity and features the highly visible 270\u00b0 LED [&hellip;]<\/p>\n","protected":false},"featured_media":19292,"comment_status":"open","ping_status":"closed","template":"","meta":[],"product_brand":[178],"product_cat":[135],"product_tag":[],"class_list":{"0":"post-18669","1":"product","2":"type-product","3":"status-publish","4":"has-post-thumbnail","6":"product_brand-vozol","7":"product_cat-40k-puffs","9":"first","10":"instock","11":"sale","12":"shipping-taxable","13":"purchasable","14":"product-type-variable"},"yoast_head":"<!-- This site is optimized with the Yoast SEO plugin v27.4 - https:\/\/yoast.com\/product\/yoast-seo-wordpress\/ -->\n<title>40000 Puffs Disposable Vape | VOZOL RAVE Strawberry Kiwi Flavor LED | Rechargeable Vape<\/title>\n<meta name=\"description\" content=\"Experience the dynamic duo of Strawberry Kiwi with the VOZOL RAVE 40000. A perfect balance of sweet and tart, delivered over 40000 puffs, featuring a 20ml capacity and the vibrant 270\u00b0 Beat-Sensing LED Light. Get this premium VOZOL vapes device today for a fresh, long-lasting flavor journey!\" \/>\n<meta name=\"robots\" content=\"index, follow, max-snippet:-1, max-image-preview:large, max-video-preview:-1\" \/>\n<link rel=\"canonical\" href=\"https:\/\/vapemaison.com\/cs\/produkt\/40k-puffs-vozol-rave-jahoda-kiwi-prichut-vedl-dobijeci-vape\/\" \/>\n<meta property=\"og:locale\" content=\"cs_CZ\" \/>\n<meta property=\"og:type\" content=\"article\" \/>\n<meta property=\"og:title\" content=\"40000 Puffs Disposable Vape | VOZOL RAVE Strawberry Kiwi Flavor LED | Rechargeable Vape\" \/>\n<meta property=\"og:description\" content=\"Experience the dynamic duo of Strawberry Kiwi with the VOZOL RAVE 40000. A perfect balance of sweet and tart, delivered over 40000 puffs, featuring a 20ml capacity and the vibrant 270\u00b0 Beat-Sensing LED Light. Get this premium VOZOL vapes device today for a fresh, long-lasting flavor journey!\" \/>\n<meta property=\"og:url\" content=\"https:\/\/vapemaison.com\/cs\/produkt\/40k-puffs-vozol-rave-jahoda-kiwi-prichut-vedl-dobijeci-vape\/\" \/>\n<meta property=\"og:site_name\" content=\"VapeMaison\" \/>\n<meta property=\"article:modified_time\" content=\"2025-12-20T09:20:25+00:00\" \/>\n<meta property=\"og:image\" content=\"https:\/\/vapemaison.com\/wp-content\/uploads\/2025\/12\/vozol-rave-40000-Grape-Ice-3-768x768-1.webp\" \/>\n\t<meta property=\"og:image:width\" content=\"768\" \/>\n\t<meta property=\"og:image:height\" content=\"768\" \/>\n\t<meta property=\"og:image:type\" content=\"image\/webp\" \/>\n<meta name=\"twitter:card\" content=\"summary_large_image\" \/>\n<meta name=\"twitter:label1\" content=\"Odhadovan\u00e1 doba \u010dten\u00ed\" \/>\n\t<meta name=\"twitter:data1\" content=\"2 minuty\" \/>\n<!-- \/ Yoast SEO plugin. -->","yoast_head_json":{"title":"40000 Puffs Vape na jedno pou\u017eit\u00ed | VOZOL RAVE Strawberry Kiwi Flavor LED | Dob\u00edjec\u00ed Vape","description":"Vyzkou\u0161ejte dynamick\u00e9 duo Strawberry Kiwi s VOZOL RAVE 40000. Dokonal\u00e1 rovnov\u00e1ha sladk\u00e9 a trpk\u00e9 chuti, dod\u00e1van\u00e1 p\u0159es 40000 potah\u016f, s kapacitou 20 ml a z\u00e1\u0159iv\u00fdm 270\u00b0 LED sv\u011btlem sn\u00edmaj\u00edc\u00edm rytmus. Po\u0159i\u010fte si toto pr\u00e9miov\u00e9 vapovac\u00ed za\u0159\u00edzen\u00ed VOZOL je\u0161t\u011b dnes a vydejte se na cestu za sv\u011b\u017e\u00ed a dlouhotrvaj\u00edc\u00ed chut\u00ed!","robots":{"index":"index","follow":"follow","max-snippet":"max-snippet:-1","max-image-preview":"max-image-preview:large","max-video-preview":"max-video-preview:-1"},"canonical":"https:\/\/vapemaison.com\/cs\/produkt\/40k-puffs-vozol-rave-jahoda-kiwi-prichut-vedl-dobijeci-vape\/","og_locale":"cs_CZ","og_type":"article","og_title":"40000 Puffs Disposable Vape | VOZOL RAVE Strawberry Kiwi Flavor LED | Rechargeable Vape","og_description":"Experience the dynamic duo of Strawberry Kiwi with the VOZOL RAVE 40000. A perfect balance of sweet and tart, delivered over 40000 puffs, featuring a 20ml capacity and the vibrant 270\u00b0 Beat-Sensing LED Light. Get this premium VOZOL vapes device today for a fresh, long-lasting flavor journey!","og_url":"https:\/\/vapemaison.com\/cs\/produkt\/40k-puffs-vozol-rave-jahoda-kiwi-prichut-vedl-dobijeci-vape\/","og_site_name":"VapeMaison","article_modified_time":"2025-12-20T09:20:25+00:00","og_image":[{"width":768,"height":768,"url":"https:\/\/vapemaison.com\/wp-content\/uploads\/2025\/12\/vozol-rave-40000-Grape-Ice-3-768x768-1.webp","type":"image\/webp"}],"twitter_card":"summary_large_image","twitter_misc":{"Odhadovan\u00e1 doba \u010dten\u00ed":"2 minuty"},"schema":{"@context":"https:\/\/schema.org","@graph":[{"@type":"WebPage","@id":"https:\/\/vapemaison.com\/product\/40k-puffs-vozol-rave-strawberry-kiwi-flavor-led-rechargeable-vape\/","url":"https:\/\/vapemaison.com\/product\/40k-puffs-vozol-rave-strawberry-kiwi-flavor-led-rechargeable-vape\/","name":"40000 Puffs Vape na jedno pou\u017eit\u00ed | VOZOL RAVE Strawberry Kiwi Flavor LED | Dob\u00edjec\u00ed Vape","isPartOf":{"@id":"https:\/\/vapemaison.com\/#website"},"primaryImageOfPage":{"@id":"https:\/\/vapemaison.com\/product\/40k-puffs-vozol-rave-strawberry-kiwi-flavor-led-rechargeable-vape\/#primaryimage"},"image":{"@id":"https:\/\/vapemaison.com\/product\/40k-puffs-vozol-rave-strawberry-kiwi-flavor-led-rechargeable-vape\/#primaryimage"},"thumbnailUrl":"https:\/\/vapemaison.com\/wp-content\/uploads\/2025\/12\/vozol-rave-40000-Grape-Ice-3-768x768-1.webp","datePublished":"2025-12-15T09:13:34+00:00","dateModified":"2025-12-20T09:20:25+00:00","description":"Vyzkou\u0161ejte dynamick\u00e9 duo Strawberry Kiwi s VOZOL RAVE 40000. Dokonal\u00e1 rovnov\u00e1ha sladk\u00e9 a trpk\u00e9 chuti, dod\u00e1van\u00e1 p\u0159es 40000 potah\u016f, s kapacitou 20 ml a z\u00e1\u0159iv\u00fdm 270\u00b0 LED sv\u011btlem sn\u00edmaj\u00edc\u00edm rytmus. Po\u0159i\u010fte si toto pr\u00e9miov\u00e9 vapovac\u00ed za\u0159\u00edzen\u00ed VOZOL je\u0161t\u011b dnes a vydejte se na cestu za sv\u011b\u017e\u00ed a dlouhotrvaj\u00edc\u00ed chut\u00ed!","breadcrumb":{"@id":"https:\/\/vapemaison.com\/product\/40k-puffs-vozol-rave-strawberry-kiwi-flavor-led-rechargeable-vape\/#breadcrumb"},"inLanguage":"cs","potentialAction":[{"@type":"ReadAction","target":["https:\/\/vapemaison.com\/product\/40k-puffs-vozol-rave-strawberry-kiwi-flavor-led-rechargeable-vape\/"]}]},{"@type":"ImageObject","inLanguage":"cs","@id":"https:\/\/vapemaison.com\/product\/40k-puffs-vozol-rave-strawberry-kiwi-flavor-led-rechargeable-vape\/#primaryimage","url":"https:\/\/vapemaison.com\/wp-content\/uploads\/2025\/12\/vozol-rave-40000-Grape-Ice-3-768x768-1.webp","contentUrl":"https:\/\/vapemaison.com\/wp-content\/uploads\/2025\/12\/vozol-rave-40000-Grape-Ice-3-768x768-1.webp","width":768,"height":768,"caption":"Vozol Rave Grape Ice 3 768x768 Disposable Vape Device"},{"@type":"BreadcrumbList","@id":"https:\/\/vapemaison.com\/product\/40k-puffs-vozol-rave-strawberry-kiwi-flavor-led-rechargeable-vape\/#breadcrumb","itemListElement":[{"@type":"ListItem","position":1,"name":"\u9996\u9875","item":"https:\/\/vapemaison.com\/"},{"@type":"ListItem","position":2,"name":"Shop","item":"https:\/\/vapemaison.com\/shop\/"},{"@type":"ListItem","position":3,"name":"Vozol","item":"https:\/\/vapemaison.com\/brand\/vozol\/"},{"@type":"ListItem","position":4,"name":"40k Puffs VOZOL RAVE Strawberry Kiwi Flavor LED | Rechargeable Vape"}]},{"@type":"WebSite","@id":"https:\/\/vapemaison.com\/#website","url":"https:\/\/vapemaison.com\/","name":"VapeMaison","description":"Pr\u00e9miov\u00e1 vapingov\u00e1 za\u0159\u00edzen\u00ed a p\u0159\u00edslu\u0161enstv\u00ed","publisher":{"@id":"https:\/\/vapemaison.com\/#organization"},"potentialAction":[{"@type":"SearchAction","target":{"@type":"EntryPoint","urlTemplate":"https:\/\/vapemaison.com\/?s={search_term_string}"},"query-input":{"@type":"PropertyValueSpecification","valueRequired":true,"valueName":"search_term_string"}}],"inLanguage":"cs"},{"@type":"Organization","@id":"https:\/\/vapemaison.com\/#organization","name":"VapeMaison","url":"https:\/\/vapemaison.com\/","logo":{"@type":"ImageObject","inLanguage":"cs","@id":"https:\/\/vapemaison.com\/#\/schema\/logo\/image\/","url":"https:\/\/vapemaison.com\/wp-content\/uploads\/2026\/01\/cropped-vapemaison-logo-g-2026.webp","contentUrl":"https:\/\/vapemaison.com\/wp-content\/uploads\/2026\/01\/cropped-vapemaison-logo-g-2026.webp","width":350,"height":280,"caption":"VapeMaison"},"image":{"@id":"https:\/\/vapemaison.com\/#\/schema\/logo\/image\/"},"sameAs":["https:\/\/www.youtube.com\/@VapeMaison"]}]}},"tiered_pricing_type":"fixed","tiered_pricing_fixed_rules":{"30":"12.24","50":"11.63","100":"10.86","200":"9.98"},"tiered_pricing_product_settings":{"layout":"default","base_unit_name":{"singular":null,"plural":null},"default_variation":null},"tiered_pricing_minimum_quantity":10,"tiered_pricing_roles_data":[],"tiered_pricing_percentage_rules":[],"tiered_pricing_maximum_quantity":null,"tiered_pricing_quantity_step":"10","_links":{"self":[{"href":"https:\/\/vapemaison.com\/cs\/wp-json\/wp\/v2\/product\/18669","targetHints":{"allow":["GET"]}}],"collection":[{"href":"https:\/\/vapemaison.com\/cs\/wp-json\/wp\/v2\/product"}],"about":[{"href":"https:\/\/vapemaison.com\/cs\/wp-json\/wp\/v2\/types\/product"}],"replies":[{"embeddable":true,"href":"https:\/\/vapemaison.com\/cs\/wp-json\/wp\/v2\/comments?post=18669"}],"version-history":[{"count":0,"href":"https:\/\/vapemaison.com\/cs\/wp-json\/wp\/v2\/product\/18669\/revisions"}],"wp:featuredmedia":[{"embeddable":true,"href":"https:\/\/vapemaison.com\/cs\/wp-json\/wp\/v2\/media\/19292"}],"wp:attachment":[{"href":"https:\/\/vapemaison.com\/cs\/wp-json\/wp\/v2\/media?parent=18669"}],"wp:term":[{"taxonomy":"product_brand","embeddable":true,"href":"https:\/\/vapemaison.com\/cs\/wp-json\/wp\/v2\/product_brand?post=18669"},{"taxonomy":"product_cat","embeddable":true,"href":"https:\/\/vapemaison.com\/cs\/wp-json\/wp\/v2\/product_cat?post=18669"},{"taxonomy":"product_tag","embeddable":true,"href":"https:\/\/vapemaison.com\/cs\/wp-json\/wp\/v2\/product_tag?post=18669"}],"curies":[{"name":"wp","href":"https:\/\/api.w.org\/{rel}","templated":true}]}}