

{"id":18772,"date":"2025-12-16T07:02:34","date_gmt":"2025-12-16T07:02:34","guid":{"rendered":"https:\/\/vapemaison.com\/?post_type=product&#038;p=18772"},"modified":"2026-05-14T03:28:29","modified_gmt":"2026-05-14T03:28:29","slug":"humo-case-iphone-13-pro-30000-puffs-jednorazove-vape-zarizeni","status":"publish","type":"product","link":"https:\/\/vapemaison.com\/cs\/product\/humo-case-iphone-13-pro-30000-puffs-disposable-vape-device\/","title":{"rendered":"Humo Case iPhone 13 Pro 30000 Puffs jednor\u00e1zov\u00e9 vape za\u0159\u00edzen\u00ed"},"content":{"rendered":"<p><strong>Pouzdro HumoCase pro iPhone 13 Pro<\/strong><\/p>\n\n\n\n<p>Pouzdro HumoCase kombinuje ochranu telefonu a vaping v jednom inovativn\u00edm za\u0159\u00edzen\u00ed, kter\u00e9 je navr\u017eeno speci\u00e1ln\u011b pro <strong>iPhone 13 Pro<\/strong> u\u017eivatel\u016f. Funguje jako odoln\u00e9 pouzdro na telefon a z\u00e1rove\u0148 obsahuje dob\u00edjec\u00ed vape, tak\u017ee si m\u016f\u017eete kdykoli vychutnat plynul\u00fd vaping bez nutnosti nosit dal\u0161\u00ed za\u0159\u00edzen\u00ed.<\/p>\n\n\n\n<p>Jej\u00ed kompaktn\u00ed, ergonomick\u00fd design p\u0159irozen\u011b zapad\u00e1 do ka\u017edodenn\u00edho \u017eivota. A\u0165 u\u017e jste v pr\u00e1ci, v posilovn\u011b nebo na proch\u00e1zce, pouzdro HumoCase se snadno p\u0159en\u00e1\u0161\u00ed, ani\u017e by v\u00e1m p\u0159id\u00e1valo na objemu. Vestav\u011bn\u00e1 pokro\u010dil\u00e1 s\u00ed\u0165ov\u00e1 spir\u00e1lka zaji\u0161\u0165uje konzistentn\u00ed, hladk\u00e9 potahy a baterie s dlouhou v\u00fddr\u017e\u00ed podporuje del\u0161\u00ed vapov\u00e1n\u00ed.<\/p>\n\n\n\n<p>HumoCase kombinuje prakti\u010dnost a technologii, a poskytuje tak <strong>iPhone 13 Pro<\/strong> u\u017eivatel\u016fm bezprobl\u00e9mov\u00fd zp\u016fsob, jak chr\u00e1nit sv\u016fj telefon a z\u00e1rove\u0148 si u\u017e\u00edvat pohodln\u00fd vaping.<\/p>\n\n\n\n<p><strong>Specifikace<\/strong><\/p>\n\n\n\n<ul class=\"wp-block-list\">\n<li>Po\u010det puf\u016f: 30000<\/li>\n\n\n\n<li>Odpor c\u00edvky: 1,2\u03a9<\/li>\n\n\n\n<li>Kapacita e-kapaliny: 20ml<\/li>\n\n\n\n<li>S\u00edla nikotinu: 5%<\/li>\n<\/ul>\n\n\n\n<p><strong>Bezpe\u010dnostn\u00ed upozorn\u011bn\u00ed<\/strong><br>Pouze pro dosp\u011bl\u00e9 (21+). Uchov\u00e1vejte mimo dosah d\u011bt\u00ed a dom\u00e1c\u00edch zv\u00ed\u0159at. Obsahuje nikotin, n\u00e1vykovou l\u00e1tku.<\/p>\n\n\n\n<p>Prozkoumejte nejnov\u011bj\u0161\u00ed inovace v oblasti p\u0159enosn\u00e9ho vapingu na adrese <a href=\"https:\/\/vapemaison.com\/\">VapeMaison<\/a>, kde se pohodl\u00ed snoub\u00ed se stylem. Prohl\u00e9dn\u011bte si celou na\u0161i nab\u00eddku na <a href=\"https:\/\/vapemaison.com\/shop\/\">Obchod<\/a> v\u010detn\u011b obl\u00edben\u00e9 str\u00e1nky <strong>P\u0159\u00edpad Humo<\/strong> podle <a href=\"https:\/\/vapemaison.com\/brand\/humocase\/\"><\/a><a href=\"https:\/\/vapemaison.com\/brand\/humocase\/\">Humocase<\/a>,dokonalou kombinaci elegantn\u00edho designu a plynul\u00e9ho vapingu. A\u0165 u\u017e hled\u00e1te chytr\u00e9 ka\u017edodenn\u00ed spole\u010dn\u00edky nebo n\u00e1pady na d\u00e1rky, najdete n\u011bco, co bude vyhovovat va\u0161emu \u017eivotn\u00edmu stylu.<\/p>","protected":false},"excerpt":{"rendered":"<p data-start=\"132\" data-end=\"389\">Navr\u017eeno speci\u00e1ln\u011b pro <strong data-start=\"158\" data-end=\"171\">iPhone 13 Pro<\/strong>, <strong data-start=\"173\" data-end=\"185\">HumoCase<\/strong> v\u00e1m umo\u017en\u00ed chr\u00e1nit telefon a u\u017e\u00edvat si plynul\u00fd vaping v jednom elegantn\u00edm dob\u00edjec\u00edm pouzd\u0159e. \u017d\u00e1dn\u00e9 dal\u0161\u00ed za\u0159\u00edzen\u00ed, \u017e\u00e1dn\u00fd dal\u0161\u00ed objem - jen \u010dist\u00e9, pohodln\u00e9 ka\u017edodenn\u00ed \u0159e\u0161en\u00ed, kter\u00e9 p\u0159irozen\u011b zapadne do va\u0161\u00ed rutiny.<\/p>\n<p data-start=\"396\" data-end=\"503\">Pokud si cen\u00edte pohodl\u00ed, chytr\u00e9ho designu a spolehliv\u00e9ho v\u00fdkonu, je HumoCase snadnou volbou pro ka\u017edodenn\u00ed pou\u017e\u00edv\u00e1n\u00ed.<\/p>","protected":false},"featured_media":18820,"comment_status":"open","ping_status":"closed","template":"","meta":[],"product_brand":[163],"product_cat":[134],"product_tag":[],"class_list":{"0":"post-18772","1":"product","2":"type-product","3":"status-publish","4":"has-post-thumbnail","6":"product_brand-humocase","7":"product_cat-30k-puffs","9":"first","10":"instock","11":"sale","12":"shipping-taxable","13":"purchasable","14":"product-type-variable"},"yoast_head":"<!-- This site is optimized with the Yoast SEO plugin v27.4 - https:\/\/yoast.com\/product\/yoast-seo-wordpress\/ -->\n<title>Humocase Blue Razz Ice Vape | Ecig Phone Case 2025<\/title>\n<meta name=\"description\" content=\"Innovative HumoCase phone case doubles as a vape for iPhone 13 series. Enjoy Blue Razz Ice flavor, smooth hits, and long-lasting battery anytime, anywhere.\" \/>\n<meta name=\"robots\" content=\"index, follow, max-snippet:-1, max-image-preview:large, max-video-preview:-1\" \/>\n<link rel=\"canonical\" href=\"https:\/\/vapemaison.com\/cs\/produkt\/humo-case-iphone-13-pro-30000-puffs-jednorazove-vape-zarizeni\/\" \/>\n<meta property=\"og:locale\" content=\"cs_CZ\" \/>\n<meta property=\"og:type\" content=\"article\" \/>\n<meta property=\"og:title\" content=\"Humocase Blue Razz Ice Vape | Ecig Phone Case 2025\" \/>\n<meta property=\"og:description\" content=\"Innovative HumoCase phone case doubles as a vape for iPhone 13 series. Enjoy Blue Razz Ice flavor, smooth hits, and long-lasting battery anytime, anywhere.\" \/>\n<meta property=\"og:url\" content=\"https:\/\/vapemaison.com\/cs\/produkt\/humo-case-iphone-13-pro-30000-puffs-jednorazove-vape-zarizeni\/\" \/>\n<meta property=\"og:site_name\" content=\"VapeMaison\" \/>\n<meta property=\"article:modified_time\" content=\"2026-05-14T03:28:29+00:00\" \/>\n<meta property=\"og:image\" content=\"https:\/\/vapemaison.com\/wp-content\/uploads\/2025\/12\/humo-case-5638df5bf8.webp\" \/>\n\t<meta property=\"og:image:width\" content=\"500\" \/>\n\t<meta property=\"og:image:height\" content=\"500\" \/>\n\t<meta property=\"og:image:type\" content=\"image\/webp\" \/>\n<meta name=\"twitter:card\" content=\"summary_large_image\" \/>\n<meta name=\"twitter:label1\" content=\"Odhadovan\u00e1 doba \u010dten\u00ed\" \/>\n\t<meta name=\"twitter:data1\" content=\"2 minuty\" \/>\n<!-- \/ Yoast SEO plugin. -->","yoast_head_json":{"title":"Humocase Blue Razz Ice Vape | Ecig Phone Case 2025","description":"Inovativn\u00ed pouzdro na telefon HumoCase slou\u017e\u00ed jako vape pro iPhone \u0159ady 13. Vychutnejte si p\u0159\u00edchu\u0165 Blue Razz Ice, plynul\u00e9 \u0161luky a dlouhou v\u00fddr\u017e baterie kdykoli a kdekoli.","robots":{"index":"index","follow":"follow","max-snippet":"max-snippet:-1","max-image-preview":"max-image-preview:large","max-video-preview":"max-video-preview:-1"},"canonical":"https:\/\/vapemaison.com\/cs\/produkt\/humo-case-iphone-13-pro-30000-puffs-jednorazove-vape-zarizeni\/","og_locale":"cs_CZ","og_type":"article","og_title":"Humocase Blue Razz Ice Vape | Ecig Phone Case 2025","og_description":"Innovative HumoCase phone case doubles as a vape for iPhone 13 series. Enjoy Blue Razz Ice flavor, smooth hits, and long-lasting battery anytime, anywhere.","og_url":"https:\/\/vapemaison.com\/cs\/produkt\/humo-case-iphone-13-pro-30000-puffs-jednorazove-vape-zarizeni\/","og_site_name":"VapeMaison","article_modified_time":"2026-05-14T03:28:29+00:00","og_image":[{"width":500,"height":500,"url":"https:\/\/vapemaison.com\/wp-content\/uploads\/2025\/12\/humo-case-5638df5bf8.webp","type":"image\/webp"}],"twitter_card":"summary_large_image","twitter_misc":{"Odhadovan\u00e1 doba \u010dten\u00ed":"2 minuty"},"schema":{"@context":"https:\/\/schema.org","@graph":[{"@type":"WebPage","@id":"https:\/\/vapemaison.com\/product\/humo-case-iphone-13-pro-30000-puffs-disposable-vape-device\/","url":"https:\/\/vapemaison.com\/product\/humo-case-iphone-13-pro-30000-puffs-disposable-vape-device\/","name":"Humocase Blue Razz Ice Vape | Ecig Phone Case 2025","isPartOf":{"@id":"https:\/\/vapemaison.com\/#website"},"primaryImageOfPage":{"@id":"https:\/\/vapemaison.com\/product\/humo-case-iphone-13-pro-30000-puffs-disposable-vape-device\/#primaryimage"},"image":{"@id":"https:\/\/vapemaison.com\/product\/humo-case-iphone-13-pro-30000-puffs-disposable-vape-device\/#primaryimage"},"thumbnailUrl":"https:\/\/vapemaison.com\/wp-content\/uploads\/2025\/12\/humo-case-5638df5bf8.webp","datePublished":"2025-12-16T07:02:34+00:00","dateModified":"2026-05-14T03:28:29+00:00","description":"Inovativn\u00ed pouzdro na telefon HumoCase slou\u017e\u00ed jako vape pro iPhone \u0159ady 13. Vychutnejte si p\u0159\u00edchu\u0165 Blue Razz Ice, plynul\u00e9 \u0161luky a dlouhou v\u00fddr\u017e baterie kdykoli a kdekoli.","breadcrumb":{"@id":"https:\/\/vapemaison.com\/product\/humo-case-iphone-13-pro-30000-puffs-disposable-vape-device\/#breadcrumb"},"inLanguage":"cs","potentialAction":[{"@type":"ReadAction","target":["https:\/\/vapemaison.com\/product\/humo-case-iphone-13-pro-30000-puffs-disposable-vape-device\/"]}]},{"@type":"ImageObject","inLanguage":"cs","@id":"https:\/\/vapemaison.com\/product\/humo-case-iphone-13-pro-30000-puffs-disposable-vape-device\/#primaryimage","url":"https:\/\/vapemaison.com\/wp-content\/uploads\/2025\/12\/humo-case-5638df5bf8.webp","contentUrl":"https:\/\/vapemaison.com\/wp-content\/uploads\/2025\/12\/humo-case-5638df5bf8.webp","width":500,"height":500,"caption":"Humo Casedf5bf8 Disposable Vape Device"},{"@type":"BreadcrumbList","@id":"https:\/\/vapemaison.com\/product\/humo-case-iphone-13-pro-30000-puffs-disposable-vape-device\/#breadcrumb","itemListElement":[{"@type":"ListItem","position":1,"name":"\u9996\u9875","item":"https:\/\/vapemaison.com\/"},{"@type":"ListItem","position":2,"name":"Shop","item":"https:\/\/vapemaison.com\/shop\/"},{"@type":"ListItem","position":3,"name":"HumoCase","item":"https:\/\/vapemaison.com\/brand\/humocase\/"},{"@type":"ListItem","position":4,"name":"Humo Case iPhone 13 Pro 30000 Puffs Disposable Vape Device"}]},{"@type":"WebSite","@id":"https:\/\/vapemaison.com\/#website","url":"https:\/\/vapemaison.com\/","name":"VapeMaison","description":"Pr\u00e9miov\u00e1 vapingov\u00e1 za\u0159\u00edzen\u00ed a p\u0159\u00edslu\u0161enstv\u00ed","publisher":{"@id":"https:\/\/vapemaison.com\/#organization"},"potentialAction":[{"@type":"SearchAction","target":{"@type":"EntryPoint","urlTemplate":"https:\/\/vapemaison.com\/?s={search_term_string}"},"query-input":{"@type":"PropertyValueSpecification","valueRequired":true,"valueName":"search_term_string"}}],"inLanguage":"cs"},{"@type":"Organization","@id":"https:\/\/vapemaison.com\/#organization","name":"VapeMaison","url":"https:\/\/vapemaison.com\/","logo":{"@type":"ImageObject","inLanguage":"cs","@id":"https:\/\/vapemaison.com\/#\/schema\/logo\/image\/","url":"https:\/\/vapemaison.com\/wp-content\/uploads\/2026\/01\/cropped-vapemaison-logo-g-2026.webp","contentUrl":"https:\/\/vapemaison.com\/wp-content\/uploads\/2026\/01\/cropped-vapemaison-logo-g-2026.webp","width":350,"height":280,"caption":"VapeMaison"},"image":{"@id":"https:\/\/vapemaison.com\/#\/schema\/logo\/image\/"},"sameAs":["https:\/\/www.youtube.com\/@VapeMaison"]}]}},"tiered_pricing_type":"fixed","tiered_pricing_fixed_rules":{"30":"9.78","50":"8.44","100":"7.86","200":"6.25"},"tiered_pricing_product_settings":{"layout":"default","base_unit_name":{"singular":null,"plural":null},"default_variation":null},"tiered_pricing_minimum_quantity":5,"tiered_pricing_roles_data":[],"tiered_pricing_percentage_rules":[],"tiered_pricing_maximum_quantity":null,"tiered_pricing_quantity_step":"5","_links":{"self":[{"href":"https:\/\/vapemaison.com\/cs\/wp-json\/wp\/v2\/product\/18772","targetHints":{"allow":["GET"]}}],"collection":[{"href":"https:\/\/vapemaison.com\/cs\/wp-json\/wp\/v2\/product"}],"about":[{"href":"https:\/\/vapemaison.com\/cs\/wp-json\/wp\/v2\/types\/product"}],"replies":[{"embeddable":true,"href":"https:\/\/vapemaison.com\/cs\/wp-json\/wp\/v2\/comments?post=18772"}],"version-history":[{"count":1,"href":"https:\/\/vapemaison.com\/cs\/wp-json\/wp\/v2\/product\/18772\/revisions"}],"predecessor-version":[{"id":27182,"href":"https:\/\/vapemaison.com\/cs\/wp-json\/wp\/v2\/product\/18772\/revisions\/27182"}],"wp:featuredmedia":[{"embeddable":true,"href":"https:\/\/vapemaison.com\/cs\/wp-json\/wp\/v2\/media\/18820"}],"wp:attachment":[{"href":"https:\/\/vapemaison.com\/cs\/wp-json\/wp\/v2\/media?parent=18772"}],"wp:term":[{"taxonomy":"product_brand","embeddable":true,"href":"https:\/\/vapemaison.com\/cs\/wp-json\/wp\/v2\/product_brand?post=18772"},{"taxonomy":"product_cat","embeddable":true,"href":"https:\/\/vapemaison.com\/cs\/wp-json\/wp\/v2\/product_cat?post=18772"},{"taxonomy":"product_tag","embeddable":true,"href":"https:\/\/vapemaison.com\/cs\/wp-json\/wp\/v2\/product_tag?post=18772"}],"curies":[{"name":"wp","href":"https:\/\/api.w.org\/{rel}","templated":true}]}}