

{"id":18862,"date":"2025-12-16T10:07:28","date_gmt":"2025-12-16T10:07:28","guid":{"rendered":"https:\/\/vapemaison.com\/?post_type=product&#038;p=18862"},"modified":"2026-05-13T13:17:03","modified_gmt":"2026-05-13T13:17:03","slug":"humo-azul-24000-puffs-jednorazove-vape-peach-ice-24k-puff","status":"publish","type":"product","link":"https:\/\/vapemaison.com\/cs\/product\/humo-azul-24000-puffs-disposable-vape-peach-ice-24k-puff\/","title":{"rendered":"Humo Azul 24000 Puffs Vape na jedno pou\u017eit\u00ed - Peach Ice 24k Puff"},"content":{"rendered":"<p>Vychutnejte si hladk\u00fd v\u00fdkon a osv\u011b\u017euj\u00edc\u00ed chu\u0165 s jednor\u00e1zov\u00fdm vape Humo Azul 24000 Puffs v barv\u011b Peach Ice. Toto za\u0159\u00edzen\u00ed je ur\u010deno pro u\u017eivatele, kte\u0159\u00ed si cen\u00ed dlouhodob\u00e9ho pou\u017e\u00edv\u00e1n\u00ed a st\u00e1l\u00e9 kvality, a poskytuje a\u017e 24 000 potah\u016f, co\u017e z n\u011bj \u010din\u00ed vynikaj\u00edc\u00ed volbu pro dlouhodob\u00e9 vapov\u00e1n\u00ed bez starost\u00ed.<\/p>\n\n\n\n<p>Humo Azul je vyroben s pokro\u010dilou technologi\u00ed mesh spir\u00e1lek, kter\u00e1 zaji\u0161\u0165uje rovnom\u011brn\u00e9 zah\u0159\u00edv\u00e1n\u00ed a stabiln\u00ed v\u00fdstup p\u00e1ry od prvn\u00edho do posledn\u00edho \u0161luknut\u00ed. Dob\u00edjec\u00ed baterie s kapacitou 600 mAh v kombinaci s nab\u00edjec\u00edm portem typu C poskytuje spolehliv\u00fd v\u00fdkon a rychl\u00e9 dob\u00edjen\u00ed pro ka\u017edodenn\u00ed pou\u017e\u00edv\u00e1n\u00ed. D\u00edky s\u00edle nikotinu 2% nab\u00edz\u00ed plynul\u00fd a vyv\u00e1\u017een\u00fd z\u00e1\u017eitek vhodn\u00fd pro ka\u017edodenn\u00ed vapov\u00e1n\u00ed.<\/p>\n\n\n\n<p><strong>Z\u00e1\u017eitek s p\u0159\u00edchut\u00ed broskvov\u00e9ho ledu<\/strong><br>Peach Ice v sob\u011b snoub\u00ed zralou, \u0161\u0165avnatou broskvovou sladkost s jemn\u00fdm chladiv\u00fdm z\u00e1v\u011brem. Ka\u017ed\u00fd n\u00e1dech p\u0159in\u00e1\u0161\u00ed p\u0159irozenou ovocnou chu\u0165, po kter\u00e9 n\u00e1sleduje lehk\u00fd ledov\u00fd pocit, kter\u00fd udr\u017euje chu\u0165 sv\u011b\u017e\u00ed a jemnou, ani\u017e by byla p\u0159ehnan\u00e1. Jedn\u00e1 se o \u010distou, osv\u011b\u017euj\u00edc\u00ed volbu pro vapery, kte\u0159\u00ed maj\u00ed r\u00e1di ovocn\u00e9 profily s chladiv\u00fdm n\u00e1dechem.<\/p>\n\n\n\n<figure class=\"wp-block-embed is-type-video is-provider-youtube wp-block-embed-youtube wp-embed-aspect-9-16 wp-has-aspect-ratio\"><div class=\"wp-block-embed__wrapper\">\n<div class=\"video-container\"><iframe title=\"Humo Azul 24000 Puffs Vape - rozbalen\u00ed a n\u00e1vod k pou\u017eit\u00ed | P\u0159\u00edchu\u0165 vodn\u00edho melounu Ice\" width=\"563\" height=\"1000\" src=\"https:\/\/www.youtube.com\/embed\/U0POWHMEwbU?feature=oembed\" frameborder=\"0\" allow=\"accelerometer; autoplay; clipboard-write; encrypted-media; gyroscope; picture-in-picture; web-share\" referrerpolicy=\"strict-origin-when-cross-origin\" allowfullscreen><\/iframe><\/div>\n<\/div><\/figure>\n\n\n\n<h3 class=\"wp-block-heading\">Pro\u010d si vybrat Humo Azul 24000 Puffs - Peach Ice?<\/h3>\n\n\n\n<p><strong>V\u00fdjime\u010dn\u00e1 kapacita nad\u00fdch\u00e1n\u00ed<\/strong><br>Toto za\u0159\u00edzen\u00ed vydr\u017e\u00ed a\u017e 24 000 potah\u016f. Sni\u017euje pot\u0159ebu \u010dast\u00fdch v\u00fdm\u011bn a z\u00e1rove\u0148 udr\u017euje stabiln\u00ed v\u00fdkon po celou dobu.<\/p>\n\n\n\n<p><strong>V\u00fdkon s\u00ed\u0165ov\u00e9 c\u00edvky<\/strong><br>Integrovan\u00e1 s\u00ed\u0165ov\u00e1 spir\u00e1lka zvy\u0161uje \u010distotu chuti a konzistenci p\u00e1ry, \u010d\u00edm\u017e zaji\u0161\u0165uje hladk\u00e9 potahov\u00e1n\u00ed a bohatou chu\u0165 po celou dobu \u017eivotnosti za\u0159\u00edzen\u00ed.<\/p>\n\n\n\n<p><strong>Spolehliv\u00e9 dob\u00edjen\u00ed<\/strong><br>Humo Azul je vybaven bateri\u00ed s kapacitou 600 mAh a nab\u00edjen\u00edm typu C, tak\u017ee umo\u017e\u0148uje dlouh\u00e9 sezen\u00ed s minim\u00e1ln\u00edmi prostoji.<\/p>\n\n\n\n<p><strong>Dod\u00e1vka nikotinu Smooth 2%<\/strong><br>Hladina nikotinu 2% poskytuje uspokojiv\u00fd, ale jemn\u00fd n\u00e1raz do hrdla, ide\u00e1ln\u00ed pro u\u017eivatele, kte\u0159\u00ed hledaj\u00ed vyv\u00e1\u017een\u00fd vapingov\u00fd z\u00e1\u017eitek.<\/p>\n\n\n\n<h3 class=\"wp-block-heading\">Kl\u00ed\u010dov\u00e9 vlastnosti<\/h3>\n\n\n\n<ul class=\"wp-block-list\">\n<li>A\u017e 24 000 vdech\u016f na jedno za\u0159\u00edzen\u00ed<\/li>\n\n\n\n<li>P\u0159\u00edchu\u0165 broskvov\u00e9ho ledu<\/li>\n\n\n\n<li>Technologie Mesh coil pro konzistentn\u00ed p\u00e1ru<\/li>\n\n\n\n<li>Dob\u00edjec\u00ed baterie s kapacitou 600 mAh<\/li>\n\n\n\n<li>Rychl\u00e9 nab\u00edjen\u00ed typu C<\/li>\n\n\n\n<li>S\u00edla nikotinu 2%<\/li>\n<\/ul>\n\n\n\n<h3 class=\"wp-block-heading\">Mo\u017enosti balen\u00ed<\/h3>\n\n\n\n<ul class=\"wp-block-list\">\n<li><strong>Jednotliv\u00e9 balen\u00ed:<\/strong> 1 kus (42,5 \u00d7 42,5 \u00d7 137 mm)<\/li>\n\n\n\n<li><strong>St\u0159edn\u00ed skupina:<\/strong> 10 kus\u016f (218 \u00d7 89 \u00d7 140 mm)<\/li>\n\n\n\n<li><strong>Hlavn\u00ed karton:<\/strong> 200 kus\u016f (474 \u00d7 305 \u00d7 518 mm, 20 kg)<\/li>\n<\/ul>\n\n\n\n<p>Prozkoumejte sv\u011bt pr\u00e9miov\u00e9ho vapingu na adrese <a href=\"https:\/\/vapemaison.com\/\">VapeMaison<\/a>, kde se inovace snoub\u00ed se stylem. Prohl\u00e9dn\u011bte si celou na\u0161i kolekci na <a href=\"https:\/\/vapemaison.com\/shop\/\">Obchod<\/a> nebo si prohl\u00e9dn\u011bte obl\u00edbenou str\u00e1nku <a href=\"https:\/\/vapemaison.com\/brand\/humo-azul\/\">Kolekce zna\u010dky Humo Vape<\/a> a <a href=\"https:\/\/vapemaison.com\/brand\/bang\/\">Bang<\/a> produkty, kter\u00e9 si obl\u00edbili v\u0161ichni vape\u0159i. Hled\u00e1te dal\u0161\u00ed mo\u017enosti? Pod\u00edvejte se na v\u0161echny na\u0161e <a href=\"https:\/\/vapemaison.com\/product-category\/puffs-count\/\">Puffy<\/a> za\u0159\u00edzen\u00ed a najd\u011bte si ide\u00e1ln\u00ed volbu pro sv\u016fj vkus a \u017eivotn\u00ed styl.<\/p>","protected":false},"excerpt":{"rendered":"<p data-start=\"146\" data-end=\"436\">Na str\u00e1nk\u00e1ch <strong data-start=\"150\" data-end=\"203\">Humo Azul 24000 Puffs Vape na jedno pou\u017eit\u00ed - Peach Ice<\/strong> poskytuje dlouhotrvaj\u00edc\u00ed v\u00fdkon s jemnou, osv\u011b\u017euj\u00edc\u00ed ovocnou chut\u00ed. Je navr\u017een pro konzistentn\u00ed p\u00e1ru po celou dobu sv\u00e9 \u017eivotnosti a nab\u00edz\u00ed \u010distou broskvovou chu\u0165 vyv\u00e1\u017eenou lehk\u00fdm ochlazen\u00edm pro pohodln\u00e9 a p\u0159\u00edjemn\u00e9 potahov\u00e1n\u00ed.Dob\u00edjec\u00ed a snadno pou\u017eiteln\u00fd, je ide\u00e1ln\u00ed ka\u017edodenn\u00ed volbou pro vapery, kte\u0159\u00ed cht\u011bj\u00ed dlouhodob\u00e9 pou\u017e\u00edv\u00e1n\u00ed, stabiln\u00ed v\u00fdkon a jemn\u00fd, osv\u011b\u017euj\u00edc\u00ed chu\u0165ov\u00fd profil.<\/p>","protected":false},"featured_media":8993,"comment_status":"open","ping_status":"closed","template":"","meta":[],"product_brand":[166],"product_cat":[292],"product_tag":[],"class_list":{"0":"post-18862","1":"product","2":"type-product","3":"status-publish","4":"has-post-thumbnail","6":"product_brand-humo-azul","7":"product_cat-24k-puffs","9":"first","10":"instock","11":"sale","12":"shipping-taxable","13":"purchasable","14":"product-type-variable"},"yoast_head":"<!-- This site is optimized with the Yoast SEO plugin v27.4 - https:\/\/yoast.com\/product\/yoast-seo-wordpress\/ -->\n<title>Humo Azul 24000 Puffs Disposable Vape \u2013 Peach Ice Flavor<\/title>\n<meta name=\"description\" content=\"Humo Azul Peach Ice disposable vape delivers up to 24,000 puffs with mesh coil technology, 600mAh rechargeable battery,and smooth 2% nicotine.\" \/>\n<meta name=\"robots\" content=\"index, follow, max-snippet:-1, max-image-preview:large, max-video-preview:-1\" \/>\n<link rel=\"canonical\" href=\"https:\/\/vapemaison.com\/cs\/produkt\/humo-azul-24000-puffs-jednorazove-vape-peach-ice-24k-puff\/\" \/>\n<meta property=\"og:locale\" content=\"cs_CZ\" \/>\n<meta property=\"og:type\" content=\"article\" \/>\n<meta property=\"og:title\" content=\"Humo Azul 24000 Puffs Disposable Vape \u2013 Peach Ice Flavor\" \/>\n<meta property=\"og:description\" content=\"Humo Azul Peach Ice disposable vape delivers up to 24,000 puffs with mesh coil technology, 600mAh rechargeable battery,and smooth 2% nicotine.\" \/>\n<meta property=\"og:url\" content=\"https:\/\/vapemaison.com\/cs\/produkt\/humo-azul-24000-puffs-jednorazove-vape-peach-ice-24k-puff\/\" \/>\n<meta property=\"og:site_name\" content=\"VapeMaison\" \/>\n<meta property=\"article:modified_time\" content=\"2026-05-13T13:17:03+00:00\" \/>\n<meta property=\"og:image\" content=\"https:\/\/vapemaison.com\/wp-content\/uploads\/2025\/10\/humo-azul-24000-puffs-flavor-peach-ice-picture-scaled.png\" \/>\n\t<meta property=\"og:image:width\" content=\"2560\" \/>\n\t<meta property=\"og:image:height\" content=\"2560\" \/>\n\t<meta property=\"og:image:type\" content=\"image\/png\" \/>\n<meta name=\"twitter:card\" content=\"summary_large_image\" \/>\n<meta name=\"twitter:label1\" content=\"Odhadovan\u00e1 doba \u010dten\u00ed\" \/>\n\t<meta name=\"twitter:data1\" content=\"2 minuty\" \/>\n<!-- \/ Yoast SEO plugin. -->","yoast_head_json":{"title":"Humo Azul 24000 Puffs Vape na jedno pou\u017eit\u00ed - P\u0159\u00edchu\u0165 broskvov\u00e9ho ledu","description":"Jednor\u00e1zov\u00fd vape Humo Azul Peach Ice poskytuje a\u017e 24 000 potah\u016f d\u00edky technologii mesh coil, 600mAh dob\u00edjec\u00ed baterii a hladk\u00e9mu nikotinu 2%.","robots":{"index":"index","follow":"follow","max-snippet":"max-snippet:-1","max-image-preview":"max-image-preview:large","max-video-preview":"max-video-preview:-1"},"canonical":"https:\/\/vapemaison.com\/cs\/produkt\/humo-azul-24000-puffs-jednorazove-vape-peach-ice-24k-puff\/","og_locale":"cs_CZ","og_type":"article","og_title":"Humo Azul 24000 Puffs Disposable Vape \u2013 Peach Ice Flavor","og_description":"Humo Azul Peach Ice disposable vape delivers up to 24,000 puffs with mesh coil technology, 600mAh rechargeable battery,and smooth 2% nicotine.","og_url":"https:\/\/vapemaison.com\/cs\/produkt\/humo-azul-24000-puffs-jednorazove-vape-peach-ice-24k-puff\/","og_site_name":"VapeMaison","article_modified_time":"2026-05-13T13:17:03+00:00","og_image":[{"width":2560,"height":2560,"url":"https:\/\/vapemaison.com\/wp-content\/uploads\/2025\/10\/humo-azul-24000-puffs-flavor-peach-ice-picture-scaled.png","type":"image\/png"}],"twitter_card":"summary_large_image","twitter_misc":{"Odhadovan\u00e1 doba \u010dten\u00ed":"2 minuty"},"schema":{"@context":"https:\/\/schema.org","@graph":[{"@type":"WebPage","@id":"https:\/\/vapemaison.com\/product\/humo-azul-24000-puffs-disposable-vape-peach-ice-24k-puff\/","url":"https:\/\/vapemaison.com\/product\/humo-azul-24000-puffs-disposable-vape-peach-ice-24k-puff\/","name":"Humo Azul 24000 Puffs Vape na jedno pou\u017eit\u00ed - P\u0159\u00edchu\u0165 broskvov\u00e9ho ledu","isPartOf":{"@id":"https:\/\/vapemaison.com\/#website"},"primaryImageOfPage":{"@id":"https:\/\/vapemaison.com\/product\/humo-azul-24000-puffs-disposable-vape-peach-ice-24k-puff\/#primaryimage"},"image":{"@id":"https:\/\/vapemaison.com\/product\/humo-azul-24000-puffs-disposable-vape-peach-ice-24k-puff\/#primaryimage"},"thumbnailUrl":"https:\/\/vapemaison.com\/wp-content\/uploads\/2025\/10\/humo-azul-24000-puffs-flavor-peach-ice-picture-scaled.png","datePublished":"2025-12-16T10:07:28+00:00","dateModified":"2026-05-13T13:17:03+00:00","description":"Jednor\u00e1zov\u00fd vape Humo Azul Peach Ice poskytuje a\u017e 24 000 potah\u016f d\u00edky technologii mesh coil, 600mAh dob\u00edjec\u00ed baterii a hladk\u00e9mu nikotinu 2%.","breadcrumb":{"@id":"https:\/\/vapemaison.com\/product\/humo-azul-24000-puffs-disposable-vape-peach-ice-24k-puff\/#breadcrumb"},"inLanguage":"cs","potentialAction":[{"@type":"ReadAction","target":["https:\/\/vapemaison.com\/product\/humo-azul-24000-puffs-disposable-vape-peach-ice-24k-puff\/"]}]},{"@type":"ImageObject","inLanguage":"cs","@id":"https:\/\/vapemaison.com\/product\/humo-azul-24000-puffs-disposable-vape-peach-ice-24k-puff\/#primaryimage","url":"https:\/\/vapemaison.com\/wp-content\/uploads\/2025\/10\/humo-azul-24000-puffs-flavor-peach-ice-picture-scaled.png","contentUrl":"https:\/\/vapemaison.com\/wp-content\/uploads\/2025\/10\/humo-azul-24000-puffs-flavor-peach-ice-picture-scaled.png","width":2560,"height":2560,"caption":"Humo Azul Puffs Flavor Peach Ice Picture Scaled Disposable Vape Device"},{"@type":"BreadcrumbList","@id":"https:\/\/vapemaison.com\/product\/humo-azul-24000-puffs-disposable-vape-peach-ice-24k-puff\/#breadcrumb","itemListElement":[{"@type":"ListItem","position":1,"name":"\u9996\u9875","item":"https:\/\/vapemaison.com\/"},{"@type":"ListItem","position":2,"name":"Shop","item":"https:\/\/vapemaison.com\/shop\/"},{"@type":"ListItem","position":3,"name":"Humo Azul","item":"https:\/\/vapemaison.com\/brand\/humo-azul\/"},{"@type":"ListItem","position":4,"name":"Humo Azul 24000 Puffs Disposable Vape \u2013 Peach Ice 24k Puff"}]},{"@type":"WebSite","@id":"https:\/\/vapemaison.com\/#website","url":"https:\/\/vapemaison.com\/","name":"VapeMaison","description":"Pr\u00e9miov\u00e1 vapingov\u00e1 za\u0159\u00edzen\u00ed a p\u0159\u00edslu\u0161enstv\u00ed","publisher":{"@id":"https:\/\/vapemaison.com\/#organization"},"potentialAction":[{"@type":"SearchAction","target":{"@type":"EntryPoint","urlTemplate":"https:\/\/vapemaison.com\/?s={search_term_string}"},"query-input":{"@type":"PropertyValueSpecification","valueRequired":true,"valueName":"search_term_string"}}],"inLanguage":"cs"},{"@type":"Organization","@id":"https:\/\/vapemaison.com\/#organization","name":"VapeMaison","url":"https:\/\/vapemaison.com\/","logo":{"@type":"ImageObject","inLanguage":"cs","@id":"https:\/\/vapemaison.com\/#\/schema\/logo\/image\/","url":"https:\/\/vapemaison.com\/wp-content\/uploads\/2026\/01\/cropped-vapemaison-logo-g-2026.webp","contentUrl":"https:\/\/vapemaison.com\/wp-content\/uploads\/2026\/01\/cropped-vapemaison-logo-g-2026.webp","width":350,"height":280,"caption":"VapeMaison"},"image":{"@id":"https:\/\/vapemaison.com\/#\/schema\/logo\/image\/"},"sameAs":["https:\/\/www.youtube.com\/@VapeMaison"]}]}},"tiered_pricing_type":"fixed","tiered_pricing_fixed_rules":{"30":"8.48","50":"7.99","100":"7.34","200":"6.78"},"tiered_pricing_product_settings":{"layout":"default","base_unit_name":{"singular":null,"plural":null},"default_variation":null},"tiered_pricing_minimum_quantity":10,"tiered_pricing_roles_data":[],"tiered_pricing_percentage_rules":[],"tiered_pricing_maximum_quantity":null,"tiered_pricing_quantity_step":"10","_links":{"self":[{"href":"https:\/\/vapemaison.com\/cs\/wp-json\/wp\/v2\/product\/18862","targetHints":{"allow":["GET"]}}],"collection":[{"href":"https:\/\/vapemaison.com\/cs\/wp-json\/wp\/v2\/product"}],"about":[{"href":"https:\/\/vapemaison.com\/cs\/wp-json\/wp\/v2\/types\/product"}],"replies":[{"embeddable":true,"href":"https:\/\/vapemaison.com\/cs\/wp-json\/wp\/v2\/comments?post=18862"}],"version-history":[{"count":2,"href":"https:\/\/vapemaison.com\/cs\/wp-json\/wp\/v2\/product\/18862\/revisions"}],"predecessor-version":[{"id":25483,"href":"https:\/\/vapemaison.com\/cs\/wp-json\/wp\/v2\/product\/18862\/revisions\/25483"}],"wp:featuredmedia":[{"embeddable":true,"href":"https:\/\/vapemaison.com\/cs\/wp-json\/wp\/v2\/media\/8993"}],"wp:attachment":[{"href":"https:\/\/vapemaison.com\/cs\/wp-json\/wp\/v2\/media?parent=18862"}],"wp:term":[{"taxonomy":"product_brand","embeddable":true,"href":"https:\/\/vapemaison.com\/cs\/wp-json\/wp\/v2\/product_brand?post=18862"},{"taxonomy":"product_cat","embeddable":true,"href":"https:\/\/vapemaison.com\/cs\/wp-json\/wp\/v2\/product_cat?post=18862"},{"taxonomy":"product_tag","embeddable":true,"href":"https:\/\/vapemaison.com\/cs\/wp-json\/wp\/v2\/product_tag?post=18862"}],"curies":[{"name":"wp","href":"https:\/\/api.w.org\/{rel}","templated":true}]}}