

{"id":18935,"date":"2025-12-17T05:56:45","date_gmt":"2025-12-17T05:56:45","guid":{"rendered":"https:\/\/vapemaison.com\/?post_type=product&#038;p=18935"},"modified":"2026-01-09T08:34:20","modified_gmt":"2026-01-09T08:34:20","slug":"bang-leader-stoll-100k-100000-puffs-4-v-1-prichutich-led-displej-jednorazove-vape","status":"publish","type":"product","link":"https:\/\/vapemaison.com\/cs\/product\/bang-leader-stoll-100k-100000-puffs-4-in-1-flavors-led-display-disposable-vape\/","title":{"rendered":"Bang Leader Stoll 100K 100000 Puffs 4 v 1 P\u0159\u00edchut\u011b a LED displej Jednor\u00e1zov\u00fd Vape"},"content":{"rendered":"<h2 class=\"wp-block-heading\"><strong>Bang Leader Stoll 100K Disposable Vape - 100 000 puff\u016f<\/strong><\/h2>\n\n\n\n<p>Na str\u00e1nk\u00e1ch <strong>Bang Leader Stoll 100K Vape na jedno pou\u017eit\u00ed<\/strong> je navr\u017een pro u\u017eivatele, kte\u0159\u00ed vy\u017eaduj\u00ed extr\u00e9mn\u00ed \u017eivotnost, siln\u00fd v\u00fdkon a prvot\u0159\u00eddn\u00ed pod\u00e1n\u00ed chuti. S neuv\u011b\u0159itelnou kapacitou a\u017e <strong>100 000 vdech\u016f<\/strong>, toto za\u0159\u00edzen\u00ed v\u00fdrazn\u011b sni\u017euje \u010detnost v\u00fdm\u011bny p\u0159i zachov\u00e1n\u00ed st\u00e1l\u00e9 kvality po celou dobu \u017eivotnosti.<\/p>\n\n\n\n<p>Navr\u017eeno s <strong>Syst\u00e9m p\u0159\u00edchut\u00ed 4 v 1<\/strong>, Stoll 100K je vybaven <strong>4 samostatn\u00e9 14ml komory na e-liquid<\/strong>, co\u017e u\u017eivatel\u016fm umo\u017e\u0148uje bezprobl\u00e9mov\u00e9 p\u0159ep\u00edn\u00e1n\u00ed mezi p\u0159\u00edchut\u011bmi v jedin\u00e9m za\u0159\u00edzen\u00ed. Tento inovativn\u00ed design p\u0159in\u00e1\u0161\u00ed rozmanitost, pohodl\u00ed a osv\u011b\u017euj\u00edc\u00ed z\u00e1\u017eitek z vapov\u00e1n\u00ed kdykoli.<\/p>\n\n\n\n<p>V j\u00e1dru za\u0159\u00edzen\u00ed vyu\u017e\u00edv\u00e1 <strong>Technologie Quad 1.0\u03a9 Mesh Coil<\/strong>, co\u017e zaji\u0161\u0165uje rovnom\u011brn\u00e9 zah\u0159\u00edv\u00e1n\u00ed, zv\u00fd\u0161enou intenzitu chuti a plynulou tvorbu p\u00e1ry od prvn\u00edho po posledn\u00ed \u0161luknut\u00ed. V\u00fdkon z\u016fst\u00e1v\u00e1 stabiln\u00ed i p\u0159i del\u0161\u00edm pou\u017e\u00edv\u00e1n\u00ed.<\/p>\n\n\n\n<p>Vestav\u011bn\u00fd <strong>Chytr\u00fd displej LED<\/strong> poskytuje v re\u00e1ln\u00e9m \u010dase p\u0159ehled o stavu baterie a stavu e-liquidu, tak\u017ee u\u017eivatel\u00e9 mohou snadno sledovat spot\u0159ebu a bez obav vapovat.<\/p>\n\n\n\n<p>Nap\u00e1jen\u00ed pomoc\u00ed <strong>Dob\u00edjec\u00ed baterie 850 mAh<\/strong>, Bang Leader Stoll podporuje <strong>Rychl\u00e9 nab\u00edjen\u00ed p\u0159es USB typu C<\/strong>, co\u017e minimalizuje prostoje a zaji\u0161\u0165uje nep\u0159etr\u017eit\u00fd v\u00fdkon. Pln\u011b <strong>V souladu s TPD<\/strong>, spl\u0148uje regula\u010dn\u00ed a bezpe\u010dnostn\u00ed normy EU, tak\u017ee je vhodn\u00fd pro evropsk\u00fd trh.<\/p>\n\n\n\n<p>S <strong>K dispozici je 10 kombinac\u00ed p\u0159\u00edchut\u00ed<\/strong>, toto za\u0159\u00edzen\u00ed poskytuje v\u0161estrannost, spolehlivost a prvot\u0159\u00eddn\u00ed vapingov\u00fd z\u00e1\u017eitek - ide\u00e1ln\u00ed jak pro osobn\u00ed pou\u017eit\u00ed, tak pro maloobchodn\u00ed prodej.<\/p>\n\n\n\n<h3 class=\"wp-block-heading\"><strong>Kl\u00ed\u010dov\u00e9 vlastnosti<\/strong><\/h3>\n\n\n\n<ul class=\"wp-block-list\">\n<li>A\u017e do <strong>100 000 vdech\u016f<\/strong> na za\u0159\u00edzen\u00ed<\/li>\n\n\n\n<li><strong>4 \u00d7 14 ml<\/strong> kapacita e-liquidu (4 p\u0159\u00edchut\u011b v jednom za\u0159\u00edzen\u00ed)<\/li>\n\n\n\n<li><strong>\u010cty\u0159i 1,0\u03a9 Mesh Coils<\/strong> pro lep\u0161\u00ed chu\u0165 a hladkou p\u00e1ru<\/li>\n\n\n\n<li><strong>Dob\u00edjec\u00ed baterie 850 mAh<\/strong><\/li>\n\n\n\n<li><strong>Rychl\u00e9 nab\u00edjen\u00ed p\u0159es USB typu C<\/strong><\/li>\n\n\n\n<li><strong>Chytr\u00e1 obrazovka LED<\/strong> (indik\u00e1tory baterie a e-liquidu)<\/li>\n\n\n\n<li><strong>S\u00edla nikotinu:<\/strong> 2%, 3%, 5%<\/li>\n\n\n\n<li><strong>V souladu s TPD<\/strong> (norma EU)<\/li>\n\n\n\n<li><strong>K dispozici je 10 variant p\u0159\u00edchut\u00ed<\/strong><\/li>\n\n\n\n<li><strong>Balen\u00ed:<\/strong> 10 kus\u016f v krabici<\/li>\n<\/ul>\n\n\n\n<h3 class=\"wp-block-heading\"><strong>Kombinace chut\u00ed<\/strong><\/h3>\n\n\n\n<ul class=\"wp-block-list\">\n<li>Lemon Lime \/ Watermelon Ice \/ Black Dragon Ice \/ Dragon Fruit Strawberry \/ Love 666<\/li>\n\n\n\n<li>Vanilkov\u00e1 cola \/ Citronov\u00e1 broskev \/ Jahodov\u00e1 malina T\u0159e\u0161\u0148ov\u00fd led \/ Hroznov\u00fd led<\/li>\n\n\n\n<li>Grape Burst \/ Lychee Ice \/ Peach Berry \/ Kiwi Passion Fruit Guava<\/li>\n\n\n\n<li>Melounov\u00fd led \/ Jahodov\u00fd led \/ Bor\u016fvkov\u00fd led \/ \u0160umiv\u00e9 t\u0159e\u0161n\u011b<\/li>\n\n\n\n<li>Jahodov\u00fd meloun \/ T\u0159e\u0161\u0148ov\u00e1 cola \/ \u0160\u0165avnat\u00fd broskvov\u00fd led \/ Grapefruitov\u00fd osv\u011b\u017eova\u010d<\/li>\n\n\n\n<li>Citronov\u00e1 limetka \/ Jahodov\u00fd led \/ Malinov\u00fd meloun \/ \u0160umiv\u00e1 t\u0159e\u0161e\u0148<\/li>\n\n\n\n<li>R\u016f\u017eov\u00e1 limon\u00e1da \/ Kiwi Passion Fruit Guava \/ Broskvov\u00e9 bobule \/ Jahodov\u00fd ban\u00e1n<\/li>\n\n\n\n<li>Jahodov\u00e9 mango \/ Blue Razz Lemonade \/ Vanilkov\u00e1 zmrzlina \/ Sour Triple Berry<\/li>\n\n\n\n<li>Mixed Berry \/ Cherry Lemon \/ Strawberry Kiwi \/ Strawberry Watermelon Bubblegum<\/li>\n\n\n\n<li>Mojito \/ Monster Mango \/ Lady Killer \/ R\u016f\u017eov\u00e1 limon\u00e1da<\/li>\n<\/ul>\n\n\n\n<h3 class=\"wp-block-heading\"><strong>Ide\u00e1ln\u00ed pro<\/strong><\/h3>\n\n\n\n<ul class=\"wp-block-list\">\n<li>U\u017eivatel\u00e9, kte\u0159\u00ed hledaj\u00ed <strong>maxim\u00e1ln\u00ed kapacita nad\u00fdch\u00e1n\u00ed<\/strong><\/li>\n\n\n\n<li>Vape\u0159i, kte\u0159\u00ed maj\u00ed r\u00e1di <strong>v\u00edce p\u0159\u00edchut\u00ed v jednom za\u0159\u00edzen\u00ed<\/strong><\/li>\n\n\n\n<li>Maloobchodn\u00edci a velkoobchodn\u00edci hledaj\u00ed <strong>vysoce hodnotn\u00e9 reg\u00e1lov\u00e9 v\u00fdrobky<\/strong><\/li>\n\n\n\n<li>Trhy EU vy\u017eaduj\u00edc\u00ed <strong>Za\u0159\u00edzen\u00ed v souladu s TPD<\/strong><\/li>\n<\/ul>\n\n\n\n<p>Fanou\u0161ci produkt\u016f Bang \u010dasto prozkoum\u00e1vaj\u00ed celou na\u0161i nab\u00eddku, aby si na\u0161li sv\u016fj dokonal\u00fd vape. Za\u010dn\u011bte u <a href=\"https:\/\/vapemaison.com\">domovsk\u00e1 str\u00e1nka<\/a>, objevte v\u0161echny produkty v na\u0161\u00ed <a href=\"https:\/\/vapemaison.com\/shop\">obchod<\/a>, nebo se pono\u0159te do <a href=\"https:\/\/vapemaison.com\/brand\/bang\">Zna\u010dka Bang<\/a> a prohl\u00e9dn\u011bte si kompletn\u00ed sestavu. Hled\u00e1te n\u011bco jin\u00e9ho? Na\u0161e <a href=\"https:\/\/vapemaison.com\/brand\/waspe\">Kolekce WASPE<\/a> a <a href=\"https:\/\/vapemaison.com\/product-category\/puffs-count\/\">Kategorie Puffs<\/a> maj\u00ed spoustu mo\u017enost\u00ed pro ka\u017ed\u00e9ho vapera.<\/p>","protected":false},"excerpt":{"rendered":"<p>Vychutnejte si 100 000 \u0161luk\u016f a jedine\u010dn\u00fd syst\u00e9m p\u0159\u00edchut\u00ed 4 v 1, kter\u00fd v\u00e1m umo\u017en\u00ed p\u0159ep\u00ednat mezi \u010dty\u0159mi r\u016fzn\u00fdmi chut\u011bmi v jednom chytr\u00e9m za\u0159\u00edzen\u00ed, kter\u00e9 spl\u0148uje po\u017eadavky TPD. Zajist\u011bte si tento vysokokapacitn\u00ed zdroj energie je\u0161t\u011b dnes a vylep\u0161ete sv\u016fj z\u00e1\u017eitek d\u00edky na\u0161\u00ed aktu\u00e1ln\u00ed z\u00e1ruce rychl\u00e9ho dod\u00e1n\u00ed, ne\u017e se vyprod\u00e1 dal\u0161\u00ed v\u00e1rka.<\/p>","protected":false},"featured_media":18944,"comment_status":"open","ping_status":"closed","template":"","meta":[],"product_brand":[57],"product_cat":[151],"product_tag":[],"class_list":{"0":"post-18935","1":"product","2":"type-product","3":"status-publish","4":"has-post-thumbnail","6":"product_brand-bang","7":"product_cat-100k-puffs","9":"first","10":"instock","11":"sale","12":"featured","13":"shipping-taxable","14":"purchasable","15":"product-type-variable"},"yoast_head":"<!-- This site is optimized with the Yoast SEO plugin v27.4 - https:\/\/yoast.com\/product\/yoast-seo-wordpress\/ -->\n<title>Bang Leader Stoll 100K Disposable Vape \u2013 4-in-1 Flavor<\/title>\n<meta name=\"description\" content=\"Bang Leader Stoll 100K disposable vape delivers up to 100,000 puffs with 4-in-1 flavor design, smooth vapor, and powerful performance for long-term vaping.\" \/>\n<meta name=\"robots\" content=\"index, follow, max-snippet:-1, max-image-preview:large, max-video-preview:-1\" \/>\n<link rel=\"canonical\" href=\"https:\/\/vapemaison.com\/cs\/produkt\/bang-leader-stoll-100k-100000-puffs-4-v-1-prichutich-led-displej-jednorazove-vape\/\" \/>\n<meta property=\"og:locale\" content=\"cs_CZ\" \/>\n<meta property=\"og:type\" content=\"article\" \/>\n<meta property=\"og:title\" content=\"Bang Leader Stoll 100K Disposable Vape \u2013 4-in-1 Flavor\" \/>\n<meta property=\"og:description\" content=\"Bang Leader Stoll 100K disposable vape delivers up to 100,000 puffs with 4-in-1 flavor design, smooth vapor, and powerful performance for long-term vaping.\" \/>\n<meta property=\"og:url\" content=\"https:\/\/vapemaison.com\/cs\/produkt\/bang-leader-stoll-100k-100000-puffs-4-v-1-prichutich-led-displej-jednorazove-vape\/\" \/>\n<meta property=\"og:site_name\" content=\"VapeMaison\" \/>\n<meta property=\"article:modified_time\" content=\"2026-01-09T08:34:20+00:00\" \/>\n<meta property=\"og:image\" content=\"https:\/\/vapemaison.com\/wp-content\/uploads\/2025\/12\/bang-leader-stoll-100k-100000-puffs-strawberry-mango-blue-razz-lemonade-vanilla-ice-cream-sour-triple-berry.jpg.webp\" \/>\n\t<meta property=\"og:image:width\" content=\"800\" \/>\n\t<meta property=\"og:image:height\" content=\"800\" \/>\n\t<meta property=\"og:image:type\" content=\"image\/webp\" \/>\n<meta name=\"twitter:card\" content=\"summary_large_image\" \/>\n<meta name=\"twitter:label1\" content=\"Odhadovan\u00e1 doba \u010dten\u00ed\" \/>\n\t<meta name=\"twitter:data1\" content=\"3 minuty\" \/>\n<!-- \/ Yoast SEO plugin. -->","yoast_head_json":{"title":"Bang Leader Stoll 100K Vape na jedno pou\u017eit\u00ed - p\u0159\u00edchu\u0165 4 v 1","description":"Jednor\u00e1zov\u00e1 vapka Bang Leader Stoll 100K nab\u00edz\u00ed a\u017e 100 000 potah\u016f s p\u0159\u00edchut\u00ed 4 v 1, hladkou p\u00e1rou a siln\u00fdm v\u00fdkonem pro dlouhodob\u00e9 vapov\u00e1n\u00ed.","robots":{"index":"index","follow":"follow","max-snippet":"max-snippet:-1","max-image-preview":"max-image-preview:large","max-video-preview":"max-video-preview:-1"},"canonical":"https:\/\/vapemaison.com\/cs\/produkt\/bang-leader-stoll-100k-100000-puffs-4-v-1-prichutich-led-displej-jednorazove-vape\/","og_locale":"cs_CZ","og_type":"article","og_title":"Bang Leader Stoll 100K Disposable Vape \u2013 4-in-1 Flavor","og_description":"Bang Leader Stoll 100K disposable vape delivers up to 100,000 puffs with 4-in-1 flavor design, smooth vapor, and powerful performance for long-term vaping.","og_url":"https:\/\/vapemaison.com\/cs\/produkt\/bang-leader-stoll-100k-100000-puffs-4-v-1-prichutich-led-displej-jednorazove-vape\/","og_site_name":"VapeMaison","article_modified_time":"2026-01-09T08:34:20+00:00","og_image":[{"width":800,"height":800,"url":"https:\/\/vapemaison.com\/wp-content\/uploads\/2025\/12\/bang-leader-stoll-100k-100000-puffs-strawberry-mango-blue-razz-lemonade-vanilla-ice-cream-sour-triple-berry.jpg.webp","type":"image\/webp"}],"twitter_card":"summary_large_image","twitter_misc":{"Odhadovan\u00e1 doba \u010dten\u00ed":"3 minuty"},"schema":{"@context":"https:\/\/schema.org","@graph":[{"@type":"WebPage","@id":"https:\/\/vapemaison.com\/product\/bang-leader-stoll-100k-100000-puffs-4-in-1-flavors-led-display-disposable-vape\/","url":"https:\/\/vapemaison.com\/product\/bang-leader-stoll-100k-100000-puffs-4-in-1-flavors-led-display-disposable-vape\/","name":"Bang Leader Stoll 100K Vape na jedno pou\u017eit\u00ed - p\u0159\u00edchu\u0165 4 v 1","isPartOf":{"@id":"https:\/\/vapemaison.com\/#website"},"primaryImageOfPage":{"@id":"https:\/\/vapemaison.com\/product\/bang-leader-stoll-100k-100000-puffs-4-in-1-flavors-led-display-disposable-vape\/#primaryimage"},"image":{"@id":"https:\/\/vapemaison.com\/product\/bang-leader-stoll-100k-100000-puffs-4-in-1-flavors-led-display-disposable-vape\/#primaryimage"},"thumbnailUrl":"https:\/\/vapemaison.com\/wp-content\/uploads\/2025\/12\/bang-leader-stoll-100k-100000-puffs-strawberry-mango-blue-razz-lemonade-vanilla-ice-cream-sour-triple-berry.jpg.webp","datePublished":"2025-12-17T05:56:45+00:00","dateModified":"2026-01-09T08:34:20+00:00","description":"Jednor\u00e1zov\u00e1 vapka Bang Leader Stoll 100K nab\u00edz\u00ed a\u017e 100 000 potah\u016f s p\u0159\u00edchut\u00ed 4 v 1, hladkou p\u00e1rou a siln\u00fdm v\u00fdkonem pro dlouhodob\u00e9 vapov\u00e1n\u00ed.","breadcrumb":{"@id":"https:\/\/vapemaison.com\/product\/bang-leader-stoll-100k-100000-puffs-4-in-1-flavors-led-display-disposable-vape\/#breadcrumb"},"inLanguage":"cs","potentialAction":[{"@type":"ReadAction","target":["https:\/\/vapemaison.com\/product\/bang-leader-stoll-100k-100000-puffs-4-in-1-flavors-led-display-disposable-vape\/"]}]},{"@type":"ImageObject","inLanguage":"cs","@id":"https:\/\/vapemaison.com\/product\/bang-leader-stoll-100k-100000-puffs-4-in-1-flavors-led-display-disposable-vape\/#primaryimage","url":"https:\/\/vapemaison.com\/wp-content\/uploads\/2025\/12\/bang-leader-stoll-100k-100000-puffs-strawberry-mango-blue-razz-lemonade-vanilla-ice-cream-sour-triple-berry.jpg.webp","contentUrl":"https:\/\/vapemaison.com\/wp-content\/uploads\/2025\/12\/bang-leader-stoll-100k-100000-puffs-strawberry-mango-blue-razz-lemonade-vanilla-ice-cream-sour-triple-berry.jpg.webp","width":800,"height":800,"caption":"Bang Leader Stoll 100k Puffs Strawberry Mango Blue Razz Lemonade Vanilla Ice Cream Sour Triple Berry.jpg Disposable"},{"@type":"BreadcrumbList","@id":"https:\/\/vapemaison.com\/product\/bang-leader-stoll-100k-100000-puffs-4-in-1-flavors-led-display-disposable-vape\/#breadcrumb","itemListElement":[{"@type":"ListItem","position":1,"name":"\u9996\u9875","item":"https:\/\/vapemaison.com\/"},{"@type":"ListItem","position":2,"name":"Shop","item":"https:\/\/vapemaison.com\/shop\/"},{"@type":"ListItem","position":3,"name":"Bang","item":"https:\/\/vapemaison.com\/brand\/bang\/"},{"@type":"ListItem","position":4,"name":"Bang Leader Stoll 100K 100000 Puffs 4 in 1 Flavors &amp; LED Display Disposable Vape"}]},{"@type":"WebSite","@id":"https:\/\/vapemaison.com\/#website","url":"https:\/\/vapemaison.com\/","name":"VapeMaison","description":"Pr\u00e9miov\u00e1 vapingov\u00e1 za\u0159\u00edzen\u00ed a p\u0159\u00edslu\u0161enstv\u00ed","publisher":{"@id":"https:\/\/vapemaison.com\/#organization"},"potentialAction":[{"@type":"SearchAction","target":{"@type":"EntryPoint","urlTemplate":"https:\/\/vapemaison.com\/?s={search_term_string}"},"query-input":{"@type":"PropertyValueSpecification","valueRequired":true,"valueName":"search_term_string"}}],"inLanguage":"cs"},{"@type":"Organization","@id":"https:\/\/vapemaison.com\/#organization","name":"VapeMaison","url":"https:\/\/vapemaison.com\/","logo":{"@type":"ImageObject","inLanguage":"cs","@id":"https:\/\/vapemaison.com\/#\/schema\/logo\/image\/","url":"https:\/\/vapemaison.com\/wp-content\/uploads\/2026\/01\/cropped-vapemaison-logo-g-2026.webp","contentUrl":"https:\/\/vapemaison.com\/wp-content\/uploads\/2026\/01\/cropped-vapemaison-logo-g-2026.webp","width":350,"height":280,"caption":"VapeMaison"},"image":{"@id":"https:\/\/vapemaison.com\/#\/schema\/logo\/image\/"},"sameAs":["https:\/\/www.youtube.com\/@VapeMaison"]}]}},"tiered_pricing_type":"fixed","tiered_pricing_fixed_rules":{"30":"10.65","50":"9.72","100":"8.98","200":"8.36"},"tiered_pricing_product_settings":{"layout":"default","base_unit_name":{"singular":null,"plural":null},"default_variation":null},"tiered_pricing_minimum_quantity":10,"tiered_pricing_roles_data":[],"tiered_pricing_percentage_rules":[],"tiered_pricing_maximum_quantity":null,"tiered_pricing_quantity_step":"10","_links":{"self":[{"href":"https:\/\/vapemaison.com\/cs\/wp-json\/wp\/v2\/product\/18935","targetHints":{"allow":["GET"]}}],"collection":[{"href":"https:\/\/vapemaison.com\/cs\/wp-json\/wp\/v2\/product"}],"about":[{"href":"https:\/\/vapemaison.com\/cs\/wp-json\/wp\/v2\/types\/product"}],"replies":[{"embeddable":true,"href":"https:\/\/vapemaison.com\/cs\/wp-json\/wp\/v2\/comments?post=18935"}],"version-history":[{"count":0,"href":"https:\/\/vapemaison.com\/cs\/wp-json\/wp\/v2\/product\/18935\/revisions"}],"wp:featuredmedia":[{"embeddable":true,"href":"https:\/\/vapemaison.com\/cs\/wp-json\/wp\/v2\/media\/18944"}],"wp:attachment":[{"href":"https:\/\/vapemaison.com\/cs\/wp-json\/wp\/v2\/media?parent=18935"}],"wp:term":[{"taxonomy":"product_brand","embeddable":true,"href":"https:\/\/vapemaison.com\/cs\/wp-json\/wp\/v2\/product_brand?post=18935"},{"taxonomy":"product_cat","embeddable":true,"href":"https:\/\/vapemaison.com\/cs\/wp-json\/wp\/v2\/product_cat?post=18935"},{"taxonomy":"product_tag","embeddable":true,"href":"https:\/\/vapemaison.com\/cs\/wp-json\/wp\/v2\/product_tag?post=18935"}],"curies":[{"name":"wp","href":"https:\/\/api.w.org\/{rel}","templated":true}]}}