

{"id":20167,"date":"2025-12-22T08:00:15","date_gmt":"2025-12-22T08:00:15","guid":{"rendered":"https:\/\/vapemaison.com\/?post_type=product&#038;p=20167"},"modified":"2026-02-23T15:52:57","modified_gmt":"2026-02-23T15:52:57","slug":"waspe-40000-crystal-40k-vape","status":"publish","type":"product","link":"https:\/\/vapemaison.com\/cs\/product\/waspe-40000-crystal-40k-vape\/","title":{"rendered":"Waspe 40000 | Crystal 40k Vape"},"content":{"rendered":"<p>Na str\u00e1nk\u00e1ch <strong>Waspe 40000<\/strong> je navr\u017een pro dlouhotrvaj\u00edc\u00ed v\u00fdkon a \u010distou, konzistentn\u00ed chu\u0165. Nab\u00edz\u00ed a\u017e <strong data-start=\"275\" data-end=\"291\">40k obl\u00e1\u010dk\u016f<\/strong>, dv\u011bma vestav\u011bn\u00fdmi p\u0159\u00edchut\u011bmi a dob\u00edjec\u00edm syst\u00e9mem poskytuje spolehliv\u00fd, vysokokapacitn\u00ed vapingov\u00fd z\u00e1\u017eitek v kompaktn\u00edm proveden\u00ed.<\/p>\n\n\n\n<p>D\u00edky 32 ml e-liquidu a dvou\u0161roubovicov\u00e9 konstrukci s oky 0,9\u03a9 + 0,9\u03a9 produkuje Crystal 40k plynulou a bohatou p\u00e1ru od prvn\u00edho potahu a\u017e do posledn\u00edho. D\u00edky nab\u00edjec\u00edmu portu typu C je za\u0159\u00edzen\u00ed nap\u00e1jeno i p\u0159i del\u0161\u00edm pou\u017e\u00edv\u00e1n\u00ed, tak\u017ee je ide\u00e1ln\u00ed pro ka\u017edodenn\u00ed i n\u00e1ro\u010dn\u00e9 vapery.<\/p>\n\n\n\n<p>K dispozici v <strong data-start=\"700\" data-end=\"727\">0%, 2% a 5% nikotinu<\/strong>, toto za\u0159\u00edzen\u00ed je vhodn\u00e9 jak pro za\u010d\u00e1te\u010dn\u00edky, tak pro zku\u0161en\u00e9 u\u017eivatele.<\/p>\n\n\n\n<h3 class=\"wp-block-heading\"><strong data-start=\"794\" data-end=\"810\">Kl\u00ed\u010dov\u00e9 vlastnosti<\/strong><\/h3>\n\n\n\n<ul class=\"wp-block-list\">\n<li><p data-start=\"814\" data-end=\"884\"><strong data-start=\"814\" data-end=\"830\">40 000 puff\u016f<\/strong> - Vytvo\u0159eno pro dlouhodob\u00e9 pou\u017e\u00edv\u00e1n\u00ed se stabiln\u00edm v\u00fdstupem p\u00e1ry.<\/p><\/li>\n\n\n\n<li><p data-start=\"887\" data-end=\"964\"><strong data-start=\"887\" data-end=\"909\">Design s dvojitou p\u0159\u00edchut\u00ed<\/strong> - P\u0159ep\u00edn\u00e1n\u00ed mezi dv\u011bma r\u016fzn\u00fdmi p\u0159\u00edchut\u011bmi v jednom za\u0159\u00edzen\u00ed.<\/p><\/li>\n\n\n\n<li><p data-start=\"967\" data-end=\"1034\"><strong data-start=\"967\" data-end=\"993\">Kapacita 32 ml e-liquidu<\/strong> - Podporuje prodlou\u017eenou \u017eivotnost puffu.<\/p><\/li>\n\n\n\n<li><p data-start=\"1037\" data-end=\"1111\"><strong data-start=\"1037\" data-end=\"1063\">0,9\u03a9 + 0,9\u03a9 Mesh Coils<\/strong> - Vylep\u0161en\u00e1 \u010distota chuti a plynul\u00e9 proud\u011bn\u00ed vzduchu.<\/p><\/li>\n\n\n\n<li><p data-start=\"1114\" data-end=\"1168\"><strong data-start=\"1114\" data-end=\"1137\">Dob\u00edjec\u00ed typ C<\/strong> - Rychl\u00e9 a pohodln\u00e9 nab\u00edjen\u00ed.<\/p><\/li>\n\n\n\n<li><p data-start=\"1171\" data-end=\"1236\"><strong data-start=\"1171\" data-end=\"1191\">Mo\u017enosti nikotinu<\/strong> - 0%, 2%, 5%, aby vyhovovaly r\u016fzn\u00fdm preferenc\u00edm.<\/p><\/li>\n\n\n\n<li><p data-start=\"1239\" data-end=\"1304\"><strong data-start=\"1239\" data-end=\"1257\">P\u0159enosn\u00e9 sestaven\u00ed<\/strong> - Lehk\u00fd 105 g pro snadn\u00e9 pou\u017eit\u00ed na cest\u00e1ch.<\/p><\/li>\n<\/ul>\n\n\n\n<h3 class=\"wp-block-heading\"><strong data-start=\"1492\" data-end=\"1509\">Pro koho je ur\u010dena?<\/strong><\/h3>\n\n\n\n<ul class=\"wp-block-list\">\n<li>Dlouhodob\u00ed vape\u0159i, kte\u0159\u00ed cht\u011bj\u00ed pou\u017e\u00edvat del\u0161\u00ed dobu bez \u010dast\u00e9 v\u00fdm\u011bny.<\/li>\n\n\n\n<li>Vape\u0159i, kte\u0159\u00ed r\u00e1di experimentuj\u00ed s r\u016fzn\u00fdmi p\u0159\u00edchut\u011bmi.<\/li>\n\n\n\n<li>Ti, kte\u0159\u00ed pot\u0159ebuj\u00ed rychl\u00e9 a bezprobl\u00e9mov\u00e9 nab\u00edjen\u00ed pomoc\u00ed Type-C<\/li>\n<\/ul>\n\n\n\n<p>Nechte <strong data-start=\"1706\" data-end=\"1743\">Waspe Crystal 40k jednor\u00e1zov\u00e9 vape<\/strong> bude va\u0161\u00ed volbou pro dlouhotrvaj\u00edc\u00ed pot\u011b\u0161en\u00ed z vapov\u00e1n\u00ed, proto\u017ee nab\u00edz\u00ed hladkou a uspokojivou p\u00e1ru, kter\u00e1 je ide\u00e1ln\u00ed pro ka\u017edodenn\u00ed pou\u017eit\u00ed!<\/p>\n\n\n\n<p>Objevte pr\u00e9miov\u00fd vaping na <a href=\"https:\/\/vapemaison.com\/\">VapeMaison<\/a>, v\u00e1\u0161 c\u00edl pro kvalitu a inovace. Prozkoumejte na\u0161i kompletn\u00ed nab\u00eddku na <a href=\"https:\/\/vapemaison.com\/shop\/\">Obchod<\/a> nebo se pod\u00edvejte na popul\u00e1rn\u00ed <a href=\"https:\/\/vapemaison.com\/brand\/bang\/\">Bang<\/a> a <a href=\"https:\/\/vapemaison.com\/brand\/waspe\/\">WASPE<\/a> produkty, kter\u00e9 si obl\u00edbili v\u0161ichni vape\u0159i. Hled\u00e1te dal\u0161\u00ed mo\u017enosti? Prohl\u00e9dn\u011bte si v\u0161echny na\u0161e <a href=\"https:\/\/vapemaison.com\/product-category\/puffs-count\/\">Puffy<\/a> za\u0159\u00edzen\u00ed, abyste na\u0161li ide\u00e1ln\u00ed vape pro sv\u016fj styl a vkus.<\/p>\n\n\n\n<p><\/p>","protected":false},"excerpt":{"rendered":"<p>The Waspe 40000 is designed for long-lasting performance and clean, consistent flavor. Offering up to 40k puffs, dual built-in flavors, and a rechargeable system, it delivers a reliable, high-capacity vaping experience in a compact form. With 32mL of e-liquid and a 0.9\u03a9 + 0.9\u03a9 mesh dual-coil structure, the Crystal 40k produces smooth, rich vapor from [&hellip;]<\/p>\n","protected":false},"featured_media":7304,"comment_status":"open","ping_status":"closed","template":"","meta":[],"product_brand":[59],"product_cat":[135],"product_tag":[],"class_list":{"0":"post-20167","1":"product","2":"type-product","3":"status-publish","4":"has-post-thumbnail","6":"product_brand-waspe","7":"product_cat-40k-puffs","9":"first","10":"instock","11":"sale","12":"shipping-taxable","13":"purchasable","14":"product-type-variable"},"yoast_head":"<!-- This site is optimized with the Yoast SEO plugin v27.4 - https:\/\/yoast.com\/product\/yoast-seo-wordpress\/ -->\n<title>Waspe 40000 | Waspe Crystal 40k Vape<\/title>\n<meta name=\"description\" content=\"Discover the Waspe 40000 Disposable Vape with 40k puffs, dual flavors, and Type-C rechargeable design. Perfect for long-lasting satisfaction.\" \/>\n<meta name=\"robots\" content=\"index, follow, max-snippet:-1, max-image-preview:large, max-video-preview:-1\" \/>\n<link rel=\"canonical\" href=\"https:\/\/vapemaison.com\/cs\/produkt\/waspe-40000-crystal-40k-vape\/\" \/>\n<meta property=\"og:locale\" content=\"cs_CZ\" \/>\n<meta property=\"og:type\" content=\"article\" \/>\n<meta property=\"og:title\" content=\"Waspe 40000 | Waspe Crystal 40k Vape\" \/>\n<meta property=\"og:description\" content=\"Discover the Waspe 40000 Disposable Vape with 40k puffs, dual flavors, and Type-C rechargeable design. Perfect for long-lasting satisfaction.\" \/>\n<meta property=\"og:url\" content=\"https:\/\/vapemaison.com\/cs\/produkt\/waspe-40000-crystal-40k-vape\/\" \/>\n<meta property=\"og:site_name\" content=\"VapeMaison\" \/>\n<meta property=\"article:modified_time\" content=\"2026-02-23T15:52:57+00:00\" \/>\n<meta property=\"og:image\" content=\"https:\/\/vapemaison.com\/wp-content\/uploads\/2025\/10\/40000.jpg\" \/>\n\t<meta property=\"og:image:width\" content=\"1600\" \/>\n\t<meta property=\"og:image:height\" content=\"1600\" \/>\n\t<meta property=\"og:image:type\" content=\"image\/jpeg\" \/>\n<meta name=\"twitter:card\" content=\"summary_large_image\" \/>\n<meta name=\"twitter:label1\" content=\"Odhadovan\u00e1 doba \u010dten\u00ed\" \/>\n\t<meta name=\"twitter:data1\" content=\"2 minuty\" \/>\n<!-- \/ Yoast SEO plugin. -->","yoast_head_json":{"title":"Waspe 40000 | Waspe Crystal 40k Vape","description":"Objevte jednor\u00e1zov\u00fd vape Waspe 40000 se 40 tis\u00edci \u0161luky, dv\u011bma p\u0159\u00edchut\u011bmi a dob\u00edjec\u00edm designem typu C. Ide\u00e1ln\u00ed pro dlouhotrvaj\u00edc\u00ed spokojenost.","robots":{"index":"index","follow":"follow","max-snippet":"max-snippet:-1","max-image-preview":"max-image-preview:large","max-video-preview":"max-video-preview:-1"},"canonical":"https:\/\/vapemaison.com\/cs\/produkt\/waspe-40000-crystal-40k-vape\/","og_locale":"cs_CZ","og_type":"article","og_title":"Waspe 40000 | Waspe Crystal 40k Vape","og_description":"Discover the Waspe 40000 Disposable Vape with 40k puffs, dual flavors, and Type-C rechargeable design. Perfect for long-lasting satisfaction.","og_url":"https:\/\/vapemaison.com\/cs\/produkt\/waspe-40000-crystal-40k-vape\/","og_site_name":"VapeMaison","article_modified_time":"2026-02-23T15:52:57+00:00","og_image":[{"width":1600,"height":1600,"url":"https:\/\/vapemaison.com\/wp-content\/uploads\/2025\/10\/40000.jpg","type":"image\/jpeg"}],"twitter_card":"summary_large_image","twitter_misc":{"Odhadovan\u00e1 doba \u010dten\u00ed":"2 minuty"},"schema":{"@context":"https:\/\/schema.org","@graph":[{"@type":"WebPage","@id":"https:\/\/vapemaison.com\/product\/waspe-40000-crystal-40k-vape\/","url":"https:\/\/vapemaison.com\/product\/waspe-40000-crystal-40k-vape\/","name":"Waspe 40000 | Waspe Crystal 40k Vape","isPartOf":{"@id":"https:\/\/vapemaison.com\/#website"},"primaryImageOfPage":{"@id":"https:\/\/vapemaison.com\/product\/waspe-40000-crystal-40k-vape\/#primaryimage"},"image":{"@id":"https:\/\/vapemaison.com\/product\/waspe-40000-crystal-40k-vape\/#primaryimage"},"thumbnailUrl":"https:\/\/vapemaison.com\/wp-content\/uploads\/2025\/10\/40000.jpg","datePublished":"2025-12-22T08:00:15+00:00","dateModified":"2026-02-23T15:52:57+00:00","description":"Objevte jednor\u00e1zov\u00fd vape Waspe 40000 se 40 tis\u00edci \u0161luky, dv\u011bma p\u0159\u00edchut\u011bmi a dob\u00edjec\u00edm designem typu C. Ide\u00e1ln\u00ed pro dlouhotrvaj\u00edc\u00ed spokojenost.","breadcrumb":{"@id":"https:\/\/vapemaison.com\/product\/waspe-40000-crystal-40k-vape\/#breadcrumb"},"inLanguage":"cs","potentialAction":[{"@type":"ReadAction","target":["https:\/\/vapemaison.com\/product\/waspe-40000-crystal-40k-vape\/"]}]},{"@type":"ImageObject","inLanguage":"cs","@id":"https:\/\/vapemaison.com\/product\/waspe-40000-crystal-40k-vape\/#primaryimage","url":"https:\/\/vapemaison.com\/wp-content\/uploads\/2025\/10\/40000.jpg","contentUrl":"https:\/\/vapemaison.com\/wp-content\/uploads\/2025\/10\/40000.jpg","width":1600,"height":1600},{"@type":"BreadcrumbList","@id":"https:\/\/vapemaison.com\/product\/waspe-40000-crystal-40k-vape\/#breadcrumb","itemListElement":[{"@type":"ListItem","position":1,"name":"\u9996\u9875","item":"https:\/\/vapemaison.com\/"},{"@type":"ListItem","position":2,"name":"Shop","item":"https:\/\/vapemaison.com\/shop\/"},{"@type":"ListItem","position":3,"name":"Waspe","item":"https:\/\/vapemaison.com\/brand\/waspe\/"},{"@type":"ListItem","position":4,"name":"Waspe 40000 | Crystal 40k Vape"}]},{"@type":"WebSite","@id":"https:\/\/vapemaison.com\/#website","url":"https:\/\/vapemaison.com\/","name":"VapeMaison","description":"Pr\u00e9miov\u00e1 vapingov\u00e1 za\u0159\u00edzen\u00ed a p\u0159\u00edslu\u0161enstv\u00ed","publisher":{"@id":"https:\/\/vapemaison.com\/#organization"},"potentialAction":[{"@type":"SearchAction","target":{"@type":"EntryPoint","urlTemplate":"https:\/\/vapemaison.com\/?s={search_term_string}"},"query-input":{"@type":"PropertyValueSpecification","valueRequired":true,"valueName":"search_term_string"}}],"inLanguage":"cs"},{"@type":"Organization","@id":"https:\/\/vapemaison.com\/#organization","name":"VapeMaison","url":"https:\/\/vapemaison.com\/","logo":{"@type":"ImageObject","inLanguage":"cs","@id":"https:\/\/vapemaison.com\/#\/schema\/logo\/image\/","url":"https:\/\/vapemaison.com\/wp-content\/uploads\/2026\/01\/cropped-vapemaison-logo-g-2026.webp","contentUrl":"https:\/\/vapemaison.com\/wp-content\/uploads\/2026\/01\/cropped-vapemaison-logo-g-2026.webp","width":350,"height":280,"caption":"VapeMaison"},"image":{"@id":"https:\/\/vapemaison.com\/#\/schema\/logo\/image\/"},"sameAs":["https:\/\/www.youtube.com\/@VapeMaison"]}]}},"tiered_pricing_type":"fixed","tiered_pricing_fixed_rules":{"30":"11.99","50":"11.29","100":"10.56","200":"9.98"},"tiered_pricing_product_settings":{"layout":"default","base_unit_name":{"singular":null,"plural":null},"default_variation":null},"tiered_pricing_minimum_quantity":10,"tiered_pricing_roles_data":[],"tiered_pricing_percentage_rules":[],"tiered_pricing_maximum_quantity":null,"tiered_pricing_quantity_step":"10","_links":{"self":[{"href":"https:\/\/vapemaison.com\/cs\/wp-json\/wp\/v2\/product\/20167","targetHints":{"allow":["GET"]}}],"collection":[{"href":"https:\/\/vapemaison.com\/cs\/wp-json\/wp\/v2\/product"}],"about":[{"href":"https:\/\/vapemaison.com\/cs\/wp-json\/wp\/v2\/types\/product"}],"replies":[{"embeddable":true,"href":"https:\/\/vapemaison.com\/cs\/wp-json\/wp\/v2\/comments?post=20167"}],"version-history":[{"count":1,"href":"https:\/\/vapemaison.com\/cs\/wp-json\/wp\/v2\/product\/20167\/revisions"}],"predecessor-version":[{"id":27178,"href":"https:\/\/vapemaison.com\/cs\/wp-json\/wp\/v2\/product\/20167\/revisions\/27178"}],"wp:featuredmedia":[{"embeddable":true,"href":"https:\/\/vapemaison.com\/cs\/wp-json\/wp\/v2\/media\/7304"}],"wp:attachment":[{"href":"https:\/\/vapemaison.com\/cs\/wp-json\/wp\/v2\/media?parent=20167"}],"wp:term":[{"taxonomy":"product_brand","embeddable":true,"href":"https:\/\/vapemaison.com\/cs\/wp-json\/wp\/v2\/product_brand?post=20167"},{"taxonomy":"product_cat","embeddable":true,"href":"https:\/\/vapemaison.com\/cs\/wp-json\/wp\/v2\/product_cat?post=20167"},{"taxonomy":"product_tag","embeddable":true,"href":"https:\/\/vapemaison.com\/cs\/wp-json\/wp\/v2\/product_tag?post=20167"}],"curies":[{"name":"wp","href":"https:\/\/api.w.org\/{rel}","templated":true}]}}