

{"id":20204,"date":"2025-12-22T08:00:18","date_gmt":"2025-12-22T08:00:18","guid":{"rendered":"https:\/\/vapemaison.com\/?post_type=product&#038;p=20204"},"modified":"2026-05-07T12:34:01","modified_gmt":"2026-05-07T12:34:01","slug":"waspe-100k-puffs-jednorazove-vape-s-nizkym-obsahem-nikotinu","status":"publish","type":"product","link":"https:\/\/vapemaison.com\/cs\/product\/waspe-100k-puffs-disposable-vape-low-nicotine\/","title":{"rendered":"WASPE 100k Puffs Jednor\u00e1zov\u00e1 vape s n\u00edzk\u00fdm obsahem nikotinu"},"content":{"rendered":"<p>Vyzkou\u0161ejte \u010dty\u0159i p\u0159\u00edchut\u011b v jednom v\u00fdkonn\u00e9m za\u0159\u00edzen\u00ed. Na <strong>WASPE p\u0159\u00edchu\u0165 4 v 1 100000 puff\u016f<\/strong> je navr\u017een pro vapery, kte\u0159\u00ed cht\u011bj\u00ed dlouhou \u017eivotnost, siln\u00fd v\u00fdkon a okam\u017eitou zm\u011bnu chuti. S a\u017e <strong>100 000 vdech\u016f<\/strong>, a <strong>dob\u00edjec\u00ed syst\u00e9m<\/strong>, a <strong>v\u00fdb\u011br \u010dty\u0159 p\u0159\u00edchut\u00ed<\/strong>, toto za\u0159\u00edzen\u00ed nab\u00edz\u00ed maxim\u00e1ln\u00ed pohodl\u00ed bez nutnosti nosit s sebou v\u00edce vapes.<\/p>\n\n\n\n<p>K dispozici pro <strong>velkoobchodn\u00ed a hromadn\u00e9 objedn\u00e1vky<\/strong> prost\u0159ednictv\u00edm spole\u010dnosti Gleevape, kter\u00e9 d\u016fv\u011b\u0159uj\u00ed prodejci a distributo\u0159i v cel\u00e9 Evrop\u011b.<\/p>\n\n\n\n<p>Za\u0159\u00edzen\u00ed je vybaveno <strong>Syst\u00e9m p\u0159ep\u00edn\u00e1n\u00ed 4 p\u0159\u00edchut\u00ed<\/strong>, co\u017e v\u00e1m umo\u017en\u00ed kdykoli st\u0159\u00eddat \u010dty\u0159i p\u0159ednastaven\u00e9 p\u0159\u00edchut\u011b bez nutnosti pou\u017eit\u00ed kapsl\u00ed nebo dopl\u0148ov\u00e1n\u00ed. Je zkonstruov\u00e1na pro mimo\u0159\u00e1dn\u011b dlouh\u00e9 pou\u017e\u00edv\u00e1n\u00ed a poskytuje a\u017e <strong>100 tis\u00edc obl\u00e1\u010dk\u016f<\/strong> se stabiln\u00edm v\u00fdparem od prvn\u00edho do posledn\u00edho tahu. Nap\u00e1jen\u00ed pomoc\u00ed <strong>Nab\u00edjec\u00ed baterie s kapacitou 650 mAh<\/strong> s rychl\u00fdm nab\u00edjen\u00edm typu C zaji\u0161\u0165uje nep\u0159etr\u017eit\u00fd v\u00fdkon, zat\u00edmco <strong>1,0\u03a9 c\u00edvky se \u010dty\u0159mi oky<\/strong> poskytuj\u00ed bohatou chu\u0165, hladk\u00e9 potahy v krku a hustou p\u00e1ru. S velkorys\u00fdm <strong>56 ml celkov\u00e9 kapacity e-liquidu<\/strong> a n\u011bkolik mo\u017enost\u00ed nikotinu (0%, 2% nebo 5%), tato vape spl\u0148uje osobn\u00ed i tr\u017en\u00ed pot\u0159eby. D\u00edky kompaktn\u00edmu balen\u00ed je tak\u00e9 ide\u00e1ln\u00ed pro velkoobchod, hromadn\u00e9 z\u00e1silky a maloobchodn\u00ed prodej.<\/p>\n\n\n\n<h3 class=\"wp-block-heading\"><strong>Pro\u010d si maloobchodn\u00edci vyb\u00edraj\u00ed WASPE 4 v 1<\/strong><\/h3>\n\n\n\n<ul class=\"wp-block-list\">\n<li>Lep\u0161\u00ed hodnota na za\u0159\u00edzen\u00ed<\/li>\n\n\n\n<li>Vysok\u00e1 m\u00edra opakovan\u00fdch n\u00e1kup\u016f z\u00e1kazn\u00edk\u016f<\/li>\n\n\n\n<li>\u010cty\u0159i p\u0159\u00edchut\u011b v jednom = ni\u017e\u0161\u00ed tlak SKU<\/li>\n\n\n\n<li>Ide\u00e1ln\u00ed pro obchody, kiosky a online vape shopy<\/li>\n<\/ul>\n\n\n\n<h3 class=\"wp-block-heading\"><strong>Sady p\u0159\u00edchut\u00ed 4 v 1 WASPE<\/strong><\/h3>\n\n\n\n<p>Vyberte si z 12 vybran\u00fdch kombinac\u00ed chut\u00ed, z nich\u017e ka\u017ed\u00e1 nab\u00edz\u00ed \u010dty\u0159i jedine\u010dn\u00e9 sm\u011bsi:<\/p>\n\n\n\n<ol class=\"wp-block-list\">\n<li>Melounov\u00fd led \/ Jahodov\u00e9 kiwi \/ Malinov\u00fd meloun \/ Citronov\u00e1 limetka<\/li>\n\n\n\n<li>Jahodov\u00fd meloun \/ Pan Modr\u00fd \/ Hroznov\u00fd led \/ Duhov\u00e9 bonbony<\/li>\n\n\n\n<li>Red Bull Ice \/ Ban\u00e1nov\u00fd led \/ Ananasov\u00fd kokosov\u00fd led \/ Trojit\u00fd mangov\u00fd led<\/li>\n\n\n\n<li>Jahoda Malina T\u0159e\u0161e\u0148 \/ Crazy Cherry Ice \/ Blue Cherry Ice \/ Cola Ice<\/li>\n\n\n\n<li>Jahodov\u00fd ban\u00e1n \/ Jahodov\u00fd Red Bull \/ Jahodov\u00e9 mango \/ R\u016f\u017eov\u00e1 limon\u00e1da<\/li>\n\n\n\n<li>Bor\u016fvkov\u00fd led \/ \u010cern\u00fd ryt\u00ed\u0159 \/ Jahodov\u00fd led \/ Jahodov\u00fd meloun<\/li>\n\n\n\n<li>Cherry Cola Ice \/ Strawberry Cherry Ice \/ Strawberry Cola Ice \/ Strawberry Watermelon Bubblegum<\/li>\n\n\n\n<li>\u0160\u0165avnat\u00fd broskvov\u00fd led \/ Tropick\u00e9 ovoce \/ Ovocn\u00fd v\u00fdbuch \/ Broskvov\u00e9 bobule<\/li>\n\n\n\n<li>Hroznov\u00fd led \/ Jahoda Kiwi \/ Jahoda Malina T\u0159e\u0161e\u0148 \/ \u010cern\u00fd ryt\u00ed\u0159<\/li>\n\n\n\n<li>Sm\u00ed\u0161en\u00e9 bobule \/ Dvojit\u00fd jable\u010dn\u00fd led \/ Bor\u016fvka malina \/ Bor\u016fvkov\u00fd med<\/li>\n\n\n\n<li>Jahodov\u00fd Red Bull \/ Jahodov\u00fd meloun Bubblegum \/ Red Bull Ice \/ Cherry Cola Ice<\/li>\n\n\n\n<li>Bor\u016fvkov\u00e1 malinov\u00e1 \/ bor\u016fvkov\u00e1 limon\u00e1da \/ sm\u011bs bobul\u00ed \/ hroznov\u00fd medov\u00fd led<\/li>\n<\/ol>\n\n\n\n<h2 class=\"wp-block-heading\"><strong>Specifikace<\/strong><\/h2>\n\n\n\n<ul class=\"wp-block-list\">\n<li><strong>S\u00edla nikotinu:<\/strong> 0% \/ 2% \/ 5%<\/li>\n\n\n\n<li><strong>Baterie:<\/strong> 650 mAh (dob\u00edjec\u00ed)<\/li>\n\n\n\n<li><strong>C\u00edvka:<\/strong> 1,0\u03a9 Quad Mesh<\/li>\n\n\n\n<li><strong>Nab\u00edjec\u00ed port:<\/strong> Typ C<\/li>\n\n\n\n<li><strong>Objem e-liquidu:<\/strong> 56 ml<\/li>\n\n\n\n<li><strong>Velikost za\u0159\u00edzen\u00ed:<\/strong> 47 \u00d7 47 \u00d7 118 mm<\/li>\n\n\n\n<li><strong>Hmotnost:<\/strong> 142g<\/li>\n\n\n\n<li><strong>Balen\u00ed:<\/strong> 10 za\u0159\u00edzen\u00ed\/krabice; 160 za\u0159\u00edzen\u00ed\/karton<\/li>\n\n\n\n<li><strong>Hrub\u00e1 hmotnost\/karton:<\/strong> 23 kg<\/li>\n<\/ul>\n\n\n\n<p>Objevte pr\u00e9miov\u00fd vaping na <a href=\"https:\/\/vapemaison.com\/\">VapeMaison<\/a>, v\u00e1\u0161 c\u00edl pro kvalitu a inovace. Prozkoumejte na\u0161i kompletn\u00ed nab\u00eddku na <a href=\"https:\/\/vapemaison.com\/shop\/\">Obchod<\/a> nebo se pod\u00edvejte na popul\u00e1rn\u00ed <a href=\"https:\/\/vapemaison.com\/brand\/bang\/\">Bang<\/a> a <a href=\"https:\/\/vapemaison.com\/brand\/waspe\/\">WASPE<\/a> produkty, kter\u00e9 si obl\u00edbili v\u0161ichni vape\u0159i. Hled\u00e1te dal\u0161\u00ed mo\u017enosti? Prohl\u00e9dn\u011bte si v\u0161echny na\u0161e <a href=\"https:\/\/vapemaison.com\/product-category\/puffs-count\/\">Puffy<\/a> za\u0159\u00edzen\u00ed, abyste na\u0161li ide\u00e1ln\u00ed vape pro sv\u016fj styl a vkus, nebo se pod\u00edvejte na jejich obl\u00edben\u00e1 <strong><a href=\"https:\/\/vapemaison.com\/product-category\/hot-series\/\">nejprod\u00e1van\u011bj\u0161\u00ed<\/a><\/strong> sb\u00edrky.<\/p>\n\n\n\n<p><\/p>","protected":false},"excerpt":{"rendered":"<p>Za\u017eijte dokonal\u00e9 pohodl\u00ed a chu\u0165 s <strong data-start=\"190\" data-end=\"226\">WASPE p\u0159\u00edchu\u0165 4 v 1 100000 puff\u016f<\/strong>. Tato v\u00fdkonn\u00e1 jednor\u00e1zov\u00e1 vapka umo\u017e\u0148uje kdykoli p\u0159ep\u00ednat mezi \u010dty\u0159mi lahodn\u00fdmi p\u0159\u00edchut\u011bmi a z\u00e1rove\u0148 poskytuje a\u017e 100 000 \u0161luk\u016f hladk\u00e9 a konzistentn\u00ed p\u00e1ry. Je kompaktn\u00ed, dob\u00edjec\u00ed a bezprobl\u00e9mov\u00fd a je ur\u010den pro vapery, kte\u0159\u00ed si cen\u00ed rozmanitosti, dlouhotrvaj\u00edc\u00edho v\u00fdkonu a bezprobl\u00e9mov\u00e9ho po\u017eitku z jedin\u00e9ho za\u0159\u00edzen\u00ed.<\/p>","protected":false},"featured_media":9504,"comment_status":"open","ping_status":"closed","template":"","meta":[],"product_brand":[59],"product_cat":[151,142],"product_tag":[],"class_list":{"0":"post-20204","1":"product","2":"type-product","3":"status-publish","4":"has-post-thumbnail","6":"product_brand-waspe","7":"product_cat-100k-puffs","8":"product_cat-eu-stock","10":"first","11":"instock","12":"sale","13":"shipping-taxable","14":"purchasable","15":"product-type-variable"},"yoast_head":"<!-- This site is optimized with the Yoast SEO plugin v27.4 - https:\/\/yoast.com\/product\/yoast-seo-wordpress\/ -->\n<title>WASPE 100k Puffs Disposable Vape Low Nicotine<\/title>\n<meta name=\"description\" content=\"WASPE 100k Puffs\u00a0is a rechargeable vape featuring four switchable flavors, a 650mAh battery,your trusted European low-nicotine vape supplier.\" \/>\n<meta name=\"robots\" content=\"index, follow, max-snippet:-1, max-image-preview:large, max-video-preview:-1\" \/>\n<link rel=\"canonical\" href=\"https:\/\/vapemaison.com\/cs\/produkt\/waspe-100k-puffs-jednorazove-vape-s-nizkym-obsahem-nikotinu\/\" \/>\n<meta property=\"og:locale\" content=\"cs_CZ\" \/>\n<meta property=\"og:type\" content=\"article\" \/>\n<meta property=\"og:title\" content=\"WASPE 100k Puffs Disposable Vape Low Nicotine\" \/>\n<meta property=\"og:description\" content=\"WASPE 100k Puffs\u00a0is a rechargeable vape featuring four switchable flavors, a 650mAh battery,your trusted European low-nicotine vape supplier.\" \/>\n<meta property=\"og:url\" content=\"https:\/\/vapemaison.com\/cs\/produkt\/waspe-100k-puffs-jednorazove-vape-s-nizkym-obsahem-nikotinu\/\" \/>\n<meta property=\"og:site_name\" content=\"VapeMaison\" \/>\n<meta property=\"article:modified_time\" content=\"2026-05-07T12:34:01+00:00\" \/>\n<meta property=\"og:image\" content=\"https:\/\/vapemaison.com\/wp-content\/uploads\/2025\/10\/waspe-100000-puffs-flavor-picture-5.jpg\" \/>\n\t<meta property=\"og:image:width\" content=\"1500\" \/>\n\t<meta property=\"og:image:height\" content=\"1500\" \/>\n\t<meta property=\"og:image:type\" content=\"image\/jpeg\" \/>\n<meta name=\"twitter:card\" content=\"summary_large_image\" \/>\n<meta name=\"twitter:label1\" content=\"Odhadovan\u00e1 doba \u010dten\u00ed\" \/>\n\t<meta name=\"twitter:data1\" content=\"3 minuty\" \/>\n<!-- \/ Yoast SEO plugin. -->","yoast_head_json":{"title":"WASPE 100k Puffs Jednor\u00e1zov\u00e1 vape s n\u00edzk\u00fdm obsahem nikotinu","description":"WASPE 100k Puffs je dob\u00edjec\u00ed vape se \u010dty\u0159mi p\u0159ep\u00ednateln\u00fdmi p\u0159\u00edchut\u011bmi, bateri\u00ed 650mAh, v\u00e1\u0161 d\u016fv\u011bryhodn\u00fd evropsk\u00fd dodavatel vape s n\u00edzk\u00fdm obsahem nikotinu.","robots":{"index":"index","follow":"follow","max-snippet":"max-snippet:-1","max-image-preview":"max-image-preview:large","max-video-preview":"max-video-preview:-1"},"canonical":"https:\/\/vapemaison.com\/cs\/produkt\/waspe-100k-puffs-jednorazove-vape-s-nizkym-obsahem-nikotinu\/","og_locale":"cs_CZ","og_type":"article","og_title":"WASPE 100k Puffs Disposable Vape Low Nicotine","og_description":"WASPE 100k Puffs\u00a0is a rechargeable vape featuring four switchable flavors, a 650mAh battery,your trusted European low-nicotine vape supplier.","og_url":"https:\/\/vapemaison.com\/cs\/produkt\/waspe-100k-puffs-jednorazove-vape-s-nizkym-obsahem-nikotinu\/","og_site_name":"VapeMaison","article_modified_time":"2026-05-07T12:34:01+00:00","og_image":[{"width":1500,"height":1500,"url":"https:\/\/vapemaison.com\/wp-content\/uploads\/2025\/10\/waspe-100000-puffs-flavor-picture-5.jpg","type":"image\/jpeg"}],"twitter_card":"summary_large_image","twitter_misc":{"Odhadovan\u00e1 doba \u010dten\u00ed":"3 minuty"},"schema":{"@context":"https:\/\/schema.org","@graph":[{"@type":"WebPage","@id":"https:\/\/vapemaison.com\/product\/waspe-100k-puffs-disposable-vape-low-nicotine\/","url":"https:\/\/vapemaison.com\/product\/waspe-100k-puffs-disposable-vape-low-nicotine\/","name":"WASPE 100k Puffs Jednor\u00e1zov\u00e1 vape s n\u00edzk\u00fdm obsahem nikotinu","isPartOf":{"@id":"https:\/\/vapemaison.com\/#website"},"primaryImageOfPage":{"@id":"https:\/\/vapemaison.com\/product\/waspe-100k-puffs-disposable-vape-low-nicotine\/#primaryimage"},"image":{"@id":"https:\/\/vapemaison.com\/product\/waspe-100k-puffs-disposable-vape-low-nicotine\/#primaryimage"},"thumbnailUrl":"https:\/\/vapemaison.com\/wp-content\/uploads\/2025\/10\/waspe-100000-puffs-flavor-picture-5.jpg","datePublished":"2025-12-22T08:00:18+00:00","dateModified":"2026-05-07T12:34:01+00:00","description":"WASPE 100k Puffs je dob\u00edjec\u00ed vape se \u010dty\u0159mi p\u0159ep\u00ednateln\u00fdmi p\u0159\u00edchut\u011bmi, bateri\u00ed 650mAh, v\u00e1\u0161 d\u016fv\u011bryhodn\u00fd evropsk\u00fd dodavatel vape s n\u00edzk\u00fdm obsahem nikotinu.","breadcrumb":{"@id":"https:\/\/vapemaison.com\/product\/waspe-100k-puffs-disposable-vape-low-nicotine\/#breadcrumb"},"inLanguage":"cs","potentialAction":[{"@type":"ReadAction","target":["https:\/\/vapemaison.com\/product\/waspe-100k-puffs-disposable-vape-low-nicotine\/"]}]},{"@type":"ImageObject","inLanguage":"cs","@id":"https:\/\/vapemaison.com\/product\/waspe-100k-puffs-disposable-vape-low-nicotine\/#primaryimage","url":"https:\/\/vapemaison.com\/wp-content\/uploads\/2025\/10\/waspe-100000-puffs-flavor-picture-5.jpg","contentUrl":"https:\/\/vapemaison.com\/wp-content\/uploads\/2025\/10\/waspe-100000-puffs-flavor-picture-5.jpg","width":1500,"height":1500,"caption":"Waspe Puffs Flavor Picture Disposable Vape Device design 2"},{"@type":"BreadcrumbList","@id":"https:\/\/vapemaison.com\/product\/waspe-100k-puffs-disposable-vape-low-nicotine\/#breadcrumb","itemListElement":[{"@type":"ListItem","position":1,"name":"\u9996\u9875","item":"https:\/\/vapemaison.com\/"},{"@type":"ListItem","position":2,"name":"Shop","item":"https:\/\/vapemaison.com\/shop\/"},{"@type":"ListItem","position":3,"name":"Waspe","item":"https:\/\/vapemaison.com\/brand\/waspe\/"},{"@type":"ListItem","position":4,"name":"WASPE 100k Puffs Disposable Vape Low Nicotine"}]},{"@type":"WebSite","@id":"https:\/\/vapemaison.com\/#website","url":"https:\/\/vapemaison.com\/","name":"VapeMaison","description":"Pr\u00e9miov\u00e1 vapingov\u00e1 za\u0159\u00edzen\u00ed a p\u0159\u00edslu\u0161enstv\u00ed","publisher":{"@id":"https:\/\/vapemaison.com\/#organization"},"potentialAction":[{"@type":"SearchAction","target":{"@type":"EntryPoint","urlTemplate":"https:\/\/vapemaison.com\/?s={search_term_string}"},"query-input":{"@type":"PropertyValueSpecification","valueRequired":true,"valueName":"search_term_string"}}],"inLanguage":"cs"},{"@type":"Organization","@id":"https:\/\/vapemaison.com\/#organization","name":"VapeMaison","url":"https:\/\/vapemaison.com\/","logo":{"@type":"ImageObject","inLanguage":"cs","@id":"https:\/\/vapemaison.com\/#\/schema\/logo\/image\/","url":"https:\/\/vapemaison.com\/wp-content\/uploads\/2026\/01\/cropped-vapemaison-logo-g-2026.webp","contentUrl":"https:\/\/vapemaison.com\/wp-content\/uploads\/2026\/01\/cropped-vapemaison-logo-g-2026.webp","width":350,"height":280,"caption":"VapeMaison"},"image":{"@id":"https:\/\/vapemaison.com\/#\/schema\/logo\/image\/"},"sameAs":["https:\/\/www.youtube.com\/@VapeMaison"]}]}},"tiered_pricing_type":"fixed","tiered_pricing_fixed_rules":{"30":"11.88","50":"11.42","100":"10.88","200":"9.98"},"tiered_pricing_product_settings":{"layout":"default","base_unit_name":{"singular":null,"plural":null},"default_variation":null},"tiered_pricing_minimum_quantity":10,"tiered_pricing_roles_data":[],"tiered_pricing_percentage_rules":[],"tiered_pricing_maximum_quantity":null,"tiered_pricing_quantity_step":"10","_links":{"self":[{"href":"https:\/\/vapemaison.com\/cs\/wp-json\/wp\/v2\/product\/20204","targetHints":{"allow":["GET"]}}],"collection":[{"href":"https:\/\/vapemaison.com\/cs\/wp-json\/wp\/v2\/product"}],"about":[{"href":"https:\/\/vapemaison.com\/cs\/wp-json\/wp\/v2\/types\/product"}],"replies":[{"embeddable":true,"href":"https:\/\/vapemaison.com\/cs\/wp-json\/wp\/v2\/comments?post=20204"}],"version-history":[{"count":0,"href":"https:\/\/vapemaison.com\/cs\/wp-json\/wp\/v2\/product\/20204\/revisions"}],"wp:featuredmedia":[{"embeddable":true,"href":"https:\/\/vapemaison.com\/cs\/wp-json\/wp\/v2\/media\/9504"}],"wp:attachment":[{"href":"https:\/\/vapemaison.com\/cs\/wp-json\/wp\/v2\/media?parent=20204"}],"wp:term":[{"taxonomy":"product_brand","embeddable":true,"href":"https:\/\/vapemaison.com\/cs\/wp-json\/wp\/v2\/product_brand?post=20204"},{"taxonomy":"product_cat","embeddable":true,"href":"https:\/\/vapemaison.com\/cs\/wp-json\/wp\/v2\/product_cat?post=20204"},{"taxonomy":"product_tag","embeddable":true,"href":"https:\/\/vapemaison.com\/cs\/wp-json\/wp\/v2\/product_tag?post=20204"}],"curies":[{"name":"wp","href":"https:\/\/api.w.org\/{rel}","templated":true}]}}